{"id":12309,"date":"2016-12-23T10:02:26","date_gmt":"2016-12-23T09:02:26","guid":{"rendered":"http:\/\/www.josemariatornay.com\/?page_id=12309"},"modified":"2016-12-23T12:09:41","modified_gmt":"2016-12-23T11:09:41","slug":"los-retratos-de-chito","status":"publish","type":"page","link":"http:\/\/www.josemariatornay.com\/index.php\/los-retratos-de-chito\/","title":{"rendered":"Los retratos de Chito"},"content":{"rendered":"\t\t<div data-elementor-type=\"wp-page\" data-elementor-id=\"12309\" class=\"elementor elementor-12309 elementor-bc-flex-widget\">\n\t\t\t\t\t\t<section class=\"elementor-section elementor-top-section elementor-element elementor-element-u4251yy elementor-section-boxed elementor-section-height-default elementor-section-height-default\" data-id=\"u4251yy\" data-element_type=\"section\">\n\t\t\t\t\t\t<div class=\"elementor-container elementor-column-gap-default\">\n\t\t\t\t\t<div class=\"elementor-column elementor-col-100 elementor-top-column elementor-element elementor-element-b5y8ebv\" data-id=\"b5y8ebv\" data-element_type=\"column\">\n\t\t\t<div class=\"elementor-widget-wrap elementor-element-populated\">\n\t\t\t\t\t\t<div class=\"elementor-element elementor-element-3l8zg0d elementor-widget elementor-widget-image\" data-id=\"3l8zg0d\" data-element_type=\"widget\" data-widget_type=\"image.default\">\n\t\t\t\t<div class=\"elementor-widget-container\">\n\t\t\t<style>\/*! elementor - v3.20.0 - 20-03-2024 *\/\n.elementor-widget-image{text-align:center}.elementor-widget-image a{display:inline-block}.elementor-widget-image a img[src$=\".svg\"]{width:48px}.elementor-widget-image img{vertical-align:middle;display:inline-block}<\/style>\t\t\t\t\t\t\t\t\t\t<img fetchpriority=\"high\" decoding=\"async\" width=\"768\" height=\"513\" src=\"http:\/\/www.josemariatornay.com\/wp-content\/uploads\/2016\/12\/Yo-facebook-768x513.jpg\" class=\"attachment-medium_large size-medium_large wp-image-12319\" alt=\"\" srcset=\"http:\/\/www.josemariatornay.com\/wp-content\/uploads\/2016\/12\/Yo-facebook-768x513.jpg 768w, http:\/\/www.josemariatornay.com\/wp-content\/uploads\/2016\/12\/Yo-facebook-300x200.jpg 300w, http:\/\/www.josemariatornay.com\/wp-content\/uploads\/2016\/12\/Yo-facebook-1024x684.jpg 1024w, http:\/\/www.josemariatornay.com\/wp-content\/uploads\/2016\/12\/Yo-facebook.jpg 2048w\" sizes=\"(max-width: 768px) 100vw, 768px\" \/>\t\t\t\t\t\t\t\t\t\t\t\t\t<\/div>\n\t\t\t\t<\/div>\n\t\t\t\t<div class=\"elementor-element elementor-element-hu4jcwg elementor-widget elementor-widget-text-editor\" data-id=\"hu4jcwg\" data-element_type=\"widget\" data-widget_type=\"text-editor.default\">\n\t\t\t\t<div class=\"elementor-widget-container\">\n\t\t\t<style>\/*! elementor - v3.20.0 - 20-03-2024 *\/\n.elementor-widget-text-editor.elementor-drop-cap-view-stacked .elementor-drop-cap{background-color:#69727d;color:#fff}.elementor-widget-text-editor.elementor-drop-cap-view-framed .elementor-drop-cap{color:#69727d;border:3px solid;background-color:transparent}.elementor-widget-text-editor:not(.elementor-drop-cap-view-default) .elementor-drop-cap{margin-top:8px}.elementor-widget-text-editor:not(.elementor-drop-cap-view-default) .elementor-drop-cap-letter{width:1em;height:1em}.elementor-widget-text-editor .elementor-drop-cap{float:left;text-align:center;line-height:1;font-size:50px}.elementor-widget-text-editor .elementor-drop-cap-letter{display:inline-block}<\/style>\t\t\t\t<p>352.- Jos\u00e9 Mar\u00eda Tornay. Cada loco con sus temas<br \/>Era evidente lo necesario de que un personaje tan polifac\u00e9tico y tan v\u00e1lido como Jos\u00e9 Mar\u00eda Tornay anduviera por aqu\u00ed. Era evidente que escribir estas humildes pinceladas sobre su persona era una tarea tan dif\u00edcil como honor\u00edfica. Era evidente que a\u00fan sin conocerlo en profundidad, cualquier ronde\u00f1o de a pie, cualquier ronde\u00f1o de andar por casa puede decir sin miedo a equivocarse que es uno de esos ronde\u00f1os necesarios.<br \/>Jos\u00e9 Mar\u00eda Tornay es un alma polifac\u00e9tica capaz de todo y con habilidad para muchas cosas. En tiempos se dedic\u00f3 a la ense\u00f1anza y el mejor testimonio que queda de lo que fue como maestro es la opini\u00f3n de sus alumnos. Cada vez que me topo con uno de ellos y sale el nombre de Jos\u00e9 Mar\u00eda Tornay es como si una llama iluminara su cara y su coraz\u00f3n se llenara de caramelos aunque s\u00f3lo sea de recordar la tierna infancia y la fugaz adolescencia. <br \/>Ah\u00ed quedo su labor. Necesaria como la de todos los maestros. Importante como la de todos los educadores. Una labor que desarroll\u00f3 siempre con la humildad de quien se sabe poseedor de conocimientos que necesita transmitir. Una fuente manando sabidur\u00eda. A mi no me dio clase nunca, pero s\u00f3lo necesito ver la cara de quien ocupo un pupitre a su lado.<br \/>En el plano m\u00e1s art\u00edstico su validez va desde la pluma hasta la guitarra pasando por el rapsoda o el solista. Hombre completo y de inquietudes de las que enriquecen a un pueblo. <br \/>Durante muchos a\u00f1os ha estado en el TES y a d\u00eda de hoy sigue haciendo teatro y sigue inventando cosas: Entre amigos, La Plaza del amor\u2026 son tantas ideas y tantos nombres que quedan como simples amalgamas de palabras en el aire en comparaci\u00f3n de tanto hueco que han llenado y tanta cultura que han desprendido.<br \/>Jos\u00e9 Mar\u00eda es un enamorado de la m\u00fasica. Ayer, cuando le hice esta foto, lo estuve mirando. Observaba absorto la belleza de dos guitarras y un bajo sostenidos en los atriles con la cruda frialdad de la c\u00e1mara negra de un teatro. Con una gorrilla de marinero y media sonrisa se deleitaba con la escena como quien mira una obra de arte o un paisaje bonito. Para \u00e9l eso es su vida.<br \/>Lo veo moverse, comportarse, expresarse y es como si estuviera viendo a su alter ego, a Serrat. Un Serrat de lo m\u00e1s serrano y con acento andaluz. Lo veo hablar y a ratos, me gustar\u00eda parecerme a \u00e9l. S\u00f3lo que cuando llevas un rato mirando a Jos\u00e9 Mar\u00eda Tornay te das cuenta de que es \u00fanico e irrepetible. <br \/>Te das cuenta de que los bohemios todav\u00eda resisten el azote de los a\u00f1os y de la sociedad criminal que los cuestiona. Te das cuenta que la poes\u00eda todav\u00eda cabe en nos labios prestados.<br \/>Te das cuenta de que hay gente necesaria por lo que dice, por lo que piensa, por lo que hace\u2026o por las tres cosas.<br \/>No lo duden. Es su caso. El caso de Jos\u00e9 Mar\u00eda Tornay.<br \/>De comer dice que se qued\u00f3 en principio con el queso. Cualquier tipo de queso. Aunque luego se acord\u00f3 del marisco. Todo con una sonrisa. Todo con agrado. Todo como si hablar fuese so\u00f1ar con la boca.<br \/>Jos\u00e9 Mar\u00eda Tornay. Arte y sensibilidad.<\/p>\t\t\t\t\t\t<\/div>\n\t\t\t\t<\/div>\n\t\t\t\t\t<\/div>\n\t\t<\/div>\n\t\t\t\t\t<\/div>\n\t\t<\/section>\n\t\t\t\t<section class=\"elementor-section elementor-top-section elementor-element elementor-element-7k4qno3 elementor-section-boxed elementor-section-height-default elementor-section-height-default\" data-id=\"7k4qno3\" data-element_type=\"section\">\n\t\t\t\t\t\t<div class=\"elementor-container elementor-column-gap-default\">\n\t\t\t\t\t<div class=\"elementor-column elementor-col-100 elementor-top-column elementor-element elementor-element-s231610\" data-id=\"s231610\" data-element_type=\"column\">\n\t\t\t<div class=\"elementor-widget-wrap elementor-element-populated\">\n\t\t\t\t\t\t<div class=\"elementor-element elementor-element-d4k4mv3 elementor-widget elementor-widget-image\" data-id=\"d4k4mv3\" data-element_type=\"widget\" data-widget_type=\"image.default\">\n\t\t\t\t<div class=\"elementor-widget-container\">\n\t\t\t\t\t\t\t\t\t\t\t\t\t<img decoding=\"async\" width=\"649\" height=\"571\" src=\"http:\/\/www.josemariatornay.com\/wp-content\/uploads\/2016\/12\/Alba.png\" class=\"attachment-large size-large wp-image-12330\" alt=\"\" srcset=\"http:\/\/www.josemariatornay.com\/wp-content\/uploads\/2016\/12\/Alba.png 649w, http:\/\/www.josemariatornay.com\/wp-content\/uploads\/2016\/12\/Alba-300x264.png 300w\" sizes=\"(max-width: 649px) 100vw, 649px\" \/>\t\t\t\t\t\t\t\t\t\t\t\t\t<\/div>\n\t\t\t\t<\/div>\n\t\t\t\t<div class=\"elementor-element elementor-element-m2wowif elementor-widget elementor-widget-image\" data-id=\"m2wowif\" data-element_type=\"widget\" data-widget_type=\"image.default\">\n\t\t\t\t<div class=\"elementor-widget-container\">\n\t\t\t\t\t\t\t\t\t\t\t\t\t<img decoding=\"async\" width=\"662\" height=\"691\" src=\"http:\/\/www.josemariatornay.com\/wp-content\/uploads\/2016\/12\/Chat-chito-1-1.jpg\" class=\"attachment-large size-large wp-image-12326\" alt=\"\" srcset=\"http:\/\/www.josemariatornay.com\/wp-content\/uploads\/2016\/12\/Chat-chito-1-1.jpg 662w, http:\/\/www.josemariatornay.com\/wp-content\/uploads\/2016\/12\/Chat-chito-1-1-287x300.jpg 287w\" sizes=\"(max-width: 662px) 100vw, 662px\" \/>\t\t\t\t\t\t\t\t\t\t\t\t\t<\/div>\n\t\t\t\t<\/div>\n\t\t\t\t<div class=\"elementor-element elementor-element-5094p0w elementor-widget elementor-widget-image\" data-id=\"5094p0w\" data-element_type=\"widget\" data-widget_type=\"image.default\">\n\t\t\t\t<div class=\"elementor-widget-container\">\n\t\t\t\t\t\t\t\t\t\t\t\t\t<img loading=\"lazy\" decoding=\"async\" width=\"661\" height=\"648\" src=\"http:\/\/www.josemariatornay.com\/wp-content\/uploads\/2016\/12\/Chat-Chito-2.jpg\" class=\"attachment-large size-large wp-image-12327\" alt=\"\" srcset=\"http:\/\/www.josemariatornay.com\/wp-content\/uploads\/2016\/12\/Chat-Chito-2.jpg 661w, http:\/\/www.josemariatornay.com\/wp-content\/uploads\/2016\/12\/Chat-Chito-2-300x294.jpg 300w\" sizes=\"(max-width: 661px) 100vw, 661px\" \/>\t\t\t\t\t\t\t\t\t\t\t\t\t<\/div>\n\t\t\t\t<\/div>\n\t\t\t\t<div class=\"elementor-element elementor-element-87p7evy elementor-widget elementor-widget-image\" data-id=\"87p7evy\" data-element_type=\"widget\" data-widget_type=\"image.default\">\n\t\t\t\t<div class=\"elementor-widget-container\">\n\t\t\t\t\t\t\t\t\t\t\t\t\t<img loading=\"lazy\" decoding=\"async\" width=\"645\" height=\"549\" src=\"http:\/\/www.josemariatornay.com\/wp-content\/uploads\/2016\/12\/Chat-Chito-3.png\" class=\"attachment-large size-large wp-image-12328\" alt=\"\" srcset=\"http:\/\/www.josemariatornay.com\/wp-content\/uploads\/2016\/12\/Chat-Chito-3.png 645w, http:\/\/www.josemariatornay.com\/wp-content\/uploads\/2016\/12\/Chat-Chito-3-300x255.png 300w\" sizes=\"(max-width: 645px) 100vw, 645px\" \/>\t\t\t\t\t\t\t\t\t\t\t\t\t<\/div>\n\t\t\t\t<\/div>\n\t\t\t\t<div class=\"elementor-element elementor-element-wxwiuk7 elementor-widget elementor-widget-image\" data-id=\"wxwiuk7\" data-element_type=\"widget\" data-widget_type=\"image.default\">\n\t\t\t\t<div class=\"elementor-widget-container\">\n\t\t\t\t\t\t\t\t\t\t\t\t\t<img loading=\"lazy\" decoding=\"async\" width=\"650\" height=\"547\" src=\"http:\/\/www.josemariatornay.com\/wp-content\/uploads\/2016\/12\/Chat-Chito-4.png\" class=\"attachment-large size-large wp-image-12329\" alt=\"\" srcset=\"http:\/\/www.josemariatornay.com\/wp-content\/uploads\/2016\/12\/Chat-Chito-4.png 650w, http:\/\/www.josemariatornay.com\/wp-content\/uploads\/2016\/12\/Chat-Chito-4-300x252.png 300w\" sizes=\"(max-width: 650px) 100vw, 650px\" \/>\t\t\t\t\t\t\t\t\t\t\t\t\t<\/div>\n\t\t\t\t<\/div>\n\t\t\t\t<div class=\"elementor-element elementor-element-fbtpmcb elementor-widget elementor-widget-image\" data-id=\"fbtpmcb\" data-element_type=\"widget\" data-widget_type=\"image.default\">\n\t\t\t\t<div class=\"elementor-widget-container\">\n\t\t\t\t\t\t\t\t\t\t\t\t\t<img loading=\"lazy\" decoding=\"async\" width=\"641\" height=\"481\" src=\"http:\/\/www.josemariatornay.com\/wp-content\/uploads\/2016\/12\/Chat-Chito-5.png\" class=\"attachment-large size-large wp-image-12331\" alt=\"\" srcset=\"http:\/\/www.josemariatornay.com\/wp-content\/uploads\/2016\/12\/Chat-Chito-5.png 641w, http:\/\/www.josemariatornay.com\/wp-content\/uploads\/2016\/12\/Chat-Chito-5-300x225.png 300w\" sizes=\"(max-width: 641px) 100vw, 641px\" \/>\t\t\t\t\t\t\t\t\t\t\t\t\t<\/div>\n\t\t\t\t<\/div>\n\t\t\t\t\t<\/div>\n\t\t<\/div>\n\t\t\t\t\t<\/div>\n\t\t<\/section>\n\t\t\t\t<\/div>\n\t\t","protected":false},"excerpt":{"rendered":"<p>352.- Jos\u00e9 Mar\u00eda Tornay. Cada loco con sus temasEra evidente lo necesario de que un personaje tan polifac\u00e9tico y tan v\u00e1lido como Jos\u00e9 Mar\u00eda Tornay anduviera por aqu\u00ed. Era evidente que escribir estas humildes pinceladas sobre su persona era una tarea tan dif\u00edcil como honor\u00edfica. Era evidente que a\u00fan sin conocerlo en profundidad, cualquier ronde\u00f1o [&hellip;]<\/p>\n","protected":false},"author":1,"featured_media":0,"parent":0,"menu_order":0,"comment_status":"closed","ping_status":"closed","template":"","meta":{"_aioseop_title":"","_aioseop_description":"","ngg_post_thumbnail":0,"footnotes":""},"_links":{"self":[{"href":"http:\/\/www.josemariatornay.com\/index.php\/wp-json\/wp\/v2\/pages\/12309"}],"collection":[{"href":"http:\/\/www.josemariatornay.com\/index.php\/wp-json\/wp\/v2\/pages"}],"about":[{"href":"http:\/\/www.josemariatornay.com\/index.php\/wp-json\/wp\/v2\/types\/page"}],"author":[{"embeddable":true,"href":"http:\/\/www.josemariatornay.com\/index.php\/wp-json\/wp\/v2\/users\/1"}],"replies":[{"embeddable":true,"href":"http:\/\/www.josemariatornay.com\/index.php\/wp-json\/wp\/v2\/comments?post=12309"}],"version-history":[{"count":0,"href":"http:\/\/www.josemariatornay.com\/index.php\/wp-json\/wp\/v2\/pages\/12309\/revisions"}],"wp:attachment":[{"href":"http:\/\/www.josemariatornay.com\/index.php\/wp-json\/wp\/v2\/media?parent=12309"}],"curies":[{"name":"wp","href":"https:\/\/api.w.org\/{rel}","templated":true}]}}