{"id":12408,"date":"2016-12-24T19:53:17","date_gmt":"2016-12-24T18:53:17","guid":{"rendered":"http:\/\/www.josemariatornay.com\/?page_id=12408"},"modified":"2016-12-24T19:56:21","modified_gmt":"2016-12-24T18:56:21","slug":"boda-de-victor","status":"publish","type":"page","link":"http:\/\/www.josemariatornay.com\/index.php\/boda-de-victor\/","title":{"rendered":"Boda de V\u00edctor"},"content":{"rendered":"\t\t<div data-elementor-type=\"wp-page\" data-elementor-id=\"12408\" class=\"elementor elementor-12408 elementor-bc-flex-widget\">\n\t\t\t\t\t\t<section class=\"elementor-section elementor-top-section elementor-element elementor-element-rcwksko elementor-section-boxed elementor-section-height-default elementor-section-height-default\" data-id=\"rcwksko\" data-element_type=\"section\">\n\t\t\t\t\t\t<div class=\"elementor-container elementor-column-gap-default\">\n\t\t\t\t\t<div class=\"elementor-column elementor-col-100 elementor-top-column elementor-element elementor-element-za79djn\" data-id=\"za79djn\" data-element_type=\"column\">\n\t\t\t<div class=\"elementor-widget-wrap elementor-element-populated\">\n\t\t\t\t\t\t<div class=\"elementor-element elementor-element-u9xbnvr elementor-widget elementor-widget-video\" data-id=\"u9xbnvr\" data-element_type=\"widget\" data-settings=\"{&quot;video_type&quot;:&quot;youtube&quot;,&quot;show_image_overlay&quot;:&quot;no&quot;,&quot;controls&quot;:&quot;yes&quot;,&quot;youtube_url&quot;:&quot;https:\\\/\\\/www.youtube.com\\\/watch?v=9uOETcuFjbE&quot;}\" data-widget_type=\"video.default\">\n\t\t\t\t<div class=\"elementor-widget-container\">\n\t\t\t<style>\/*! elementor - v3.20.0 - 20-03-2024 *\/\n.elementor-widget-video .elementor-widget-container{overflow:hidden;transform:translateZ(0)}.elementor-widget-video .elementor-wrapper{aspect-ratio:var(--video-aspect-ratio)}.elementor-widget-video .elementor-wrapper iframe,.elementor-widget-video .elementor-wrapper video{height:100%;width:100%;display:flex;border:none;background-color:#000}@supports not (aspect-ratio:1\/1){.elementor-widget-video .elementor-wrapper{position:relative;overflow:hidden;height:0;padding-bottom:calc(100% \/ var(--video-aspect-ratio))}.elementor-widget-video .elementor-wrapper iframe,.elementor-widget-video .elementor-wrapper video{position:absolute;top:0;right:0;bottom:0;left:0}}.elementor-widget-video .elementor-open-inline .elementor-custom-embed-image-overlay{position:absolute;top:0;right:0;bottom:0;left:0;background-size:cover;background-position:50%}.elementor-widget-video .elementor-custom-embed-image-overlay{cursor:pointer;text-align:center}.elementor-widget-video .elementor-custom-embed-image-overlay:hover .elementor-custom-embed-play i{opacity:1}.elementor-widget-video .elementor-custom-embed-image-overlay img{display:block;width:100%;aspect-ratio:var(--video-aspect-ratio);-o-object-fit:cover;object-fit:cover;-o-object-position:center center;object-position:center center}@supports not (aspect-ratio:1\/1){.elementor-widget-video .elementor-custom-embed-image-overlay{position:relative;overflow:hidden;height:0;padding-bottom:calc(100% \/ var(--video-aspect-ratio))}.elementor-widget-video .elementor-custom-embed-image-overlay img{position:absolute;top:0;right:0;bottom:0;left:0}}.elementor-widget-video .e-hosted-video .elementor-video{-o-object-fit:cover;object-fit:cover}.e-con-inner>.elementor-widget-video,.e-con>.elementor-widget-video{width:var(--container-widget-width);--flex-grow:var(--container-widget-flex-grow)}<\/style>\t\t<div class=\"elementor-wrapper elementor-open-inline\">\n\t\t\t<div class=\"elementor-video\"><\/div>\t\t<\/div>\n\t\t\t\t<\/div>\n\t\t\t\t<\/div>\n\t\t\t\t<div class=\"elementor-element elementor-element-1n1ljf8 elementor-widget elementor-widget-text-editor\" data-id=\"1n1ljf8\" data-element_type=\"widget\" data-widget_type=\"text-editor.default\">\n\t\t\t\t<div class=\"elementor-widget-container\">\n\t\t\t<style>\/*! elementor - v3.20.0 - 20-03-2024 *\/\n.elementor-widget-text-editor.elementor-drop-cap-view-stacked .elementor-drop-cap{background-color:#69727d;color:#fff}.elementor-widget-text-editor.elementor-drop-cap-view-framed .elementor-drop-cap{color:#69727d;border:3px solid;background-color:transparent}.elementor-widget-text-editor:not(.elementor-drop-cap-view-default) .elementor-drop-cap{margin-top:8px}.elementor-widget-text-editor:not(.elementor-drop-cap-view-default) .elementor-drop-cap-letter{width:1em;height:1em}.elementor-widget-text-editor .elementor-drop-cap{float:left;text-align:center;line-height:1;font-size:50px}.elementor-widget-text-editor .elementor-drop-cap-letter{display:inline-block}<\/style>\t\t\t\t<p style=\"text-align: center;\">M\u00fasica de entrada (Palabras de amor)<\/p><p style=\"text-align: center;\">\u00bfQu\u00e9 es amor? No lo s\u00e9. \u00bfTal vez un arte?<br \/>\u00bfEl fragor de dos pechos bienheridos?<br \/>\u00bfAcaso ofuscaci\u00f3n de los sentidos?<br \/>\u00bfO tal vez el milagro de encontrarte?<\/p><p style=\"text-align: center;\">Sin duda es el amor punto y aparte:<br \/>estar a salvo por estar perdido,<br \/>ser extra\u00f1o en un cuerpo conocido,<br \/>sufrir, penar y no poder quejarte.<\/p><p style=\"text-align: center;\">Parad\u00f3jico y p\u00e9rfido misterio:<br \/>sentirte bien viviendo alucinado,<br \/>entregarse feliz a un cautiverio,<\/p><p style=\"text-align: center;\">sentirte libre estando encadenado,<br \/>tomarse una memez como algo serio.<br \/>El amor es\u2026 estar enamorado.<\/p><p style=\"text-align: center;\">Buenas tardes compa\u00f1eros,<br \/>aqu\u00ed estamos para unir <br \/>en matrimonio civil<br \/>a estos amigos sinceros.<\/p><p style=\"text-align: center;\">Vamos a dar testimonio<br \/>y vamos a confirmar<br \/>de nuevo este matrimonio<br \/>que ellos quieren celebrar.<\/p><p style=\"text-align: center;\">Aqu\u00ed estoy yo para unir<br \/>a Victito y a Vanessa.<br \/>\u00e9l, pr\u00edncipe, y ella, princesa.<br \/>\u00a1qui\u00e9n me lo iba a decir!<\/p><p style=\"text-align: center;\">Siendo, pues, las trece horas<br \/>de este s\u00e1bado de agosto<br \/>con el sudor en el rostro,<br \/>ay, se\u00f1ores y se\u00f1oras,<\/p><p style=\"text-align: center;\">comparecen ante ustedes<br \/>contentos y enamorados,<br \/>entre estas cuatro paredes,<br \/>Vanessa y V\u00edctor, felices,<br \/>radiantes e ilusionados,<br \/>sin dudas y sin matices.<\/p><p style=\"text-align: center;\">Hasta aqu\u00ed los ha enviado<br \/>el impulso del amor,<br \/>ese que es due\u00f1o y se\u00f1or<br \/>de estos dos enamorados.<\/p><p style=\"text-align: center;\">V\u00edctor, ese gran amigo<br \/>me ha colocado, imprudente<br \/>en este aprieto inocente,<br \/>\u00bfpor qu\u00e9 haces esto conmigo?<\/p><p style=\"text-align: center;\">Pero es cosa de valientes<br \/>acometer con ardor<br \/>las cosas que, de repente,<br \/>nos aconseja el amor.<\/p><p style=\"text-align: center;\">Nati y V\u00edctor, ciertamente,<br \/>gente cabal, gente fina,<br \/>con su Julia y su Marina,<br \/>gente buena, buena gente.<\/p><p style=\"text-align: center;\">Don V\u00edctor y su se\u00f1ora,<br \/>gente buena de verdad,<br \/>\u00a1siempre honrar\u00e9 aquella hora<br \/>en que gan\u00e9 su amistad!<\/p><p style=\"text-align: center;\">Pero ya est\u00e1 bien de flores,<br \/>piropos y gentileza,<br \/>vayamos a los amores<br \/>que ya espera la cerveza.<\/p><p style=\"text-align: center;\">No soy concejal ni cura,<br \/>soy tan solo un ser humano<br \/>que ha vivido de sus manos<br \/>y no de su cara dura.<\/p><p style=\"text-align: center;\">Que vivi\u00f3 y sigue viviendo<br \/>entregado a sus amigos,<br \/>que siempre viajan conmigo<br \/>en mi coraz\u00f3n latiendo.<\/p><p style=\"text-align: center;\">Estar aqu\u00ed no es derecho,<br \/>sino que es obligaci\u00f3n,<br \/>as\u00ed que a lo hecho pecho<br \/>y vamos con la canci\u00f3n.<\/p><p style=\"text-align: center;\">S\u00cdGUEME<\/p><p style=\"text-align: center;\">Primera lectura de los invitados<\/p><p style=\"text-align: center;\">Y por fin lleg\u00f3 la hora<br \/>de que suba hasta el estrado<br \/>un hombre muy preparado,<br \/>con ustedes, Paco Lora.<br \/>Que sabe de muchas cosas<br \/>de la vida y de la gente,<br \/>las espinas y las rosas:<br \/>escuchadlo atentamente.<\/p><p style=\"text-align: center;\">ROMANCE<br \/>Los invitados, pues, somos<br \/>testigos de vuestro amor,<br \/>no valen mucho las leyes,<br \/>en \u00e9l manda el coraz\u00f3n.<br \/>Pero\u2026<br \/>Bueno es o\u00edr lo que dice<br \/>nuestro C\u00f3digo Civil,<br \/>sus art\u00edculos en verso<br \/>los traemos hasta aqu\u00ed.<\/p><p style=\"text-align: center;\">Los c\u00f3nyuges son iguales<br \/>en derechos y deberes,<br \/>los hombres y las mujeres<br \/>permanentemente iguales.<\/p><p style=\"text-align: center;\">Ayudarse y respetarse<br \/>tambi\u00e9n es obligaci\u00f3n<br \/>si sois fieles a esta norma<br \/>m\u00e1s fuerte ser\u00e1 la uni\u00f3n.<\/p><p style=\"text-align: center;\">Los c\u00f3nyuges vivir\u00e1n<br \/>juntos, fieles y leales<br \/>y compartir\u00e1n las penas,<br \/>gozos y felicidades.<\/p><p style=\"text-align: center;\">Segunda lectura de los invitados<br \/>Ahora, prestad atenci\u00f3n,<br \/>porque quiere intervenir,<br \/>algo tendr\u00e1 que decir<br \/>el\u2026de Vanessa.<\/p><p style=\"text-align: center;\">Aceptaci\u00f3n del matrimonio<br \/>El amor funde dos almas<br \/>en un solo coraz\u00f3n,<br \/>el amor une dos voces<br \/>en una misma canci\u00f3n.<br \/>Bien venidos se\u00e1is a esta\u2026<br \/>donde reina orgulloso el amor<br \/>y se hace presente el misterio<br \/>de que uno es lo mismo que dos.<\/p><p style=\"text-align: center;\">Cumplidas las prescripciones,<br \/>sin traba ni impedimento,<br \/>pasemos a ese momento<br \/>de asumir obligaciones.<\/p><p style=\"text-align: center;\">V\u00edctor, \u00bfquieres por esposa<br \/>a esta gentil compa\u00f1era,<br \/>a esta flor de primavera,<br \/>a este clavel, a esta rosa?<\/p><p style=\"text-align: center;\">Vanessa, \u00bft\u00fa tambi\u00e9n quieres<br \/>por esposo y compa\u00f1ero,<br \/>a este radiante lucero<br \/>que loco por ti se muere?<br \/> <br \/>Pues entonces, procedamos<br \/>a intercambiar los anillos,<br \/>esos lazos peque\u00f1illos,<br \/>que anuncian que nos casamos.<\/p><p style=\"text-align: center;\">Paqui y Quico van a echar<br \/>la casa por la ventana<br \/>y os vienen a regalar<br \/>una hermosa sevillana.<\/p><p style=\"text-align: center;\">V\u00cdCTOR<br \/>Yo, V\u00edctor, te tomo a ti, Vanessa como esposa y prometo serte fiel y cuidar de ti en la riqueza y en la pobreza, en la salud y en la enfermedad, todos los d\u00edas de mi vida.<br \/>VANESSA<br \/>Yo, Vanessa, te tomo a ti, V\u00edctor, como esposo y prometo serte fiel y cuidar de ti en la riqueza y en la pobreza, en la salud y en la enfermedad, todos los d\u00edas de mi vida.<\/p><p style=\"text-align: center;\"><br \/>El beso<br \/>Pues con ello ya qued\u00e1is<br \/>unidos en matrimonio:<br \/>todos damos testimonio<br \/>de lo mucho que os am\u00e1is.<\/p><p style=\"text-align: center;\">As\u00ed que os hago saber,<br \/>porque es p\u00fablico y notorio,<br \/>que aqu\u00ed en El Predicatorio,<br \/>ya sois marido y mujer.<\/p><p style=\"text-align: center;\">Por eso y solo por eso<br \/>y porque es lo natural<br \/>con el momento del beso<br \/>ponemos punto y final.<\/p><p style=\"text-align: center;\">Con cari\u00f1o y de verdad,<br \/>este viejo profesor,<br \/>testigo de vuestro amor<br \/>os desea felicidad.<\/p><p style=\"text-align: center;\">Final<br \/>El amor es amarrarse<br \/>dulcemente a una cadena,<br \/>es recibir y entregarse,<br \/>es una dulce condena.<\/p><p style=\"text-align: center;\">Es cadena de alegr\u00eda,<br \/>cuyos suaves eslabones<br \/>unir\u00e1n dos corazones<br \/>para el resto de sus d\u00edas.<\/p><p style=\"text-align: center;\">Y ya que no son cadenas,<br \/>sino cosas del amor;<br \/>porque no es una condena,<br \/>es algo mucho mejor:<br \/>son las cosas del querer,<br \/>pasemos al comedor,<br \/>con j\u00fabilo y con ardor<br \/>\u201ca jartarnos de comer\u201d.<\/p><p style=\"text-align: center;\">Eso esperamos todos. Yo, en las dos \u00faltimas bodas que he estado tuve que pedir que me devolvieran el regalo, porque se separaron muy pronto. Este no es el caso, evidentemente. No hay m\u00e1s que ver vuestras caras.<\/p>\t\t\t\t\t\t<\/div>\n\t\t\t\t<\/div>\n\t\t\t\t\t<\/div>\n\t\t<\/div>\n\t\t\t\t\t<\/div>\n\t\t<\/section>\n\t\t\t\t<\/div>\n\t\t","protected":false},"excerpt":{"rendered":"<p>M\u00fasica de entrada (Palabras de amor) \u00bfQu\u00e9 es amor? No lo s\u00e9. \u00bfTal vez un arte? \u00bfEl fragor de dos pechos bienheridos? \u00bfAcaso ofuscaci\u00f3n de los sentidos? \u00bfO tal vez el milagro de encontrarte? Sin duda es el amor punto y aparte: estar a salvo por estar perdido, ser extra\u00f1o en un cuerpo conocido, sufrir, [&hellip;]<\/p>\n","protected":false},"author":1,"featured_media":0,"parent":0,"menu_order":0,"comment_status":"closed","ping_status":"closed","template":"","meta":{"_aioseop_title":"","_aioseop_description":"","ngg_post_thumbnail":0,"footnotes":""},"_links":{"self":[{"href":"http:\/\/www.josemariatornay.com\/index.php\/wp-json\/wp\/v2\/pages\/12408"}],"collection":[{"href":"http:\/\/www.josemariatornay.com\/index.php\/wp-json\/wp\/v2\/pages"}],"about":[{"href":"http:\/\/www.josemariatornay.com\/index.php\/wp-json\/wp\/v2\/types\/page"}],"author":[{"embeddable":true,"href":"http:\/\/www.josemariatornay.com\/index.php\/wp-json\/wp\/v2\/users\/1"}],"replies":[{"embeddable":true,"href":"http:\/\/www.josemariatornay.com\/index.php\/wp-json\/wp\/v2\/comments?post=12408"}],"version-history":[{"count":0,"href":"http:\/\/www.josemariatornay.com\/index.php\/wp-json\/wp\/v2\/pages\/12408\/revisions"}],"wp:attachment":[{"href":"http:\/\/www.josemariatornay.com\/index.php\/wp-json\/wp\/v2\/media?parent=12408"}],"curies":[{"name":"wp","href":"https:\/\/api.w.org\/{rel}","templated":true}]}}