{"id":12540,"date":"2016-12-31T12:09:49","date_gmt":"2016-12-31T11:09:49","guid":{"rendered":"http:\/\/www.josemariatornay.com\/?page_id=12540"},"modified":"2017-01-02T22:37:52","modified_gmt":"2017-01-02T21:37:52","slug":"concierto-de-martha","status":"publish","type":"page","link":"http:\/\/www.josemariatornay.com\/index.php\/concierto-de-martha\/","title":{"rendered":"Concierto de Martha"},"content":{"rendered":"\t\t<div data-elementor-type=\"wp-page\" data-elementor-id=\"12540\" class=\"elementor elementor-12540 elementor-bc-flex-widget\">\n\t\t\t\t\t\t<section class=\"elementor-section elementor-top-section elementor-element elementor-element-i98ntrp elementor-section-boxed elementor-section-height-default elementor-section-height-default\" data-id=\"i98ntrp\" data-element_type=\"section\">\n\t\t\t\t\t\t<div class=\"elementor-container elementor-column-gap-default\">\n\t\t\t\t\t<div class=\"elementor-column elementor-col-100 elementor-top-column elementor-element elementor-element-3kmoqjj\" data-id=\"3kmoqjj\" data-element_type=\"column\">\n\t\t\t<div class=\"elementor-widget-wrap elementor-element-populated\">\n\t\t\t\t\t\t<div class=\"elementor-element elementor-element-sgwaucu elementor-position-top elementor-widget elementor-widget-image-box\" data-id=\"sgwaucu\" data-element_type=\"widget\" data-widget_type=\"image-box.default\">\n\t\t\t\t<div class=\"elementor-widget-container\">\n\t\t\t<style>\/*! elementor - v3.20.0 - 20-03-2024 *\/\n.elementor-widget-image-box .elementor-image-box-content{width:100%}@media (min-width:768px){.elementor-widget-image-box.elementor-position-left .elementor-image-box-wrapper,.elementor-widget-image-box.elementor-position-right .elementor-image-box-wrapper{display:flex}.elementor-widget-image-box.elementor-position-right .elementor-image-box-wrapper{text-align:right;flex-direction:row-reverse}.elementor-widget-image-box.elementor-position-left .elementor-image-box-wrapper{text-align:left;flex-direction:row}.elementor-widget-image-box.elementor-position-top .elementor-image-box-img{margin:auto}.elementor-widget-image-box.elementor-vertical-align-top .elementor-image-box-wrapper{align-items:flex-start}.elementor-widget-image-box.elementor-vertical-align-middle .elementor-image-box-wrapper{align-items:center}.elementor-widget-image-box.elementor-vertical-align-bottom .elementor-image-box-wrapper{align-items:flex-end}}@media (max-width:767px){.elementor-widget-image-box .elementor-image-box-img{margin-left:auto!important;margin-right:auto!important;margin-bottom:15px}}.elementor-widget-image-box .elementor-image-box-img{display:inline-block}.elementor-widget-image-box .elementor-image-box-title a{color:inherit}.elementor-widget-image-box .elementor-image-box-wrapper{text-align:center}.elementor-widget-image-box .elementor-image-box-description{margin:0}<\/style><div class=\"elementor-image-box-wrapper\"><figure class=\"elementor-image-box-img\"><img fetchpriority=\"high\" decoding=\"async\" width=\"719\" height=\"480\" src=\"http:\/\/www.josemariatornay.com\/wp-content\/uploads\/2016\/12\/DSC_3066.jpg\" class=\"attachment-full size-full wp-image-12650\" alt=\"\" srcset=\"http:\/\/www.josemariatornay.com\/wp-content\/uploads\/2016\/12\/DSC_3066.jpg 719w, http:\/\/www.josemariatornay.com\/wp-content\/uploads\/2016\/12\/DSC_3066-300x200.jpg 300w\" sizes=\"(max-width: 719px) 100vw, 719px\" \/><\/figure><div class=\"elementor-image-box-content\"><h3 class=\"elementor-image-box-title\">Concierto de Martha<\/h3><p class=\"elementor-image-box-description\">CONCIERTO DE MARTHA\nSe\u00f1oras y se\u00f1ores, en 3 minutos comienza el espect\u00e1culo.\n1\u00aa PARTE\nAPERTURA\nLos sue\u00f1os son el alimento de la vida. Sin sue\u00f1os, la vida se quedar\u00eda hu\u00e9rfana de proyectos, de ilusiones, de esperanzas. Los sue\u00f1os son esos motores que nos empujan hacia adelante con la fuerza de un hurac\u00e1n. Los sue\u00f1os nos llevan, nos mueven,  nos arrastran, nos hacen volar. No es posible vivir sin sue\u00f1os. Sin ellos, la vida no ser\u00eda m\u00e1s que un ensayo para la muerte.\n\u00bfQui\u00e9n no ha tenido alguna vez un sue\u00f1o, un deseo tan profundo, tan v\u00edvido que casi, casi puedes tocarlo? Pues eso es lo que hoy nos trae aqu\u00ed, un sue\u00f1o tan peque\u00f1o que al principio nadie pod\u00eda verlo. Pero era un sue\u00f1o que se atrevi\u00f3 a crecer y que hoy no tiene miedo y quiere materializarse. Pero los sue\u00f1os no llegan por arte de magia, hay que seguirlos, perseguirlos, quererlos, mimarlos, correr tras ellos con alas en los pies. Y no hay nada m\u00e1s fuerte que la m\u00fasica para invitarnos a so\u00f1ar, para hacer los sue\u00f1os realidad.\nTras \u201cFlor de Lis\u201d y a tel\u00f3n cerrado\nEn 10 minutos se reanudar\u00e1 el espect\u00e1culo, tras el sonido del tercer timbre. 2\u00aa PARTE\nAL EMPEZAR\n\u00a1Ay, la m\u00fasica, cu\u00e1nta magia encierra la m\u00fasica, cu\u00e1ntos sabores, cu\u00e1ntos recuerdos\u2026 Cu\u00e1ntos sentimientos distintos se ocultan tras una misma melod\u00eda! Una sola nota nos puede llevar a mil kil\u00f3metros de distancia, sumergirnos en la pena m\u00e1s honda o sacarnos una sonrisa en un d\u00eda gris. \u00a1Ay, la m\u00fasica, ese idioma universal del alma!\nANTES DE LA \u00daLTIMA CANCI\u00d3N, CON LA ESCENA CONGELADA\n\u00a1Ay, los sue\u00f1os? Todos so\u00f1amos, pero, la mayor\u00eda de las veces, los sue\u00f1os nos dan la espalda, se escapan como el agua entre los dedos. Solo quienes se atreven a perseguirlos los alcanzan.  Lo importante es ser valiente y confiar en las propias fuerzas para alcanzarlos. Al fin y al cabo, la vida es sue\u00f1o y, aunque los sue\u00f1os, sue\u00f1os son, lo cierto es que resultan imprescindibles para vivir y, a veces, solo algunas veces, nos gui\u00f1an un ojo y se vienen con nosotros.\n<\/p><\/div><\/div>\t\t<\/div>\n\t\t\t\t<\/div>\n\t\t\t\t\t<\/div>\n\t\t<\/div>\n\t\t\t\t\t<\/div>\n\t\t<\/section>\n\t\t\t\t<section class=\"elementor-section elementor-top-section elementor-element elementor-element-x4v70ha elementor-section-boxed elementor-section-height-default elementor-section-height-default\" data-id=\"x4v70ha\" data-element_type=\"section\">\n\t\t\t\t\t\t<div class=\"elementor-container elementor-column-gap-default\">\n\t\t\t\t\t<div class=\"elementor-column elementor-col-50 elementor-top-column elementor-element elementor-element-2s43sut\" data-id=\"2s43sut\" data-element_type=\"column\">\n\t\t\t<div class=\"elementor-widget-wrap elementor-element-populated\">\n\t\t\t\t\t\t<div class=\"elementor-element elementor-element-tn41jhe elementor-widget elementor-widget-image\" data-id=\"tn41jhe\" data-element_type=\"widget\" data-widget_type=\"image.default\">\n\t\t\t\t<div class=\"elementor-widget-container\">\n\t\t\t<style>\/*! elementor - v3.20.0 - 20-03-2024 *\/\n.elementor-widget-image{text-align:center}.elementor-widget-image a{display:inline-block}.elementor-widget-image a img[src$=\".svg\"]{width:48px}.elementor-widget-image img{vertical-align:middle;display:inline-block}<\/style>\t\t\t\t\t\t\t\t\t\t<img decoding=\"async\" width=\"719\" height=\"480\" src=\"http:\/\/www.josemariatornay.com\/wp-content\/uploads\/2016\/12\/DSC_3099.jpg\" class=\"attachment-large size-large wp-image-12651\" alt=\"\" srcset=\"http:\/\/www.josemariatornay.com\/wp-content\/uploads\/2016\/12\/DSC_3099.jpg 719w, http:\/\/www.josemariatornay.com\/wp-content\/uploads\/2016\/12\/DSC_3099-300x200.jpg 300w\" sizes=\"(max-width: 719px) 100vw, 719px\" \/>\t\t\t\t\t\t\t\t\t\t\t\t\t<\/div>\n\t\t\t\t<\/div>\n\t\t\t\t\t<\/div>\n\t\t<\/div>\n\t\t\t\t<div class=\"elementor-column elementor-col-50 elementor-top-column elementor-element elementor-element-snxqo6k\" data-id=\"snxqo6k\" data-element_type=\"column\">\n\t\t\t<div class=\"elementor-widget-wrap elementor-element-populated\">\n\t\t\t\t\t\t<div class=\"elementor-element elementor-element-4smkv22 elementor-widget elementor-widget-image\" data-id=\"4smkv22\" data-element_type=\"widget\" data-widget_type=\"image.default\">\n\t\t\t\t<div class=\"elementor-widget-container\">\n\t\t\t\t\t\t\t\t\t\t\t\t\t<img decoding=\"async\" width=\"719\" height=\"480\" src=\"http:\/\/www.josemariatornay.com\/wp-content\/uploads\/2016\/12\/DSC_3131.jpg\" class=\"attachment-large size-large wp-image-12652\" alt=\"\" srcset=\"http:\/\/www.josemariatornay.com\/wp-content\/uploads\/2016\/12\/DSC_3131.jpg 719w, http:\/\/www.josemariatornay.com\/wp-content\/uploads\/2016\/12\/DSC_3131-300x200.jpg 300w\" sizes=\"(max-width: 719px) 100vw, 719px\" \/>\t\t\t\t\t\t\t\t\t\t\t\t\t<\/div>\n\t\t\t\t<\/div>\n\t\t\t\t\t<\/div>\n\t\t<\/div>\n\t\t\t\t\t<\/div>\n\t\t<\/section>\n\t\t\t\t<\/div>\n\t\t","protected":false},"excerpt":{"rendered":"<p>Concierto de Martha CONCIERTO DE MARTHA Se\u00f1oras y se\u00f1ores, en 3 minutos comienza el espect\u00e1culo. 1\u00aa PARTE APERTURA Los sue\u00f1os son el alimento de la vida. Sin sue\u00f1os, la vida se quedar\u00eda hu\u00e9rfana de proyectos, de ilusiones, de esperanzas. Los sue\u00f1os son esos motores que nos empujan hacia adelante con la fuerza de un hurac\u00e1n. [&hellip;]<\/p>\n","protected":false},"author":1,"featured_media":0,"parent":0,"menu_order":0,"comment_status":"closed","ping_status":"closed","template":"","meta":{"_aioseop_title":"","_aioseop_description":"","ngg_post_thumbnail":0,"footnotes":""},"_links":{"self":[{"href":"http:\/\/www.josemariatornay.com\/index.php\/wp-json\/wp\/v2\/pages\/12540"}],"collection":[{"href":"http:\/\/www.josemariatornay.com\/index.php\/wp-json\/wp\/v2\/pages"}],"about":[{"href":"http:\/\/www.josemariatornay.com\/index.php\/wp-json\/wp\/v2\/types\/page"}],"author":[{"embeddable":true,"href":"http:\/\/www.josemariatornay.com\/index.php\/wp-json\/wp\/v2\/users\/1"}],"replies":[{"embeddable":true,"href":"http:\/\/www.josemariatornay.com\/index.php\/wp-json\/wp\/v2\/comments?post=12540"}],"version-history":[{"count":0,"href":"http:\/\/www.josemariatornay.com\/index.php\/wp-json\/wp\/v2\/pages\/12540\/revisions"}],"wp:attachment":[{"href":"http:\/\/www.josemariatornay.com\/index.php\/wp-json\/wp\/v2\/media?parent=12540"}],"curies":[{"name":"wp","href":"https:\/\/api.w.org\/{rel}","templated":true}]}}