{"id":12684,"date":"2017-01-04T13:46:19","date_gmt":"2017-01-04T12:46:19","guid":{"rendered":"http:\/\/www.josemariatornay.com\/?page_id=12684"},"modified":"2017-01-04T13:52:35","modified_gmt":"2017-01-04T12:52:35","slug":"colaboraciones-carmen-de-ronda","status":"publish","type":"page","link":"http:\/\/www.josemariatornay.com\/index.php\/colaboraciones-carmen-de-ronda\/","title":{"rendered":"Colaboraciones: Carmen de Ronda"},"content":{"rendered":"\t\t<div data-elementor-type=\"wp-page\" data-elementor-id=\"12684\" class=\"elementor elementor-12684 elementor-bc-flex-widget\">\n\t\t\t\t\t\t<section class=\"elementor-section elementor-top-section elementor-element elementor-element-qacif9v elementor-section-boxed elementor-section-height-default elementor-section-height-default\" data-id=\"qacif9v\" data-element_type=\"section\">\n\t\t\t\t\t\t<div class=\"elementor-container elementor-column-gap-default\">\n\t\t\t\t\t<div class=\"elementor-column elementor-col-100 elementor-top-column elementor-element elementor-element-0sd5r52\" data-id=\"0sd5r52\" data-element_type=\"column\">\n\t\t\t<div class=\"elementor-widget-wrap elementor-element-populated\">\n\t\t\t\t\t\t<div class=\"elementor-element elementor-element-pt35h3b elementor-widget elementor-widget-image\" data-id=\"pt35h3b\" data-element_type=\"widget\" data-widget_type=\"image.default\">\n\t\t\t\t<div class=\"elementor-widget-container\">\n\t\t\t<style>\/*! elementor - v3.20.0 - 20-03-2024 *\/\n.elementor-widget-image{text-align:center}.elementor-widget-image a{display:inline-block}.elementor-widget-image a img[src$=\".svg\"]{width:48px}.elementor-widget-image img{vertical-align:middle;display:inline-block}<\/style>\t\t\t\t\t\t\t\t\t\t<img fetchpriority=\"high\" decoding=\"async\" width=\"721\" height=\"480\" src=\"http:\/\/www.josemariatornay.com\/wp-content\/uploads\/2016\/12\/Carmen-de-Ronda.jpg\" class=\"attachment-large size-large wp-image-12683\" alt=\"\" srcset=\"http:\/\/www.josemariatornay.com\/wp-content\/uploads\/2016\/12\/Carmen-de-Ronda.jpg 721w, http:\/\/www.josemariatornay.com\/wp-content\/uploads\/2016\/12\/Carmen-de-Ronda-300x200.jpg 300w\" sizes=\"(max-width: 721px) 100vw, 721px\" \/>\t\t\t\t\t\t\t\t\t\t\t\t\t<\/div>\n\t\t\t\t<\/div>\n\t\t\t\t\t<\/div>\n\t\t<\/div>\n\t\t\t\t\t<\/div>\n\t\t<\/section>\n\t\t\t\t<section class=\"elementor-section elementor-top-section elementor-element elementor-element-h09a7q3 elementor-section-boxed elementor-section-height-default elementor-section-height-default\" data-id=\"h09a7q3\" data-element_type=\"section\">\n\t\t\t\t\t\t<div class=\"elementor-container elementor-column-gap-default\">\n\t\t\t\t\t<div class=\"elementor-column elementor-col-100 elementor-top-column elementor-element elementor-element-7fmhch5\" data-id=\"7fmhch5\" data-element_type=\"column\">\n\t\t\t<div class=\"elementor-widget-wrap elementor-element-populated\">\n\t\t\t\t\t\t<div class=\"elementor-element elementor-element-fqlsk56 elementor-widget elementor-widget-text-editor\" data-id=\"fqlsk56\" data-element_type=\"widget\" data-widget_type=\"text-editor.default\">\n\t\t\t\t<div class=\"elementor-widget-container\">\n\t\t\t<style>\/*! elementor - v3.20.0 - 20-03-2024 *\/\n.elementor-widget-text-editor.elementor-drop-cap-view-stacked .elementor-drop-cap{background-color:#69727d;color:#fff}.elementor-widget-text-editor.elementor-drop-cap-view-framed .elementor-drop-cap{color:#69727d;border:3px solid;background-color:transparent}.elementor-widget-text-editor:not(.elementor-drop-cap-view-default) .elementor-drop-cap{margin-top:8px}.elementor-widget-text-editor:not(.elementor-drop-cap-view-default) .elementor-drop-cap-letter{width:1em;height:1em}.elementor-widget-text-editor .elementor-drop-cap{float:left;text-align:center;line-height:1;font-size:50px}.elementor-widget-text-editor .elementor-drop-cap-letter{display:inline-block}<\/style>\t\t\t\t<p>\u00a0<\/p><p>\u00c9sta fue mi presentaci\u00f3n de la obra y del grupo:<br \/><br \/>EL VENENO DEL TEATRO<\/p><p>EL TEATRO<\/p><table><tbody><tr><td width=\"354\"><p>El teatro es pasi\u00f3n, es fantas\u00eda,<\/p><p>es magia que se cuela por las venas,<\/p><p>es un dulce veneno que envenena,<\/p><p>es vida, es muerte, es paz y es agon\u00eda.<\/p><\/td><td width=\"354\"><p>El teatro es sacar de la chistera<\/p><p>los sue\u00f1os que sembramos en el viento,<\/p><p>es empezar a ser el que quisieras,<\/p><p>es volar sin moverte del asiento.<\/p><\/td><\/tr><\/tbody><\/table><p>\u00a0<\/p><p><strong>\u00bfQu\u00e9 veneno inocula el teatro\u2026 qu\u00e9 extra\u00f1a locura contagia a los que caen en sus brazos<br \/><\/strong>A los que se suben al escenario los hace inmunes<\/p><ol><li>Al fr\u00edo de los ensayos interminables.<\/li><li>Al cansancio de largas jornadas agotadoras de trabajo,<\/li><li>Al miedo a subirse aqu\u00ed arriba y exponerse al examen de cientos de ojos entendidos y expectantes.<\/li><\/ol><p>\u00bfY a los que venimos a disfrutarlo? \u00bfQu\u00e9 nos empuja<\/p><ol><li>A dejar el calor de la casa?;<\/li><li>\u00bfA exponernos a los escalofr\u00edos de cruzar el Puente,<\/li><li>A soportar este g\u00e9lido fr\u00edo de la Ronda invernal,<\/li><li>\u00bfA abandonar nuestra acogedora rutina cotidiana?<\/li><\/ol><p>EL GRUPO \u00a0 \u00a0 \u00a0 \u00a0 \u00a0 \u00a0 \u00a0 \u00a0 \u00a0 \u00a0 \u00a0 \u00a0 \u00a0 \u00a0 \u00a0 \u00a0 \u00a0 \u00a0 \u00a0 \u00a0 \u00a0 \u00a0 \u00a0 \u00a0 \u00a0 \u00a0 \u00a0 \u00a0 \u00a0 \u00a0 \u00a0 \u00a0 \u00a0 \u00a0 \u00a0 \u00a0 \u00a0 \u00a0 \u00a0 \u00a0 \u00a0 \u00a0 \u00a0 \u00a0 \u00a0 \u00a0 \u00a0 \u00a0 \u00a0 \u00a0 \u00a0 \u00a0 \u00a0 \u00a0 \u00a0 \u00a0 \u00a0 \u00a0 \u00a0 \u00a0 \u00a0 \u00a0 \u00a0 \u00a0 \u00a0 \u00a0 \u00a0 \u00a0 \u00a0 \u00a0 \u00a0 \u00a0 \u00a0 \u00a0 \u00a0 \u00a0 \u00a0 \u00a0\u00a0<\/p><p><strong>Pues bien, ese veneno se ha instalado tambi\u00e9n en la \u201cAsociaci\u00f3n Hist\u00f3rico Cultural Carmen de Ronda\u201d.<\/strong><\/p><ol><li>Su FIN es promover la cultura y la historia de Ronda y su Serran\u00eda. Nada m\u00e1s y nada menos.<\/li><li>Aunque ya recrearon esta obra en la Ronda Rom\u00e1ntica del a\u00f1o pasado, esta es la primera vez que se suben a un escenario, este lugar misterioso donde se hacen realidad los sue\u00f1os y los sue\u00f1os parecen formar parte de la realidad. Son un grupo de ronde\u00f1os, desinteresados, valientes y llenos de talento.<\/li><li>Y aqu\u00ed est\u00e1n, poniendo en pie de nuevo la tr\u00e1gica historia de esa mujer singular: Carmen.<\/li><\/ol><p>LA OBRA<\/p><ol><li><strong>Vamos a disfrutar<\/strong> de una historia apasionante, de un mito ronde\u00f1o, internacionalmente conocido y admirado: el mito de Carmen.<\/li><li>Carmen, esa<strong> naturaleza libre y enigm\u00e1tica<\/strong>, esa <strong>belleza meridional<\/strong>, ese <strong>car\u00e1cter arrebatado. <\/strong>Sus amores turbulentos, sus pasiones incontrolables\u2026<\/li><li><strong>Una mujer que es puro veneno<\/strong> (como el del teatro) para todos los que caen embriagados en la red de sus encantos.<\/li><li><strong>El mito de Carmen ha atra\u00eddo<\/strong> a pintores, a m\u00fasicos, a dramaturgos, a cineastas y a gentes de todas las \u00e9pocas.<\/li><li><strong>Este mundo de fatalismo, de celos y de sangre<\/strong> tambi\u00e9n ha llamado la atenci\u00f3n de la protagonista de esta noche, Ana Bel\u00e9n S\u00e1nchez, que ha escrito, dirigido y va a interpretar enseguida, maravillosamente, como todo lo que ella hace, una nueva versi\u00f3n de esta obra singular y \u00fanica. Vamos a envenenarnos, pues, con ella, con ellos, con Carmen y con el teatro. Con ustedes, Carmen de Ronda.<\/li><\/ol><p>\u00a0<\/p>\t\t\t\t\t\t<\/div>\n\t\t\t\t<\/div>\n\t\t\t\t\t<\/div>\n\t\t<\/div>\n\t\t\t\t\t<\/div>\n\t\t<\/section>\n\t\t\t\t<\/div>\n\t\t","protected":false},"excerpt":{"rendered":"<p>\u00c9sta fue mi presentaci\u00f3n de la obra y del grupo: EL VENENO DEL TEATRO EL TEATRO El teatro es pasi\u00f3n, es fantas\u00eda, es magia que se cuela por las venas, es un dulce veneno que envenena, es vida, es muerte, es paz y es agon\u00eda. El teatro es sacar de la chistera los sue\u00f1os que [&hellip;]<\/p>\n","protected":false},"author":1,"featured_media":0,"parent":0,"menu_order":0,"comment_status":"closed","ping_status":"closed","template":"","meta":{"_aioseop_title":"","_aioseop_description":"","ngg_post_thumbnail":0,"footnotes":""},"_links":{"self":[{"href":"http:\/\/www.josemariatornay.com\/index.php\/wp-json\/wp\/v2\/pages\/12684"}],"collection":[{"href":"http:\/\/www.josemariatornay.com\/index.php\/wp-json\/wp\/v2\/pages"}],"about":[{"href":"http:\/\/www.josemariatornay.com\/index.php\/wp-json\/wp\/v2\/types\/page"}],"author":[{"embeddable":true,"href":"http:\/\/www.josemariatornay.com\/index.php\/wp-json\/wp\/v2\/users\/1"}],"replies":[{"embeddable":true,"href":"http:\/\/www.josemariatornay.com\/index.php\/wp-json\/wp\/v2\/comments?post=12684"}],"version-history":[{"count":0,"href":"http:\/\/www.josemariatornay.com\/index.php\/wp-json\/wp\/v2\/pages\/12684\/revisions"}],"wp:attachment":[{"href":"http:\/\/www.josemariatornay.com\/index.php\/wp-json\/wp\/v2\/media?parent=12684"}],"curies":[{"name":"wp","href":"https:\/\/api.w.org\/{rel}","templated":true}]}}