{"id":13144,"date":"2017-01-23T12:06:59","date_gmt":"2017-01-23T11:06:59","guid":{"rendered":"http:\/\/www.josemariatornay.com\/?page_id=13144"},"modified":"2017-03-20T22:14:27","modified_gmt":"2017-03-20T21:14:27","slug":"personajes-dramaturgos-novelistas","status":"publish","type":"page","link":"http:\/\/www.josemariatornay.com\/index.php\/personajes-dramaturgos-novelistas\/","title":{"rendered":"Mis Personajes: Poetas, Dramaturgos, Novelistas"},"content":{"rendered":"\t\t<div data-elementor-type=\"wp-page\" data-elementor-id=\"13144\" class=\"elementor elementor-13144 elementor-bc-flex-widget\">\n\t\t\t\t\t\t<section class=\"elementor-section elementor-top-section elementor-element elementor-element-hbynwn4 elementor-section-boxed elementor-section-height-default elementor-section-height-default\" data-id=\"hbynwn4\" data-element_type=\"section\">\n\t\t\t\t\t\t<div class=\"elementor-container elementor-column-gap-default\">\n\t\t\t\t\t<div class=\"elementor-column elementor-col-33 elementor-top-column elementor-element elementor-element-nute6h6\" data-id=\"nute6h6\" data-element_type=\"column\">\n\t\t\t<div class=\"elementor-widget-wrap elementor-element-populated\">\n\t\t\t\t\t\t<div class=\"elementor-element elementor-element-0ubkcnn elementor-widget elementor-widget-image\" data-id=\"0ubkcnn\" data-element_type=\"widget\" data-widget_type=\"image.default\">\n\t\t\t\t<div class=\"elementor-widget-container\">\n\t\t\t<style>\/*! elementor - v3.20.0 - 20-03-2024 *\/\n.elementor-widget-image{text-align:center}.elementor-widget-image a{display:inline-block}.elementor-widget-image a img[src$=\".svg\"]{width:48px}.elementor-widget-image img{vertical-align:middle;display:inline-block}<\/style>\t\t\t\t\t\t\t\t\t\t<img fetchpriority=\"high\" decoding=\"async\" width=\"400\" height=\"138\" src=\"http:\/\/www.josemariatornay.com\/wp-content\/uploads\/2017\/01\/portadamispesonajes.jpg\" class=\"attachment-large size-large wp-image-13147\" alt=\"\" srcset=\"http:\/\/www.josemariatornay.com\/wp-content\/uploads\/2017\/01\/portadamispesonajes.jpg 400w, http:\/\/www.josemariatornay.com\/wp-content\/uploads\/2017\/01\/portadamispesonajes-300x104.jpg 300w\" sizes=\"(max-width: 400px) 100vw, 400px\" \/>\t\t\t\t\t\t\t\t\t\t\t\t\t<\/div>\n\t\t\t\t<\/div>\n\t\t\t\t\t<\/div>\n\t\t<\/div>\n\t\t\t\t<div class=\"elementor-column elementor-col-66 elementor-top-column elementor-element elementor-element-d6wtrba\" data-id=\"d6wtrba\" data-element_type=\"column\">\n\t\t\t<div class=\"elementor-widget-wrap elementor-element-populated\">\n\t\t\t\t\t\t<div class=\"elementor-element elementor-element-0za6s9p elementor-widget elementor-widget-text-editor\" data-id=\"0za6s9p\" data-element_type=\"widget\" data-widget_type=\"text-editor.default\">\n\t\t\t\t<div class=\"elementor-widget-container\">\n\t\t\t<style>\/*! elementor - v3.20.0 - 20-03-2024 *\/\n.elementor-widget-text-editor.elementor-drop-cap-view-stacked .elementor-drop-cap{background-color:#69727d;color:#fff}.elementor-widget-text-editor.elementor-drop-cap-view-framed .elementor-drop-cap{color:#69727d;border:3px solid;background-color:transparent}.elementor-widget-text-editor:not(.elementor-drop-cap-view-default) .elementor-drop-cap{margin-top:8px}.elementor-widget-text-editor:not(.elementor-drop-cap-view-default) .elementor-drop-cap-letter{width:1em;height:1em}.elementor-widget-text-editor .elementor-drop-cap{float:left;text-align:center;line-height:1;font-size:50px}.elementor-widget-text-editor .elementor-drop-cap-letter{display:inline-block}<\/style>\t\t\t\t<p>Me ha costado un esfuerzo sobrehumano elegir tan s\u00f3lo a tres de cada especialidad. Cada uno de ellos representa a muchos otros que siguen una misma l\u00ednea de genialidad, talento, independencia, honestidad, generosidad, amor por la libertad, por el pensamiento libre, etc\u00e9tera, etc\u00e9tera. Aunque a los que m\u00e1s admiro est\u00e1n a mi alrededor, pero no s\u00e9 c\u00f3mo citarlos a todos.<\/p>\t\t\t\t\t\t<\/div>\n\t\t\t\t<\/div>\n\t\t\t\t\t<\/div>\n\t\t<\/div>\n\t\t\t\t\t<\/div>\n\t\t<\/section>\n\t\t\t\t<section class=\"elementor-section elementor-top-section elementor-element elementor-element-95m4322 elementor-section-boxed elementor-section-height-default elementor-section-height-default\" data-id=\"95m4322\" data-element_type=\"section\">\n\t\t\t\t\t\t<div class=\"elementor-container elementor-column-gap-default\">\n\t\t\t\t\t<div class=\"elementor-column elementor-col-33 elementor-top-column elementor-element elementor-element-m31tbgm\" data-id=\"m31tbgm\" data-element_type=\"column\">\n\t\t\t<div class=\"elementor-widget-wrap elementor-element-populated\">\n\t\t\t\t\t\t<div class=\"elementor-element elementor-element-91miz6m elementor-widget elementor-widget-image\" data-id=\"91miz6m\" data-element_type=\"widget\" data-widget_type=\"image.default\">\n\t\t\t\t<div class=\"elementor-widget-container\">\n\t\t\t\t\t\t\t\t\t\t<figure class=\"wp-caption\">\n\t\t\t\t\t\t\t\t\t\t<img decoding=\"async\" width=\"153\" height=\"200\" src=\"http:\/\/www.josemariatornay.com\/wp-content\/uploads\/2017\/01\/machado.jpg\" class=\"attachment-large size-large wp-image-13149\" alt=\"\" \/>\t\t\t\t\t\t\t\t\t\t\t<figcaption class=\"widget-image-caption wp-caption-text\">ANTONIO MACHADO<\/figcaption>\n\t\t\t\t\t\t\t\t\t\t<\/figure>\n\t\t\t\t\t\t\t<\/div>\n\t\t\t\t<\/div>\n\t\t\t\t<div class=\"elementor-element elementor-element-xecdbz8 elementor-widget elementor-widget-text-editor\" data-id=\"xecdbz8\" data-element_type=\"widget\" data-widget_type=\"text-editor.default\">\n\t\t\t\t<div class=\"elementor-widget-container\">\n\t\t\t\t\t\t\t<p style=\"text-align: center;\"><strong>Al principio, moderno modernista,<\/strong><br \/><strong>alumno de Giner, aquel ronde\u00f1o<\/strong><br \/><strong>perseguidor incansable de un sue\u00f1o,<\/strong><br \/><strong>y como Antonio, aut\u00e9ntico krausista.<br \/><\/strong><br \/><strong>Este sabio, formal y generoso<\/strong><br \/><strong>puso en verso mis dudas y tus penas,<\/strong><br \/><strong>mis amargas derrotas, tus colmenas,<\/strong><br \/><strong>con su pulso certero y silencioso.<br \/><\/strong><br \/><strong>Este mortal sensible, humano y bueno,<\/strong><br \/><strong>v\u00edctima del rencor de aquel presente,<\/strong><br \/><strong>se atrac\u00f3 del hisp\u00e1nico veneno,<br \/><\/strong><br \/><strong>que lo fue asesinando lentamente;<\/strong><br \/><strong>y todo por aquel error obsceno<\/strong><br \/><strong>de so\u00f1ar una Espa\u00f1a diferente.<\/strong><\/p>\t\t\t\t\t\t<\/div>\n\t\t\t\t<\/div>\n\t\t\t\t\t<\/div>\n\t\t<\/div>\n\t\t\t\t<div class=\"elementor-column elementor-col-33 elementor-top-column elementor-element elementor-element-x60bp52\" data-id=\"x60bp52\" data-element_type=\"column\">\n\t\t\t<div class=\"elementor-widget-wrap elementor-element-populated\">\n\t\t\t\t\t\t<div class=\"elementor-element elementor-element-x2ewqgu elementor-widget elementor-widget-image\" data-id=\"x2ewqgu\" data-element_type=\"widget\" data-widget_type=\"image.default\">\n\t\t\t\t<div class=\"elementor-widget-container\">\n\t\t\t\t\t\t\t\t\t\t<figure class=\"wp-caption\">\n\t\t\t\t\t\t\t\t\t\t<img decoding=\"async\" src=\"http:\/\/www.josemariatornay.com\/wp-content\/uploads\/elementor\/thumbs\/03-opnyoua9o0ou55oyby73ikzqozkp6c1rxooewgiu6o.jpg\" title=\"03\" alt=\"03\" loading=\"lazy\" \/>\t\t\t\t\t\t\t\t\t\t\t<figcaption class=\"widget-image-caption wp-caption-text\">VALLE-INCL\u00c1N<\/figcaption>\n\t\t\t\t\t\t\t\t\t\t<\/figure>\n\t\t\t\t\t\t\t<\/div>\n\t\t\t\t<\/div>\n\t\t\t\t<div class=\"elementor-element elementor-element-5zop8mr elementor-widget elementor-widget-text-editor\" data-id=\"5zop8mr\" data-element_type=\"widget\" data-widget_type=\"text-editor.default\">\n\t\t\t\t<div class=\"elementor-widget-container\">\n\t\t\t\t\t\t\t<p style=\"text-align: center;\"><strong>Este gallego de barba de chivo,<\/strong><br \/><strong>de sangre caliente y prosa nirvana,<\/strong><br \/><strong>verbo radiante, fugaz filigrana,<\/strong><br \/><strong>fulano simpar, gomoso y altivo.<\/strong><\/p><p style=\"text-align: center;\"><strong>Pomposo y rimbombante esteticista,<\/strong><br \/><strong>a la vez perifr\u00e1stico y sensible,<\/strong><br \/><strong>esplendente hasta extremos imposibles<\/strong><br \/><strong>de su propia cosecha modernista.<\/strong><\/p><p style=\"text-align: center;\"><strong>Bohemio de caf\u00e9 y de biblioteca,<\/strong><br \/><strong>vanguardista en un arte decadente,<\/strong><br \/><strong>ex\u00f3tico y extra\u00f1o ciudadano,<\/strong><\/p><p style=\"text-align: center;\"><strong>descre\u00eddo y amante de lo azteca,<\/strong><br \/><strong>ceceante, bocazas y valiente,<\/strong><br \/><strong>carlista y, a la vez, republicano<\/strong>.<\/p>\t\t\t\t\t\t<\/div>\n\t\t\t\t<\/div>\n\t\t\t\t\t<\/div>\n\t\t<\/div>\n\t\t\t\t<div class=\"elementor-column elementor-col-33 elementor-top-column elementor-element elementor-element-nb1lpm8\" data-id=\"nb1lpm8\" data-element_type=\"column\">\n\t\t\t<div class=\"elementor-widget-wrap elementor-element-populated\">\n\t\t\t\t\t\t<div class=\"elementor-element elementor-element-u7p6oo5 elementor-widget elementor-widget-image\" data-id=\"u7p6oo5\" data-element_type=\"widget\" data-widget_type=\"image.default\">\n\t\t\t\t<div class=\"elementor-widget-container\">\n\t\t\t\t\t\t\t\t\t\t<figure class=\"wp-caption\">\n\t\t\t\t\t\t\t\t\t\t<img decoding=\"async\" src=\"http:\/\/www.josemariatornay.com\/wp-content\/uploads\/elementor\/thumbs\/01-opnyczjk35umbq6rb1rgaez5chszcz7gqubj6peg3m.jpg\" title=\"01\" alt=\"01\" loading=\"lazy\" \/>\t\t\t\t\t\t\t\t\t\t\t<figcaption class=\"widget-image-caption wp-caption-text\">MIGUEL DE CERVANTES<\/figcaption>\n\t\t\t\t\t\t\t\t\t\t<\/figure>\n\t\t\t\t\t\t\t<\/div>\n\t\t\t\t<\/div>\n\t\t\t\t<div class=\"elementor-element elementor-element-0cctqtm elementor-widget elementor-widget-text-editor\" data-id=\"0cctqtm\" data-element_type=\"widget\" data-widget_type=\"text-editor.default\">\n\t\t\t\t<div class=\"elementor-widget-container\">\n\t\t\t\t\t\t\t<p style=\"text-align: center;\"><strong>Ese manco pre\u00f1aba sus entra\u00f1as<\/strong><br \/><strong>con las miserias y las desventuras,<\/strong><br \/><strong>que asolaban las l\u00f3bregas y oscuras<\/strong><br \/><strong>verdades de una pobre y triste Espa\u00f1a.<\/strong><\/p><p style=\"text-align: center;\"><strong>Y acometi\u00f3 la colosal proeza<\/strong><br \/><strong>de trocar la congoja en hermosura,<\/strong><br \/><strong>de mudar en juicio la locura,<\/strong><br \/><strong>de templar con los libros su cabeza.<\/strong><\/p><p style=\"text-align: center;\"><strong>Su pluma fue m\u00e1s fuerte que su espada<\/strong><br \/><strong>su ingenio m\u00e1s rotundo que su gloria,<\/strong><br \/><strong>su prosa tan audaz como su vida<\/strong><\/p><p style=\"text-align: center;\"><strong>y en su recia verdad idealizada<\/strong><br \/><strong>se palpa la derrota y la victoria<\/strong><br \/><strong>del hombre revolc\u00e1ndose en su herida.<\/strong><\/p>\t\t\t\t\t\t<\/div>\n\t\t\t\t<\/div>\n\t\t\t\t\t<\/div>\n\t\t<\/div>\n\t\t\t\t\t<\/div>\n\t\t<\/section>\n\t\t\t\t<section class=\"elementor-section elementor-top-section elementor-element elementor-element-bu3a73c elementor-section-boxed elementor-section-height-default elementor-section-height-default\" data-id=\"bu3a73c\" data-element_type=\"section\">\n\t\t\t\t\t\t<div class=\"elementor-container elementor-column-gap-default\">\n\t\t\t\t\t<div class=\"elementor-column elementor-col-33 elementor-top-column elementor-element elementor-element-kjji1xv\" data-id=\"kjji1xv\" data-element_type=\"column\">\n\t\t\t<div class=\"elementor-widget-wrap elementor-element-populated\">\n\t\t\t\t\t\t<div class=\"elementor-element elementor-element-qkkk0h3 elementor-widget elementor-widget-image\" data-id=\"qkkk0h3\" data-element_type=\"widget\" data-widget_type=\"image.default\">\n\t\t\t\t<div class=\"elementor-widget-container\">\n\t\t\t\t\t\t\t\t\t\t<figure class=\"wp-caption\">\n\t\t\t\t\t\t\t\t\t\t<img decoding=\"async\" src=\"http:\/\/www.josemariatornay.com\/wp-content\/uploads\/elementor\/thumbs\/federico_garcia_lorca1-opnypwtlmfztnvs0ogicwpjm38ktff1iy727hsc0zk.jpg\" title=\"federico_garcia_lorca1\" alt=\"federico_garcia_lorca1\" loading=\"lazy\" \/>\t\t\t\t\t\t\t\t\t\t\t<figcaption class=\"widget-image-caption wp-caption-text\">Federico GARC\u00cdA LORCA<\/figcaption>\n\t\t\t\t\t\t\t\t\t\t<\/figure>\n\t\t\t\t\t\t\t<\/div>\n\t\t\t\t<\/div>\n\t\t\t\t<div class=\"elementor-element elementor-element-wbxn606 elementor-widget elementor-widget-text-editor\" data-id=\"wbxn606\" data-element_type=\"widget\" data-widget_type=\"text-editor.default\">\n\t\t\t\t<div class=\"elementor-widget-container\">\n\t\t\t\t\t\t\t<p style=\"text-align: center;\"><br \/><strong>Devu\u00e9lveme los versos, Federico,<\/strong><br \/><strong>que robaste a los dioses, oportuno,<\/strong><br \/><strong>devu\u00e9lveme los versos uno a uno<\/strong><br \/><strong>devu\u00e9lvelos, por Dios, te lo suplico.<\/strong><\/p><p style=\"text-align: center;\"><strong>Reg\u00e1lame el arpegio del jilguero<\/strong><br \/><strong>y pr\u00e9stame tu voz enamorada,<\/strong><br \/><strong>dame una pizca as\u00ed de tu mirada<\/strong><br \/><strong>y un \u00e1tomo sin m\u00e1s de tu aguacero.<\/strong><\/p><p style=\"text-align: center;\"><strong>Y no olvides las penas del gitano<\/strong><br \/><strong>ni la sal en la llaga neoyorquina,<\/strong><br \/><strong>ni la piel de la tarde que termina,<\/strong><\/p><p style=\"text-align: center;\"><strong>ni el fuego de tu aliento provinciano.<\/strong><br \/><strong>y d\u00e9janos tambi\u00e9n tu voz, hermano,<\/strong><br \/><strong>para que ayude a andar al que camina.<\/strong><\/p>\t\t\t\t\t\t<\/div>\n\t\t\t\t<\/div>\n\t\t\t\t<div class=\"elementor-element elementor-element-rh35okg elementor-widget elementor-widget-image\" data-id=\"rh35okg\" data-element_type=\"widget\" data-widget_type=\"image.default\">\n\t\t\t\t<div class=\"elementor-widget-container\">\n\t\t\t\t\t\t\t\t\t\t<figure class=\"wp-caption\">\n\t\t\t\t\t\t\t\t\t\t<img decoding=\"async\" width=\"255\" height=\"282\" src=\"http:\/\/www.josemariatornay.com\/wp-content\/uploads\/2017\/01\/01-1.jpg\" class=\"attachment-large size-large wp-image-13451\" alt=\"\" \/>\t\t\t\t\t\t\t\t\t\t\t<figcaption class=\"widget-image-caption wp-caption-text\">Miguel Hern\u00e1ndez<\/figcaption>\n\t\t\t\t\t\t\t\t\t\t<\/figure>\n\t\t\t\t\t\t\t<\/div>\n\t\t\t\t<\/div>\n\t\t\t\t<div class=\"elementor-element elementor-element-dl1jobr elementor-widget elementor-widget-text-editor\" data-id=\"dl1jobr\" data-element_type=\"widget\" data-widget_type=\"text-editor.default\">\n\t\t\t\t<div class=\"elementor-widget-container\">\n\t\t\t\t\t\t\t<p style=\"text-align: center;\"><br \/><strong>Yo quiero se llorando el hortelano<\/strong><br \/><strong>del fruto de la flor de tu simiente,<\/strong><br \/><strong>para sentir lo mismo que t\u00fa sientes<\/strong><br \/><strong>compa\u00f1ero Miguel, amigo, hermano.<\/strong><\/p><p style=\"text-align: center;\"><strong>Y contigo en la brecha, mano a mano,<\/strong><br \/><strong>con los labios, los ojos y la frente,<\/strong><br \/><strong>construir un poema diferente,<\/strong><br \/><strong>que convierta tu invierno en mi verano.<\/strong><\/p><p style=\"text-align: center;\"><strong>Volver\u00e1s a mi huerto y a mi higuera<\/strong><br \/><strong>por los altos andamios de las rosas<\/strong><br \/><strong>y a la grupa de luz de aquel lucero.<\/strong><\/p><p style=\"text-align: center;\"><strong>Te espero como el viejo al sol espera,<\/strong><br \/><strong>que tengo que contarte muchas cosas,<\/strong><br \/><strong>compa\u00f1ero del alma, compa\u00f1ero.<\/strong><\/p>\t\t\t\t\t\t<\/div>\n\t\t\t\t<\/div>\n\t\t\t\t\t<\/div>\n\t\t<\/div>\n\t\t\t\t<div class=\"elementor-column elementor-col-33 elementor-top-column elementor-element elementor-element-gw2djj4\" data-id=\"gw2djj4\" data-element_type=\"column\">\n\t\t\t<div class=\"elementor-widget-wrap elementor-element-populated\">\n\t\t\t\t\t\t<div class=\"elementor-element elementor-element-d69kgtq elementor-widget elementor-widget-image\" data-id=\"d69kgtq\" data-element_type=\"widget\" data-widget_type=\"image.default\">\n\t\t\t\t<div class=\"elementor-widget-container\">\n\t\t\t\t\t\t\t\t\t\t<figure class=\"wp-caption\">\n\t\t\t\t\t\t\t\t\t\t<img decoding=\"async\" src=\"http:\/\/www.josemariatornay.com\/wp-content\/uploads\/elementor\/thumbs\/mihura-n4xvhwk0xg843rgrf49bct8b6r8vnjzw9j82mdbpfm.jpg\" title=\"mihura\" alt=\"mihura\" loading=\"lazy\" \/>\t\t\t\t\t\t\t\t\t\t\t<figcaption class=\"widget-image-caption wp-caption-text\">Miguel Mihura<\/figcaption>\n\t\t\t\t\t\t\t\t\t\t<\/figure>\n\t\t\t\t\t\t\t<\/div>\n\t\t\t\t<\/div>\n\t\t\t\t<div class=\"elementor-element elementor-element-5us4bl4 elementor-widget elementor-widget-text-editor\" data-id=\"5us4bl4\" data-element_type=\"widget\" data-widget_type=\"text-editor.default\">\n\t\t\t\t<div class=\"elementor-widget-container\">\n\t\t\t\t\t\t\t<p><br \/><strong>Desde el mirador de su Codorniz<\/strong><br \/><strong>puso en solfa los h\u00e1bitos mezquinos,<\/strong><br \/><strong>peque\u00f1os, malolientes, peregrinos<\/strong><br \/><strong>de una naci\u00f3n taca\u00f1a e infeliz.<\/strong><\/p><p><strong>Las lacras de una pobre sociedad:<\/strong><br \/><strong>la crueldad, la mugre, la indecencia,<\/strong><br \/><strong>m\u00e1s la frivolidad, la decadencia,<\/strong><br \/><strong>el vicio, los rencores, la maldad.<\/strong><\/p><p><strong>Ab\u00falico, indolente, perezoso,<\/strong><br \/><strong>Mihura parodiaba en el papel<\/strong><br \/><strong>con Tono, con Neville y con Jardiel<\/strong><\/p><p><strong>un mundo corrompido tenebroso.<\/strong><br \/><strong>Tres sombreros de copa en el cartel,<\/strong><br \/><strong>absurdo don Miguel, maravilloso.<\/strong><\/p>\t\t\t\t\t\t<\/div>\n\t\t\t\t<\/div>\n\t\t\t\t<div class=\"elementor-element elementor-element-89uz4yr elementor-widget elementor-widget-image\" data-id=\"89uz4yr\" data-element_type=\"widget\" data-widget_type=\"image.default\">\n\t\t\t\t<div class=\"elementor-widget-container\">\n\t\t\t\t\t\t\t\t\t\t<figure class=\"wp-caption\">\n\t\t\t\t\t\t\t\t\t\t<img decoding=\"async\" src=\"http:\/\/www.josemariatornay.com\/wp-content\/uploads\/elementor\/thumbs\/Buero1-n5c3jm64sxnw0yfk1nfsxizw7j9exkg02a20n5hq80.jpg\" title=\"Buero1\" alt=\"Buero1\" loading=\"lazy\" \/>\t\t\t\t\t\t\t\t\t\t\t<figcaption class=\"widget-image-caption wp-caption-text\">Antonio Buero Vallejo<\/figcaption>\n\t\t\t\t\t\t\t\t\t\t<\/figure>\n\t\t\t\t\t\t\t<\/div>\n\t\t\t\t<\/div>\n\t\t\t\t<div class=\"elementor-element elementor-element-wb5i3er elementor-widget elementor-widget-text-editor\" data-id=\"wb5i3er\" data-element_type=\"widget\" data-widget_type=\"text-editor.default\">\n\t\t\t\t<div class=\"elementor-widget-container\">\n\t\t\t\t\t\t\t<p style=\"text-align: center;\"><br \/><strong>Un sabio que creci\u00f3 entre bambalinas,<\/strong><br \/><strong>entre c\u00f3micos, luces y telones,<\/strong><br \/><strong>entre intrigas, manejos y traiciones,<\/strong><br \/><strong>en una Espa\u00f1a triste y en ruinas.<\/strong><\/p><p style=\"text-align: center;\"><strong>De joven fue ferviente comunista,<\/strong><br \/><strong>pero tras los desastres percibidos<\/strong><br \/><strong>y los golpes cobardes recibidos<\/strong><br \/><strong>se convirti\u00f3 en vital posibilista.<\/strong><\/p><p style=\"text-align: center;\"><strong>Poeta y dramaturgo condenado,<\/strong><br \/><strong>-recuerdo aquella imagen de Miguel<\/strong><br \/><strong>pudri\u00e9ndose en la c\u00e1rcel junto a \u00e9l<\/strong><\/p><p style=\"text-align: center;\"><strong>a muerte por rebelde imaginado.<\/strong><br \/><strong>Dej\u00f3 su impronta sobria en el papel,<\/strong><br \/><strong>marcando un rumbo libre y recordado.<\/strong><\/p>\t\t\t\t\t\t<\/div>\n\t\t\t\t<\/div>\n\t\t\t\t\t<\/div>\n\t\t<\/div>\n\t\t\t\t<div class=\"elementor-column elementor-col-33 elementor-top-column elementor-element elementor-element-g0fi3di\" data-id=\"g0fi3di\" data-element_type=\"column\">\n\t\t\t<div class=\"elementor-widget-wrap elementor-element-populated\">\n\t\t\t\t\t\t<div class=\"elementor-element elementor-element-eztpkka elementor-widget elementor-widget-image\" data-id=\"eztpkka\" data-element_type=\"widget\" data-widget_type=\"image.default\">\n\t\t\t\t<div class=\"elementor-widget-container\">\n\t\t\t\t\t\t\t\t\t\t<figure class=\"wp-caption\">\n\t\t\t\t\t\t\t\t\t\t<img decoding=\"async\" src=\"http:\/\/www.josemariatornay.com\/wp-content\/uploads\/elementor\/thumbs\/piobaroja-opnxw3dwtn6ihcfbdl6iy0dpso5p2jnutzf5y16cxs.jpg\" title=\"piobaroja\" alt=\"piobaroja\" loading=\"lazy\" \/>\t\t\t\t\t\t\t\t\t\t\t<figcaption class=\"widget-image-caption wp-caption-text\">P\u00edo Baroja<\/figcaption>\n\t\t\t\t\t\t\t\t\t\t<\/figure>\n\t\t\t\t\t\t\t<\/div>\n\t\t\t\t<\/div>\n\t\t\t\t<div class=\"elementor-element elementor-element-xlcw6jr elementor-widget elementor-widget-text-editor\" data-id=\"xlcw6jr\" data-element_type=\"widget\" data-widget_type=\"text-editor.default\">\n\t\t\t\t<div class=\"elementor-widget-container\">\n\t\t\t\t\t\t\t<p>Este doctor de boina vascongada,<br \/>taciturno, agorero y pesimista,<br \/>un poco taumaturgo y alquimista,<br \/>tiene luz y tristeza en la mirada.<br \/><br \/>Pluma fiel de nobleza aquilatada,<br \/>pintor de fina brocha realista<br \/>esc\u00e9ptico, andar\u00edn, casi anarquista,<br \/>indagador profundo de la nada.<br \/><br \/>Liberal, escalpelo y descre\u00eddo<br \/>de los males del alma cirujano,<br \/>espa\u00f1ol, ambulante y perseguido,<br \/><br \/>solter\u00f3n, insolente y cartujano,<br \/>dict\u00f3 la soluci\u00f3n contra el olvido:<br \/>solo la acci\u00f3n redime al ser humano.<\/p>\t\t\t\t\t\t<\/div>\n\t\t\t\t<\/div>\n\t\t\t\t\t<\/div>\n\t\t<\/div>\n\t\t\t\t\t<\/div>\n\t\t<\/section>\n\t\t\t\t<\/div>\n\t\t","protected":false},"excerpt":{"rendered":"<p>Me ha costado un esfuerzo sobrehumano elegir tan s\u00f3lo a tres de cada especialidad. Cada uno de ellos representa a muchos otros que siguen una misma l\u00ednea de genialidad, talento, independencia, honestidad, generosidad, amor por la libertad, por el pensamiento libre, etc\u00e9tera, etc\u00e9tera. Aunque a los que m\u00e1s admiro est\u00e1n a mi alrededor, pero no [&hellip;]<\/p>\n","protected":false},"author":1,"featured_media":0,"parent":0,"menu_order":0,"comment_status":"closed","ping_status":"closed","template":"","meta":{"_aioseop_title":"","_aioseop_description":"","ngg_post_thumbnail":0,"footnotes":""},"_links":{"self":[{"href":"http:\/\/www.josemariatornay.com\/index.php\/wp-json\/wp\/v2\/pages\/13144"}],"collection":[{"href":"http:\/\/www.josemariatornay.com\/index.php\/wp-json\/wp\/v2\/pages"}],"about":[{"href":"http:\/\/www.josemariatornay.com\/index.php\/wp-json\/wp\/v2\/types\/page"}],"author":[{"embeddable":true,"href":"http:\/\/www.josemariatornay.com\/index.php\/wp-json\/wp\/v2\/users\/1"}],"replies":[{"embeddable":true,"href":"http:\/\/www.josemariatornay.com\/index.php\/wp-json\/wp\/v2\/comments?post=13144"}],"version-history":[{"count":0,"href":"http:\/\/www.josemariatornay.com\/index.php\/wp-json\/wp\/v2\/pages\/13144\/revisions"}],"wp:attachment":[{"href":"http:\/\/www.josemariatornay.com\/index.php\/wp-json\/wp\/v2\/media?parent=13144"}],"curies":[{"name":"wp","href":"https:\/\/api.w.org\/{rel}","templated":true}]}}