{"id":16404,"date":"2018-09-29T10:40:24","date_gmt":"2018-09-29T09:40:24","guid":{"rendered":"http:\/\/www.josemariatornay.com\/?page_id=16404"},"modified":"2018-09-29T10:47:29","modified_gmt":"2018-09-29T09:47:29","slug":"fiesta-casino-2018","status":"publish","type":"page","link":"http:\/\/www.josemariatornay.com\/index.php\/fiesta-casino-2018\/","title":{"rendered":"Fiesta del Casino 2018"},"content":{"rendered":"\t\t<div data-elementor-type=\"wp-page\" data-elementor-id=\"16404\" class=\"elementor elementor-16404 elementor-bc-flex-widget\">\n\t\t\t\t\t\t<section class=\"elementor-section elementor-top-section elementor-element elementor-element-6476ac4 elementor-section-boxed elementor-section-height-default elementor-section-height-default\" data-id=\"6476ac4\" data-element_type=\"section\">\n\t\t\t\t\t\t<div class=\"elementor-container elementor-column-gap-default\">\n\t\t\t\t\t<div class=\"elementor-column elementor-col-100 elementor-top-column elementor-element elementor-element-f251dbb\" data-id=\"f251dbb\" data-element_type=\"column\">\n\t\t\t<div class=\"elementor-widget-wrap elementor-element-populated\">\n\t\t\t\t\t\t<div class=\"elementor-element elementor-element-2c7d06b elementor-widget elementor-widget-heading\" data-id=\"2c7d06b\" data-element_type=\"widget\" data-widget_type=\"heading.default\">\n\t\t\t\t<div class=\"elementor-widget-container\">\n\t\t\t<style>\/*! elementor - v3.20.0 - 20-03-2024 *\/\n.elementor-heading-title{padding:0;margin:0;line-height:1}.elementor-widget-heading .elementor-heading-title[class*=elementor-size-]>a{color:inherit;font-size:inherit;line-height:inherit}.elementor-widget-heading .elementor-heading-title.elementor-size-small{font-size:15px}.elementor-widget-heading .elementor-heading-title.elementor-size-medium{font-size:19px}.elementor-widget-heading .elementor-heading-title.elementor-size-large{font-size:29px}.elementor-widget-heading .elementor-heading-title.elementor-size-xl{font-size:39px}.elementor-widget-heading .elementor-heading-title.elementor-size-xxl{font-size:59px}<\/style><h2 class=\"elementor-heading-title elementor-size-large\">Antonio G\u00aa Montes y Jos\u00e9 M\u00aa Tornay representan a ENTREAMIGOS EN LA FIESTA ANUAL DEL CASINO (2018)<\/h2>\t\t<\/div>\n\t\t\t\t<\/div>\n\t\t\t\t\t<\/div>\n\t\t<\/div>\n\t\t\t\t\t<\/div>\n\t\t<\/section>\n\t\t\t\t<section class=\"elementor-section elementor-top-section elementor-element elementor-element-d5da193 elementor-section-boxed elementor-section-height-default elementor-section-height-default\" data-id=\"d5da193\" data-element_type=\"section\">\n\t\t\t\t\t\t<div class=\"elementor-container elementor-column-gap-default\">\n\t\t\t\t\t<div class=\"elementor-column elementor-col-50 elementor-top-column elementor-element elementor-element-1cd5b93\" data-id=\"1cd5b93\" data-element_type=\"column\">\n\t\t\t<div class=\"elementor-widget-wrap elementor-element-populated\">\n\t\t\t\t\t\t<div class=\"elementor-element elementor-element-97f2484 elementor-widget elementor-widget-image\" data-id=\"97f2484\" data-element_type=\"widget\" data-widget_type=\"image.default\">\n\t\t\t\t<div class=\"elementor-widget-container\">\n\t\t\t<style>\/*! elementor - v3.20.0 - 20-03-2024 *\/\n.elementor-widget-image{text-align:center}.elementor-widget-image a{display:inline-block}.elementor-widget-image a img[src$=\".svg\"]{width:48px}.elementor-widget-image img{vertical-align:middle;display:inline-block}<\/style>\t\t\t\t\t\t\t\t\t\t<img fetchpriority=\"high\" decoding=\"async\" width=\"992\" height=\"560\" src=\"http:\/\/www.josemariatornay.com\/wp-content\/uploads\/2018\/09\/Casino-1.jpg\" class=\"attachment-large size-large wp-image-16399\" alt=\"\" srcset=\"http:\/\/www.josemariatornay.com\/wp-content\/uploads\/2018\/09\/Casino-1.jpg 992w, http:\/\/www.josemariatornay.com\/wp-content\/uploads\/2018\/09\/Casino-1-300x169.jpg 300w, http:\/\/www.josemariatornay.com\/wp-content\/uploads\/2018\/09\/Casino-1-768x434.jpg 768w\" sizes=\"(max-width: 992px) 100vw, 992px\" \/>\t\t\t\t\t\t\t\t\t\t\t\t\t<\/div>\n\t\t\t\t<\/div>\n\t\t\t\t\t<\/div>\n\t\t<\/div>\n\t\t\t\t<div class=\"elementor-column elementor-col-50 elementor-top-column elementor-element elementor-element-84bac09\" data-id=\"84bac09\" data-element_type=\"column\">\n\t\t\t<div class=\"elementor-widget-wrap elementor-element-populated\">\n\t\t\t\t\t\t<div class=\"elementor-element elementor-element-a8292a9 elementor-widget elementor-widget-image\" data-id=\"a8292a9\" data-element_type=\"widget\" data-widget_type=\"image.default\">\n\t\t\t\t<div class=\"elementor-widget-container\">\n\t\t\t\t\t\t\t\t\t\t\t\t\t<img decoding=\"async\" width=\"992\" height=\"560\" src=\"http:\/\/www.josemariatornay.com\/wp-content\/uploads\/2018\/09\/Casino-2.jpg\" class=\"attachment-large size-large wp-image-16398\" alt=\"\" srcset=\"http:\/\/www.josemariatornay.com\/wp-content\/uploads\/2018\/09\/Casino-2.jpg 992w, http:\/\/www.josemariatornay.com\/wp-content\/uploads\/2018\/09\/Casino-2-300x169.jpg 300w, http:\/\/www.josemariatornay.com\/wp-content\/uploads\/2018\/09\/Casino-2-768x434.jpg 768w\" sizes=\"(max-width: 992px) 100vw, 992px\" \/>\t\t\t\t\t\t\t\t\t\t\t\t\t<\/div>\n\t\t\t\t<\/div>\n\t\t\t\t\t<\/div>\n\t\t<\/div>\n\t\t\t\t\t<\/div>\n\t\t<\/section>\n\t\t\t\t<section class=\"elementor-section elementor-top-section elementor-element elementor-element-af0222e elementor-section-boxed elementor-section-height-default elementor-section-height-default\" data-id=\"af0222e\" data-element_type=\"section\">\n\t\t\t\t\t\t<div class=\"elementor-container elementor-column-gap-default\">\n\t\t\t\t\t<div class=\"elementor-column elementor-col-100 elementor-top-column elementor-element elementor-element-f180664\" data-id=\"f180664\" data-element_type=\"column\">\n\t\t\t<div class=\"elementor-widget-wrap elementor-element-populated\">\n\t\t\t\t\t\t<div class=\"elementor-element elementor-element-2547b8e elementor-widget elementor-widget-text-editor\" data-id=\"2547b8e\" data-element_type=\"widget\" data-widget_type=\"text-editor.default\">\n\t\t\t\t<div class=\"elementor-widget-container\">\n\t\t\t<style>\/*! elementor - v3.20.0 - 20-03-2024 *\/\n.elementor-widget-text-editor.elementor-drop-cap-view-stacked .elementor-drop-cap{background-color:#69727d;color:#fff}.elementor-widget-text-editor.elementor-drop-cap-view-framed .elementor-drop-cap{color:#69727d;border:3px solid;background-color:transparent}.elementor-widget-text-editor:not(.elementor-drop-cap-view-default) .elementor-drop-cap{margin-top:8px}.elementor-widget-text-editor:not(.elementor-drop-cap-view-default) .elementor-drop-cap-letter{width:1em;height:1em}.elementor-widget-text-editor .elementor-drop-cap{float:left;text-align:center;line-height:1;font-size:50px}.elementor-widget-text-editor .elementor-drop-cap-letter{display:inline-block}<\/style>\t\t\t\t<p>Interpretaron una canci\u00f3n de Jos\u00e9 Mar\u00eda, titulada \u00abRONDA\u00bb y que ya se estren\u00f3 en el Preg\u00f3n de Ronda Rom\u00e1ntica 2018 y un precioso tema del ronde\u00f1o Juan Antonio Ord\u00f3\u00f1ez, titulado \u00abRONDE\u00d1ITA\u00bb. Fue un acto entra\u00f1able, con un p\u00fablico respetuoso y entregado y que estaba formado por los socios de dicha entidad. Tuvimos tambi\u00e9n la oportunidad de escuchar una estupenda interpretaci\u00f3n d ela canci\u00f3n de Triana\u00a0 \u00abTU FRIALDAD\u00bb a cargo del socio Jes\u00fas V\u00e1zquez.\u00a0<\/p>\t\t\t\t\t\t<\/div>\n\t\t\t\t<\/div>\n\t\t\t\t\t<\/div>\n\t\t<\/div>\n\t\t\t\t\t<\/div>\n\t\t<\/section>\n\t\t\t\t<\/div>\n\t\t","protected":false},"excerpt":{"rendered":"<p>Antonio G\u00aa Montes y Jos\u00e9 M\u00aa Tornay representan a ENTREAMIGOS EN LA FIESTA ANUAL DEL CASINO (2018) Interpretaron una canci\u00f3n de Jos\u00e9 Mar\u00eda, titulada \u00abRONDA\u00bb y que ya se estren\u00f3 en el Preg\u00f3n de Ronda Rom\u00e1ntica 2018 y un precioso tema del ronde\u00f1o Juan Antonio Ord\u00f3\u00f1ez, titulado \u00abRONDE\u00d1ITA\u00bb. Fue un acto entra\u00f1able, con un p\u00fablico [&hellip;]<\/p>\n","protected":false},"author":1,"featured_media":0,"parent":0,"menu_order":0,"comment_status":"closed","ping_status":"closed","template":"","meta":{"_aioseop_title":"","_aioseop_description":"","ngg_post_thumbnail":0,"footnotes":""},"_links":{"self":[{"href":"http:\/\/www.josemariatornay.com\/index.php\/wp-json\/wp\/v2\/pages\/16404"}],"collection":[{"href":"http:\/\/www.josemariatornay.com\/index.php\/wp-json\/wp\/v2\/pages"}],"about":[{"href":"http:\/\/www.josemariatornay.com\/index.php\/wp-json\/wp\/v2\/types\/page"}],"author":[{"embeddable":true,"href":"http:\/\/www.josemariatornay.com\/index.php\/wp-json\/wp\/v2\/users\/1"}],"replies":[{"embeddable":true,"href":"http:\/\/www.josemariatornay.com\/index.php\/wp-json\/wp\/v2\/comments?post=16404"}],"version-history":[{"count":0,"href":"http:\/\/www.josemariatornay.com\/index.php\/wp-json\/wp\/v2\/pages\/16404\/revisions"}],"wp:attachment":[{"href":"http:\/\/www.josemariatornay.com\/index.php\/wp-json\/wp\/v2\/media?parent=16404"}],"curies":[{"name":"wp","href":"https:\/\/api.w.org\/{rel}","templated":true}]}}