{"id":16705,"date":"2018-10-05T13:20:08","date_gmt":"2018-10-05T12:20:08","guid":{"rendered":"http:\/\/www.josemariatornay.com\/?page_id=16705"},"modified":"2018-10-07T15:21:19","modified_gmt":"2018-10-07T14:21:19","slug":"armas-comico-digital","status":"publish","type":"page","link":"http:\/\/www.josemariatornay.com\/index.php\/armas-comico-digital\/","title":{"rendered":"Las armas del c\u00f3mico (digital)"},"content":{"rendered":"\t\t<div data-elementor-type=\"wp-post\" data-elementor-id=\"16705\" class=\"elementor elementor-16705 elementor-bc-flex-widget\">\n\t\t\t\t\t\t<section class=\"elementor-section elementor-top-section elementor-element elementor-element-532c58c elementor-section-boxed elementor-section-height-default elementor-section-height-default\" data-id=\"532c58c\" data-element_type=\"section\">\n\t\t\t\t\t\t<div class=\"elementor-container elementor-column-gap-default\">\n\t\t\t\t\t<div class=\"elementor-column elementor-col-100 elementor-top-column elementor-element elementor-element-0e9e0a1\" data-id=\"0e9e0a1\" data-element_type=\"column\">\n\t\t\t<div class=\"elementor-widget-wrap elementor-element-populated\">\n\t\t\t\t\t\t<div class=\"elementor-element elementor-element-9c84789 elementor-widget elementor-widget-heading\" data-id=\"9c84789\" data-element_type=\"widget\" data-widget_type=\"heading.default\">\n\t\t\t\t<div class=\"elementor-widget-container\">\n\t\t\t<style>\/*! elementor - v3.20.0 - 20-03-2024 *\/\n.elementor-heading-title{padding:0;margin:0;line-height:1}.elementor-widget-heading .elementor-heading-title[class*=elementor-size-]>a{color:inherit;font-size:inherit;line-height:inherit}.elementor-widget-heading .elementor-heading-title.elementor-size-small{font-size:15px}.elementor-widget-heading .elementor-heading-title.elementor-size-medium{font-size:19px}.elementor-widget-heading .elementor-heading-title.elementor-size-large{font-size:29px}.elementor-widget-heading .elementor-heading-title.elementor-size-xl{font-size:39px}.elementor-widget-heading .elementor-heading-title.elementor-size-xxl{font-size:59px}<\/style><h2 class=\"elementor-heading-title elementor-size-large\">LAS ARMAS DEL C\u00d3MICO<\/h2>\t\t<\/div>\n\t\t\t\t<\/div>\n\t\t\t\t\t<\/div>\n\t\t<\/div>\n\t\t\t\t\t<\/div>\n\t\t<\/section>\n\t\t\t\t<section class=\"elementor-section elementor-top-section elementor-element elementor-element-db2b79b elementor-section-boxed elementor-section-height-default elementor-section-height-default\" data-id=\"db2b79b\" data-element_type=\"section\">\n\t\t\t\t\t\t<div class=\"elementor-container elementor-column-gap-default\">\n\t\t\t\t\t<div class=\"elementor-column elementor-col-50 elementor-top-column elementor-element elementor-element-9536154\" data-id=\"9536154\" data-element_type=\"column\">\n\t\t\t<div class=\"elementor-widget-wrap elementor-element-populated\">\n\t\t\t\t\t\t<div class=\"elementor-element elementor-element-a1fe203 elementor-widget elementor-widget-heading\" data-id=\"a1fe203\" data-element_type=\"widget\" data-widget_type=\"heading.default\">\n\t\t\t\t<div class=\"elementor-widget-container\">\n\t\t\t<h2 class=\"elementor-heading-title elementor-size-default\"><a href=\"http:\/\/www.josemariatornay.com\/wp-content\/uploads\/2018\/10\/Las-armas-del-c\u00f3mico.pdf\">Bajar en pdf<\/a><\/h2>\t\t<\/div>\n\t\t\t\t<\/div>\n\t\t\t\t\t<\/div>\n\t\t<\/div>\n\t\t\t\t<div class=\"elementor-column elementor-col-50 elementor-top-column elementor-element elementor-element-4964c72\" data-id=\"4964c72\" data-element_type=\"column\">\n\t\t\t<div class=\"elementor-widget-wrap elementor-element-populated\">\n\t\t\t\t\t\t<div class=\"elementor-element elementor-element-af5b746 elementor-widget elementor-widget-heading\" data-id=\"af5b746\" data-element_type=\"widget\" data-widget_type=\"heading.default\">\n\t\t\t\t<div class=\"elementor-widget-container\">\n\t\t\t<h2 class=\"elementor-heading-title elementor-size-default\"><a href=\"http:\/\/www.lulu.com\/shop\/jos%C3%A9-mar%C3%ADa-tornay-ruiz\/las-armas-del-c%C3%B3mico\/ebook\/product-17483020.html\">Comprar en papel (Editorial Lul\u00fa)<\/a><\/h2>\t\t<\/div>\n\t\t\t\t<\/div>\n\t\t\t\t\t<\/div>\n\t\t<\/div>\n\t\t\t\t\t<\/div>\n\t\t<\/section>\n\t\t\t\t<section class=\"elementor-section elementor-top-section elementor-element elementor-element-f4eaaac elementor-section-boxed elementor-section-height-default elementor-section-height-default\" data-id=\"f4eaaac\" data-element_type=\"section\">\n\t\t\t\t\t\t<div class=\"elementor-container elementor-column-gap-default\">\n\t\t\t\t\t<div class=\"elementor-column elementor-col-50 elementor-top-column elementor-element elementor-element-abf6324\" data-id=\"abf6324\" data-element_type=\"column\">\n\t\t\t<div class=\"elementor-widget-wrap elementor-element-populated\">\n\t\t\t\t\t\t<div class=\"elementor-element elementor-element-7c0af14 elementor-widget elementor-widget-image\" data-id=\"7c0af14\" data-element_type=\"widget\" data-widget_type=\"image.default\">\n\t\t\t\t<div class=\"elementor-widget-container\">\n\t\t\t<style>\/*! elementor - v3.20.0 - 20-03-2024 *\/\n.elementor-widget-image{text-align:center}.elementor-widget-image a{display:inline-block}.elementor-widget-image a img[src$=\".svg\"]{width:48px}.elementor-widget-image img{vertical-align:middle;display:inline-block}<\/style>\t\t\t\t\t\t\t\t\t\t<img fetchpriority=\"high\" decoding=\"async\" width=\"214\" height=\"320\" src=\"http:\/\/www.josemariatornay.com\/wp-content\/uploads\/2018\/10\/armas-comico.jpg\" class=\"attachment-large size-large wp-image-16709\" alt=\"\" srcset=\"http:\/\/www.josemariatornay.com\/wp-content\/uploads\/2018\/10\/armas-comico.jpg 214w, http:\/\/www.josemariatornay.com\/wp-content\/uploads\/2018\/10\/armas-comico-201x300.jpg 201w\" sizes=\"(max-width: 214px) 100vw, 214px\" \/>\t\t\t\t\t\t\t\t\t\t\t\t\t<\/div>\n\t\t\t\t<\/div>\n\t\t\t\t\t<\/div>\n\t\t<\/div>\n\t\t\t\t<div class=\"elementor-column elementor-col-50 elementor-top-column elementor-element elementor-element-2aa8ac4\" data-id=\"2aa8ac4\" data-element_type=\"column\">\n\t\t\t<div class=\"elementor-widget-wrap elementor-element-populated\">\n\t\t\t\t\t\t<div class=\"elementor-element elementor-element-7f62303 elementor-widget elementor-widget-text-editor\" data-id=\"7f62303\" data-element_type=\"widget\" data-widget_type=\"text-editor.default\">\n\t\t\t\t<div class=\"elementor-widget-container\">\n\t\t\t<style>\/*! elementor - v3.20.0 - 20-03-2024 *\/\n.elementor-widget-text-editor.elementor-drop-cap-view-stacked .elementor-drop-cap{background-color:#69727d;color:#fff}.elementor-widget-text-editor.elementor-drop-cap-view-framed .elementor-drop-cap{color:#69727d;border:3px solid;background-color:transparent}.elementor-widget-text-editor:not(.elementor-drop-cap-view-default) .elementor-drop-cap{margin-top:8px}.elementor-widget-text-editor:not(.elementor-drop-cap-view-default) .elementor-drop-cap-letter{width:1em;height:1em}.elementor-widget-text-editor .elementor-drop-cap{float:left;text-align:center;line-height:1;font-size:50px}.elementor-widget-text-editor .elementor-drop-cap-letter{display:inline-block}<\/style>\t\t\t\t<p>Esta edici\u00f3n se hizo cuando la edici\u00f3n original en papel se\u00a0 agot\u00f3.<br \/>Puede bajars e en pdf , o bie, acudir a la p\u00e1gina de la editorial para adquirir la edici\u00f3n impresa a precio de coste.<\/p><p>Al lector que, interesado en la materia, se ponga a leer este estudio sobre \u201cLas armas del c\u00f3mico\u201d le podr\u00e1 pasar lo que a m\u00ed: quedarse sorprendido de la profundidad del estudio y de lo complicado que resulta ser un buen c\u00f3mico de teatro. Yo pensaba que era f\u00e1cil. \u00a1Nada m\u00e1s lejos de la realidad! Este era mi criterio antes de profundizar en la lectura de este texto. Seg\u00fan he dicho siempre, todos podemos servir para el teatro, otra cosa bien distinta es que todos podamos servir para c\u00f3micos de teatro. Esto, seg\u00fan este estudio, no es tan f\u00e1cil, incluso yo dir\u00eda que es complicado. Total que, a partir de ahora, eso de que \u201ctodo el mundo sirve para el teatro\u201d me lo tendr\u00e9 que replantear. No obstante, seg\u00fan Calder\u00f3n de la Barca, actuar es estar constantemente en la vida. \u00c9l lo recoge en uno de sus Autos Sacramentales: \u201cEl mundo es un gran teatro en el que cada uno est\u00e1 desarrollando su papel\u201d. (<em>del Pr\u00f3logo<\/em>)<\/p>\t\t\t\t\t\t<\/div>\n\t\t\t\t<\/div>\n\t\t\t\t\t<\/div>\n\t\t<\/div>\n\t\t\t\t\t<\/div>\n\t\t<\/section>\n\t\t\t\t<\/div>\n\t\t","protected":false},"excerpt":{"rendered":"<p>LAS ARMAS DEL C\u00d3MICO Bajar en pdf Comprar en papel (Editorial Lul\u00fa) Esta edici\u00f3n se hizo cuando la edici\u00f3n original en papel se\u00a0 agot\u00f3.Puede bajars e en pdf , o bie, acudir a la p\u00e1gina de la editorial para adquirir la edici\u00f3n impresa a precio de coste. Al lector que, interesado en la materia, se [&hellip;]<\/p>\n","protected":false},"author":1,"featured_media":0,"parent":0,"menu_order":0,"comment_status":"closed","ping_status":"closed","template":"","meta":{"_aioseop_title":"","_aioseop_description":"","ngg_post_thumbnail":0,"footnotes":""},"_links":{"self":[{"href":"http:\/\/www.josemariatornay.com\/index.php\/wp-json\/wp\/v2\/pages\/16705"}],"collection":[{"href":"http:\/\/www.josemariatornay.com\/index.php\/wp-json\/wp\/v2\/pages"}],"about":[{"href":"http:\/\/www.josemariatornay.com\/index.php\/wp-json\/wp\/v2\/types\/page"}],"author":[{"embeddable":true,"href":"http:\/\/www.josemariatornay.com\/index.php\/wp-json\/wp\/v2\/users\/1"}],"replies":[{"embeddable":true,"href":"http:\/\/www.josemariatornay.com\/index.php\/wp-json\/wp\/v2\/comments?post=16705"}],"version-history":[{"count":0,"href":"http:\/\/www.josemariatornay.com\/index.php\/wp-json\/wp\/v2\/pages\/16705\/revisions"}],"wp:attachment":[{"href":"http:\/\/www.josemariatornay.com\/index.php\/wp-json\/wp\/v2\/media?parent=16705"}],"curies":[{"name":"wp","href":"https:\/\/api.w.org\/{rel}","templated":true}]}}