{"id":19331,"date":"2020-04-12T13:40:52","date_gmt":"2020-04-12T12:40:52","guid":{"rendered":"http:\/\/www.josemariatornay.com\/?page_id=19331"},"modified":"2020-04-12T15:10:40","modified_gmt":"2020-04-12T14:10:40","slug":"historia-de-ronda","status":"publish","type":"page","link":"http:\/\/www.josemariatornay.com\/index.php\/historia-de-ronda\/","title":{"rendered":"HISTORIA DE RONDA"},"content":{"rendered":"\t\t<div data-elementor-type=\"wp-post\" data-elementor-id=\"19331\" class=\"elementor elementor-19331 elementor-bc-flex-widget\">\n\t\t\t\t\t\t<section class=\"elementor-section elementor-top-section elementor-element elementor-element-d24403a elementor-section-boxed elementor-section-height-default elementor-section-height-default\" data-id=\"d24403a\" data-element_type=\"section\">\n\t\t\t\t\t\t<div class=\"elementor-container elementor-column-gap-default\">\n\t\t\t\t\t<div class=\"elementor-column elementor-col-100 elementor-top-column elementor-element elementor-element-dba3427\" data-id=\"dba3427\" data-element_type=\"column\">\n\t\t\t<div class=\"elementor-widget-wrap elementor-element-populated\">\n\t\t\t\t\t\t<section class=\"elementor-section elementor-inner-section elementor-element elementor-element-047ca5d elementor-section-boxed elementor-section-height-default elementor-section-height-default\" data-id=\"047ca5d\" data-element_type=\"section\">\n\t\t\t\t\t\t<div class=\"elementor-container elementor-column-gap-default\">\n\t\t\t\t\t<div class=\"elementor-column elementor-col-50 elementor-inner-column elementor-element elementor-element-d94f9f7\" data-id=\"d94f9f7\" data-element_type=\"column\">\n\t\t\t<div class=\"elementor-widget-wrap elementor-element-populated\">\n\t\t\t\t\t\t<div class=\"elementor-element elementor-element-9746b8e elementor-widget elementor-widget-image\" data-id=\"9746b8e\" data-element_type=\"widget\" data-widget_type=\"image.default\">\n\t\t\t\t<div class=\"elementor-widget-container\">\n\t\t\t<style>\/*! elementor - v3.20.0 - 20-03-2024 *\/\n.elementor-widget-image{text-align:center}.elementor-widget-image a{display:inline-block}.elementor-widget-image a img[src$=\".svg\"]{width:48px}.elementor-widget-image img{vertical-align:middle;display:inline-block}<\/style>\t\t\t\t\t\t\t\t\t\t<img decoding=\"async\" src=\"http:\/\/www.josemariatornay.com\/wp-content\/uploads\/elementor\/thumbs\/ronda-tajo-opnl95i10celcoge7rcqoy17f41gy5652a28mnohz4.jpg\" title=\"ronda tajo\" alt=\"ronda tajo\" loading=\"lazy\" \/>\t\t\t\t\t\t\t\t\t\t\t\t\t<\/div>\n\t\t\t\t<\/div>\n\t\t\t\t\t<\/div>\n\t\t<\/div>\n\t\t\t\t<div class=\"elementor-column elementor-col-50 elementor-inner-column elementor-element elementor-element-3b130fc\" data-id=\"3b130fc\" data-element_type=\"column\">\n\t\t\t<div class=\"elementor-widget-wrap elementor-element-populated\">\n\t\t\t\t\t\t<div class=\"elementor-element elementor-element-f66862d elementor-widget elementor-widget-heading\" data-id=\"f66862d\" data-element_type=\"widget\" data-widget_type=\"heading.default\">\n\t\t\t\t<div class=\"elementor-widget-container\">\n\t\t\t<style>\/*! elementor - v3.20.0 - 20-03-2024 *\/\n.elementor-heading-title{padding:0;margin:0;line-height:1}.elementor-widget-heading .elementor-heading-title[class*=elementor-size-]>a{color:inherit;font-size:inherit;line-height:inherit}.elementor-widget-heading .elementor-heading-title.elementor-size-small{font-size:15px}.elementor-widget-heading .elementor-heading-title.elementor-size-medium{font-size:19px}.elementor-widget-heading .elementor-heading-title.elementor-size-large{font-size:29px}.elementor-widget-heading .elementor-heading-title.elementor-size-xl{font-size:39px}.elementor-widget-heading .elementor-heading-title.elementor-size-xxl{font-size:59px}<\/style><h2 class=\"elementor-heading-title elementor-size-default\">He aqu\u00ed una historia sucinta; breve, muy breve. En trazos gordos, como corresponde a quien desea conocer su pasado de una manera rigurosa, certera, pero breve. Ya habr\u00e1 tiempo de ir profundizando; cada uno a su ritmo y a su paso.\nPero, ahora, lo importante es saber de d\u00f3nde venimos, cu\u00e1les son nuestros or\u00edgenes.<br>Ronda es nuestra pasi\u00f3n, pero \u00e9sta exige conocimiento. Para entender nuestro presente hay que hurgar en el pasado.<\/h2>\t\t<\/div>\n\t\t\t\t<\/div>\n\t\t\t\t\t<\/div>\n\t\t<\/div>\n\t\t\t\t\t<\/div>\n\t\t<\/section>\n\t\t\t\t\t<\/div>\n\t\t<\/div>\n\t\t\t\t\t<\/div>\n\t\t<\/section>\n\t\t\t\t<section class=\"elementor-section elementor-top-section elementor-element elementor-element-1e81c5e elementor-section-boxed elementor-section-height-default elementor-section-height-default\" data-id=\"1e81c5e\" data-element_type=\"section\">\n\t\t\t\t\t\t<div class=\"elementor-container elementor-column-gap-default\">\n\t\t\t\t\t<div class=\"elementor-column elementor-col-50 elementor-top-column elementor-element elementor-element-7807dc4\" data-id=\"7807dc4\" data-element_type=\"column\">\n\t\t\t<div class=\"elementor-widget-wrap elementor-element-populated\">\n\t\t\t\t\t\t<div class=\"elementor-element elementor-element-f8e2ead elementor-widget elementor-widget-text-editor\" data-id=\"f8e2ead\" data-element_type=\"widget\" data-widget_type=\"text-editor.default\">\n\t\t\t\t<div class=\"elementor-widget-container\">\n\t\t\t<style>\/*! elementor - v3.20.0 - 20-03-2024 *\/\n.elementor-widget-text-editor.elementor-drop-cap-view-stacked .elementor-drop-cap{background-color:#69727d;color:#fff}.elementor-widget-text-editor.elementor-drop-cap-view-framed .elementor-drop-cap{color:#69727d;border:3px solid;background-color:transparent}.elementor-widget-text-editor:not(.elementor-drop-cap-view-default) .elementor-drop-cap{margin-top:8px}.elementor-widget-text-editor:not(.elementor-drop-cap-view-default) .elementor-drop-cap-letter{width:1em;height:1em}.elementor-widget-text-editor .elementor-drop-cap{float:left;text-align:center;line-height:1;font-size:50px}.elementor-widget-text-editor .elementor-drop-cap-letter{display:inline-block}<\/style>\t\t\t\t<p>Sus or\u00edgenes se remontan al Neol\u00edtico, seg\u00fan los descubrimientos arqueol\u00f3gicos realizados en su casco antiguo. Eso significa que al menos 6000 a\u00f1os de antig\u00fcedad nos contemplan.<\/p>\t\t\t\t\t\t<\/div>\n\t\t\t\t<\/div>\n\t\t\t\t\t<\/div>\n\t\t<\/div>\n\t\t\t\t<div class=\"elementor-column elementor-col-50 elementor-top-column elementor-element elementor-element-91faa49\" data-id=\"91faa49\" data-element_type=\"column\">\n\t\t\t<div class=\"elementor-widget-wrap elementor-element-populated\">\n\t\t\t\t\t\t<div class=\"elementor-element elementor-element-dbc5810 elementor-widget elementor-widget-text-editor\" data-id=\"dbc5810\" data-element_type=\"widget\" data-widget_type=\"text-editor.default\">\n\t\t\t\t<div class=\"elementor-widget-container\">\n\t\t\t\t\t\t\t<p>Durante la Prehistoria Reciente se asistir\u00eda a una proliferaci\u00f3n de asentamientos por todo el territorio como demuestran las necr\u00f3polis megal\u00edticas: Dolmen del Chopo, de Encinas Borrachas, entre otros.<\/p>\t\t\t\t\t\t<\/div>\n\t\t\t\t<\/div>\n\t\t\t\t\t<\/div>\n\t\t<\/div>\n\t\t\t\t\t<\/div>\n\t\t<\/section>\n\t\t\t\t<section class=\"elementor-section elementor-top-section elementor-element elementor-element-4ca5cda elementor-section-boxed elementor-section-height-default elementor-section-height-default\" data-id=\"4ca5cda\" data-element_type=\"section\">\n\t\t\t\t\t\t<div class=\"elementor-container elementor-column-gap-default\">\n\t\t\t\t\t<div class=\"elementor-column elementor-col-50 elementor-top-column elementor-element elementor-element-ac81296\" data-id=\"ac81296\" data-element_type=\"column\">\n\t\t\t<div class=\"elementor-widget-wrap elementor-element-populated\">\n\t\t\t\t\t\t<div class=\"elementor-element elementor-element-1bdf6c5 elementor-widget elementor-widget-text-editor\" data-id=\"1bdf6c5\" data-element_type=\"widget\" data-widget_type=\"text-editor.default\">\n\t\t\t\t<div class=\"elementor-widget-container\">\n\t\t\t\t\t\t\t<p>Es importante el n\u00famero de d\u00f3lmenes aparecidos en Ronda as\u00ed como es sus cercan\u00edas.<br \/>En el Museo Arqueol\u00f3gico de M\u00e1laga se muestran varias piezas encontradas en Ronda y pertenecientes a la Edad del Bronce.<\/p>\t\t\t\t\t\t<\/div>\n\t\t\t\t<\/div>\n\t\t\t\t\t<\/div>\n\t\t<\/div>\n\t\t\t\t<div class=\"elementor-column elementor-col-50 elementor-top-column elementor-element elementor-element-30f039f\" data-id=\"30f039f\" data-element_type=\"column\">\n\t\t\t<div class=\"elementor-widget-wrap elementor-element-populated\">\n\t\t\t\t\t\t<div class=\"elementor-element elementor-element-f7be524 elementor-widget elementor-widget-text-editor\" data-id=\"f7be524\" data-element_type=\"widget\" data-widget_type=\"text-editor.default\">\n\t\t\t\t<div class=\"elementor-widget-container\">\n\t\t\t\t\t\t\t<p align=\"justify\">Es en esta \u00e9poca cuando se consoliden igualmente los dos poblados m\u00e1s importantes de la comarca: ACINIPO y RONDA.<\/p><p>\u00a0<\/p>\t\t\t\t\t\t<\/div>\n\t\t\t\t<\/div>\n\t\t\t\t\t<\/div>\n\t\t<\/div>\n\t\t\t\t\t<\/div>\n\t\t<\/section>\n\t\t\t\t<section class=\"elementor-section elementor-top-section elementor-element elementor-element-d84c849 elementor-section-boxed elementor-section-height-default elementor-section-height-default\" data-id=\"d84c849\" data-element_type=\"section\">\n\t\t\t\t\t\t<div class=\"elementor-container elementor-column-gap-default\">\n\t\t\t\t\t<div class=\"elementor-column elementor-col-50 elementor-top-column elementor-element elementor-element-4e9c5ab\" data-id=\"4e9c5ab\" data-element_type=\"column\">\n\t\t\t<div class=\"elementor-widget-wrap elementor-element-populated\">\n\t\t\t\t\t\t<div class=\"elementor-element elementor-element-414b797 elementor-widget elementor-widget-text-editor\" data-id=\"414b797\" data-element_type=\"widget\" data-widget_type=\"text-editor.default\">\n\t\t\t\t<div class=\"elementor-widget-container\">\n\t\t\t\t\t\t\t<p>Los primeros n\u00facleos de poblaci\u00f3n dentro del t\u00e9rmino parece que est\u00e1n unidos a la presencia de los celtas, a los que seguir\u00edan siglos despu\u00e9s los tartessos, \u00edberos y otros pueblos.<\/p>\t\t\t\t\t\t<\/div>\n\t\t\t\t<\/div>\n\t\t\t\t\t<\/div>\n\t\t<\/div>\n\t\t\t\t<div class=\"elementor-column elementor-col-50 elementor-top-column elementor-element elementor-element-d965e16\" data-id=\"d965e16\" data-element_type=\"column\">\n\t\t\t<div class=\"elementor-widget-wrap elementor-element-populated\">\n\t\t\t\t\t\t<div class=\"elementor-element elementor-element-de1d73a elementor-widget elementor-widget-text-editor\" data-id=\"de1d73a\" data-element_type=\"widget\" data-widget_type=\"text-editor.default\">\n\t\t\t\t<div class=\"elementor-widget-container\">\n\t\t\t\t\t\t\t<p>Muchos de estos asentamientos fueron aprovechados por los romanos, consiguiendo algunos de ellos gran importancia durante el Imperio.<\/p>\t\t\t\t\t\t<\/div>\n\t\t\t\t<\/div>\n\t\t\t\t\t<\/div>\n\t\t<\/div>\n\t\t\t\t\t<\/div>\n\t\t<\/section>\n\t\t\t\t<section class=\"elementor-section elementor-top-section elementor-element elementor-element-f1e9bff elementor-section-boxed elementor-section-height-default elementor-section-height-default\" data-id=\"f1e9bff\" data-element_type=\"section\">\n\t\t\t\t\t\t<div class=\"elementor-container elementor-column-gap-default\">\n\t\t\t\t\t<div class=\"elementor-column elementor-col-50 elementor-top-column elementor-element elementor-element-302f479\" data-id=\"302f479\" data-element_type=\"column\">\n\t\t\t<div class=\"elementor-widget-wrap elementor-element-populated\">\n\t\t\t\t\t\t<div class=\"elementor-element elementor-element-d305443 elementor-widget elementor-widget-text-editor\" data-id=\"d305443\" data-element_type=\"widget\" data-widget_type=\"text-editor.default\">\n\t\t\t\t<div class=\"elementor-widget-container\">\n\t\t\t\t\t\t\t<p>Tal es el caso de Acinipo, a la que Vespasiano otorg\u00f3 el derecho latino, al mismo nivel que poblaciones como C\u00f3rdoba y Sevilla.<\/p><p>Esta ciudad, de la que se conservan las ruinas de su teatro a pocos kil\u00f3metros de la ciudad de Ronda, por la carretera de Setenil, fue destruida en el siglo V por los v\u00e1ndalos.<\/p><p>Desaparecida Acinipo, tras el per\u00edodo convulso que supuso la ca\u00edda del Imperio Romano, el centro de atenci\u00f3n se dirigir\u00e1 hacia Ronda, la cual, a\u00fan siendo un n\u00facleo muy reducido durante la primera Edad Media, ser\u00e1 desde entonces la protagonista de todos los avatares hist\u00f3ricos que se dieron cita en este territorio.<\/p>\t\t\t\t\t\t<\/div>\n\t\t\t\t<\/div>\n\t\t\t\t\t<\/div>\n\t\t<\/div>\n\t\t\t\t<div class=\"elementor-column elementor-col-50 elementor-top-column elementor-element elementor-element-3830ce3\" data-id=\"3830ce3\" data-element_type=\"column\">\n\t\t\t<div class=\"elementor-widget-wrap elementor-element-populated\">\n\t\t\t\t\t\t<div class=\"elementor-element elementor-element-07bb804 elementor-widget elementor-widget-image\" data-id=\"07bb804\" data-element_type=\"widget\" data-widget_type=\"image.default\">\n\t\t\t\t<div class=\"elementor-widget-container\">\n\t\t\t\t\t\t\t\t\t\t\t\t\t<img fetchpriority=\"high\" decoding=\"async\" width=\"1024\" height=\"683\" src=\"http:\/\/www.josemariatornay.com\/wp-content\/uploads\/2020\/04\/Acinipo-1024x683.jpg\" class=\"attachment-large size-large wp-image-19337\" alt=\"\" srcset=\"http:\/\/www.josemariatornay.com\/wp-content\/uploads\/2020\/04\/Acinipo-1024x683.jpg 1024w, http:\/\/www.josemariatornay.com\/wp-content\/uploads\/2020\/04\/Acinipo-300x200.jpg 300w, http:\/\/www.josemariatornay.com\/wp-content\/uploads\/2020\/04\/Acinipo-768x512.jpg 768w, http:\/\/www.josemariatornay.com\/wp-content\/uploads\/2020\/04\/Acinipo.jpg 1284w\" sizes=\"(max-width: 1024px) 100vw, 1024px\" \/>\t\t\t\t\t\t\t\t\t\t\t\t\t<\/div>\n\t\t\t\t<\/div>\n\t\t\t\t\t<\/div>\n\t\t<\/div>\n\t\t\t\t\t<\/div>\n\t\t<\/section>\n\t\t\t\t<section class=\"elementor-section elementor-top-section elementor-element elementor-element-8e4ede5 elementor-section-boxed elementor-section-height-default elementor-section-height-default\" data-id=\"8e4ede5\" data-element_type=\"section\">\n\t\t\t\t\t\t<div class=\"elementor-container elementor-column-gap-default\">\n\t\t\t\t\t<div class=\"elementor-column elementor-col-50 elementor-top-column elementor-element elementor-element-00905bd\" data-id=\"00905bd\" data-element_type=\"column\">\n\t\t\t<div class=\"elementor-widget-wrap elementor-element-populated\">\n\t\t\t\t\t\t<div class=\"elementor-element elementor-element-46f5540 elementor-widget elementor-widget-text-editor\" data-id=\"46f5540\" data-element_type=\"widget\" data-widget_type=\"text-editor.default\">\n\t\t\t\t<div class=\"elementor-widget-container\">\n\t\t\t\t\t\t\t<p>Ronda se configura y consolida como ciudad, llegando a ser la capital de una de las Kuras (Provincias) en las que se dividi\u00f3 al-Andalus (la de Takurunna) e, incluso, constituirse en reino independiente (los llamados reinos de taifas) tras la desarticulaci\u00f3n del califato cordob\u00e9s.<\/p>\t\t\t\t\t\t<\/div>\n\t\t\t\t<\/div>\n\t\t\t\t\t<\/div>\n\t\t<\/div>\n\t\t\t\t<div class=\"elementor-column elementor-col-50 elementor-top-column elementor-element elementor-element-a4785bd\" data-id=\"a4785bd\" data-element_type=\"column\">\n\t\t\t<div class=\"elementor-widget-wrap elementor-element-populated\">\n\t\t\t\t\t\t<div class=\"elementor-element elementor-element-77b29b7 elementor-widget elementor-widget-text-editor\" data-id=\"77b29b7\" data-element_type=\"widget\" data-widget_type=\"text-editor.default\">\n\t\t\t\t<div class=\"elementor-widget-container\">\n\t\t\t\t\t\t\t<p>Fue una de las plazas m\u00e1s importantes de Andaluc\u00eda desde el punto de vista militar, pol\u00edtico y cultural hasta caer en manos de los almor\u00e1vides a mediados del siglo XII.<br \/>Alfonso XI ya intent\u00f3 tomar Ronda, pero no logr\u00f3 su objetivo.<\/p>\t\t\t\t\t\t<\/div>\n\t\t\t\t<\/div>\n\t\t\t\t\t<\/div>\n\t\t<\/div>\n\t\t\t\t\t<\/div>\n\t\t<\/section>\n\t\t\t\t<section class=\"elementor-section elementor-top-section elementor-element elementor-element-02cfab6 elementor-section-boxed elementor-section-height-default elementor-section-height-default\" data-id=\"02cfab6\" data-element_type=\"section\">\n\t\t\t\t\t\t<div class=\"elementor-container elementor-column-gap-default\">\n\t\t\t\t\t<div class=\"elementor-column elementor-col-50 elementor-top-column elementor-element elementor-element-ef14574\" data-id=\"ef14574\" data-element_type=\"column\">\n\t\t\t<div class=\"elementor-widget-wrap elementor-element-populated\">\n\t\t\t\t\t\t<div class=\"elementor-element elementor-element-23599d9 elementor-widget elementor-widget-image\" data-id=\"23599d9\" data-element_type=\"widget\" data-widget_type=\"image.default\">\n\t\t\t\t<div class=\"elementor-widget-container\">\n\t\t\t\t\t\t\t\t\t\t\t\t\t<img decoding=\"async\" width=\"258\" height=\"195\" src=\"http:\/\/www.josemariatornay.com\/wp-content\/uploads\/2020\/04\/Ronda-arabe.jpg\" class=\"attachment-large size-large wp-image-19339\" alt=\"\" \/>\t\t\t\t\t\t\t\t\t\t\t\t\t<\/div>\n\t\t\t\t<\/div>\n\t\t\t\t\t<\/div>\n\t\t<\/div>\n\t\t\t\t<div class=\"elementor-column elementor-col-50 elementor-top-column elementor-element elementor-element-5b6d042\" data-id=\"5b6d042\" data-element_type=\"column\">\n\t\t\t<div class=\"elementor-widget-wrap elementor-element-populated\">\n\t\t\t\t\t\t<div class=\"elementor-element elementor-element-230d636 elementor-widget elementor-widget-text-editor\" data-id=\"230d636\" data-element_type=\"widget\" data-widget_type=\"text-editor.default\">\n\t\t\t\t<div class=\"elementor-widget-container\">\n\t\t\t\t\t\t\t<p>Pero el papel m\u00e1s significativo, y por el que es mejor conocida, le llegar\u00e1 con el reino nazar\u00ed de Granada, ya que su proximidad a los territorios conquistados por los castellanos le supondr\u00e1 eregirse, tanto a la ciudad como a la comarca, en enclave fronterizo de especial importancia.<\/p><p>Ser\u00eda en 1485 cuando cay\u00f3 en manos cristianas en medio de la gran ofensiva de Fernando el Cat\u00f3lico para acabar con el dominio musulm\u00e1n en las tierras que hoy forman la provincia de M\u00e1laga.<\/p>\t\t\t\t\t\t<\/div>\n\t\t\t\t<\/div>\n\t\t\t\t\t<\/div>\n\t\t<\/div>\n\t\t\t\t\t<\/div>\n\t\t<\/section>\n\t\t\t\t<section class=\"elementor-section elementor-top-section elementor-element elementor-element-8855c85 elementor-section-boxed elementor-section-height-default elementor-section-height-default\" data-id=\"8855c85\" data-element_type=\"section\">\n\t\t\t\t\t\t<div class=\"elementor-container elementor-column-gap-default\">\n\t\t\t\t\t<div class=\"elementor-column elementor-col-50 elementor-top-column elementor-element elementor-element-bbce291\" data-id=\"bbce291\" data-element_type=\"column\">\n\t\t\t<div class=\"elementor-widget-wrap elementor-element-populated\">\n\t\t\t\t\t\t<div class=\"elementor-element elementor-element-dd77692 elementor-widget elementor-widget-text-editor\" data-id=\"dd77692\" data-element_type=\"widget\" data-widget_type=\"text-editor.default\">\n\t\t\t\t<div class=\"elementor-widget-container\">\n\t\t\t\t\t\t\t<p>Con la conquista de la ciudad por los Reyes Cat\u00f3licos se producir\u00e1n profundas transformaciones econ\u00f3micas y culturales, que a\u00fan hoy es posible apreciar en la fisonom\u00eda de la estructura urbana: apertura de plazas antes inexistentes, ensanches de calles, etc.<\/p><p>Pero ser\u00e1 el siglo XVIII cuando se construyen los monumentos m\u00e1s significativos y emblem\u00e1ticos de la aristocracia de entonces y de la Ronda actual. Como el Puente Nuevo para unir la ciudad vieja con los nuevos barrios.<\/p>\t\t\t\t\t\t<\/div>\n\t\t\t\t<\/div>\n\t\t\t\t\t<\/div>\n\t\t<\/div>\n\t\t\t\t<div class=\"elementor-column elementor-col-50 elementor-top-column elementor-element elementor-element-1cb2039\" data-id=\"1cb2039\" data-element_type=\"column\">\n\t\t\t<div class=\"elementor-widget-wrap elementor-element-populated\">\n\t\t\t\t\t\t<div class=\"elementor-element elementor-element-5bdbf9a elementor-widget elementor-widget-image\" data-id=\"5bdbf9a\" data-element_type=\"widget\" data-widget_type=\"image.default\">\n\t\t\t\t<div class=\"elementor-widget-container\">\n\t\t\t\t\t\t\t\t\t\t\t\t\t<img decoding=\"async\" src=\"http:\/\/www.josemariatornay.com\/wp-content\/uploads\/elementor\/thumbs\/aldehuela-nuobmlh8z163zfvb859zskqua6v5rk512zypg6rz0g.jpg\" title=\"aldehuela\" alt=\"aldehuela\" loading=\"lazy\" \/>\t\t\t\t\t\t\t\t\t\t\t\t\t<\/div>\n\t\t\t\t<\/div>\n\t\t\t\t\t<\/div>\n\t\t<\/div>\n\t\t\t\t\t<\/div>\n\t\t<\/section>\n\t\t\t\t<section class=\"elementor-section elementor-top-section elementor-element elementor-element-de46c60 elementor-section-boxed elementor-section-height-default elementor-section-height-default\" data-id=\"de46c60\" data-element_type=\"section\">\n\t\t\t\t\t\t<div class=\"elementor-container elementor-column-gap-default\">\n\t\t\t\t\t<div class=\"elementor-column elementor-col-50 elementor-top-column elementor-element elementor-element-e598efe\" data-id=\"e598efe\" data-element_type=\"column\">\n\t\t\t<div class=\"elementor-widget-wrap elementor-element-populated\">\n\t\t\t\t\t\t<div class=\"elementor-element elementor-element-729e54e elementor-widget elementor-widget-text-editor\" data-id=\"729e54e\" data-element_type=\"widget\" data-widget_type=\"text-editor.default\">\n\t\t\t\t<div class=\"elementor-widget-container\">\n\t\t\t\t\t\t\t<p>Durante la Guerra de la Independencia, Ronda fue una de las ciudades que m\u00e1s se distingui\u00f3 en la lucha contra los franceses.<br \/>Fueron necesarios dos a\u00f1os para reducirla y despu\u00e9s de esto varias partidas organizadas siguieron hostigando al invasor desde las sierras cercanas.<br \/>Esta resistencia de guerrillas dio lugar a uno de los m\u00e1s famosos y legendarios focos de bandolerismo de la Espa\u00f1a del siglo XIX.<\/p>\t\t\t\t\t\t<\/div>\n\t\t\t\t<\/div>\n\t\t\t\t\t<\/div>\n\t\t<\/div>\n\t\t\t\t<div class=\"elementor-column elementor-col-50 elementor-top-column elementor-element elementor-element-3b908d0\" data-id=\"3b908d0\" data-element_type=\"column\">\n\t\t\t<div class=\"elementor-widget-wrap elementor-element-populated\">\n\t\t\t\t\t\t<div class=\"elementor-element elementor-element-ce3e667 elementor-widget elementor-widget-text-editor\" data-id=\"ce3e667\" data-element_type=\"widget\" data-widget_type=\"text-editor.default\">\n\t\t\t\t<div class=\"elementor-widget-container\">\n\t\t\t\t\t\t\t<p>A Partir de entonces, y durante todo el siglo XIX, se forja la imagen rom\u00e1ntica de la ciudad, as\u00ed como de su Serran\u00eda, en la que el mundo del bandolerismo y de la tauromaquia causar\u00e1n una profunda impresi\u00f3n en muchos insignes viajeros.<br \/>Desde ese momento quedamos catalogados como lugar pintoresco, que hay que visitar.<br \/>Adi\u00f3s industria, comercio, infraestructuras, que ahogan el tipismo.\u00a0<br \/><br \/><\/p>\t\t\t\t\t\t<\/div>\n\t\t\t\t<\/div>\n\t\t\t\t<div class=\"elementor-element elementor-element-72ce207 elementor-widget elementor-widget-text-editor\" data-id=\"72ce207\" data-element_type=\"widget\" data-widget_type=\"text-editor.default\">\n\t\t\t\t<div class=\"elementor-widget-container\">\n\t\t\t\t\t\t\t\t\t\t\t\t\t<\/div>\n\t\t\t\t<\/div>\n\t\t\t\t\t<\/div>\n\t\t<\/div>\n\t\t\t\t\t<\/div>\n\t\t<\/section>\n\t\t\t\t<section class=\"elementor-section elementor-top-section elementor-element elementor-element-a81c949 elementor-section-boxed elementor-section-height-default elementor-section-height-default\" data-id=\"a81c949\" data-element_type=\"section\">\n\t\t\t\t\t\t<div class=\"elementor-container elementor-column-gap-default\">\n\t\t\t\t\t<div class=\"elementor-column elementor-col-50 elementor-top-column elementor-element elementor-element-85986f4\" data-id=\"85986f4\" data-element_type=\"column\">\n\t\t\t<div class=\"elementor-widget-wrap elementor-element-populated\">\n\t\t\t\t\t\t<div class=\"elementor-element elementor-element-ef9c18c elementor-widget elementor-widget-image\" data-id=\"ef9c18c\" data-element_type=\"widget\" data-widget_type=\"image.default\">\n\t\t\t\t<div class=\"elementor-widget-container\">\n\t\t\t\t\t\t\t\t\t\t\t\t\t<img decoding=\"async\" width=\"1024\" height=\"559\" src=\"http:\/\/www.josemariatornay.com\/wp-content\/uploads\/2020\/04\/bandoleros-1024x559.jpg\" class=\"attachment-large size-large wp-image-19342\" alt=\"\" srcset=\"http:\/\/www.josemariatornay.com\/wp-content\/uploads\/2020\/04\/bandoleros.jpg 1024w, http:\/\/www.josemariatornay.com\/wp-content\/uploads\/2020\/04\/bandoleros-300x164.jpg 300w, http:\/\/www.josemariatornay.com\/wp-content\/uploads\/2020\/04\/bandoleros-768x419.jpg 768w\" sizes=\"(max-width: 1024px) 100vw, 1024px\" \/>\t\t\t\t\t\t\t\t\t\t\t\t\t<\/div>\n\t\t\t\t<\/div>\n\t\t\t\t\t<\/div>\n\t\t<\/div>\n\t\t\t\t<div class=\"elementor-column elementor-col-50 elementor-top-column elementor-element elementor-element-66fc197\" data-id=\"66fc197\" data-element_type=\"column\">\n\t\t\t<div class=\"elementor-widget-wrap elementor-element-populated\">\n\t\t\t\t\t\t<div class=\"elementor-element elementor-element-9e45e57 elementor-widget elementor-widget-image\" data-id=\"9e45e57\" data-element_type=\"widget\" data-widget_type=\"image.default\">\n\t\t\t\t<div class=\"elementor-widget-container\">\n\t\t\t\t\t\t\t\t\t\t\t\t\t<img decoding=\"async\" src=\"http:\/\/www.josemariatornay.com\/wp-content\/uploads\/elementor\/thumbs\/turistas-opnind5r3g0lafarx4tfmfz37k1383308733u3tfr4.jpg\" title=\"turistas\" alt=\"turistas\" loading=\"lazy\" \/>\t\t\t\t\t\t\t\t\t\t\t\t\t<\/div>\n\t\t\t\t<\/div>\n\t\t\t\t\t<\/div>\n\t\t<\/div>\n\t\t\t\t\t<\/div>\n\t\t<\/section>\n\t\t\t\t<\/div>\n\t\t","protected":false},"excerpt":{"rendered":"<p>He aqu\u00ed una historia sucinta; breve, muy breve. En trazos gordos, como corresponde a quien desea conocer su pasado de una manera rigurosa, certera, pero breve. Ya habr\u00e1 tiempo de ir profundizando; cada uno a su ritmo y a su paso. Pero, ahora, lo importante es saber de d\u00f3nde venimos, cu\u00e1les son nuestros or\u00edgenes.Ronda es [&hellip;]<\/p>\n","protected":false},"author":1,"featured_media":0,"parent":0,"menu_order":0,"comment_status":"closed","ping_status":"closed","template":"","meta":{"_aioseop_title":"","_aioseop_description":"","ngg_post_thumbnail":0,"footnotes":""},"_links":{"self":[{"href":"http:\/\/www.josemariatornay.com\/index.php\/wp-json\/wp\/v2\/pages\/19331"}],"collection":[{"href":"http:\/\/www.josemariatornay.com\/index.php\/wp-json\/wp\/v2\/pages"}],"about":[{"href":"http:\/\/www.josemariatornay.com\/index.php\/wp-json\/wp\/v2\/types\/page"}],"author":[{"embeddable":true,"href":"http:\/\/www.josemariatornay.com\/index.php\/wp-json\/wp\/v2\/users\/1"}],"replies":[{"embeddable":true,"href":"http:\/\/www.josemariatornay.com\/index.php\/wp-json\/wp\/v2\/comments?post=19331"}],"version-history":[{"count":0,"href":"http:\/\/www.josemariatornay.com\/index.php\/wp-json\/wp\/v2\/pages\/19331\/revisions"}],"wp:attachment":[{"href":"http:\/\/www.josemariatornay.com\/index.php\/wp-json\/wp\/v2\/media?parent=19331"}],"curies":[{"name":"wp","href":"https:\/\/api.w.org\/{rel}","templated":true}]}}