{"id":19451,"date":"2020-04-14T11:33:27","date_gmt":"2020-04-14T10:33:27","guid":{"rendered":"http:\/\/www.josemariatornay.com\/?page_id=19451"},"modified":"2020-04-14T12:31:12","modified_gmt":"2020-04-14T11:31:12","slug":"ronda-y-yo-jardines","status":"publish","type":"page","link":"http:\/\/www.josemariatornay.com\/index.php\/ronda-y-yo-jardines\/","title":{"rendered":"RONDA Y YO: JARDINES"},"content":{"rendered":"\t\t<div data-elementor-type=\"wp-post\" data-elementor-id=\"19451\" class=\"elementor elementor-19451 elementor-bc-flex-widget\">\n\t\t\t\t\t\t<section class=\"elementor-section elementor-top-section elementor-element elementor-element-285cfdc elementor-section-boxed elementor-section-height-default elementor-section-height-default\" data-id=\"285cfdc\" data-element_type=\"section\">\n\t\t\t\t\t\t<div class=\"elementor-container elementor-column-gap-default\">\n\t\t\t\t\t<div class=\"elementor-column elementor-col-33 elementor-top-column elementor-element elementor-element-e40ce3c\" data-id=\"e40ce3c\" data-element_type=\"column\">\n\t\t\t<div class=\"elementor-widget-wrap elementor-element-populated\">\n\t\t\t\t\t\t<div class=\"elementor-element elementor-element-90557e5 elementor-align-center elementor-widget elementor-widget-button\" data-id=\"90557e5\" data-element_type=\"widget\" data-widget_type=\"button.default\">\n\t\t\t\t<div class=\"elementor-widget-container\">\n\t\t\t\t\t<div class=\"elementor-button-wrapper\">\n\t\t\t<a class=\"elementor-button elementor-button-link elementor-size-sm\" href=\"#\">\n\t\t\t\t\t\t<span class=\"elementor-button-content-wrapper\">\n\t\t\t\t\t\t<span class=\"elementor-button-text\">PASEO DE CUENCA<\/span>\n\t\t<\/span>\n\t\t\t\t\t<\/a>\n\t\t<\/div>\n\t\t\t\t<\/div>\n\t\t\t\t<\/div>\n\t\t\t\t<div class=\"elementor-element elementor-element-951a645 elementor-widget elementor-widget-text-editor\" data-id=\"951a645\" data-element_type=\"widget\" data-widget_type=\"text-editor.default\">\n\t\t\t\t<div class=\"elementor-widget-container\">\n\t\t\t<style>\/*! elementor - v3.20.0 - 20-03-2024 *\/\n.elementor-widget-text-editor.elementor-drop-cap-view-stacked .elementor-drop-cap{background-color:#69727d;color:#fff}.elementor-widget-text-editor.elementor-drop-cap-view-framed .elementor-drop-cap{color:#69727d;border:3px solid;background-color:transparent}.elementor-widget-text-editor:not(.elementor-drop-cap-view-default) .elementor-drop-cap{margin-top:8px}.elementor-widget-text-editor:not(.elementor-drop-cap-view-default) .elementor-drop-cap-letter{width:1em;height:1em}.elementor-widget-text-editor .elementor-drop-cap{float:left;text-align:center;line-height:1;font-size:50px}.elementor-widget-text-editor .elementor-drop-cap-letter{display:inline-block}<\/style>\t\t\t\t<p>Hojas ca\u00eddas del cielo<br \/>sobre ramas trepadoras<br \/>desde un tronco que se escapa<br \/>de las infernales sombras.<br \/>\u00a1C\u00f3mo a\u00f1or\u00e1is unos ojos<br \/>para inundaros de roca,<br \/>rotunda, recia, brav\u00eda,<br \/>altiva, fuerte, gloriosa!<br \/>Ra\u00edces que est\u00e1is flotando<br \/>entre el misterio y la gloria..<\/p>\t\t\t\t\t\t<\/div>\n\t\t\t\t<\/div>\n\t\t\t\t<div class=\"elementor-element elementor-element-c9b68b6 elementor-align-center elementor-widget elementor-widget-button\" data-id=\"c9b68b6\" data-element_type=\"widget\" data-widget_type=\"button.default\">\n\t\t\t\t<div class=\"elementor-widget-container\">\n\t\t\t\t\t<div class=\"elementor-button-wrapper\">\n\t\t\t<a class=\"elementor-button elementor-button-link elementor-size-sm\" href=\"#\">\n\t\t\t\t\t\t<span class=\"elementor-button-content-wrapper\">\n\t\t\t\t\t\t<span class=\"elementor-button-text\">PASEO DE BLAS INFANTE<\/span>\n\t\t<\/span>\n\t\t\t\t\t<\/a>\n\t\t<\/div>\n\t\t\t\t<\/div>\n\t\t\t\t<\/div>\n\t\t\t\t<div class=\"elementor-element elementor-element-1ec74a6 elementor-widget elementor-widget-text-editor\" data-id=\"1ec74a6\" data-element_type=\"widget\" data-widget_type=\"text-editor.default\">\n\t\t\t\t<div class=\"elementor-widget-container\">\n\t\t\t\t\t\t\t<p>Aqu\u00ed reinaba un teatro,<br \/>el de Vicente Espinel,<br \/>a\u00fan se me ponen de punta<br \/>los pelos pensando en \u00e9l.<br \/>Cu\u00e1ntas tardes en su seno<br \/>compartimos aventuras,<br \/>cu\u00e1nto domingo tan bueno<br \/>con las estrellas, a oscuras.<br \/>Espacio de la quimera,<br \/>reino de la fantas\u00eda<br \/>que permit\u00eda dejar fuera<br \/>la vida de cada d\u00eda.<br \/>Luego vinieron los coches<br \/>a convertir su escenario,<br \/>ma\u00f1anas, tardes y noches<br \/>en un infierno diario.<br \/>Ahora es enorme explanada<br \/>para que la extranjer\u00eda<br \/>haga sus fotograf\u00edas<br \/>sin que les estorbe nada.<\/p>\t\t\t\t\t\t<\/div>\n\t\t\t\t<\/div>\n\t\t\t\t\t<\/div>\n\t\t<\/div>\n\t\t\t\t<div class=\"elementor-column elementor-col-33 elementor-top-column elementor-element elementor-element-124c5ac\" data-id=\"124c5ac\" data-element_type=\"column\">\n\t\t\t<div class=\"elementor-widget-wrap elementor-element-populated\">\n\t\t\t\t\t\t<div class=\"elementor-element elementor-element-c3de670 elementor-align-center elementor-widget elementor-widget-button\" data-id=\"c3de670\" data-element_type=\"widget\" data-widget_type=\"button.default\">\n\t\t\t\t<div class=\"elementor-widget-container\">\n\t\t\t\t\t<div class=\"elementor-button-wrapper\">\n\t\t\t<a class=\"elementor-button elementor-button-link elementor-size-sm\" href=\"#\">\n\t\t\t\t\t\t<span class=\"elementor-button-content-wrapper\">\n\t\t\t\t\t\t<span class=\"elementor-button-text\">ALAMEDA DEL TAJO<\/span>\n\t\t<\/span>\n\t\t\t\t\t<\/a>\n\t\t<\/div>\n\t\t\t\t<\/div>\n\t\t\t\t<\/div>\n\t\t\t\t<div class=\"elementor-element elementor-element-f46ba1b elementor-widget elementor-widget-text-editor\" data-id=\"f46ba1b\" data-element_type=\"widget\" data-widget_type=\"text-editor.default\">\n\t\t\t\t<div class=\"elementor-widget-container\">\n\t\t\t\t\t\t\t<p>Escenario de suspiros<br \/>de enamorados sedientos,<br \/>de ilusiones infantiles<br \/>bajo los tejados frescos.<br \/>Reposo de almas cansadas<br \/>y de doloridos cuerpos.<br \/>Testigo de los furores<br \/>que llevan dentro los vientos.<br \/>M\u00edtica estampa serrana,<br \/>celosa de sus secretos.<br \/>nido de besos robados<br \/>en procelosos encuentros.<br \/>Siempre al borde del abismo<br \/>siembre mirando hacia el cielo,<br \/>dulce Alameda del Tajo,<br \/>para\u00edso de mis sue\u00f1os.<\/p>\t\t\t\t\t\t<\/div>\n\t\t\t\t<\/div>\n\t\t\t\t<div class=\"elementor-element elementor-element-0441d98 elementor-widget elementor-widget-image\" data-id=\"0441d98\" data-element_type=\"widget\" data-widget_type=\"image.default\">\n\t\t\t\t<div class=\"elementor-widget-container\">\n\t\t\t<style>\/*! elementor - v3.20.0 - 20-03-2024 *\/\n.elementor-widget-image{text-align:center}.elementor-widget-image a{display:inline-block}.elementor-widget-image a img[src$=\".svg\"]{width:48px}.elementor-widget-image img{vertical-align:middle;display:inline-block}<\/style>\t\t\t\t\t\t\t\t\t\t<img fetchpriority=\"high\" decoding=\"async\" width=\"778\" height=\"584\" src=\"http:\/\/www.josemariatornay.com\/wp-content\/uploads\/2020\/04\/alameda.jpg\" class=\"attachment-large size-large wp-image-19454\" alt=\"\" srcset=\"http:\/\/www.josemariatornay.com\/wp-content\/uploads\/2020\/04\/alameda.jpg 778w, http:\/\/www.josemariatornay.com\/wp-content\/uploads\/2020\/04\/alameda-300x225.jpg 300w, http:\/\/www.josemariatornay.com\/wp-content\/uploads\/2020\/04\/alameda-768x576.jpg 768w\" sizes=\"(max-width: 778px) 100vw, 778px\" \/>\t\t\t\t\t\t\t\t\t\t\t\t\t<\/div>\n\t\t\t\t<\/div>\n\t\t\t\t<div class=\"elementor-element elementor-element-3262589 elementor-widget elementor-widget-heading\" data-id=\"3262589\" data-element_type=\"widget\" data-widget_type=\"heading.default\">\n\t\t\t\t<div class=\"elementor-widget-container\">\n\t\t\t<style>\/*! elementor - v3.20.0 - 20-03-2024 *\/\n.elementor-heading-title{padding:0;margin:0;line-height:1}.elementor-widget-heading .elementor-heading-title[class*=elementor-size-]>a{color:inherit;font-size:inherit;line-height:inherit}.elementor-widget-heading .elementor-heading-title.elementor-size-small{font-size:15px}.elementor-widget-heading .elementor-heading-title.elementor-size-medium{font-size:19px}.elementor-widget-heading .elementor-heading-title.elementor-size-large{font-size:29px}.elementor-widget-heading .elementor-heading-title.elementor-size-xl{font-size:39px}.elementor-widget-heading .elementor-heading-title.elementor-size-xxl{font-size:59px}<\/style><h2 class=\"elementor-heading-title elementor-size-default\">Estos son los jardices y espacios sagrados de mi infancia y mi juventud. A ellos vuelvo para encontrarme.<\/h2>\t\t<\/div>\n\t\t\t\t<\/div>\n\t\t\t\t\t<\/div>\n\t\t<\/div>\n\t\t\t\t<div class=\"elementor-column elementor-col-33 elementor-top-column elementor-element elementor-element-dcc54c5\" data-id=\"dcc54c5\" data-element_type=\"column\">\n\t\t\t<div class=\"elementor-widget-wrap elementor-element-populated\">\n\t\t\t\t\t\t<div class=\"elementor-element elementor-element-dc3e517 elementor-align-center elementor-widget elementor-widget-button\" data-id=\"dc3e517\" data-element_type=\"widget\" data-widget_type=\"button.default\">\n\t\t\t\t<div class=\"elementor-widget-container\">\n\t\t\t\t\t<div class=\"elementor-button-wrapper\">\n\t\t\t<a class=\"elementor-button elementor-button-link elementor-size-sm\" href=\"#\">\n\t\t\t\t\t\t<span class=\"elementor-button-content-wrapper\">\n\t\t\t\t\t\t<span class=\"elementor-button-text\">REINA VICTORIA<\/span>\n\t\t<\/span>\n\t\t\t\t\t<\/a>\n\t\t<\/div>\n\t\t\t\t<\/div>\n\t\t\t\t<\/div>\n\t\t\t\t<div class=\"elementor-element elementor-element-c6b543e elementor-widget elementor-widget-text-editor\" data-id=\"c6b543e\" data-element_type=\"widget\" data-widget_type=\"text-editor.default\">\n\t\t\t\t<div class=\"elementor-widget-container\">\n\t\t\t\t\t\t\t<p>De tanto ver el Tajo,<br \/>los sue\u00f1os de una reina<br \/>echaron primorosas<br \/>ra\u00edces en la tierra.<br \/>Vergeles donde Rilke<br \/>pint\u00f3 de primavera<br \/>sus \u00e1ridas monta\u00f1as,<br \/>sus fr\u00e1giles praderas.<br \/>Frondosas explosiones<br \/>de verdes que despiertan<br \/>la luz de los sentidos,<br \/>la voz de la conciencia<br \/><br \/><\/p>\t\t\t\t\t\t<\/div>\n\t\t\t\t<\/div>\n\t\t\t\t<div class=\"elementor-element elementor-element-51f1428 elementor-align-center elementor-widget elementor-widget-button\" data-id=\"51f1428\" data-element_type=\"widget\" data-widget_type=\"button.default\">\n\t\t\t\t<div class=\"elementor-widget-container\">\n\t\t\t\t\t<div class=\"elementor-button-wrapper\">\n\t\t\t<a class=\"elementor-button elementor-button-link elementor-size-sm\" href=\"#\">\n\t\t\t\t\t\t<span class=\"elementor-button-content-wrapper\">\n\t\t\t\t\t\t<span class=\"elementor-button-text\">MONDRAG\u00d3N, D.BOSCO, SALVATIERRA<\/span>\n\t\t<\/span>\n\t\t\t\t\t<\/a>\n\t\t<\/div>\n\t\t\t\t<\/div>\n\t\t\t\t<\/div>\n\t\t\t\t<div class=\"elementor-element elementor-element-b3318bd elementor-widget elementor-widget-text-editor\" data-id=\"b3318bd\" data-element_type=\"widget\" data-widget_type=\"text-editor.default\">\n\t\t\t\t<div class=\"elementor-widget-container\">\n\t\t\t\t\t\t\t<p>En estos jardines<br \/>retozan las nubes<br \/>y juegan alegres<br \/>las musas al sol.<br \/>En estos vergeles:<br \/>de rosas azules,<br \/>hay fuegos de nieve<br \/>y amores en flor.<br \/><br \/><\/p>\t\t\t\t\t\t<\/div>\n\t\t\t\t<\/div>\n\t\t\t\t<div class=\"elementor-element elementor-element-02e3bf6 elementor-widget elementor-widget-image\" data-id=\"02e3bf6\" data-element_type=\"widget\" data-widget_type=\"image.default\">\n\t\t\t\t<div class=\"elementor-widget-container\">\n\t\t\t\t\t\t\t\t\t\t\t\t\t<img decoding=\"async\" src=\"http:\/\/www.josemariatornay.com\/wp-content\/uploads\/elementor\/thumbs\/jardinesdecuenca-oo1yn56nk6vckv8nuj5wao6lcdqc87ipwo9zdfjdvk.jpg\" title=\"jardinesdecuenca\" alt=\"jardinesdecuenca\" loading=\"lazy\" \/>\t\t\t\t\t\t\t\t\t\t\t\t\t<\/div>\n\t\t\t\t<\/div>\n\t\t\t\t\t<\/div>\n\t\t<\/div>\n\t\t\t\t\t<\/div>\n\t\t<\/section>\n\t\t\t\t<\/div>\n\t\t","protected":false},"excerpt":{"rendered":"<p>PASEO DE CUENCA Hojas ca\u00eddas del cielosobre ramas trepadorasdesde un tronco que se escapade las infernales sombras.\u00a1C\u00f3mo a\u00f1or\u00e1is unos ojospara inundaros de roca,rotunda, recia, brav\u00eda,altiva, fuerte, gloriosa!Ra\u00edces que est\u00e1is flotandoentre el misterio y la gloria.. PASEO DE BLAS INFANTE Aqu\u00ed reinaba un teatro,el de Vicente Espinel,a\u00fan se me ponen de puntalos pelos pensando en \u00e9l.Cu\u00e1ntas [&hellip;]<\/p>\n","protected":false},"author":1,"featured_media":0,"parent":0,"menu_order":0,"comment_status":"closed","ping_status":"closed","template":"","meta":{"_aioseop_title":"","_aioseop_description":"","ngg_post_thumbnail":0,"footnotes":""},"_links":{"self":[{"href":"http:\/\/www.josemariatornay.com\/index.php\/wp-json\/wp\/v2\/pages\/19451"}],"collection":[{"href":"http:\/\/www.josemariatornay.com\/index.php\/wp-json\/wp\/v2\/pages"}],"about":[{"href":"http:\/\/www.josemariatornay.com\/index.php\/wp-json\/wp\/v2\/types\/page"}],"author":[{"embeddable":true,"href":"http:\/\/www.josemariatornay.com\/index.php\/wp-json\/wp\/v2\/users\/1"}],"replies":[{"embeddable":true,"href":"http:\/\/www.josemariatornay.com\/index.php\/wp-json\/wp\/v2\/comments?post=19451"}],"version-history":[{"count":0,"href":"http:\/\/www.josemariatornay.com\/index.php\/wp-json\/wp\/v2\/pages\/19451\/revisions"}],"wp:attachment":[{"href":"http:\/\/www.josemariatornay.com\/index.php\/wp-json\/wp\/v2\/media?parent=19451"}],"curies":[{"name":"wp","href":"https:\/\/api.w.org\/{rel}","templated":true}]}}