{"id":19465,"date":"2020-04-14T12:55:06","date_gmt":"2020-04-14T11:55:06","guid":{"rendered":"http:\/\/www.josemariatornay.com\/?page_id=19465"},"modified":"2020-04-14T14:20:53","modified_gmt":"2020-04-14T13:20:53","slug":"ronda-y-yomonumentos","status":"publish","type":"page","link":"http:\/\/www.josemariatornay.com\/index.php\/ronda-y-yomonumentos\/","title":{"rendered":"RONDA Y YO:MONUMENTOS"},"content":{"rendered":"\t\t<div data-elementor-type=\"wp-post\" data-elementor-id=\"19465\" class=\"elementor elementor-19465 elementor-bc-flex-widget\">\n\t\t\t\t\t\t<section class=\"elementor-section elementor-top-section elementor-element elementor-element-e4a09ac elementor-section-boxed elementor-section-height-default elementor-section-height-default\" data-id=\"e4a09ac\" data-element_type=\"section\">\n\t\t\t\t\t\t<div class=\"elementor-container elementor-column-gap-default\">\n\t\t\t\t\t<div class=\"elementor-column elementor-col-33 elementor-top-column elementor-element elementor-element-d7fb720\" data-id=\"d7fb720\" data-element_type=\"column\">\n\t\t\t<div class=\"elementor-widget-wrap elementor-element-populated\">\n\t\t\t\t\t\t<div class=\"elementor-element elementor-element-2cafdbf elementor-align-center elementor-widget elementor-widget-button\" data-id=\"2cafdbf\" data-element_type=\"widget\" data-widget_type=\"button.default\">\n\t\t\t\t<div class=\"elementor-widget-container\">\n\t\t\t\t\t<div class=\"elementor-button-wrapper\">\n\t\t\t<a class=\"elementor-button elementor-button-link elementor-size-sm\" href=\"#\">\n\t\t\t\t\t\t<span class=\"elementor-button-content-wrapper\">\n\t\t\t\t\t\t<span class=\"elementor-button-text\">ARCO Y SILL\u00d3N DEL REY MORO<\/span>\n\t\t<\/span>\n\t\t\t\t\t<\/a>\n\t\t<\/div>\n\t\t\t\t<\/div>\n\t\t\t\t<\/div>\n\t\t\t\t<div class=\"elementor-element elementor-element-24e85d6 elementor-widget elementor-widget-text-editor\" data-id=\"24e85d6\" data-element_type=\"widget\" data-widget_type=\"text-editor.default\">\n\t\t\t\t<div class=\"elementor-widget-container\">\n\t\t\t<style>\/*! elementor - v3.20.0 - 20-03-2024 *\/\n.elementor-widget-text-editor.elementor-drop-cap-view-stacked .elementor-drop-cap{background-color:#69727d;color:#fff}.elementor-widget-text-editor.elementor-drop-cap-view-framed .elementor-drop-cap{color:#69727d;border:3px solid;background-color:transparent}.elementor-widget-text-editor:not(.elementor-drop-cap-view-default) .elementor-drop-cap{margin-top:8px}.elementor-widget-text-editor:not(.elementor-drop-cap-view-default) .elementor-drop-cap-letter{width:1em;height:1em}.elementor-widget-text-editor .elementor-drop-cap{float:left;text-align:center;line-height:1;font-size:50px}.elementor-widget-text-editor .elementor-drop-cap-letter{display:inline-block}<\/style>\t\t\t\t<p>Arco de Felipe V<br \/>donde los enamorados<br \/>ponen a salvo del mundo<br \/>sus misterios m\u00e1s arcanos.<br \/>Lugar de amores furtivos,<br \/>pasiones al cielo raso.<br \/>\u201cSill\u00f3n del moro\u201d que oculta<br \/>los besos y los abrazos.<\/p>\t\t\t\t\t\t<\/div>\n\t\t\t\t<\/div>\n\t\t\t\t<div class=\"elementor-element elementor-element-2a9e5f6 elementor-align-center elementor-widget elementor-widget-button\" data-id=\"2a9e5f6\" data-element_type=\"widget\" data-widget_type=\"button.default\">\n\t\t\t\t<div class=\"elementor-widget-container\">\n\t\t\t\t\t<div class=\"elementor-button-wrapper\">\n\t\t\t<a class=\"elementor-button elementor-button-link elementor-size-sm\" href=\"#\">\n\t\t\t\t\t\t<span class=\"elementor-button-content-wrapper\">\n\t\t\t\t\t\t<span class=\"elementor-button-text\">CONVENTO MADRE DE DIOS<\/span>\n\t\t<\/span>\n\t\t\t\t\t<\/a>\n\t\t<\/div>\n\t\t\t\t<\/div>\n\t\t\t\t<\/div>\n\t\t\t\t<div class=\"elementor-element elementor-element-5074066 elementor-widget elementor-widget-text-editor\" data-id=\"5074066\" data-element_type=\"widget\" data-widget_type=\"text-editor.default\">\n\t\t\t\t<div class=\"elementor-widget-container\">\n\t\t\t\t\t\t\t<p>Madre de Dios, \u00a1qu\u00e9 convento!<br \/>Convento Madre de Dios.<br \/>Ojos mirando hacia el cielo,<br \/>labios llenos de oraci\u00f3n,<br \/>terror de fuegos eternos,<br \/>castigos, penas, dolor.<br \/>Pasillos llenos de incienso,<br \/>celdas repletas de amor.<br \/>Luego colegio, conciertos,<br \/>Despu\u00e9s, silencio y adi\u00f3s.<br \/>Madre de Dios, \u00a1qu\u00e9 convento!<br \/>Convento Madre de Dios.<\/p>\t\t\t\t\t\t<\/div>\n\t\t\t\t<\/div>\n\t\t\t\t<div class=\"elementor-element elementor-element-526996e elementor-align-center elementor-widget elementor-widget-button\" data-id=\"526996e\" data-element_type=\"widget\" data-widget_type=\"button.default\">\n\t\t\t\t<div class=\"elementor-widget-container\">\n\t\t\t\t\t<div class=\"elementor-button-wrapper\">\n\t\t\t<a class=\"elementor-button elementor-button-link elementor-size-sm\" href=\"#\">\n\t\t\t\t\t\t<span class=\"elementor-button-content-wrapper\">\n\t\t\t\t\t\t<span class=\"elementor-button-text\">Haz clic aqu\u00ed<\/span>\n\t\t<\/span>\n\t\t\t\t\t<\/a>\n\t\t<\/div>\n\t\t\t\t<\/div>\n\t\t\t\t<\/div>\n\t\t\t\t<div class=\"elementor-element elementor-element-a6d8f15 elementor-widget elementor-widget-text-editor\" data-id=\"a6d8f15\" data-element_type=\"widget\" data-widget_type=\"text-editor.default\">\n\t\t\t\t<div class=\"elementor-widget-container\">\n\t\t\t\t\t\t\t<p>Vito Zini est\u00e1 en su huerto,<br \/>y como buen bolo\u00f1\u00e9s,<br \/>labra la tierra con mimo,<br \/>acariciando su piel.<br \/>De pronto sin previo aviso<br \/>la tierra tiembla a sus pies<br \/>y un mundo oculto aparece<br \/>sin saber c\u00f3mo y por qu\u00e9.<br \/>Vuelven oros y turbantes<br \/>a circundar el espacio<br \/>y un aura de fama crece<br \/>alrededor de los ba\u00f1os.<br \/>Un misterio que la tierra<br \/>devuelve como un milagro,<br \/>un presente del pasado,<br \/>un regalo milenario.<\/p>\t\t\t\t\t\t<\/div>\n\t\t\t\t<\/div>\n\t\t\t\t<div class=\"elementor-element elementor-element-d3c705a elementor-align-center elementor-widget elementor-widget-button\" data-id=\"d3c705a\" data-element_type=\"widget\" data-widget_type=\"button.default\">\n\t\t\t\t<div class=\"elementor-widget-container\">\n\t\t\t\t\t<div class=\"elementor-button-wrapper\">\n\t\t\t<a class=\"elementor-button elementor-button-link elementor-size-sm\" href=\"#\">\n\t\t\t\t\t\t<span class=\"elementor-button-content-wrapper\">\n\t\t\t\t\t\t<span class=\"elementor-button-text\">CONVENTO SAN FRANCISCO<\/span>\n\t\t<\/span>\n\t\t\t\t\t<\/a>\n\t\t<\/div>\n\t\t\t\t<\/div>\n\t\t\t\t<\/div>\n\t\t\t\t<div class=\"elementor-element elementor-element-310ebfa elementor-widget elementor-widget-text-editor\" data-id=\"310ebfa\" data-element_type=\"widget\" data-widget_type=\"text-editor.default\">\n\t\t\t\t<div class=\"elementor-widget-container\">\n\t\t\t\t\t\t\t<p>Este edificio que veis<br \/>encaramado en lo alto<br \/>fue en su tiempo campamento<br \/>de las tropas de Fernando.<br \/>Con el tiempo vino a ser<br \/>morada de monjes santos;<br \/>a\u00fan resuenan en sus piedras<br \/>sus lamentos gregorianos<br \/>y sigue rompiendo el aire<br \/>el manteo de sus h\u00e1bitos.<br \/>Luego acogi\u00f3 muchas cosas,<br \/>hoy es un colegio laico<br \/>que derrama desde el cerro<br \/>sus saberes sobre el barrio.<br \/><br \/><\/p>\t\t\t\t\t\t<\/div>\n\t\t\t\t<\/div>\n\t\t\t\t<div class=\"elementor-element elementor-element-830446f elementor-align-center elementor-widget elementor-widget-button\" data-id=\"830446f\" data-element_type=\"widget\" data-widget_type=\"button.default\">\n\t\t\t\t<div class=\"elementor-widget-container\">\n\t\t\t\t\t<div class=\"elementor-button-wrapper\">\n\t\t\t<a class=\"elementor-button elementor-button-link elementor-size-sm\" href=\"#\">\n\t\t\t\t\t\t<span class=\"elementor-button-content-wrapper\">\n\t\t\t\t\t\t<span class=\"elementor-button-text\">PILAR DEL BARRIO<\/span>\n\t\t<\/span>\n\t\t\t\t\t<\/a>\n\t\t<\/div>\n\t\t\t\t<\/div>\n\t\t\t\t<\/div>\n\t\t\t\t<div class=\"elementor-element elementor-element-6d3c6c4 elementor-widget elementor-widget-text-editor\" data-id=\"6d3c6c4\" data-element_type=\"widget\" data-widget_type=\"text-editor.default\">\n\t\t\t\t<div class=\"elementor-widget-container\">\n\t\t\t\t\t\t\t<p>Centenario recipiente<br \/>que preside la Alameda,<br \/>testigo de ardientes citas<br \/>y de festivas verbenas.<br \/>Refugio de caminantes,<br \/>permanente referencia<br \/>de su barrio, de la gente<br \/>de esta sobria periferia.<br \/>Y refugio de estudiantes,<br \/>que abandonan sus tareas<br \/>para buscar emociones<br \/>junto a esta fuente de piedra.<br \/>Ayer calmaba la sed<br \/>de trashumantes ovejas,<br \/>hoy calienta el coraz\u00f3n<br \/>de enamorados que empiezan.<\/p>\t\t\t\t\t\t<\/div>\n\t\t\t\t<\/div>\n\t\t\t\t\t<\/div>\n\t\t<\/div>\n\t\t\t\t<div class=\"elementor-column elementor-col-33 elementor-top-column elementor-element elementor-element-683ec77\" data-id=\"683ec77\" data-element_type=\"column\">\n\t\t\t<div class=\"elementor-widget-wrap elementor-element-populated\">\n\t\t\t\t\t\t<div class=\"elementor-element elementor-element-243773a elementor-align-center elementor-widget elementor-widget-button\" data-id=\"243773a\" data-element_type=\"widget\" data-widget_type=\"button.default\">\n\t\t\t\t<div class=\"elementor-widget-container\">\n\t\t\t\t\t<div class=\"elementor-button-wrapper\">\n\t\t\t<a class=\"elementor-button elementor-button-link elementor-size-sm\" href=\"#\">\n\t\t\t\t\t\t<span class=\"elementor-button-content-wrapper\">\n\t\t\t\t\t\t<span class=\"elementor-button-text\">PLAZA DE TOROS<\/span>\n\t\t<\/span>\n\t\t\t\t\t<\/a>\n\t\t<\/div>\n\t\t\t\t<\/div>\n\t\t\t\t<\/div>\n\t\t\t\t<div class=\"elementor-element elementor-element-826385e elementor-widget elementor-widget-text-editor\" data-id=\"826385e\" data-element_type=\"widget\" data-widget_type=\"text-editor.default\">\n\t\t\t\t<div class=\"elementor-widget-container\">\n\t\t\t\t\t\t\t<p>Escenario de hom\u00e9ricas contiendas<br \/>palestra de esforzados gladiadores,<br \/>escuela de titanes forjadores<br \/>de un pueblo encadenado a una leyenda.<br \/><br \/>A los pies del abismo se sustenta<br \/>tu sobria y elegante arquitectura<br \/>y aupada al pedestal de tu bravura<br \/>nada te pierdes de la lid cruenta.<br \/><br \/>El oro de tu arena se engalana<br \/>para rendirse a un cielo inusitado,<br \/>a un aire que desgrana sus arpegios,<br \/><br \/>a una luz con fulgores de ma\u00f1ana,<br \/>a un sue\u00f1o de percal ensangrentado,<br \/>a una piedra trocada en sortilegio.<\/p>\t\t\t\t\t\t<\/div>\n\t\t\t\t<\/div>\n\t\t\t\t<div class=\"elementor-element elementor-element-503ae2b elementor-widget elementor-widget-image\" data-id=\"503ae2b\" data-element_type=\"widget\" data-widget_type=\"image.default\">\n\t\t\t\t<div class=\"elementor-widget-container\">\n\t\t\t<style>\/*! elementor - v3.20.0 - 20-03-2024 *\/\n.elementor-widget-image{text-align:center}.elementor-widget-image a{display:inline-block}.elementor-widget-image a img[src$=\".svg\"]{width:48px}.elementor-widget-image img{vertical-align:middle;display:inline-block}<\/style>\t\t\t\t\t\t\t\t\t\t<img fetchpriority=\"high\" decoding=\"async\" width=\"375\" height=\"281\" src=\"http:\/\/www.josemariatornay.com\/wp-content\/uploads\/2020\/04\/PARADOR.jpg\" class=\"attachment-large size-large wp-image-19471\" alt=\"\" srcset=\"http:\/\/www.josemariatornay.com\/wp-content\/uploads\/2020\/04\/PARADOR.jpg 375w, http:\/\/www.josemariatornay.com\/wp-content\/uploads\/2020\/04\/PARADOR-300x225.jpg 300w\" sizes=\"(max-width: 375px) 100vw, 375px\" \/>\t\t\t\t\t\t\t\t\t\t\t\t\t<\/div>\n\t\t\t\t<\/div>\n\t\t\t\t<div class=\"elementor-element elementor-element-4019fec elementor-align-center elementor-widget elementor-widget-button\" data-id=\"4019fec\" data-element_type=\"widget\" data-widget_type=\"button.default\">\n\t\t\t\t<div class=\"elementor-widget-container\">\n\t\t\t\t\t<div class=\"elementor-button-wrapper\">\n\t\t\t<a class=\"elementor-button elementor-button-link elementor-size-sm\" href=\"#\">\n\t\t\t\t\t\t<span class=\"elementor-button-content-wrapper\">\n\t\t\t\t\t\t<span class=\"elementor-button-text\">MURALLAS Y PUERTAS<\/span>\n\t\t<\/span>\n\t\t\t\t\t<\/a>\n\t\t<\/div>\n\t\t\t\t<\/div>\n\t\t\t\t<\/div>\n\t\t\t\t<div class=\"elementor-element elementor-element-d169e66 elementor-widget elementor-widget-text-editor\" data-id=\"d169e66\" data-element_type=\"widget\" data-widget_type=\"text-editor.default\">\n\t\t\t\t<div class=\"elementor-widget-container\">\n\t\t\t\t\t\t\t<p>Cinturones que tienen la fortuna<br \/>de guardar en su seno la memoria<br \/>de la Ronda que juega con la historia<br \/>y que reina en los brazos de la luna.<br \/>Inundada de luz como ninguna<br \/>sus puertas llevan a la misma gloria,<br \/>all\u00ed donde se alcanza la victoria<br \/>de su lustre sin par desde la cuna.<br \/>Su misi\u00f3n fue guardar este tesoro,<br \/>cerrando al enemigo sus conquistas.<br \/>Las almenas ofrecen unas vistas<br \/>que permiten sentir todos sus poros<br \/>hoy se pasean por ellas los turistas<br \/>a salvo de batallas y decoros.<\/p>\t\t\t\t\t\t<\/div>\n\t\t\t\t<\/div>\n\t\t\t\t<div class=\"elementor-element elementor-element-5904fca elementor-widget elementor-widget-image\" data-id=\"5904fca\" data-element_type=\"widget\" data-widget_type=\"image.default\">\n\t\t\t\t<div class=\"elementor-widget-container\">\n\t\t\t\t\t\t\t\t\t\t\t\t\t<img decoding=\"async\" width=\"700\" height=\"500\" src=\"http:\/\/www.josemariatornay.com\/wp-content\/uploads\/2020\/04\/puente3.jpg\" class=\"attachment-large size-large wp-image-19423\" alt=\"\" srcset=\"http:\/\/www.josemariatornay.com\/wp-content\/uploads\/2020\/04\/puente3.jpg 700w, http:\/\/www.josemariatornay.com\/wp-content\/uploads\/2020\/04\/puente3-300x214.jpg 300w\" sizes=\"(max-width: 700px) 100vw, 700px\" \/>\t\t\t\t\t\t\t\t\t\t\t\t\t<\/div>\n\t\t\t\t<\/div>\n\t\t\t\t<div class=\"elementor-element elementor-element-6d54aa5 elementor-align-center elementor-widget elementor-widget-button\" data-id=\"6d54aa5\" data-element_type=\"widget\" data-widget_type=\"button.default\">\n\t\t\t\t<div class=\"elementor-widget-container\">\n\t\t\t\t\t<div class=\"elementor-button-wrapper\">\n\t\t\t<a class=\"elementor-button elementor-button-link elementor-size-sm\" href=\"#\">\n\t\t\t\t\t\t<span class=\"elementor-button-content-wrapper\">\n\t\t\t\t\t\t<span class=\"elementor-button-text\">MINARETE<\/span>\n\t\t<\/span>\n\t\t\t\t\t<\/a>\n\t\t<\/div>\n\t\t\t\t<\/div>\n\t\t\t\t<\/div>\n\t\t\t\t<div class=\"elementor-element elementor-element-840a37a elementor-widget elementor-widget-text-editor\" data-id=\"840a37a\" data-element_type=\"widget\" data-widget_type=\"text-editor.default\">\n\t\t\t\t<div class=\"elementor-widget-container\">\n\t\t\t\t\t\t\t<p>\u00a1Ay! minarete que llamas<br \/>a los fieles a rezar,<br \/>alcazaba de esta tierra<br \/>convertida en alminar.<br \/>Torre que gu\u00eda mis pasos<br \/>desde mi m\u00e1s tierna infancia,<br \/>curiosidad de este pueblo<br \/>lleno de iglesias cristianas.<br \/>\u00a1Ay! minarete que luces<br \/>entre estas calles de piedra,<br \/>d\u00e9jame usar tu atalaya<br \/>para contemplar mi sierra.<\/p>\t\t\t\t\t\t<\/div>\n\t\t\t\t<\/div>\n\t\t\t\t<div class=\"elementor-element elementor-element-594558c elementor-widget elementor-widget-heading\" data-id=\"594558c\" data-element_type=\"widget\" data-widget_type=\"heading.default\">\n\t\t\t\t<div class=\"elementor-widget-container\">\n\t\t\t<style>\/*! elementor - v3.20.0 - 20-03-2024 *\/\n.elementor-heading-title{padding:0;margin:0;line-height:1}.elementor-widget-heading .elementor-heading-title[class*=elementor-size-]>a{color:inherit;font-size:inherit;line-height:inherit}.elementor-widget-heading .elementor-heading-title.elementor-size-small{font-size:15px}.elementor-widget-heading .elementor-heading-title.elementor-size-medium{font-size:19px}.elementor-widget-heading .elementor-heading-title.elementor-size-large{font-size:29px}.elementor-widget-heading .elementor-heading-title.elementor-size-xl{font-size:39px}.elementor-widget-heading .elementor-heading-title.elementor-size-xxl{font-size:59px}<\/style><h2 class=\"elementor-heading-title elementor-size-default\">Monumentos son tambi\u00e9n las gentes buenas de Ronda; aquellas que cumplen honradamente en su trabajo, las que reparten  alegr\u00eda por donde pasan, y  las que se entregan a los dem\u00e1s sin ning\u00fan precio, sin ning\u00fan inter\u00e9s. Las que no conocen el odio, ese mal horrible de nuestro tiempo<\/h2>\t\t<\/div>\n\t\t\t\t<\/div>\n\t\t\t\t\t<\/div>\n\t\t<\/div>\n\t\t\t\t<div class=\"elementor-column elementor-col-33 elementor-top-column elementor-element elementor-element-ede824a\" data-id=\"ede824a\" data-element_type=\"column\">\n\t\t\t<div class=\"elementor-widget-wrap elementor-element-populated\">\n\t\t\t\t\t\t<div class=\"elementor-element elementor-element-3db7d0a elementor-align-center elementor-widget elementor-widget-button\" data-id=\"3db7d0a\" data-element_type=\"widget\" data-widget_type=\"button.default\">\n\t\t\t\t<div class=\"elementor-widget-container\">\n\t\t\t\t\t<div class=\"elementor-button-wrapper\">\n\t\t\t<a class=\"elementor-button elementor-button-link elementor-size-sm\" href=\"#\">\n\t\t\t\t\t\t<span class=\"elementor-button-content-wrapper\">\n\t\t\t\t\t\t<span class=\"elementor-button-text\">CONJUNTO HIST\u00d3RICO<\/span>\n\t\t<\/span>\n\t\t\t\t\t<\/a>\n\t\t<\/div>\n\t\t\t\t<\/div>\n\t\t\t\t<\/div>\n\t\t\t\t<div class=\"elementor-element elementor-element-dddc6a0 elementor-widget elementor-widget-text-editor\" data-id=\"dddc6a0\" data-element_type=\"widget\" data-widget_type=\"text-editor.default\">\n\t\t\t\t<div class=\"elementor-widget-container\">\n\t\t\t\t\t\t\t<p>Entre las im\u00e1genes<br \/>y el Puente Nuevo<br \/>beben las ra\u00edces<br \/>hondas de mi pueblo.<br \/>Ra\u00edces profundas<br \/>que nutren su pecho<br \/>de sol y penumbra,<br \/>de luz y misterio.<br \/>Sabor a aceitunas,<br \/>aromas de incienso,<br \/>recorren sus venas,<br \/>suben de su suelo<br \/>y de su esqueleto<br \/>brotan luminosos<br \/>jazmines de piedra<br \/>y alondras de hierro.<br \/>Fuente de los ocho ca\u00f1os<br \/>Ocho volcanes abiertos,<br \/>ocho caricias sagradas,<br \/>ocho frescos regocijos,<br \/>ocho verdades de agua.<\/p>\t\t\t\t\t\t<\/div>\n\t\t\t\t<\/div>\n\t\t\t\t<div class=\"elementor-element elementor-element-e544dd5 elementor-align-center elementor-widget elementor-widget-button\" data-id=\"e544dd5\" data-element_type=\"widget\" data-widget_type=\"button.default\">\n\t\t\t\t<div class=\"elementor-widget-container\">\n\t\t\t\t\t<div class=\"elementor-button-wrapper\">\n\t\t\t<a class=\"elementor-button elementor-button-link elementor-size-sm\" href=\"#\">\n\t\t\t\t\t\t<span class=\"elementor-button-content-wrapper\">\n\t\t\t\t\t\t<span class=\"elementor-button-text\">CONVENTO DE STO DOMINGO<\/span>\n\t\t<\/span>\n\t\t\t\t\t<\/a>\n\t\t<\/div>\n\t\t\t\t<\/div>\n\t\t\t\t<\/div>\n\t\t\t\t<div class=\"elementor-element elementor-element-ff45b49 elementor-widget elementor-widget-text-editor\" data-id=\"ff45b49\" data-element_type=\"widget\" data-widget_type=\"text-editor.default\">\n\t\t\t\t<div class=\"elementor-widget-container\">\n\t\t\t\t\t\t\t<p>Se ha convertido el convento,<br \/>sin monjas y sin clausura<br \/>en templo de la cultura<br \/>que arbitra el Ayuntamiento.<br \/>Acrecienta su nobleza<br \/>la vecindad con el Puente<br \/>y no deja indiferente<br \/>su inmarcesible belleza.<br \/>Fue c\u00e1rcel, cuartel, mercado,<br \/>juzgado, escuela en su d\u00eda<br \/>y hasta fue carpinter\u00eda<br \/>en tiempos ya terminados.<\/p>\t\t\t\t\t\t<\/div>\n\t\t\t\t<\/div>\n\t\t\t\t<div class=\"elementor-element elementor-element-e775260 elementor-align-center elementor-widget elementor-widget-button\" data-id=\"e775260\" data-element_type=\"widget\" data-widget_type=\"button.default\">\n\t\t\t\t<div class=\"elementor-widget-container\">\n\t\t\t\t\t<div class=\"elementor-button-wrapper\">\n\t\t\t<a class=\"elementor-button elementor-button-link elementor-size-sm\" href=\"#\">\n\t\t\t\t\t\t<span class=\"elementor-button-content-wrapper\">\n\t\t\t\t\t\t<span class=\"elementor-button-text\">AYUNTAMIENTO<\/span>\n\t\t<\/span>\n\t\t\t\t\t<\/a>\n\t\t<\/div>\n\t\t\t\t<\/div>\n\t\t\t\t<\/div>\n\t\t\t\t<div class=\"elementor-element elementor-element-7f8247f elementor-widget elementor-widget-text-editor\" data-id=\"7f8247f\" data-element_type=\"widget\" data-widget_type=\"text-editor.default\">\n\t\t\t\t<div class=\"elementor-widget-container\">\n\t\t\t\t\t\t\t<p>Casa de todos,<br \/>casa del pueblo<br \/>casa de nadie,<br \/>casa sin due\u00f1o.<br \/>Casa de muchas deudas<br \/>y poco seso,<br \/>demasiado teatro<br \/>y mucho cuento.<br \/>Sainete por fuera,<br \/>drama por dentro.<br \/>De l\u00edderes fugaces<br \/>que arrastra el viento<br \/>sin alumbrar ma\u00f1anas,<br \/>sin construir recuerdos.<br \/>Esa casa de todos,<br \/>casa del pueblo.<\/p>\t\t\t\t\t\t<\/div>\n\t\t\t\t<\/div>\n\t\t\t\t<div class=\"elementor-element elementor-element-6a03171 elementor-align-center elementor-widget elementor-widget-button\" data-id=\"6a03171\" data-element_type=\"widget\" data-widget_type=\"button.default\">\n\t\t\t\t<div class=\"elementor-widget-container\">\n\t\t\t\t\t<div class=\"elementor-button-wrapper\">\n\t\t\t<a class=\"elementor-button elementor-button-link elementor-size-sm\" href=\"#\">\n\t\t\t\t\t\t<span class=\"elementor-button-content-wrapper\">\n\t\t\t\t\t\t<span class=\"elementor-button-text\">LOS ARCOS<\/span>\n\t\t<\/span>\n\t\t\t\t\t<\/a>\n\t\t<\/div>\n\t\t\t\t<\/div>\n\t\t\t\t<\/div>\n\t\t\t\t<div class=\"elementor-element elementor-element-ffd33b5 elementor-widget elementor-widget-text-editor\" data-id=\"ffd33b5\" data-element_type=\"widget\" data-widget_type=\"text-editor.default\">\n\t\t\t\t<div class=\"elementor-widget-container\">\n\t\t\t\t\t\t\t<p>Monumental galer\u00eda<br \/>que desemboca en el Puente,<br \/>testimonio de otros d\u00edas,<br \/>de otra historia, de otra gente.<br \/>Fuego que arde todav\u00eda<br \/>en mi alma adolescente.<br \/>Otros tambi\u00e9n centenarios<br \/>aqu\u00ed levantan su gloria,<br \/>acueducto solitario,<br \/>desprendido de la historia.<\/p>\t\t\t\t\t\t<\/div>\n\t\t\t\t<\/div>\n\t\t\t\t<div class=\"elementor-element elementor-element-4d3190c elementor-widget elementor-widget-image\" data-id=\"4d3190c\" data-element_type=\"widget\" data-widget_type=\"image.default\">\n\t\t\t\t<div class=\"elementor-widget-container\">\n\t\t\t\t\t\t\t\t\t\t\t\t\t<img decoding=\"async\" src=\"http:\/\/www.josemariatornay.com\/wp-content\/uploads\/elementor\/thumbs\/PLAZADETOROS-opniad24jy82i6idj11ltqhxyprwyg0g341gm4mo74.jpg\" title=\"PLAZADETOROS\" alt=\"PLAZADETOROS\" loading=\"lazy\" \/>\t\t\t\t\t\t\t\t\t\t\t\t\t<\/div>\n\t\t\t\t<\/div>\n\t\t\t\t\t<\/div>\n\t\t<\/div>\n\t\t\t\t\t<\/div>\n\t\t<\/section>\n\t\t\t\t<\/div>\n\t\t","protected":false},"excerpt":{"rendered":"<p>ARCO Y SILL\u00d3N DEL REY MORO Arco de Felipe Vdonde los enamoradosponen a salvo del mundosus misterios m\u00e1s arcanos.Lugar de amores furtivos,pasiones al cielo raso.\u201cSill\u00f3n del moro\u201d que ocultalos besos y los abrazos. CONVENTO MADRE DE DIOS Madre de Dios, \u00a1qu\u00e9 convento!Convento Madre de Dios.Ojos mirando hacia el cielo,labios llenos de oraci\u00f3n,terror de fuegos eternos,castigos, [&hellip;]<\/p>\n","protected":false},"author":1,"featured_media":0,"parent":0,"menu_order":0,"comment_status":"closed","ping_status":"closed","template":"","meta":{"_aioseop_title":"","_aioseop_description":"","ngg_post_thumbnail":0,"footnotes":""},"_links":{"self":[{"href":"http:\/\/www.josemariatornay.com\/index.php\/wp-json\/wp\/v2\/pages\/19465"}],"collection":[{"href":"http:\/\/www.josemariatornay.com\/index.php\/wp-json\/wp\/v2\/pages"}],"about":[{"href":"http:\/\/www.josemariatornay.com\/index.php\/wp-json\/wp\/v2\/types\/page"}],"author":[{"embeddable":true,"href":"http:\/\/www.josemariatornay.com\/index.php\/wp-json\/wp\/v2\/users\/1"}],"replies":[{"embeddable":true,"href":"http:\/\/www.josemariatornay.com\/index.php\/wp-json\/wp\/v2\/comments?post=19465"}],"version-history":[{"count":0,"href":"http:\/\/www.josemariatornay.com\/index.php\/wp-json\/wp\/v2\/pages\/19465\/revisions"}],"wp:attachment":[{"href":"http:\/\/www.josemariatornay.com\/index.php\/wp-json\/wp\/v2\/media?parent=19465"}],"curies":[{"name":"wp","href":"https:\/\/api.w.org\/{rel}","templated":true}]}}