{"id":19479,"date":"2020-04-14T14:24:16","date_gmt":"2020-04-14T13:24:16","guid":{"rendered":"http:\/\/www.josemariatornay.com\/?page_id=19479"},"modified":"2020-04-14T16:11:34","modified_gmt":"2020-04-14T15:11:34","slug":"ronda-y-yo-barrios","status":"publish","type":"page","link":"http:\/\/www.josemariatornay.com\/index.php\/ronda-y-yo-barrios\/","title":{"rendered":"RONDA Y YO: BARRIOS"},"content":{"rendered":"\t\t<div data-elementor-type=\"wp-post\" data-elementor-id=\"19479\" class=\"elementor elementor-19479 elementor-bc-flex-widget\">\n\t\t\t\t\t\t<section class=\"elementor-section elementor-top-section elementor-element elementor-element-673d356 elementor-section-boxed elementor-section-height-default elementor-section-height-default\" data-id=\"673d356\" data-element_type=\"section\">\n\t\t\t\t\t\t<div class=\"elementor-container elementor-column-gap-default\">\n\t\t\t\t\t<div class=\"elementor-column elementor-col-33 elementor-top-column elementor-element elementor-element-c3ccc03\" data-id=\"c3ccc03\" data-element_type=\"column\">\n\t\t\t<div class=\"elementor-widget-wrap elementor-element-populated\">\n\t\t\t\t\t\t<div class=\"elementor-element elementor-element-1c002d3 elementor-widget elementor-widget-button\" data-id=\"1c002d3\" data-element_type=\"widget\" data-widget_type=\"button.default\">\n\t\t\t\t<div class=\"elementor-widget-container\">\n\t\t\t\t\t<div class=\"elementor-button-wrapper\">\n\t\t\t<a class=\"elementor-button elementor-button-link elementor-size-sm\" href=\"#\">\n\t\t\t\t\t\t<span class=\"elementor-button-content-wrapper\">\n\t\t\t\t\t\t<span class=\"elementor-button-text\">PADRE JES\u00daS (HOYO EL BOTE)<\/span>\n\t\t<\/span>\n\t\t\t\t\t<\/a>\n\t\t<\/div>\n\t\t\t\t<\/div>\n\t\t\t\t<\/div>\n\t\t\t\t<div class=\"elementor-element elementor-element-8e22003 elementor-widget elementor-widget-text-editor\" data-id=\"8e22003\" data-element_type=\"widget\" data-widget_type=\"text-editor.default\">\n\t\t\t\t<div class=\"elementor-widget-container\">\n\t\t\t<style>\/*! elementor - v3.20.0 - 20-03-2024 *\/\n.elementor-widget-text-editor.elementor-drop-cap-view-stacked .elementor-drop-cap{background-color:#69727d;color:#fff}.elementor-widget-text-editor.elementor-drop-cap-view-framed .elementor-drop-cap{color:#69727d;border:3px solid;background-color:transparent}.elementor-widget-text-editor:not(.elementor-drop-cap-view-default) .elementor-drop-cap{margin-top:8px}.elementor-widget-text-editor:not(.elementor-drop-cap-view-default) .elementor-drop-cap-letter{width:1em;height:1em}.elementor-widget-text-editor .elementor-drop-cap{float:left;text-align:center;line-height:1;font-size:50px}.elementor-widget-text-editor .elementor-drop-cap-letter{display:inline-block}<\/style>\t\t\t\t<p>\u00a1C\u00f3mo sube el nazareno<br \/>por la cuesta del calvario<br \/>siguiendo el itinerario<br \/>de su destino! Sereno,<br \/>con su cruz. El caminar<br \/>grave, amoroso, entregado<br \/>a la misi\u00f3n de salvar<br \/>al mundo de sus pecados.<br \/>La fe de este barrio en \u00c9l<br \/>les hizo tomar su nombre,<br \/>barrio de hembras y hombres<br \/>con un apellido: Fiel.<\/p>\t\t\t\t\t\t<\/div>\n\t\t\t\t<\/div>\n\t\t\t\t<div class=\"elementor-element elementor-element-2b77fc2 elementor-align-center elementor-widget elementor-widget-button\" data-id=\"2b77fc2\" data-element_type=\"widget\" data-widget_type=\"button.default\">\n\t\t\t\t<div class=\"elementor-widget-container\">\n\t\t\t\t\t<div class=\"elementor-button-wrapper\">\n\t\t\t<a class=\"elementor-button elementor-button-link elementor-size-sm\" href=\"#\">\n\t\t\t\t\t\t<span class=\"elementor-button-content-wrapper\">\n\t\t\t\t\t\t<span class=\"elementor-button-text\">EL MERCADILLO<\/span>\n\t\t<\/span>\n\t\t\t\t\t<\/a>\n\t\t<\/div>\n\t\t\t\t<\/div>\n\t\t\t\t<\/div>\n\t\t\t\t<div class=\"elementor-element elementor-element-337253a elementor-widget elementor-widget-text-editor\" data-id=\"337253a\" data-element_type=\"widget\" data-widget_type=\"text-editor.default\">\n\t\t\t\t<div class=\"elementor-widget-container\">\n\t\t\t\t\t\t\t<p>La nueva Ronda arranca <br \/>desde el Tajo,<br \/>vencido por el Puente,<br \/>impresionante atajo,<br \/>conjunci\u00f3n entre el Este y el Poniente.<br \/>Una nueva ciudad, otro horizonte,<br \/>un buen camino hacia la actualidad.<br \/>Desde aqu\u00ed no ha parado de crecer,<br \/>como un adolescente,<br \/>buscando las alturas,<br \/>pre\u00f1ando de simiente<br \/>los llanos y los cerros,<br \/>pero poniendo a salvo en su viaje<br \/>su sustancia de reina,<br \/>su valioso equipaje.<br \/>La nueva Ronda arranca desde el puente,<br \/>por sus venas se esparce<br \/>inundando a su gente<br \/>de nobleza serrana,<br \/>de ronde\u00f1ismo s\u00f3lido y caliente.<br \/>La Dehesa<br \/>En el Norte est\u00e1 el Sur.<br \/>Aqu\u00ed en mi tierra,<br \/><br \/><\/p>\t\t\t\t\t\t<\/div>\n\t\t\t\t<\/div>\n\t\t\t\t<div class=\"elementor-element elementor-element-f6a3415 elementor-align-center elementor-widget elementor-widget-button\" data-id=\"f6a3415\" data-element_type=\"widget\" data-widget_type=\"button.default\">\n\t\t\t\t<div class=\"elementor-widget-container\">\n\t\t\t\t\t<div class=\"elementor-button-wrapper\">\n\t\t\t<a class=\"elementor-button elementor-button-link elementor-size-sm\" href=\"#\">\n\t\t\t\t\t\t<span class=\"elementor-button-content-wrapper\">\n\t\t\t\t\t\t<span class=\"elementor-button-text\">LA DEHESA<\/span>\n\t\t<\/span>\n\t\t\t\t\t<\/a>\n\t\t<\/div>\n\t\t\t\t<\/div>\n\t\t\t\t<\/div>\n\t\t\t\t<div class=\"elementor-element elementor-element-524d073 elementor-widget elementor-widget-text-editor\" data-id=\"524d073\" data-element_type=\"widget\" data-widget_type=\"text-editor.default\">\n\t\t\t\t<div class=\"elementor-widget-container\">\n\t\t\t\t\t\t\t<p>En el Norte est\u00e1 el Sur.<br \/>Aqu\u00ed en mi tierra,<br \/>el Sur est\u00e1 en el Norte,<br \/>en contra de las reglas.<br \/>En esta barriada,<br \/>cerrada, primigenia<br \/>se esconden los caimanes<br \/>tras de las puertas<br \/>y salen en las noches<br \/>de luna llena.<br \/>En este barrio que<br \/>desborda sus fronteras<br \/>el Sur se impuso al Norte,<br \/>el Sur gan\u00f3 la guerra.<br \/><br \/><\/p>\t\t\t\t\t\t<\/div>\n\t\t\t\t<\/div>\n\t\t\t\t\t<\/div>\n\t\t<\/div>\n\t\t\t\t<div class=\"elementor-column elementor-col-33 elementor-top-column elementor-element elementor-element-c594ec4\" data-id=\"c594ec4\" data-element_type=\"column\">\n\t\t\t<div class=\"elementor-widget-wrap elementor-element-populated\">\n\t\t\t\t\t\t<div class=\"elementor-element elementor-element-5201599 elementor-align-center elementor-widget elementor-widget-button\" data-id=\"5201599\" data-element_type=\"widget\" data-widget_type=\"button.default\">\n\t\t\t\t<div class=\"elementor-widget-container\">\n\t\t\t\t\t<div class=\"elementor-button-wrapper\">\n\t\t\t<a class=\"elementor-button elementor-button-link elementor-size-sm\" href=\"#\">\n\t\t\t\t\t\t<span class=\"elementor-button-content-wrapper\">\n\t\t\t\t\t\t<span class=\"elementor-button-text\">LA CIUDAD<\/span>\n\t\t<\/span>\n\t\t\t\t\t<\/a>\n\t\t<\/div>\n\t\t\t\t<\/div>\n\t\t\t\t<\/div>\n\t\t\t\t<div class=\"elementor-element elementor-element-e62498f elementor-widget elementor-widget-text-editor\" data-id=\"e62498f\" data-element_type=\"widget\" data-widget_type=\"text-editor.default\">\n\t\t\t\t<div class=\"elementor-widget-container\">\n\t\t\t\t\t\t\t<p>Como una noche incendiada<br \/>mi barrio tiene la sangre:<br \/>azul de mirar al cielo,<br \/>dulce de tanto mirarse.<br \/>Mi barrio tiene una luz<br \/>que derrama por sus calles<br \/>como un tesoro infinito<br \/>de todos, pero de nadie.<br \/>Mi barrio est\u00e1 siempre lleno<br \/>de gentes de todas partes<br \/>que nunca comprender\u00e1n<br \/>sus secretos ancestrales,<br \/>esos que s\u00f3lo conocen<br \/>los que sus sue\u00f1os comparten.<br \/>Mi barrio tiene la piel<br \/>curtida por mil azares<br \/>y en sus venas fluyen gotas<br \/>de linajudos linajes,<br \/>por eso siempre pari\u00f3<br \/>apellidos respetables:<br \/>testigos y testimonio<br \/>de indelebles lealtades.<br \/>En mi barrio hay cofrad\u00edas<br \/>con aromas medievales,<br \/>amigas de las cadenas<br \/>y de dogmas seculares.<\/p>\t\t\t\t\t\t<\/div>\n\t\t\t\t<\/div>\n\t\t\t\t<div class=\"elementor-element elementor-element-fc0b711 elementor-widget elementor-widget-text-editor\" data-id=\"fc0b711\" data-element_type=\"widget\" data-widget_type=\"text-editor.default\">\n\t\t\t\t<div class=\"elementor-widget-container\">\n\t\t\t\t\t\t\t<p>Mi barrio dibuja escudos<br \/>coronando los portales,<br \/>de muy rancios abolengos<br \/>y de oscuras vanidades.<br \/>Pero mi barrio tambi\u00e9n<br \/>sabe mirar adelante,<br \/>quiere encarar el ma\u00f1ana<br \/>y el presente m\u00e1s vibrante.<br \/>Mi barrio vive hacia dentro<br \/>y por sus poros se evade,<br \/>se proyecta hacia el pasado<br \/>y hacia el futuro se esparce.<br \/>En sus arterias, los piercings<br \/>se alinean con los trajes<br \/>y las severas beatas<br \/>con alegres colegiales.<br \/>Mi barrio a\u00fan se estremece<br \/>mirando al sol de la tarde<br \/>c\u00f3mo dibuja en el cielo<br \/>arreboles impensables.<br \/>Mi barrio tiene fronteras<br \/>que limitan con el aire,<br \/>con murallas infinitas,<br \/>con tapices celestiales.<br \/>Mi barrio es parte de m\u00ed<br \/>como yo de mis verdades;<br \/>no puedo reconocerme<br \/>sin mirarme en su paisaje.<\/p>\t\t\t\t\t\t<\/div>\n\t\t\t\t<\/div>\n\t\t\t\t\t<\/div>\n\t\t<\/div>\n\t\t\t\t<div class=\"elementor-column elementor-col-33 elementor-top-column elementor-element elementor-element-12f9582\" data-id=\"12f9582\" data-element_type=\"column\">\n\t\t\t<div class=\"elementor-widget-wrap elementor-element-populated\">\n\t\t\t\t\t\t<div class=\"elementor-element elementor-element-d894dd9 elementor-align-center elementor-widget elementor-widget-button\" data-id=\"d894dd9\" data-element_type=\"widget\" data-widget_type=\"button.default\">\n\t\t\t\t<div class=\"elementor-widget-container\">\n\t\t\t\t\t<div class=\"elementor-button-wrapper\">\n\t\t\t<a class=\"elementor-button elementor-button-link elementor-size-sm\" href=\"#\">\n\t\t\t\t\t\t<span class=\"elementor-button-content-wrapper\">\n\t\t\t\t\t\t<span class=\"elementor-button-text\">SAN FRANCISCO<\/span>\n\t\t<\/span>\n\t\t\t\t\t<\/a>\n\t\t<\/div>\n\t\t\t\t<\/div>\n\t\t\t\t<\/div>\n\t\t\t\t<div class=\"elementor-element elementor-element-59faf1d elementor-widget elementor-widget-text-editor\" data-id=\"59faf1d\" data-element_type=\"widget\" data-widget_type=\"text-editor.default\">\n\t\t\t\t<div class=\"elementor-widget-container\">\n\t\t\t\t\t\t\t<p>Con sus calles empedradas<br \/>y su dilatada historia,<br \/>con \u201cEl Sucio\u201d en la memoria<br \/>y sus tremendas heladas.<br \/>Su Llanete y sus pendientes,<br \/>con sus bares y sus due\u00f1os<br \/>y Paquillo \u201cel Pujarre\u00f1o\u201d,<br \/>paradigma de sus gentes.<br \/>Con su santa cofrad\u00eda:<br \/>Hermandad del Santo Entierro,<br \/>sus balcones y sus cierros,<br \/>su tristeza y su alegr\u00eda.<br \/>Con su pilar centenario,<br \/>con su Iglesia y sus conventos,<br \/>su falta de aparcamientos<br \/>y con su traj\u00edn diario<br \/>Con sus viejos y sus ni\u00f1os,<br \/>con su alameda y su feria,<br \/>su sabor a periferia,<br \/>sus monjas y sus pesti\u00f1os.<br \/>Con sus osados empe\u00f1os,<br \/>con su propia idiosincrasia,<br \/>\u00e9l es por antonomasia<br \/>el barrio de los ronde\u00f1os.<\/p>\t\t\t\t\t\t<\/div>\n\t\t\t\t<\/div>\n\t\t\t\t<div class=\"elementor-element elementor-element-333746f elementor-widget elementor-widget-image\" data-id=\"333746f\" data-element_type=\"widget\" data-widget_type=\"image.default\">\n\t\t\t\t<div class=\"elementor-widget-container\">\n\t\t\t<style>\/*! elementor - v3.20.0 - 20-03-2024 *\/\n.elementor-widget-image{text-align:center}.elementor-widget-image a{display:inline-block}.elementor-widget-image a img[src$=\".svg\"]{width:48px}.elementor-widget-image img{vertical-align:middle;display:inline-block}<\/style>\t\t\t\t\t\t\t\t\t\t<img fetchpriority=\"high\" decoding=\"async\" width=\"667\" height=\"375\" src=\"http:\/\/www.josemariatornay.com\/wp-content\/uploads\/2020\/04\/barriosanfrancisco.jpg\" class=\"attachment-large size-large wp-image-19482\" alt=\"\" srcset=\"http:\/\/www.josemariatornay.com\/wp-content\/uploads\/2020\/04\/barriosanfrancisco.jpg 667w, http:\/\/www.josemariatornay.com\/wp-content\/uploads\/2020\/04\/barriosanfrancisco-300x169.jpg 300w\" sizes=\"(max-width: 667px) 100vw, 667px\" \/>\t\t\t\t\t\t\t\t\t\t\t\t\t<\/div>\n\t\t\t\t<\/div>\n\t\t\t\t<div class=\"elementor-element elementor-element-7b239bd elementor-widget elementor-widget-heading\" data-id=\"7b239bd\" data-element_type=\"widget\" data-widget_type=\"heading.default\">\n\t\t\t\t<div class=\"elementor-widget-container\">\n\t\t\t<style>\/*! elementor - v3.20.0 - 20-03-2024 *\/\n.elementor-heading-title{padding:0;margin:0;line-height:1}.elementor-widget-heading .elementor-heading-title[class*=elementor-size-]>a{color:inherit;font-size:inherit;line-height:inherit}.elementor-widget-heading .elementor-heading-title.elementor-size-small{font-size:15px}.elementor-widget-heading .elementor-heading-title.elementor-size-medium{font-size:19px}.elementor-widget-heading .elementor-heading-title.elementor-size-large{font-size:29px}.elementor-widget-heading .elementor-heading-title.elementor-size-xl{font-size:39px}.elementor-widget-heading .elementor-heading-title.elementor-size-xxl{font-size:59px}<\/style><h2 class=\"elementor-heading-title elementor-size-default\">Ronda tiene m\u00e1s barrios; los vecinos los llaman barriadas. Cada una con si singularidad, sobre todo vecinal. Pero estos cuatro que aqu\u00ed canto son los m\u00e1s antiguos y pueden, perfectamente, representar a todos los dem\u00e1s.<\/h2>\t\t<\/div>\n\t\t\t\t<\/div>\n\t\t\t\t<div class=\"elementor-element elementor-element-519b347 elementor-widget elementor-widget-image\" data-id=\"519b347\" data-element_type=\"widget\" data-widget_type=\"image.default\">\n\t\t\t\t<div class=\"elementor-widget-container\">\n\t\t\t\t\t\t\t\t\t\t\t\t\t<img decoding=\"async\" width=\"550\" height=\"412\" src=\"http:\/\/www.josemariatornay.com\/wp-content\/uploads\/2020\/04\/laciudad.jpg\" class=\"attachment-large size-large wp-image-19485\" alt=\"\" srcset=\"http:\/\/www.josemariatornay.com\/wp-content\/uploads\/2020\/04\/laciudad.jpg 550w, http:\/\/www.josemariatornay.com\/wp-content\/uploads\/2020\/04\/laciudad-300x225.jpg 300w\" sizes=\"(max-width: 550px) 100vw, 550px\" \/>\t\t\t\t\t\t\t\t\t\t\t\t\t<\/div>\n\t\t\t\t<\/div>\n\t\t\t\t\t<\/div>\n\t\t<\/div>\n\t\t\t\t\t<\/div>\n\t\t<\/section>\n\t\t\t\t<section class=\"elementor-section elementor-top-section elementor-element elementor-element-721df0b elementor-section-boxed elementor-section-height-default elementor-section-height-default\" data-id=\"721df0b\" data-element_type=\"section\">\n\t\t\t\t\t\t<div class=\"elementor-container elementor-column-gap-default\">\n\t\t\t\t\t<div class=\"elementor-column elementor-col-100 elementor-top-column elementor-element elementor-element-c84c7a0\" data-id=\"c84c7a0\" data-element_type=\"column\">\n\t\t\t<div class=\"elementor-widget-wrap elementor-element-populated\">\n\t\t\t\t\t\t<div class=\"elementor-element elementor-element-13f17dd elementor-widget-divider--view-line elementor-widget elementor-widget-divider\" data-id=\"13f17dd\" data-element_type=\"widget\" data-widget_type=\"divider.default\">\n\t\t\t\t<div class=\"elementor-widget-container\">\n\t\t\t<style>\/*! elementor - v3.20.0 - 20-03-2024 *\/\n.elementor-widget-divider{--divider-border-style:none;--divider-border-width:1px;--divider-color:#0c0d0e;--divider-icon-size:20px;--divider-element-spacing:10px;--divider-pattern-height:24px;--divider-pattern-size:20px;--divider-pattern-url:none;--divider-pattern-repeat:repeat-x}.elementor-widget-divider .elementor-divider{display:flex}.elementor-widget-divider .elementor-divider__text{font-size:15px;line-height:1;max-width:95%}.elementor-widget-divider .elementor-divider__element{margin:0 var(--divider-element-spacing);flex-shrink:0}.elementor-widget-divider .elementor-icon{font-size:var(--divider-icon-size)}.elementor-widget-divider .elementor-divider-separator{display:flex;margin:0;direction:ltr}.elementor-widget-divider--view-line_icon .elementor-divider-separator,.elementor-widget-divider--view-line_text .elementor-divider-separator{align-items:center}.elementor-widget-divider--view-line_icon .elementor-divider-separator:after,.elementor-widget-divider--view-line_icon .elementor-divider-separator:before,.elementor-widget-divider--view-line_text .elementor-divider-separator:after,.elementor-widget-divider--view-line_text .elementor-divider-separator:before{display:block;content:\"\";border-block-end:0;flex-grow:1;border-block-start:var(--divider-border-width) var(--divider-border-style) var(--divider-color)}.elementor-widget-divider--element-align-left .elementor-divider .elementor-divider-separator>.elementor-divider__svg:first-of-type{flex-grow:0;flex-shrink:100}.elementor-widget-divider--element-align-left .elementor-divider-separator:before{content:none}.elementor-widget-divider--element-align-left .elementor-divider__element{margin-left:0}.elementor-widget-divider--element-align-right .elementor-divider .elementor-divider-separator>.elementor-divider__svg:last-of-type{flex-grow:0;flex-shrink:100}.elementor-widget-divider--element-align-right .elementor-divider-separator:after{content:none}.elementor-widget-divider--element-align-right .elementor-divider__element{margin-right:0}.elementor-widget-divider--element-align-start .elementor-divider .elementor-divider-separator>.elementor-divider__svg:first-of-type{flex-grow:0;flex-shrink:100}.elementor-widget-divider--element-align-start .elementor-divider-separator:before{content:none}.elementor-widget-divider--element-align-start .elementor-divider__element{margin-inline-start:0}.elementor-widget-divider--element-align-end .elementor-divider .elementor-divider-separator>.elementor-divider__svg:last-of-type{flex-grow:0;flex-shrink:100}.elementor-widget-divider--element-align-end .elementor-divider-separator:after{content:none}.elementor-widget-divider--element-align-end .elementor-divider__element{margin-inline-end:0}.elementor-widget-divider:not(.elementor-widget-divider--view-line_text):not(.elementor-widget-divider--view-line_icon) .elementor-divider-separator{border-block-start:var(--divider-border-width) var(--divider-border-style) var(--divider-color)}.elementor-widget-divider--separator-type-pattern{--divider-border-style:none}.elementor-widget-divider--separator-type-pattern.elementor-widget-divider--view-line .elementor-divider-separator,.elementor-widget-divider--separator-type-pattern:not(.elementor-widget-divider--view-line) .elementor-divider-separator:after,.elementor-widget-divider--separator-type-pattern:not(.elementor-widget-divider--view-line) .elementor-divider-separator:before,.elementor-widget-divider--separator-type-pattern:not([class*=elementor-widget-divider--view]) .elementor-divider-separator{width:100%;min-height:var(--divider-pattern-height);-webkit-mask-size:var(--divider-pattern-size) 100%;mask-size:var(--divider-pattern-size) 100%;-webkit-mask-repeat:var(--divider-pattern-repeat);mask-repeat:var(--divider-pattern-repeat);background-color:var(--divider-color);-webkit-mask-image:var(--divider-pattern-url);mask-image:var(--divider-pattern-url)}.elementor-widget-divider--no-spacing{--divider-pattern-size:auto}.elementor-widget-divider--bg-round{--divider-pattern-repeat:round}.rtl .elementor-widget-divider .elementor-divider__text{direction:rtl}.e-con-inner>.elementor-widget-divider,.e-con>.elementor-widget-divider{width:var(--container-widget-width,100%);--flex-grow:var(--container-widget-flex-grow)}<\/style>\t\t<div class=\"elementor-divider\">\n\t\t\t<span class=\"elementor-divider-separator\">\n\t\t\t\t\t\t<\/span>\n\t\t<\/div>\n\t\t\t\t<\/div>\n\t\t\t\t<\/div>\n\t\t\t\t\t<\/div>\n\t\t<\/div>\n\t\t\t\t\t<\/div>\n\t\t<\/section>\n\t\t\t\t<\/div>\n\t\t","protected":false},"excerpt":{"rendered":"<p>PADRE JES\u00daS (HOYO EL BOTE) \u00a1C\u00f3mo sube el nazarenopor la cuesta del calvariosiguiendo el itinerariode su destino! Sereno,con su cruz. El caminargrave, amoroso, entregadoa la misi\u00f3n de salvaral mundo de sus pecados.La fe de este barrio en \u00c9lles hizo tomar su nombre,barrio de hembras y hombrescon un apellido: Fiel. EL MERCADILLO La nueva Ronda arranca [&hellip;]<\/p>\n","protected":false},"author":1,"featured_media":0,"parent":0,"menu_order":0,"comment_status":"closed","ping_status":"closed","template":"","meta":{"_aioseop_title":"","_aioseop_description":"","ngg_post_thumbnail":0,"footnotes":""},"_links":{"self":[{"href":"http:\/\/www.josemariatornay.com\/index.php\/wp-json\/wp\/v2\/pages\/19479"}],"collection":[{"href":"http:\/\/www.josemariatornay.com\/index.php\/wp-json\/wp\/v2\/pages"}],"about":[{"href":"http:\/\/www.josemariatornay.com\/index.php\/wp-json\/wp\/v2\/types\/page"}],"author":[{"embeddable":true,"href":"http:\/\/www.josemariatornay.com\/index.php\/wp-json\/wp\/v2\/users\/1"}],"replies":[{"embeddable":true,"href":"http:\/\/www.josemariatornay.com\/index.php\/wp-json\/wp\/v2\/comments?post=19479"}],"version-history":[{"count":0,"href":"http:\/\/www.josemariatornay.com\/index.php\/wp-json\/wp\/v2\/pages\/19479\/revisions"}],"wp:attachment":[{"href":"http:\/\/www.josemariatornay.com\/index.php\/wp-json\/wp\/v2\/media?parent=19479"}],"curies":[{"name":"wp","href":"https:\/\/api.w.org\/{rel}","templated":true}]}}