{"id":19489,"date":"2020-04-14T16:12:16","date_gmt":"2020-04-14T15:12:16","guid":{"rendered":"http:\/\/www.josemariatornay.com\/?page_id=19489"},"modified":"2020-04-15T15:59:50","modified_gmt":"2020-04-15T14:59:50","slug":"ronda-yo-personajes","status":"publish","type":"page","link":"http:\/\/www.josemariatornay.com\/index.php\/ronda-yo-personajes\/","title":{"rendered":"RONDA Y YO: PERSONAJES CL\u00c1SICOS"},"content":{"rendered":"\t\t<div data-elementor-type=\"wp-post\" data-elementor-id=\"19489\" class=\"elementor elementor-19489 elementor-bc-flex-widget\">\n\t\t\t\t\t\t<section class=\"elementor-section elementor-top-section elementor-element elementor-element-a4f290f elementor-section-boxed elementor-section-height-default elementor-section-height-default\" data-id=\"a4f290f\" data-element_type=\"section\">\n\t\t\t\t\t\t<div class=\"elementor-container elementor-column-gap-default\">\n\t\t\t\t\t<div class=\"elementor-column elementor-col-33 elementor-top-column elementor-element elementor-element-c5b6698\" data-id=\"c5b6698\" data-element_type=\"column\">\n\t\t\t<div class=\"elementor-widget-wrap elementor-element-populated\">\n\t\t\t\t\t\t<div class=\"elementor-element elementor-element-c6a7ecc elementor-align-center elementor-widget elementor-widget-button\" data-id=\"c6a7ecc\" data-element_type=\"widget\" data-widget_type=\"button.default\">\n\t\t\t\t<div class=\"elementor-widget-container\">\n\t\t\t\t\t<div class=\"elementor-button-wrapper\">\n\t\t\t<a class=\"elementor-button elementor-button-link elementor-size-sm\" href=\"#\">\n\t\t\t\t\t\t<span class=\"elementor-button-content-wrapper\">\n\t\t\t\t\t\t<span class=\"elementor-button-text\">VICENTE ESPINEL<\/span>\n\t\t<\/span>\n\t\t\t\t\t<\/a>\n\t\t<\/div>\n\t\t\t\t<\/div>\n\t\t\t\t<\/div>\n\t\t\t\t<div class=\"elementor-element elementor-element-62d34cb elementor-widget elementor-widget-text-editor\" data-id=\"62d34cb\" data-element_type=\"widget\" data-widget_type=\"text-editor.default\">\n\t\t\t\t<div class=\"elementor-widget-container\">\n\t\t\t<style>\/*! elementor - v3.20.0 - 20-03-2024 *\/\n.elementor-widget-text-editor.elementor-drop-cap-view-stacked .elementor-drop-cap{background-color:#69727d;color:#fff}.elementor-widget-text-editor.elementor-drop-cap-view-framed .elementor-drop-cap{color:#69727d;border:3px solid;background-color:transparent}.elementor-widget-text-editor:not(.elementor-drop-cap-view-default) .elementor-drop-cap{margin-top:8px}.elementor-widget-text-editor:not(.elementor-drop-cap-view-default) .elementor-drop-cap-letter{width:1em;height:1em}.elementor-widget-text-editor .elementor-drop-cap{float:left;text-align:center;line-height:1;font-size:50px}.elementor-widget-text-editor .elementor-drop-cap-letter{display:inline-block}<\/style>\t\t\t\t<p>Poeta primero<br \/>que Ronda engendr\u00f3,<br \/>para seguir tu sendero<br \/>yo quiero ser tu escudero<br \/>como Marcos de Obreg\u00f3n.<br \/>Guitarra, poemas, Ronda,<br \/>Vicente Espinel,<br \/>el alma de nuestra tierra<br \/>atrapada en un papel,<br \/>notas volando en el tiempo,<br \/>versos que ruedan en \u00e9l.<br \/>Redondillas y cuartetas,<br \/>d\u00e9cimas enamoradas,<br \/>palabras que traen los vientos,<br \/>palabras, dulces palabras<br \/>que como flechas caminan<br \/>y como dardos se clavan<br \/>Con su sabia pluma en ristre,<br \/>su sotana y su bonete<br \/>camin\u00f3 por los senderos<br \/>haciendo caminos siempre,<br \/>abriendo nuevas veredas<br \/>a\u00fan a costa de perderse.<br \/>Faro y gu\u00eda de poetas<br \/>y de genios consagrados,<br \/>vivi\u00f3 Vicente en la Corte<br \/>como maestro de sabios<br \/>y Ronda siempre latiendo<br \/>en su coraz\u00f3n serrano.<br \/>Poeta primero<br \/>que Ronda engendr\u00f3,<br \/>para seguir tu sendero<br \/>yo quiero ser tu escudero<br \/>como Marcos de Obreg\u00f3n.<br \/><br \/><\/p>\t\t\t\t\t\t<\/div>\n\t\t\t\t<\/div>\n\t\t\t\t<div class=\"elementor-element elementor-element-6aba720 elementor-align-center elementor-widget elementor-widget-button\" data-id=\"6aba720\" data-element_type=\"widget\" data-widget_type=\"button.default\">\n\t\t\t\t<div class=\"elementor-widget-container\">\n\t\t\t\t\t<div class=\"elementor-button-wrapper\">\n\t\t\t<a class=\"elementor-button elementor-button-link elementor-size-sm\" href=\"#\">\n\t\t\t\t\t\t<span class=\"elementor-button-content-wrapper\">\n\t\t\t\t\t\t<span class=\"elementor-button-text\">P\u00c9REZ DE GUZM\u00c1N<\/span>\n\t\t<\/span>\n\t\t\t\t\t<\/a>\n\t\t<\/div>\n\t\t\t\t<\/div>\n\t\t\t\t<\/div>\n\t\t\t\t<div class=\"elementor-element elementor-element-ca0df7f elementor-widget elementor-widget-text-editor\" data-id=\"ca0df7f\" data-element_type=\"widget\" data-widget_type=\"text-editor.default\">\n\t\t\t\t<div class=\"elementor-widget-container\">\n\t\t\t\t\t\t\t<p>Que este hombre fue importante,<br \/>Ortega, no lo discuto;<br \/>pero a m\u00ed, ahora y antes<br \/>de una manera constante,<br \/>me sigue oliendo a instituto.<br \/>A d\u00edas de amor y rosas,<br \/>a juegos adolescentes,<br \/>a notas, clases y cosas,<br \/>en su tiempo deliciosas<br \/>y en el recuerdo inocentes.<\/p>\t\t\t\t\t\t<\/div>\n\t\t\t\t<\/div>\n\t\t\t\t<div class=\"elementor-element elementor-element-9bb8275 elementor-align-center elementor-widget elementor-widget-button\" data-id=\"9bb8275\" data-element_type=\"widget\" data-widget_type=\"button.default\">\n\t\t\t\t<div class=\"elementor-widget-container\">\n\t\t\t\t\t<div class=\"elementor-button-wrapper\">\n\t\t\t<a class=\"elementor-button elementor-button-link elementor-size-sm\" href=\"#\">\n\t\t\t\t\t\t<span class=\"elementor-button-content-wrapper\">\n\t\t\t\t\t\t<span class=\"elementor-button-text\">R\u00cdOS ROSAS<\/span>\n\t\t<\/span>\n\t\t\t\t\t<\/a>\n\t\t<\/div>\n\t\t\t\t<\/div>\n\t\t\t\t<\/div>\n\t\t\t\t<div class=\"elementor-element elementor-element-b4d0f8c elementor-widget elementor-widget-text-editor\" data-id=\"b4d0f8c\" data-element_type=\"widget\" data-widget_type=\"text-editor.default\">\n\t\t\t\t<div class=\"elementor-widget-container\">\n\t\t\t\t\t\t\t<p>Diputado, pragm\u00e1tico y prudente,<br \/>erige su elegancia R\u00edos Rosas,<br \/>ocupado en cuidar las mismas cosas<br \/>que ocupaban al pueblo y a su gente.<br \/><br \/>Luch\u00f3 como un jabato entre titanes<br \/>defendiendo la l\u00f3gica y la \u00e9tica<br \/>en una Espa\u00f1a escu\u00e1lida y pat\u00e9tica<br \/>de pol\u00edticos zafios y rufianes.<br \/><br \/>Ronde\u00f1o de talante y de talento<br \/>a\u00fan sigue vigilante en su tribuna<br \/>de la plaza de Espa\u00f1a, siempre atento;<br \/><br \/>su palabra certera y oportuna<br \/>sigue viva alentando el Parlamento,<br \/>brillante y sideral como ninguna.<\/p>\t\t\t\t\t\t<\/div>\n\t\t\t\t<\/div>\n\t\t\t\t<div class=\"elementor-element elementor-element-5cd1025 elementor-align-center elementor-widget elementor-widget-button\" data-id=\"5cd1025\" data-element_type=\"widget\" data-widget_type=\"button.default\">\n\t\t\t\t<div class=\"elementor-widget-container\">\n\t\t\t\t\t<div class=\"elementor-button-wrapper\">\n\t\t\t<a class=\"elementor-button elementor-button-link elementor-size-sm\" href=\"#\">\n\t\t\t\t\t\t<span class=\"elementor-button-content-wrapper\">\n\t\t\t\t\t\t<span class=\"elementor-button-text\">ANIYA LA GITANA<\/span>\n\t\t<\/span>\n\t\t\t\t\t<\/a>\n\t\t<\/div>\n\t\t\t\t<\/div>\n\t\t\t\t<\/div>\n\t\t\t\t<div class=\"elementor-element elementor-element-69e927d elementor-widget elementor-widget-text-editor\" data-id=\"69e927d\" data-element_type=\"widget\" data-widget_type=\"text-editor.default\">\n\t\t\t\t<div class=\"elementor-widget-container\">\n\t\t\t\t\t\t\t<p>Se conjuraban las musas<br \/>en noches de luna clara<br \/>cuando lloraban su llanto<br \/>las cuerdas de su guitarra<br \/>Sangre de fuego encendido<br \/>bordan sus dedos al alba<br \/>y la brisa se detiene<br \/>para entrar por su ventana.<br \/>Aniya, luz de bohemia,<br \/>mujer de miel y de rabia,<br \/>verano de sol ardiente,<br \/>linterna en la madrugada.<br \/>Por las esquinas del aire<br \/>retoza su voz quebrada,<br \/>mientras deslumbra la noche<br \/>la reina de las gitanas.<\/p>\t\t\t\t\t\t<\/div>\n\t\t\t\t<\/div>\n\t\t\t\t\t<\/div>\n\t\t<\/div>\n\t\t\t\t<div class=\"elementor-column elementor-col-33 elementor-top-column elementor-element elementor-element-dfe08c7\" data-id=\"dfe08c7\" data-element_type=\"column\">\n\t\t\t<div class=\"elementor-widget-wrap elementor-element-populated\">\n\t\t\t\t\t\t<div class=\"elementor-element elementor-element-c1c6774 elementor-align-center elementor-widget elementor-widget-button\" data-id=\"c1c6774\" data-element_type=\"widget\" data-widget_type=\"button.default\">\n\t\t\t\t<div class=\"elementor-widget-container\">\n\t\t\t\t\t<div class=\"elementor-button-wrapper\">\n\t\t\t<a class=\"elementor-button elementor-button-link elementor-size-sm\" href=\"#\">\n\t\t\t\t\t\t<span class=\"elementor-button-content-wrapper\">\n\t\t\t\t\t\t<span class=\"elementor-button-text\">PEDRO ROMERO<\/span>\n\t\t<\/span>\n\t\t\t\t\t<\/a>\n\t\t<\/div>\n\t\t\t\t<\/div>\n\t\t\t\t<\/div>\n\t\t\t\t<div class=\"elementor-element elementor-element-94e0b20 elementor-widget elementor-widget-text-editor\" data-id=\"94e0b20\" data-element_type=\"widget\" data-widget_type=\"text-editor.default\">\n\t\t\t\t<div class=\"elementor-widget-container\">\n\t\t\t\t\t\t\t<p>Ning\u00fan torero<br \/>pudo hacer lo que hizo<br \/>Pedro Romero.<br \/>Flor de leyenda<br \/>de aquella dinast\u00eda<br \/>que convirti\u00f3 en historia<br \/>la torer\u00eda.<br \/>Pedro Romero:<br \/>la joya m\u00e1s brillante<br \/>sobre el albero.<br \/>Y fue el primero<br \/>en matar a los toros<br \/>como un torero.<\/p>\t\t\t\t\t\t<\/div>\n\t\t\t\t<\/div>\n\t\t\t\t<div class=\"elementor-element elementor-element-d1427a9 elementor-widget elementor-widget-text-editor\" data-id=\"d1427a9\" data-element_type=\"widget\" data-widget_type=\"text-editor.default\">\n\t\t\t\t<div class=\"elementor-widget-container\">\n\t\t\t\t\t\t\t\t\t\t\t\t\t<\/div>\n\t\t\t\t<\/div>\n\t\t\t\t<div class=\"elementor-element elementor-element-f2b7fca elementor-widget elementor-widget-image\" data-id=\"f2b7fca\" data-element_type=\"widget\" data-widget_type=\"image.default\">\n\t\t\t\t<div class=\"elementor-widget-container\">\n\t\t\t<style>\/*! elementor - v3.20.0 - 20-03-2024 *\/\n.elementor-widget-image{text-align:center}.elementor-widget-image a{display:inline-block}.elementor-widget-image a img[src$=\".svg\"]{width:48px}.elementor-widget-image img{vertical-align:middle;display:inline-block}<\/style>\t\t\t\t\t\t\t\t\t\t<img fetchpriority=\"high\" decoding=\"async\" width=\"620\" height=\"649\" src=\"http:\/\/www.josemariatornay.com\/wp-content\/uploads\/2020\/04\/GINER.jpg\" class=\"attachment-large size-large wp-image-19493\" alt=\"\" srcset=\"http:\/\/www.josemariatornay.com\/wp-content\/uploads\/2020\/04\/GINER.jpg 620w, http:\/\/www.josemariatornay.com\/wp-content\/uploads\/2020\/04\/GINER-287x300.jpg 287w\" sizes=\"(max-width: 620px) 100vw, 620px\" \/>\t\t\t\t\t\t\t\t\t\t\t\t\t<\/div>\n\t\t\t\t<\/div>\n\t\t\t\t<div class=\"elementor-element elementor-element-b039dff elementor-align-center elementor-widget elementor-widget-button\" data-id=\"b039dff\" data-element_type=\"widget\" data-widget_type=\"button.default\">\n\t\t\t\t<div class=\"elementor-widget-container\">\n\t\t\t\t\t<div class=\"elementor-button-wrapper\">\n\t\t\t<a class=\"elementor-button elementor-button-link elementor-size-sm\" href=\"#\">\n\t\t\t\t\t\t<span class=\"elementor-button-content-wrapper\">\n\t\t\t\t\t\t<span class=\"elementor-button-text\">GINER DE LOS R\u00cdOS<\/span>\n\t\t<\/span>\n\t\t\t\t\t<\/a>\n\t\t<\/div>\n\t\t\t\t<\/div>\n\t\t\t\t<\/div>\n\t\t\t\t<div class=\"elementor-element elementor-element-56b0d4c elementor-widget elementor-widget-text-editor\" data-id=\"56b0d4c\" data-element_type=\"widget\" data-widget_type=\"text-editor.default\">\n\t\t\t\t<div class=\"elementor-widget-container\">\n\t\t\t\t\t\t\t<p>Maestro de maestros, visionario<br \/>en un pueblo con alma de opereta,<br \/>quiso rendir la hiel de la escopeta<br \/>a la c\u00e1lida luz del diccionario.<br \/><br \/>Pero esta patria de ra\u00edz liviana,<br \/>del odio eterno y credos infalibles<br \/>fue enterrando en el mar de lo imposible<br \/>su germen portador de otro ma\u00f1ana.<br \/><br \/>Con hombres y mujeres liberados<br \/>de cadenas y dogmas seculares<br \/>so\u00f1\u00f3 un pueblo de pulso atemperado<br \/><br \/>con el alma pre\u00f1ada y sin pesares<br \/>del frescor de los campos olvidados<br \/>y el vigor de los recios olivares.<\/p>\t\t\t\t\t\t<\/div>\n\t\t\t\t<\/div>\n\t\t\t\t<div class=\"elementor-element elementor-element-01c14c1 elementor-widget elementor-widget-image\" data-id=\"01c14c1\" data-element_type=\"widget\" data-widget_type=\"image.default\">\n\t\t\t\t<div class=\"elementor-widget-container\">\n\t\t\t\t\t\t\t\t\t\t\t\t\t<img decoding=\"async\" src=\"http:\/\/www.josemariatornay.com\/wp-content\/uploads\/elementor\/thumbs\/FERNANDODELOSRIOS-oo29tpiajtyxgnawctyrem3gnrokcm1npd7n16heyo.jpg\" title=\"FERNANDODELOSRIOS\" alt=\"FERNANDODELOSRIOS\" loading=\"lazy\" \/>\t\t\t\t\t\t\t\t\t\t\t\t\t<\/div>\n\t\t\t\t<\/div>\n\t\t\t\t<div class=\"elementor-element elementor-element-3ff7b8c elementor-widget elementor-widget-heading\" data-id=\"3ff7b8c\" data-element_type=\"widget\" data-widget_type=\"heading.default\">\n\t\t\t\t<div class=\"elementor-widget-container\">\n\t\t\t<style>\/*! elementor - v3.20.0 - 20-03-2024 *\/\n.elementor-heading-title{padding:0;margin:0;line-height:1}.elementor-widget-heading .elementor-heading-title[class*=elementor-size-]>a{color:inherit;font-size:inherit;line-height:inherit}.elementor-widget-heading .elementor-heading-title.elementor-size-small{font-size:15px}.elementor-widget-heading .elementor-heading-title.elementor-size-medium{font-size:19px}.elementor-widget-heading .elementor-heading-title.elementor-size-large{font-size:29px}.elementor-widget-heading .elementor-heading-title.elementor-size-xl{font-size:39px}.elementor-widget-heading .elementor-heading-title.elementor-size-xxl{font-size:59px}<\/style><h2 class=\"elementor-heading-title elementor-size-default\">He colocado en esta p\u00e1gina a los personajes hist\u00f3ricos o m\u00e1s antiguos. \nY en otra p\u00e1gina independiente colocar\u00e9 a los personajes actuales, que son esos que te puedes encontrar por la calle, cualquier d\u00eda y a cualquier hora. Yo lo hago muchas veces. Por cierto, son tan importantes como aquellos.<\/h2>\t\t<\/div>\n\t\t\t\t<\/div>\n\t\t\t\t\t<\/div>\n\t\t<\/div>\n\t\t\t\t<div class=\"elementor-column elementor-col-33 elementor-top-column elementor-element elementor-element-03c86a3\" data-id=\"03c86a3\" data-element_type=\"column\">\n\t\t\t<div class=\"elementor-widget-wrap elementor-element-populated\">\n\t\t\t\t\t\t<div class=\"elementor-element elementor-element-012d675 elementor-align-center elementor-widget elementor-widget-button\" data-id=\"012d675\" data-element_type=\"widget\" data-widget_type=\"button.default\">\n\t\t\t\t<div class=\"elementor-widget-container\">\n\t\t\t\t\t<div class=\"elementor-button-wrapper\">\n\t\t\t<a class=\"elementor-button elementor-button-link elementor-size-sm\" href=\"#\">\n\t\t\t\t\t\t<span class=\"elementor-button-content-wrapper\">\n\t\t\t\t\t\t<span class=\"elementor-button-text\">FERNANDO DE LOS R\u00cdOS<\/span>\n\t\t<\/span>\n\t\t\t\t\t<\/a>\n\t\t<\/div>\n\t\t\t\t<\/div>\n\t\t\t\t<\/div>\n\t\t\t\t<div class=\"elementor-element elementor-element-6dd1899 elementor-widget elementor-widget-text-editor\" data-id=\"6dd1899\" data-element_type=\"widget\" data-widget_type=\"text-editor.default\">\n\t\t\t\t<div class=\"elementor-widget-container\">\n\t\t\t\t\t\t\t<p>Luch\u00f3 contra la Espa\u00f1a de alma quieta<br \/>y a favor de alumbrar otros senderos<br \/>ocultos por la historia, prisioneros<br \/>de miedos y verdades incompletas.<br \/><br \/>Se enfrent\u00f3 a los fantasmas del pasado<br \/>con la esperanza puesta en el futuro<br \/>ante unos tiempos con el rostro duro<br \/>de rencores sin fin apasionados.<br \/><br \/>Pero esta patria, pr\u00f3diga en quimeras<br \/>que juega con delirios de grandeza,<br \/>que cubre el fanatismo con banderas<br \/><br \/>y troca las razones en fiereza,<br \/>no lo dej\u00f3 ni vislumbrar siquiera<br \/>la Espa\u00f1a que llevaba en la cabeza.<\/p>\t\t\t\t\t\t<\/div>\n\t\t\t\t<\/div>\n\t\t\t\t<div class=\"elementor-element elementor-element-c412f37 elementor-align-center elementor-widget elementor-widget-button\" data-id=\"c412f37\" data-element_type=\"widget\" data-widget_type=\"button.default\">\n\t\t\t\t<div class=\"elementor-widget-container\">\n\t\t\t\t\t<div class=\"elementor-button-wrapper\">\n\t\t\t<a class=\"elementor-button elementor-button-link elementor-size-sm\" href=\"#\">\n\t\t\t\t\t\t<span class=\"elementor-button-content-wrapper\">\n\t\t\t\t\t\t<span class=\"elementor-button-text\">DIEGO EL DE \"EL GASTOR\"<\/span>\n\t\t<\/span>\n\t\t\t\t\t<\/a>\n\t\t<\/div>\n\t\t\t\t<\/div>\n\t\t\t\t<\/div>\n\t\t\t\t<div class=\"elementor-element elementor-element-1e2a726 elementor-widget elementor-widget-text-editor\" data-id=\"1e2a726\" data-element_type=\"widget\" data-widget_type=\"text-editor.default\">\n\t\t\t\t<div class=\"elementor-widget-container\">\n\t\t\t\t\t\t\t<p>En contacto con su pecho,<br \/>como un trasunto del alma,<br \/>lanza sus flores al viento<br \/>la fuente de su guitarra.<br \/>Vuelan notas, teje sue\u00f1os,<br \/>brotan duendes, cubre canas<br \/>y en los balcones del cielo<br \/>suenan celestiales palmas;<br \/>que siga tocando Diego<br \/>que siga sembrando magia<br \/>que siga ardiendo su fuego<br \/>dentro de cada guitarra.<\/p>\t\t\t\t\t\t<\/div>\n\t\t\t\t<\/div>\n\t\t\t\t<div class=\"elementor-element elementor-element-a9f24d4 elementor-align-center elementor-widget elementor-widget-button\" data-id=\"a9f24d4\" data-element_type=\"widget\" data-widget_type=\"button.default\">\n\t\t\t\t<div class=\"elementor-widget-container\">\n\t\t\t\t\t<div class=\"elementor-button-wrapper\">\n\t\t\t<a class=\"elementor-button elementor-button-link elementor-size-sm\" href=\"#\">\n\t\t\t\t\t\t<span class=\"elementor-button-content-wrapper\">\n\t\t\t\t\t\t<span class=\"elementor-button-text\">ANTONIO ORD\u00d3\u00d1EZ<\/span>\n\t\t<\/span>\n\t\t\t\t\t<\/a>\n\t\t<\/div>\n\t\t\t\t<\/div>\n\t\t\t\t<\/div>\n\t\t\t\t<div class=\"elementor-element elementor-element-51421bd elementor-widget elementor-widget-text-editor\" data-id=\"51421bd\" data-element_type=\"widget\" data-widget_type=\"text-editor.default\">\n\t\t\t\t<div class=\"elementor-widget-container\">\n\t\t\t\t\t\t\t<p>Tu cuerpo se estremece, goza y gime<br \/>cuando tu mano traza la distancia<br \/>que media entre el valor y la elegancia,<br \/>que va desde la gracia a lo sublime.<br \/><br \/>Del alma del azahar y del romero<br \/>de la recia y vetusta serran\u00eda<br \/>se alimenta el volc\u00e1n de la armon\u00eda<br \/>que brota por tu cr\u00e1ter de torero.<br \/><br \/>De Ronda se engrandece tu muleta:<br \/>del puente, su equilibrio y majestad,<br \/>del Tajo, vertical y sobria hondura<br \/><br \/>que recogi\u00f3 tu espada de poeta<br \/>para elevar al sol de la verdad<br \/>su firme y proverbial arquitectura.<\/p>\t\t\t\t\t\t<\/div>\n\t\t\t\t<\/div>\n\t\t\t\t<div class=\"elementor-element elementor-element-6f666a4 elementor-align-center elementor-widget elementor-widget-button\" data-id=\"6f666a4\" data-element_type=\"widget\" data-widget_type=\"button.default\">\n\t\t\t\t<div class=\"elementor-widget-container\">\n\t\t\t\t\t<div class=\"elementor-button-wrapper\">\n\t\t\t<a class=\"elementor-button elementor-button-link elementor-size-sm\" href=\"#\">\n\t\t\t\t\t\t<span class=\"elementor-button-content-wrapper\">\n\t\t\t\t\t\t<span class=\"elementor-button-text\">JOS\u00c9 ULLOA \"TRAGABUCHES\"<\/span>\n\t\t<\/span>\n\t\t\t\t\t<\/a>\n\t\t<\/div>\n\t\t\t\t<\/div>\n\t\t\t\t<\/div>\n\t\t\t\t<div class=\"elementor-element elementor-element-52a8b58 elementor-widget elementor-widget-text-editor\" data-id=\"52a8b58\" data-element_type=\"widget\" data-widget_type=\"text-editor.default\">\n\t\t\t\t<div class=\"elementor-widget-container\">\n\t\t\t\t\t\t\t<p>Llega Jos\u00e9 en su caballo,<br \/>fatigado del camino<br \/>con una pierna maltrecha,<br \/>buscando en su casa abrigo.<br \/>Nadie le abre la puerta:<br \/>su mujer con \u00abel listilllo\u00bb,<br \/>consuman el adulterio<br \/>que lo conduce al abismo.<br \/>En un momento tres vidas<br \/>de pronto se hacen a\u00f1icos<br \/>y la muerte se apodera<br \/>del coraz\u00f3n malherido.<br \/>La leyenda se abre paso<br \/>y vuelve a los muertos vivos.<br \/><br \/><\/p>\t\t\t\t\t\t<\/div>\n\t\t\t\t<\/div>\n\t\t\t\t<div class=\"elementor-element elementor-element-d71811e elementor-align-center elementor-widget elementor-widget-button\" data-id=\"d71811e\" data-element_type=\"widget\" data-widget_type=\"button.default\">\n\t\t\t\t<div class=\"elementor-widget-container\">\n\t\t\t\t\t<div class=\"elementor-button-wrapper\">\n\t\t\t<a class=\"elementor-button elementor-button-link elementor-size-sm\" href=\"#\">\n\t\t\t\t\t\t<span class=\"elementor-button-content-wrapper\">\n\t\t\t\t\t\t<span class=\"elementor-button-text\">JOAQU\u00cdN PEINADO<\/span>\n\t\t<\/span>\n\t\t\t\t\t<\/a>\n\t\t<\/div>\n\t\t\t\t<\/div>\n\t\t\t\t<\/div>\n\t\t\t\t<div class=\"elementor-element elementor-element-c3075ed elementor-widget elementor-widget-text-editor\" data-id=\"c3075ed\" data-element_type=\"widget\" data-widget_type=\"text-editor.default\">\n\t\t\t\t<div class=\"elementor-widget-container\">\n\t\t\t\t\t\t\t<p>\u00c9l fue capaz de llenar<br \/>su apasionada cabeza<br \/>con la luz de las ma\u00f1anas<br \/>y el brillo de las estrellas;<br \/>con el color de las flores<br \/>de jardines sin fronteras.<br \/>Y con inmensa ternura<br \/>deposit\u00f3 en su maleta,<br \/>el perfume de estos campos;<br \/>la desnudez de estas sierras,<br \/>el orgullo de sus gentes<br \/>y su natural nobleza.<\/p>\t\t\t\t\t\t<\/div>\n\t\t\t\t<\/div>\n\t\t\t\t\t<\/div>\n\t\t<\/div>\n\t\t\t\t\t<\/div>\n\t\t<\/section>\n\t\t\t\t<\/div>\n\t\t","protected":false},"excerpt":{"rendered":"<p>VICENTE ESPINEL Poeta primeroque Ronda engendr\u00f3,para seguir tu senderoyo quiero ser tu escuderocomo Marcos de Obreg\u00f3n.Guitarra, poemas, Ronda,Vicente Espinel,el alma de nuestra tierraatrapada en un papel,notas volando en el tiempo,versos que ruedan en \u00e9l.Redondillas y cuartetas,d\u00e9cimas enamoradas,palabras que traen los vientos,palabras, dulces palabrasque como flechas caminany como dardos se clavanCon su sabia pluma en ristre,su [&hellip;]<\/p>\n","protected":false},"author":1,"featured_media":0,"parent":0,"menu_order":0,"comment_status":"closed","ping_status":"closed","template":"","meta":{"_aioseop_title":"","_aioseop_description":"","ngg_post_thumbnail":0,"footnotes":""},"_links":{"self":[{"href":"http:\/\/www.josemariatornay.com\/index.php\/wp-json\/wp\/v2\/pages\/19489"}],"collection":[{"href":"http:\/\/www.josemariatornay.com\/index.php\/wp-json\/wp\/v2\/pages"}],"about":[{"href":"http:\/\/www.josemariatornay.com\/index.php\/wp-json\/wp\/v2\/types\/page"}],"author":[{"embeddable":true,"href":"http:\/\/www.josemariatornay.com\/index.php\/wp-json\/wp\/v2\/users\/1"}],"replies":[{"embeddable":true,"href":"http:\/\/www.josemariatornay.com\/index.php\/wp-json\/wp\/v2\/comments?post=19489"}],"version-history":[{"count":0,"href":"http:\/\/www.josemariatornay.com\/index.php\/wp-json\/wp\/v2\/pages\/19489\/revisions"}],"wp:attachment":[{"href":"http:\/\/www.josemariatornay.com\/index.php\/wp-json\/wp\/v2\/media?parent=19489"}],"curies":[{"name":"wp","href":"https:\/\/api.w.org\/{rel}","templated":true}]}}