{"id":19502,"date":"2020-04-14T17:24:02","date_gmt":"2020-04-14T16:24:02","guid":{"rendered":"http:\/\/www.josemariatornay.com\/?page_id=19502"},"modified":"2020-04-14T18:11:22","modified_gmt":"2020-04-14T17:11:22","slug":"ronda-personajes-contemporaneos","status":"publish","type":"page","link":"http:\/\/www.josemariatornay.com\/index.php\/ronda-personajes-contemporaneos\/","title":{"rendered":"RONDA Y YO: PERSONAJES CONTEMPOR\u00c1NEOS"},"content":{"rendered":"\t\t<div data-elementor-type=\"wp-post\" data-elementor-id=\"19502\" class=\"elementor elementor-19502 elementor-bc-flex-widget\">\n\t\t\t\t\t\t<section class=\"elementor-section elementor-top-section elementor-element elementor-element-4a82e23 elementor-section-boxed elementor-section-height-default elementor-section-height-default\" data-id=\"4a82e23\" data-element_type=\"section\">\n\t\t\t\t\t\t<div class=\"elementor-container elementor-column-gap-default\">\n\t\t\t\t\t<div class=\"elementor-column elementor-col-33 elementor-top-column elementor-element elementor-element-46156b6\" data-id=\"46156b6\" data-element_type=\"column\">\n\t\t\t<div class=\"elementor-widget-wrap elementor-element-populated\">\n\t\t\t\t\t\t<div class=\"elementor-element elementor-element-d06105a elementor-align-center elementor-widget elementor-widget-button\" data-id=\"d06105a\" data-element_type=\"widget\" data-widget_type=\"button.default\">\n\t\t\t\t<div class=\"elementor-widget-container\">\n\t\t\t\t\t<div class=\"elementor-button-wrapper\">\n\t\t\t<a class=\"elementor-button elementor-button-link elementor-size-sm\" href=\"#\">\n\t\t\t\t\t\t<span class=\"elementor-button-content-wrapper\">\n\t\t\t\t\t\t<span class=\"elementor-button-text\">ANTONIO BECERRA<\/span>\n\t\t<\/span>\n\t\t\t\t\t<\/a>\n\t\t<\/div>\n\t\t\t\t<\/div>\n\t\t\t\t<\/div>\n\t\t\t\t<div class=\"elementor-element elementor-element-4a6bb04 elementor-widget elementor-widget-text-editor\" data-id=\"4a6bb04\" data-element_type=\"widget\" data-widget_type=\"text-editor.default\">\n\t\t\t\t<div class=\"elementor-widget-container\">\n\t\t\t<style>\/*! elementor - v3.20.0 - 20-03-2024 *\/\n.elementor-widget-text-editor.elementor-drop-cap-view-stacked .elementor-drop-cap{background-color:#69727d;color:#fff}.elementor-widget-text-editor.elementor-drop-cap-view-framed .elementor-drop-cap{color:#69727d;border:3px solid;background-color:transparent}.elementor-widget-text-editor:not(.elementor-drop-cap-view-default) .elementor-drop-cap{margin-top:8px}.elementor-widget-text-editor:not(.elementor-drop-cap-view-default) .elementor-drop-cap-letter{width:1em;height:1em}.elementor-widget-text-editor .elementor-drop-cap{float:left;text-align:center;line-height:1;font-size:50px}.elementor-widget-text-editor .elementor-drop-cap-letter{display:inline-block}<\/style>\t\t\t\t<p>\u00bfQu\u00e9 extra\u00f1o mineral cubre tu cara,<br \/>Antonio, bendici\u00f3n de tus hermanos?<br \/>\u00bfQu\u00e9 noble coraz\u00f3n mueve tus manos?<br \/>\u00bfQu\u00e9 arlequ\u00edn sue\u00f1a en ti tu mente clara?<br \/><br \/>Cansado de nadar siempre en la orilla,<br \/>t\u00fa que lo hubieras hecho en alta mar,<br \/>si los dioses del sino o el azar<br \/>te hubieran apuntado en su cuadrilla.<br \/><br \/>En cada llaga pone un escenario<br \/>tu loca y portentosa fantas\u00eda,<br \/>\u00a1gloria a ti, terrorista necesario<br \/><br \/>que traficas con arte y emociones,<br \/>que disparas con balas de alegr\u00eda<br \/>y pones bombas en los corazones!<\/p>\t\t\t\t\t\t<\/div>\n\t\t\t\t<\/div>\n\t\t\t\t<div class=\"elementor-element elementor-element-5fb6f09 elementor-align-center elementor-widget elementor-widget-button\" data-id=\"5fb6f09\" data-element_type=\"widget\" data-widget_type=\"button.default\">\n\t\t\t\t<div class=\"elementor-widget-container\">\n\t\t\t\t\t<div class=\"elementor-button-wrapper\">\n\t\t\t<a class=\"elementor-button elementor-button-link elementor-size-sm\" href=\"#\">\n\t\t\t\t\t\t<span class=\"elementor-button-content-wrapper\">\n\t\t\t\t\t\t<span class=\"elementor-button-text\">MAR\u00cdA VILLAL\u00d3N<\/span>\n\t\t<\/span>\n\t\t\t\t\t<\/a>\n\t\t<\/div>\n\t\t\t\t<\/div>\n\t\t\t\t<\/div>\n\t\t\t\t<div class=\"elementor-element elementor-element-650f39d elementor-widget elementor-widget-text-editor\" data-id=\"650f39d\" data-element_type=\"widget\" data-widget_type=\"text-editor.default\">\n\t\t\t\t<div class=\"elementor-widget-container\">\n\t\t\t\t\t\t\t<p>Una estrella que alumbra el escenario,<br \/>unas manos vibrando tras un chelo<br \/>una voz que acaricia, y un consuelo,<br \/>un sol que no precisa comentarios.<br \/><br \/>Una \u201cag\u00fcita de abril\u201d que empapa entero<br \/>a cualquier coraz\u00f3n enamorado,<br \/>una nana que mece, un dulce fado,<br \/>una pasi\u00f3n que grita \u201caqu\u00ed te espero\u201d.<br \/><br \/>Un pincel en la boca, una acuarela,<br \/>una explosi\u00f3n de luz y de armon\u00eda<br \/>prendida a sus ra\u00edces y a su abuela.<br \/><br \/>Una c\u00e1lida y suave melod\u00eda,<br \/>una emoci\u00f3n traviesa que se cuela.<br \/>Todo eso y mucho m\u00e1s: as\u00ed es Mar\u00eda.<\/p>\t\t\t\t\t\t<\/div>\n\t\t\t\t<\/div>\n\t\t\t\t<div class=\"elementor-element elementor-element-68e5bec elementor-widget elementor-widget-heading\" data-id=\"68e5bec\" data-element_type=\"widget\" data-widget_type=\"heading.default\">\n\t\t\t\t<div class=\"elementor-widget-container\">\n\t\t\t<style>\/*! elementor - v3.20.0 - 20-03-2024 *\/\n.elementor-heading-title{padding:0;margin:0;line-height:1}.elementor-widget-heading .elementor-heading-title[class*=elementor-size-]>a{color:inherit;font-size:inherit;line-height:inherit}.elementor-widget-heading .elementor-heading-title.elementor-size-small{font-size:15px}.elementor-widget-heading .elementor-heading-title.elementor-size-medium{font-size:19px}.elementor-widget-heading .elementor-heading-title.elementor-size-large{font-size:29px}.elementor-widget-heading .elementor-heading-title.elementor-size-xl{font-size:39px}.elementor-widget-heading .elementor-heading-title.elementor-size-xxl{font-size:59px}<\/style><h2 class=\"elementor-heading-title elementor-size-default\">Todos estos personajes aparecen en el libro \"Ronda. Dos miradas diferentes sobre una ciudad \u00fanica. All\u00ed pueden encontrase los textos en prose de Jos\u00e9 M\u00aa Ortega.<\/h2>\t\t<\/div>\n\t\t\t\t<\/div>\n\t\t\t\t\t<\/div>\n\t\t<\/div>\n\t\t\t\t<div class=\"elementor-column elementor-col-33 elementor-top-column elementor-element elementor-element-19cdafb\" data-id=\"19cdafb\" data-element_type=\"column\">\n\t\t\t<div class=\"elementor-widget-wrap elementor-element-populated\">\n\t\t\t\t\t\t<div class=\"elementor-element elementor-element-0545204 elementor-align-center elementor-widget elementor-widget-button\" data-id=\"0545204\" data-element_type=\"widget\" data-widget_type=\"button.default\">\n\t\t\t\t<div class=\"elementor-widget-container\">\n\t\t\t\t\t<div class=\"elementor-button-wrapper\">\n\t\t\t<a class=\"elementor-button elementor-button-link elementor-size-sm\" href=\"#\">\n\t\t\t\t\t\t<span class=\"elementor-button-content-wrapper\">\n\t\t\t\t\t\t<span class=\"elementor-button-text\">GIGI VELA<\/span>\n\t\t<\/span>\n\t\t\t\t\t<\/a>\n\t\t<\/div>\n\t\t\t\t<\/div>\n\t\t\t\t<\/div>\n\t\t\t\t<div class=\"elementor-element elementor-element-1cf522e elementor-widget elementor-widget-text-editor\" data-id=\"1cf522e\" data-element_type=\"widget\" data-widget_type=\"text-editor.default\">\n\t\t\t\t<div class=\"elementor-widget-container\">\n\t\t\t\t\t\t\t<p>En cada bota un pincel,<br \/>relucientes como soles,<br \/>dibujando un carrusel<br \/>de centros, pases y goles.<br \/>Una br\u00fajula en la frente,<br \/>una batuta en la mano;<br \/>una muleta valiente<br \/>citando a un bal\u00f3n meano.<br \/>Conejos de la chistera<br \/>saca su magia y lo mismo<br \/>es su habilidad certera<br \/>con un pl\u00e1tano o una pera<br \/>haciendo malabarismos.<br \/>Gigi, cincel luminoso<br \/>que labra con la pelota,<br \/>con el primor de sus botas<br \/>versos sabios y gloriosos.<\/p>\t\t\t\t\t\t<\/div>\n\t\t\t\t<\/div>\n\t\t\t\t<div class=\"elementor-element elementor-element-793f54f elementor-widget elementor-widget-image\" data-id=\"793f54f\" data-element_type=\"widget\" data-widget_type=\"image.default\">\n\t\t\t\t<div class=\"elementor-widget-container\">\n\t\t\t<style>\/*! elementor - v3.20.0 - 20-03-2024 *\/\n.elementor-widget-image{text-align:center}.elementor-widget-image a{display:inline-block}.elementor-widget-image a img[src$=\".svg\"]{width:48px}.elementor-widget-image img{vertical-align:middle;display:inline-block}<\/style>\t\t\t\t\t\t\t\t\t\t<img fetchpriority=\"high\" decoding=\"async\" width=\"512\" height=\"307\" src=\"http:\/\/www.josemariatornay.com\/wp-content\/uploads\/2020\/04\/cuqui.jpg\" class=\"attachment-large size-large wp-image-19508\" alt=\"\" srcset=\"http:\/\/www.josemariatornay.com\/wp-content\/uploads\/2020\/04\/cuqui.jpg 512w, http:\/\/www.josemariatornay.com\/wp-content\/uploads\/2020\/04\/cuqui-300x180.jpg 300w\" sizes=\"(max-width: 512px) 100vw, 512px\" \/>\t\t\t\t\t\t\t\t\t\t\t\t\t<\/div>\n\t\t\t\t<\/div>\n\t\t\t\t<div class=\"elementor-element elementor-element-429301b elementor-align-center elementor-widget elementor-widget-button\" data-id=\"429301b\" data-element_type=\"widget\" data-widget_type=\"button.default\">\n\t\t\t\t<div class=\"elementor-widget-container\">\n\t\t\t\t\t<div class=\"elementor-button-wrapper\">\n\t\t\t<a class=\"elementor-button elementor-button-link elementor-size-sm\" href=\"#\">\n\t\t\t\t\t\t<span class=\"elementor-button-content-wrapper\">\n\t\t\t\t\t\t<span class=\"elementor-button-text\">MANUEL OLIVENCIA<\/span>\n\t\t<\/span>\n\t\t\t\t\t<\/a>\n\t\t<\/div>\n\t\t\t\t<\/div>\n\t\t\t\t<\/div>\n\t\t\t\t<div class=\"elementor-element elementor-element-8ff189a elementor-widget elementor-widget-text-editor\" data-id=\"8ff189a\" data-element_type=\"widget\" data-widget_type=\"text-editor.default\">\n\t\t\t\t<div class=\"elementor-widget-container\">\n\t\t\t\t\t\t\t<p>Este Espinel del Derecho,<br \/>con indomable certeza<br \/>lleva a Ronda en la cabeza<br \/>de igual forma que en su pecho.<br \/>Disfruta con buen provecho<br \/>los veranos, en Dom. P\u00edo,<br \/>en la ribera de un r\u00edo,<br \/>los inviernos, en Sevilla<br \/>disfrutando de la orilla<br \/>del Guadalquivir \u201cflor\u00edo\u201d.<\/p>\t\t\t\t\t\t<\/div>\n\t\t\t\t<\/div>\n\t\t\t\t\t<\/div>\n\t\t<\/div>\n\t\t\t\t<div class=\"elementor-column elementor-col-33 elementor-top-column elementor-element elementor-element-4ed86c2\" data-id=\"4ed86c2\" data-element_type=\"column\">\n\t\t\t<div class=\"elementor-widget-wrap elementor-element-populated\">\n\t\t\t\t\t\t<div class=\"elementor-element elementor-element-ce50306 elementor-align-center elementor-widget elementor-widget-button\" data-id=\"ce50306\" data-element_type=\"widget\" data-widget_type=\"button.default\">\n\t\t\t\t<div class=\"elementor-widget-container\">\n\t\t\t\t\t<div class=\"elementor-button-wrapper\">\n\t\t\t<a class=\"elementor-button elementor-button-link elementor-size-sm\" href=\"#\">\n\t\t\t\t\t\t<span class=\"elementor-button-content-wrapper\">\n\t\t\t\t\t\t<span class=\"elementor-button-text\">ANTONIO GONZ\u00c1LEZ \"EL CUQUI\"<\/span>\n\t\t<\/span>\n\t\t\t\t\t<\/a>\n\t\t<\/div>\n\t\t\t\t<\/div>\n\t\t\t\t<\/div>\n\t\t\t\t<div class=\"elementor-element elementor-element-0f0ddff elementor-widget elementor-widget-text-editor\" data-id=\"0f0ddff\" data-element_type=\"widget\" data-widget_type=\"text-editor.default\">\n\t\t\t\t<div class=\"elementor-widget-container\">\n\t\t\t\t\t\t\t<p>A lomos del caballo de su arte<br \/>has llenado de arpegios medio mundo,<br \/>con \u00e1nimo flem\u00e1tico y rotundo,<br \/>llevando a Ronda siempre de estandarte.<br \/><br \/>Con luces de bohemia has alumbrado<br \/>un camino entre Oriente y Occidente<br \/>y con rigor de artista has demostrado<br \/>que no hay nada m\u00e1s grande que la gente.<br \/><br \/>Tu sue\u00f1o ha sido un lienzo, una quimera,<br \/>pintado con jirones de tu vida<br \/>que te bebes a tragos, sin medida,<br \/><br \/>de tu guitarra s\u00f3lo prisionera;<br \/>por notas y pinceles convertida<br \/>en pl\u00e1cida y eterna primavera<\/p>\t\t\t\t\t\t<\/div>\n\t\t\t\t<\/div>\n\t\t\t\t<div class=\"elementor-element elementor-element-9001781 elementor-align-center elementor-widget elementor-widget-button\" data-id=\"9001781\" data-element_type=\"widget\" data-widget_type=\"button.default\">\n\t\t\t\t<div class=\"elementor-widget-container\">\n\t\t\t\t\t<div class=\"elementor-button-wrapper\">\n\t\t\t<a class=\"elementor-button elementor-button-link elementor-size-sm\" href=\"#\">\n\t\t\t\t\t\t<span class=\"elementor-button-content-wrapper\">\n\t\t\t\t\t\t<span class=\"elementor-button-text\">RODR\u00cdGUEZ DELGADO<\/span>\n\t\t<\/span>\n\t\t\t\t\t<\/a>\n\t\t<\/div>\n\t\t\t\t<\/div>\n\t\t\t\t<\/div>\n\t\t\t\t<div class=\"elementor-element elementor-element-b7fed7f elementor-widget elementor-widget-text-editor\" data-id=\"b7fed7f\" data-element_type=\"widget\" data-widget_type=\"text-editor.default\">\n\t\t\t\t<div class=\"elementor-widget-container\">\n\t\t\t\t\t\t\t<p>Profesor \u201camericano\u201d,<br \/>marinero de la ciencia<br \/>que a bordo de su sapiencia<br \/>navega el cerebro humano.<br \/>En su coraz\u00f3n serrano<br \/>lleva a este pueblo sure\u00f1o,<br \/>de amaneceres de ensue\u00f1o<br \/>y atardeceres dorados.<br \/>Doctor Rodr\u00edguez Delgado,<br \/>orgullo de los ronde\u00f1os.<\/p>\t\t\t\t\t\t<\/div>\n\t\t\t\t<\/div>\n\t\t\t\t<div class=\"elementor-element elementor-element-7baf290 elementor-widget elementor-widget-heading\" data-id=\"7baf290\" data-element_type=\"widget\" data-widget_type=\"heading.default\">\n\t\t\t\t<div class=\"elementor-widget-container\">\n\t\t\t<h2 class=\"elementor-heading-title elementor-size-default\">Hay, por supuesto, muchos m\u00e1s personajes notables en Ronda, pero estos son los que pudieron entrar en el libro.  Espero poder continuar esta galer\u00eda en cuanto tenga oportunidad de ponerme a ello. La m\u00fasica, el teatro, el comercio y todas las actividades habituales  tienen personajes relevantes que homenajear.<\/h2>\t\t<\/div>\n\t\t\t\t<\/div>\n\t\t\t\t\t<\/div>\n\t\t<\/div>\n\t\t\t\t\t<\/div>\n\t\t<\/section>\n\t\t\t\t<\/div>\n\t\t","protected":false},"excerpt":{"rendered":"<p>ANTONIO BECERRA \u00bfQu\u00e9 extra\u00f1o mineral cubre tu cara,Antonio, bendici\u00f3n de tus hermanos?\u00bfQu\u00e9 noble coraz\u00f3n mueve tus manos?\u00bfQu\u00e9 arlequ\u00edn sue\u00f1a en ti tu mente clara? Cansado de nadar siempre en la orilla,t\u00fa que lo hubieras hecho en alta mar,si los dioses del sino o el azarte hubieran apuntado en su cuadrilla. En cada llaga pone un [&hellip;]<\/p>\n","protected":false},"author":1,"featured_media":0,"parent":0,"menu_order":0,"comment_status":"closed","ping_status":"closed","template":"","meta":{"_aioseop_title":"","_aioseop_description":"","ngg_post_thumbnail":0,"footnotes":""},"_links":{"self":[{"href":"http:\/\/www.josemariatornay.com\/index.php\/wp-json\/wp\/v2\/pages\/19502"}],"collection":[{"href":"http:\/\/www.josemariatornay.com\/index.php\/wp-json\/wp\/v2\/pages"}],"about":[{"href":"http:\/\/www.josemariatornay.com\/index.php\/wp-json\/wp\/v2\/types\/page"}],"author":[{"embeddable":true,"href":"http:\/\/www.josemariatornay.com\/index.php\/wp-json\/wp\/v2\/users\/1"}],"replies":[{"embeddable":true,"href":"http:\/\/www.josemariatornay.com\/index.php\/wp-json\/wp\/v2\/comments?post=19502"}],"version-history":[{"count":0,"href":"http:\/\/www.josemariatornay.com\/index.php\/wp-json\/wp\/v2\/pages\/19502\/revisions"}],"wp:attachment":[{"href":"http:\/\/www.josemariatornay.com\/index.php\/wp-json\/wp\/v2\/media?parent=19502"}],"curies":[{"name":"wp","href":"https:\/\/api.w.org\/{rel}","templated":true}]}}