{"id":19624,"date":"2020-04-15T16:07:38","date_gmt":"2020-04-15T15:07:38","guid":{"rendered":"http:\/\/www.josemariatornay.com\/?page_id=19624"},"modified":"2020-04-15T19:16:21","modified_gmt":"2020-04-15T18:16:21","slug":"ronda-y-yo-ronda","status":"publish","type":"page","link":"http:\/\/www.josemariatornay.com\/index.php\/ronda-y-yo-ronda\/","title":{"rendered":"RONDA Y YO: RONDA"},"content":{"rendered":"\t\t<div data-elementor-type=\"wp-page\" data-elementor-id=\"19624\" class=\"elementor elementor-19624 elementor-bc-flex-widget\">\n\t\t\t\t\t\t<section class=\"elementor-section elementor-top-section elementor-element elementor-element-741e3ad elementor-section-boxed elementor-section-height-default elementor-section-height-default\" data-id=\"741e3ad\" data-element_type=\"section\">\n\t\t\t\t\t\t<div class=\"elementor-container elementor-column-gap-default\">\n\t\t\t\t\t<div class=\"elementor-column elementor-col-50 elementor-top-column elementor-element elementor-element-b16df97\" data-id=\"b16df97\" data-element_type=\"column\">\n\t\t\t<div class=\"elementor-widget-wrap elementor-element-populated\">\n\t\t\t\t\t\t<div class=\"elementor-element elementor-element-d7f03d5 elementor-align-center elementor-widget elementor-widget-button\" data-id=\"d7f03d5\" data-element_type=\"widget\" data-widget_type=\"button.default\">\n\t\t\t\t<div class=\"elementor-widget-container\">\n\t\t\t\t\t<div class=\"elementor-button-wrapper\">\n\t\t\t<a class=\"elementor-button elementor-button-link elementor-size-sm\" href=\"#\">\n\t\t\t\t\t\t<span class=\"elementor-button-content-wrapper\">\n\t\t\t\t\t\t<span class=\"elementor-button-text\">ROMANCE RONDA<\/span>\n\t\t<\/span>\n\t\t\t\t\t<\/a>\n\t\t<\/div>\n\t\t\t\t<\/div>\n\t\t\t\t<\/div>\n\t\t\t\t<div class=\"elementor-element elementor-element-567af51 elementor-widget elementor-widget-text-editor\" data-id=\"567af51\" data-element_type=\"widget\" data-widget_type=\"text-editor.default\">\n\t\t\t\t<div class=\"elementor-widget-container\">\n\t\t\t<style>\/*! elementor - v3.20.0 - 20-03-2024 *\/\n.elementor-widget-text-editor.elementor-drop-cap-view-stacked .elementor-drop-cap{background-color:#69727d;color:#fff}.elementor-widget-text-editor.elementor-drop-cap-view-framed .elementor-drop-cap{color:#69727d;border:3px solid;background-color:transparent}.elementor-widget-text-editor:not(.elementor-drop-cap-view-default) .elementor-drop-cap{margin-top:8px}.elementor-widget-text-editor:not(.elementor-drop-cap-view-default) .elementor-drop-cap-letter{width:1em;height:1em}.elementor-widget-text-editor .elementor-drop-cap{float:left;text-align:center;line-height:1;font-size:50px}.elementor-widget-text-editor .elementor-drop-cap-letter{display:inline-block}<\/style>\t\t\t\t<p>Como ca\u00edda del cielo<br \/>en medio de la monta\u00f1a,<br \/>de una forma natural,<br \/>lo mismo que cae el agua,<br \/>Ronda, encima de su tajo<br \/>por la roca se derrama;<br \/>sue\u00f1o de dioses que sue\u00f1an<br \/>una celestial morada.<br \/>Tus murallas son las huellas<br \/>de una historia febril, larga:<br \/>\u00a1qu\u00e9 tiernas gentes sensibles<br \/>han dado tus duras l\u00e1grimas!<br \/>\u00bfEn qui\u00e9n no florece un verso<br \/>cuando despiertas al alba?<br \/>\u00bfQui\u00e9n no se siente infinito<br \/>cuando el sol, triste, se marcha?<br \/>Los poetas que te encuentran<br \/>han hurgado en tus entra\u00f1as;<br \/>buscan tu arcano misterio,<br \/>te han vestido con palabras,<br \/>palabras de amor que laten<br \/>en tu profunda garganta.<br \/>Por ti no pasan los siglos,<br \/>suspendida en tu atalaya.<br \/>Ronda, de espaldas al tiempo,<br \/>Permanentemente cl\u00e1sica:<br \/>eterna quietud cambiante<br \/>sin alterar su sustancia,<br \/>como una diosa de piedra,<br \/>de piedra con luz y alma.<\/p>\t\t\t\t\t\t<\/div>\n\t\t\t\t<\/div>\n\t\t\t\t\t<\/div>\n\t\t<\/div>\n\t\t\t\t<div class=\"elementor-column elementor-col-50 elementor-top-column elementor-element elementor-element-a8aee57\" data-id=\"a8aee57\" data-element_type=\"column\">\n\t\t\t<div class=\"elementor-widget-wrap elementor-element-populated\">\n\t\t\t\t\t\t<div class=\"elementor-element elementor-element-ef7299a elementor-align-center elementor-widget elementor-widget-button\" data-id=\"ef7299a\" data-element_type=\"widget\" data-widget_type=\"button.default\">\n\t\t\t\t<div class=\"elementor-widget-container\">\n\t\t\t\t\t<div class=\"elementor-button-wrapper\">\n\t\t\t<a class=\"elementor-button elementor-button-link elementor-size-sm\" href=\"#\">\n\t\t\t\t\t\t<span class=\"elementor-button-content-wrapper\">\n\t\t\t\t\t\t<span class=\"elementor-button-text\">VERSOS DE RONDA<\/span>\n\t\t<\/span>\n\t\t\t\t\t<\/a>\n\t\t<\/div>\n\t\t\t\t<\/div>\n\t\t\t\t<\/div>\n\t\t\t\t<div class=\"elementor-element elementor-element-3780ea0 elementor-widget elementor-widget-text-editor\" data-id=\"3780ea0\" data-element_type=\"widget\" data-widget_type=\"text-editor.default\">\n\t\t\t\t<div class=\"elementor-widget-container\">\n\t\t\t\t\t\t\t<p>Esta duda del cielo, intermitente,<br \/>este sol que saluda entre las nubes,<br \/>esta lluvia que baja y luego sube,<br \/>ese \u00e1rbol que te mira indiferente.<br \/>Ese rostro dorado de la roca,<br \/>esa ristra de casa en hilera,<br \/>ese arbusto trapecista, esa chumbera<br \/>que nunca endulzar\u00e1 ninguna boca.<br \/>Esa muralla rota que no guarda, ese<br \/>molino en ruina que no muele,<br \/>esa garganta helada que no duele,<br \/>esa picha del moro tan gallarda.<br \/>Esa mirada c\u00e1lida y hermosa<br \/>de ese tajo glorioso y ese puente,<br \/>ese r\u00edo con color y sin corriente;<br \/>esa atracci\u00f3n fatal y poderosa.<br \/>Esas grietas de piedra que son nido<br \/>de esos s\u00edmbolos negros y volantes;<br \/>la magia que hace nuevo cada instante,<br \/>el silencio del tiempo detenido.<br \/>Esa gasa que vela la monta\u00f1a,<br \/>esa alfombra de verdes imposibles,<br \/>esa verdad rec\u00f3ndita, intangible,<br \/>esa forma de ser que la acompa\u00f1a.<br \/>Estos vientos sin lazos y sin due\u00f1os,<br \/>esta tarde de encaje que agoniza,<br \/>este plomizo abril que simboliza<br \/>las luces y las sombras de los sue\u00f1os.<br \/>Son los versos que acaban de nacer,<br \/>hechos con luz de una pureza extrema,<br \/>que componen los hilos del poema<br \/>que teje Ronda en cada atardecer.<\/p>\t\t\t\t\t\t<\/div>\n\t\t\t\t<\/div>\n\t\t\t\t\t<\/div>\n\t\t<\/div>\n\t\t\t\t\t<\/div>\n\t\t<\/section>\n\t\t\t\t<section class=\"elementor-section elementor-top-section elementor-element elementor-element-dea95fb elementor-section-boxed elementor-section-height-default elementor-section-height-default\" data-id=\"dea95fb\" data-element_type=\"section\">\n\t\t\t\t\t\t<div class=\"elementor-container elementor-column-gap-default\">\n\t\t\t\t\t<div class=\"elementor-column elementor-col-100 elementor-top-column elementor-element elementor-element-ab8fbea\" data-id=\"ab8fbea\" data-element_type=\"column\">\n\t\t\t<div class=\"elementor-widget-wrap elementor-element-populated\">\n\t\t\t\t\t\t<section class=\"elementor-section elementor-inner-section elementor-element elementor-element-72f8ef8 elementor-section-boxed elementor-section-height-default elementor-section-height-default\" data-id=\"72f8ef8\" data-element_type=\"section\">\n\t\t\t\t\t\t<div class=\"elementor-container elementor-column-gap-default\">\n\t\t\t\t\t<div class=\"elementor-column elementor-col-50 elementor-inner-column elementor-element elementor-element-a7fefb5\" data-id=\"a7fefb5\" data-element_type=\"column\">\n\t\t\t<div class=\"elementor-widget-wrap elementor-element-populated\">\n\t\t\t\t\t\t<div class=\"elementor-element elementor-element-d031999 elementor-widget elementor-widget-image\" data-id=\"d031999\" data-element_type=\"widget\" data-widget_type=\"image.default\">\n\t\t\t\t<div class=\"elementor-widget-container\">\n\t\t\t<style>\/*! elementor - v3.20.0 - 20-03-2024 *\/\n.elementor-widget-image{text-align:center}.elementor-widget-image a{display:inline-block}.elementor-widget-image a img[src$=\".svg\"]{width:48px}.elementor-widget-image img{vertical-align:middle;display:inline-block}<\/style>\t\t\t\t\t\t\t\t\t\t<img decoding=\"async\" src=\"http:\/\/www.josemariatornay.com\/wp-content\/uploads\/elementor\/thumbs\/ronda-tajo-opnl95i10cepfzx92z38ed77hvqb7bkdkz5t18zhmo.jpg\" title=\"ronda tajo\" alt=\"ronda tajo\" loading=\"lazy\" \/>\t\t\t\t\t\t\t\t\t\t\t\t\t<\/div>\n\t\t\t\t<\/div>\n\t\t\t\t<div class=\"elementor-element elementor-element-ffcac99 elementor-align-center elementor-widget elementor-widget-button\" data-id=\"ffcac99\" data-element_type=\"widget\" data-widget_type=\"button.default\">\n\t\t\t\t<div class=\"elementor-widget-container\">\n\t\t\t\t\t<div class=\"elementor-button-wrapper\">\n\t\t\t<a class=\"elementor-button elementor-button-link elementor-size-sm\" href=\"#\">\n\t\t\t\t\t\t<span class=\"elementor-button-content-wrapper\">\n\t\t\t\t\t\t<span class=\"elementor-button-text\">EL PELIGRO DE RONDA<\/span>\n\t\t<\/span>\n\t\t\t\t\t<\/a>\n\t\t<\/div>\n\t\t\t\t<\/div>\n\t\t\t\t<\/div>\n\t\t\t\t<div class=\"elementor-element elementor-element-3ba76b4 elementor-widget elementor-widget-text-editor\" data-id=\"3ba76b4\" data-element_type=\"widget\" data-widget_type=\"text-editor.default\">\n\t\t\t\t<div class=\"elementor-widget-container\">\n\t\t\t\t\t\t\t<p>Tendremos que extremar la vigilancia,<br \/>hay un peligro en Ronda de perderse,<br \/>de alienarse, rendirse, someterse,<br \/>de quedar atrapado en su sustancia.<br \/><br \/>Hay un riesgo muy fuerte de estar fuera<br \/>de alejarse del tiempo y sus urgencias,<br \/>fuera de la raz\u00f3n y la conciencia,<br \/>m\u00e1s all\u00e1 del espacio y sus fronteras.<br \/><br \/>Puede perderte el tajo con su puente,<br \/>puede asirte su cielo y su paisaje<br \/>puede perderte el genio de su gente<br \/><br \/>o la luz de sus recios personajes,<br \/>puede atraparte el sol en el poniente<br \/>o su misterio ind\u00f3mito y salvaje.<\/p>\t\t\t\t\t\t<\/div>\n\t\t\t\t<\/div>\n\t\t\t\t<div class=\"elementor-element elementor-element-3532925 elementor-widget elementor-widget-image\" data-id=\"3532925\" data-element_type=\"widget\" data-widget_type=\"image.default\">\n\t\t\t\t<div class=\"elementor-widget-container\">\n\t\t\t\t\t\t\t\t\t\t\t\t\t<img decoding=\"async\" src=\"http:\/\/www.josemariatornay.com\/wp-content\/uploads\/elementor\/thumbs\/Ronda-n0w5a3arpgzh36urah7m5yua7dwo5e8hquc0m9k0e8.jpg\" title=\"ronda\" alt=\"ronda\" loading=\"lazy\" \/>\t\t\t\t\t\t\t\t\t\t\t\t\t<\/div>\n\t\t\t\t<\/div>\n\t\t\t\t\t<\/div>\n\t\t<\/div>\n\t\t\t\t<div class=\"elementor-column elementor-col-50 elementor-inner-column elementor-element elementor-element-3d0d89d\" data-id=\"3d0d89d\" data-element_type=\"column\">\n\t\t\t<div class=\"elementor-widget-wrap elementor-element-populated\">\n\t\t\t\t\t\t<div class=\"elementor-element elementor-element-4dbb9a5 elementor-widget elementor-widget-image\" data-id=\"4dbb9a5\" data-element_type=\"widget\" data-widget_type=\"image.default\">\n\t\t\t\t<div class=\"elementor-widget-container\">\n\t\t\t\t\t\t\t\t\t\t\t\t\t<img fetchpriority=\"high\" decoding=\"async\" width=\"750\" height=\"477\" src=\"http:\/\/www.josemariatornay.com\/wp-content\/uploads\/2020\/04\/Ronda-espectacular.jpg\" class=\"attachment-large size-large wp-image-19334\" alt=\"\" srcset=\"http:\/\/www.josemariatornay.com\/wp-content\/uploads\/2020\/04\/Ronda-espectacular.jpg 750w, http:\/\/www.josemariatornay.com\/wp-content\/uploads\/2020\/04\/Ronda-espectacular-300x191.jpg 300w\" sizes=\"(max-width: 750px) 100vw, 750px\" \/>\t\t\t\t\t\t\t\t\t\t\t\t\t<\/div>\n\t\t\t\t<\/div>\n\t\t\t\t<div class=\"elementor-element elementor-element-65d1e1a elementor-align-center elementor-widget elementor-widget-button\" data-id=\"65d1e1a\" data-element_type=\"widget\" data-widget_type=\"button.default\">\n\t\t\t\t<div class=\"elementor-widget-container\">\n\t\t\t\t\t<div class=\"elementor-button-wrapper\">\n\t\t\t<a class=\"elementor-button elementor-button-link elementor-size-sm\" href=\"#\">\n\t\t\t\t\t\t<span class=\"elementor-button-content-wrapper\">\n\t\t\t\t\t\t<span class=\"elementor-button-text\">RONDA<\/span>\n\t\t<\/span>\n\t\t\t\t\t<\/a>\n\t\t<\/div>\n\t\t\t\t<\/div>\n\t\t\t\t<\/div>\n\t\t\t\t<div class=\"elementor-element elementor-element-e4d0cb2 elementor-widget elementor-widget-text-editor\" data-id=\"e4d0cb2\" data-element_type=\"widget\" data-widget_type=\"text-editor.default\">\n\t\t\t\t<div class=\"elementor-widget-container\">\n\t\t\t\t\t\t\t<p>(Dedicado al maestro Pedro P\u00e9rez Clotet, en el a\u00f1o de su centenario).<br \/>Nacida del abismo m\u00e1s profundo<br \/>te alzas Ronda, sublime en tu estatura<br \/>y Reina, en lo m\u00e1s alto de tu altura<br \/>repartes tu grandeza por el mundo.<br \/>Con los hilos de luz de tu belleza<br \/>teji\u00f3 P\u00e9rez Clotet su poes\u00eda,<br \/>enjambre de color y de armon\u00eda<br \/>forjado verso a verso, pieza a pieza.<br \/>Del tesoro que guardas con orgullo,<br \/>que s\u00f3lo pueden ver los elegidos,<br \/>cogi\u00f3 Pedro, salvando del olvido<br \/>tu coraz\u00f3n que, al tiempo, lo hizo suyo.<br \/>Tu alma de piedra se enternece y llora<br \/>al recorrer las sendas de tu historia<br \/>si el arpegio sin fin de la memoria<br \/>se revuelve en la tumba donde mora.<br \/>Quiero cantar la Ronda que se eleva<br \/>del t\u00f3pico ruin, de la rutina;<br \/>la que renace siempre de las ruinas,<br \/>la que reparte a sus hijos lo que lleva.<br \/>La Ronda de alma quieta no proclamo.<br \/>La que las musas del poeta enciende,<br \/>la Ronda que se escapa y que trasciende:<br \/>esa es la Ronda eterna que yo amo.<br \/>De esa Ronda yo quiero ser espejo;<br \/>de su fuego sagrado ser la llama<br \/>que se consume ardiendo y que reclama<br \/>ser de su majestad puro reflejo.<br \/>Si tus fronteras son el horizonte,<br \/>erizado de picos que te guardan,<br \/>ll\u00e9vate mis cenizas cuando ardan<br \/>para que sean vereda de tus montes.<\/p>\t\t\t\t\t\t<\/div>\n\t\t\t\t<\/div>\n\t\t\t\t\t<\/div>\n\t\t<\/div>\n\t\t\t\t\t<\/div>\n\t\t<\/section>\n\t\t\t\t\t<\/div>\n\t\t<\/div>\n\t\t\t\t\t<\/div>\n\t\t<\/section>\n\t\t\t\t<\/div>\n\t\t","protected":false},"excerpt":{"rendered":"<p>ROMANCE RONDA Como ca\u00edda del cieloen medio de la monta\u00f1a,de una forma natural,lo mismo que cae el agua,Ronda, encima de su tajopor la roca se derrama;sue\u00f1o de dioses que sue\u00f1anuna celestial morada.Tus murallas son las huellasde una historia febril, larga:\u00a1qu\u00e9 tiernas gentes sensibleshan dado tus duras l\u00e1grimas!\u00bfEn qui\u00e9n no florece un versocuando despiertas al alba?\u00bfQui\u00e9n [&hellip;]<\/p>\n","protected":false},"author":1,"featured_media":0,"parent":0,"menu_order":0,"comment_status":"closed","ping_status":"closed","template":"","meta":{"_aioseop_title":"","_aioseop_description":"","ngg_post_thumbnail":0,"footnotes":""},"_links":{"self":[{"href":"http:\/\/www.josemariatornay.com\/index.php\/wp-json\/wp\/v2\/pages\/19624"}],"collection":[{"href":"http:\/\/www.josemariatornay.com\/index.php\/wp-json\/wp\/v2\/pages"}],"about":[{"href":"http:\/\/www.josemariatornay.com\/index.php\/wp-json\/wp\/v2\/types\/page"}],"author":[{"embeddable":true,"href":"http:\/\/www.josemariatornay.com\/index.php\/wp-json\/wp\/v2\/users\/1"}],"replies":[{"embeddable":true,"href":"http:\/\/www.josemariatornay.com\/index.php\/wp-json\/wp\/v2\/comments?post=19624"}],"version-history":[{"count":0,"href":"http:\/\/www.josemariatornay.com\/index.php\/wp-json\/wp\/v2\/pages\/19624\/revisions"}],"wp:attachment":[{"href":"http:\/\/www.josemariatornay.com\/index.php\/wp-json\/wp\/v2\/media?parent=19624"}],"curies":[{"name":"wp","href":"https:\/\/api.w.org\/{rel}","templated":true}]}}