{"id":19666,"date":"2020-04-16T14:09:20","date_gmt":"2020-04-16T13:09:20","guid":{"rendered":"http:\/\/www.josemariatornay.com\/?page_id=19666"},"modified":"2020-04-16T14:18:13","modified_gmt":"2020-04-16T13:18:13","slug":"ronda-olvidada","status":"publish","type":"page","link":"http:\/\/www.josemariatornay.com\/index.php\/ronda-olvidada\/","title":{"rendered":"RONDA OLVIDADA"},"content":{"rendered":"\t\t<div data-elementor-type=\"wp-post\" data-elementor-id=\"19666\" class=\"elementor elementor-19666 elementor-bc-flex-widget\">\n\t\t\t\t\t\t<section class=\"elementor-section elementor-top-section elementor-element elementor-element-e4d5383 elementor-section-content-middle elementor-section-boxed elementor-section-height-default elementor-section-height-default\" data-id=\"e4d5383\" data-element_type=\"section\">\n\t\t\t\t\t\t<div class=\"elementor-container elementor-column-gap-default\">\n\t\t\t\t\t<div class=\"elementor-column elementor-col-50 elementor-top-column elementor-element elementor-element-4cc9cf6\" data-id=\"4cc9cf6\" data-element_type=\"column\">\n\t\t\t<div class=\"elementor-widget-wrap elementor-element-populated\">\n\t\t\t\t\t\t<div class=\"elementor-element elementor-element-e9333d7 elementor-widget elementor-widget-text-editor\" data-id=\"e9333d7\" data-element_type=\"widget\" data-widget_type=\"text-editor.default\">\n\t\t\t\t<div class=\"elementor-widget-container\">\n\t\t\t<style>\/*! elementor - v3.20.0 - 20-03-2024 *\/\n.elementor-widget-text-editor.elementor-drop-cap-view-stacked .elementor-drop-cap{background-color:#69727d;color:#fff}.elementor-widget-text-editor.elementor-drop-cap-view-framed .elementor-drop-cap{color:#69727d;border:3px solid;background-color:transparent}.elementor-widget-text-editor:not(.elementor-drop-cap-view-default) .elementor-drop-cap{margin-top:8px}.elementor-widget-text-editor:not(.elementor-drop-cap-view-default) .elementor-drop-cap-letter{width:1em;height:1em}.elementor-widget-text-editor .elementor-drop-cap{float:left;text-align:center;line-height:1;font-size:50px}.elementor-widget-text-editor .elementor-drop-cap-letter{display:inline-block}<\/style>\t\t\t\t<p>Eternamente olvidada; desde Espa\u00f1a, desde Andaluc\u00eda, los pol\u00edticos se muestran indiferentes a su destino. Dif\u00edciles accesos, malas comunicaciones, pocos habitantes, es decir, votantes. Pol\u00edticos locales tan solo ocupados en sacar sus carreras adelante, en apoltronarse, en convertir la pol\u00edtica en su ocupaci\u00f3n. Sin vocaci\u00f3n, pero con muchos intereses en juego. Entre unas cosas y otras el olvido, el abandono. <br \/>Ronda queda entregada a su suerte y de ella saca lo que puede. Y su suerte es su emplazamiento, su belleza, sus sobrecogedores rincones. Y con eso da de comer a los pocos que pueden quedarse a disfrutar de ella, de su patria chica; la mayor\u00eda tiene que salir fuera a buscar el futuro que no puede ofrecerle esta madre generosa, pero olvidada.<\/p>\t\t\t\t\t\t<\/div>\n\t\t\t\t<\/div>\n\t\t\t\t\t<\/div>\n\t\t<\/div>\n\t\t\t\t<div class=\"elementor-column elementor-col-50 elementor-top-column elementor-element elementor-element-b739e44\" data-id=\"b739e44\" data-element_type=\"column\">\n\t\t\t<div class=\"elementor-widget-wrap elementor-element-populated\">\n\t\t\t\t\t\t<div class=\"elementor-element elementor-element-7338af3 elementor-widget elementor-widget-image\" data-id=\"7338af3\" data-element_type=\"widget\" data-widget_type=\"image.default\">\n\t\t\t\t<div class=\"elementor-widget-container\">\n\t\t\t<style>\/*! elementor - v3.20.0 - 20-03-2024 *\/\n.elementor-widget-image{text-align:center}.elementor-widget-image a{display:inline-block}.elementor-widget-image a img[src$=\".svg\"]{width:48px}.elementor-widget-image img{vertical-align:middle;display:inline-block}<\/style>\t\t\t\t\t\t\t\t\t\t<img fetchpriority=\"high\" decoding=\"async\" width=\"1024\" height=\"683\" src=\"http:\/\/www.josemariatornay.com\/wp-content\/uploads\/2020\/04\/RONDA-OLVIDADA-1024x683.jpg\" class=\"attachment-large size-large wp-image-19668\" alt=\"\" srcset=\"http:\/\/www.josemariatornay.com\/wp-content\/uploads\/2020\/04\/RONDA-OLVIDADA-1024x683.jpg 1024w, http:\/\/www.josemariatornay.com\/wp-content\/uploads\/2020\/04\/RONDA-OLVIDADA-300x200.jpg 300w, http:\/\/www.josemariatornay.com\/wp-content\/uploads\/2020\/04\/RONDA-OLVIDADA-768x512.jpg 768w, http:\/\/www.josemariatornay.com\/wp-content\/uploads\/2020\/04\/RONDA-OLVIDADA.jpg 1050w\" sizes=\"(max-width: 1024px) 100vw, 1024px\" \/>\t\t\t\t\t\t\t\t\t\t\t\t\t<\/div>\n\t\t\t\t<\/div>\n\t\t\t\t\t<\/div>\n\t\t<\/div>\n\t\t\t\t\t<\/div>\n\t\t<\/section>\n\t\t\t\t<\/div>\n\t\t","protected":false},"excerpt":{"rendered":"<p>Eternamente olvidada; desde Espa\u00f1a, desde Andaluc\u00eda, los pol\u00edticos se muestran indiferentes a su destino. Dif\u00edciles accesos, malas comunicaciones, pocos habitantes, es decir, votantes. Pol\u00edticos locales tan solo ocupados en sacar sus carreras adelante, en apoltronarse, en convertir la pol\u00edtica en su ocupaci\u00f3n. Sin vocaci\u00f3n, pero con muchos intereses en juego. Entre unas cosas y otras [&hellip;]<\/p>\n","protected":false},"author":1,"featured_media":0,"parent":0,"menu_order":0,"comment_status":"closed","ping_status":"closed","template":"","meta":{"_aioseop_title":"","_aioseop_description":"","ngg_post_thumbnail":0,"footnotes":""},"_links":{"self":[{"href":"http:\/\/www.josemariatornay.com\/index.php\/wp-json\/wp\/v2\/pages\/19666"}],"collection":[{"href":"http:\/\/www.josemariatornay.com\/index.php\/wp-json\/wp\/v2\/pages"}],"about":[{"href":"http:\/\/www.josemariatornay.com\/index.php\/wp-json\/wp\/v2\/types\/page"}],"author":[{"embeddable":true,"href":"http:\/\/www.josemariatornay.com\/index.php\/wp-json\/wp\/v2\/users\/1"}],"replies":[{"embeddable":true,"href":"http:\/\/www.josemariatornay.com\/index.php\/wp-json\/wp\/v2\/comments?post=19666"}],"version-history":[{"count":0,"href":"http:\/\/www.josemariatornay.com\/index.php\/wp-json\/wp\/v2\/pages\/19666\/revisions"}],"wp:attachment":[{"href":"http:\/\/www.josemariatornay.com\/index.php\/wp-json\/wp\/v2\/media?parent=19666"}],"curies":[{"name":"wp","href":"https:\/\/api.w.org\/{rel}","templated":true}]}}