{"id":19679,"date":"2020-04-16T15:04:35","date_gmt":"2020-04-16T14:04:35","guid":{"rendered":"http:\/\/www.josemariatornay.com\/?page_id=19679"},"modified":"2020-04-16T15:06:47","modified_gmt":"2020-04-16T14:06:47","slug":"ronda-sobria","status":"publish","type":"page","link":"http:\/\/www.josemariatornay.com\/index.php\/ronda-sobria\/","title":{"rendered":"RONDA SOBRIA"},"content":{"rendered":"\t\t<div data-elementor-type=\"wp-page\" data-elementor-id=\"19679\" class=\"elementor elementor-19679 elementor-bc-flex-widget\">\n\t\t\t\t\t\t<section class=\"elementor-section elementor-top-section elementor-element elementor-element-56e1d13 elementor-section-boxed elementor-section-height-default elementor-section-height-default\" data-id=\"56e1d13\" data-element_type=\"section\">\n\t\t\t\t\t\t<div class=\"elementor-container elementor-column-gap-default\">\n\t\t\t\t\t<div class=\"elementor-column elementor-col-50 elementor-top-column elementor-element elementor-element-199f5b7\" data-id=\"199f5b7\" data-element_type=\"column\">\n\t\t\t<div class=\"elementor-widget-wrap elementor-element-populated\">\n\t\t\t\t\t\t<div class=\"elementor-element elementor-element-9c3ca43 elementor-widget elementor-widget-text-editor\" data-id=\"9c3ca43\" data-element_type=\"widget\" data-widget_type=\"text-editor.default\">\n\t\t\t\t<div class=\"elementor-widget-container\">\n\t\t\t<style>\/*! elementor - v3.20.0 - 20-03-2024 *\/\n.elementor-widget-text-editor.elementor-drop-cap-view-stacked .elementor-drop-cap{background-color:#69727d;color:#fff}.elementor-widget-text-editor.elementor-drop-cap-view-framed .elementor-drop-cap{color:#69727d;border:3px solid;background-color:transparent}.elementor-widget-text-editor:not(.elementor-drop-cap-view-default) .elementor-drop-cap{margin-top:8px}.elementor-widget-text-editor:not(.elementor-drop-cap-view-default) .elementor-drop-cap-letter{width:1em;height:1em}.elementor-widget-text-editor .elementor-drop-cap{float:left;text-align:center;line-height:1;font-size:50px}.elementor-widget-text-editor .elementor-drop-cap-letter{display:inline-block}<\/style>\t\t\t\t<p>Ronda y son entorno son austeros, como corresponde a quien es consciente de grandeza. No necesita alharacas; los aspavientos son innecesarios cuando el fondo supera a la forma, cuando el continente est\u00e1 repleto de contenido. Ronda recurre a s\u00ed misma para ser lo que es. No necesita folletos tur\u00edsticos, ni ferias internacionales del gremio; no necesita ni siquiera turistas. Incluso, me atrever\u00eda a decir, que es lo \u00fanico que le sobra a Ronda, si no fuera porque suponen su \u00fanica fuente de ingresos.<br \/>Ronda regala sobriedad, austeridad; no necesita fuegos de artificio.<\/p>\t\t\t\t\t\t<\/div>\n\t\t\t\t<\/div>\n\t\t\t\t\t<\/div>\n\t\t<\/div>\n\t\t\t\t<div class=\"elementor-column elementor-col-50 elementor-top-column elementor-element elementor-element-d63f029\" data-id=\"d63f029\" data-element_type=\"column\">\n\t\t\t<div class=\"elementor-widget-wrap elementor-element-populated\">\n\t\t\t\t\t\t<div class=\"elementor-element elementor-element-7aaf27a elementor-widget elementor-widget-image\" data-id=\"7aaf27a\" data-element_type=\"widget\" data-widget_type=\"image.default\">\n\t\t\t\t<div class=\"elementor-widget-container\">\n\t\t\t<style>\/*! elementor - v3.20.0 - 20-03-2024 *\/\n.elementor-widget-image{text-align:center}.elementor-widget-image a{display:inline-block}.elementor-widget-image a img[src$=\".svg\"]{width:48px}.elementor-widget-image img{vertical-align:middle;display:inline-block}<\/style>\t\t\t\t\t\t\t\t\t\t<img fetchpriority=\"high\" decoding=\"async\" width=\"296\" height=\"170\" src=\"http:\/\/www.josemariatornay.com\/wp-content\/uploads\/2020\/04\/RONDA-ELEGANTE.jpg\" class=\"attachment-large size-large wp-image-19680\" alt=\"\" \/>\t\t\t\t\t\t\t\t\t\t\t\t\t<\/div>\n\t\t\t\t<\/div>\n\t\t\t\t\t<\/div>\n\t\t<\/div>\n\t\t\t\t\t<\/div>\n\t\t<\/section>\n\t\t\t\t<\/div>\n\t\t","protected":false},"excerpt":{"rendered":"<p>Ronda y son entorno son austeros, como corresponde a quien es consciente de grandeza. No necesita alharacas; los aspavientos son innecesarios cuando el fondo supera a la forma, cuando el continente est\u00e1 repleto de contenido. Ronda recurre a s\u00ed misma para ser lo que es. No necesita folletos tur\u00edsticos, ni ferias internacionales del gremio; no [&hellip;]<\/p>\n","protected":false},"author":1,"featured_media":0,"parent":0,"menu_order":0,"comment_status":"closed","ping_status":"closed","template":"","meta":{"_aioseop_title":"","_aioseop_description":"","ngg_post_thumbnail":0,"footnotes":""},"_links":{"self":[{"href":"http:\/\/www.josemariatornay.com\/index.php\/wp-json\/wp\/v2\/pages\/19679"}],"collection":[{"href":"http:\/\/www.josemariatornay.com\/index.php\/wp-json\/wp\/v2\/pages"}],"about":[{"href":"http:\/\/www.josemariatornay.com\/index.php\/wp-json\/wp\/v2\/types\/page"}],"author":[{"embeddable":true,"href":"http:\/\/www.josemariatornay.com\/index.php\/wp-json\/wp\/v2\/users\/1"}],"replies":[{"embeddable":true,"href":"http:\/\/www.josemariatornay.com\/index.php\/wp-json\/wp\/v2\/comments?post=19679"}],"version-history":[{"count":0,"href":"http:\/\/www.josemariatornay.com\/index.php\/wp-json\/wp\/v2\/pages\/19679\/revisions"}],"wp:attachment":[{"href":"http:\/\/www.josemariatornay.com\/index.php\/wp-json\/wp\/v2\/media?parent=19679"}],"curies":[{"name":"wp","href":"https:\/\/api.w.org\/{rel}","templated":true}]}}