{"id":19760,"date":"2020-04-17T18:47:11","date_gmt":"2020-04-17T17:47:11","guid":{"rendered":"http:\/\/www.josemariatornay.com\/?page_id=19760"},"modified":"2020-04-17T18:54:16","modified_gmt":"2020-04-17T17:54:16","slug":"ronda-romantica","status":"publish","type":"page","link":"http:\/\/www.josemariatornay.com\/index.php\/ronda-romantica\/","title":{"rendered":"RONDA: ROM\u00c1NTICA"},"content":{"rendered":"\t\t<div data-elementor-type=\"wp-post\" data-elementor-id=\"19760\" class=\"elementor elementor-19760 elementor-bc-flex-widget\">\n\t\t\t\t\t\t<section class=\"elementor-section elementor-top-section elementor-element elementor-element-a89d25b elementor-section-boxed elementor-section-height-default elementor-section-height-default\" data-id=\"a89d25b\" data-element_type=\"section\">\n\t\t\t\t\t\t<div class=\"elementor-container elementor-column-gap-default\">\n\t\t\t\t\t<div class=\"elementor-column elementor-col-50 elementor-top-column elementor-element elementor-element-7bf5d32\" data-id=\"7bf5d32\" data-element_type=\"column\">\n\t\t\t<div class=\"elementor-widget-wrap elementor-element-populated\">\n\t\t\t\t\t\t<div class=\"elementor-element elementor-element-746b4ba elementor-widget elementor-widget-text-editor\" data-id=\"746b4ba\" data-element_type=\"widget\" data-widget_type=\"text-editor.default\">\n\t\t\t\t<div class=\"elementor-widget-container\">\n\t\t\t<style>\/*! elementor - v3.20.0 - 20-03-2024 *\/\n.elementor-widget-text-editor.elementor-drop-cap-view-stacked .elementor-drop-cap{background-color:#69727d;color:#fff}.elementor-widget-text-editor.elementor-drop-cap-view-framed .elementor-drop-cap{color:#69727d;border:3px solid;background-color:transparent}.elementor-widget-text-editor:not(.elementor-drop-cap-view-default) .elementor-drop-cap{margin-top:8px}.elementor-widget-text-editor:not(.elementor-drop-cap-view-default) .elementor-drop-cap-letter{width:1em;height:1em}.elementor-widget-text-editor .elementor-drop-cap{float:left;text-align:center;line-height:1;font-size:50px}.elementor-widget-text-editor .elementor-drop-cap-letter{display:inline-block}<\/style>\t\t\t\t<p>Ronda es tambi\u00e9n rom\u00e1ntica, en el sentido m\u00e1s literal del t\u00e9rmino. Entre otras caracter\u00edsticas, los rom\u00e1nticos se interesan por lo ex\u00f3tico, lo que no es convencional, las culturas for\u00e1neas a las que idealizaban, sobre todo lo rec\u00f3ndito, escondido, casi salvaje. Sienten una fuerte nostalgia por el pasado, que expresan en su inter\u00e9s por rescatar la sabidur\u00eda popular, el folclore y las leyendas. Algo que parece inculcado en las conciencias pensando en Ronda y su orograf\u00eda, en sus gentes y sus bandoleros.<br \/>As\u00ed que esa condici\u00f3n de rec\u00f3ndita y secreta la convierten en una ciudad rom\u00e1ntica, perseguida por viajeros atrevidos en busca de de sentir fuertes emociones y vivir apasionantes aventuras en parajes salvajes y brav\u00edos, apenas pisados por la civilizaci\u00f3n a lo largo del siglo XIX y parte del XX. La misma condici\u00f3n, seguramente, que hoy atrae a miles de turistas diarios.<\/p>\t\t\t\t\t\t<\/div>\n\t\t\t\t<\/div>\n\t\t\t\t\t<\/div>\n\t\t<\/div>\n\t\t\t\t<div class=\"elementor-column elementor-col-50 elementor-top-column elementor-element elementor-element-098ebaa\" data-id=\"098ebaa\" data-element_type=\"column\">\n\t\t\t<div class=\"elementor-widget-wrap elementor-element-populated\">\n\t\t\t\t\t\t<div class=\"elementor-element elementor-element-9c660fe elementor-widget elementor-widget-image\" data-id=\"9c660fe\" data-element_type=\"widget\" data-widget_type=\"image.default\">\n\t\t\t\t<div class=\"elementor-widget-container\">\n\t\t\t<style>\/*! elementor - v3.20.0 - 20-03-2024 *\/\n.elementor-widget-image{text-align:center}.elementor-widget-image a{display:inline-block}.elementor-widget-image a img[src$=\".svg\"]{width:48px}.elementor-widget-image img{vertical-align:middle;display:inline-block}<\/style>\t\t\t\t\t\t\t\t\t\t<img fetchpriority=\"high\" decoding=\"async\" width=\"690\" height=\"460\" src=\"http:\/\/www.josemariatornay.com\/wp-content\/uploads\/2020\/04\/ronda-romantica-1.jpg\" class=\"attachment-large size-large wp-image-19764\" alt=\"\" srcset=\"http:\/\/www.josemariatornay.com\/wp-content\/uploads\/2020\/04\/ronda-romantica-1.jpg 690w, http:\/\/www.josemariatornay.com\/wp-content\/uploads\/2020\/04\/ronda-romantica-1-300x200.jpg 300w\" sizes=\"(max-width: 690px) 100vw, 690px\" \/>\t\t\t\t\t\t\t\t\t\t\t\t\t<\/div>\n\t\t\t\t<\/div>\n\t\t\t\t\t<\/div>\n\t\t<\/div>\n\t\t\t\t\t<\/div>\n\t\t<\/section>\n\t\t\t\t<\/div>\n\t\t","protected":false},"excerpt":{"rendered":"<p>Ronda es tambi\u00e9n rom\u00e1ntica, en el sentido m\u00e1s literal del t\u00e9rmino. Entre otras caracter\u00edsticas, los rom\u00e1nticos se interesan por lo ex\u00f3tico, lo que no es convencional, las culturas for\u00e1neas a las que idealizaban, sobre todo lo rec\u00f3ndito, escondido, casi salvaje. Sienten una fuerte nostalgia por el pasado, que expresan en su inter\u00e9s por rescatar la [&hellip;]<\/p>\n","protected":false},"author":1,"featured_media":0,"parent":0,"menu_order":0,"comment_status":"closed","ping_status":"closed","template":"","meta":{"_aioseop_title":"","_aioseop_description":"","ngg_post_thumbnail":0,"footnotes":""},"_links":{"self":[{"href":"http:\/\/www.josemariatornay.com\/index.php\/wp-json\/wp\/v2\/pages\/19760"}],"collection":[{"href":"http:\/\/www.josemariatornay.com\/index.php\/wp-json\/wp\/v2\/pages"}],"about":[{"href":"http:\/\/www.josemariatornay.com\/index.php\/wp-json\/wp\/v2\/types\/page"}],"author":[{"embeddable":true,"href":"http:\/\/www.josemariatornay.com\/index.php\/wp-json\/wp\/v2\/users\/1"}],"replies":[{"embeddable":true,"href":"http:\/\/www.josemariatornay.com\/index.php\/wp-json\/wp\/v2\/comments?post=19760"}],"version-history":[{"count":0,"href":"http:\/\/www.josemariatornay.com\/index.php\/wp-json\/wp\/v2\/pages\/19760\/revisions"}],"wp:attachment":[{"href":"http:\/\/www.josemariatornay.com\/index.php\/wp-json\/wp\/v2\/media?parent=19760"}],"curies":[{"name":"wp","href":"https:\/\/api.w.org\/{rel}","templated":true}]}}