{"id":20719,"date":"2020-05-13T19:54:12","date_gmt":"2020-05-13T18:54:12","guid":{"rendered":"http:\/\/www.josemariatornay.com\/?page_id=20719"},"modified":"2020-05-13T20:16:55","modified_gmt":"2020-05-13T19:16:55","slug":"historia-breve-musica","status":"publish","type":"page","link":"http:\/\/www.josemariatornay.com\/index.php\/historia-breve-musica\/","title":{"rendered":"HISTORIA MUY BREVE DE LA M\u00daSICA"},"content":{"rendered":"\t\t<div data-elementor-type=\"wp-page\" data-elementor-id=\"20719\" class=\"elementor elementor-20719\">\n\t\t\t\t\t\t<section class=\"elementor-section elementor-top-section elementor-element elementor-element-0e657be elementor-section-boxed elementor-section-height-default elementor-section-height-default\" data-id=\"0e657be\" data-element_type=\"section\">\n\t\t\t\t\t\t<div class=\"elementor-container elementor-column-gap-default\">\n\t\t\t\t\t<div class=\"elementor-column elementor-col-66 elementor-top-column elementor-element elementor-element-3fed343\" data-id=\"3fed343\" data-element_type=\"column\">\n\t\t\t<div class=\"elementor-widget-wrap elementor-element-populated\">\n\t\t\t\t\t\t<div class=\"elementor-element elementor-element-6cbfee0 elementor-widget elementor-widget-image\" data-id=\"6cbfee0\" data-element_type=\"widget\" data-widget_type=\"image.default\">\n\t\t\t\t<div class=\"elementor-widget-container\">\n\t\t\t<style>\/*! elementor - v3.20.0 - 20-03-2024 *\/\n.elementor-widget-image{text-align:center}.elementor-widget-image a{display:inline-block}.elementor-widget-image a img[src$=\".svg\"]{width:48px}.elementor-widget-image img{vertical-align:middle;display:inline-block}<\/style>\t\t\t\t\t\t\t\t\t\t<img fetchpriority=\"high\" decoding=\"async\" width=\"342\" height=\"147\" src=\"http:\/\/www.josemariatornay.com\/wp-content\/uploads\/2020\/05\/musica.jpg\" class=\"attachment-large size-large wp-image-20721\" alt=\"\" srcset=\"http:\/\/www.josemariatornay.com\/wp-content\/uploads\/2020\/05\/musica.jpg 342w, http:\/\/www.josemariatornay.com\/wp-content\/uploads\/2020\/05\/musica-300x129.jpg 300w\" sizes=\"(max-width: 342px) 100vw, 342px\" \/>\t\t\t\t\t\t\t\t\t\t\t\t\t<\/div>\n\t\t\t\t<\/div>\n\t\t\t\t\t<\/div>\n\t\t<\/div>\n\t\t\t\t<div class=\"elementor-column elementor-col-33 elementor-top-column elementor-element elementor-element-5554a0c\" data-id=\"5554a0c\" data-element_type=\"column\">\n\t\t\t<div class=\"elementor-widget-wrap elementor-element-populated\">\n\t\t\t\t\t\t<div class=\"elementor-element elementor-element-5ced1b8 elementor-widget elementor-widget-heading\" data-id=\"5ced1b8\" data-element_type=\"widget\" data-widget_type=\"heading.default\">\n\t\t\t\t<div class=\"elementor-widget-container\">\n\t\t\t<style>\/*! elementor - v3.20.0 - 20-03-2024 *\/\n.elementor-heading-title{padding:0;margin:0;line-height:1}.elementor-widget-heading .elementor-heading-title[class*=elementor-size-]>a{color:inherit;font-size:inherit;line-height:inherit}.elementor-widget-heading .elementor-heading-title.elementor-size-small{font-size:15px}.elementor-widget-heading .elementor-heading-title.elementor-size-medium{font-size:19px}.elementor-widget-heading .elementor-heading-title.elementor-size-large{font-size:29px}.elementor-widget-heading .elementor-heading-title.elementor-size-xl{font-size:39px}.elementor-widget-heading .elementor-heading-title.elementor-size-xxl{font-size:59px}<\/style><h2 class=\"elementor-heading-title elementor-size-default\">Aqu\u00ed os dejo una breve historia de la m\u00fasica preparada por m\u00ed. Unos conceptos m\u00ednimos para poder tener una idea general, que nos permita ubicar \u00e9pocas, estilos y autores. Nunca viene mal el conocimiento y con lo que aqu\u00ed os pogo hay m\u00e1s que suficiente para defenderse en cualquier tipo de conversaci\u00f3n o de ref\u00f1exi\u00f3n personal sobre este mundo apasionante.\nPor otra parte, puede servir tambi\u00e9n para que los interesados en cualquier concepto, autor, forma, etc\u00e9tera, tenga un amotivaci\u00f3n para ahondar conocimientos en libros o en la web, que est\u00e1 todo.<\/h2>\t\t<\/div>\n\t\t\t\t<\/div>\n\t\t\t\t\t<\/div>\n\t\t<\/div>\n\t\t\t\t\t<\/div>\n\t\t<\/section>\n\t\t\t\t<section class=\"elementor-section elementor-top-section elementor-element elementor-element-10c3046 elementor-section-boxed elementor-section-height-default elementor-section-height-default\" data-id=\"10c3046\" data-element_type=\"section\">\n\t\t\t\t\t\t<div class=\"elementor-container elementor-column-gap-default\">\n\t\t\t\t\t<div class=\"elementor-column elementor-col-50 elementor-top-column elementor-element elementor-element-4569ae1\" data-id=\"4569ae1\" data-element_type=\"column\">\n\t\t\t<div class=\"elementor-widget-wrap elementor-element-populated\">\n\t\t\t\t\t\t<div class=\"elementor-element elementor-element-695f9aa elementor-widget elementor-widget-heading\" data-id=\"695f9aa\" data-element_type=\"widget\" data-widget_type=\"heading.default\">\n\t\t\t\t<div class=\"elementor-widget-container\">\n\t\t\t<h2 class=\"elementor-heading-title elementor-size-default\">Definici\u00f3n y origen<\/h2>\t\t<\/div>\n\t\t\t\t<\/div>\n\t\t\t\t<div class=\"elementor-element elementor-element-bf01f99 elementor-widget elementor-widget-text-editor\" data-id=\"bf01f99\" data-element_type=\"widget\" data-widget_type=\"text-editor.default\">\n\t\t\t\t<div class=\"elementor-widget-container\">\n\t\t\t<style>\/*! elementor - v3.20.0 - 20-03-2024 *\/\n.elementor-widget-text-editor.elementor-drop-cap-view-stacked .elementor-drop-cap{background-color:#69727d;color:#fff}.elementor-widget-text-editor.elementor-drop-cap-view-framed .elementor-drop-cap{color:#69727d;border:3px solid;background-color:transparent}.elementor-widget-text-editor:not(.elementor-drop-cap-view-default) .elementor-drop-cap{margin-top:8px}.elementor-widget-text-editor:not(.elementor-drop-cap-view-default) .elementor-drop-cap-letter{width:1em;height:1em}.elementor-widget-text-editor .elementor-drop-cap{float:left;text-align:center;line-height:1;font-size:50px}.elementor-widget-text-editor .elementor-drop-cap-letter{display:inline-block}<\/style>\t\t\t\t<p><br \/>La m\u00fasica se fij\u00f3 por el ritmo, es decir, por la repetici\u00f3n de sonidos ordenados de un modo determinado en el tiempo.<\/p><p>La m\u00fasica es la obtenci\u00f3n ef\u00edmera de un instante profundo (Liberman).<\/p><p>La voz fue el primer medio para hacer m\u00fasica. Luego fueron apareciendo objetos (ca\u00f1as, troncos, huesos). De ah\u00ed salieron los diferentes instrumentos de viento, cuerda y percusi\u00f3n.<\/p>\t\t\t\t\t\t<\/div>\n\t\t\t\t<\/div>\n\t\t\t\t\t<\/div>\n\t\t<\/div>\n\t\t\t\t<div class=\"elementor-column elementor-col-50 elementor-top-column elementor-element elementor-element-30a3b2c\" data-id=\"30a3b2c\" data-element_type=\"column\">\n\t\t\t<div class=\"elementor-widget-wrap elementor-element-populated\">\n\t\t\t\t\t\t<div class=\"elementor-element elementor-element-2724bbb elementor-widget elementor-widget-heading\" data-id=\"2724bbb\" data-element_type=\"widget\" data-widget_type=\"heading.default\">\n\t\t\t\t<div class=\"elementor-widget-container\">\n\t\t\t<h2 class=\"elementor-heading-title elementor-size-default\">M\u00fasicas no occidentales<\/h2>\t\t<\/div>\n\t\t\t\t<\/div>\n\t\t\t\t<div class=\"elementor-element elementor-element-cfa39b6 elementor-widget elementor-widget-text-editor\" data-id=\"cfa39b6\" data-element_type=\"widget\" data-widget_type=\"text-editor.default\">\n\t\t\t\t<div class=\"elementor-widget-container\">\n\t\t\t\t\t\t\t<p><br \/>Los restos arqueol\u00f3gicos han mostrado la existencia de una m\u00fasica instrumental en culturas muy antiguas: Persia, Asiria, Caldea, Palestina, Egipto, Arabia, India, China, Corea, Jap\u00f3n y la Am\u00e9rica precolombina.<\/p><p>Aunque nos interese en especial la m\u00fasica occidental, los pueblos del Extremo Oriente (usaron la escala pentat\u00f3nica mucho antes de nuestra era) tambi\u00e9n han practicado una m\u00fasica mel\u00f3dica y hom\u00f3fona (a una sola voz) llena de atractivo y refinamiento y de enorme variedad.<\/p>\t\t\t\t\t\t<\/div>\n\t\t\t\t<\/div>\n\t\t\t\t\t<\/div>\n\t\t<\/div>\n\t\t\t\t\t<\/div>\n\t\t<\/section>\n\t\t\t\t<section class=\"elementor-section elementor-top-section elementor-element elementor-element-109eae5 elementor-section-boxed elementor-section-height-default elementor-section-height-default\" data-id=\"109eae5\" data-element_type=\"section\">\n\t\t\t\t\t\t<div class=\"elementor-container elementor-column-gap-default\">\n\t\t\t\t\t<div class=\"elementor-column elementor-col-100 elementor-top-column elementor-element elementor-element-8dc4127\" data-id=\"8dc4127\" data-element_type=\"column\">\n\t\t\t<div class=\"elementor-widget-wrap elementor-element-populated\">\n\t\t\t\t\t\t<div class=\"elementor-element elementor-element-0084149 elementor-widget elementor-widget-heading\" data-id=\"0084149\" data-element_type=\"widget\" data-widget_type=\"heading.default\">\n\t\t\t\t<div class=\"elementor-widget-container\">\n\t\t\t<h2 class=\"elementor-heading-title elementor-size-default\">Edad Media: Monod\u00eda y Polifon\u00eda<\/h2>\t\t<\/div>\n\t\t\t\t<\/div>\n\t\t\t\t<div class=\"elementor-element elementor-element-acb9146 elementor-widget elementor-widget-text-editor\" data-id=\"acb9146\" data-element_type=\"widget\" data-widget_type=\"text-editor.default\">\n\t\t\t\t<div class=\"elementor-widget-container\">\n\t\t\t\t\t\t\t<p>Los primeros cantos cristianos derivan de la tradici\u00f3n jud\u00eda y de los cantos paganos de Grecia y de Roma. Pronto, los cristianos configuraron un canto mon\u00f3dico, adaptado a su liturgia, que ue codificado a fines del siglo VI por el papa Gregorio Magno (de ah\u00ed el nombre de canto gregoriano). Una sola l\u00ednea mel\u00f3dica, que adopta diferentes formas seg\u00fan su funci\u00f3n en la liturgia y su localizaci\u00f3n geogr\u00e1fica.<br \/><br \/>En su origen hay dos formas de cantar:<br \/>El \u201cAccentus\u201d y el \u201cconcentus\u201d. El accentus era una especie de recitativo, sil\u00e1bico, en el que a cada s\u00edlaba corresponde una nota. En general se desarrolla sobre una misma nota repetida (salmodia). Se dan dos f\u00f3rmulas:<br \/>1. RESPONSORIO: si los fieles responden con un estribillo colectivo a la voz del oficiante.<br \/>2. CANTO ANTIFONAL: si el recitado se produce entre dos coros alternativamente.<br \/><br \/>En algunos cantos se fueron intercalando:<br \/>a) TROPOS: fragmentos mel\u00f3dicos ajenos al repertorio (canciones populares, por ejp.).<br \/>b) SECUENCIAS: textos inventados para silabear largas vocalizaciones en las cadencias finales del \u201cAlleluya\u201d, por ejp. <br \/>Tropos y Secuencias enriquecieron el canto gregoriano y propiciaron la aparici\u00f3n de formas musicales profanas e individuales, cultivadas por trovadores y troveros (juglares).<br \/><br \/>Los TROVADORES florecieron en el siglo XII en el sur de Francia, pertenecientes a un medio social culto. Bernart de Ventadorn, Marcabr\u00fa, Arnaut Daniel y Raimbaut de Vaqueiras son los m\u00e1s famosos. En Catalu\u00f1a hubo un importante foco trovadoresco.<br \/>Los TROVEROS o JUGLARES florecieron al norte y cultivaban un arte m\u00e1s popular. El \u201cJeu de Robin et Marion\u201d, comedia pastoril es la obra m\u00e1s celebre.<br \/>Los MINNES\u00c4NGER (cantos de amor) anuncian el futuro \u201clied\u201d alem\u00e1n.<br \/>Los MEISTERSINGER, artificiosos y llenos de ciencia esot\u00e9rica, in\u00fatil y pedante muchas veces, intentaban ensalzar a las damas.<br \/><br \/>APARECE LA POLIFIN\u00cdA<br \/>En el siglo XI surge un fen\u00f3meno evolutivo: algunos cantores empeizan a asuperponer a la voz principal otra voz que suena cinco notas m\u00e1s alto o cuatro notas m\u00e1s bajo. Se le llama DIAFON\u00cdA u \u00d3RGANUM. Se trata del primer conato de m\u00fasica POLIF\u00d3NICA (combinaci\u00f3n de melod\u00edas diferentes de modo simult\u00e1neo).<br \/><br \/>En el siglo XIII, a las dos voces del \u00f3rganum se superponen otras melod\u00edas: la t\u00e9cnica consiste en unir las melod\u00edas nota contra nota, punto contra punto, de ah\u00ed el origen de la palbra CONTRAPUNTO.<br \/><br \/>En el siglo XIV aparece el ARS NOVA. La figura m\u00e1s importante es Guillaume de Machaut, autor, entre otras obras, de una misa a cuatro voces. La polifon\u00eda se va consolidando.<\/p>\t\t\t\t\t\t<\/div>\n\t\t\t\t<\/div>\n\t\t\t\t\t<\/div>\n\t\t<\/div>\n\t\t\t\t\t<\/div>\n\t\t<\/section>\n\t\t\t\t<\/div>\n\t\t","protected":false},"excerpt":{"rendered":"<p>Aqu\u00ed os dejo una breve historia de la m\u00fasica preparada por m\u00ed. Unos conceptos m\u00ednimos para poder tener una idea general, que nos permita ubicar \u00e9pocas, estilos y autores. Nunca viene mal el conocimiento y con lo que aqu\u00ed os pogo hay m\u00e1s que suficiente para defenderse en cualquier tipo de conversaci\u00f3n o de ref\u00f1exi\u00f3n [&hellip;]<\/p>\n","protected":false},"author":1,"featured_media":0,"parent":0,"menu_order":0,"comment_status":"closed","ping_status":"closed","template":"","meta":{"_aioseop_title":"","_aioseop_description":"","ngg_post_thumbnail":0,"footnotes":""},"_links":{"self":[{"href":"http:\/\/www.josemariatornay.com\/index.php\/wp-json\/wp\/v2\/pages\/20719"}],"collection":[{"href":"http:\/\/www.josemariatornay.com\/index.php\/wp-json\/wp\/v2\/pages"}],"about":[{"href":"http:\/\/www.josemariatornay.com\/index.php\/wp-json\/wp\/v2\/types\/page"}],"author":[{"embeddable":true,"href":"http:\/\/www.josemariatornay.com\/index.php\/wp-json\/wp\/v2\/users\/1"}],"replies":[{"embeddable":true,"href":"http:\/\/www.josemariatornay.com\/index.php\/wp-json\/wp\/v2\/comments?post=20719"}],"version-history":[{"count":4,"href":"http:\/\/www.josemariatornay.com\/index.php\/wp-json\/wp\/v2\/pages\/20719\/revisions"}],"predecessor-version":[{"id":20724,"href":"http:\/\/www.josemariatornay.com\/index.php\/wp-json\/wp\/v2\/pages\/20719\/revisions\/20724"}],"wp:attachment":[{"href":"http:\/\/www.josemariatornay.com\/index.php\/wp-json\/wp\/v2\/media?parent=20719"}],"curies":[{"name":"wp","href":"https:\/\/api.w.org\/{rel}","templated":true}]}}