{"id":22305,"date":"2022-04-12T16:13:54","date_gmt":"2022-04-12T15:13:54","guid":{"rendered":"http:\/\/www.josemariatornay.com\/?page_id=22305"},"modified":"2022-04-12T16:15:10","modified_gmt":"2022-04-12T15:15:10","slug":"gala-favor-ucrania","status":"publish","type":"page","link":"http:\/\/www.josemariatornay.com\/index.php\/gala-favor-ucrania\/","title":{"rendered":"Gala a favor de Ucrania"},"content":{"rendered":"\t\t<div data-elementor-type=\"wp-page\" data-elementor-id=\"22305\" class=\"elementor elementor-22305\">\n\t\t\t\t\t\t<section class=\"elementor-section elementor-top-section elementor-element elementor-element-a360e87 elementor-section-boxed elementor-section-height-default elementor-section-height-default\" data-id=\"a360e87\" data-element_type=\"section\">\n\t\t\t\t\t\t<div class=\"elementor-container elementor-column-gap-default\">\n\t\t\t\t\t<div class=\"elementor-column elementor-col-100 elementor-top-column elementor-element elementor-element-138ef75\" data-id=\"138ef75\" data-element_type=\"column\">\n\t\t\t<div class=\"elementor-widget-wrap elementor-element-populated\">\n\t\t\t\t\t\t<div class=\"elementor-element elementor-element-0f79257 elementor-widget elementor-widget-image\" data-id=\"0f79257\" data-element_type=\"widget\" data-widget_type=\"image.default\">\n\t\t\t\t<div class=\"elementor-widget-container\">\n\t\t\t<style>\/*! elementor - v3.20.0 - 20-03-2024 *\/\n.elementor-widget-image{text-align:center}.elementor-widget-image a{display:inline-block}.elementor-widget-image a img[src$=\".svg\"]{width:48px}.elementor-widget-image img{vertical-align:middle;display:inline-block}<\/style>\t\t\t\t\t\t\t\t\t\t<img fetchpriority=\"high\" decoding=\"async\" width=\"724\" height=\"1024\" src=\"http:\/\/www.josemariatornay.com\/wp-content\/uploads\/2022\/04\/GALA-UCRANIA-724x1024.jpeg\" class=\"attachment-large size-large wp-image-22301\" alt=\"\" srcset=\"http:\/\/www.josemariatornay.com\/wp-content\/uploads\/2022\/04\/GALA-UCRANIA-724x1024.jpeg 724w, http:\/\/www.josemariatornay.com\/wp-content\/uploads\/2022\/04\/GALA-UCRANIA-212x300.jpeg 212w, http:\/\/www.josemariatornay.com\/wp-content\/uploads\/2022\/04\/GALA-UCRANIA-768x1086.jpeg 768w, http:\/\/www.josemariatornay.com\/wp-content\/uploads\/2022\/04\/GALA-UCRANIA-1086x1536.jpeg 1086w, http:\/\/www.josemariatornay.com\/wp-content\/uploads\/2022\/04\/GALA-UCRANIA.jpeg 1131w\" sizes=\"(max-width: 724px) 100vw, 724px\" \/>\t\t\t\t\t\t\t\t\t\t\t\t\t<\/div>\n\t\t\t\t<\/div>\n\t\t\t\t<div class=\"elementor-element elementor-element-1c4c672 elementor-widget elementor-widget-text-editor\" data-id=\"1c4c672\" data-element_type=\"widget\" data-widget_type=\"text-editor.default\">\n\t\t\t\t<div class=\"elementor-widget-container\">\n\t\t\t<style>\/*! elementor - v3.20.0 - 20-03-2024 *\/\n.elementor-widget-text-editor.elementor-drop-cap-view-stacked .elementor-drop-cap{background-color:#69727d;color:#fff}.elementor-widget-text-editor.elementor-drop-cap-view-framed .elementor-drop-cap{color:#69727d;border:3px solid;background-color:transparent}.elementor-widget-text-editor:not(.elementor-drop-cap-view-default) .elementor-drop-cap{margin-top:8px}.elementor-widget-text-editor:not(.elementor-drop-cap-view-default) .elementor-drop-cap-letter{width:1em;height:1em}.elementor-widget-text-editor .elementor-drop-cap{float:left;text-align:center;line-height:1;font-size:50px}.elementor-widget-text-editor .elementor-drop-cap-letter{display:inline-block}<\/style>\t\t\t\t<p>FESTIVAL BEN\u00c9FICO UCRANIA (abril 2022)<\/p><p>(De pie, en el centro del escenario). Yo, siempre que puedo, hablo de Ronda, nuestra tierra, nuestra maravillosa ciudad, nuestra patria peque\u00f1a, la que de verdad cuenta. Y es que Ronda tiene dentro tantas cosas\u2026 grandes y peque\u00f1as\u2026 y todas entra\u00f1ables. Ronda es su historia, su leyenda, su belleza, su paisaje, sus puestas de sol, pero tambi\u00e9n y adem\u00e1s&#8230;<br \/>Ronda es el grajo que vuela,<br \/>es el furioso levante,<br \/>es la guitarra y su cante<br \/>y el puchero de la abuela.<br \/>Ronda es la luz que te inunda,<br \/>Ronda es la Iglesia Mayor<br \/>y Ronda es la primavera<br \/>que brota en cada balc\u00f3n.<br \/>(Me voy al piano). Y es que&#8230;<br \/>Ronda te invita a volar,<br \/>a trascender lo corriente,<br \/>a fundirte en la inconsciente<br \/>insensatez de so\u00f1ar.<br \/>Ronda es lo mismo que amar<br \/>lo inaudito, lo intangible; <br \/>igual que la imprescindible<br \/>aventura de sentir<br \/>la locura de vivir<br \/>al filo de lo imposible.<br \/>Canci\u00f3n RONDA, VERDAD IMPOSIBLE (2,30).<br \/>Hace unos a\u00f1os, no muchos, para conmemorar un aniversario, el Parador invit\u00f3 a ENTREAMIGOS a recrear la vida y la gran obra de Jos\u00e9 Mart\u00edn de Aldehuela, ese genio olvidado, el m\u00edtico constructor del Puente Nuevo de Ronda. (Me levanto del piano). Como parte de la representaci\u00f3n incorporamos una canci\u00f3n original, que se llama RONDA, SU TAJO Y SU PUENTE. Mi amiga Carmen y mi amigo Curro la interpretan como nadie (Entran Carmen y Curro). Esta canci\u00f3n y la anterior est\u00e1n en un disco, que est\u00e1 depositado en el Ayuntamiento. Si os interesa, all\u00ed lo tienen; supongo.<br \/>Como dos eternidades<br \/>ah\u00ed siguen Ronda y su Tajo<br \/>condenados a entenderse<br \/>como dos enamorados.<br \/>Su Tajo parte su alma,<br \/>su alma vive en su Tajo,<br \/>entregados a su suerte,<br \/>al abismo encadenados.<br \/>Ronda y su Tajo infinitos,<br \/>un mismo sino en sus manos,<br \/>condenados a entenderse<br \/>como dos enamorados.<br \/>Canci\u00f3n RONDA, SU TAJO Y SU PUENTE (3,30).<\/p><p>\u00a0<\/p>\t\t\t\t\t\t<\/div>\n\t\t\t\t<\/div>\n\t\t\t\t\t<\/div>\n\t\t<\/div>\n\t\t\t\t\t<\/div>\n\t\t<\/section>\n\t\t\t\t<\/div>\n\t\t","protected":false},"excerpt":{"rendered":"<p>FESTIVAL BEN\u00c9FICO UCRANIA (abril 2022) (De pie, en el centro del escenario). Yo, siempre que puedo, hablo de Ronda, nuestra tierra, nuestra maravillosa ciudad, nuestra patria peque\u00f1a, la que de verdad cuenta. Y es que Ronda tiene dentro tantas cosas\u2026 grandes y peque\u00f1as\u2026 y todas entra\u00f1ables. Ronda es su historia, su leyenda, su belleza, su [&hellip;]<\/p>\n","protected":false},"author":1,"featured_media":0,"parent":0,"menu_order":0,"comment_status":"closed","ping_status":"closed","template":"","meta":{"_aioseop_title":"","_aioseop_description":"","ngg_post_thumbnail":0,"footnotes":""},"_links":{"self":[{"href":"http:\/\/www.josemariatornay.com\/index.php\/wp-json\/wp\/v2\/pages\/22305"}],"collection":[{"href":"http:\/\/www.josemariatornay.com\/index.php\/wp-json\/wp\/v2\/pages"}],"about":[{"href":"http:\/\/www.josemariatornay.com\/index.php\/wp-json\/wp\/v2\/types\/page"}],"author":[{"embeddable":true,"href":"http:\/\/www.josemariatornay.com\/index.php\/wp-json\/wp\/v2\/users\/1"}],"replies":[{"embeddable":true,"href":"http:\/\/www.josemariatornay.com\/index.php\/wp-json\/wp\/v2\/comments?post=22305"}],"version-history":[{"count":2,"href":"http:\/\/www.josemariatornay.com\/index.php\/wp-json\/wp\/v2\/pages\/22305\/revisions"}],"predecessor-version":[{"id":22308,"href":"http:\/\/www.josemariatornay.com\/index.php\/wp-json\/wp\/v2\/pages\/22305\/revisions\/22308"}],"wp:attachment":[{"href":"http:\/\/www.josemariatornay.com\/index.php\/wp-json\/wp\/v2\/media?parent=22305"}],"curies":[{"name":"wp","href":"https:\/\/api.w.org\/{rel}","templated":true}]}}