{"id":22317,"date":"2022-04-12T16:35:28","date_gmt":"2022-04-12T15:35:28","guid":{"rendered":"http:\/\/www.josemariatornay.com\/?page_id=22317"},"modified":"2022-04-12T16:38:46","modified_gmt":"2022-04-12T15:38:46","slug":"concierto-miguel-rios-2022","status":"publish","type":"page","link":"http:\/\/www.josemariatornay.com\/index.php\/concierto-miguel-rios-2022\/","title":{"rendered":"Concierto Miguel R\u00edos 2022"},"content":{"rendered":"\t\t<div data-elementor-type=\"wp-page\" data-elementor-id=\"22317\" class=\"elementor elementor-22317\">\n\t\t\t\t\t\t<section class=\"elementor-section elementor-top-section elementor-element elementor-element-ea2dd1d elementor-section-boxed elementor-section-height-default elementor-section-height-default\" data-id=\"ea2dd1d\" data-element_type=\"section\">\n\t\t\t\t\t\t<div class=\"elementor-container elementor-column-gap-default\">\n\t\t\t\t\t<div class=\"elementor-column elementor-col-100 elementor-top-column elementor-element elementor-element-b9bcfbc\" data-id=\"b9bcfbc\" data-element_type=\"column\">\n\t\t\t<div class=\"elementor-widget-wrap elementor-element-populated\">\n\t\t\t\t\t\t<div class=\"elementor-element elementor-element-bfe8eac elementor-widget elementor-widget-text-editor\" data-id=\"bfe8eac\" data-element_type=\"widget\" data-widget_type=\"text-editor.default\">\n\t\t\t\t<div class=\"elementor-widget-container\">\n\t\t\t<style>\/*! elementor - v3.20.0 - 20-03-2024 *\/\n.elementor-widget-text-editor.elementor-drop-cap-view-stacked .elementor-drop-cap{background-color:#69727d;color:#fff}.elementor-widget-text-editor.elementor-drop-cap-view-framed .elementor-drop-cap{color:#69727d;border:3px solid;background-color:transparent}.elementor-widget-text-editor:not(.elementor-drop-cap-view-default) .elementor-drop-cap{margin-top:8px}.elementor-widget-text-editor:not(.elementor-drop-cap-view-default) .elementor-drop-cap-letter{width:1em;height:1em}.elementor-widget-text-editor .elementor-drop-cap{float:left;text-align:center;line-height:1;font-size:50px}.elementor-widget-text-editor .elementor-drop-cap-letter{display:inline-block}<\/style>\t\t\t\t<p class=\"western\" align=\"center\"><span style=\"font-size: large;\">HIMNO A LA ALEGR\u00cdA <\/span><\/p><p class=\"western\" align=\"justify\"><span style=\"font-size: large;\"><b>Los seres humanos, todos los seres humanos tenemos la obligaci\u00f3n, la humana obligaci\u00f3n de defender la alegr\u00eda. <\/b><\/span><span style=\"font-size: large;\"><b>La alegr\u00eda como s\u00edmbolo de nuestra resistencia frente a las fuerzas del mal, frente a la maldad.<\/b><\/span><\/p><p class=\"western\" align=\"justify\"><span style=\"font-size: large;\">(<\/span><span style=\"font-size: large;\"><i>Empieza la proyecci\u00f3n de las im\u00e1genes<\/i><\/span><span style=\"font-size: large;\">).<\/span><\/p><p class=\"western\" align=\"justify\"><span style=\"font-size: large;\"><b>A pesar de la miseria y de los miserables; a pesar del odio y de quienes lo siembran, a pesar de la mentira y de los mentirosos.<\/b><\/span><b> <\/b><span style=\"font-size: large;\"><b>A pesar de las dudas paralizantes y de las certezas infalibles;<\/b><\/span><b> <\/b><span style=\"font-size: large;\"><b>a pesar de la tristeza y del dolor; a pesar de la angustia y de la soledad;<\/b><\/span><b> <\/b><span style=\"font-size: large;\"><b>a pesar de todo y a pesar de los pesares\u2026 <\/b><\/span><span style=\"font-size: large;\"><b>los seres humanos tenemos la humana obligaci\u00f3n de defender la alegr\u00eda. <\/b><\/span><span style=\"font-size: large;\">(<\/span><span style=\"font-size: large;\"><i>POEMA AUNQUE\u2026<\/i><\/span><span style=\"font-size: large;\">).<\/span><\/p><p class=\"western\" align=\"justify\"><span style=\"font-size: large;\"><b>Frente a las inclemencias del mundo y frente a los terremotos personales, tenemos que salir al ruedo de la vida a defenderla. Tenemos que cuidar el compromiso de no soltar jam\u00e1s de la mano a esa ni\u00f1a traviesa, revoltosa y juguetona que responde al nombre de Alegr\u00eda.<\/b><\/span><\/p><p class=\"western\" align=\"justify\"><span style=\"font-size: large;\"><b>Frente a <\/b><\/span><span style=\"font-size: large;\"><b>los tiranos, los fan\u00e1ticos y los totalitarios; frente a los tristes y la tristeza, frente a los lun\u00e1ticos y los asesinos, alcemos la bandera de la alegr\u00eda. <\/b><\/span><span style=\"font-size: large;\">(<\/span><span style=\"font-size: large;\"><i>Poema ATR\u00c9VETE&#8230;<\/i><\/span><span style=\"font-size: large;\">)<\/span><\/p><table width=\"855\" cellspacing=\"0\" cellpadding=\"5\"><tbody><tr valign=\"top\"><td width=\"386\"><p class=\"western\" align=\"center\"><span style=\"font-size: large;\">AUNQUE&#8230;<\/span><\/p><p class=\"western\" align=\"justify\"><span style=\"font-size: large;\">Aunque el mundo se pinte de negro<\/span><\/p><p class=\"western\" align=\"justify\"><span style=\"font-size: large;\">y la luna se ti\u00f1a de sangre,<\/span><\/p><p class=\"western\" align=\"justify\"><span style=\"font-size: large;\">aunque sigan sobrando los viejos<\/span><\/p><p class=\"western\" align=\"justify\"><span style=\"font-size: large;\">y aunque nadie se fie de nadie.<\/span><\/p><p class=\"western\" align=\"justify\"><span style=\"font-size: large;\">Aunque siga sangrando tu herida,<\/span><\/p><p class=\"western\" align=\"justify\"><span style=\"font-size: large;\">aunque el suelo se abra a tu paso,<\/span><\/p><p class=\"western\" align=\"justify\"><span style=\"font-size: large;\">aunque el cielo se caiga a pedazos<\/span><\/p><p class=\"western\" align=\"justify\"><span style=\"font-size: large;\">defiende fieramente la alegr\u00eda.<\/span><\/p><\/td><td width=\"447\"><p class=\"western\" align=\"center\"><span style=\"font-size: large;\">ATR\u00c9VETE&#8230;<\/span><\/p><p class=\"western\" align=\"justify\"><span style=\"font-size: large;\">Atr\u00e9vete a plantarle cara al miedo,<\/span><\/p><p class=\"western\" align=\"justify\"><span style=\"font-size: large;\">no dejes que te invada la rutina<\/span><\/p><p class=\"western\" align=\"justify\"><span style=\"font-size: large;\">que no se escape el agua entre tus dedos,<\/span><\/p><p class=\"western\" align=\"justify\"><span style=\"font-size: large;\">devuelve una sonrisa a cada espina.<\/span><\/p><p class=\"western\" align=\"justify\"><span style=\"font-size: large;\">Levanta ya tu propia fortaleza,<\/span><\/p><p class=\"western\" align=\"justify\"><span style=\"font-size: large;\">prot\u00e9gela de la melancol\u00eda<\/span><\/p><p class=\"western\" align=\"justify\"><span style=\"font-size: large;\">y frente a la presi\u00f3n de la tristeza<\/span><\/p><p class=\"western\" align=\"justify\"><span style=\"font-size: large;\">defiende con tu sangre la alegr\u00eda. <\/span><\/p><\/td><\/tr><\/tbody><\/table>\t\t\t\t\t\t<\/div>\n\t\t\t\t<\/div>\n\t\t\t\t<div class=\"elementor-element elementor-element-a28c1fe elementor-widget elementor-widget-image\" data-id=\"a28c1fe\" data-element_type=\"widget\" data-widget_type=\"image.default\">\n\t\t\t\t<div class=\"elementor-widget-container\">\n\t\t\t<style>\/*! elementor - v3.20.0 - 20-03-2024 *\/\n.elementor-widget-image{text-align:center}.elementor-widget-image a{display:inline-block}.elementor-widget-image a img[src$=\".svg\"]{width:48px}.elementor-widget-image img{vertical-align:middle;display:inline-block}<\/style>\t\t\t\t\t\t\t\t\t\t<img fetchpriority=\"high\" decoding=\"async\" width=\"704\" height=\"1024\" src=\"http:\/\/www.josemariatornay.com\/wp-content\/uploads\/2022\/03\/Concierto-MR-704x1024.jpeg\" class=\"attachment-large size-large wp-image-22273\" alt=\"\" srcset=\"http:\/\/www.josemariatornay.com\/wp-content\/uploads\/2022\/03\/Concierto-MR-704x1024.jpeg 704w, http:\/\/www.josemariatornay.com\/wp-content\/uploads\/2022\/03\/Concierto-MR-206x300.jpeg 206w, http:\/\/www.josemariatornay.com\/wp-content\/uploads\/2022\/03\/Concierto-MR-768x1118.jpeg 768w, http:\/\/www.josemariatornay.com\/wp-content\/uploads\/2022\/03\/Concierto-MR-1055x1536.jpeg 1055w, http:\/\/www.josemariatornay.com\/wp-content\/uploads\/2022\/03\/Concierto-MR.jpeg 1407w\" sizes=\"(max-width: 704px) 100vw, 704px\" \/>\t\t\t\t\t\t\t\t\t\t\t\t\t<\/div>\n\t\t\t\t<\/div>\n\t\t\t\t\t<\/div>\n\t\t<\/div>\n\t\t\t\t\t<\/div>\n\t\t<\/section>\n\t\t\t\t<section class=\"elementor-section elementor-top-section elementor-element elementor-element-7bbf208 elementor-section-boxed elementor-section-height-default elementor-section-height-default\" data-id=\"7bbf208\" data-element_type=\"section\">\n\t\t\t\t\t\t<div class=\"elementor-container elementor-column-gap-default\">\n\t\t\t\t\t<div class=\"elementor-column elementor-col-100 elementor-top-column elementor-element elementor-element-451cbb2\" data-id=\"451cbb2\" data-element_type=\"column\">\n\t\t\t<div class=\"elementor-widget-wrap elementor-element-populated\">\n\t\t\t\t\t\t<div class=\"elementor-element elementor-element-65592eb elementor-widget elementor-widget-text-editor\" data-id=\"65592eb\" data-element_type=\"widget\" data-widget_type=\"text-editor.default\">\n\t\t\t\t<div class=\"elementor-widget-container\">\n\t\t\t\t\t\t\t<p>PRESENTACI\u00d3N CONCIERTO MIGUEL R\u00cdOS: MIGUEL R\u00cdOS, \u00c9POCA Y ROCK.<br \/>Muchas gracias, amigos, por contar conmigo para esta presentaci\u00f3n&#8230;<br \/>HIJO DEL ROCK AND ROLL<br \/>Buenas noches, bienvenidos hijos del rock and roll. S\u00ed, as\u00ed es, porque todos somos hijos de esa m\u00fasica provocadora y revolucionaria. \u00c9l forma parte de cada uno de nosotros, lo llevamos dentro como una parte m\u00e1s de nuestras ra\u00edces, de nuestra vida. Podr\u00eda hablar tanto, hay tanto que decir\u2026 pero eso no conviene al equilibrio y la eficacia de este acto. As\u00ed que voy a ordenar las ideas para que no se me queda nada por decir, pero de forma breve y concisa.<br \/>EL R\u00cdO Y VUELVO A GRANADA<br \/>A finales de los a\u00f1os 60, a\u00f1o m\u00e1s, a\u00f1o menos, estudiaba yo en El Castillo. All\u00ed hab\u00eda internos. Uno de ellos, de los mayores, era de Marbella y ten\u00eda, lo que entonces se llamaba un \u201cconjunto\u201d. Un buen d\u00eda, invitado por los salesianos, vinieron a tocar al colegio, a aquel magn\u00edfico sal\u00f3n de actos del colegio. A\u00fan llevo dentro las \u00fanicas dos canciones que recuerdo de aquel concierto: El r\u00edo y Vuelvo a Granada. Eran tan diferentes a lo que se escuchaba por la radio, a lo que est\u00e1bamos acostumbrados, que se me rompieron todos los esquemas. Yo v\u00eda de escuchar \u201cCuatro cascabeles\u201d, \u201cHoy cumple mi ni\u00f1a un a\u00f1ito m\u00e1s\u201d, \u201cLa violetera\u201d\u2026 y aquello era otro mundo, aquello no ten\u00eda nada que ver con la m\u00fasica anterior.<br \/>Las cantaba un tal Mike R\u00edos. S\u00ed, Mike, as\u00ed se hac\u00eda llamar entonces, en sus comienzos.<br \/>As\u00ed que cuando yo era un ni\u00f1o ya exist\u00eda Miguel R\u00edos; por \u201cEl rey del Twist\u201d se le conoc\u00eda; nada menos. Era la moda entonces, en aquellos comienzos m\u00edticos del rock en espa\u00f1ol. Cuanto m\u00e1s se acercara tu nombre al idioma ingl\u00e9s, cuanto m\u00e1s sonara a \u201cextranjero\u201d, m\u00e1s posibilidades ten\u00edas de entrar en el circuito comercial, ese que pone y quita importancia art\u00edstica y econ\u00f3mica. Y es que la palabra ROCK SONABA a algo MODERNO.<br \/>SER MODERNO<br \/>Hacer Rock sonaba a moderno y que te gustara te convert\u00eda inmediatamente en alguien actual, que estaba al d\u00eda, no solo en el mundo de la m\u00fasica, sino en el mundo en general.<br \/>Y ser moderno significaba una oportunidad de pertenecer a aquella tribu for\u00e1nea, que ven\u00eda cargada de aquella m\u00fasica ruidosa, irreverente, heterodoxa, que ANUNCIABA UN MUNDO NUEVO, unas nuevas costumbres y unos gustos en consonancia con UN CAMBIO RADICAL DE \u00c9POCA. Est\u00e1bamos dispuestos a cambiar el mundo y la historia.<\/p><p>Era algo nuevo, diferente, rompedor. Era un ruptura abrupta con la m\u00fasica y con las costumbres anteriores y de aquel presente. ERA EL ROCK; pero EL ROCK ERA ALGO M\u00c1S QUE M\u00daSICA, bastante m\u00e1s. Era una expresi\u00f3n juvenil de rebeld\u00eda ante un mundo en decadencia, ante unos conflictos incomprensibles para la juventud, ante una realidad agobiante y opresiva. <br \/>M\u00daSICA DEL DIABLO<br \/>Fijaos si implicaba rebeld\u00eda, que, en sus inicios, el rock fue catalogado como \u00abm\u00fasica del diablo\u00bb por su ritmo agresivo,desenfadado y con una alta carga de erotismo. Al rock and roll, que est\u00e1 en el origen del rock, se le llam\u00f3 m\u00fasica rebelde por sus mensajes contestatarios frente a las instituciones tradicionales como la familia, las grandes religiones, el estado, las fuerzas armadas, la pol\u00edtica, etc. En cualquier caso se le identific\u00f3, con una m\u00fasica agitadora destinada al p\u00fablico juvenil. <br \/>UN PRODUCTO DE CONSUMO M\u00c1S<br \/>Y como LA GENTE DEL NEGOCIO no para de llevar a su terreno todo aquello en lo que ve posibilidades de enriquecerse, el rock, que era un inocente grito de rebeld\u00eda, empez\u00f3 a ser astutamente manejado por esa y esas empresas, puesto que mov\u00eda millones de d\u00f3lares. POR TANTO, DESDE LOS OR\u00cdGENES HASTA NUESTROS D\u00cdAS EL POP\/ROCK ES TAMBI\u00c9N UN PODEROSO PRODUCTO DE LA INDUSTRIA DEL ENTRETENIMIENTO. Con seis d\u00e9cadas desde su nacimiento esta m\u00fasica no solo permanece, sino que en su evoluci\u00f3n ha dado origen a m\u00faltiples tendencias musicales, pasando a ser una cr\u00f3nica de nuestra \u00e9poca, indicador de los cambios sociales, signo de identidad de varias generaciones, y un suculento mercado que se ir\u00e1 renovando hasta el final de los tiempos.<\/p><p>EN RESUMEN<br \/>TRANSGRESI\u00d3N y REBELD\u00cdA, pues, son las dos leyes b\u00e1sicas del rock. En \u00faltimo t\u00e9rmino, se incorpor\u00f3 la ley del NEGOCIO, que siempre aparece en los asuntos humanos cuando cualquier actividad tiene un potencial suficiente para generar dinero. El rock, por tanto, no solo es m\u00fasica, es tambi\u00e9n negocio y es tambi\u00e9n cultura, es decir, algo que trasciende lo musical y llega a lo social, lo humano, lo pol\u00edtico y lo econ\u00f3mico.<br \/>EN ESPA\u00d1A<br \/>AQU\u00cd, EN ESPA\u00d1A. COINCID\u00cdA, ADEM\u00c1S, CON UN R\u00c9GIMEN QUE NEGABA LA LIBERTAD DE EXPRESI\u00d3N y la autonom\u00eda para rendirse tan solo a aquello que te ganaba el coraz\u00f3n. Como esa m\u00fasica que llegaba de fuera y que ven\u00eda cargada de modernidad y de nuevos tiempos.<br \/>EN ESE CONTEXTO APARECE LA FIGURA DE NUESTRO MIGUEL R\u00cdOS. Alguien atrevido y osado y que era capaz de enfrentarse musicalmente a los ritmos del pasado y proponer nuevas historias, nuevas cadencias, nuevas melod\u00edas. Algo que hoy parece normal, pero que entonces era algo totalmente extraordinario.<br \/>Yo recuerdo un concierto en Ronda, tal vez el primero en el que, junto a un grupo de los que entonces se llamaban \u201ccantaores\u201d, ligados al mundo del flamenco m\u00e1s liviano, aparec\u00eda un chaval joven, que se atrevi\u00f3 a salir solo al escenario, acompa\u00f1\u00e1ndose \u00e9l mismo con una guitarra, que no sonaba como las habituales flamencas. Yo no estaba all\u00ed; era demasiado peque\u00f1o, pero s\u00ed me lleg\u00f3 el esc\u00e1ndalo, porque fue algo muy sonado. Aquel cantante se hac\u00eda llamar \u201cJos\u00e9 Luis y su guitarra\u201d y ven\u00eda a Ronda con una canci\u00f3n que estaba sonando en las radios de todas las casas espa\u00f1olas. Se llamaba \u201cMariquilla\u201d. Los mayores que nos siguen seguro que la recuerdan. Dec\u00eda algo as\u00ed&#8230;<br \/>Pues a pesar de venir con aquel \u00e9xito absoluto, en Ronda no lo dejaron ni intentar cantarla. Tal fue el esc\u00e1ndalo que form\u00f3 el p\u00fablico ronde\u00f1o cuando se anunci\u00f3 su presencia y al empezar a hacer sonar su guitarra de una forma extra\u00f1a. A aquel joven revolucionario no se le pod\u00eda permitir aquel atentado a las rancias costumbres musicales. <br \/>Saco a colaci\u00f3n esta an\u00e9cdota para mostrar con qu\u00e9 p\u00fablico tan hostil se iban a encontrar estos pioneros de lo que ya en el extranjero era algo m\u00e1s que una moda. Creo que ocurri\u00f3 sobre el a\u00f1o 61 o 62, es decir, cuando el rock ya llevaba casi una d\u00e9cada funcionando. Ya sab\u00e9is que Espa\u00f1a siempre ha sido diferente.<br \/>HOMENAJE<br \/>Pues bien, Miguel R\u00edos pertenece a ese grupo peque\u00f1o de valientes luchadores que pretend\u00edan conquistar nuevas formas musicales, nuevos horizontes en todos los aspectos de la vida. Por eso, este grupo de amigos entra\u00f1ables han querido rendirle este sentido y caluroso homenaje. A esa voluntad se une una enorme calidad, como corresponde a la categor\u00eda de los m\u00fasicos que van a estar presentes en el concierto. He tenido la suerte de asistir a un ensayo. Sencillamente alucinante.<br \/>YO ESTUVE ALL\u00cd<br \/>Por todo lo cual, no tengo m\u00e1s remedio que alentaros a acudir a este espect\u00e1culo. Que nadie os lo cuente, que pod\u00e1is decir en el futuro aquello tan m\u00edtico de cualquier concierto hist\u00f3rico: \u201cYo estuve all\u00ed\u201d. Conozco a los m\u00fasicos que participan. Son extraordinarios cada uno de ellos. Y cuando se re\u00fanen 8 m\u00fasicos extraordinarios, lo que sale de ah\u00ed tambi\u00e9n lo es. As\u00ed que all\u00ed os espero.<\/p><p>LIBRETO<br \/>Miguel R\u00edos, con \u201cEl r\u00edo\u201d y \u201cVuelvo a Granada\u201d, all\u00e1 por los a\u00f1os 60, nos gan\u00f3, nos conquist\u00f3 para siempre. Para m\u00ed ha sido el eximio representante del rock espa\u00f1ol. El de m\u00e1s tir\u00f3n, el m\u00e1s internacional; de hecho, su versi\u00f3n del \u201cHimno a la alegr\u00eda\u201d se convirti\u00f3 en un \u00e9xito en todo el mundo, incluso, en Estados Unidos. Su forma de cantar, creadora de un estilo personal; su manera de presentarse en directo, de conectar con la gente, han creado y llenado toda una \u00e9poca. \u201cSanta Luc\u00eda\u201d, \u201cTodo a pulm\u00f3n\u201d, \u201cDirecto al coraz\u00f3n\u201d, \u201cEl blues del autob\u00fas\u201d, \u201cMientras el cuerpo aguante\u201d, su estupenda versi\u00f3n del \u201cRock de la c\u00e1rcel\u201d, son cl\u00e1sicos que lo han mantenido en candelero durante d\u00e9cadas y siempre con el favor y el fervor de un p\u00fablico entregado.<br \/>El rock se consolid\u00f3 en Espa\u00f1a gracias a \u00e9l. La tarea no era f\u00e1cil, porque se trataba de un g\u00e9nero que impulsaba a la rebeld\u00eda, a la ruptura con todo lo anterior y eso, en aquella Espa\u00f1a era algo que resultaba bastante complicado. Pero, gracias sobre todo a nuestro granadino universal, hasta aqu\u00ed llegaron los vientos frescos de esa nueva ola, que arranc\u00f3 con el rock and roll y que afianzaron los Beatles, los Rollings y dem\u00e1s melenudos entra\u00f1ables y rompedores.<br \/>Una aut\u00e9ntica conmoci\u00f3n caus\u00f3 su extraordinario disco \u201cRock and R\u00edos\u201d y la multitudinaria gira que con \u00e9l realiz\u00f3. Llenos absolutos en cientos de escenarios de todo el mundo. El tema que iniciaba el concierto, \u201cBienvenidos\u201d, era realmente espectacular y lograba meter al p\u00fablico inmediatamente en la espiral rockera de los conciertos. Todo un \u00e9xito, que era muy dif\u00edcil, no ya de mejorar, sino ni tan siquiera igualar. Su inquietud est\u00e9tica le hizo ir derivando paulatinamente hacia el jazz y el blues, donde se mov\u00eda tambi\u00e9n como una aut\u00e9ntica estrella. Muy celebradas fueron sus giras con V\u00edctor Manuel, Ana Bel\u00e9n y Serrat, de las que dejaron constancia en un disco grabado en directo.<br \/>Nuestro entra\u00f1able y brillante granadino y andaluz va a recibir con este espect\u00e1culo un m\u00e1s que merecido homenaje. \u00c9l est\u00e1 en el origen de nuestra m\u00fasica moderna, de esa que nos ha ido acompa\u00f1ando a lo largo de nuestra vida como una banda sonora insistente y maravillosa.<br \/>No podemos perdernos este espect\u00e1culo, este homenaje a Miguel R\u00edos, a su disco m\u00e1s emblem\u00e1tico y, sobre todo, a ese fen\u00f3meno que nos instal\u00f3 definitivamente en la modernidad: el rock.<br \/>Jos\u00e9 Mar\u00eda Tornay<\/p><p>MIGUEL R\u00cdOS<br \/>COMIENZO: Se\u00f1oras y se\u00f1ores, amigas y amigos, bienvenidos a esta fiesta de la m\u00fasica, de la amistad y de la alegr\u00eda. Con ustedes la magia del rock. Con vosotros el disco m\u00e1s vendido de la historia del rock espa\u00f1ol. Aqu\u00ed est\u00e1 el homenaje que Rafa, Javi, Claudia, Curro, Luismi, Richi, Samuel y Fali van a rendir al m\u00edtico&#8230; Rock and R\u00edos.<\/p>\t\t\t\t\t\t<\/div>\n\t\t\t\t<\/div>\n\t\t\t\t\t<\/div>\n\t\t<\/div>\n\t\t\t\t\t<\/div>\n\t\t<\/section>\n\t\t\t\t<\/div>\n\t\t","protected":false},"excerpt":{"rendered":"<p>HIMNO A LA ALEGR\u00cdA Los seres humanos, todos los seres humanos tenemos la obligaci\u00f3n, la humana obligaci\u00f3n de defender la alegr\u00eda. La alegr\u00eda como s\u00edmbolo de nuestra resistencia frente a las fuerzas del mal, frente a la maldad. (Empieza la proyecci\u00f3n de las im\u00e1genes). A pesar de la miseria y de los miserables; a pesar [&hellip;]<\/p>\n","protected":false},"author":1,"featured_media":0,"parent":0,"menu_order":0,"comment_status":"closed","ping_status":"closed","template":"","meta":{"_aioseop_title":"","_aioseop_description":"","ngg_post_thumbnail":0,"footnotes":""},"_links":{"self":[{"href":"http:\/\/www.josemariatornay.com\/index.php\/wp-json\/wp\/v2\/pages\/22317"}],"collection":[{"href":"http:\/\/www.josemariatornay.com\/index.php\/wp-json\/wp\/v2\/pages"}],"about":[{"href":"http:\/\/www.josemariatornay.com\/index.php\/wp-json\/wp\/v2\/types\/page"}],"author":[{"embeddable":true,"href":"http:\/\/www.josemariatornay.com\/index.php\/wp-json\/wp\/v2\/users\/1"}],"replies":[{"embeddable":true,"href":"http:\/\/www.josemariatornay.com\/index.php\/wp-json\/wp\/v2\/comments?post=22317"}],"version-history":[{"count":3,"href":"http:\/\/www.josemariatornay.com\/index.php\/wp-json\/wp\/v2\/pages\/22317\/revisions"}],"predecessor-version":[{"id":22320,"href":"http:\/\/www.josemariatornay.com\/index.php\/wp-json\/wp\/v2\/pages\/22317\/revisions\/22320"}],"wp:attachment":[{"href":"http:\/\/www.josemariatornay.com\/index.php\/wp-json\/wp\/v2\/media?parent=22317"}],"curies":[{"name":"wp","href":"https:\/\/api.w.org\/{rel}","templated":true}]}}