{"id":23053,"date":"2024-03-25T11:29:06","date_gmt":"2024-03-25T10:29:06","guid":{"rendered":"http:\/\/www.josemariatornay.com\/?page_id=23053"},"modified":"2024-03-25T13:44:25","modified_gmt":"2024-03-25T12:44:25","slug":"mis-cosas","status":"publish","type":"page","link":"http:\/\/www.josemariatornay.com\/index.php\/mis-cosas\/","title":{"rendered":"MIS COSAS"},"content":{"rendered":"\t\t<div data-elementor-type=\"wp-page\" data-elementor-id=\"23053\" class=\"elementor elementor-23053\">\n\t\t\t\t<div class=\"elementor-element elementor-element-6dd8641 e-flex e-con-boxed e-con e-parent\" data-id=\"6dd8641\" data-element_type=\"container\" data-core-v316-plus=\"true\">\n\t\t\t\t\t<div class=\"e-con-inner\">\n\t\t<div class=\"elementor-element elementor-element-93ef824 e-con-full e-flex e-con e-child\" data-id=\"93ef824\" data-element_type=\"container\">\n\t\t\t\t<div class=\"elementor-element elementor-element-78bde2b elementor-widget elementor-widget-heading\" data-id=\"78bde2b\" data-element_type=\"widget\" data-widget_type=\"heading.default\">\n\t\t\t\t<div class=\"elementor-widget-container\">\n\t\t\t<style>\/*! elementor - v3.20.0 - 20-03-2024 *\/\n.elementor-heading-title{padding:0;margin:0;line-height:1}.elementor-widget-heading .elementor-heading-title[class*=elementor-size-]>a{color:inherit;font-size:inherit;line-height:inherit}.elementor-widget-heading .elementor-heading-title.elementor-size-small{font-size:15px}.elementor-widget-heading .elementor-heading-title.elementor-size-medium{font-size:19px}.elementor-widget-heading .elementor-heading-title.elementor-size-large{font-size:29px}.elementor-widget-heading .elementor-heading-title.elementor-size-xl{font-size:39px}.elementor-widget-heading .elementor-heading-title.elementor-size-xxl{font-size:59px}<\/style><h2 class=\"elementor-heading-title elementor-size-default\"><a href=\"http:\/\/www.josemariatornay.com\/index.php\/astronomia-vuelven-humanos\/\">Mirando al cielo<\/a><\/h2>\t\t<\/div>\n\t\t\t\t<\/div>\n\t\t\t\t<\/div>\n\t\t<div class=\"elementor-element elementor-element-43626d7 e-con-full e-flex e-con e-child\" data-id=\"43626d7\" data-element_type=\"container\">\n\t\t\t\t<div class=\"elementor-element elementor-element-24a5004 elementor-widget elementor-widget-heading\" data-id=\"24a5004\" data-element_type=\"widget\" data-widget_type=\"heading.default\">\n\t\t\t\t<div class=\"elementor-widget-container\">\n\t\t\t<h2 class=\"elementor-heading-title elementor-size-default\"><a href=\"http:\/\/www.josemariatornay.com\/index.php\/la-aventura-de-un-drama\/\">La aventura de un drama<\/a><\/h2>\t\t<\/div>\n\t\t\t\t<\/div>\n\t\t\t\t<\/div>\n\t\t<div class=\"elementor-element elementor-element-023625a e-con-full e-flex e-con e-child\" data-id=\"023625a\" data-element_type=\"container\">\n\t\t\t\t<div class=\"elementor-element elementor-element-f682845 elementor-widget elementor-widget-heading\" data-id=\"f682845\" data-element_type=\"widget\" data-widget_type=\"heading.default\">\n\t\t\t\t<div class=\"elementor-widget-container\">\n\t\t\t<h2 class=\"elementor-heading-title elementor-size-default\"><a href=\"http:\/\/www.josemariatornay.com\/index.php\/que-pais\/\">\u00a1Qu\u00e9 pa\u00eds!<\/a><\/h2>\t\t<\/div>\n\t\t\t\t<\/div>\n\t\t\t\t<\/div>\n\t\t<div class=\"elementor-element elementor-element-e482274 e-con-full e-flex e-con e-child\" data-id=\"e482274\" data-element_type=\"container\">\n\t\t\t\t<div class=\"elementor-element elementor-element-83437ad elementor-widget elementor-widget-heading\" data-id=\"83437ad\" data-element_type=\"widget\" data-widget_type=\"heading.default\">\n\t\t\t\t<div class=\"elementor-widget-container\">\n\t\t\t<h2 class=\"elementor-heading-title elementor-size-default\"><a href=\"http:\/\/www.josemariatornay.com\/index.php\/aires-serranos\/\">Aires serranos<\/a><\/h2>\t\t<\/div>\n\t\t\t\t<\/div>\n\t\t\t\t<\/div>\n\t\t<div class=\"elementor-element elementor-element-14987be e-con-full e-flex e-con e-child\" data-id=\"14987be\" data-element_type=\"container\">\n\t\t\t\t<div class=\"elementor-element elementor-element-bb0de2d elementor-widget elementor-widget-heading\" data-id=\"bb0de2d\" data-element_type=\"widget\" data-widget_type=\"heading.default\">\n\t\t\t\t<div class=\"elementor-widget-container\">\n\t\t\t<h2 class=\"elementor-heading-title elementor-size-default\"><a href=\"http:\/\/www.josemariatornay.com\/index.php\/rincon-la-filosofia\/\">El Rinc\u00f3n de la Filosof\u00eda<\/a><\/h2>\t\t<\/div>\n\t\t\t\t<\/div>\n\t\t\t\t<\/div>\n\t\t<div class=\"elementor-element elementor-element-4e0e077 e-con-full e-flex e-con e-child\" data-id=\"4e0e077\" data-element_type=\"container\">\n\t\t\t\t<div class=\"elementor-element elementor-element-e7f5a5a elementor-widget elementor-widget-heading\" data-id=\"e7f5a5a\" data-element_type=\"widget\" data-widget_type=\"heading.default\">\n\t\t\t\t<div class=\"elementor-widget-container\">\n\t\t\t<h2 class=\"elementor-heading-title elementor-size-default\"><a href=\"http:\/\/www.josemariatornay.com\/index.php\/rincon-de-la-literatura\/\">El Rinc\u00f3n de la Literatura<\/a><\/h2>\t\t<\/div>\n\t\t\t\t<\/div>\n\t\t\t\t<\/div>\n\t\t\t\t\t<\/div>\n\t\t\t\t<\/div>\n\t\t<div class=\"elementor-element elementor-element-0837be7 e-flex e-con-boxed e-con e-parent\" data-id=\"0837be7\" data-element_type=\"container\" data-core-v316-plus=\"true\">\n\t\t\t\t\t<div class=\"e-con-inner\">\n\t\t<div class=\"elementor-element elementor-element-928a5d5 e-con-full e-flex e-con e-child\" data-id=\"928a5d5\" data-element_type=\"container\">\n\t\t\t\t<div class=\"elementor-element elementor-element-b5eb417 elementor-widget elementor-widget-heading\" data-id=\"b5eb417\" data-element_type=\"widget\" data-widget_type=\"heading.default\">\n\t\t\t\t<div class=\"elementor-widget-container\">\n\t\t\t<h2 class=\"elementor-heading-title elementor-size-default\"><a href=\"http:\/\/www.josemariatornay.com\/?page_id=16510&#038;preview=true\">El Rinc\u00f3n de la M\u00fasica<\/a><\/h2>\t\t<\/div>\n\t\t\t\t<\/div>\n\t\t\t\t<\/div>\n\t\t<div class=\"elementor-element elementor-element-e4e126f e-con-full e-flex e-con e-child\" data-id=\"e4e126f\" data-element_type=\"container\">\n\t\t\t\t<div class=\"elementor-element elementor-element-9a7a7d4 elementor-widget elementor-widget-heading\" data-id=\"9a7a7d4\" data-element_type=\"widget\" data-widget_type=\"heading.default\">\n\t\t\t\t<div class=\"elementor-widget-container\">\n\t\t\t<h2 class=\"elementor-heading-title elementor-size-default\"><a href=\"http:\/\/www.josemariatornay.com\/index.php\/el-rincon-del-teatro\/\">El Rinc\u00f3n del Teatro<\/a><\/h2>\t\t<\/div>\n\t\t\t\t<\/div>\n\t\t\t\t<\/div>\n\t\t<div class=\"elementor-element elementor-element-5bee345 e-con-full e-flex e-con e-child\" data-id=\"5bee345\" data-element_type=\"container\">\n\t\t\t\t<div class=\"elementor-element elementor-element-550b2ee elementor-widget elementor-widget-heading\" data-id=\"550b2ee\" data-element_type=\"widget\" data-widget_type=\"heading.default\">\n\t\t\t\t<div class=\"elementor-widget-container\">\n\t\t\t<h2 class=\"elementor-heading-title elementor-size-default\"><a href=\"http:\/\/www.josemariatornay.com\/index.php\/tiempos-de-crisis\/\">Tiempo de crisis<\/a><\/h2>\t\t<\/div>\n\t\t\t\t<\/div>\n\t\t\t\t<\/div>\n\t\t<div class=\"elementor-element elementor-element-90237a5 e-con-full e-flex e-con e-child\" data-id=\"90237a5\" data-element_type=\"container\">\n\t\t\t\t<div class=\"elementor-element elementor-element-39f509f elementor-widget elementor-widget-heading\" data-id=\"39f509f\" data-element_type=\"widget\" data-widget_type=\"heading.default\">\n\t\t\t\t<div class=\"elementor-widget-container\">\n\t\t\t<h2 class=\"elementor-heading-title elementor-size-default\"><a href=\"http:\/\/www.josemariatornay.com\/index.php\/mis-entradas-en-facebook\/\">Entradas de Facebook<\/a><\/h2>\t\t<\/div>\n\t\t\t\t<\/div>\n\t\t\t\t<\/div>\n\t\t<div class=\"elementor-element elementor-element-bfd0b6e e-con-full e-flex e-con e-child\" data-id=\"bfd0b6e\" data-element_type=\"container\">\n\t\t\t\t<div class=\"elementor-element elementor-element-e218fff elementor-widget elementor-widget-heading\" data-id=\"e218fff\" data-element_type=\"widget\" data-widget_type=\"heading.default\">\n\t\t\t\t<div class=\"elementor-widget-container\">\n\t\t\t<h2 class=\"elementor-heading-title elementor-size-default\"><a href=\"http:\/\/www.josemariatornay.com\/index.php\/mis-entradas-en-facebook\/\">Mis poemas favoritos<\/a><\/h2>\t\t<\/div>\n\t\t\t\t<\/div>\n\t\t\t\t<\/div>\n\t\t<div class=\"elementor-element elementor-element-ddb53fe e-con-full e-flex e-con e-child\" data-id=\"ddb53fe\" data-element_type=\"container\">\n\t\t\t\t<div class=\"elementor-element elementor-element-4b3d36e elementor-widget elementor-widget-heading\" data-id=\"4b3d36e\" data-element_type=\"widget\" data-widget_type=\"heading.default\">\n\t\t\t\t<div class=\"elementor-widget-container\">\n\t\t\t<h2 class=\"elementor-heading-title elementor-size-default\"><a href=\"http:\/\/www.josemariatornay.com\/index.php\/nuestra-fotografa\/\">Mi fot\u00f3grafa favorita<\/a><\/h2>\t\t<\/div>\n\t\t\t\t<\/div>\n\t\t\t\t<\/div>\n\t\t\t\t\t<\/div>\n\t\t\t\t<\/div>\n\t\t\t\t<\/div>\n\t\t","protected":false},"excerpt":{"rendered":"<p>Mirando al cielo La aventura de un drama \u00a1Qu\u00e9 pa\u00eds! Aires serranos El Rinc\u00f3n de la Filosof\u00eda El Rinc\u00f3n de la Literatura El Rinc\u00f3n de la M\u00fasica El Rinc\u00f3n del Teatro Tiempo de crisis Entradas de Facebook Mis poemas favoritos Mi fot\u00f3grafa favorita<\/p>\n","protected":false},"author":1,"featured_media":0,"parent":0,"menu_order":0,"comment_status":"closed","ping_status":"closed","template":"","meta":{"_aioseop_title":"","_aioseop_description":"","ngg_post_thumbnail":0,"footnotes":""},"_links":{"self":[{"href":"http:\/\/www.josemariatornay.com\/index.php\/wp-json\/wp\/v2\/pages\/23053"}],"collection":[{"href":"http:\/\/www.josemariatornay.com\/index.php\/wp-json\/wp\/v2\/pages"}],"about":[{"href":"http:\/\/www.josemariatornay.com\/index.php\/wp-json\/wp\/v2\/types\/page"}],"author":[{"embeddable":true,"href":"http:\/\/www.josemariatornay.com\/index.php\/wp-json\/wp\/v2\/users\/1"}],"replies":[{"embeddable":true,"href":"http:\/\/www.josemariatornay.com\/index.php\/wp-json\/wp\/v2\/comments?post=23053"}],"version-history":[{"count":16,"href":"http:\/\/www.josemariatornay.com\/index.php\/wp-json\/wp\/v2\/pages\/23053\/revisions"}],"predecessor-version":[{"id":23073,"href":"http:\/\/www.josemariatornay.com\/index.php\/wp-json\/wp\/v2\/pages\/23053\/revisions\/23073"}],"wp:attachment":[{"href":"http:\/\/www.josemariatornay.com\/index.php\/wp-json\/wp\/v2\/media?parent=23053"}],"curies":[{"name":"wp","href":"https:\/\/api.w.org\/{rel}","templated":true}]}}