{"id":23298,"date":"2024-03-26T20:59:09","date_gmt":"2024-03-26T19:59:09","guid":{"rendered":"http:\/\/www.josemariatornay.com\/?page_id=23298"},"modified":"2024-03-26T21:08:49","modified_gmt":"2024-03-26T20:08:49","slug":"sevillanas","status":"publish","type":"page","link":"http:\/\/www.josemariatornay.com\/index.php\/sevillanas\/","title":{"rendered":"SEVILLANAS"},"content":{"rendered":"\t\t<div data-elementor-type=\"wp-page\" data-elementor-id=\"23298\" class=\"elementor elementor-23298\">\n\t\t\t\t<div class=\"elementor-element elementor-element-1b4b709 e-flex e-con-boxed e-con e-parent\" data-id=\"1b4b709\" data-element_type=\"container\" data-settings=\"{&quot;background_background&quot;:&quot;classic&quot;}\" data-core-v316-plus=\"true\">\n\t\t\t\t\t<div class=\"e-con-inner\">\n\t\t<div class=\"elementor-element elementor-element-eccaf4a e-con-full e-flex e-con e-child\" data-id=\"eccaf4a\" data-element_type=\"container\">\n\t\t\t\t<div class=\"elementor-element elementor-element-a0deb2d elementor-widget elementor-widget-heading\" data-id=\"a0deb2d\" data-element_type=\"widget\" data-widget_type=\"heading.default\">\n\t\t\t\t<div class=\"elementor-widget-container\">\n\t\t\t<style>\/*! elementor - v3.20.0 - 20-03-2024 *\/\n.elementor-heading-title{padding:0;margin:0;line-height:1}.elementor-widget-heading .elementor-heading-title[class*=elementor-size-]>a{color:inherit;font-size:inherit;line-height:inherit}.elementor-widget-heading .elementor-heading-title.elementor-size-small{font-size:15px}.elementor-widget-heading .elementor-heading-title.elementor-size-medium{font-size:19px}.elementor-widget-heading .elementor-heading-title.elementor-size-large{font-size:29px}.elementor-widget-heading .elementor-heading-title.elementor-size-xl{font-size:39px}.elementor-widget-heading .elementor-heading-title.elementor-size-xxl{font-size:59px}<\/style><h2 class=\"elementor-heading-title elementor-size-default\">Ese amor<\/h2>\t\t<\/div>\n\t\t\t\t<\/div>\n\t\t\t\t<div class=\"elementor-element elementor-element-9e72cef elementor-widget elementor-widget-text-editor\" data-id=\"9e72cef\" data-element_type=\"widget\" data-widget_type=\"text-editor.default\">\n\t\t\t\t<div class=\"elementor-widget-container\">\n\t\t\t<style>\/*! elementor - v3.20.0 - 20-03-2024 *\/\n.elementor-widget-text-editor.elementor-drop-cap-view-stacked .elementor-drop-cap{background-color:#69727d;color:#fff}.elementor-widget-text-editor.elementor-drop-cap-view-framed .elementor-drop-cap{color:#69727d;border:3px solid;background-color:transparent}.elementor-widget-text-editor:not(.elementor-drop-cap-view-default) .elementor-drop-cap{margin-top:8px}.elementor-widget-text-editor:not(.elementor-drop-cap-view-default) .elementor-drop-cap-letter{width:1em;height:1em}.elementor-widget-text-editor .elementor-drop-cap{float:left;text-align:center;line-height:1;font-size:50px}.elementor-widget-text-editor .elementor-drop-cap-letter{display:inline-block}<\/style>\t\t\t\t<p>1. Ese amor,\u00a0 ese amor,\u00a0\u00a0\u00a0\u00a0\u00a0\u00a0\u00a0\u00a0\u00a0\u00a0\u00a0\u00a0<br \/>que te llega en un momento<br \/>y sin darte apenas tiempo<br \/>te destroza la raz\u00f3n.<br \/>Ese amor, ese amor, ese amor,<br \/>que te tiene acorralado,<br \/>que sin estar a tu lado<br \/>siempre est\u00e1 en tu coraz\u00f3n.<br \/>Ese amor, ese amor, ese amor.<br \/>Qu\u00e9 cerca est\u00e1s de mi pecho (bis),\u00a0\u00a0\u00a0\u00a0\u00a0\u00a0\u00a0<br \/>qu\u00e9 lejos de mi pasi\u00f3n;<br \/>deja de jugar conmigo<br \/>y ll\u00e9vate este dolor.<br \/>2. Ese amor, ese amor,<br \/>que te coge por sorpresa,<br \/>que te convierte en su presa<br \/>y no (te) deja respirar.<br \/>Ese amor, ese amor, amor, ese amor,<br \/>que siempre te da la espalda<br \/>y que te engancha en su falda<br \/>para no soltarte m\u00e1s.<br \/>Ese amor, ese amor, ese amor.<br \/>Qu\u00e9 cerca est\u00e1s de mi pecho.<\/p><p>3. Ese amor, ese amor,<br \/>ese amor de terciopelo<br \/>que te envuelve con su velo<br \/>y no te deja escapar.<br \/>Ese amor, ese amor, ese amor,<br \/>que no quiere estar contigo,<br \/>que no quiere ser tu amigo<br \/>ni que le des tu amistad.<br \/>Ese amor, ese amor, ese amor.<br \/>Qu\u00e9 cerca est\u00e1s de mi pecho\u2026<br \/>4. Ese amor, ese amor,<br \/>ese amor que no se entera,<br \/>que no quiere que lo quieras<br \/>que est\u00e1 entregado a otro amor.<br \/>ese amor, ese amor, ese amor,<br \/>que no conoce tu pena,<br \/>que te corre por las venas<br \/>sin saber qu\u00e9 es el amor.<br \/>Ese amor, ese amor, ese amor.<br \/>Qu\u00e9 cerca est\u00e1s de mi pecho\u2026<\/p>\t\t\t\t\t\t<\/div>\n\t\t\t\t<\/div>\n\t\t\t\t<\/div>\n\t\t<div class=\"elementor-element elementor-element-78856b1 e-con-full e-flex e-con e-child\" data-id=\"78856b1\" data-element_type=\"container\">\n\t\t\t\t<div class=\"elementor-element elementor-element-0b06661 elementor-widget elementor-widget-heading\" data-id=\"0b06661\" data-element_type=\"widget\" data-widget_type=\"heading.default\">\n\t\t\t\t<div class=\"elementor-widget-container\">\n\t\t\t<h2 class=\"elementor-heading-title elementor-size-default\">El amor se fue volando<\/h2>\t\t<\/div>\n\t\t\t\t<\/div>\n\t\t\t\t<\/div>\n\t\t<div class=\"elementor-element elementor-element-f29226c e-con-full e-flex e-con e-child\" data-id=\"f29226c\" data-element_type=\"container\">\n\t\t\t\t<div class=\"elementor-element elementor-element-aec8457 elementor-widget elementor-widget-heading\" data-id=\"aec8457\" data-element_type=\"widget\" data-widget_type=\"heading.default\">\n\t\t\t\t<div class=\"elementor-widget-container\">\n\t\t\t<h2 class=\"elementor-heading-title elementor-size-default\">Cada atardecer en Ronda<\/h2>\t\t<\/div>\n\t\t\t\t<\/div>\n\t\t\t\t<div class=\"elementor-element elementor-element-265624e elementor-widget elementor-widget-text-editor\" data-id=\"265624e\" data-element_type=\"widget\" data-widget_type=\"text-editor.default\">\n\t\t\t\t<div class=\"elementor-widget-container\">\n\t\t\t\t\t\t\t<p>1. El cielo azul de la tarde<br \/>en Ronda se hace poes\u00eda<br \/>cuando el pu\u00f1al de la noche<br \/>empieza a matar el d\u00eda.<br \/>Y Ronda, siempre en el centro,<br \/>sue\u00f1a con el horizonte,<br \/>ataviada de encinares<br \/>y circundada de montes.<br \/>2. Cada atardecer en Ronda<br \/>deja un lienzo diferente<br \/>y como un juego de magia,<br \/>la magia se hace presente.<br \/>Y Ronda, siempre en el centro\u2026<br \/>3. Cuando va a acostarse el sol<br \/>una l\u00e1grima carm\u00edn<br \/>se derrama por su rostro<br \/>porque se tiene que ir.<br \/>Y Ronda, siempre en el centro\u2026<br \/>4. Cada atardecer en Ronda<br \/>se hace un milagro de Dios:<br \/>\u00a1silencio, mucho silencio!,<br \/>que se est\u00e1 poniendo el sol.<\/p><p>Y Ronda, siempre en el centro\u2026<\/p>\t\t\t\t\t\t<\/div>\n\t\t\t\t<\/div>\n\t\t\t\t<\/div>\n\t\t\t\t\t<\/div>\n\t\t\t\t<\/div>\n\t\t<div class=\"elementor-element elementor-element-0ee5797 e-flex e-con-boxed e-con e-parent\" data-id=\"0ee5797\" data-element_type=\"container\" data-settings=\"{&quot;background_background&quot;:&quot;classic&quot;}\" data-core-v316-plus=\"true\">\n\t\t\t\t\t<div class=\"e-con-inner\">\n\t\t<div class=\"elementor-element elementor-element-d539a62 e-con-full e-flex e-con e-child\" data-id=\"d539a62\" data-element_type=\"container\">\n\t\t\t\t<div class=\"elementor-element elementor-element-e6a865c elementor-widget elementor-widget-heading\" data-id=\"e6a865c\" data-element_type=\"widget\" data-widget_type=\"heading.default\">\n\t\t\t\t<div class=\"elementor-widget-container\">\n\t\t\t<h2 class=\"elementor-heading-title elementor-size-default\">Vicente Espinel<\/h2>\t\t<\/div>\n\t\t\t\t<\/div>\n\t\t\t\t<div class=\"elementor-element elementor-element-28392de elementor-widget elementor-widget-text-editor\" data-id=\"28392de\" data-element_type=\"widget\" data-widget_type=\"text-editor.default\">\n\t\t\t\t<div class=\"elementor-widget-container\">\n\t\t\t\t\t\t\t<p>1. Guitarra, poemas, Ronda,<br \/>Vicente Espinel,<br \/>el alma de nuestra tierra<br \/>atrapada en un papel,<br \/>notas volando en el tiempo,<br \/>versos que ruedan en \u00e9l.<br \/>Poeta primero<br \/>que Ronda engendr\u00f3,<br \/>para seguir tu sendero<br \/>yo quiero ser tu escudero<br \/>como Marcos de Obreg\u00f3n.<br \/>2. Redondillas y cuartetas,<br \/>d\u00e9cimas enamoradas,<br \/>palabras que traen los vientos,<br \/>palabras, dulces palabras<br \/>que como flechas\u00a0 caminan<br \/>y como dardos se clavan.<br \/>Poeta primero<br \/>que Ronda engendr\u00f3,<br \/>para seguir tu sendero<br \/>yo quiero ser tu escudero<br \/>como Marcos de Obreg\u00f3n.<\/p><p>3. Con su sabia pluma en ristre,<br \/>su sotana y su bonete<br \/>camin\u00f3 por los senderos<br \/>haciendo caminos siempre,<br \/>abriendo nuevas veredas<br \/>aun a costa de perderse.<br \/>Poeta primero<br \/>que Ronda engendr\u00f3,<br \/>para seguir tu sendero<br \/>yo quiero ser tu escudero<br \/>como Marcos de Obreg\u00f3n.<br \/>4. Faro y gu\u00eda de poetas<br \/>y de genios consagrados,<br \/>vivi\u00f3 Vicente en la Corte<br \/>como maestro de sabios<br \/>y Ronda siempre latiendo<br \/>en su coraz\u00f3n serrano.<br \/>Poeta primero<br \/>que Ronda engendr\u00f3,<br \/>para seguir tu sendero<br \/>yo quiero ser tu escudero<br \/>como Marcos de Obreg\u00f3n.<\/p>\t\t\t\t\t\t<\/div>\n\t\t\t\t<\/div>\n\t\t\t\t<\/div>\n\t\t<div class=\"elementor-element elementor-element-5c730b0 e-con-full e-flex e-con e-child\" data-id=\"5c730b0\" data-element_type=\"container\">\n\t\t\t\t<div class=\"elementor-element elementor-element-05b2940 elementor-widget elementor-widget-heading\" data-id=\"05b2940\" data-element_type=\"widget\" data-widget_type=\"heading.default\">\n\t\t\t\t<div class=\"elementor-widget-container\">\n\t\t\t<h2 class=\"elementor-heading-title elementor-size-default\">Alberti<\/h2>\t\t<\/div>\n\t\t\t\t<\/div>\n\t\t\t\t<div class=\"elementor-element elementor-element-4ab7114 elementor-widget elementor-widget-text-editor\" data-id=\"4ab7114\" data-element_type=\"widget\" data-widget_type=\"text-editor.default\">\n\t\t\t\t<div class=\"elementor-widget-container\">\n\t\t\t\t\t\t\t<p>ESTRIBILLO<br \/>Pr\u00e9stame tus alas,<br \/>D\u00e9jame tu pluma, Rafael,<br \/>Para cantar,<br \/>para cantarle a mi tierra<br \/>como t\u00fa cantaste al mar.<br \/>1. Con ese mismo color<br \/>Con que pintas la bah\u00eda,<br \/>Yo quiero pintar el sol<br \/>Que ba\u00f1a esta tierra m\u00eda:<br \/>luz que se vuelve pasi\u00f3n<br \/>al ba\u00f1ar la Serran\u00eda.<br \/>ESTRIBILLO<br \/>2. En esta tierra que piso<br \/>yo quiero ser marinero,<br \/>marinero en tierra firme<br \/>con alas en mi velero,<br \/>navegando por las nubes,<br \/>en la tierra marinero.<br \/>ESTRIBILLO.<br \/>3. Lo mismo que tu paloma<br \/>se equivocaba,<br \/>yo ando de un puerto a otro puerto<br \/>sin encontrar las palabras,<br \/>confundiendo los colores,<br \/>los rumbos y las miradas.<br \/>ESTRIBILLO<br \/>4.- Tu coraz\u00f3n sigue vivo<br \/>navegando en tus salinas<br \/>y en las ondas de ese mar<br \/>que acaricia tu bah\u00eda:<br \/>agua salada que endulza<br \/>los dolores \u00a0\/quebrantos) de la vida.<br \/>ESTRIBILLO.<\/p>\t\t\t\t\t\t<\/div>\n\t\t\t\t<\/div>\n\t\t\t\t<\/div>\n\t\t<div class=\"elementor-element elementor-element-da5562a e-con-full e-flex e-con e-child\" data-id=\"da5562a\" data-element_type=\"container\">\n\t\t\t\t<div class=\"elementor-element elementor-element-c382d0f elementor-widget elementor-widget-heading\" data-id=\"c382d0f\" data-element_type=\"widget\" data-widget_type=\"heading.default\">\n\t\t\t\t<div class=\"elementor-widget-container\">\n\t\t\t<h2 class=\"elementor-heading-title elementor-size-default\">La vida<\/h2>\t\t<\/div>\n\t\t\t\t<\/div>\n\t\t\t\t<div class=\"elementor-element elementor-element-193ed87 elementor-widget elementor-widget-text-editor\" data-id=\"193ed87\" data-element_type=\"widget\" data-widget_type=\"text-editor.default\">\n\t\t\t\t<div class=\"elementor-widget-container\">\n\t\t\t\t\t\t\t<p>1. A solas conmigo voy,<br \/>conmigo y mis pensamientos,<br \/>a solas conmigo siento<br \/>lo que soy y lo que no soy.<br \/>Lo que soy y lo que no soy<br \/>y si me encuentro contigo<br \/>no s\u00e9 si vengo o me voy.<br \/>Eres quien turba mi sue\u00f1o,<br \/>sin ti no encuentro la paz<br \/>y cuando estoy a tu lado (vera) (bis)<br \/>a\u00f1oro mi soledad.<br \/>2. Yo no s\u00e9 por qu\u00e9 las cosas<br \/>tienen que ser como son:<br \/>\u00a1Ay! cuantas veces la vida,<br \/>sin pesar y sin dolor,<br \/>entrega su recompensa<br \/>a quien nunca la busc\u00f3.<br \/>3. Cuando la vida se emperra,<br \/>subir es como bajar,<br \/>andar como estar parado<br \/>y amar lo mismo que odiar;<br \/>ser honrado o sinverg\u00fcenza,<br \/>ser un sabio o un pat\u00e1n.<br \/>\u00a1Ay! cuantas veces la vida<br \/>es lo mismo que intentar<br \/>echar la ca\u00f1a en un r\u00edo<br \/>donde no puedes pescar.<br \/>4. Algunas veces la vida<br \/>nos acuna entre sus brazos<br \/>y nos viste de colores<br \/>y nos lleva de la mano<br \/>y va cubriendo de flores<br \/>el camino que pisamos.<br \/>En esos casos la vida<br \/>est\u00e1 tan bonita que,<br \/>aunque caigas de cabeza,<br \/>ella te pone de pie.<\/p>\t\t\t\t\t\t<\/div>\n\t\t\t\t<\/div>\n\t\t\t\t<\/div>\n\t\t\t\t\t<\/div>\n\t\t\t\t<\/div>\n\t\t\t\t<\/div>\n\t\t","protected":false},"excerpt":{"rendered":"<p>Ese amor 1. Ese amor,\u00a0 ese amor,\u00a0\u00a0\u00a0\u00a0\u00a0\u00a0\u00a0\u00a0\u00a0\u00a0\u00a0\u00a0que te llega en un momentoy sin darte apenas tiempote destroza la raz\u00f3n.Ese amor, ese amor, ese amor,que te tiene acorralado,que sin estar a tu ladosiempre est\u00e1 en tu coraz\u00f3n.Ese amor, ese amor, ese amor.Qu\u00e9 cerca est\u00e1s de mi pecho (bis),\u00a0\u00a0\u00a0\u00a0\u00a0\u00a0\u00a0qu\u00e9 lejos de mi pasi\u00f3n;deja de jugar conmigoy ll\u00e9vate [&hellip;]<\/p>\n","protected":false},"author":1,"featured_media":0,"parent":0,"menu_order":0,"comment_status":"closed","ping_status":"closed","template":"","meta":{"_aioseop_title":"","_aioseop_description":"","ngg_post_thumbnail":0,"footnotes":""},"_links":{"self":[{"href":"http:\/\/www.josemariatornay.com\/index.php\/wp-json\/wp\/v2\/pages\/23298"}],"collection":[{"href":"http:\/\/www.josemariatornay.com\/index.php\/wp-json\/wp\/v2\/pages"}],"about":[{"href":"http:\/\/www.josemariatornay.com\/index.php\/wp-json\/wp\/v2\/types\/page"}],"author":[{"embeddable":true,"href":"http:\/\/www.josemariatornay.com\/index.php\/wp-json\/wp\/v2\/users\/1"}],"replies":[{"embeddable":true,"href":"http:\/\/www.josemariatornay.com\/index.php\/wp-json\/wp\/v2\/comments?post=23298"}],"version-history":[{"count":7,"href":"http:\/\/www.josemariatornay.com\/index.php\/wp-json\/wp\/v2\/pages\/23298\/revisions"}],"predecessor-version":[{"id":23311,"href":"http:\/\/www.josemariatornay.com\/index.php\/wp-json\/wp\/v2\/pages\/23298\/revisions\/23311"}],"wp:attachment":[{"href":"http:\/\/www.josemariatornay.com\/index.php\/wp-json\/wp\/v2\/media?parent=23298"}],"curies":[{"name":"wp","href":"https:\/\/api.w.org\/{rel}","templated":true}]}}