{"id":23632,"date":"2024-11-01T15:29:24","date_gmt":"2024-11-01T14:29:24","guid":{"rendered":"http:\/\/www.josemariatornay.com\/?page_id=23632"},"modified":"2024-11-01T16:04:43","modified_gmt":"2024-11-01T15:04:43","slug":"ronda-espinel-pendiente","status":"publish","type":"page","link":"http:\/\/www.josemariatornay.com\/index.php\/ronda-espinel-pendiente\/","title":{"rendered":"RONDA Y ESPINEL, UNA DEUDA PENDIENTE"},"content":{"rendered":"\t\t<div data-elementor-type=\"wp-page\" data-elementor-id=\"23632\" class=\"elementor elementor-23632\">\n\t\t\t\t<div class=\"elementor-element elementor-element-cab4ed9 e-flex e-con-boxed e-con e-parent\" data-id=\"cab4ed9\" data-element_type=\"container\" data-core-v316-plus=\"true\">\n\t\t\t\t\t<div class=\"e-con-inner\">\n\t\t<div class=\"elementor-element elementor-element-ce4173e e-con-full e-flex e-con e-child\" data-id=\"ce4173e\" data-element_type=\"container\">\n\t\t\t\t<div class=\"elementor-element elementor-element-5ff4ee2 elementor-widget elementor-widget-text-editor\" data-id=\"5ff4ee2\" data-element_type=\"widget\" data-widget_type=\"text-editor.default\">\n\t\t\t\t<div class=\"elementor-widget-container\">\n\t\t\t<style>\/*! elementor - v3.20.0 - 20-03-2024 *\/\n.elementor-widget-text-editor.elementor-drop-cap-view-stacked .elementor-drop-cap{background-color:#69727d;color:#fff}.elementor-widget-text-editor.elementor-drop-cap-view-framed .elementor-drop-cap{color:#69727d;border:3px solid;background-color:transparent}.elementor-widget-text-editor:not(.elementor-drop-cap-view-default) .elementor-drop-cap{margin-top:8px}.elementor-widget-text-editor:not(.elementor-drop-cap-view-default) .elementor-drop-cap-letter{width:1em;height:1em}.elementor-widget-text-editor .elementor-drop-cap{float:left;text-align:center;line-height:1;font-size:50px}.elementor-widget-text-editor .elementor-drop-cap-letter{display:inline-block}<\/style>\t\t\t\t<p><strong>ACTO DE PRESENTACI\u00d3N DE LA OBRA \u201cESPINEL Y RONDA, UNA DEUDA PENDIENTE\u201d y del libro \u201cRONDA Y YO, D\u00c9CIMAS ENAMORADAS<\/strong><\/p><p>\u00a0<\/p><p>(<em>Espinel aparece en escena, despacio y jovial, y se dirige al p\u00fablico).<\/em><\/p><p>ESPINEL. Buenas noches teng\u00e1is mis queridos conciudadanos. Bienvenidos a este acto. He vuelto a mi tierra, a mi Ronda, para acompa\u00f1aros durante un rato en esta presentaci\u00f3n de una obra sobre m\u00ed y de un libro que honra mi memoria. (<em>Pausa<\/em>). Las malas lenguas dicen que no me gustaba vivir aqu\u00ed, pero no es verdad. Ronda llenaba mi esp\u00edritu como ninguna otra cosa lo llenaba. No pod\u00eda faltar hoy, porque mi ciudad nunca se ha excedido en reconocerme, as\u00ed, una vez que lo hace, aqu\u00ed estoy. \u00a1Siempre es bueno que se acuerden de uno!<\/p><p>\u00a0<\/p><p>(<em>Toma la palabra Jos\u00e9 Mar\u00eda).<\/em><\/p><p>Buenas noches, amigos y amigas de Entreamigos. De nuevo nos encontramos a las puertas de un nuevo reto para nuestro grupo como es el de modestamente recuperar la memoria de uno de los grandes ronde\u00f1os ilustres, Vicente Mart\u00ednez Espinel. (<em>Dirigi\u00e9ndome a Espinel<\/em>) Es verdad, don Vicente, que no han sido muchos lo homenajes dedicados a su persona. Casi 300 a\u00f1os pasaron hasta que alguien cay\u00f3 en la cuenta de su existencia y su grandeza.<\/p><p>De todo eso va nuestra obra \u201cRonda y Espinel, una deuda pendiente\u201d. De eso y m\u00e1s cosas, que no debemos ni podemos desvelar. Queden como intriga de lo que vamos a disfrutar el pr\u00f3ximo 22 de noviembre. S\u00ed os puedo adelantar que, como siempre, echaremos mano de nuestros tres valores supremos: la m\u00fasica, el teatro y la poes\u00eda.<\/p><p>Ahora me gustar\u00eda que el director de la obra, Pablo Jim\u00e9nez nos contara c\u00f3mo est\u00e1 yendo su trabajo y el de los participantes. (<em>Toma la palabra \u00a0\u00a0hablar de la obra y para presentar el libro<\/em>).<\/p><p>(<em>Jos\u00e9 Mar\u00eda explica la singladura del libro \u201cRonda y yo, d\u00e9cimas enamoradas\u201d<\/em>).<\/p><p>Singladura del libro y precio (5\u20ac). Se pondr\u00e1 a la venta en todos los actos de Entreamigos.<\/p><p>Y ahora tambi\u00e9n que suba y tome la palabra una de las cantantes\u2026<\/p><p>Y que tome la palabra alguno de los m\u00fasicos\u2026<\/p><p>Y, por supuesto, uno de los int\u00e9rpretes. En este caso lo va a hacer uno de los miembros m\u00e1s teatrales de Entreamigos, Avelino \u00c9cia. Don Avelino, por favor\u2026<\/p><p>(<em>Tras la intervenci\u00f3n de Pablo habla Jos\u00e9 Mar\u00eda de la peripecia del libro\u00a0 \u201cRonda y yo: d\u00e9cimas enamoradas\u201d<\/em>).<\/p><p>Como tenemos entre nosotros a un RAPSODA extraordinario, no vamos a desaprovechar la oportunidad de que nos recite una de esas d\u00e9cimas legendarias de Espinel.<\/p><p>\u00bfSab\u00e9is una cosa? Don Vicente Espinel, aqu\u00ed presente, creador de la d\u00e9cimas, por eso mismo llamada \u201cespinela\u201d, tan solo escribi\u00f3\u00a0 diez a lo largo de su vida, que no fue corta. Aqu\u00ed hay dos posibles explicaciones: o no le gusta a usted mucho empu\u00f1ar la pluma o su vida revuelta no le dejaba tiempo para el trabajo literario.<\/p><p>ESPINEL.- Eran tiempos diferentes a estos: cualquier cosa, cualquier viaje costaba dias semanas y meses. Y yo anduve siempre muy inquieto, de aqu\u00ed para all\u00e1\u2026 as\u00ed que no tuve tiempo de escribir mucho. Porque, adem\u00e1s, ten\u00eda que estudiar, y mucho.<\/p><p>ESPINEL.- Lo entendemos, don Vicente. No hay que juzgar a nadie y menos a una gloria nacional como usted. Ha sido un placer que nos haya regalado su compa\u00f1\u00eda en este acto. \u00a1Ah y no falte usted el pr\u00f3ximo d\u00eda 22; en el teatro, en su teatro. All\u00ed lo esperamos el d\u00eda 22, a las 20,30.<\/p><p>Preguntar si alguien del p\u00fablico desea intervenir.<\/p><p>Y a ustedes, muchas gracias por acompa\u00f1arnos hoy y siempre. La verdad es que nos sentimos extraordinariamente bien acompa\u00f1ados en todas las ocasiones. Un abrazo para todos y nos vemos el d\u00eda 22.<\/p>\t\t\t\t\t\t<\/div>\n\t\t\t\t<\/div>\n\t\t\t\t<div class=\"elementor-element elementor-element-3becab7 elementor-widget elementor-widget-text-editor\" data-id=\"3becab7\" data-element_type=\"widget\" data-widget_type=\"text-editor.default\">\n\t\t\t\t<div class=\"elementor-widget-container\">\n\t\t\t\t\t\t\t<p>\u00a0INT\u00c9RPRETES<br \/>Vicente Espinel&#8230;. Rafael Gonz\u00e1lez<br \/>Alcalde&#8230;&#8230;&#8230;&#8230;&#8230;&#8230;&#8230; Salvador Lobato<br \/>Defensor&#8230;&#8230;&#8230;&#8230;&#8230;&#8230; Antonio G\u00aa Montes<br \/>Fiscal&#8230;&#8230;&#8230;&#8230;&#8230;&#8230;&#8230;.. Avelino \u00c9cija<br \/>Jacinto de Espinel&#8230; Avelino \u00c9cija Jr.<br \/>Pastora&#8230;&#8230;&#8230;&#8230;&#8230;&#8230;.. Mar\u00eda Victoria \u00c9cija<br \/>Marqu\u00e9s&#8230;&#8230;&#8230;&#8230;&#8230;&#8230; Jaime Aranda<br \/>C\u00e1ndido G. Campos. Eski Mac\u00edas<br \/>Vecinas&#8230;&#8230;&#8230;&#8230;&#8230;&#8230; Vicky Bl\u00e1zquez <br \/>Crescencia del R\u00edo<br \/>Concejales&#8230;&#8230;&#8230;&#8230;&#8230;. Martha P\u00e9rez<br \/>Cristina Lobato<br \/>Luc\u00eda Pineda<br \/>Ainhoa P\u00e9rez <br \/>Clara Gil<br \/>Jos\u00e9 M\u00aa Tornay<br \/>BANDA<br \/>Piano&#8230;&#8230;&#8230;&#8230;&#8230;&#8230;&#8230;&#8230; Curro Bautista<br \/>Guitarra ac\u00fastica&#8230;&#8230; Alberto Mateos<br \/>Guitarra espa\u00f1ola&#8230;&#8230; Alberto Navarro<br \/>Cello&#8230;&#8230;&#8230;&#8230;&#8230;&#8230;&#8230;. Erwin Grafe<br \/>CANTANTES<br \/>AINHOA P\u00c9REZ CRISTINA LOBATO<br \/>CLARA GIL MARTHA P\u00c9REZ<br \/>LUC\u00cdA PINEDA JOS\u00c9 M\u00aa TORNAY<br \/>ANTONIO G\u00aa MONTES<\/p>\t\t\t\t\t\t<\/div>\n\t\t\t\t<\/div>\n\t\t\t\t<div class=\"elementor-element elementor-element-d30b962 elementor-widget elementor-widget-heading\" data-id=\"d30b962\" data-element_type=\"widget\" data-widget_type=\"heading.default\">\n\t\t\t\t<div class=\"elementor-widget-container\">\n\t\t\t<style>\/*! elementor - v3.20.0 - 20-03-2024 *\/\n.elementor-heading-title{padding:0;margin:0;line-height:1}.elementor-widget-heading .elementor-heading-title[class*=elementor-size-]>a{color:inherit;font-size:inherit;line-height:inherit}.elementor-widget-heading .elementor-heading-title.elementor-size-small{font-size:15px}.elementor-widget-heading .elementor-heading-title.elementor-size-medium{font-size:19px}.elementor-widget-heading .elementor-heading-title.elementor-size-large{font-size:29px}.elementor-widget-heading .elementor-heading-title.elementor-size-xl{font-size:39px}.elementor-widget-heading .elementor-heading-title.elementor-size-xxl{font-size:59px}<\/style><h2 class=\"elementor-heading-title elementor-size-default\">A la derecha, mi \u00faltimo libro. Una colecci\u00f3n de 44 d\u00e9cimas dedicadas a Ronda. Porque en Ronda naci\u00f3 quien dio carta de naturaleza a este misteriosa y complicada estrofa, que a nadie deja indiferente: Vicente Espinel. Aprovechando el a\u00f1o en el que se conmemora su muerte, aqu\u00ed estas d\u00e9cimas enamoradas , dedicadas a esta ciudad \u00fanica. Las ilustraciones son del gran artista ronde\u00f1o, Pepe Cabeza.<\/h2>\t\t<\/div>\n\t\t\t\t<\/div>\n\t\t\t\t<\/div>\n\t\t<div class=\"elementor-element elementor-element-ad497d5 e-con-full e-flex e-con e-child\" data-id=\"ad497d5\" data-element_type=\"container\">\n\t\t\t\t<div class=\"elementor-element elementor-element-e496c91 elementor-widget elementor-widget-image\" data-id=\"e496c91\" data-element_type=\"widget\" data-widget_type=\"image.default\">\n\t\t\t\t<div class=\"elementor-widget-container\">\n\t\t\t<style>\/*! elementor - v3.20.0 - 20-03-2024 *\/\n.elementor-widget-image{text-align:center}.elementor-widget-image a{display:inline-block}.elementor-widget-image a img[src$=\".svg\"]{width:48px}.elementor-widget-image img{vertical-align:middle;display:inline-block}<\/style>\t\t\t\t\t\t\t\t\t\t<img fetchpriority=\"high\" decoding=\"async\" width=\"675\" height=\"1024\" src=\"http:\/\/www.josemariatornay.com\/wp-content\/uploads\/2024\/10\/CARTEL-ESPINEL-675x1024.jpg\" class=\"attachment-large size-large wp-image-23550\" alt=\"\" srcset=\"http:\/\/www.josemariatornay.com\/wp-content\/uploads\/2024\/10\/CARTEL-ESPINEL-675x1024.jpg 675w, http:\/\/www.josemariatornay.com\/wp-content\/uploads\/2024\/10\/CARTEL-ESPINEL-198x300.jpg 198w, http:\/\/www.josemariatornay.com\/wp-content\/uploads\/2024\/10\/CARTEL-ESPINEL-768x1165.jpg 768w, http:\/\/www.josemariatornay.com\/wp-content\/uploads\/2024\/10\/CARTEL-ESPINEL-1013x1536.jpg 1013w, http:\/\/www.josemariatornay.com\/wp-content\/uploads\/2024\/10\/CARTEL-ESPINEL.jpg 1350w\" sizes=\"(max-width: 675px) 100vw, 675px\" \/>\t\t\t\t\t\t\t\t\t\t\t\t\t<\/div>\n\t\t\t\t<\/div>\n\t\t\t\t<div class=\"elementor-element elementor-element-68d0473 elementor-widget elementor-widget-text-editor\" data-id=\"68d0473\" data-element_type=\"widget\" data-widget_type=\"text-editor.default\">\n\t\t\t\t<div class=\"elementor-widget-container\">\n\t\t\t\t\t\t\t<p>Vicente Espinel tiene una calle en Ronda, la principal; <br \/>una autoescuela lleva su nombre; y un pub, que ya no existe. Pero, parece <br \/>como si su figura no hubiera recibido nunca el <br \/>reconocimiento que merece su importancia en las letras <br \/>hispanas. Casi trescientos a\u00f1os pasaron desde su muerte <br \/>hasta que a algunos ronde\u00f1os ilustrados se les ocurriera <br \/>honrarlo con un reconocimiento oficial. Mucho tiempo <br \/>de silencio es ese para tama\u00f1a figura. Nosotros vamos a <br \/>poner un granito de arena en la reparaci\u00f3n de ese olvido <br \/>lamentable. Y lo hacemos porque, sin duda, Ronda tiene <br \/>con Espinel una deuda pendiente.<\/p>\t\t\t\t\t\t<\/div>\n\t\t\t\t<\/div>\n\t\t\t\t<div class=\"elementor-element elementor-element-d94392a elementor-widget elementor-widget-image\" data-id=\"d94392a\" data-element_type=\"widget\" data-widget_type=\"image.default\">\n\t\t\t\t<div class=\"elementor-widget-container\">\n\t\t\t\t\t\t\t\t\t\t<figure class=\"wp-caption\">\n\t\t\t\t\t\t\t\t\t\t<img decoding=\"async\" width=\"600\" height=\"451\" src=\"http:\/\/www.josemariatornay.com\/wp-content\/uploads\/2024\/11\/Avelinos.jpeg\" class=\"attachment-medium_large size-medium_large wp-image-23634\" alt=\"\" srcset=\"http:\/\/www.josemariatornay.com\/wp-content\/uploads\/2024\/11\/Avelinos.jpeg 600w, http:\/\/www.josemariatornay.com\/wp-content\/uploads\/2024\/11\/Avelinos-300x226.jpeg 300w\" sizes=\"(max-width: 600px) 100vw, 600px\" \/>\t\t\t\t\t\t\t\t\t\t\t<figcaption class=\"widget-image-caption wp-caption-text\">Vicky \u00c9cija y Avelino \u00c9cija Jr. en una escena de l\u00f1a obra.<\/figcaption>\n\t\t\t\t\t\t\t\t\t\t<\/figure>\n\t\t\t\t\t\t\t<\/div>\n\t\t\t\t<\/div>\n\t\t\t\t<div class=\"elementor-element elementor-element-8f9293d elementor-widget elementor-widget-text-editor\" data-id=\"8f9293d\" data-element_type=\"widget\" data-widget_type=\"text-editor.default\">\n\t\t\t\t<div class=\"elementor-widget-container\">\n\t\t\t\t\t\t\t<p><br \/>Direcci\u00f3n&#8230;&#8230;&#8230;&#8230;&#8230;&#8230;&#8230;. PABLO JIM\u00c9NEZ<br \/>Cartel y Coordinaci\u00f3n.. JOS\u00c9 M. R\u00cdOS<br \/>Luces&#8230;&#8230;&#8230;&#8230;&#8230;&#8230;&#8230;&#8230;&#8230;..IGNACIO GUILL\u00c9N<br \/>Sonido&#8230;&#8230;&#8230;&#8230;&#8230;&#8230;&#8230;&#8230;..J. M\u00aa TORNAY R.<br \/><span style=\"color: var( --e-global-color-text ); font-family: var( --e-global-typography-text-font-family ), Sans-serif; font-weight: var( --e-global-typography-text-font-weight ); text-align: var(--text-align);\">Gui\u00f3n&#8230;&#8230;&#8230;&#8230;&#8230;&#8230;&#8230;&#8230;.JOS\u00c9 MAR\u00cdA TORNAY<\/span><\/p>\t\t\t\t\t\t<\/div>\n\t\t\t\t<\/div>\n\t\t\t\t<div class=\"elementor-element elementor-element-a60c6e2 elementor-widget elementor-widget-image\" data-id=\"a60c6e2\" data-element_type=\"widget\" data-widget_type=\"image.default\">\n\t\t\t\t<div class=\"elementor-widget-container\">\n\t\t\t\t\t\t\t\t\t\t\t\t\t<img decoding=\"async\" width=\"771\" height=\"1024\" src=\"http:\/\/www.josemariatornay.com\/wp-content\/uploads\/2024\/11\/RONDA-Y-YO-771x1024.jpg\" class=\"attachment-large size-large wp-image-23645\" alt=\"\" srcset=\"http:\/\/www.josemariatornay.com\/wp-content\/uploads\/2024\/11\/RONDA-Y-YO-771x1024.jpg 771w, http:\/\/www.josemariatornay.com\/wp-content\/uploads\/2024\/11\/RONDA-Y-YO-226x300.jpg 226w, http:\/\/www.josemariatornay.com\/wp-content\/uploads\/2024\/11\/RONDA-Y-YO-768x1020.jpg 768w, http:\/\/www.josemariatornay.com\/wp-content\/uploads\/2024\/11\/RONDA-Y-YO-1157x1536.jpg 1157w, http:\/\/www.josemariatornay.com\/wp-content\/uploads\/2024\/11\/RONDA-Y-YO-1542x2048.jpg 1542w, http:\/\/www.josemariatornay.com\/wp-content\/uploads\/2024\/11\/RONDA-Y-YO-scaled.jpg 1928w\" sizes=\"(max-width: 771px) 100vw, 771px\" \/>\t\t\t\t\t\t\t\t\t\t\t\t\t<\/div>\n\t\t\t\t<\/div>\n\t\t\t\t<\/div>\n\t\t\t\t\t<\/div>\n\t\t\t\t<\/div>\n\t\t<div class=\"elementor-element elementor-element-b2927eb e-flex e-con-boxed e-con e-parent\" data-id=\"b2927eb\" data-element_type=\"container\" data-core-v316-plus=\"true\">\n\t\t\t\t\t<div class=\"e-con-inner\">\n\t\t\t\t<div class=\"elementor-element elementor-element-af27f2a elementor-widget elementor-widget-image\" data-id=\"af27f2a\" data-element_type=\"widget\" data-widget_type=\"image.default\">\n\t\t\t\t<div class=\"elementor-widget-container\">\n\t\t\t\t\t\t\t\t\t\t\t\t\t<img decoding=\"async\" src=\"http:\/\/www.josemariatornay.com\/wp-content\/plugins\/elementor\/assets\/images\/placeholder.png\" title=\"\" alt=\"\" loading=\"lazy\" \/>\t\t\t\t\t\t\t\t\t\t\t\t\t<\/div>\n\t\t\t\t<\/div>\n\t\t\t\t\t<\/div>\n\t\t\t\t<\/div>\n\t\t\t\t<\/div>\n\t\t","protected":false},"excerpt":{"rendered":"<p>ACTO DE PRESENTACI\u00d3N DE LA OBRA \u201cESPINEL Y RONDA, UNA DEUDA PENDIENTE\u201d y del libro \u201cRONDA Y YO, D\u00c9CIMAS ENAMORADAS \u00a0 (Espinel aparece en escena, despacio y jovial, y se dirige al p\u00fablico). ESPINEL. Buenas noches teng\u00e1is mis queridos conciudadanos. Bienvenidos a este acto. He vuelto a mi tierra, a mi Ronda, para acompa\u00f1aros durante [&hellip;]<\/p>\n","protected":false},"author":1,"featured_media":0,"parent":0,"menu_order":0,"comment_status":"closed","ping_status":"closed","template":"","meta":{"_aioseop_title":"","_aioseop_description":"","ngg_post_thumbnail":0,"footnotes":""},"_links":{"self":[{"href":"http:\/\/www.josemariatornay.com\/index.php\/wp-json\/wp\/v2\/pages\/23632"}],"collection":[{"href":"http:\/\/www.josemariatornay.com\/index.php\/wp-json\/wp\/v2\/pages"}],"about":[{"href":"http:\/\/www.josemariatornay.com\/index.php\/wp-json\/wp\/v2\/types\/page"}],"author":[{"embeddable":true,"href":"http:\/\/www.josemariatornay.com\/index.php\/wp-json\/wp\/v2\/users\/1"}],"replies":[{"embeddable":true,"href":"http:\/\/www.josemariatornay.com\/index.php\/wp-json\/wp\/v2\/comments?post=23632"}],"version-history":[{"count":16,"href":"http:\/\/www.josemariatornay.com\/index.php\/wp-json\/wp\/v2\/pages\/23632\/revisions"}],"predecessor-version":[{"id":23651,"href":"http:\/\/www.josemariatornay.com\/index.php\/wp-json\/wp\/v2\/pages\/23632\/revisions\/23651"}],"wp:attachment":[{"href":"http:\/\/www.josemariatornay.com\/index.php\/wp-json\/wp\/v2\/media?parent=23632"}],"curies":[{"name":"wp","href":"https:\/\/api.w.org\/{rel}","templated":true}]}}