{"id":5358,"date":"2016-11-21T22:23:42","date_gmt":"2016-11-21T21:23:42","guid":{"rendered":"http:\/\/www.josemariatornay.com\/index.php\/mis-libros\/ronda-y-yo\/"},"modified":"2016-11-22T15:14:11","modified_gmt":"2016-11-22T14:14:11","slug":"ronda-y-yo","status":"publish","type":"page","link":"http:\/\/www.josemariatornay.com\/index.php\/ronda-y-yo\/","title":{"rendered":"Ronda y Yo. Nuestras peque\u00f1as cosas"},"content":{"rendered":"<table class=\"art-article\" style=\"width: 100%;\">\n<tbody>\n<tr>\n<td style=\"width: 50%; text-align: justify;\"><img decoding=\"async\" class=\"art-lightbox\" src=\"http:\/\/www.josemariatornay.com\/wp-content\/uploads\/2016\/11\/Ronda-y-yo.jpg\" alt=\"\" width=\"140\" height=\"200\" \/>\u00a0 \u00a0 \u00a0 \u00a0 \u00a0 \u00a0 \u00a0<img decoding=\"async\" class=\"art-lightbox\" src=\"http:\/\/www.josemariatornay.com\/wp-content\/uploads\/2016\/11\/josemaria.jpg\" alt=\"\" width=\"199\" height=\"133\" \/><br \/>\n\u00abAquellas peque\u00f1as cosas\u00bb es una canci\u00f3n de Serrat, dentro de la cual, a la manera de un estuche musical, introduje mi preg\u00f3n de feria en el a\u00f1o 2009. All\u00ed cantaba a esas peque\u00f1as cosas, que son las que hacen grande nuestra vida. Adem\u00e1s de lo que all\u00ed contaba, en el libro, al alim\u00f3n con mi amigo Jos\u00e9 Mar\u00eda Ortega, \u00abRonda. Dos miradas diferentes sobre una ciudad \u00fanica\u00bb, incorpor\u00e9 un importante n\u00famero m\u00e1s de rincones, calles y personajes de esta tierra ronde\u00f1a. En esta recopilaci\u00f3n recojo, adem\u00e1s, otros varios poemas que no entraron en el citado libro.<br \/>\nEste es el PR\u00d3LOGOque acompa\u00f1a a los textos:<\/p>\n<p>Alrededor del encargo que recibo en mayo de 2009 de pregonar a Ronda y a su Feria de Pedro Romero, surge un material que sobrepasa con creces las posibilidades formales y temporales de lo que, entiendo, debe ser un tarea de estas caracter\u00edsticas.<br \/>\nAl final, us\u00e9 en dicho acontecimiento 21 poemas de los 126 de que dispon\u00eda, entre los que hab\u00edan ido surgiendo en el camino de la preparaci\u00f3n del preg\u00f3n y los que ya ten\u00eda elaborados, aunque sin publicar, sobre mi tierra a lo largo de los \u00faltimos tiempos.<\/p>\n<p>Aunque yo titul\u00e9 el preg\u00f3n \u201cAquellas peque\u00f1as cosas\u201d, porque creo sinceramente que ellas son las que conforman nuestra existencia de la manera m\u00e1s esencial, ahora tengo que aclarar, que siendo eso cierto, al tratarse de Ronda, la verdad que es que busques entre su gente, entre su anatom\u00eda o su paisaje, s\u00f3lo encontramos grandeza y esplendor. No, Ronda no tiene ninguna peque\u00f1a cosa.<\/td>\n<td style=\"width: 50%; text-align: justify;\">Mi pretensi\u00f3n de renunciar a los t\u00f3picos y a los lugares y personajes m\u00e1s universales, me llev\u00f3, eso s\u00ed, a calibrar mis peque\u00f1as sensaciones ante las cosas menos conocidas de Ronda, que no menos grandiosas.<br \/>\nPor eso, con la intenci\u00f3n de no abandonar ese material sobrante y como agradecimiento a la espectacular acogida que tuvieron los versos recogidos en el preg\u00f3n, emprendo la tarea de montar esta obra, que estar\u00e1 en su integridad y en toda la intenci\u00f3n de su autor, dedicada a vosotros y vosotras, ronde\u00f1os y ronde\u00f1as, que sois y somos lo m\u00e1s importante de esta ciudad. Por muy grandes que sean \u00e9stas, por mucho arte o historia que atesoren los pueblos y las ciudades, lo esencial siempre es la gente.<br \/>\nLa gente que los ocupa y que pasea por ellos sus zozobras y sus alegr\u00edas, sus dudas y sus certezas, sus temores y sus vanidades; Esos que ponemos nuestra meta en sue\u00f1os y quimeras (pura condici\u00f3n humana), pero que nos agarramos irremisiblemente al clavo ardiendo de las peque\u00f1as cosas donde encontramos el cobijo necesario, el refugio imprescindible para guarecernos del temporal de las crisis y las pandemias, de las alarmas interesadas y los miedos oportunos.<br \/>\nEsos que hacemos la historia, aunque no aparezcamos en los libros de texto; los que tiramos del carro, aunque no seamos protagonistas de nada; los que configuramos el paisaje humano y diario de nuestros espacios colectivos, aunque no firmemos en ning\u00fan libro de honor; los que desde el anonimato de nuestras existencias calladas y prudentes, forjamos con nuestros esfuerzo y voluntad, contra viento y marea, el presente que nos acoge y el futuro, m\u00e1s o menos imperfecto, que queremos para nuestros sucesores.<br \/>\nAs\u00ed que, s\u00f3lo me queda repetirlo en verso:<br \/>\nPreparando el preg\u00f3n<br \/>\nnacieron tantos versos<br \/>\nque s\u00f3lo pude daros<br \/>\nuna parte de ellos.<br \/>\nUna parte de m\u00ed,<br \/>\nel alma de mi pueblo,<br \/>\nde sus peque\u00f1as cosas,<br \/>\nde nuestros grandes sue\u00f1os.<\/p>\n<p>Este libro est\u00e1 en papel y puede adquirirse en la Editorial Lul\u00fa. Todos los poemas que recoge est\u00e1 dedicados a Ronda. Aparecen aqu\u00ed reunidos, pero est\u00e1n dispersos en el resto de mi obra. Pueden encontrarse por aqu\u00ed y por all\u00e1 y tambi\u00e9n en pregones y colaboraciones diversas. Por ese motivo no aparecen de nuevo en esta p\u00e1gina de \u00abRonda y Yo; nuestras peque\u00f1as cosas\u00bb. Ser\u00eda redundante.<\/td>\n<\/tr>\n<\/tbody>\n<\/table>\n<p><\/p>\n","protected":false},"excerpt":{"rendered":"<p>\u00a0 \u00a0 \u00a0 \u00a0 \u00a0 \u00a0 \u00a0 \u00abAquellas peque\u00f1as cosas\u00bb es una canci\u00f3n de Serrat, dentro de la cual, a la manera de un estuche musical, introduje mi preg\u00f3n de feria en el a\u00f1o 2009. All\u00ed cantaba a esas peque\u00f1as cosas, que son las que hacen grande nuestra vida. Adem\u00e1s de lo que all\u00ed contaba, [&hellip;]<\/p>\n","protected":false},"author":1,"featured_media":0,"parent":0,"menu_order":7,"comment_status":"closed","ping_status":"closed","template":"","meta":{"_aioseop_title":"","_aioseop_description":"","ngg_post_thumbnail":0,"footnotes":""},"_links":{"self":[{"href":"http:\/\/www.josemariatornay.com\/index.php\/wp-json\/wp\/v2\/pages\/5358"}],"collection":[{"href":"http:\/\/www.josemariatornay.com\/index.php\/wp-json\/wp\/v2\/pages"}],"about":[{"href":"http:\/\/www.josemariatornay.com\/index.php\/wp-json\/wp\/v2\/types\/page"}],"author":[{"embeddable":true,"href":"http:\/\/www.josemariatornay.com\/index.php\/wp-json\/wp\/v2\/users\/1"}],"replies":[{"embeddable":true,"href":"http:\/\/www.josemariatornay.com\/index.php\/wp-json\/wp\/v2\/comments?post=5358"}],"version-history":[{"count":0,"href":"http:\/\/www.josemariatornay.com\/index.php\/wp-json\/wp\/v2\/pages\/5358\/revisions"}],"wp:attachment":[{"href":"http:\/\/www.josemariatornay.com\/index.php\/wp-json\/wp\/v2\/media?parent=5358"}],"curies":[{"name":"wp","href":"https:\/\/api.w.org\/{rel}","templated":true}]}}