{"id":5377,"date":"2016-11-21T22:24:01","date_gmt":"2016-11-21T21:24:01","guid":{"rendered":"http:\/\/www.josemariatornay.com\/index.php\/mis-libros\/decimas-del-alma\/"},"modified":"2018-10-07T15:44:50","modified_gmt":"2018-10-07T14:44:50","slug":"decimas-del-alma","status":"publish","type":"page","link":"http:\/\/www.josemariatornay.com\/index.php\/decimas-del-alma\/","title":{"rendered":"D\u00e9cimas del alma"},"content":{"rendered":"\t\t<div data-elementor-type=\"wp-post\" data-elementor-id=\"5377\" class=\"elementor elementor-5377 elementor-bc-flex-widget\">\n\t\t\t\t\t\t<section class=\"elementor-section elementor-top-section elementor-element elementor-element-7f5a842 elementor-section-boxed elementor-section-height-default elementor-section-height-default\" data-id=\"7f5a842\" data-element_type=\"section\">\n\t\t\t\t\t\t<div class=\"elementor-container elementor-column-gap-default\">\n\t\t\t\t\t<div class=\"elementor-column elementor-col-100 elementor-top-column elementor-element elementor-element-d8a72dd\" data-id=\"d8a72dd\" data-element_type=\"column\">\n\t\t\t<div class=\"elementor-widget-wrap elementor-element-populated\">\n\t\t\t\t\t\t<div class=\"elementor-element elementor-element-4f3a90a elementor-widget elementor-widget-heading\" data-id=\"4f3a90a\" data-element_type=\"widget\" data-widget_type=\"heading.default\">\n\t\t\t\t<div class=\"elementor-widget-container\">\n\t\t\t<style>\/*! elementor - v3.20.0 - 20-03-2024 *\/\n.elementor-heading-title{padding:0;margin:0;line-height:1}.elementor-widget-heading .elementor-heading-title[class*=elementor-size-]>a{color:inherit;font-size:inherit;line-height:inherit}.elementor-widget-heading .elementor-heading-title.elementor-size-small{font-size:15px}.elementor-widget-heading .elementor-heading-title.elementor-size-medium{font-size:19px}.elementor-widget-heading .elementor-heading-title.elementor-size-large{font-size:29px}.elementor-widget-heading .elementor-heading-title.elementor-size-xl{font-size:39px}.elementor-widget-heading .elementor-heading-title.elementor-size-xxl{font-size:59px}<\/style><h2 class=\"elementor-heading-title elementor-size-large\">D\u00c9CIMAS DEL ALMA<\/h2>\t\t<\/div>\n\t\t\t\t<\/div>\n\t\t\t\t\t<\/div>\n\t\t<\/div>\n\t\t\t\t\t<\/div>\n\t\t<\/section>\n\t\t\t\t<section class=\"elementor-section elementor-top-section elementor-element elementor-element-bf2b370 elementor-section-boxed elementor-section-height-default elementor-section-height-default\" data-id=\"bf2b370\" data-element_type=\"section\">\n\t\t\t\t\t\t<div class=\"elementor-container elementor-column-gap-default\">\n\t\t\t\t\t<div class=\"elementor-column elementor-col-50 elementor-top-column elementor-element elementor-element-0f1e95a\" data-id=\"0f1e95a\" data-element_type=\"column\">\n\t\t\t<div class=\"elementor-widget-wrap elementor-element-populated\">\n\t\t\t\t\t\t<div class=\"elementor-element elementor-element-76f6fbb elementor-widget elementor-widget-heading\" data-id=\"76f6fbb\" data-element_type=\"widget\" data-widget_type=\"heading.default\">\n\t\t\t\t<div class=\"elementor-widget-container\">\n\t\t\t<h2 class=\"elementor-heading-title elementor-size-default\"><a href=\"https:\/\/wp.me\/a8aYP9-4mT\">Bajar en pdf<\/a><\/h2>\t\t<\/div>\n\t\t\t\t<\/div>\n\t\t\t\t\t<\/div>\n\t\t<\/div>\n\t\t\t\t<div class=\"elementor-column elementor-col-50 elementor-top-column elementor-element elementor-element-69f375f\" data-id=\"69f375f\" data-element_type=\"column\">\n\t\t\t<div class=\"elementor-widget-wrap elementor-element-populated\">\n\t\t\t\t\t\t<div class=\"elementor-element elementor-element-fb3cb17 elementor-widget elementor-widget-heading\" data-id=\"fb3cb17\" data-element_type=\"widget\" data-widget_type=\"heading.default\">\n\t\t\t\t<div class=\"elementor-widget-container\">\n\t\t\t<h2 class=\"elementor-heading-title elementor-size-default\"><a href=\"http:\/\/www.lulu.com\/shop\/jos%C3%A9-mar%C3%ADa-tornay-ruiz\/d%C3%A9cimas-del-alma\/paperback\/product-23037690.html\">Comprar en papel<\/a><\/h2>\t\t<\/div>\n\t\t\t\t<\/div>\n\t\t\t\t\t<\/div>\n\t\t<\/div>\n\t\t\t\t\t<\/div>\n\t\t<\/section>\n\t\t\t\t<section class=\"elementor-section elementor-top-section elementor-element elementor-element-80 elementor-section-boxed elementor-section-height-default elementor-section-height-default\" data-id=\"80\" data-element_type=\"section\">\n\t\t\t\t\t\t<div class=\"elementor-container elementor-column-gap-default\">\n\t\t\t\t\t<div class=\"elementor-column elementor-col-100 elementor-top-column elementor-element elementor-element-2a5e\" data-id=\"2a5e\" data-element_type=\"column\">\n\t\t\t<div class=\"elementor-widget-wrap elementor-element-populated\">\n\t\t\t\t\t\t<div class=\"elementor-element elementor-element-4841 elementor-widget elementor-widget-text-editor\" data-id=\"4841\" data-element_type=\"widget\" data-widget_type=\"text-editor.default\">\n\t\t\t\t<div class=\"elementor-widget-container\">\n\t\t\t<style>\/*! elementor - v3.20.0 - 20-03-2024 *\/\n.elementor-widget-text-editor.elementor-drop-cap-view-stacked .elementor-drop-cap{background-color:#69727d;color:#fff}.elementor-widget-text-editor.elementor-drop-cap-view-framed .elementor-drop-cap{color:#69727d;border:3px solid;background-color:transparent}.elementor-widget-text-editor:not(.elementor-drop-cap-view-default) .elementor-drop-cap{margin-top:8px}.elementor-widget-text-editor:not(.elementor-drop-cap-view-default) .elementor-drop-cap-letter{width:1em;height:1em}.elementor-widget-text-editor .elementor-drop-cap{float:left;text-align:center;line-height:1;font-size:50px}.elementor-widget-text-editor .elementor-drop-cap-letter{display:inline-block}<\/style>\t\t\t\t<div class=\"art-content-layout\">\n    <div class=\"art-content-layout-row\">\n    <div class=\"art-layout-cell\" style=\"width: 25%\" >\n        <p style=\"text-align: center;\"><img decoding=\"async\" width=\"167\" height=\"79\" alt=\"\" class=\"art-lightbox\" src=\"http:\/\/www.josemariatornay.com\/wp-content\/uploads\/2016\/11\/imagendecimasdelalma.jpg\"><br><\/p>\n    <\/div><div class=\"art-layout-cell\" style=\"width: 75%\" >\n        <span style=\"font-size: 20px;\"><br>D\u00e9cimas del alma<\/span><br>Hay una predilecci\u00f3n especial en los ronde\u00f1os por la d\u00e9cima. Tal vez porque su f\u00f3rmula final fue fijada por uno de los nuestros, Vicente Espinel. Lo cierto es que se trata de una estrofa que permite decir con muy pocas palabras pensamientos completos, redondos y rotundos. Por esa raz\u00f3n ando yo aqu\u00ed enfrascado en componer el puzzle, a veces diab\u00f3lico, en que se convierte la puesta en orden y raz\u00f3n de sus versos. Todas son del a\u00f1o 2016..\n    <\/div>\n    <\/div>\n<\/div>\n<div class=\"art-content-layout\">\n    <div class=\"art-content-layout-row\">\n    <div class=\"art-layout-cell\" style=\"width: 25%\" >\n        <span style=\"font-weight: bold;\">AZAR<\/span><br>Entre la vida y la muerte<br>\u00a1hay tanta cosa escondida!<br>Unas las pone la vida<br>otras las pone la suerte.<br>Y aunque resulte muy fuerte<br>nosotros poco ponemos<br>en el trayecto que hacemos<br>por este incierto camino,<br>y casi siempre el destino<br>no nos da lo que queremos.\n    <\/div><div class=\"art-layout-cell\" style=\"width: 25%\" >\n        <span style=\"font-weight: bold;\">AMAR<\/span><br>En sus brazos me abandono<br>como el agua en la corriente;<br>con el fuego de su frente<br>humildemente razono<br>y si falta la perdono,<br>aunque no pueda olvidar,<br>ni siquiera recordar<br>lo que di por olvidado<br>por haberlo recordado.<br>\u00bfEsto es lo mismo que amar?\n    <\/div><div class=\"art-layout-cell\" style=\"width: 25%\" >\n        <span style=\"font-weight: bold;\">VALOR Y PRECIO<\/span><br>Por qu\u00e9 ser\u00e1 que los necios<br>sin que se pueda evitar,<br>ni poderlo remediar<br>confunden valor y precio?<br>Ese profundo desprecio<br>del memo por la raz\u00f3n<br>entristece el coraz\u00f3n<br>y deja el alma rendida:<br>quien usa as\u00ed la medida<br>es tonto sin soluci\u00f3n.\n    <\/div><div class=\"art-layout-cell\" style=\"width: 25%\" >\n        <span style=\"font-weight: bold;\">VERDADES<\/span><br>Hay verdades tan molestas<br>como obsesiones que duelen<br>y preguntas que no suelen<br>encontrar nunca respuestas.<br>Estas heridas funestas<br>dejan al ser muy herido,<br>muy doblegado y vencido,<br>pues su esencia es recurrente<br>y vuelven al inconsciente<br>de donde hab\u00edan salido.\n    <\/div>\n    <\/div>\n<\/div>\n<div class=\"art-content-layout\">\n    <div class=\"art-content-layout-row\">\n    <div class=\"art-layout-cell\" style=\"width: 25%\" >\n        <br><span style=\"font-weight: bold;\">EL ALBA<\/span><br>El alba empujando viene<br>en busca de la ma\u00f1ana<br>y en la escarcha m\u00e1s temprana<br>a mirarse se entretiene.<br>La ma\u00f1ana se sostiene<br>sobre la tarde cansada<br>y levemente a\u00f1orada<br>en su verdad huidiza,<br>y la tarde se desliza<br>hacia el filo de la nada.\n    <\/div><div class=\"art-layout-cell\" style=\"width: 25%\" >\n        <br><span style=\"font-weight: bold;\">MONOTON\u00cdA<\/span><br>La dulce monoton\u00eda<br>que resuma de la fuente<br>se precipita hasta el puente<br>en la tibieza del d\u00eda.<br>La tibia melancol\u00eda,<br>que en el aire se refleja,<br>un sopor de siesta deja,<br>entre el verdor de la hiedra,<br>en esa calle de piedra,<br>de piedra desnuda y vieja.\n    <\/div><div class=\"art-layout-cell\" style=\"width: 25%\" >\n        <br><span style=\"font-weight: bold;\">EL SOL<\/span><br>El Sol sube la escalera<br>incandescente del cielo<br>y en el brillo de su vuelo<br>enciende la primavera.<br>Esa voluntad primera,<br>en su eterna efervescencia<br>va repartiendo su esencia<br>con vocaci\u00f3n generosa,<br>y en su verdad luminosa<br>se acuna nuestra existencia.\n    <\/div><div class=\"art-layout-cell\" style=\"width: 25%\" >\n        <br><span style=\"font-weight: bold;\">MISTERIO<\/span><br>\u00bfHay misterio o no hay misterio?<br>\u00bfEs todo vulgaridad<br>o es acaso la verdad<br>solamente un tema serio?<br>\u00bfHay paz en el cementerio<br>o tal vez quepa esperar<br>sorpresas al terminar<br>el tr\u00e1nsito de esta vida?<br>Nunca hay que dar por perdida<br>la intervenci\u00f3n del azar.\n    <\/div>\n    <\/div>\n<\/div>\n<div class=\"art-content-layout\">\n    <div class=\"art-content-layout-row\">\n    <div class=\"art-layout-cell\" style=\"width: 25%\" >\n        <br><span style=\"font-weight: bold;\">ENAMORADOS<\/span><br>Anda sin ver lo que mira<br>esa ni\u00f1a enamorada,<br>que tiene la piel dorada<br>y mientras habla suspira.<br>Su cabeza gira y gira<br>sobre un solo pensamiento<br>y no descansa un momento<br>de figurarse a su amado<br>igualmente enamorado,<br>con su mismo sentimiento.\n    <\/div><div class=\"art-layout-cell\" style=\"width: 25%\" >\n        <br><span style=\"font-weight: bold;\">MALESTAR<\/span><br>Humano es llenar la vida<br>y el malestar es humano,<br>duro el traj\u00edn cotidiano<br>y es muy dura esta partida.<br>Unos hallan la salida,<br>en una cuenta corriente<br>o en dominar a la gente<br>o se aferran a las dos;<br>otros adoran a Dios,<br>pero Dios no es suficiente.\n    <\/div><div class=\"art-layout-cell\" style=\"width: 25%\" >\n        <br><span style=\"font-weight: bold;\">COSAS DE LA VID<\/span>A<br>A veces ando y me quedo<br>o me detengo y lo alcanzo,<br>otras, sin querer me lanzo<br>y cuando quiero no puedo.<br>Algunas veces el miedo<br>me hace ganar la partida<br>y cuando el miedo me olvida<br>no puedo hallar el camino:<br>iron\u00edas del destino,<br>o bien, cosas de la vida.\n    <\/div><div class=\"art-layout-cell\" style=\"width: 25%\" >\n        <br><span style=\"font-weight: bold;\">SINRAZ\u00d3N<\/span><br>En esta comedia humana,<br>d\u00e9jame que te recuerde,<br>a veces gana el que pierde<br>y otras el que pierde gana.<br>Hay veces que una manzana<br>puede ser un gran manjar<br>y otras te puede asquear<br>hasta un plato de jam\u00f3n,<br>cosas de la sinraz\u00f3n,<br>imposibles de juzgar.\n    <\/div>\n    <\/div>\n<\/div>\n<div class=\"art-content-layout\">\n    <div class=\"art-content-layout-row\">\n    <div class=\"art-layout-cell\" style=\"width: 25%\" >\n        <br><span style=\"font-weight: bold;\">REDES SOCIALES<\/span><br>Los instintos animales<br>florecen como amapolas<br>en las crestas de las olas<br>de nuestras redes sociales,<br>esos mares actuales<br>llenos de flores y lodo<br>y todo revuelto, todo,<br>penetra imprudentemente<br>en las testas inconscientes<br>de cualquier manera y modo.\n    <\/div><div class=\"art-layout-cell\" style=\"width: 25%\" >\n        <br><span style=\"font-weight: bold;\">LUNA<\/span><br>Esa luna que se escapa<br>por detr\u00e1s de aquel lucero<br>es la luna que yo quiero,<br>lejana, sonriente y guapa.<br>Esa luna pinta el mapa<br>de mis propias emociones<br>y azuzando mis pasiones<br>eternamente me mira<br>y enamorada suspira<br>apoyada en sus balcones.\n    <\/div><div class=\"art-layout-cell\" style=\"width: 25%\" >\n        <br><span style=\"font-weight: bold;\">EL VENDEDOR<\/span><br>Ayer me encontr\u00e9 en la calle<br>al vendedor de ilusiones<br>y me cant\u00f3 dos canciones,<br>f\u00edjese usted, que detalle.<br>Y dondequiera que me halle<br>me acompa\u00f1a su armon\u00eda,<br>una dulce fantas\u00eda<br>que habla de paz y de amor<br>y de ese dulce sopor<br>que destila la utop\u00eda.\n    <\/div><div class=\"art-layout-cell\" style=\"width: 25%\" >\n        <br><span style=\"font-weight: bold;\">LA CHICA<\/span><br>Ocupada en sus asuntos<br>la chica pasa de todo,<br>a su forma y a su modo,<br>de la vida y sus trasuntos.<br>Nadie le pone los puntos<br>sobre las \u00edes que olvida<br>en su carrera, vencida<br>por el glamour del momento,<br>y tan solo un pensamiento<br>en su cabeza dormida.\n    <\/div>\n    <\/div>\n<\/div>\n<div class=\"art-content-layout\">\n    <div class=\"art-content-layout-row\">\n    <div class=\"art-layout-cell\" style=\"width: 25%\" >\n        <span style=\"font-weight: bold;\"><br>DESCANSO<\/span><br>Cuando el alma se retira<br>a la zona de descanso,<br>un sosiego dulce y manso<br>en el aire se respira.<br>Dulce calma que no aspira<br>a ganar ninguna guerra,<br>sino a perderse en la sierra,<br>en la paz de las monta\u00f1as<br>y a fundirse en las entra\u00f1as<br>entra\u00f1ables de la Tierra.\n    <\/div><div class=\"art-layout-cell\" style=\"width: 25%\" >\n        <span style=\"font-weight: bold;\"><br>LA NADA<\/span><br>Es preciso trascender,<br>saltar con \u00e1gil zancada<br>por encima de la nada,<br>que nos cerca por doquier.<br>Infatigable correr<br>en busca de lo imposible,<br>y los hilos invisibles<br>de una quimera escalar<br>para poder escapar<br>de los miedos invencibles.\n    <\/div><div class=\"art-layout-cell\" style=\"width: 25%\" >\n        <br><span style=\"font-weight: bold;\">LA MIRADA<\/span><br>Con paciencia de alfarero<br>forja el mundo la mirada,<br>tejiendo sobre la nada<br>su tinglado verdadero.<br>Lanza al aire su sombrero<br>cuando funda un escenario<br>con su pincel visionario<br>en su amada soledad,<br>que no es nunca la verdad<br>ni tampoco lo contrario.\n    <\/div><div class=\"art-layout-cell\" style=\"width: 25%\" >\n        <br><span style=\"font-weight: bold;\">LA DIOSA DEL CALENDARIO<\/span><br>Con su sonrisa de luna<br>dando luz que reconforta,<br>y su breve falda corta<br>sobre su piel de aceituna,<br>hermosa como ninguna,<br>va reinando cual bandera<br>con aire de primavera,<br>la chica del calendario,<br>la diosa del santuario<br>del amor y de la acera.\n    <\/div>\n    <\/div>\n<\/div>\n<div class=\"art-content-layout\">\n    <div class=\"art-content-layout-row\">\n    <div class=\"art-layout-cell\" style=\"width: 25%\" >\n        <br><span style=\"font-weight: bold;\">EL M\u00d3VIL<\/span><br>Con el m\u00f3vil en la oreja<br>pasa sin notar las cosas<br>ni el perfume de las rosas.<br>Solo el rictus de sus cejas<br>se\u00f1ala una duda vieja<br>en el alma adormecida,<br>m\u00e1s que tocada, vencida<br>por la soledad suprema,<br>que no cabe en un poema,<br>que impide sentir la vida.<span style=\"font-weight: bold;\"><br><\/span>\n    <\/div><div class=\"art-layout-cell\" style=\"width: 25%\" >\n        <br><span style=\"font-weight: bold;\">PRIMERO<\/span><br>Yo no quiero ser primero,<br>yo prefiero ser segundo,<br>pues las envidias del mundo<br>no van contra el escudero.<br>Ni al segundo ni al tercero<br>se le clavan aguijones<br>por parte de los gorrones<br>envidiosos resentidos,<br>pertinaces pervertidos,<br>que pueblan los corazones.\n    <\/div><div class=\"art-layout-cell\" style=\"width: 25%\" >\n        <span style=\"font-weight: bold;\"><br>LOS VIENTOS<\/span><br>Contradictorios alientos<br>como los seres humanos<br>soberbios, leves, ufanos,<br>d\u00f3ciles y violentos.<br>Trastocan los pensamientos<br>y aceleran las pulsiones,<br>desbordan las emociones<br>y atacan por cualquier lado;<br>con su espada en el costado<br>rolan y rolan los vientos.\n    <\/div><div class=\"art-layout-cell\" style=\"width: 25%\" >\n        <br><span style=\"font-weight: bold;\">LA LOCA<\/span><br>La mirada adolescente,<br>vacilante y descarriada,<br>coqueta en su piel ajada,<br>vanidad delicuescente.<br>Nadando a contracorriente,<br>por las aceras camina,<br>vulnerable, femenina,<br>su ni\u00f1ez, su adolescencia<br>camino de la inconsciencia,<br>que ni siquiera imagina.\n    <\/div>\n    <\/div>\n<\/div>\n<div class=\"art-content-layout\">\n    <div class=\"art-content-layout-row\">\n    <div class=\"art-layout-cell\" style=\"width: 25%\" >\n        <br><span style=\"font-weight: bold;\">LA FUENTE<\/span><br>Ya se ha secado la fuente<br>que aliviaba al caminante,<br>ese poeta ambulante<br>prisionero del presente.<br>Ya se apag\u00f3 la corriente<br>de su pecho desbordado,<br>agua que sabe a pasado,<br>a soledades y olvido,<br>tristeza de lo perdido,<br>que endulza lo recordado.\n    <\/div><div class=\"art-layout-cell\" style=\"width: 25%\" >\n        <br><span style=\"font-weight: bold;\">AGUA<\/span><br>En la gota de cristal,<br>ese universo cerrado,<br>late un mundo clausurado,<br>inh\u00f3spito y personal.<br>Su destino habitual<br>es fundirse en la corriente<br>o, tal vez, probablemente,<br>esfumarse en el sendero,<br>alivio leve, ligero<br>del sediento caminante.\n    <\/div><div class=\"art-layout-cell\" style=\"width: 25%\" >\n        <br><span style=\"font-weight: bold;\">CRECIDA<\/span><br>Ha crecido la crecida<br>saltando el vado del puente,<br>agitando la corriente<br>desde hace tiempo dormida.<br>La otrora mansa avenida<br>se ha vuelto cascada fiera,<br>desbordando la frontera<br>limosa y quieta del r\u00edo.<br>Sobre el caballo sombr\u00edo<br>vuelan barcos de madera.\n    <\/div><div class=\"art-layout-cell\" style=\"width: 25%\" >\n        <br><span style=\"font-weight: bold;\">PENITENTE<\/span><br>Pasa negro el penitente,<br>pasi\u00f3n en cruz desatada,<br>religi\u00f3n almidonada<br>coron\u00e1ndole la frente.<br>Pasa grave y lentamente<br>delante de sus hermanos,<br>orgullo de los cristianos<br>va sembrando su figura<br>de inocente criatura<br>de los linajes humanos.\n    <\/div>\n    <\/div>\n<\/div>\n<div class=\"art-content-layout\">\n    <div class=\"art-content-layout-row\">\n    <div class=\"art-layout-cell\" style=\"width: 25%\" >\n        <br><span style=\"font-weight: bold;\">CAMPANA<\/span><br>Desde la torre se avienta<br>el grito de la campana<br>en la nubosa ma\u00f1ana<br>de la ciudad somnolienta.<br>En su lamento lamenta<br>la conclusi\u00f3n del camino<br>de alg\u00fan humilde vecino,<br>que acab\u00f3 por claudicar<br>en la guerra por salvar<br>su ineludible destino.\n    <\/div><div class=\"art-layout-cell\" style=\"width: 25%\" >\n        <br><span style=\"font-weight: bold;\">RADIANTE MA\u00d1ANA<\/span><br>En la radiante ma\u00f1ana<br>un Sol ciego y cegador<br>se cuela por la ventana<br>inundando el comedor.<br>Con su vigoroso amor<br>y su pasi\u00f3n desmedida<br>anda pre\u00f1ando de vida<br>el vientre de las sonrisas,<br>\u00a1ay, detr\u00e1s de las cornisas<br>la sombra sigue dormida!\n    <\/div><div class=\"art-layout-cell\" style=\"width: 25%\" >\n        <br><span style=\"font-weight: bold;\">RICTUS<\/span><br>En el rostro del espejo<br>la chica mide y compara<br>las colinas de su cara<br>en el silente reflejo<br>y desde el rictus perplejo<br>empieza a manar la herida<br>de la autoestima perdida,<br>olvidada en los rincones<br>de las negras estaciones<br>por donde pasa la vida.\n    <\/div><div class=\"art-layout-cell\" style=\"width: 25%\" >\n        <br><span style=\"font-weight: bold;\">ELLA<\/span><br>Ella se aferra a la vida,<br>dolorosamente fuerte,<br>y aunque no teme a la muerte,<br>de la muerte no se olvida.<br>Nunca es f\u00e1cil la salida,<br>(\u00a1le cuesta tanto partir!)<br>(\u00bfAcaso es f\u00e1cil morir?<br>\u00bfAcaso es f\u00e1cil perderse,<br>fundirse, desvanecerse<br>en el negro porvenir?<br>\n    <\/div>\n    <\/div>\n<\/div>\n<div class=\"art-content-layout\">\n    <div class=\"art-content-layout-row\">\n    <div class=\"art-layout-cell\" style=\"width: 25%\" >\n        <br><span style=\"font-weight: bold;\">SABER<\/span><br>Dentro de mi arquitectura<br>hay proyectos terminados,<br>pocos; alguno olvidado,<br>y, en general, en la oscura<br>construcci\u00f3n de mi aventura,<br>hay mucho m\u00e1s por hacer<br>y tanto que conocer,<br>que me cabe la sospecha<br>si quedar\u00e1 satisfecha<br>mi voluntad de saber.<br>\n    <\/div><div class=\"art-layout-cell\" style=\"width: 25%\" >\n        <br><span style=\"font-weight: bold;\">EL TREN<\/span><br>El tren sube con prudencia<br>por la cuesta, lentamente,<br>haciendo temblar el puente<br>con su ruidosa presencia.<br>Sierpe de hierro y de ciencia<br>gateando con torpeza<br>entre la arisca maleza<br>y el verde del encinar,<br>mientras la mira pasar<br>la augusta naturaleza.<br>\n    <\/div><div class=\"art-layout-cell\" style=\"width: 25%\" >\n        <br><span style=\"font-weight: bold;\">INERTES<\/span><br>Ya vuela el grajo fan\u00e1tico<br>augurando convulsiones,<br>alentando agitaciones<br>contra el viento democr\u00e1tico.<br>\u00a1Ay, pobres seres dogm\u00e1ticos,<br>inertes caricaturas<br>metidas en armaduras<br>de duro hierro oxidado,<br>sitiadas en el pasado,<br>sin llaves ni cerraduras.<br>\n    <\/div><div class=\"art-layout-cell\" style=\"width: 25%\" >\n        <br><span style=\"font-weight: bold;\">LA NOTA DORMIDA<\/span><br>Duerme la nota afligida<br>en el vientre del piano,<br>a la espera de una mano,<br>que la despierte a la vida.<br>En su m\u00fasica dormida,<br>con dulzura de canci\u00f3n,<br>abrigado en un rinc\u00f3n,<br>late el misterio sin nombre,<br>que aviva el alma del hombre<br>y mueve su coraz\u00f3n.<br>\n    <\/div>\n    <\/div>\n<\/div>\n<div class=\"art-content-layout\">\n    <div class=\"art-content-layout-row\">\n    <div class=\"art-layout-cell\" style=\"width: 25%\" >\n        <br><span style=\"font-weight: bold;\">EL SOL<\/span><br>El Sol se ha puesto temprano,<br>m\u00e1s temprano que otras veces,<br>\u00bfhabr\u00e1 escuchado las preces<br>del inocente cristiano?<br>Lentamente, mano a mano,<br>el mundo sigue girando,<br>ajeno a Dios, sigue andando<br>por los celestes caminos;<br>ni los dioses ni el destino<br>saben que sigo so\u00f1ando.<br>\n    <\/div><div class=\"art-layout-cell\" style=\"width: 25%\" >\n        <br><span style=\"font-weight: bold;\">EL INFIERNO<\/span><br>El camino del infierno<br>merece todo mi amor,<br>sea fugaz, sea eterno,<br>es el camino mejor.<br>Puesto que en todo hay dolor,<br>y aunque la gloria me halaga,<br>tanto deleite empalaga<br>y yo prefiero vivir<br>con el diablo y sufrir<br>con aquello que me embriaga.<br>\n    <\/div><div class=\"art-layout-cell\" style=\"width: 25%\" >\n        <br><span style=\"font-weight: bold;\">LA OCASI\u00d3N<\/span><br>C\u00f3gelo, no te demores<br>si aparece la ocasi\u00f3n,<br>dale toda tu atenci\u00f3n,<br>no solo te hablo de amores.<br>Deja fuera tus temores<br>y mientras vas caminando,<br>l\u00e1nzate al ruedo pensando,<br>nunca lo olvides, hermano:<br>m\u00e1s vale p\u00e1jaro en mano,<br>que cien p\u00e1jaros volando.<br>\n    <\/div><div class=\"art-layout-cell\" style=\"width: 25%\" >\n        <br><span style=\"font-weight: bold;\">LA PINTAN CALVA<\/span><br>Calva pintan la ocasi\u00f3n,<br>desnuda e insinuante<br>por detr\u00e1s y por delante<br>y deben tener raz\u00f3n.<br>Es una eterna canci\u00f3n,<br>que viene hasta tus o\u00eddos<br>como un murmullo perdido<br>que est\u00e1 sonando a lo lejos;<br>un acorde sabio y viejo,<br>que lanzamos al olvido.<br>\n    <\/div>\n    <\/div>\n<\/div>\n\t\t\t\t\t\t<\/div>\n\t\t\t\t<\/div>\n\t\t\t\t\t<\/div>\n\t\t<\/div>\n\t\t\t\t\t<\/div>\n\t\t<\/section>\n\t\t\t\t<\/div>\n\t\t","protected":false},"excerpt":{"rendered":"<p>D\u00c9CIMAS DEL ALMA Bajar en pdf Comprar en papel D\u00e9cimas del almaHay una predilecci\u00f3n especial en los ronde\u00f1os por la d\u00e9cima. Tal vez porque su f\u00f3rmula final fue fijada por uno de los nuestros, Vicente Espinel. Lo cierto es que se trata de una estrofa que permite decir con muy pocas palabras pensamientos completos, redondos [&hellip;]<\/p>\n","protected":false},"author":1,"featured_media":0,"parent":0,"menu_order":26,"comment_status":"closed","ping_status":"closed","template":"","meta":{"_aioseop_title":"","_aioseop_description":"","ngg_post_thumbnail":0,"footnotes":""},"_links":{"self":[{"href":"http:\/\/www.josemariatornay.com\/index.php\/wp-json\/wp\/v2\/pages\/5377"}],"collection":[{"href":"http:\/\/www.josemariatornay.com\/index.php\/wp-json\/wp\/v2\/pages"}],"about":[{"href":"http:\/\/www.josemariatornay.com\/index.php\/wp-json\/wp\/v2\/types\/page"}],"author":[{"embeddable":true,"href":"http:\/\/www.josemariatornay.com\/index.php\/wp-json\/wp\/v2\/users\/1"}],"replies":[{"embeddable":true,"href":"http:\/\/www.josemariatornay.com\/index.php\/wp-json\/wp\/v2\/comments?post=5377"}],"version-history":[{"count":0,"href":"http:\/\/www.josemariatornay.com\/index.php\/wp-json\/wp\/v2\/pages\/5377\/revisions"}],"wp:attachment":[{"href":"http:\/\/www.josemariatornay.com\/index.php\/wp-json\/wp\/v2\/media?parent=5377"}],"curies":[{"name":"wp","href":"https:\/\/api.w.org\/{rel}","templated":true}]}}