{"id":5380,"date":"2016-11-21T22:24:04","date_gmt":"2016-11-21T21:24:04","guid":{"rendered":"http:\/\/www.josemariatornay.com\/index.php\/mi-musica\/serrat-en-el-corazon\/"},"modified":"2024-03-24T19:39:03","modified_gmt":"2024-03-24T18:39:03","slug":"serrat-en-el-corazon","status":"publish","type":"page","link":"http:\/\/www.josemariatornay.com\/index.php\/mi-musica\/serrat-en-el-corazon\/","title":{"rendered":"Serrat en el coraz\u00f3n"},"content":{"rendered":"\t\t<div data-elementor-type=\"wp-post\" data-elementor-id=\"5380\" class=\"elementor elementor-5380\">\n\t\t\t\t<div class=\"elementor-element elementor-element-522739e e-flex e-con-boxed e-con e-parent\" data-id=\"522739e\" data-element_type=\"container\" data-core-v316-plus=\"true\">\n\t\t\t\t\t<div class=\"e-con-inner\">\n\t\t\t\t<div class=\"elementor-element elementor-element-4ea3c0e elementor-widget elementor-widget-heading\" data-id=\"4ea3c0e\" data-element_type=\"widget\" data-widget_type=\"heading.default\">\n\t\t\t\t<div class=\"elementor-widget-container\">\n\t\t\t<style>\/*! elementor - v3.20.0 - 20-03-2024 *\/\n.elementor-heading-title{padding:0;margin:0;line-height:1}.elementor-widget-heading .elementor-heading-title[class*=elementor-size-]>a{color:inherit;font-size:inherit;line-height:inherit}.elementor-widget-heading .elementor-heading-title.elementor-size-small{font-size:15px}.elementor-widget-heading .elementor-heading-title.elementor-size-medium{font-size:19px}.elementor-widget-heading .elementor-heading-title.elementor-size-large{font-size:29px}.elementor-widget-heading .elementor-heading-title.elementor-size-xl{font-size:39px}.elementor-widget-heading .elementor-heading-title.elementor-size-xxl{font-size:59px}<\/style><h2 class=\"elementor-heading-title elementor-size-default\">Las 12 canciones pueden escucharse en youtube. Est\u00e1n agrupadas bajo el t\u00edtulo SERRAT EN EL CORAZ\u00d3N<\/h2>\t\t<\/div>\n\t\t\t\t<\/div>\n\t\t\t\t\t<\/div>\n\t\t\t\t<\/div>\n\t\t\t\t<section class=\"elementor-section elementor-top-section elementor-element elementor-element-f54kfl6 elementor-section-boxed elementor-section-height-default elementor-section-height-default\" data-id=\"f54kfl6\" data-element_type=\"section\">\n\t\t\t\t\t\t<div class=\"elementor-container elementor-column-gap-default\">\n\t\t\t\t\t<div class=\"elementor-column elementor-col-100 elementor-top-column elementor-element elementor-element-slcdm39\" data-id=\"slcdm39\" data-element_type=\"column\">\n\t\t\t<div class=\"elementor-widget-wrap elementor-element-populated\">\n\t\t\t\t\t\t<div class=\"elementor-element elementor-element-df4cn2t elementor-widget elementor-widget-text-editor\" data-id=\"df4cn2t\" data-element_type=\"widget\" data-widget_type=\"text-editor.default\">\n\t\t\t\t<div class=\"elementor-widget-container\">\n\t\t\t<style>\/*! elementor - v3.20.0 - 20-03-2024 *\/\n.elementor-widget-text-editor.elementor-drop-cap-view-stacked .elementor-drop-cap{background-color:#69727d;color:#fff}.elementor-widget-text-editor.elementor-drop-cap-view-framed .elementor-drop-cap{color:#69727d;border:3px solid;background-color:transparent}.elementor-widget-text-editor:not(.elementor-drop-cap-view-default) .elementor-drop-cap{margin-top:8px}.elementor-widget-text-editor:not(.elementor-drop-cap-view-default) .elementor-drop-cap-letter{width:1em;height:1em}.elementor-widget-text-editor .elementor-drop-cap{float:left;text-align:center;line-height:1;font-size:50px}.elementor-widget-text-editor .elementor-drop-cap-letter{display:inline-block}<\/style>\t\t\t\t<p>Este es el primer disco que he conseguido grabar. Las nuevas tecnolog\u00edas facilitan mucho una tarea que, no obstante, es laboriosa y complicada si se quiere lograr un sonido medianamente aceptable. Est\u00e1 dedicado a mis amigos, aqu\u00e9llos con los que, tantas veces y durante tanto tiempo, compart\u00ed estas y otras maravillosas canciones (motivos para la alegr\u00eda y la amistad). Para empezar, he elegido a Serrat. Espero que sigan otros. Aqu\u00ed tienes todas las canciones en mp3. Fue en la Navidad de 2006.<\/p>\t\t\t\t\t\t<\/div>\n\t\t\t\t<\/div>\n\t\t\t\t\t<\/div>\n\t\t<\/div>\n\t\t\t\t\t<\/div>\n\t\t<\/section>\n\t\t\t\t<section class=\"elementor-section elementor-top-section elementor-element elementor-element-1pl0fxw elementor-section-boxed elementor-section-height-default elementor-section-height-default\" data-id=\"1pl0fxw\" data-element_type=\"section\">\n\t\t\t\t\t\t<div class=\"elementor-container elementor-column-gap-default\">\n\t\t\t\t\t<div class=\"elementor-column elementor-col-50 elementor-top-column elementor-element elementor-element-ipiwr5e\" data-id=\"ipiwr5e\" data-element_type=\"column\">\n\t\t\t<div class=\"elementor-widget-wrap elementor-element-populated\">\n\t\t\t\t\t\t<div class=\"elementor-element elementor-element-6jyaol6 elementor-widget elementor-widget-image\" data-id=\"6jyaol6\" data-element_type=\"widget\" data-widget_type=\"image.default\">\n\t\t\t\t<div class=\"elementor-widget-container\">\n\t\t\t<style>\/*! elementor - v3.20.0 - 20-03-2024 *\/\n.elementor-widget-image{text-align:center}.elementor-widget-image a{display:inline-block}.elementor-widget-image a img[src$=\".svg\"]{width:48px}.elementor-widget-image img{vertical-align:middle;display:inline-block}<\/style>\t\t\t\t\t\t\t\t\t\t<img fetchpriority=\"high\" decoding=\"async\" width=\"325\" height=\"323\" src=\"http:\/\/www.josemariatornay.com\/wp-content\/uploads\/2016\/11\/Serrat-large.jpg\" class=\"attachment-medium_large size-medium_large wp-image-5196\" alt=\"\" srcset=\"http:\/\/www.josemariatornay.com\/wp-content\/uploads\/2016\/11\/Serrat-large.jpg 325w, http:\/\/www.josemariatornay.com\/wp-content\/uploads\/2016\/11\/Serrat-large-150x150.jpg 150w, http:\/\/www.josemariatornay.com\/wp-content\/uploads\/2016\/11\/Serrat-large-300x298.jpg 300w\" sizes=\"(max-width: 325px) 100vw, 325px\" \/>\t\t\t\t\t\t\t\t\t\t\t\t\t<\/div>\n\t\t\t\t<\/div>\n\t\t\t\t\t<\/div>\n\t\t<\/div>\n\t\t\t\t<div class=\"elementor-column elementor-col-50 elementor-top-column elementor-element elementor-element-pj8fkyp\" data-id=\"pj8fkyp\" data-element_type=\"column\">\n\t\t\t<div class=\"elementor-widget-wrap elementor-element-populated\">\n\t\t\t\t\t\t<div class=\"elementor-element elementor-element-fp7aee2 elementor-widget elementor-widget-image\" data-id=\"fp7aee2\" data-element_type=\"widget\" data-widget_type=\"image.default\">\n\t\t\t\t<div class=\"elementor-widget-container\">\n\t\t\t\t\t\t\t\t\t\t\t\t\t<img decoding=\"async\" src=\"http:\/\/www.josemariatornay.com\/wp-content\/uploads\/elementor\/thumbs\/contraportada-oprac5tls2wf9933dthcz191drp3onlyrffihjm3qc.jpg\" title=\"contraportada\" alt=\"contraportada\" loading=\"lazy\" \/>\t\t\t\t\t\t\t\t\t\t\t\t\t<\/div>\n\t\t\t\t<\/div>\n\t\t\t\t\t<\/div>\n\t\t<\/div>\n\t\t\t\t\t<\/div>\n\t\t<\/section>\n\t\t\t\t<section class=\"elementor-section elementor-top-section elementor-element elementor-element-084184b elementor-section-boxed elementor-section-height-default elementor-section-height-default\" data-id=\"084184b\" data-element_type=\"section\">\n\t\t\t\t\t\t<div class=\"elementor-container elementor-column-gap-default\">\n\t\t\t\t\t<div class=\"elementor-column elementor-col-100 elementor-top-column elementor-element elementor-element-d6fdd1a\" data-id=\"d6fdd1a\" data-element_type=\"column\">\n\t\t\t<div class=\"elementor-widget-wrap elementor-element-populated\">\n\t\t\t\t\t\t<div class=\"elementor-element elementor-element-6fb18d8 elementor-widget elementor-widget-text-editor\" data-id=\"6fb18d8\" data-element_type=\"widget\" data-widget_type=\"text-editor.default\">\n\t\t\t\t<div class=\"elementor-widget-container\">\n\t\t\t\t\t\t\t<p>A mi hijo no le gusta que cuelgue aqu\u00ed estas canciones. Fueron grabadas bajo su direcci\u00f3n t\u00e9cnica de una forma muy precaria, sin apenas medios. \u00c9l sabe que hoy sonar\u00edan de otra forma; es decir, mucho mejor. Pero las mantengo porque son un documento sonoro que debo conservar. Creo. Con ellas felicit\u00e9 a mis amigos la Navidad y el A\u00f1o Nuevo.<\/p>\t\t\t\t\t\t<\/div>\n\t\t\t\t<\/div>\n\t\t\t\t\t<\/div>\n\t\t<\/div>\n\t\t\t\t\t<\/div>\n\t\t<\/section>\n\t\t\t\t<\/div>\n\t\t","protected":false},"excerpt":{"rendered":"<p>Las 12 canciones pueden escucharse en youtube. Est\u00e1n agrupadas bajo el t\u00edtulo SERRAT EN EL CORAZ\u00d3N Este es el primer disco que he conseguido grabar. Las nuevas tecnolog\u00edas facilitan mucho una tarea que, no obstante, es laboriosa y complicada si se quiere lograr un sonido medianamente aceptable. Est\u00e1 dedicado a mis amigos, aqu\u00e9llos con los [&hellip;]<\/p>\n","protected":false},"author":1,"featured_media":0,"parent":5378,"menu_order":29,"comment_status":"closed","ping_status":"closed","template":"","meta":{"_aioseop_title":"","_aioseop_description":"","ngg_post_thumbnail":0,"footnotes":""},"_links":{"self":[{"href":"http:\/\/www.josemariatornay.com\/index.php\/wp-json\/wp\/v2\/pages\/5380"}],"collection":[{"href":"http:\/\/www.josemariatornay.com\/index.php\/wp-json\/wp\/v2\/pages"}],"about":[{"href":"http:\/\/www.josemariatornay.com\/index.php\/wp-json\/wp\/v2\/types\/page"}],"author":[{"embeddable":true,"href":"http:\/\/www.josemariatornay.com\/index.php\/wp-json\/wp\/v2\/users\/1"}],"replies":[{"embeddable":true,"href":"http:\/\/www.josemariatornay.com\/index.php\/wp-json\/wp\/v2\/comments?post=5380"}],"version-history":[{"count":6,"href":"http:\/\/www.josemariatornay.com\/index.php\/wp-json\/wp\/v2\/pages\/5380\/revisions"}],"predecessor-version":[{"id":22972,"href":"http:\/\/www.josemariatornay.com\/index.php\/wp-json\/wp\/v2\/pages\/5380\/revisions\/22972"}],"up":[{"embeddable":true,"href":"http:\/\/www.josemariatornay.com\/index.php\/wp-json\/wp\/v2\/pages\/5378"}],"wp:attachment":[{"href":"http:\/\/www.josemariatornay.com\/index.php\/wp-json\/wp\/v2\/media?parent=5380"}],"curies":[{"name":"wp","href":"https:\/\/api.w.org\/{rel}","templated":true}]}}