{"id":5381,"date":"2016-11-21T22:24:05","date_gmt":"2016-11-21T21:24:05","guid":{"rendered":"http:\/\/www.josemariatornay.com\/index.php\/mi-musica\/voces-de-al-arriadh\/"},"modified":"2016-11-21T22:24:05","modified_gmt":"2016-11-21T21:24:05","slug":"voces-de-al-arriadh","status":"publish","type":"page","link":"http:\/\/www.josemariatornay.com\/index.php\/mi-musica\/voces-de-al-arriadh\/","title":{"rendered":"Voces de Al-Arriadh"},"content":{"rendered":"<div class=\"art-content-layout\">\n<div class=\"art-content-layout-row\">\n<div class=\"art-layout-cell\" style=\"width: 50%\" >\n<p style=\"text-align: center;\"><img fetchpriority=\"high\" decoding=\"async\" width=\"405\" height=\"400\" alt=\"\" class=\"art-lightbox\" src=\"http:\/\/www.josemariatornay.com\/wp-content\/uploads\/2016\/11\/presentaciondisco.jpg\">&nbsp;<\/p>\n<\/p><\/div>\n<div class=\"art-layout-cell\" style=\"width: 50%\" >\n        <br \/>&nbsp; Pinchando en los enlaces puedes escuchar o BAJAR las canciones del disco &nbsp;M\u00daSICA &nbsp; &nbsp;PARA POEMAS DE ANDALUCES, del grupo Al-Arriadh, en el que he tenido el honor de participar.<br \/>&nbsp;<br \/>A RONDA&#8230;P. P\u00e9rez-Clotet.<\/p>\n<p>ANOCHE CUANDO DORM\u00cdA&#8230;A. MACHADO<\/p>\n<p>RIMA VII&#8230; G.A.BECQUER<\/p>\n<p>EL LAGARTO EST\u00c1 LLORANDO&#8230;F.GARC\u00cdA LORCA<\/p>\n<p>EL TONTO DE RAFAEL&#8230;R.ALBERTI<\/p>\n<p>LA FLAUTA Y EL ARROYO&#8230;J.R. JIM\u00c9NEZ<\/p>\n<p>LA M\u00c1S BELLA NI\u00d1A&#8230;L. DE G\u00d3NGORA<\/p>\n<p>PROFEC\u00cdA&#8230;R. DE LE\u00d3N<\/p>\n<p>LA SAND\u00cdA&#8230;S. RUEDA<\/p>\n<p>TE QUIERO&#8230;L. CERNUDA<\/p>\n<p>(Todos los poemas han sido musicados por mi amigo y maestro Pablo Jim\u00e9nez Prieto).<\/p><\/div>\n<\/p><\/div>\n<\/div>\n<div class=\"art-content-layout\">\n<div class=\"art-content-layout-row\">\n<div class=\"art-layout-cell\" style=\"width: 100%\" >\n        ESTOS SON LOS COMENTARIOS QUE HICE PARA EL LIBRETO DEL DISCO<\/p>\n<p>LA M\u00c1S BELLA NI\u00d1A (Luis de G\u00f3ngora y Argote)<br \/>Este cordob\u00e9s, barroco y universal, que vivi\u00f3 entre los siglos XVI y XVII tiene dos etapas bien diferenciadas en su poes\u00eda: una tradicional, sencilla y popular y otra, oscura, dif\u00edcil y personal. A la primera de esas etapas pertenece este delicioso romance, que tiene la peculiaridad de que incorpora un estribillo. Sin duda, se trata de la obra maestra dentro del grupo de sus llamados romances l\u00edricos. En \u00e9l se aprecian las caracter\u00edsticas del g\u00e9nero: sentimiento, ternura y lenguaje popular.<\/p>\n<p>RIMA VII (Gustavo Adolfo B\u00e9cquer)<br \/>B\u00e9cquer es un rom\u00e1ntico tard\u00edo, que vivi\u00f3 en el siglo XIX. Sevillano y sensible, se enfrent\u00f3 a todos los g\u00e9neros literarios: teatro, narrativa y poes\u00eda. En esta \u00faltima es donde alcanz\u00f3 la cima de su arte y la que lo ha hecho un poeta universal. Sus Rimas aportan la gran novedad de poner la expresi\u00f3n al servicio del sentimiento. Los versos en ellas son transparentes, desnudos de artificios literarios, llenos de concisi\u00f3n y silencios para ponernos en el sendero de sus obsesiones: la poes\u00eda, el amor, el desenga\u00f1o, la angustia y la muerte. La rima VII pertenece al grupo de las que nos hablan y nos ense\u00f1an qu\u00e9 es la Poes\u00eda, en este caso de la situaci\u00f3n del genio, reflejado en la imagen del arpa olvidada.<\/p>\n<p>LA FLAUTA Y EL ARROYO (Juan Ram\u00f3n Jim\u00e9nez)<br \/>Este poeta andaluz, retra\u00eddo y melanc\u00f3lico, narcisista y enfermizo, nace en el siglo XIX, pero desarrolla su obra en pleno siglo XX. Una obra marcada por la vocaci\u00f3n de alejamiento del mundo, por la b\u00fasqueda del idealismo como norma est\u00e9tica, por el anhelo de encontrar una poes\u00eda pura y descarnada. El poema que aqu\u00ed escuchamos pertenece a la secci\u00f3n La flauta y el arroyo de su poemario La soledad sonora. Se trata de un romance que bebe en fuentes cl\u00e1sicas: Lope de Vega y Quevedo; de ah\u00ed sus reminiscencias barrocas, a las que Juan Ram\u00f3n aporta su acento intimista.<\/p>\n<p>ANOCHE CUANDO DORM\u00cdA (Antonio Machado)<br \/>Antonio Machado, hijo y hermano de poetas, que vivi\u00f3 a caballo de los siglos XIX y XX , representa una de las cumbres de la l\u00edrica espa\u00f1ola , ya en s\u00ed misma cima de la l\u00edrica universal. Su obra es reducida, pero profundamente intensa; imbuida de pensamiento, de reflexi\u00f3n, sin que se note, pese a ello, la ausencia de sentimiento y de la ineludible expresi\u00f3n de los dolores del alma. Su poes\u00eda es clara como el agua y, como ella, inaprensible; en ella hay dificultad, pero no oscuridad. El poema Anoche cuando dorm\u00eda muestra estos matices y expresa el anhelo que el poeta siente de absoluto, de trascendencia.<\/p>\n<p>EL LAGARTO EST\u00c1 LLORANDO (Federico Garc\u00eda Lorca)<br \/>Federico ha conseguido tanta grandeza, que basta su nombre para que sea reconocido en todo el mundo. Fuentevaqueros lo vio nacer en el famoso a\u00f1o de 1898. M\u00fasico apasionado, dramaturgo grande y poeta de doble rostro: vitalidad arrolladora e \u00edntimo malestar. El dolor de vivir, la frustraci\u00f3n, el destino tr\u00e1gico, se mezclan en su obra con la creaci\u00f3n bulliciosa, llena de gracia, incluso juguetona.<br \/>Este poemita, que Lorca dedica a madmoiselle Teresita Guill\u00e9n tocando un piano de siete notas, es una de sus abundantes poes\u00edas para ni\u00f1os que Lorca compuso a lo largo de su breve vida y que muestran su cara m\u00e1s divertida.<\/p>\n<p>TE QUIERO (Luis Cernuda)<br \/>Poeta sevillano, nacido en 1902, en el seno de una familia acomodada, donde fue interiorizando un ambiente de disciplina estricta y de desafecto, que se reflejan en su car\u00e1cter t\u00edmido, introvertido y amante de la soledad. L\u00edrico exquisito, fue encasillado entre los representantes de la \u201cpoes\u00eda pura\u201d. A lo largo de su vida trab\u00f3 amistad con los principales poetas de su generaci\u00f3n: Alberti, Aleixandre, Prados y Garc\u00eda Lorca, entre otros. Exiliado tras la guerra civil, fue profesor de Literatura en Cambridge, Londres, EE.UU. y M\u00e9xico.<br \/>Su poema Te quiero, es una muestra impresionante de su delicadeza y sensibilidad.<\/p>\n<p>A RONDA (Pedro P\u00e9rez Clotet)<br \/>Entre Villaluenga del Rosario y Ronda pase\u00f3 su existencia este ilustre representante de la poes\u00eda pura y profunda, sin andamiaje, sin m\u00e1s ropaje que su propia sustancia. Enamorado de una pureza inasible, P\u00e9rez-Clotet la persegu\u00eda desasi\u00e9ndose de cuanto consider\u00f3 accesorio. La luz y el viento, son, tal vez, los asideros \u00fanicos para su representaci\u00f3n paisaj\u00edstica. Solos, la luz y el viento.<br \/>El poema que aqu\u00ed cantamos est\u00e1 dedicado a su Ronda (No s\u00e9 qu\u00e9 hondo misterio \/ fiel Ronda, en ti me lleva,\/ me duele y me acompa\u00f1a).<\/p>\n<p>EL TONTO DE RAFAEL (Rafael Alberti)<br \/>Tambi\u00e9n andaluz, del Puerto de Santa Mar\u00eda. Nace en 1902, como Cernuda, como P\u00e9rez Clotet. Su poes\u00eda comparte vocaci\u00f3n con la pintura, a la que tambi\u00e9n dedica una peque\u00f1a parte de su talento. Hubo de exiliarse tras la guerra hasta que regresa con la democracia. Lo caracter\u00edstico de su obra es la enorme variedad de temas y estilos. En sus versos se entrecruzan con naturalidad la poes\u00eda pura y la tradicional, lo barroco y lo vanguardista, el humor y la angustia, el juego y la pasi\u00f3n pol\u00edtica<br \/>Este autorretrato burlesco es expresivo del dominio del lenguaje y de la capacidad ir\u00f3nica de este maestro del 27.<\/p>\n<p>LA SAND\u00cdA (Salvador Rueda)<br \/>Este malague\u00f1o modernista, vivi\u00f3 entre los siglos XIX y XX, desarrollando una labor de renovaci\u00f3n po\u00e9tica similar a la que, en Am\u00e9rica realizara Rub\u00e9n Dar\u00edo. Su poes\u00eda est\u00e1 repleta de colorido y de musicalidad, conseguida por medio de nuevos ritmos y originales combinaciones de inusitadas estrofas. Los temas que trata son de una gran variedad, aunque entre ellos destacan los que se refieren al mundo de la naturaleza y la meridional geograf\u00eda andaluza.<br \/>La sand\u00eda refleja a la perfecci\u00f3n el tono general de su obra: brillantez en la expresi\u00f3n r\u00edtmica y sensualidad descriptiva.<\/p>\n<p>PROFEC\u00cdA (Rafael de Le\u00f3n)<br \/>A principios del siglo XX nace este maestro de la l\u00edrica m\u00e1s cercana a la gente; pese a su origen noble, fue con el pueblo y para el pueblo para el que dej\u00f3 lo mejor de su exquisita sensibilidad.<br \/>Nuestra memoria popular est\u00e1 jalonada por sus versos, que aletean en la mejor tradici\u00f3n de nuestra copla: son hitos insuperables Ojos verdes y Tatuaje. Supo como nadie fundir su coraz\u00f3n con el alma popular, a\u00fan a riesgo de perder as\u00ed su propio nombre, haciendo honor a la estrofa de Manuel Machado: Hasta que el pueblo las canta \/ las coplas coplas no son \/ y cuando las canta el pueblo \/ ya nadie sabe su autor.\n    <\/div>\n<\/p><\/div>\n<\/div>\n","protected":false},"excerpt":{"rendered":"<p>&nbsp; &nbsp; Pinchando en los enlaces puedes escuchar o BAJAR las canciones del disco &nbsp;M\u00daSICA &nbsp; &nbsp;PARA POEMAS DE ANDALUCES, del grupo Al-Arriadh, en el que he tenido el honor de participar.&nbsp;A RONDA&#8230;P. P\u00e9rez-Clotet. ANOCHE CUANDO DORM\u00cdA&#8230;A. MACHADO RIMA VII&#8230; G.A.BECQUER EL LAGARTO EST\u00c1 LLORANDO&#8230;F.GARC\u00cdA LORCA EL TONTO DE RAFAEL&#8230;R.ALBERTI LA FLAUTA Y EL ARROYO&#8230;J.R. [&hellip;]<\/p>\n","protected":false},"author":1,"featured_media":0,"parent":5378,"menu_order":30,"comment_status":"closed","ping_status":"closed","template":"","meta":{"_aioseop_title":"","_aioseop_description":"","ngg_post_thumbnail":0,"footnotes":""},"_links":{"self":[{"href":"http:\/\/www.josemariatornay.com\/index.php\/wp-json\/wp\/v2\/pages\/5381"}],"collection":[{"href":"http:\/\/www.josemariatornay.com\/index.php\/wp-json\/wp\/v2\/pages"}],"about":[{"href":"http:\/\/www.josemariatornay.com\/index.php\/wp-json\/wp\/v2\/types\/page"}],"author":[{"embeddable":true,"href":"http:\/\/www.josemariatornay.com\/index.php\/wp-json\/wp\/v2\/users\/1"}],"replies":[{"embeddable":true,"href":"http:\/\/www.josemariatornay.com\/index.php\/wp-json\/wp\/v2\/comments?post=5381"}],"version-history":[{"count":0,"href":"http:\/\/www.josemariatornay.com\/index.php\/wp-json\/wp\/v2\/pages\/5381\/revisions"}],"up":[{"embeddable":true,"href":"http:\/\/www.josemariatornay.com\/index.php\/wp-json\/wp\/v2\/pages\/5378"}],"wp:attachment":[{"href":"http:\/\/www.josemariatornay.com\/index.php\/wp-json\/wp\/v2\/media?parent=5381"}],"curies":[{"name":"wp","href":"https:\/\/api.w.org\/{rel}","templated":true}]}}