{"id":5389,"date":"2016-11-21T22:24:13","date_gmt":"2016-11-21T21:24:13","guid":{"rendered":"http:\/\/www.josemariatornay.com\/index.php\/mi-opinion\/preguntas\/"},"modified":"2016-11-21T22:24:13","modified_gmt":"2016-11-21T21:24:13","slug":"preguntas","status":"publish","type":"page","link":"http:\/\/www.josemariatornay.com\/index.php\/mi-opinion\/preguntas\/","title":{"rendered":"Preguntas"},"content":{"rendered":"<table width=\"778\" border=\"0\" cellspacing=\"0\" cellpadding=\"0\">\n<tbody>\n<tr>\n<td bgcolor=\"#999999\">\n<div align=\"center\">38<\/div>\n<\/td>\n<td colspan=\"8\" bgcolor=\"#CCCCCC\">\n<blockquote>\n<p style=\"color: rgb(128, 0, 0);\"><span class=\"Estilo3\" style=\"color: rgb(0, 0, 0);\">\u00bfPor qu\u00e9 cuando se tienen mejores niveles de vida es cuando m\u00e1s malestar interior atenaza a las criaturas?<\/span><\/p>\n<\/blockquote>\n<\/td>\n<\/tr>\n<tr>\n<td bgcolor=\"#999999\">\n<div align=\"center\">37<\/div>\n<\/td>\n<td colspan=\"8\" bgcolor=\"#FFFFFF\">\n<blockquote>\n<p style=\"color: rgb(128, 0, 0);\"><span class=\"Estilo31\" style=\"color: rgb(0, 0, 0);\"><span class=\"Estilo31\">\u00bfPor que las mujeres machistas son m\u00e1s machistas que los propios hombres?<\/span><\/span><\/p>\n<\/blockquote>\n<\/td>\n<\/tr>\n<tr>\n<td bgcolor=\"#999999\">\n<div align=\"center\">36<\/div>\n<\/td>\n<td colspan=\"8\" bgcolor=\"#CCCCCC\">\n<blockquote><p><span class=\"Estilo6\" style=\"color: rgb(0, 0, 0);\">\u00bfPor qu\u00e9 casi todos y casi siempre ocultamos la raz\u00f3n fundamental por la que hacemos las cosas?<\/span><\/p><\/blockquote>\n<\/td>\n<\/tr>\n<tr>\n<td bgcolor=\"#999999\">\n<div align=\"center\">35<\/div>\n<\/td>\n<td colspan=\"8\" bgcolor=\"#FFFFFF\">\n<blockquote><p><span class=\"Estilo6\" style=\"color: rgb(0, 0, 0);\">\u00bfPor qu\u00e9 son m\u00e1s atractivos y tienen m\u00e1s seguidores los modelos negativos que los positivos?<\/span><\/p><\/blockquote>\n<\/td>\n<\/tr>\n<tr>\n<td bgcolor=\"#999999\">\n<div align=\"center\">34<\/div>\n<\/td>\n<td colspan=\"8\" bgcolor=\"#CCCCCC\">\n<blockquote><p><span class=\"Estilo6\" style=\"color: rgb(0, 0, 0);\">\u00bfPor qu\u00e9 el progreso moral de la humanidad no es acorde con el progreso cient\u00edfico y material?<\/span><\/p><\/blockquote>\n<\/td>\n<\/tr>\n<tr>\n<td bgcolor=\"#999999\">\n<div align=\"center\">33<\/div>\n<\/td>\n<td colspan=\"8\" bgcolor=\"#FFFFFF\">\n<blockquote><p><span class=\"Estilo6\" style=\"color: rgb(0, 0, 0);\">\u00bfC\u00f3mo es posible que haya gente que viva toda la vida enga\u00f1ada?<\/span><\/p><\/blockquote>\n<\/td>\n<\/tr>\n<tr>\n<td bgcolor=\"#999999\">\n<div align=\"center\">32<\/div>\n<\/td>\n<td colspan=\"8\" bgcolor=\"#CCCCCC\">\n<blockquote><p><span class=\"Estilo6\" style=\"color: rgb(0, 0, 0);\">\u00bfNo es un poco parad\u00f3jico que el d\u00eda del trabajo se celebre descansando?<\/span><\/p><\/blockquote>\n<\/td>\n<\/tr>\n<tr>\n<td bgcolor=\"#999999\">\n<div align=\"center\">31<\/div>\n<\/td>\n<td colspan=\"8\" bgcolor=\"#FFFFFF\">\n<blockquote><p><span class=\"Estilo6\" style=\"color: rgb(0, 0, 0);\">Si los kenianos antes se llamaban keniatas; los cubanos, \u00bfse llamaban antes cubatas?<\/span><\/p><\/blockquote>\n<\/td>\n<\/tr>\n<tr>\n<td bgcolor=\"#999999\">\n<div align=\"center\">30<\/div>\n<\/td>\n<td colspan=\"8\" bgcolor=\"#CCCCCC\">\n<blockquote>\n<div align=\"justify\" class=\"Estilo6\" style=\"color: rgb(0, 0, 0);\">\u00bfQu\u00e9n hubiera podido soportar a Aznar si en lugar de bajito y morenete hubiera sido alto y rubio?<\/div>\n<\/blockquote>\n<\/td>\n<\/tr>\n<tr>\n<td bgcolor=\"#999999\">\n<div align=\"center\">29<\/div>\n<\/td>\n<td colspan=\"8\" bgcolor=\"#FFFFFF\">\n<blockquote><p><span class=\"Estilo6\" style=\"color: rgb(0, 0, 0);\">\u00bfPor qu\u00e9 un traje sigue causando tanto respeto entre la gente?<\/span><\/p><\/blockquote>\n<\/td>\n<\/tr>\n<tr>\n<td bgcolor=\"#999999\">\n<div align=\"center\">28<\/div>\n<\/td>\n<td colspan=\"8\" bgcolor=\"#CCCCCC\">\n<blockquote><p><span class=\"Estilo6\" style=\"color: rgb(0, 0, 0);\">\u00bfPor qu\u00e9 los peque\u00f1os rateros alarman m\u00e1s a la sociedad que los grandes ladrones de guante blanco, pese a que sus robos son insignificantes con respecto a los de estos?<\/span><\/p><\/blockquote>\n<\/td>\n<\/tr>\n<tr>\n<td bgcolor=\"#999999\">\n<div align=\"center\">27<\/div>\n<\/td>\n<td colspan=\"8\" bgcolor=\"#FFFFFF\">\n<blockquote><p><span class=\"Estilo6\" style=\"color: rgb(0, 0, 0);\">\u00bfPor qu\u00e9 con la edad se va uno volviendo m\u00e1s prudente cuando lo l\u00f3gico ser\u00eda que los j\u00f3venes mirasen m\u00e1s por su seguridad puesto que tienen m\u00e1s vida que defender?<\/span><\/p><\/blockquote>\n<\/td>\n<\/tr>\n<tr>\n<td bgcolor=\"#999999\">\n<div align=\"center\">26<\/div>\n<\/td>\n<td colspan=\"8\" bgcolor=\"#CCCCCC\">\n<blockquote><p><span class=\"Estilo6\" style=\"color: rgb(0, 0, 0);\">Dios tuvo a bien regalarnos su Gracia, \u00bfno hubiera sido mejor que nos hubiera evitado la desgracia?<\/span><\/p><\/blockquote>\n<\/td>\n<\/tr>\n<tr>\n<td bgcolor=\"#999999\">\n<div align=\"center\">25<\/div>\n<\/td>\n<td colspan=\"8\" bgcolor=\"#FFFFFF\">\n<blockquote><p><span class=\"Estilo6\" style=\"color: rgb(0, 0, 0);\">\u00bfDe verdad que no hay otra opci\u00f3n dentro del PP como alternativa al PSOE?<\/span><\/p><\/blockquote>\n<\/td>\n<\/tr>\n<tr>\n<td bgcolor=\"#999999\">\n<div align=\"center\">24<\/div>\n<\/td>\n<td colspan=\"8\" bgcolor=\"#CCCCCC\">\n<blockquote><p>\u00bfJavier Arenas, eterno perdedor, es todo lo que tiene el PP para triunfar en Andaluc\u00eda?<\/p><\/blockquote>\n<\/td>\n<\/tr>\n<tr>\n<td bgcolor=\"#999999\">\n<div align=\"center\">23<\/div>\n<\/td>\n<td colspan=\"8\" bgcolor=\"#FFFFFF\">\n<blockquote><p>\u00bfC\u00f3mo es posible que una buena parte de la gente disfrute m\u00e1s con los fracasos ajenos que con los \u00e9xitos propios?<\/p><\/blockquote>\n<\/td>\n<\/tr>\n<tr>\n<td bgcolor=\"#999999\">\n<div align=\"center\">22<\/div>\n<\/td>\n<td colspan=\"8\" bgcolor=\"#CCCCCC\">\n<blockquote><p><span class=\"Estilo6\" style=\"color: rgb(0, 0, 0);\">\u00bfPor qu\u00e9 los que menos se exigen a s\u00ed mismos son los que m\u00e1s exigen a los dem\u00e1s?<\/span><\/p><\/blockquote>\n<\/td>\n<\/tr>\n<tr>\n<td bgcolor=\"#999999\">\n<div align=\"center\">21<\/div>\n<\/td>\n<td colspan=\"8\" bgcolor=\"#FFFFFF\">\n<blockquote><p><span class=\"Estilo6\" style=\"color: rgb(0, 0, 0);\">Por qu\u00e9 los meteor\u00f3logos siguen diciendo que hace mal tiempo cuando llueve?<\/span><\/p><\/blockquote>\n<\/td>\n<\/tr>\n<tr>\n<td bgcolor=\"#999999\">\n<div align=\"center\">20<\/div>\n<\/td>\n<td colspan=\"8\" bgcolor=\"#CCCCCC\">\n<blockquote>\n<div align=\"justify\" class=\"Estilo6\" style=\"color: rgb(0, 0, 0);\">\u00bfQu\u00e9 queda de una persona cuando entrega su criterio a un part\u00eddo pol\u00edtico o a una instituci\u00f3n religiosa?<\/div>\n<\/blockquote>\n<\/td>\n<\/tr>\n<tr>\n<td bgcolor=\"#999999\">\n<div align=\"center\">19<\/div>\n<\/td>\n<td colspan=\"8\" bgcolor=\"#FFFFFF\">\n<blockquote><p>Dios es una posibilidad, \u00bfy la otra?<\/p><\/blockquote>\n<\/td>\n<\/tr>\n<tr>\n<td bgcolor=\"#999999\">\n<div align=\"center\">18<\/div>\n<\/td>\n<td colspan=\"8\" bgcolor=\"#CCCCCC\">\n<blockquote><p><span class=\"Estilo6\" style=\"color: rgb(0, 0, 0);\">El mundo \u00bfmarcha hacia alguna parte, tiene un destino o tan s\u00f3lo es una marioneta en manos del azar?<\/span><\/p><\/blockquote>\n<\/td>\n<\/tr>\n<tr>\n<td bgcolor=\"#999999\">\n<div align=\"center\">17<\/div>\n<\/td>\n<td colspan=\"8\" bgcolor=\"#FFFFFF\">\n<blockquote><p><span class=\"Estilo6\" style=\"color: rgb(0, 0, 0);\">\u00bfQui\u00e9n es \u201cla gente\u201d, que todo el mundo la cita despectivamente?<\/span><\/p><\/blockquote>\n<\/td>\n<\/tr>\n<tr>\n<td bgcolor=\"#999999\">\n<div align=\"center\">16<\/div>\n<\/td>\n<td colspan=\"8\" bgcolor=\"#CCCCCC\">\n<blockquote><p><span class=\"Estilo6\" style=\"color: rgb(0, 0, 0);\">\u00bfPor qu\u00e9 hay tanta gente que piensa que El Quijote es aburrido cuando es una novela profundamente divertida?<\/span><\/p><\/blockquote>\n<\/td>\n<\/tr>\n<tr>\n<td bgcolor=\"#999999\">\n<div align=\"center\">15<\/div>\n<\/td>\n<td colspan=\"8\" bgcolor=\"#FFFFFF\">\n<blockquote><p><span class=\"Estilo6\" style=\"color: rgb(0, 0, 0);\">\u00bfPor qu\u00e9 la mayor\u00eda de la gente humilde se pone del lado de los poderosos?<\/span><\/p><\/blockquote>\n<\/td>\n<\/tr>\n<tr>\n<td bgcolor=\"#999999\">\n<div align=\"center\">14<\/div>\n<\/td>\n<td colspan=\"8\" bgcolor=\"#CCCCCC\">\n<blockquote><p><span class=\"Estilo6\" style=\"color: rgb(0, 0, 0);\">\u00bfC\u00f3mo es posible que haya tantas mujeres machistas?<\/span><\/p><\/blockquote>\n<\/td>\n<\/tr>\n<tr>\n<td bgcolor=\"#999999\">\n<div align=\"center\">13<\/div>\n<\/td>\n<td colspan=\"8\" bgcolor=\"#FFFFFF\">\n<blockquote><p><span class=\"Estilo6\" style=\"color: rgb(0, 0, 0);\">\u00bfCu\u00e1ndo vamos a cabrearnos de verdad con los bancos por el pillaje que practican con nosotros?<\/span><\/p><\/blockquote>\n<\/td>\n<\/tr>\n<tr>\n<td bgcolor=\"#999999\">\n<div align=\"center\">12<\/div>\n<\/td>\n<td colspan=\"8\" bgcolor=\"#CCCCCC\">\n<blockquote>\n<div align=\"justify\" class=\"Estilo6\" style=\"color: rgb(0, 0, 0);\">\u00bfC\u00f3mo es posible que no se nos caiga la cara de verg\u00fcenza a los seres humanos viendo, permitiendo y aceptando que otros seres humanos (muchos) se mueran de hambre?<\/div>\n<\/blockquote>\n<\/td>\n<\/tr>\n<tr>\n<td bgcolor=\"#999999\">\n<div align=\"center\">11<\/div>\n<\/td>\n<td colspan=\"8\" bgcolor=\"#FFFFFF\">\n<blockquote><p><span class=\"Estilo6\" style=\"color: rgb(0, 0, 0);\">\u00bfPor qu\u00e9 son tan feos todos los alcaldes que ha tenido Ronda? \u00bfEs una maldici\u00f3n? Imposible que sea casualidad.<\/span><\/p><\/blockquote>\n<\/td>\n<\/tr>\n<tr>\n<td bgcolor=\"#999999\">\n<div align=\"center\">10<\/div>\n<\/td>\n<td colspan=\"8\" bgcolor=\"#CCCCCC\">\n<blockquote><p><span class=\"Estilo6\" style=\"color: rgb(0, 0, 0);\">\u00bfQu\u00e9 es m\u00e1s fuerte: la raz\u00f3n o el dinero?<\/span><\/p><\/blockquote>\n<\/td>\n<\/tr>\n<tr>\n<td bgcolor=\"#999999\">\n<div align=\"center\">9<\/div>\n<\/td>\n<td colspan=\"8\" bgcolor=\"#FFFFFF\">\n<blockquote><p><span class=\"Estilo6\" style=\"color: rgb(0, 0, 0);\">\u00bfLibertad de prensa es libertad para insultar o para informar?<\/span><\/p><\/blockquote>\n<\/td>\n<\/tr>\n<tr>\n<td bgcolor=\"#999999\">\n<div align=\"center\">8<\/div>\n<\/td>\n<td colspan=\"8\" bgcolor=\"#CCCCCC\">\n<blockquote><p>\u00bfQu\u00e9 es peor, el fanatismo de los musulmanes o la soberbia de los occidentales?<\/p><\/blockquote>\n<\/td>\n<\/tr>\n<tr>\n<td bgcolor=\"#999999\">\n<div align=\"center\">7<\/div>\n<\/td>\n<td colspan=\"8\" bgcolor=\"#FFFFFF\">\n<blockquote><p>Es pr\u00e1cticamente imposible encontrar a un rico de izquierdas. \u00bfC\u00f3mo es posible que haya tanto obrero, tanto pobre de derechas?<\/p><\/blockquote>\n<\/td>\n<\/tr>\n<tr>\n<td bgcolor=\"#999999\">\n<div align=\"center\">6<\/div>\n<\/td>\n<td colspan=\"8\" bgcolor=\"#CCCCCC\">\n<blockquote>\n<div align=\"justify\">\u00bfPor qu\u00e9 hay tantos trabajadores que no tienen la m\u00e1s m\u00ednima conciencia sindical?<\/div>\n<\/blockquote>\n<\/td>\n<\/tr>\n<tr>\n<td bgcolor=\"#999999\">\n<div align=\"center\">5<\/div>\n<\/td>\n<td colspan=\"8\" bgcolor=\"#FFFFFF\">\n<blockquote><p>\u00bfSirven para algo las t\u00e9tricas campa\u00f1as de publicidad en el tema del tr\u00e1fico; es decir, se producen menos accidentes?<\/p><\/blockquote>\n<\/td>\n<\/tr>\n<tr>\n<td bgcolor=\"#999999\">\n<div align=\"center\">4<\/div>\n<\/td>\n<td colspan=\"8\" bgcolor=\"#CCCCCC\">\n<blockquote><p>\u00bfLo m\u00e1s importante es evitar las multas o impedir los accidentes?<\/p><\/blockquote>\n<\/td>\n<\/tr>\n<tr>\n<td bgcolor=\"#999999\">\n<div align=\"center\">3<\/div>\n<\/td>\n<td colspan=\"8\" bgcolor=\"#FFFFFF\">\n<blockquote>\n<div align=\"justify\">\u00bfC\u00f3mo es posible que la misma Jefatura de Tr\u00e1fico publique la lista de la localizaci\u00f3n de los radares?<\/div>\n<\/blockquote>\n<\/td>\n<\/tr>\n<tr>\n<td bgcolor=\"#999999\">\n<div align=\"center\">2<\/div>\n<\/td>\n<td colspan=\"8\" bgcolor=\"#CCCCCC\">\n<blockquote><p>\u00bfPor qu\u00e9 no hay un gobierno que se atreva&nbsp;<strong>\u00abde verdad\u00bb<\/strong>&nbsp;a minimizar la sangr\u00eda dolorosa de los accidentes de tr\u00e1fico?<\/p><\/blockquote>\n<\/td>\n<\/tr>\n<tr>\n<td bgcolor=\"#999999\">\n<div align=\"center\">1<\/div>\n<\/td>\n<td colspan=\"8\" bgcolor=\"#FFFFFF\">\n<blockquote><p>\u00bfQui\u00e9n ha creado a qui\u00e9n: Dios al hombre o el hombre a Dios?<\/p><\/blockquote>\n<\/td>\n<\/tr>\n<\/tbody>\n<\/table>\n<p><\/p>\n","protected":false},"excerpt":{"rendered":"<p>38 \u00bfPor qu\u00e9 cuando se tienen mejores niveles de vida es cuando m\u00e1s malestar interior atenaza a las criaturas? 37 \u00bfPor que las mujeres machistas son m\u00e1s machistas que los propios hombres? 36 \u00bfPor qu\u00e9 casi todos y casi siempre ocultamos la raz\u00f3n fundamental por la que hacemos las cosas? 35 \u00bfPor qu\u00e9 son m\u00e1s [&hellip;]<\/p>\n","protected":false},"author":1,"featured_media":0,"parent":5384,"menu_order":38,"comment_status":"closed","ping_status":"closed","template":"","meta":{"_aioseop_title":"","_aioseop_description":"","ngg_post_thumbnail":0,"footnotes":""},"_links":{"self":[{"href":"http:\/\/www.josemariatornay.com\/index.php\/wp-json\/wp\/v2\/pages\/5389"}],"collection":[{"href":"http:\/\/www.josemariatornay.com\/index.php\/wp-json\/wp\/v2\/pages"}],"about":[{"href":"http:\/\/www.josemariatornay.com\/index.php\/wp-json\/wp\/v2\/types\/page"}],"author":[{"embeddable":true,"href":"http:\/\/www.josemariatornay.com\/index.php\/wp-json\/wp\/v2\/users\/1"}],"replies":[{"embeddable":true,"href":"http:\/\/www.josemariatornay.com\/index.php\/wp-json\/wp\/v2\/comments?post=5389"}],"version-history":[{"count":0,"href":"http:\/\/www.josemariatornay.com\/index.php\/wp-json\/wp\/v2\/pages\/5389\/revisions"}],"up":[{"embeddable":true,"href":"http:\/\/www.josemariatornay.com\/index.php\/wp-json\/wp\/v2\/pages\/5384"}],"wp:attachment":[{"href":"http:\/\/www.josemariatornay.com\/index.php\/wp-json\/wp\/v2\/media?parent=5389"}],"curies":[{"name":"wp","href":"https:\/\/api.w.org\/{rel}","templated":true}]}}