{"id":5601,"date":"2016-11-22T18:26:48","date_gmt":"2016-11-22T17:26:48","guid":{"rendered":"http:\/\/www.josemariatornay.com\/?page_id=5601"},"modified":"2017-01-01T12:22:09","modified_gmt":"2017-01-01T11:22:09","slug":"seis-octavas-y-una-voz","status":"publish","type":"page","link":"http:\/\/www.josemariatornay.com\/index.php\/seis-octavas-y-una-voz\/","title":{"rendered":"Seis octavas y una voz"},"content":{"rendered":"\n\t\t<style type=\"text\/css\">\n\t\t\t#gallery-1 {\n\t\t\t\tmargin: auto;\n\t\t\t}\n\t\t\t#gallery-1 .gallery-item {\n\t\t\t\tfloat: left;\n\t\t\t\tmargin-top: 10px;\n\t\t\t\ttext-align: center;\n\t\t\t\twidth: 33%;\n\t\t\t}\n\t\t\t#gallery-1 img {\n\t\t\t\tborder: 2px solid #cfcfcf;\n\t\t\t}\n\t\t\t#gallery-1 .gallery-caption {\n\t\t\t\tmargin-left: 0;\n\t\t\t}\n\t\t\t\/* see gallery_shortcode() in wp-includes\/media.php *\/\n\t\t<\/style>\n\t\t<div id='gallery-1' class='gallery galleryid-5601 gallery-columns-3 gallery-size-thumbnail'><dl class='gallery-item'>\n\t\t\t<dt class='gallery-icon landscape'>\n\t\t\t\t<a href='http:\/\/www.josemariatornay.com\/index.php\/seis-octavas-y-una-voz\/01-dsc00041\/'><img decoding=\"async\" width=\"150\" height=\"150\" src=\"http:\/\/www.josemariatornay.com\/wp-content\/uploads\/2016\/11\/01-DSC00041-150x150.jpg\" class=\"attachment-thumbnail size-thumbnail\" alt=\"\" \/><\/a>\n\t\t\t<\/dt><\/dl><dl class='gallery-item'>\n\t\t\t<dt class='gallery-icon landscape'>\n\t\t\t\t<a href='http:\/\/www.josemariatornay.com\/index.php\/seis-octavas-y-una-voz\/1-dsc00053\/'><img decoding=\"async\" width=\"150\" height=\"150\" src=\"http:\/\/www.josemariatornay.com\/wp-content\/uploads\/2016\/11\/1-DSC00053-150x150.jpg\" class=\"attachment-thumbnail size-thumbnail\" alt=\"\" \/><\/a>\n\t\t\t<\/dt><\/dl><dl class='gallery-item'>\n\t\t\t<dt class='gallery-icon landscape'>\n\t\t\t\t<a href='http:\/\/www.josemariatornay.com\/index.php\/seis-octavas-y-una-voz\/2-dsc00074\/'><img decoding=\"async\" width=\"150\" height=\"150\" src=\"http:\/\/www.josemariatornay.com\/wp-content\/uploads\/2016\/11\/2-DSC00074-150x150.jpg\" class=\"attachment-thumbnail size-thumbnail\" alt=\"\" \/><\/a>\n\t\t\t<\/dt><\/dl><br style=\"clear: both\" \/><dl class='gallery-item'>\n\t\t\t<dt class='gallery-icon landscape'>\n\t\t\t\t<a href='http:\/\/www.josemariatornay.com\/index.php\/seis-octavas-y-una-voz\/03-dsc00043\/'><img loading=\"lazy\" decoding=\"async\" width=\"150\" height=\"150\" src=\"http:\/\/www.josemariatornay.com\/wp-content\/uploads\/2016\/11\/03-DSC00043-150x150.jpg\" class=\"attachment-thumbnail size-thumbnail\" alt=\"\" \/><\/a>\n\t\t\t<\/dt><\/dl><dl class='gallery-item'>\n\t\t\t<dt class='gallery-icon landscape'>\n\t\t\t\t<a href='http:\/\/www.josemariatornay.com\/index.php\/seis-octavas-y-una-voz\/3-dsc00100\/'><img loading=\"lazy\" decoding=\"async\" width=\"150\" height=\"150\" src=\"http:\/\/www.josemariatornay.com\/wp-content\/uploads\/2016\/11\/3-DSC00100-150x150.jpg\" class=\"attachment-thumbnail size-thumbnail\" alt=\"\" \/><\/a>\n\t\t\t<\/dt><\/dl><dl class='gallery-item'>\n\t\t\t<dt class='gallery-icon landscape'>\n\t\t\t\t<a href='http:\/\/www.josemariatornay.com\/index.php\/seis-octavas-y-una-voz\/04-dsc00046\/'><img loading=\"lazy\" decoding=\"async\" width=\"150\" height=\"150\" src=\"http:\/\/www.josemariatornay.com\/wp-content\/uploads\/2016\/11\/04-DSC00046-150x150.jpg\" class=\"attachment-thumbnail size-thumbnail\" alt=\"\" \/><\/a>\n\t\t\t<\/dt><\/dl><br style=\"clear: both\" \/><dl class='gallery-item'>\n\t\t\t<dt class='gallery-icon landscape'>\n\t\t\t\t<a href='http:\/\/www.josemariatornay.com\/index.php\/seis-octavas-y-una-voz\/05-dsc00048\/'><img loading=\"lazy\" decoding=\"async\" width=\"150\" height=\"150\" src=\"http:\/\/www.josemariatornay.com\/wp-content\/uploads\/2016\/11\/05-DSC00048-150x150.jpg\" class=\"attachment-thumbnail size-thumbnail\" alt=\"\" \/><\/a>\n\t\t\t<\/dt><\/dl><dl class='gallery-item'>\n\t\t\t<dt class='gallery-icon landscape'>\n\t\t\t\t<a href='http:\/\/www.josemariatornay.com\/index.php\/seis-octavas-y-una-voz\/10-dsc00058\/'><img loading=\"lazy\" decoding=\"async\" width=\"150\" height=\"150\" src=\"http:\/\/www.josemariatornay.com\/wp-content\/uploads\/2016\/11\/10-DSC00058-150x150.jpg\" class=\"attachment-thumbnail size-thumbnail\" alt=\"\" \/><\/a>\n\t\t\t<\/dt><\/dl><dl class='gallery-item'>\n\t\t\t<dt class='gallery-icon landscape'>\n\t\t\t\t<a href='http:\/\/www.josemariatornay.com\/index.php\/seis-octavas-y-una-voz\/11-dsc00059\/'><img loading=\"lazy\" decoding=\"async\" width=\"150\" height=\"150\" src=\"http:\/\/www.josemariatornay.com\/wp-content\/uploads\/2016\/11\/11-DSC00059-150x150.jpg\" class=\"attachment-thumbnail size-thumbnail\" alt=\"\" \/><\/a>\n\t\t\t<\/dt><\/dl><br style=\"clear: both\" \/><dl class='gallery-item'>\n\t\t\t<dt class='gallery-icon landscape'>\n\t\t\t\t<a href='http:\/\/www.josemariatornay.com\/index.php\/seis-octavas-y-una-voz\/12-dsc00061\/'><img loading=\"lazy\" decoding=\"async\" width=\"150\" height=\"150\" src=\"http:\/\/www.josemariatornay.com\/wp-content\/uploads\/2016\/11\/12-DSC00061-150x150.jpg\" class=\"attachment-thumbnail size-thumbnail\" alt=\"\" \/><\/a>\n\t\t\t<\/dt><\/dl><dl class='gallery-item'>\n\t\t\t<dt class='gallery-icon landscape'>\n\t\t\t\t<a href='http:\/\/www.josemariatornay.com\/index.php\/seis-octavas-y-una-voz\/13-dsc00063\/'><img loading=\"lazy\" decoding=\"async\" width=\"150\" height=\"150\" src=\"http:\/\/www.josemariatornay.com\/wp-content\/uploads\/2016\/11\/13-DSC00063-150x150.jpg\" class=\"attachment-thumbnail size-thumbnail\" alt=\"\" \/><\/a>\n\t\t\t<\/dt><\/dl><dl class='gallery-item'>\n\t\t\t<dt class='gallery-icon landscape'>\n\t\t\t\t<a href='http:\/\/www.josemariatornay.com\/index.php\/seis-octavas-y-una-voz\/15-dsc00065\/'><img loading=\"lazy\" decoding=\"async\" width=\"150\" height=\"150\" src=\"http:\/\/www.josemariatornay.com\/wp-content\/uploads\/2016\/11\/15-DSC00065-150x150.jpg\" class=\"attachment-thumbnail size-thumbnail\" alt=\"\" \/><\/a>\n\t\t\t<\/dt><\/dl><br style=\"clear: both\" \/><dl class='gallery-item'>\n\t\t\t<dt class='gallery-icon landscape'>\n\t\t\t\t<a href='http:\/\/www.josemariatornay.com\/index.php\/seis-octavas-y-una-voz\/16-dsc00067\/'><img loading=\"lazy\" decoding=\"async\" width=\"150\" height=\"150\" src=\"http:\/\/www.josemariatornay.com\/wp-content\/uploads\/2016\/11\/16-DSC00067-150x150.jpg\" class=\"attachment-thumbnail size-thumbnail\" alt=\"\" \/><\/a>\n\t\t\t<\/dt><\/dl><dl class='gallery-item'>\n\t\t\t<dt class='gallery-icon landscape'>\n\t\t\t\t<a href='http:\/\/www.josemariatornay.com\/index.php\/seis-octavas-y-una-voz\/17-dsc00072\/'><img loading=\"lazy\" decoding=\"async\" width=\"150\" height=\"150\" src=\"http:\/\/www.josemariatornay.com\/wp-content\/uploads\/2016\/11\/17-DSC00072-150x150.jpg\" class=\"attachment-thumbnail size-thumbnail\" alt=\"\" \/><\/a>\n\t\t\t<\/dt><\/dl><dl class='gallery-item'>\n\t\t\t<dt class='gallery-icon landscape'>\n\t\t\t\t<a href='http:\/\/www.josemariatornay.com\/index.php\/seis-octavas-y-una-voz\/18-dsc00076\/'><img loading=\"lazy\" decoding=\"async\" width=\"150\" height=\"150\" src=\"http:\/\/www.josemariatornay.com\/wp-content\/uploads\/2016\/11\/18-DSC00076-150x150.jpg\" class=\"attachment-thumbnail size-thumbnail\" alt=\"\" \/><\/a>\n\t\t\t<\/dt><\/dl><br style=\"clear: both\" \/><dl class='gallery-item'>\n\t\t\t<dt class='gallery-icon landscape'>\n\t\t\t\t<a href='http:\/\/www.josemariatornay.com\/index.php\/seis-octavas-y-una-voz\/21-dsc00082\/'><img loading=\"lazy\" decoding=\"async\" width=\"150\" height=\"150\" src=\"http:\/\/www.josemariatornay.com\/wp-content\/uploads\/2016\/11\/21-DSC00082-150x150.jpg\" class=\"attachment-thumbnail size-thumbnail\" alt=\"\" \/><\/a>\n\t\t\t<\/dt><\/dl><dl class='gallery-item'>\n\t\t\t<dt class='gallery-icon landscape'>\n\t\t\t\t<a href='http:\/\/www.josemariatornay.com\/index.php\/seis-octavas-y-una-voz\/22-dsc00085\/'><img loading=\"lazy\" decoding=\"async\" width=\"150\" height=\"150\" src=\"http:\/\/www.josemariatornay.com\/wp-content\/uploads\/2016\/11\/22-DSC00085-150x150.jpg\" class=\"attachment-thumbnail size-thumbnail\" alt=\"\" \/><\/a>\n\t\t\t<\/dt><\/dl><dl class='gallery-item'>\n\t\t\t<dt class='gallery-icon landscape'>\n\t\t\t\t<a href='http:\/\/www.josemariatornay.com\/index.php\/seis-octavas-y-una-voz\/23-dsc00088\/'><img loading=\"lazy\" decoding=\"async\" width=\"150\" height=\"150\" src=\"http:\/\/www.josemariatornay.com\/wp-content\/uploads\/2016\/11\/23-DSC00088-150x150.jpg\" class=\"attachment-thumbnail size-thumbnail\" alt=\"\" \/><\/a>\n\t\t\t<\/dt><\/dl><br style=\"clear: both\" \/><dl class='gallery-item'>\n\t\t\t<dt class='gallery-icon landscape'>\n\t\t\t\t<a href='http:\/\/www.josemariatornay.com\/index.php\/seis-octavas-y-una-voz\/24-dsc00090\/'><img loading=\"lazy\" decoding=\"async\" width=\"150\" height=\"150\" src=\"http:\/\/www.josemariatornay.com\/wp-content\/uploads\/2016\/11\/24-DSC00090-150x150.jpg\" class=\"attachment-thumbnail size-thumbnail\" alt=\"\" \/><\/a>\n\t\t\t<\/dt><\/dl><dl class='gallery-item'>\n\t\t\t<dt class='gallery-icon landscape'>\n\t\t\t\t<a href='http:\/\/www.josemariatornay.com\/index.php\/seis-octavas-y-una-voz\/26-dsc00097\/'><img loading=\"lazy\" decoding=\"async\" width=\"150\" height=\"150\" src=\"http:\/\/www.josemariatornay.com\/wp-content\/uploads\/2016\/11\/26-DSC00097-150x150.jpg\" class=\"attachment-thumbnail size-thumbnail\" alt=\"\" \/><\/a>\n\t\t\t<\/dt><\/dl><dl class='gallery-item'>\n\t\t\t<dt class='gallery-icon landscape'>\n\t\t\t\t<a href='http:\/\/www.josemariatornay.com\/index.php\/seis-octavas-y-una-voz\/30-dsc00107\/'><img loading=\"lazy\" decoding=\"async\" width=\"150\" height=\"150\" src=\"http:\/\/www.josemariatornay.com\/wp-content\/uploads\/2016\/11\/30-DSC00107-150x150.jpg\" class=\"attachment-thumbnail size-thumbnail\" alt=\"\" \/><\/a>\n\t\t\t<\/dt><\/dl><br style=\"clear: both\" \/><dl class='gallery-item'>\n\t\t\t<dt class='gallery-icon landscape'>\n\t\t\t\t<a href='http:\/\/www.josemariatornay.com\/index.php\/seis-octavas-y-una-voz\/33-dsc00114\/'><img loading=\"lazy\" decoding=\"async\" width=\"150\" height=\"150\" src=\"http:\/\/www.josemariatornay.com\/wp-content\/uploads\/2016\/11\/33-DSC00114-150x150.jpg\" class=\"attachment-thumbnail size-thumbnail\" alt=\"\" \/><\/a>\n\t\t\t<\/dt><\/dl><dl class='gallery-item'>\n\t\t\t<dt class='gallery-icon landscape'>\n\t\t\t\t<a href='http:\/\/www.josemariatornay.com\/index.php\/seis-octavas-y-una-voz\/36-dsc00123\/'><img loading=\"lazy\" decoding=\"async\" width=\"150\" height=\"150\" src=\"http:\/\/www.josemariatornay.com\/wp-content\/uploads\/2016\/11\/36-DSC00123-150x150.jpg\" class=\"attachment-thumbnail size-thumbnail\" alt=\"\" \/><\/a>\n\t\t\t<\/dt><\/dl><dl class='gallery-item'>\n\t\t\t<dt class='gallery-icon landscape'>\n\t\t\t\t<a href='http:\/\/www.josemariatornay.com\/index.php\/seis-octavas-y-una-voz\/38-dsc00129\/'><img loading=\"lazy\" decoding=\"async\" width=\"150\" height=\"150\" src=\"http:\/\/www.josemariatornay.com\/wp-content\/uploads\/2016\/11\/38-DSC00129-150x150.jpg\" class=\"attachment-thumbnail size-thumbnail\" alt=\"\" \/><\/a>\n\t\t\t<\/dt><\/dl><br style=\"clear: both\" \/><dl class='gallery-item'>\n\t\t\t<dt class='gallery-icon landscape'>\n\t\t\t\t<a href='http:\/\/www.josemariatornay.com\/index.php\/seis-octavas-y-una-voz\/39-dsc00133\/'><img loading=\"lazy\" decoding=\"async\" width=\"150\" height=\"150\" src=\"http:\/\/www.josemariatornay.com\/wp-content\/uploads\/2016\/11\/39-DSC00133-150x150.jpg\" class=\"attachment-thumbnail size-thumbnail\" alt=\"\" \/><\/a>\n\t\t\t<\/dt><\/dl>\n\t\t\t<br style='clear: both' \/>\n\t\t<\/div>\n\n<table style=\"height: 228px;\" width=\"929\">\n<tbody>\n<tr>\n<td style=\"text-align: justify; width: 327px; vertical-align: middle;\">Fue una noche m\u00e1gica y repleta de buenas vibraciones, de buen hacer, de categor\u00eda suprema. Ana Cristina, Rafa, Nico y las responsables de la coreograf\u00eda llenaron el escenario de talento, de conexi\u00f3n con el p\u00fablico, de buena sinton\u00eda entre ellos. Y todo esto en el marco incomparable del Palacio de santo Domingo de Ronda. Un doble lujo del que m\u00e1s de 400 espectadores pudieron disfrutar.<\/td>\n<td style=\"width: 326px; text-align: center;\"><iframe src=\"https:\/\/www.youtube.com\/embed\/vFp8dSeGcLU\" width=\"280\" height=\"180\" frameborder=\"0\" allowfullscreen=\"allowfullscreen\"><\/iframe><\/td>\n<td style=\"text-align: center; vertical-align: middle;\">Y tuve el honor de cantar con ellos ese maravillosos \u00abRomance de Curro El Palmo\u00bb<br \/>\n&nbsp;En cuanto disponga del material subir\u00e9 aqu\u00ed alguna canci\u00f3n o todo el concierto si es posible.<\/td>\n<\/tr>\n<\/tbody>\n<\/table>\n<p>&nbsp;<\/p>\n","protected":false},"excerpt":{"rendered":"<p>Fue una noche m\u00e1gica y repleta de buenas vibraciones, de buen hacer, de categor\u00eda suprema. Ana Cristina, Rafa, Nico y las responsables de la coreograf\u00eda llenaron el escenario de talento, de conexi\u00f3n con el p\u00fablico, de buena sinton\u00eda entre ellos. Y todo esto en el marco incomparable del Palacio de santo Domingo de Ronda. Un [&hellip;]<\/p>\n","protected":false},"author":1,"featured_media":0,"parent":0,"menu_order":0,"comment_status":"closed","ping_status":"closed","template":"","meta":{"_aioseop_title":"","_aioseop_description":"","ngg_post_thumbnail":0,"footnotes":""},"_links":{"self":[{"href":"http:\/\/www.josemariatornay.com\/index.php\/wp-json\/wp\/v2\/pages\/5601"}],"collection":[{"href":"http:\/\/www.josemariatornay.com\/index.php\/wp-json\/wp\/v2\/pages"}],"about":[{"href":"http:\/\/www.josemariatornay.com\/index.php\/wp-json\/wp\/v2\/types\/page"}],"author":[{"embeddable":true,"href":"http:\/\/www.josemariatornay.com\/index.php\/wp-json\/wp\/v2\/users\/1"}],"replies":[{"embeddable":true,"href":"http:\/\/www.josemariatornay.com\/index.php\/wp-json\/wp\/v2\/comments?post=5601"}],"version-history":[{"count":0,"href":"http:\/\/www.josemariatornay.com\/index.php\/wp-json\/wp\/v2\/pages\/5601\/revisions"}],"wp:attachment":[{"href":"http:\/\/www.josemariatornay.com\/index.php\/wp-json\/wp\/v2\/media?parent=5601"}],"curies":[{"name":"wp","href":"https:\/\/api.w.org\/{rel}","templated":true}]}}