{"id":5909,"date":"2016-11-23T16:24:41","date_gmt":"2016-11-23T15:24:41","guid":{"rendered":"http:\/\/www.josemariatornay.com\/?page_id=5909"},"modified":"2020-05-07T19:39:16","modified_gmt":"2020-05-07T18:39:16","slug":"antonio-gonzalez-munoz-el-cuqui","status":"publish","type":"page","link":"http:\/\/www.josemariatornay.com\/index.php\/antonio-gonzalez-munoz-el-cuqui\/","title":{"rendered":"Antonio Gonz\u00e1lez Mu\u00f1oz \u00abEl Cuqui\u00bb"},"content":{"rendered":"\t\t<div data-elementor-type=\"wp-page\" data-elementor-id=\"5909\" class=\"elementor elementor-5909 elementor-bc-flex-widget\">\n\t\t\t\t\t\t<section class=\"elementor-section elementor-top-section elementor-element elementor-element-198b8b0 elementor-section-boxed elementor-section-height-default elementor-section-height-default\" data-id=\"198b8b0\" data-element_type=\"section\">\n\t\t\t\t\t\t<div class=\"elementor-container elementor-column-gap-default\">\n\t\t\t\t\t<div class=\"elementor-column elementor-col-100 elementor-top-column elementor-element elementor-element-e121902\" data-id=\"e121902\" data-element_type=\"column\">\n\t\t\t<div class=\"elementor-widget-wrap elementor-element-populated\">\n\t\t\t\t\t\t<div class=\"elementor-element elementor-element-a06245b elementor-widget elementor-widget-heading\" data-id=\"a06245b\" data-element_type=\"widget\" data-widget_type=\"heading.default\">\n\t\t\t\t<div class=\"elementor-widget-container\">\n\t\t\t<style>\/*! elementor - v3.20.0 - 20-03-2024 *\/\n.elementor-heading-title{padding:0;margin:0;line-height:1}.elementor-widget-heading .elementor-heading-title[class*=elementor-size-]>a{color:inherit;font-size:inherit;line-height:inherit}.elementor-widget-heading .elementor-heading-title.elementor-size-small{font-size:15px}.elementor-widget-heading .elementor-heading-title.elementor-size-medium{font-size:19px}.elementor-widget-heading .elementor-heading-title.elementor-size-large{font-size:29px}.elementor-widget-heading .elementor-heading-title.elementor-size-xl{font-size:39px}.elementor-widget-heading .elementor-heading-title.elementor-size-xxl{font-size:59px}<\/style><h2 class=\"elementor-heading-title elementor-size-default\">No estoy autorizado a regalar este libro. Aunque soy el autor, no poseo los derechos. Quienes est\u00e9n interesados en \u00e9l deber\u00e1n adquirirlo en librer\u00edas.<\/h2>\t\t<\/div>\n\t\t\t\t<\/div>\n\t\t\t\t\t<\/div>\n\t\t<\/div>\n\t\t\t\t\t<\/div>\n\t\t<\/section>\n\t\t\t\t<section class=\"elementor-section elementor-top-section elementor-element elementor-element-fnkqsb2 elementor-section-boxed elementor-section-height-default elementor-section-height-default\" data-id=\"fnkqsb2\" data-element_type=\"section\">\n\t\t\t\t\t\t<div class=\"elementor-container elementor-column-gap-default\">\n\t\t\t\t\t<div class=\"elementor-column elementor-col-100 elementor-top-column elementor-element elementor-element-ugdlgpl\" data-id=\"ugdlgpl\" data-element_type=\"column\">\n\t\t\t<div class=\"elementor-widget-wrap elementor-element-populated\">\n\t\t\t\t\t\t<div class=\"elementor-element elementor-element-oh2ivb5 elementor-widget elementor-widget-image\" data-id=\"oh2ivb5\" data-element_type=\"widget\" data-widget_type=\"image.default\">\n\t\t\t\t<div class=\"elementor-widget-container\">\n\t\t\t<style>\/*! elementor - v3.20.0 - 20-03-2024 *\/\n.elementor-widget-image{text-align:center}.elementor-widget-image a{display:inline-block}.elementor-widget-image a img[src$=\".svg\"]{width:48px}.elementor-widget-image img{vertical-align:middle;display:inline-block}<\/style>\t\t\t\t\t\t\t\t\t\t<img fetchpriority=\"high\" decoding=\"async\" width=\"724\" height=\"1024\" src=\"http:\/\/www.josemariatornay.com\/wp-content\/uploads\/2016\/11\/Andalucia-Informacion-Tornay-Cuqui-1-724x1024.jpg\" class=\"attachment-large size-large wp-image-13504\" alt=\"\" srcset=\"http:\/\/www.josemariatornay.com\/wp-content\/uploads\/2016\/11\/Andalucia-Informacion-Tornay-Cuqui-1-724x1024.jpg 724w, http:\/\/www.josemariatornay.com\/wp-content\/uploads\/2016\/11\/Andalucia-Informacion-Tornay-Cuqui-1-212x300.jpg 212w, http:\/\/www.josemariatornay.com\/wp-content\/uploads\/2016\/11\/Andalucia-Informacion-Tornay-Cuqui-1-768x1086.jpg 768w, http:\/\/www.josemariatornay.com\/wp-content\/uploads\/2016\/11\/Andalucia-Informacion-Tornay-Cuqui-1.jpg 1654w\" sizes=\"(max-width: 724px) 100vw, 724px\" \/>\t\t\t\t\t\t\t\t\t\t\t\t\t<\/div>\n\t\t\t\t<\/div>\n\t\t\t\t\t<\/div>\n\t\t<\/div>\n\t\t\t\t\t<\/div>\n\t\t<\/section>\n\t\t\t\t<section class=\"elementor-section elementor-top-section elementor-element elementor-element-5y96d16 elementor-section-boxed elementor-section-height-default elementor-section-height-default\" data-id=\"5y96d16\" data-element_type=\"section\">\n\t\t\t\t\t\t<div class=\"elementor-container elementor-column-gap-default\">\n\t\t\t\t\t<div class=\"elementor-column elementor-col-100 elementor-top-column elementor-element elementor-element-hos4yec\" data-id=\"hos4yec\" data-element_type=\"column\">\n\t\t\t<div class=\"elementor-widget-wrap elementor-element-populated\">\n\t\t\t\t\t\t<div class=\"elementor-element elementor-element-c2gs93w elementor-widget elementor-widget-image\" data-id=\"c2gs93w\" data-element_type=\"widget\" data-widget_type=\"image.default\">\n\t\t\t\t<div class=\"elementor-widget-container\">\n\t\t\t\t\t\t\t\t\t\t\t\t\t<img decoding=\"async\" width=\"724\" height=\"1024\" src=\"http:\/\/www.josemariatornay.com\/wp-content\/uploads\/2016\/11\/Andalucia-Informacion-Tornay-Cuqui-2-724x1024.jpg\" class=\"attachment-large size-large wp-image-13505\" alt=\"\" srcset=\"http:\/\/www.josemariatornay.com\/wp-content\/uploads\/2016\/11\/Andalucia-Informacion-Tornay-Cuqui-2-724x1024.jpg 724w, http:\/\/www.josemariatornay.com\/wp-content\/uploads\/2016\/11\/Andalucia-Informacion-Tornay-Cuqui-2-212x300.jpg 212w, http:\/\/www.josemariatornay.com\/wp-content\/uploads\/2016\/11\/Andalucia-Informacion-Tornay-Cuqui-2-768x1086.jpg 768w, http:\/\/www.josemariatornay.com\/wp-content\/uploads\/2016\/11\/Andalucia-Informacion-Tornay-Cuqui-2.jpg 1654w\" sizes=\"(max-width: 724px) 100vw, 724px\" \/>\t\t\t\t\t\t\t\t\t\t\t\t\t<\/div>\n\t\t\t\t<\/div>\n\t\t\t\t\t<\/div>\n\t\t<\/div>\n\t\t\t\t\t<\/div>\n\t\t<\/section>\n\t\t\t\t<section class=\"elementor-section elementor-top-section elementor-element elementor-element-1wk205f elementor-section-boxed elementor-section-height-default elementor-section-height-default\" data-id=\"1wk205f\" data-element_type=\"section\">\n\t\t\t\t\t\t<div class=\"elementor-container elementor-column-gap-default\">\n\t\t\t\t\t<div class=\"elementor-column elementor-col-50 elementor-top-column elementor-element elementor-element-bb487vk\" data-id=\"bb487vk\" data-element_type=\"column\">\n\t\t\t<div class=\"elementor-widget-wrap elementor-element-populated\">\n\t\t\t\t\t\t<div class=\"elementor-element elementor-element-kyecq2o elementor-widget elementor-widget-image\" data-id=\"kyecq2o\" data-element_type=\"widget\" data-widget_type=\"image.default\">\n\t\t\t\t<div class=\"elementor-widget-container\">\n\t\t\t\t\t\t\t\t\t\t\t\t\t<img decoding=\"async\" width=\"193\" height=\"145\" src=\"http:\/\/www.josemariatornay.com\/wp-content\/uploads\/2016\/11\/Cuqui.jpg\" class=\"attachment-large size-large wp-image-4169\" alt=\"\" \/>\t\t\t\t\t\t\t\t\t\t\t\t\t<\/div>\n\t\t\t\t<\/div>\n\t\t\t\t\t<\/div>\n\t\t<\/div>\n\t\t\t\t<div class=\"elementor-column elementor-col-50 elementor-top-column elementor-element elementor-element-c400imf\" data-id=\"c400imf\" data-element_type=\"column\">\n\t\t\t<div class=\"elementor-widget-wrap elementor-element-populated\">\n\t\t\t\t\t\t<div class=\"elementor-element elementor-element-2ltsgaw elementor-widget elementor-widget-text-editor\" data-id=\"2ltsgaw\" data-element_type=\"widget\" data-widget_type=\"text-editor.default\">\n\t\t\t\t<div class=\"elementor-widget-container\">\n\t\t\t<style>\/*! elementor - v3.20.0 - 20-03-2024 *\/\n.elementor-widget-text-editor.elementor-drop-cap-view-stacked .elementor-drop-cap{background-color:#69727d;color:#fff}.elementor-widget-text-editor.elementor-drop-cap-view-framed .elementor-drop-cap{color:#69727d;border:3px solid;background-color:transparent}.elementor-widget-text-editor:not(.elementor-drop-cap-view-default) .elementor-drop-cap{margin-top:8px}.elementor-widget-text-editor:not(.elementor-drop-cap-view-default) .elementor-drop-cap-letter{width:1em;height:1em}.elementor-widget-text-editor .elementor-drop-cap{float:left;text-align:center;line-height:1;font-size:50px}.elementor-widget-text-editor .elementor-drop-cap-letter{display:inline-block}<\/style>\t\t\t\t<p><strong>Ya est\u00e1 a la venta en Ronda y, a partir del 1 de marzo en todas la librer\u00edas importantes del mundo.<\/strong><\/p><p><strong>Haciendo clic en el siguiente enlace puedes acceder a su web y podr\u00e1s o\u00ed on line o descargar sus discos principales:<\/strong><br \/><br \/><\/p>\t\t\t\t\t\t<\/div>\n\t\t\t\t<\/div>\n\t\t\t\t<div class=\"elementor-element elementor-element-0pj90l5 elementor-widget elementor-widget-heading\" data-id=\"0pj90l5\" data-element_type=\"widget\" data-widget_type=\"heading.default\">\n\t\t\t\t<div class=\"elementor-widget-container\">\n\t\t\t<h2 class=\"elementor-heading-title elementor-size-default\"><a href=\"http:\/\/www.josemariatornay.com\/elcuqui\/\">elcuqui.com<\/a><\/h2>\t\t<\/div>\n\t\t\t\t<\/div>\n\t\t\t\t\t<\/div>\n\t\t<\/div>\n\t\t\t\t\t<\/div>\n\t\t<\/section>\n\t\t\t\t<section class=\"elementor-section elementor-top-section elementor-element elementor-element-7j8uokt elementor-section-boxed elementor-section-height-default elementor-section-height-default\" data-id=\"7j8uokt\" data-element_type=\"section\">\n\t\t\t\t\t\t<div class=\"elementor-container elementor-column-gap-default\">\n\t\t\t\t\t<div class=\"elementor-column elementor-col-50 elementor-top-column elementor-element elementor-element-ozurioa\" data-id=\"ozurioa\" data-element_type=\"column\">\n\t\t\t<div class=\"elementor-widget-wrap elementor-element-populated\">\n\t\t\t\t\t\t<div class=\"elementor-element elementor-element-j0v00l9 elementor-widget elementor-widget-image\" data-id=\"j0v00l9\" data-element_type=\"widget\" data-widget_type=\"image.default\">\n\t\t\t\t<div class=\"elementor-widget-container\">\n\t\t\t\t\t\t\t\t\t\t\t\t\t<img loading=\"lazy\" decoding=\"async\" width=\"342\" height=\"480\" src=\"http:\/\/www.josemariatornay.com\/wp-content\/uploads\/2016\/12\/Portada-Cuqui-copia.jpg\" class=\"attachment-large size-large wp-image-12543\" alt=\"\" srcset=\"http:\/\/www.josemariatornay.com\/wp-content\/uploads\/2016\/12\/Portada-Cuqui-copia.jpg 342w, http:\/\/www.josemariatornay.com\/wp-content\/uploads\/2016\/12\/Portada-Cuqui-copia-214x300.jpg 214w\" sizes=\"(max-width: 342px) 100vw, 342px\" \/>\t\t\t\t\t\t\t\t\t\t\t\t\t<\/div>\n\t\t\t\t<\/div>\n\t\t\t\t\t<\/div>\n\t\t<\/div>\n\t\t\t\t<div class=\"elementor-column elementor-col-50 elementor-top-column elementor-element elementor-element-x5bki7g\" data-id=\"x5bki7g\" data-element_type=\"column\">\n\t\t\t<div class=\"elementor-widget-wrap elementor-element-populated\">\n\t\t\t\t\t\t<div class=\"elementor-element elementor-element-s25uusm elementor-widget elementor-widget-image\" data-id=\"s25uusm\" data-element_type=\"widget\" data-widget_type=\"image.default\">\n\t\t\t\t<div class=\"elementor-widget-container\">\n\t\t\t\t\t\t\t\t\t\t\t\t\t<img loading=\"lazy\" decoding=\"async\" width=\"315\" height=\"480\" src=\"http:\/\/www.josemariatornay.com\/wp-content\/uploads\/2016\/11\/Portada-Cuqui-1.jpg\" class=\"attachment-large size-large wp-image-12555\" alt=\"\" srcset=\"http:\/\/www.josemariatornay.com\/wp-content\/uploads\/2016\/11\/Portada-Cuqui-1.jpg 315w, http:\/\/www.josemariatornay.com\/wp-content\/uploads\/2016\/11\/Portada-Cuqui-1-197x300.jpg 197w\" sizes=\"(max-width: 315px) 100vw, 315px\" \/>\t\t\t\t\t\t\t\t\t\t\t\t\t<\/div>\n\t\t\t\t<\/div>\n\t\t\t\t\t<\/div>\n\t\t<\/div>\n\t\t\t\t\t<\/div>\n\t\t<\/section>\n\t\t\t\t<section class=\"elementor-section elementor-top-section elementor-element elementor-element-hr2lfhk elementor-section-boxed elementor-section-height-default elementor-section-height-default\" data-id=\"hr2lfhk\" data-element_type=\"section\">\n\t\t\t\t\t\t<div class=\"elementor-container elementor-column-gap-default\">\n\t\t\t\t\t<div class=\"elementor-column elementor-col-100 elementor-top-column elementor-element elementor-element-xpypeiu\" data-id=\"xpypeiu\" data-element_type=\"column\">\n\t\t\t<div class=\"elementor-widget-wrap elementor-element-populated\">\n\t\t\t\t\t\t<div class=\"elementor-element elementor-element-ucskw79 elementor-widget elementor-widget-heading\" data-id=\"ucskw79\" data-element_type=\"widget\" data-widget_type=\"heading.default\">\n\t\t\t\t<div class=\"elementor-widget-container\">\n\t\t\t<h2 class=\"elementor-heading-title elementor-size-default\">INTRODUCCI\u00d3N<\/h2>\t\t<\/div>\n\t\t\t\t<\/div>\n\t\t\t\t<div class=\"elementor-element elementor-element-h2amkl0 elementor-widget elementor-widget-text-editor\" data-id=\"h2amkl0\" data-element_type=\"widget\" data-widget_type=\"text-editor.default\">\n\t\t\t\t<div class=\"elementor-widget-container\">\n\t\t\t\t\t\t\t<p>INTRODUCCI\u00d3N<\/p><p>Cuando yo era un ni\u00f1o tuve la inmensa fortuna de recalar en esa parte de Ronda poblada de campanas y campanarios, de jardines foresterianos, de callejones misteriosos, de palacios abandonados y casas destartaladas, de personajes curiosos y extravagantes, costumbres ancestrales, braseros de cisco y ventanas de rejas exhalando suspiros y olores a pucheros y guisos precarios, exquisitos y apetitosos.<br \/>Ven\u00eda de un mundo rural y agrario, entra\u00f1able y enriquecedor y aqu\u00ed encontr\u00e9 la parte que me faltaba, la que el campo no pod\u00eda darme: el bullicio de las calles, el resplandor de la ciudad so\u00f1ada, el horizonte de un futuro en ciernes. Frente a la sencillez acogedora de aquella vida recogida, aparec\u00eda la complejidad de un universo lleno de escaparates, cines, luces de ne\u00f3n y un atisbo de la prisa que m\u00e1s tarde terminar\u00eda convirti\u00e9ndose en la plaga y pesadilla del fin de siglo. Y en ella seguimos.<br \/>Eran tiempos en los que hab\u00eda que pelear la existencia a diario, jugarse el presente partido a partido, en expresi\u00f3n que actualmente ha puesto de moda un entrenador exitoso de nuestro f\u00fatbol. Tiempos en los que los \u00fanicos excesos ven\u00edan del lado de las ilusiones, de los sue\u00f1os, de las quimeras. Las fiestas, las comidas, la ropa, los viajes, estaban estrictamente racionados. Fuimos hijos de la sobriedad, la circunspecci\u00f3n y la escasez.<br \/>Tiempos de beatas, de solteronas, de alg\u00fan que otro borracho vociferante y medidor de callejones sinuosos, vendedores ambulantes, afiladores, carpinteros lindantes con tallistas\u2026 Todos ellos conformando el paisaje humano de un barrio en el que la historia hab\u00eda dejado sus huellas de alta alcurnia y fr\u00e1gil presente en forma de portales con abolengo, fachadas enjundiosas, torres altivas y orgullosas e interiores inh\u00f3spitos y desheredados.<br \/>Tiempos de misa obligatoria, de tabernas con olor rancio de vino derramado, de aceitunas y queso, de mortadela y sardinas en arenque. De procesiones desvalidas y cuaresmas rigurosas; de mucha pena y algunas alegr\u00edas, de tanto luto como hipocres\u00eda social. De navidades escuetas al calor de un mantecado y una copa de aguardiente, de \u201cBa\u00f1o de los Hombres\u201d y \u201cChopalea\u201d, de \u201cLourdes\u201d y \u201cEl Hond\u00f3n\u201d, de \u201cDieciocho de julio\u201d y \u201cCorpus Christi\u201d.<br \/>Pero esa precariedad material fue activando todos los resortes de nuestra creatividad para ponernos en condiciones de sacar de donde no hab\u00eda, de buscar lo que no exist\u00eda, de pelear por un futuro incierto y, aparentemente, imposible. Tanto val\u00eda la picaresca como el ingenio, el enchufe como la recomendaci\u00f3n.<br \/>Y en este contexto en blanco y negro de los a\u00f1os sesenta, donde predominaba el gris y las sombras oscurec\u00edan las pocas luces que alumbraban nuestras pobres y calenturientas cabezas, el nombre de \u201cEl Cuqui\u201d activaba quimeras y fantas\u00edas. Se le citaba, se hablaba de \u00e9l en las casas, se le ten\u00eda por un personaje, raro pero especial. Alguien que sobrevolaba la vulgar cotidianeidad de un tiempo empobrecido y empobrecedor. Alguien que poco tiempo despu\u00e9s termin\u00f3 confirmando la bohemia que ya apuntaba, forj\u00e1ndose dentro de s\u00ed un personaje peculiar, trotamundos, pintor, guitarrista, so\u00f1ador y aventurero, entre otras muchas cosas.<br \/>Y en ese ambiente empez\u00f3 a tejer su historia Antonio, a construir su personaje. Los seres humanos nunca estamos terminados, nos vamos haciendo poco a poco y nunca damos por rematada esa tarea. Vivir es forjarse, construirse sin descanso\u2026<br \/>Decir Cuqui es decir Ronda. Cuenta \u00e9l que cada vez que le han preguntado su procedencia contesta sin ning\u00fan titubeo: Ronda. Luego cita a M\u00e1laga, a Andaluc\u00eda y a Espa\u00f1a. Pero, en primer lugar, Ronda, su tierra, su calle, su barrio, \u00abLa Ciudad\u201d, su Puente y su Tajo, grabados a fuego en su alma de ap\u00e1trida.<br \/>Decir Cuqui es decir guitarra, Jap\u00f3n, pintura, bohemia. Decir Cuqui es decir broma, ocurrencia, chanza, buen humor.<br \/>Antonio Gonz\u00e1lez sigue viviendo a su ritmo, con su propio comp\u00e1s. A contratiempo de este mundo acelerado y vertiginoso que nos ha tocado transitar. Frente a tanta vor\u00e1gine \u00e9l sigue imponiendo su cadencia lenta, convencido de que lo que tenga que ser ser\u00e1. Despacio, que el arte y las prisas son malos compa\u00f1eros y amigos imposibles.<br \/>Y aqu\u00ed sigo yo tambi\u00e9n, en mi barrio de siempre, espero que por mucho tiempo, rodeado del mismo esp\u00edritu medieval que destilan templos y calles y plazoletas, mezclado con ese aire falsamente cosmopolita de un turismo invasor y contaminante. Y aqu\u00ed, en La Ciudad, nuestro barrio, el barrio del \u201cCuqui\u201d, seguimos recordando gestas infantiles y disfrutando de estos rincones donde sigue agazapado y escondido el ni\u00f1o que ambos llevamos dentro.<br \/>Antonio Gonz\u00e1lez Mu\u00f1oz, \u201cEl Cuqui\u201d de sobrenombre. Antonio, la persona sensible\u2026 \u201cCuqui\u201d, el personaje, forjado a golpe de talento, de arte, de maestr\u00eda.<\/p><p>En el caso de Antonio y no es esto algo com\u00fan, detr\u00e1s del personaje, construido por \u00e9l, hay una persona. En este caso s\u00ed; no siempre es tan sencillo mantener dentro de aquel a \u00e9sta. Muchas veces las personas sucumben a la fuerza o a la frivolidad o a la banalidad de los personajes que las cubren como una segunda piel grotesca y p\u00e9trea que las esconde y oculta para siempre. Pero Antonio ha sabido mantener siempre viva, di\u00e1fana, activa y en plena forma la persona juguetona, traviesa e inquieta que lo puebla. Nunca el personaje ha sido capaz de disimular al ser humano que lo construy\u00f3; nunca el efecto fue m\u00e1s importante que la causa; siempre prevaleci\u00f3 su humanidad sobre su criatura, ese personaje bohemio, valiente y atrevido.<\/p><p>Pero no hay que pensar que la diferencia esencial entre persona y personaje es que aqu\u00e9lla nace y \u00e9ste se hace. No es as\u00ed. Si es bien cierto que el personaje es una construcci\u00f3n, no lo es menos que la persona nunca es un ser acabado, rotundo, rematado. El ser humano se va haciendo d\u00eda a d\u00eda, decisi\u00f3n a decisi\u00f3n, paso a paso. Fracasos y \u00e9xitos, risas y llantos, certezas y dudas lo van conformando continuamente, en un proceso que indefectiblemente dura toda la vida.<\/p><p>Y Antonio, que en su tiempo construy\u00f3 un personaje atrevido y audaz, nunca ha dejado de cultivar a esa persona que sigue latiendo y controlando a aquel que \u00e9l mismo edific\u00f3.<br \/>Lo m\u00e1s valioso de Antonio Gonz\u00e1lez, \u201cEl Cuqui\u201d es la espontaneidad. Jam\u00e1s tiene nada preparado; simplemente surge. Tanto su toque como su palabra son el resultado de la inspiraci\u00f3n del momento. Lo que dicta el instante va marcando el camino de sus respuestas. Le da igual lo que queda y c\u00f3mo queda; lo que piensen o lo que digan de \u00e9l. Vivir es ajustarse a ese soplo de la vida que pasa sin remisi\u00f3n, acomodarse a su paso, aunque intentando, en lo posible, que se ajuste al propio comp\u00e1s.<br \/>Ir con \u00e9l por la calle es exponerse a no andar m\u00e1s de cincuenta metros en una hora. Para cada comerciante tiene una palabra; para cada camarero dispone de una broma; para cada transe\u00fante, una sonrisa divertida o un gesto c\u00f3mico. Ese es Antonio, un hombre cordial y generoso, desprendido y solidario. Un hombre que nunca tuvo ning\u00fan af\u00e1n de tener ni de atesorar ni de rendir ning\u00fan culto al materialismo. Pudo hacerse millonario en su etapa japonesa, pero el precio era demasiado caro, demasiado costoso. La propia libertad es el mayor patrimonio para la gente que, como Antonio, considera que vivir no es tener, sino sentir, participar, amar, relacionarse. Pero su patrimonio espiritual, que se vio muy incrementado en su aventura japonesa, s\u00ed que lo atesora con mimo y con aut\u00e9ntica avaricia. Esa es la \u00fanica fortuna que le interesa. La que es capaz de acumular un esp\u00edritu libre como el suyo. Un esp\u00edritu libre dentro de un hombre sencillo, que ha sido capaz de vivir, no obstante, una existencia complicada. Un artista bohemio. Un ronde\u00f1o singular y \u00fanico.<\/p><p>En el libro titulado \u201cRonda. Dos miradas diferentes sobre una ciudad \u00fanica\u201d, en el que el autor de esta semblanza, en colaboraci\u00f3n con nuestro amigo com\u00fan Jos\u00e9 Mar\u00eda Ortega, glos\u00e1bamos las calles, plazas, casas, monumentos y personajes de Ronda, la figura de Antonio me atrajo estos versos, que juntos forman un soneto y que creo viene a cuento reproducir en esta introducci\u00f3n a sus andanzas.<\/p><p style=\"text-align: center;\">A lomos del caballo de su arte<br \/>has llenado de arpegios medio mundo,<br \/>con \u00e1nimo flem\u00e1tico y rotundo,<br \/>llevando a Ronda siempre de estandarte.<\/p><p style=\"text-align: center;\">Con luces de bohemia has alumbrado<br \/>un camino entre Oriente y Occidente<br \/>y con rigor de artista has demostrado<br \/>que no hay nada m\u00e1s grande que la gente.<\/p><p style=\"text-align: center;\">Tu sue\u00f1o ha sido un lienzo, una quimera,<br \/>pintado con jirones de tu vida<br \/>que te bebes a tragos, sin medida,<\/p><p style=\"text-align: center;\">de tu guitarra s\u00f3lo prisionera;<br \/>por notas y pinceles convertida<br \/>en pl\u00e1cida y eterna primavera.<\/p>\t\t\t\t\t\t<\/div>\n\t\t\t\t<\/div>\n\t\t\t\t\t<\/div>\n\t\t<\/div>\n\t\t\t\t\t<\/div>\n\t\t<\/section>\n\t\t\t\t<\/div>\n\t\t","protected":false},"excerpt":{"rendered":"<p>No estoy autorizado a regalar este libro. Aunque soy el autor, no poseo los derechos. Quienes est\u00e9n interesados en \u00e9l deber\u00e1n adquirirlo en librer\u00edas. Ya est\u00e1 a la venta en Ronda y, a partir del 1 de marzo en todas la librer\u00edas importantes del mundo. Haciendo clic en el siguiente enlace puedes acceder a su [&hellip;]<\/p>\n","protected":false},"author":1,"featured_media":0,"parent":0,"menu_order":0,"comment_status":"closed","ping_status":"closed","template":"","meta":{"_aioseop_title":"","_aioseop_description":"","ngg_post_thumbnail":0,"footnotes":""},"_links":{"self":[{"href":"http:\/\/www.josemariatornay.com\/index.php\/wp-json\/wp\/v2\/pages\/5909"}],"collection":[{"href":"http:\/\/www.josemariatornay.com\/index.php\/wp-json\/wp\/v2\/pages"}],"about":[{"href":"http:\/\/www.josemariatornay.com\/index.php\/wp-json\/wp\/v2\/types\/page"}],"author":[{"embeddable":true,"href":"http:\/\/www.josemariatornay.com\/index.php\/wp-json\/wp\/v2\/users\/1"}],"replies":[{"embeddable":true,"href":"http:\/\/www.josemariatornay.com\/index.php\/wp-json\/wp\/v2\/comments?post=5909"}],"version-history":[{"count":0,"href":"http:\/\/www.josemariatornay.com\/index.php\/wp-json\/wp\/v2\/pages\/5909\/revisions"}],"wp:attachment":[{"href":"http:\/\/www.josemariatornay.com\/index.php\/wp-json\/wp\/v2\/media?parent=5909"}],"curies":[{"name":"wp","href":"https:\/\/api.w.org\/{rel}","templated":true}]}}