{"id":6433,"date":"2016-11-26T18:25:14","date_gmt":"2016-11-26T17:25:14","guid":{"rendered":"http:\/\/www.josemariatornay.com\/?page_id=6433"},"modified":"2016-11-26T18:25:14","modified_gmt":"2016-11-26T17:25:14","slug":"gala-voltasur","status":"publish","type":"page","link":"http:\/\/www.josemariatornay.com\/index.php\/gala-voltasur\/","title":{"rendered":"Gala Voltasur"},"content":{"rendered":"<p style=\"text-align: justify;\"><strong>No tengo ning\u00fan testimonio gr\u00e1fico de nuestra actuaci\u00f3n ni de ninguna otra de las que se dieron en este acto ben\u00e9fico y solidario.<\/strong><br \/>\n(Del diario SUR)<br \/>\nTienen apenas seis y cuatro a\u00f1os; son hermanos, y est\u00e1n afectados por una enfermedad rara que sufren uno de cada 250.000 ni\u00f1os pero que se ha cebado con la familia de Nerea y Javi, cuya madre, Eva Lara, ha pedido ayuda a los ronde\u00f1os para poder sufragar el coste de los tratamientos que necesitan sus hijos.<br \/>\nCuando naci\u00f3\u2008Nerea, su madre supo que algo ocurr\u00eda, y acab\u00f3 sabiendo que sufr\u00eda el llamado S\u00edndrome de Peters, que afecta no s\u00f3lo a la formaci\u00f3n de los ojos de los afectados, sino que produce otros muchos problemas vinculados a la estatura o el tono muscular, e incluso a los \u00f3rganos. Y es por ello que, para no dejar s\u00f3lo a la peque\u00f1a, \u201cpara ayudar a Nerea\u201d, Eva y su marido decidieron tener otro hijo; y\u2008Javi tambi\u00e9n sufre la enfermedad.<br \/>\nLoading<br \/>\nSu hija s\u00f3lo tiene visi\u00f3n en un ojo; el peque\u00f1o no ve. Estos d\u00edas, tras sufrir una operaci\u00f3n, tras m\u00e1s de una decena de intervenciones, sigue ingresado.<br \/>\nY los peque\u00f1os necesitan todo tipo de terapias y ayudas que la familia no puede costear. Su padre ha tenido que marchar fuera de Espa\u00f1a para trabajar como camionero;\u2008su madre, que trabaj\u00f3 durante a\u00f1os como contable en la empresa ronde\u00f1a Voltasur, tuvo que dejar el trabajo. Y es por ello que su antigua empresa ha pensado en celebrar un gran evento, que tendr\u00e1 lugar el pr\u00f3ximo s\u00e1bado d\u00eda 28 de marzo en el complejo de la carretera de Sevilla, adonde piden a los ronde\u00f1os que acudan para recaudar fondos para la familia: \u201cEva era una buen\u00edsima trabajadora, y su empresa y sus compa\u00f1eros decidimos organizar algo para ayudarla, conocedores de su problema. Tras tener a Nerea sigui\u00f3 trabajando con nosotros, pero todo se fue complicando para ella. No hemos perdido el contacto, y pensamos en ayudarla\u201d, dijo a RONDA SEMANAL Salvador P\u00e9rez, el responsable de Voltasur.<br \/>\nExplic\u00f3 c\u00f3mo el evento pensado para este pr\u00f3ximo s\u00e1bado naci\u00f3 con un compromiso: que cada empleado de Voltasur lograra llevar para comer una paella solidaria, al menos, a 50 personas. Ahora, se est\u00e1 preparando un arroz para unas 2.500 personas por haberse desbordado las expectativas de afluencia de ronde\u00f1os y serranos solidarios, y tras haber mostrado su apoyo numerosos vecinos, instituciones y colectivos.<br \/>\nAs\u00ed, adem\u00e1s del arroz solidario, del que se encargar\u00e1n un grupo de vecinos del Llano de la Cruz, el lugar en el que vive la familia de Nerea y Javi, habr\u00e1 actuaciones;\u2008han confirmado su asistencia Mar\u00eda Villal\u00f3n o los artistas del programa \u2018Se llama Copla\u2019 Jes\u00fas Gonz\u00e1lez y Laura Gallego; estar\u00e1 adem\u00e1s, el grupo \u2018Entreamigos\u2019, as\u00ed como el grupo de Zumba de Fit Factory. Y Salvador Gallardo o DJ\u2008Gallo. Habr\u00e1 castillos hinchables y otros juegos para ni\u00f1os, con monitores para cuidar a los ni\u00f1os que asistan con sus padres, que podr\u00e1n realizar numerosas actividades. Estar\u00e1n tambi\u00e9n los bomberos, as\u00ed como La\u2008Legi\u00f3n. Y\u2008las empresas de autobuses de Ronda han ofrecido gratuitamente tres l\u00edneas para llevar a los ronde\u00f1os hasta Voltasur, pasando por los distintos barrios de la ciudad e incluso con una lanzadera desde el recinto ferial, adonde se habilitar\u00e1 el aparcamiento, que ser\u00e1 tambi\u00e9n gratuito.<br \/>\n\u201cEstamos muy contentos por c\u00f3mo ha crecido este proyecto con la ayuda de mucha gente, que quiere colaborar y ayudar a Nerea y a Javi\u201d, explic\u00f3 Salvador P\u00e9rez, el responsable de la conocida empresa Voltasur.<br \/>\nJunto a Voltasur colaboran el Ayuntamiento de Ronda y el de Arriate, as\u00ed como Unicaja, adem\u00e1s de numerosas personas que, a t\u00edtulo personal, ayudar\u00e1n para que la organizaci\u00f3n del evento sea la mejor posible.<\/p>\n","protected":false},"excerpt":{"rendered":"<p>No tengo ning\u00fan testimonio gr\u00e1fico de nuestra actuaci\u00f3n ni de ninguna otra de las que se dieron en este acto ben\u00e9fico y solidario. (Del diario SUR) Tienen apenas seis y cuatro a\u00f1os; son hermanos, y est\u00e1n afectados por una enfermedad rara que sufren uno de cada 250.000 ni\u00f1os pero que se ha cebado con la [&hellip;]<\/p>\n","protected":false},"author":1,"featured_media":0,"parent":0,"menu_order":0,"comment_status":"closed","ping_status":"closed","template":"","meta":{"_aioseop_title":"","_aioseop_description":"","ngg_post_thumbnail":0,"footnotes":""},"_links":{"self":[{"href":"http:\/\/www.josemariatornay.com\/index.php\/wp-json\/wp\/v2\/pages\/6433"}],"collection":[{"href":"http:\/\/www.josemariatornay.com\/index.php\/wp-json\/wp\/v2\/pages"}],"about":[{"href":"http:\/\/www.josemariatornay.com\/index.php\/wp-json\/wp\/v2\/types\/page"}],"author":[{"embeddable":true,"href":"http:\/\/www.josemariatornay.com\/index.php\/wp-json\/wp\/v2\/users\/1"}],"replies":[{"embeddable":true,"href":"http:\/\/www.josemariatornay.com\/index.php\/wp-json\/wp\/v2\/comments?post=6433"}],"version-history":[{"count":0,"href":"http:\/\/www.josemariatornay.com\/index.php\/wp-json\/wp\/v2\/pages\/6433\/revisions"}],"wp:attachment":[{"href":"http:\/\/www.josemariatornay.com\/index.php\/wp-json\/wp\/v2\/media?parent=6433"}],"curies":[{"name":"wp","href":"https:\/\/api.w.org\/{rel}","templated":true}]}}