{"id":7743,"date":"2016-11-28T19:34:18","date_gmt":"2016-11-28T18:34:18","guid":{"rendered":"http:\/\/www.josemariatornay.com\/?page_id=7743"},"modified":"2020-04-13T22:42:42","modified_gmt":"2020-04-13T21:42:42","slug":"cicerone-y-trovador-introduccion","status":"publish","type":"page","link":"http:\/\/www.josemariatornay.com\/index.php\/cicerone-y-trovador-introduccion\/","title":{"rendered":"Cicerone y Trovador: Introducci\u00f3n"},"content":{"rendered":"\t\t<div data-elementor-type=\"wp-page\" data-elementor-id=\"7743\" class=\"elementor elementor-7743 elementor-bc-flex-widget\">\n\t\t\t\t\t\t<section class=\"elementor-section elementor-top-section elementor-element elementor-element-57a elementor-section-boxed elementor-section-height-default elementor-section-height-default\" data-id=\"57a\" data-element_type=\"section\">\n\t\t\t\t\t\t<div class=\"elementor-container elementor-column-gap-default\">\n\t\t\t\t\t<div class=\"elementor-column elementor-col-100 elementor-top-column elementor-element elementor-element-19f6\" data-id=\"19f6\" data-element_type=\"column\">\n\t\t\t<div class=\"elementor-widget-wrap elementor-element-populated\">\n\t\t\t\t\t\t<div class=\"elementor-element elementor-element-4f66 elementor-widget elementor-widget-text-editor\" data-id=\"4f66\" data-element_type=\"widget\" data-widget_type=\"text-editor.default\">\n\t\t\t\t<div class=\"elementor-widget-container\">\n\t\t\t<style>\/*! elementor - v3.20.0 - 20-03-2024 *\/\n.elementor-widget-text-editor.elementor-drop-cap-view-stacked .elementor-drop-cap{background-color:#69727d;color:#fff}.elementor-widget-text-editor.elementor-drop-cap-view-framed .elementor-drop-cap{color:#69727d;border:3px solid;background-color:transparent}.elementor-widget-text-editor:not(.elementor-drop-cap-view-default) .elementor-drop-cap{margin-top:8px}.elementor-widget-text-editor:not(.elementor-drop-cap-view-default) .elementor-drop-cap-letter{width:1em;height:1em}.elementor-widget-text-editor .elementor-drop-cap{float:left;text-align:center;line-height:1;font-size:50px}.elementor-widget-text-editor .elementor-drop-cap-letter{display:inline-block}<\/style>\t\t\t\t<div class=\"art-content-layout\"><div class=\"art-content-layout-row\"><div class=\"art-layout-cell\" style=\"width: 25%;\"><p style=\"text-align: center;\"><img decoding=\"async\" class=\"art-lightbox\" src=\"http:\/\/jmtornay.esy.es\/wp-content\/uploads\/2016\/11\/ortega.jpg\" alt=\"\" width=\"100\" height=\"84\" \/><\/p><\/div><div class=\"art-layout-cell\" style=\"width: 50%;\">Tener la suerte de que un sabio te introduzca en las entra\u00f1as de nuestra querida Ronda es un privilegio s\u00f3lo al alcance de turistas despistados, que en ning\u00fan caso se quedan con el cante en toda su profundidad, porque ellos andan de paso y con un inter\u00e9s no m\u00e1s que superficial en estos asuntos.<br \/>Pero nosotros, los que frecuentamos este espacio que nos permiten las nuevas tecnolog\u00edas, estamos de enhorabuena. El mayor conocedor de su pueblo, el m\u00e1s enamorado de su tierra, el mayor adalid de sus virtudes y de su alma, est\u00e1 aqu\u00ed, a nuestra disposici\u00f3n, para traernos su mirada audaz y penetrante, el palpitar de sus pies, gastados en recorrerla d\u00eda tras d\u00eda hasta imbuirse de su esp\u00edritu.<br \/>Pero sus retratos, sus impresiones, sus esbozos, no se quedar\u00e1n en el dato, en la cifra o en la fecha, en los nombres o en las circunstancias; para eso est\u00e1n las historias, las enciclopedias y las p\u00e1ginas tem\u00e1ticas. Jos\u00e9 M\u00aa Ortega trascender\u00e1 los detalles y nos transmitir\u00e1 el alma palpitante de cada barrio, de cada calle, de cada rinc\u00f3n. Nos traer\u00e1 el esp\u00edritu de cada templo, de cada monumento, de cada paisaje. Su mirada se fijar\u00e1 de forma especial en la sustancia, es decir, en el sentir del pueblo, en el sabor de lo popular, de lo que alienta y sustancia el modo de ser y la idiosincrasia de un lugar. El mito, la leyenda, la an\u00e9cdota, que definen mejor que la fr\u00eda estad\u00edstica, ser\u00e1n el soporte de sus andanzas por estas p\u00e1ginas que queremos llenar de todo aquello que Ronda tiene en su piel y en sus m\u00e1s escondidos interiores.<br \/>Yo, (algo ten\u00eda que aportar), me encargar\u00e9 de incitar con im\u00e1genes vivas y c\u00e1lidas, los frescos que Jos\u00e9 M\u00aa nos ir\u00e1 desglosando en cada uno de los momentos m\u00e1gicos que nos esperan. Pondr\u00e9, igualmente, un puntito de aliento po\u00e9tico a estos apuntes impresionistas, a estas im\u00e1genes de ensue\u00f1o, que apenas necesitan de los versos, pues ellas en s\u00ed mismas ya son poes\u00eda de piedra y de luz.<\/div><div class=\"art-layout-cell\" style=\"width: 25%;\"><p style=\"text-align: center;\"><img decoding=\"async\" class=\"art-lightbox\" src=\"http:\/\/jmtornay.esy.es\/wp-content\/uploads\/2016\/11\/J.M\u00aaTornay.jpg\" alt=\"\" width=\"100\" height=\"104\" \/><\/p><\/div><\/div><\/div>\t\t\t\t\t\t<\/div>\n\t\t\t\t<\/div>\n\t\t\t\t\t<\/div>\n\t\t<\/div>\n\t\t\t\t\t<\/div>\n\t\t<\/section>\n\t\t\t\t<\/div>\n\t\t","protected":false},"excerpt":{"rendered":"<p>Tener la suerte de que un sabio te introduzca en las entra\u00f1as de nuestra querida Ronda es un privilegio s\u00f3lo al alcance de turistas despistados, que en ning\u00fan caso se quedan con el cante en toda su profundidad, porque ellos andan de paso y con un inter\u00e9s no m\u00e1s que superficial en estos asuntos.Pero nosotros, [&hellip;]<\/p>\n","protected":false},"author":1,"featured_media":0,"parent":0,"menu_order":0,"comment_status":"closed","ping_status":"closed","template":"","meta":{"_aioseop_title":"Cicerone y Trovador: Introducci\u00f3n ","_aioseop_description":"","ngg_post_thumbnail":0,"footnotes":""},"_links":{"self":[{"href":"http:\/\/www.josemariatornay.com\/index.php\/wp-json\/wp\/v2\/pages\/7743"}],"collection":[{"href":"http:\/\/www.josemariatornay.com\/index.php\/wp-json\/wp\/v2\/pages"}],"about":[{"href":"http:\/\/www.josemariatornay.com\/index.php\/wp-json\/wp\/v2\/types\/page"}],"author":[{"embeddable":true,"href":"http:\/\/www.josemariatornay.com\/index.php\/wp-json\/wp\/v2\/users\/1"}],"replies":[{"embeddable":true,"href":"http:\/\/www.josemariatornay.com\/index.php\/wp-json\/wp\/v2\/comments?post=7743"}],"version-history":[{"count":0,"href":"http:\/\/www.josemariatornay.com\/index.php\/wp-json\/wp\/v2\/pages\/7743\/revisions"}],"wp:attachment":[{"href":"http:\/\/www.josemariatornay.com\/index.php\/wp-json\/wp\/v2\/media?parent=7743"}],"curies":[{"name":"wp","href":"https:\/\/api.w.org\/{rel}","templated":true}]}}