{"id":8140,"date":"2016-12-02T17:18:36","date_gmt":"2016-12-02T16:18:36","guid":{"rendered":"http:\/\/www.josemariatornay.com\/?page_id=8140"},"modified":"2017-01-02T22:58:12","modified_gmt":"2017-01-02T21:58:12","slug":"homenaje-a-jose-maria-ortega","status":"publish","type":"page","link":"http:\/\/www.josemariatornay.com\/index.php\/homenaje-a-jose-maria-ortega\/","title":{"rendered":"Homenaje a Jos\u00e9 Mar\u00eda Ortega"},"content":{"rendered":"\t\t<div data-elementor-type=\"wp-page\" data-elementor-id=\"8140\" class=\"elementor elementor-8140 elementor-bc-flex-widget\">\n\t\t\t\t\t\t<section class=\"elementor-section elementor-top-section elementor-element elementor-element-ldokrjo elementor-section-boxed elementor-section-height-default elementor-section-height-default\" data-id=\"ldokrjo\" data-element_type=\"section\">\n\t\t\t\t\t\t<div class=\"elementor-container elementor-column-gap-default\">\n\t\t\t\t\t<div class=\"elementor-column elementor-col-100 elementor-top-column elementor-element elementor-element-isziuij\" data-id=\"isziuij\" data-element_type=\"column\">\n\t\t\t<div class=\"elementor-widget-wrap elementor-element-populated\">\n\t\t\t\t\t\t<div class=\"elementor-element elementor-element-ezfqsux elementor-widget elementor-widget-text-editor\" data-id=\"ezfqsux\" data-element_type=\"widget\" data-widget_type=\"text-editor.default\">\n\t\t\t\t<div class=\"elementor-widget-container\">\n\t\t\t<style>\/*! elementor - v3.20.0 - 20-03-2024 *\/\n.elementor-widget-text-editor.elementor-drop-cap-view-stacked .elementor-drop-cap{background-color:#69727d;color:#fff}.elementor-widget-text-editor.elementor-drop-cap-view-framed .elementor-drop-cap{color:#69727d;border:3px solid;background-color:transparent}.elementor-widget-text-editor:not(.elementor-drop-cap-view-default) .elementor-drop-cap{margin-top:8px}.elementor-widget-text-editor:not(.elementor-drop-cap-view-default) .elementor-drop-cap-letter{width:1em;height:1em}.elementor-widget-text-editor .elementor-drop-cap{float:left;text-align:center;line-height:1;font-size:50px}.elementor-widget-text-editor .elementor-drop-cap-letter{display:inline-block}<\/style>\t\t\t\t<!-- default-view.php -->\n<div\n\tclass=\"ngg-galleryoverview default-view \n\t ngg-ajax-pagination-none\t\"\n\tid=\"ngg-gallery-67aa20b6d032e64cdd41acc67eda5697-1\">\n\n\t\t<!-- Thumbnails -->\n\t\t\t\t<div id=\"ngg-image-0\" class=\"ngg-gallery-thumbnail-box \n\t\t\t\t\t\t\t\tngg-3-columns\t\t\t\" \n\t\t\t>\n\t\t\t\t\t\t<div class=\"ngg-gallery-thumbnail\">\n\t\t\t<a href=\"http:\/\/www.josemariatornay.com\/\/wp-content\/gallery\/homenaje-a-jose-maria-ortega\/1-20150529_214815-2.jpg\"\n\t\t\t\ttitle=\"\"\n\t\t\t\tdata-src=\"http:\/\/www.josemariatornay.com\/\/wp-content\/gallery\/homenaje-a-jose-maria-ortega\/1-20150529_214815-2.jpg\"\n\t\t\t\tdata-thumbnail=\"http:\/\/www.josemariatornay.com\/\/wp-content\/gallery\/homenaje-a-jose-maria-ortega\/thumbs\/thumbs_1-20150529_214815-2.jpg\"\n\t\t\t\tdata-image-id=\"634\"\n\t\t\t\tdata-title=\"Homenaje a Ortega 1\"\n\t\t\t\tdata-description=\"\"\n\t\t\t\tdata-image-slug=\"1-20150529_214815-2-1\"\n\t\t\t\tclass=\"ngg-fancybox\" rel=\"67aa20b6d032e64cdd41acc67eda5697\">\n\t\t\t\t<img\n\t\t\t\t\ttitle=\"Homenaje a Ortega 1\"\n\t\t\t\t\talt=\"Homenaje a Ortega 1\"\n\t\t\t\t\tsrc=\"http:\/\/www.josemariatornay.com\/\/wp-content\/gallery\/homenaje-a-jose-maria-ortega\/thumbs\/thumbs_1-20150529_214815-2.jpg\"\n\t\t\t\t\twidth=\"240\"\n\t\t\t\t\theight=\"160\"\n\t\t\t\t\tstyle=\"max-width:100%;\"\n\t\t\t\t\/>\n\t\t\t<\/a>\n\t\t<\/div>\n\t\t\t\t\t\t\t<\/div> \n\t\t\t\n\t\t\t\t<div id=\"ngg-image-1\" class=\"ngg-gallery-thumbnail-box \n\t\t\t\t\t\t\t\tngg-3-columns\t\t\t\" \n\t\t\t>\n\t\t\t\t\t\t<div class=\"ngg-gallery-thumbnail\">\n\t\t\t<a href=\"http:\/\/www.josemariatornay.com\/\/wp-content\/gallery\/homenaje-a-jose-maria-ortega\/2-20150529_214832-1.jpg\"\n\t\t\t\ttitle=\"\"\n\t\t\t\tdata-src=\"http:\/\/www.josemariatornay.com\/\/wp-content\/gallery\/homenaje-a-jose-maria-ortega\/2-20150529_214832-1.jpg\"\n\t\t\t\tdata-thumbnail=\"http:\/\/www.josemariatornay.com\/\/wp-content\/gallery\/homenaje-a-jose-maria-ortega\/thumbs\/thumbs_2-20150529_214832-1.jpg\"\n\t\t\t\tdata-image-id=\"635\"\n\t\t\t\tdata-title=\"Homenaje a Ortega 2\"\n\t\t\t\tdata-description=\"\"\n\t\t\t\tdata-image-slug=\"2-20150529_214832-1-1\"\n\t\t\t\tclass=\"ngg-fancybox\" rel=\"67aa20b6d032e64cdd41acc67eda5697\">\n\t\t\t\t<img\n\t\t\t\t\ttitle=\"Homenaje a Ortega 2\"\n\t\t\t\t\talt=\"Homenaje a Ortega 2\"\n\t\t\t\t\tsrc=\"http:\/\/www.josemariatornay.com\/\/wp-content\/gallery\/homenaje-a-jose-maria-ortega\/thumbs\/thumbs_2-20150529_214832-1.jpg\"\n\t\t\t\t\twidth=\"240\"\n\t\t\t\t\theight=\"160\"\n\t\t\t\t\tstyle=\"max-width:100%;\"\n\t\t\t\t\/>\n\t\t\t<\/a>\n\t\t<\/div>\n\t\t\t\t\t\t\t<\/div> \n\t\t\t\n\t\t\t\t<div id=\"ngg-image-2\" class=\"ngg-gallery-thumbnail-box \n\t\t\t\t\t\t\t\tngg-3-columns\t\t\t\" \n\t\t\t>\n\t\t\t\t\t\t<div class=\"ngg-gallery-thumbnail\">\n\t\t\t<a href=\"http:\/\/www.josemariatornay.com\/\/wp-content\/gallery\/homenaje-a-jose-maria-ortega\/3-20150529_214920_001-1.jpg\"\n\t\t\t\ttitle=\"\"\n\t\t\t\tdata-src=\"http:\/\/www.josemariatornay.com\/\/wp-content\/gallery\/homenaje-a-jose-maria-ortega\/3-20150529_214920_001-1.jpg\"\n\t\t\t\tdata-thumbnail=\"http:\/\/www.josemariatornay.com\/\/wp-content\/gallery\/homenaje-a-jose-maria-ortega\/thumbs\/thumbs_3-20150529_214920_001-1.jpg\"\n\t\t\t\tdata-image-id=\"636\"\n\t\t\t\tdata-title=\"Homenaje a Ortega 3\"\n\t\t\t\tdata-description=\"\"\n\t\t\t\tdata-image-slug=\"3-20150529_214920_001-1-1\"\n\t\t\t\tclass=\"ngg-fancybox\" rel=\"67aa20b6d032e64cdd41acc67eda5697\">\n\t\t\t\t<img\n\t\t\t\t\ttitle=\"Homenaje a Ortega 3\"\n\t\t\t\t\talt=\"Homenaje a Ortega 3\"\n\t\t\t\t\tsrc=\"http:\/\/www.josemariatornay.com\/\/wp-content\/gallery\/homenaje-a-jose-maria-ortega\/thumbs\/thumbs_3-20150529_214920_001-1.jpg\"\n\t\t\t\t\twidth=\"240\"\n\t\t\t\t\theight=\"160\"\n\t\t\t\t\tstyle=\"max-width:100%;\"\n\t\t\t\t\/>\n\t\t\t<\/a>\n\t\t<\/div>\n\t\t\t\t\t\t\t<\/div> \n\t\t\t\n\t\t\t\t<div id=\"ngg-image-3\" class=\"ngg-gallery-thumbnail-box \n\t\t\t\t\t\t\t\tngg-3-columns\t\t\t\" \n\t\t\t>\n\t\t\t\t\t\t<div class=\"ngg-gallery-thumbnail\">\n\t\t\t<a href=\"http:\/\/www.josemariatornay.com\/\/wp-content\/gallery\/homenaje-a-jose-maria-ortega\/4-20150529_223215.jpg\"\n\t\t\t\ttitle=\"\"\n\t\t\t\tdata-src=\"http:\/\/www.josemariatornay.com\/\/wp-content\/gallery\/homenaje-a-jose-maria-ortega\/4-20150529_223215.jpg\"\n\t\t\t\tdata-thumbnail=\"http:\/\/www.josemariatornay.com\/\/wp-content\/gallery\/homenaje-a-jose-maria-ortega\/thumbs\/thumbs_4-20150529_223215.jpg\"\n\t\t\t\tdata-image-id=\"637\"\n\t\t\t\tdata-title=\"Homenaje a &gt;Ortega 4\"\n\t\t\t\tdata-description=\"\"\n\t\t\t\tdata-image-slug=\"4-20150529_223215-1\"\n\t\t\t\tclass=\"ngg-fancybox\" rel=\"67aa20b6d032e64cdd41acc67eda5697\">\n\t\t\t\t<img\n\t\t\t\t\ttitle=\"Homenaje a &gt;Ortega 4\"\n\t\t\t\t\talt=\"Homenaje a &gt;Ortega 4\"\n\t\t\t\t\tsrc=\"http:\/\/www.josemariatornay.com\/\/wp-content\/gallery\/homenaje-a-jose-maria-ortega\/thumbs\/thumbs_4-20150529_223215.jpg\"\n\t\t\t\t\twidth=\"240\"\n\t\t\t\t\theight=\"160\"\n\t\t\t\t\tstyle=\"max-width:100%;\"\n\t\t\t\t\/>\n\t\t\t<\/a>\n\t\t<\/div>\n\t\t\t\t\t\t\t<\/div> \n\t\t\t\n\t\t\t\t<div id=\"ngg-image-4\" class=\"ngg-gallery-thumbnail-box \n\t\t\t\t\t\t\t\tngg-3-columns\t\t\t\" \n\t\t\t>\n\t\t\t\t\t\t<div class=\"ngg-gallery-thumbnail\">\n\t\t\t<a href=\"http:\/\/www.josemariatornay.com\/\/wp-content\/gallery\/homenaje-a-jose-maria-ortega\/5-20150529_223217.jpg\"\n\t\t\t\ttitle=\"\"\n\t\t\t\tdata-src=\"http:\/\/www.josemariatornay.com\/\/wp-content\/gallery\/homenaje-a-jose-maria-ortega\/5-20150529_223217.jpg\"\n\t\t\t\tdata-thumbnail=\"http:\/\/www.josemariatornay.com\/\/wp-content\/gallery\/homenaje-a-jose-maria-ortega\/thumbs\/thumbs_5-20150529_223217.jpg\"\n\t\t\t\tdata-image-id=\"638\"\n\t\t\t\tdata-title=\"Homenaje a Ortega 5\"\n\t\t\t\tdata-description=\"\"\n\t\t\t\tdata-image-slug=\"5-20150529_223217-1\"\n\t\t\t\tclass=\"ngg-fancybox\" rel=\"67aa20b6d032e64cdd41acc67eda5697\">\n\t\t\t\t<img\n\t\t\t\t\ttitle=\"Homenaje a Ortega 5\"\n\t\t\t\t\talt=\"Homenaje a Ortega 5\"\n\t\t\t\t\tsrc=\"http:\/\/www.josemariatornay.com\/\/wp-content\/gallery\/homenaje-a-jose-maria-ortega\/thumbs\/thumbs_5-20150529_223217.jpg\"\n\t\t\t\t\twidth=\"240\"\n\t\t\t\t\theight=\"160\"\n\t\t\t\t\tstyle=\"max-width:100%;\"\n\t\t\t\t\/>\n\t\t\t<\/a>\n\t\t<\/div>\n\t\t\t\t\t\t\t<\/div> \n\t\t\t\n\t\t\t\t<div id=\"ngg-image-5\" class=\"ngg-gallery-thumbnail-box \n\t\t\t\t\t\t\t\tngg-3-columns\t\t\t\" \n\t\t\t>\n\t\t\t\t\t\t<div class=\"ngg-gallery-thumbnail\">\n\t\t\t<a href=\"http:\/\/www.josemariatornay.com\/\/wp-content\/gallery\/homenaje-a-jose-maria-ortega\/cartelhomenajeortega.jpg\"\n\t\t\t\ttitle=\"\"\n\t\t\t\tdata-src=\"http:\/\/www.josemariatornay.com\/\/wp-content\/gallery\/homenaje-a-jose-maria-ortega\/cartelhomenajeortega.jpg\"\n\t\t\t\tdata-thumbnail=\"http:\/\/www.josemariatornay.com\/\/wp-content\/gallery\/homenaje-a-jose-maria-ortega\/thumbs\/thumbs_cartelhomenajeortega.jpg\"\n\t\t\t\tdata-image-id=\"639\"\n\t\t\t\tdata-title=\"Homenaje a Ortega 6\"\n\t\t\t\tdata-description=\"\"\n\t\t\t\tdata-image-slug=\"cartelhomenajeortega-1\"\n\t\t\t\tclass=\"ngg-fancybox\" rel=\"67aa20b6d032e64cdd41acc67eda5697\">\n\t\t\t\t<img\n\t\t\t\t\ttitle=\"Homenaje a Ortega 6\"\n\t\t\t\t\talt=\"Homenaje a Ortega 6\"\n\t\t\t\t\tsrc=\"http:\/\/www.josemariatornay.com\/\/wp-content\/gallery\/homenaje-a-jose-maria-ortega\/thumbs\/thumbs_cartelhomenajeortega.jpg\"\n\t\t\t\t\twidth=\"240\"\n\t\t\t\t\theight=\"160\"\n\t\t\t\t\tstyle=\"max-width:100%;\"\n\t\t\t\t\/>\n\t\t\t<\/a>\n\t\t<\/div>\n\t\t\t\t\t\t\t<\/div> \n\t\t\t\n\t\n\t<br style=\"clear: both\" \/>\n\n\t\t<div class=\"slideshowlink\">\n\t\t<a href='http:\/\/www.josemariatornay.com\/index.php\/homenaje-a-jose-maria-ortega\/nggallery\/slideshow'>&#091;Mostrar presentaci\u00f3n de diapositivas&#093;<\/a>\n\t\t\n\t<\/div>\n\t\n\t\t<!-- Pagination -->\n\t\t<div class='ngg-clear'><\/div>\t<\/div>\n\t\t\t\t\t\t<\/div>\n\t\t\t\t<\/div>\n\t\t\t\t\t<\/div>\n\t\t<\/div>\n\t\t\t\t\t<\/div>\n\t\t<\/section>\n\t\t\t\t<section class=\"elementor-section elementor-top-section elementor-element elementor-element-82j4pj9 elementor-section-boxed elementor-section-height-default elementor-section-height-default\" data-id=\"82j4pj9\" data-element_type=\"section\">\n\t\t\t\t\t\t<div class=\"elementor-container elementor-column-gap-default\">\n\t\t\t\t\t<div class=\"elementor-column elementor-col-33 elementor-top-column elementor-element elementor-element-16oue5a\" data-id=\"16oue5a\" data-element_type=\"column\">\n\t\t\t<div class=\"elementor-widget-wrap elementor-element-populated\">\n\t\t\t\t\t\t<div class=\"elementor-element elementor-element-5ul3iwn elementor-widget elementor-widget-text-editor\" data-id=\"5ul3iwn\" data-element_type=\"widget\" data-widget_type=\"text-editor.default\">\n\t\t\t\t<div class=\"elementor-widget-container\">\n\t\t\t\t\t\t\t<p>Para m\u00ed, la mejor actuaci\u00f3n del grupo ENTREAMIGOS. Tal vez la emotividad del acto me lleve a esa conclusi\u00f3n. Pero la verdad es que la siento profundamente. Fueron 20 minutos de una enorme intensidad, emotiva, si, pero tambi\u00e9n musical. Con las canciones que elegimos adaptadas al momento y a nuestro estilo personal. Antonio, Curro y Rafa, en estado puro y Jos\u00e9 M\u00aa y Jos\u00e9 Manuel en la parte t\u00e9cnica. Todo perfecto. Yo creo que pluscuamperfecto. Aqu\u00ed al lado os dejo el audio de nuestra actuaci\u00f3n. Creo que merece la pena disfrutarlo.<\/p>\t\t\t\t\t\t<\/div>\n\t\t\t\t<\/div>\n\t\t\t\t\t<\/div>\n\t\t<\/div>\n\t\t\t\t<div class=\"elementor-column elementor-col-66 elementor-top-column elementor-element elementor-element-u89kac3\" data-id=\"u89kac3\" data-element_type=\"column\">\n\t\t\t<div class=\"elementor-widget-wrap elementor-element-populated\">\n\t\t\t\t\t\t<div class=\"elementor-element elementor-element-am4cqmv elementor-widget elementor-widget-video\" data-id=\"am4cqmv\" data-element_type=\"widget\" data-settings=\"{&quot;video_type&quot;:&quot;youtube&quot;,&quot;show_image_overlay&quot;:&quot;no&quot;,&quot;controls&quot;:&quot;yes&quot;,&quot;youtube_url&quot;:&quot;https:\\\/\\\/www.youtube.com\\\/watch?v=T2dedTcplFA&amp;t=772s&quot;}\" data-widget_type=\"video.default\">\n\t\t\t\t<div class=\"elementor-widget-container\">\n\t\t\t<style>\/*! elementor - v3.20.0 - 20-03-2024 *\/\n.elementor-widget-video .elementor-widget-container{overflow:hidden;transform:translateZ(0)}.elementor-widget-video .elementor-wrapper{aspect-ratio:var(--video-aspect-ratio)}.elementor-widget-video .elementor-wrapper iframe,.elementor-widget-video .elementor-wrapper video{height:100%;width:100%;display:flex;border:none;background-color:#000}@supports not (aspect-ratio:1\/1){.elementor-widget-video .elementor-wrapper{position:relative;overflow:hidden;height:0;padding-bottom:calc(100% \/ var(--video-aspect-ratio))}.elementor-widget-video .elementor-wrapper iframe,.elementor-widget-video .elementor-wrapper video{position:absolute;top:0;right:0;bottom:0;left:0}}.elementor-widget-video .elementor-open-inline .elementor-custom-embed-image-overlay{position:absolute;top:0;right:0;bottom:0;left:0;background-size:cover;background-position:50%}.elementor-widget-video .elementor-custom-embed-image-overlay{cursor:pointer;text-align:center}.elementor-widget-video .elementor-custom-embed-image-overlay:hover .elementor-custom-embed-play i{opacity:1}.elementor-widget-video .elementor-custom-embed-image-overlay img{display:block;width:100%;aspect-ratio:var(--video-aspect-ratio);-o-object-fit:cover;object-fit:cover;-o-object-position:center center;object-position:center center}@supports not (aspect-ratio:1\/1){.elementor-widget-video .elementor-custom-embed-image-overlay{position:relative;overflow:hidden;height:0;padding-bottom:calc(100% \/ var(--video-aspect-ratio))}.elementor-widget-video .elementor-custom-embed-image-overlay img{position:absolute;top:0;right:0;bottom:0;left:0}}.elementor-widget-video .e-hosted-video .elementor-video{-o-object-fit:cover;object-fit:cover}.e-con-inner>.elementor-widget-video,.e-con>.elementor-widget-video{width:var(--container-widget-width);--flex-grow:var(--container-widget-flex-grow)}<\/style>\t\t<div class=\"elementor-wrapper elementor-open-inline\">\n\t\t\t<div class=\"elementor-video\"><\/div>\t\t<\/div>\n\t\t\t\t<\/div>\n\t\t\t\t<\/div>\n\t\t\t\t\t<\/div>\n\t\t<\/div>\n\t\t\t\t\t<\/div>\n\t\t<\/section>\n\t\t\t\t<\/div>\n\t\t","protected":false},"excerpt":{"rendered":"<p>\u00bb order_by=\u00bbsortorder\u00bb order_direction=\u00bbASC\u00bb returns=\u00bbincluded\u00bb maximum_entity_count=\u00bb500&#8243;] Para m\u00ed, la mejor actuaci\u00f3n del grupo ENTREAMIGOS. Tal vez la emotividad del acto me lleve a esa conclusi\u00f3n. Pero la verdad es que la siento profundamente. Fueron 20 minutos de una enorme intensidad, emotiva, si, pero tambi\u00e9n musical. Con las canciones que elegimos adaptadas al momento y a nuestro [&hellip;]<\/p>\n","protected":false},"author":1,"featured_media":0,"parent":0,"menu_order":0,"comment_status":"closed","ping_status":"closed","template":"","meta":{"_aioseop_title":"","_aioseop_description":"","ngg_post_thumbnail":0,"footnotes":""},"_links":{"self":[{"href":"http:\/\/www.josemariatornay.com\/index.php\/wp-json\/wp\/v2\/pages\/8140"}],"collection":[{"href":"http:\/\/www.josemariatornay.com\/index.php\/wp-json\/wp\/v2\/pages"}],"about":[{"href":"http:\/\/www.josemariatornay.com\/index.php\/wp-json\/wp\/v2\/types\/page"}],"author":[{"embeddable":true,"href":"http:\/\/www.josemariatornay.com\/index.php\/wp-json\/wp\/v2\/users\/1"}],"replies":[{"embeddable":true,"href":"http:\/\/www.josemariatornay.com\/index.php\/wp-json\/wp\/v2\/comments?post=8140"}],"version-history":[{"count":0,"href":"http:\/\/www.josemariatornay.com\/index.php\/wp-json\/wp\/v2\/pages\/8140\/revisions"}],"wp:attachment":[{"href":"http:\/\/www.josemariatornay.com\/index.php\/wp-json\/wp\/v2\/media?parent=8140"}],"curies":[{"name":"wp","href":"https:\/\/api.w.org\/{rel}","templated":true}]}}