{"id":8641,"date":"2016-12-12T12:29:56","date_gmt":"2016-12-12T11:29:56","guid":{"rendered":"http:\/\/www.josemariatornay.com\/?page_id=8641"},"modified":"2016-12-12T19:34:34","modified_gmt":"2016-12-12T18:34:34","slug":"a-mi-me-mato-un-bolero-2","status":"publish","type":"page","link":"http:\/\/www.josemariatornay.com\/index.php\/a-mi-me-mato-un-bolero-2\/","title":{"rendered":"A m\u00ed me mat\u00f3 un bolero"},"content":{"rendered":"\t\t<div data-elementor-type=\"wp-page\" data-elementor-id=\"8641\" class=\"elementor elementor-8641 elementor-bc-flex-widget\">\n\t\t\t\t\t\t<section class=\"elementor-section elementor-top-section elementor-element elementor-element-sqa9wrn elementor-section-boxed elementor-section-height-default elementor-section-height-default\" data-id=\"sqa9wrn\" data-element_type=\"section\">\n\t\t\t\t\t\t<div class=\"elementor-container elementor-column-gap-default\">\n\t\t\t\t\t<div class=\"elementor-column elementor-col-33 elementor-top-column elementor-element elementor-element-h1c1dw0\" data-id=\"h1c1dw0\" data-element_type=\"column\">\n\t\t\t<div class=\"elementor-widget-wrap elementor-element-populated\">\n\t\t\t\t\t\t<div class=\"elementor-element elementor-element-zv6w237 elementor-widget elementor-widget-image\" data-id=\"zv6w237\" data-element_type=\"widget\" data-widget_type=\"image.default\">\n\t\t\t\t<div class=\"elementor-widget-container\">\n\t\t\t<style>\/*! elementor - v3.20.0 - 20-03-2024 *\/\n.elementor-widget-image{text-align:center}.elementor-widget-image a{display:inline-block}.elementor-widget-image a img[src$=\".svg\"]{width:48px}.elementor-widget-image img{vertical-align:middle;display:inline-block}<\/style>\t\t\t\t\t\t\t<figure class=\"wp-caption\">\n\t\t\t\t\t\t\t\t\t\t\t<a href=\"http:\/\/www.josemariatornay.com\/index.php\/a-mi-me-mato-un-bolero-estreno\/\">\n\t\t\t\t\t\t\t<img decoding=\"async\" width=\"230\" height=\"153\" src=\"http:\/\/www.josemariatornay.com\/wp-content\/uploads\/2016\/12\/anaydomingo.jpg\" class=\"attachment-large size-large wp-image-9334\" alt=\"\" \/>\t\t\t\t\t\t\t\t<\/a>\n\t\t\t\t\t\t\t\t\t\t\t<figcaption class=\"widget-image-caption wp-caption-text\">Galer\u00eda de im\u00e1genes<\/figcaption>\n\t\t\t\t\t\t\t\t\t\t<\/figure>\n\t\t\t\t\t\t\t<\/div>\n\t\t\t\t<\/div>\n\t\t\t\t\t<\/div>\n\t\t<\/div>\n\t\t\t\t<div class=\"elementor-column elementor-col-33 elementor-top-column elementor-element elementor-element-yki7wwd\" data-id=\"yki7wwd\" data-element_type=\"column\">\n\t\t\t<div class=\"elementor-widget-wrap elementor-element-populated\">\n\t\t\t\t\t\t<div class=\"elementor-element elementor-element-pdd9zas elementor-widget elementor-widget-video\" data-id=\"pdd9zas\" data-element_type=\"widget\" data-settings=\"{&quot;video_type&quot;:&quot;youtube&quot;,&quot;show_image_overlay&quot;:&quot;no&quot;,&quot;controls&quot;:&quot;yes&quot;,&quot;youtube_url&quot;:&quot;https:\\\/\\\/www.youtube.com\\\/watch?v=AdJ338mXMzQ&quot;}\" data-widget_type=\"video.default\">\n\t\t\t\t<div class=\"elementor-widget-container\">\n\t\t\t<style>\/*! elementor - v3.20.0 - 20-03-2024 *\/\n.elementor-widget-video .elementor-widget-container{overflow:hidden;transform:translateZ(0)}.elementor-widget-video .elementor-wrapper{aspect-ratio:var(--video-aspect-ratio)}.elementor-widget-video .elementor-wrapper iframe,.elementor-widget-video .elementor-wrapper video{height:100%;width:100%;display:flex;border:none;background-color:#000}@supports not (aspect-ratio:1\/1){.elementor-widget-video .elementor-wrapper{position:relative;overflow:hidden;height:0;padding-bottom:calc(100% \/ var(--video-aspect-ratio))}.elementor-widget-video .elementor-wrapper iframe,.elementor-widget-video .elementor-wrapper video{position:absolute;top:0;right:0;bottom:0;left:0}}.elementor-widget-video .elementor-open-inline .elementor-custom-embed-image-overlay{position:absolute;top:0;right:0;bottom:0;left:0;background-size:cover;background-position:50%}.elementor-widget-video .elementor-custom-embed-image-overlay{cursor:pointer;text-align:center}.elementor-widget-video .elementor-custom-embed-image-overlay:hover .elementor-custom-embed-play i{opacity:1}.elementor-widget-video .elementor-custom-embed-image-overlay img{display:block;width:100%;aspect-ratio:var(--video-aspect-ratio);-o-object-fit:cover;object-fit:cover;-o-object-position:center center;object-position:center center}@supports not (aspect-ratio:1\/1){.elementor-widget-video .elementor-custom-embed-image-overlay{position:relative;overflow:hidden;height:0;padding-bottom:calc(100% \/ var(--video-aspect-ratio))}.elementor-widget-video .elementor-custom-embed-image-overlay img{position:absolute;top:0;right:0;bottom:0;left:0}}.elementor-widget-video .e-hosted-video .elementor-video{-o-object-fit:cover;object-fit:cover}.e-con-inner>.elementor-widget-video,.e-con>.elementor-widget-video{width:var(--container-widget-width);--flex-grow:var(--container-widget-flex-grow)}<\/style>\t\t<div class=\"elementor-wrapper elementor-open-inline\">\n\t\t\t<div class=\"elementor-video\"><\/div>\t\t<\/div>\n\t\t\t\t<\/div>\n\t\t\t\t<\/div>\n\t\t\t\t\t<\/div>\n\t\t<\/div>\n\t\t\t\t<div class=\"elementor-column elementor-col-33 elementor-top-column elementor-element elementor-element-xw7pidp\" data-id=\"xw7pidp\" data-element_type=\"column\">\n\t\t\t<div class=\"elementor-widget-wrap elementor-element-populated\">\n\t\t\t\t\t\t<div class=\"elementor-element elementor-element-vqszncf elementor-widget elementor-widget-image\" data-id=\"vqszncf\" data-element_type=\"widget\" data-widget_type=\"image.default\">\n\t\t\t\t<div class=\"elementor-widget-container\">\n\t\t\t\t\t\t\t\t\t\t<figure class=\"wp-caption\">\n\t\t\t\t\t\t\t\t\t\t\t<a href=\"http:\/\/www.josemariatornay.com\/index.php\/a-mi-me-mato-un-bolero-libreto\/\">\n\t\t\t\t\t\t\t<img decoding=\"async\" src=\"http:\/\/www.josemariatornay.com\/wp-content\/uploads\/elementor\/thumbs\/Libretobolerojpg_web8-opo52qn921k4b71j9ni8tonw0dp1dpsofnakvays74.jpg\" title=\"libretobolerojpg_web8\" alt=\"libretobolerojpg_web8\" loading=\"lazy\" \/>\t\t\t\t\t\t\t\t<\/a>\n\t\t\t\t\t\t\t\t\t\t\t<figcaption class=\"widget-image-caption wp-caption-text\">Libreto<\/figcaption>\n\t\t\t\t\t\t\t\t\t\t<\/figure>\n\t\t\t\t\t\t\t<\/div>\n\t\t\t\t<\/div>\n\t\t\t\t\t<\/div>\n\t\t<\/div>\n\t\t\t\t\t<\/div>\n\t\t<\/section>\n\t\t\t\t<section class=\"elementor-section elementor-top-section elementor-element elementor-element-1wr0pxi elementor-section-boxed elementor-section-height-default elementor-section-height-default\" data-id=\"1wr0pxi\" data-element_type=\"section\">\n\t\t\t\t\t\t<div class=\"elementor-container elementor-column-gap-default\">\n\t\t\t\t\t<div class=\"elementor-column elementor-col-33 elementor-top-column elementor-element elementor-element-ro5ueaj\" data-id=\"ro5ueaj\" data-element_type=\"column\">\n\t\t\t<div class=\"elementor-widget-wrap elementor-element-populated\">\n\t\t\t\t\t\t<div class=\"elementor-element elementor-element-vmox381 elementor-widget elementor-widget-text-editor\" data-id=\"vmox381\" data-element_type=\"widget\" data-widget_type=\"text-editor.default\">\n\t\t\t\t<div class=\"elementor-widget-container\">\n\t\t\t<style>\/*! elementor - v3.20.0 - 20-03-2024 *\/\n.elementor-widget-text-editor.elementor-drop-cap-view-stacked .elementor-drop-cap{background-color:#69727d;color:#fff}.elementor-widget-text-editor.elementor-drop-cap-view-framed .elementor-drop-cap{color:#69727d;border:3px solid;background-color:transparent}.elementor-widget-text-editor:not(.elementor-drop-cap-view-default) .elementor-drop-cap{margin-top:8px}.elementor-widget-text-editor:not(.elementor-drop-cap-view-default) .elementor-drop-cap-letter{width:1em;height:1em}.elementor-widget-text-editor .elementor-drop-cap{float:left;text-align:center;line-height:1;font-size:50px}.elementor-widget-text-editor .elementor-drop-cap-letter{display:inline-block}<\/style>\t\t\t\t<p><br \/><br \/>A m\u00ed me mat\u00f3 un bolero era y es una obra arriesgada. Se trata de presentar este g\u00e9nero apasionado de una manera diferente, con otros ritmos, otras melod\u00edas, otros arreglos musicales, otra puesta en escena distinta.<br \/>Al ser canciones muy populares, cualquier alteraci\u00f3n de su esencia puede producir rechazo en los espectadores; todo lo que no sea atenerse a los c\u00e1nones puede ser una bomba en la sensibilidad de quien prefiere la cantinela de toda la vida.<br \/>Por eso me sabe tan bien este \u00e9xito: por mi gente y por m\u00ed. Porque el p\u00fablico ha sabido entender la idea b\u00e1sica: HAY OTRAS FORMAS DE PRESENTAR LOS BOLEROS. Los 4 o 5 nost\u00e1lgicos, ac\u00e9rrimos partidarios del inmovilismo art\u00edstico, nunca podr\u00edan entender esto, que el p\u00fablico experto de Ronda s\u00ed ha sabido comprender. POR CIERTO\u20262 LLENOS.<\/p>\t\t\t\t\t\t<\/div>\n\t\t\t\t<\/div>\n\t\t\t\t\t<\/div>\n\t\t<\/div>\n\t\t\t\t<div class=\"elementor-column elementor-col-66 elementor-top-column elementor-element elementor-element-xx5hdhn\" data-id=\"xx5hdhn\" data-element_type=\"column\">\n\t\t\t<div class=\"elementor-widget-wrap elementor-element-populated\">\n\t\t\t\t\t\t<div class=\"elementor-element elementor-element-6cclam8 elementor-widget elementor-widget-video\" data-id=\"6cclam8\" data-element_type=\"widget\" data-settings=\"{&quot;video_type&quot;:&quot;youtube&quot;,&quot;show_image_overlay&quot;:&quot;no&quot;,&quot;controls&quot;:&quot;yes&quot;,&quot;youtube_url&quot;:&quot;https:\\\/\\\/www.youtube.com\\\/watch?v=3beUXutrPSs&quot;}\" data-widget_type=\"video.default\">\n\t\t\t\t<div class=\"elementor-widget-container\">\n\t\t\t\t\t<div class=\"elementor-wrapper elementor-open-inline\">\n\t\t\t<div class=\"elementor-video\"><\/div>\t\t<\/div>\n\t\t\t\t<\/div>\n\t\t\t\t<\/div>\n\t\t\t\t\t<\/div>\n\t\t<\/div>\n\t\t\t\t\t<\/div>\n\t\t<\/section>\n\t\t\t\t<section class=\"elementor-section elementor-top-section elementor-element elementor-element-kvbayrn elementor-section-boxed elementor-section-height-default elementor-section-height-default\" data-id=\"kvbayrn\" data-element_type=\"section\">\n\t\t\t\t\t\t<div class=\"elementor-container elementor-column-gap-default\">\n\t\t\t\t\t<div class=\"elementor-column elementor-col-66 elementor-top-column elementor-element elementor-element-6y4xr87\" data-id=\"6y4xr87\" data-element_type=\"column\">\n\t\t\t<div class=\"elementor-widget-wrap elementor-element-populated\">\n\t\t\t\t\t\t<div class=\"elementor-element elementor-element-6ub17gq elementor-widget elementor-widget-video\" data-id=\"6ub17gq\" data-element_type=\"widget\" data-settings=\"{&quot;video_type&quot;:&quot;youtube&quot;,&quot;show_image_overlay&quot;:&quot;no&quot;,&quot;controls&quot;:&quot;yes&quot;,&quot;youtube_url&quot;:&quot;https:\\\/\\\/www.youtube.com\\\/watch?v=3vJRrU0yLnE&quot;}\" data-widget_type=\"video.default\">\n\t\t\t\t<div class=\"elementor-widget-container\">\n\t\t\t\t\t<div class=\"elementor-wrapper elementor-open-inline\">\n\t\t\t<div class=\"elementor-video\"><\/div>\t\t<\/div>\n\t\t\t\t<\/div>\n\t\t\t\t<\/div>\n\t\t\t\t<section class=\"elementor-section elementor-inner-section elementor-element elementor-element-ohjcxui elementor-section-boxed elementor-section-height-default elementor-section-height-default\" data-id=\"ohjcxui\" data-element_type=\"section\">\n\t\t\t\t\t\t<div class=\"elementor-container elementor-column-gap-default\">\n\t\t\t\t\t<div class=\"elementor-column elementor-col-50 elementor-inner-column elementor-element elementor-element-u51z4zp\" data-id=\"u51z4zp\" data-element_type=\"column\">\n\t\t\t<div class=\"elementor-widget-wrap elementor-element-populated\">\n\t\t\t\t\t\t<div class=\"elementor-element elementor-element-x5ryqb5 elementor-widget elementor-widget-heading\" data-id=\"x5ryqb5\" data-element_type=\"widget\" data-widget_type=\"heading.default\">\n\t\t\t\t<div class=\"elementor-widget-container\">\n\t\t\t<style>\/*! elementor - v3.20.0 - 20-03-2024 *\/\n.elementor-heading-title{padding:0;margin:0;line-height:1}.elementor-widget-heading .elementor-heading-title[class*=elementor-size-]>a{color:inherit;font-size:inherit;line-height:inherit}.elementor-widget-heading .elementor-heading-title.elementor-size-small{font-size:15px}.elementor-widget-heading .elementor-heading-title.elementor-size-medium{font-size:19px}.elementor-widget-heading .elementor-heading-title.elementor-size-large{font-size:29px}.elementor-widget-heading .elementor-heading-title.elementor-size-xl{font-size:39px}.elementor-widget-heading .elementor-heading-title.elementor-size-xxl{font-size:59px}<\/style><h2 class=\"elementor-heading-title elementor-size-medium\"><a href=\"http:\/\/www.josemariatornay.com\/index.php\/a-mi-me-mato-un-bolero-los-boleros\/\">LOS BOLEROS<\/a><\/h2>\t\t<\/div>\n\t\t\t\t<\/div>\n\t\t\t\t\t<\/div>\n\t\t<\/div>\n\t\t\t\t<div class=\"elementor-column elementor-col-50 elementor-inner-column elementor-element elementor-element-vq8qt33\" data-id=\"vq8qt33\" data-element_type=\"column\">\n\t\t\t<div class=\"elementor-widget-wrap elementor-element-populated\">\n\t\t\t\t\t\t<div class=\"elementor-element elementor-element-8nis9ob elementor-widget elementor-widget-heading\" data-id=\"8nis9ob\" data-element_type=\"widget\" data-widget_type=\"heading.default\">\n\t\t\t\t<div class=\"elementor-widget-container\">\n\t\t\t<h2 class=\"elementor-heading-title elementor-size-medium\">\"Un sue\u00f1o hecho realidad\"<\/h2>\t\t<\/div>\n\t\t\t\t<\/div>\n\t\t\t\t\t<\/div>\n\t\t<\/div>\n\t\t\t\t\t<\/div>\n\t\t<\/section>\n\t\t\t\t\t<\/div>\n\t\t<\/div>\n\t\t\t\t<div class=\"elementor-column elementor-col-33 elementor-top-column elementor-element elementor-element-irvjhkq\" data-id=\"irvjhkq\" data-element_type=\"column\">\n\t\t\t<div class=\"elementor-widget-wrap elementor-element-populated\">\n\t\t\t\t\t\t<div class=\"elementor-element elementor-element-v8ikt8f elementor-widget elementor-widget-text-editor\" data-id=\"v8ikt8f\" data-element_type=\"widget\" data-widget_type=\"text-editor.default\">\n\t\t\t\t<div class=\"elementor-widget-container\">\n\t\t\t\t\t\t\t<p>No se puede entender la m\u00fasica en espa\u00f1ol sin conocer el bolero, tal vez el m\u00e1s universal de los g\u00e9neros musicales latinos. La historia del bolero comienza a finales del siglo XIX en Cuba, como un heredero del bolero espa\u00f1ol, pero con sus propias caracter\u00edsticas musicales. Entre los primeros grandes maestros hay que destacar, entre otros, a los compositores cubanos Nilo Men\u00e9ndez, Gonzalo Roig y Ernesto Lecuona, al puertorrique\u00f1o Rafael Hern\u00e1ndez y, sobre todo, al mexicano Agust\u00edn Lara.<br \/>A lo largo del siglo XX, el bolero lanz\u00f3 a la fama a artistas como Los Panchos, Mar\u00eda Dolores Pradera o Armando Manzanero, y ha atra\u00eddo a numerosos m\u00fasicos de otros \u00e1mbitos. Estrellas de la canci\u00f3n mel\u00f3dica como Julio Iglesias o Luis Miguel, ilustres cantantes extranjeros como Frank Sinatra y Caetano Veloso, o maestros del jazz latino como Benny Mor\u00e9, por ejemplo, se han acercado al bolero en alg\u00fan momento de sus carreras.<br \/>El bolero es una exaltaci\u00f3n absoluta del amor e implica una manera de cantar y de expresarse que no tiene verg\u00fcenza del dolor, de la pasi\u00f3n y del desamor. El tono de sus letras, siempre apasionado y rom\u00e1ntico, crea una intensa comunicaci\u00f3n entre el int\u00e9rprete y el oyente. Quiz\u00e1 eso explique por qu\u00e9 muchos j\u00f3venes vuelven hoy en d\u00eda al bolero.<\/p><\/div><\/div><\/div><\/div><\/div><\/section><\/div> <a href=\"http:\/\/www.josemariatornay.com\/index.php\/a-mi-me-mato-un-bolero-2\/#more-8641\" class=\"more-link elementor-more-link\"><span aria-label=\"Sigue leyendo A m\u00ed me mat\u00f3 un bolero\">(m\u00e1s&hellip;)<\/span><\/a>","protected":false},"excerpt":{"rendered":"<p>Galer\u00eda de im\u00e1genes Libreto A m\u00ed me mat\u00f3 un bolero era y es una obra arriesgada. Se trata de presentar este g\u00e9nero apasionado de una manera diferente, con otros ritmos, otras melod\u00edas, otros arreglos musicales, otra puesta en escena distinta.Al ser canciones muy populares, cualquier alteraci\u00f3n de su esencia puede producir rechazo en los espectadores; [&hellip;]<\/p>\n","protected":false},"author":1,"featured_media":0,"parent":0,"menu_order":0,"comment_status":"closed","ping_status":"closed","template":"","meta":{"_aioseop_title":"","_aioseop_description":"","ngg_post_thumbnail":0,"footnotes":""},"_links":{"self":[{"href":"http:\/\/www.josemariatornay.com\/index.php\/wp-json\/wp\/v2\/pages\/8641"}],"collection":[{"href":"http:\/\/www.josemariatornay.com\/index.php\/wp-json\/wp\/v2\/pages"}],"about":[{"href":"http:\/\/www.josemariatornay.com\/index.php\/wp-json\/wp\/v2\/types\/page"}],"author":[{"embeddable":true,"href":"http:\/\/www.josemariatornay.com\/index.php\/wp-json\/wp\/v2\/users\/1"}],"replies":[{"embeddable":true,"href":"http:\/\/www.josemariatornay.com\/index.php\/wp-json\/wp\/v2\/comments?post=8641"}],"version-history":[{"count":0,"href":"http:\/\/www.josemariatornay.com\/index.php\/wp-json\/wp\/v2\/pages\/8641\/revisions"}],"wp:attachment":[{"href":"http:\/\/www.josemariatornay.com\/index.php\/wp-json\/wp\/v2\/media?parent=8641"}],"curies":[{"name":"wp","href":"https:\/\/api.w.org\/{rel}","templated":true}]}}