{"id":8900,"date":"2016-12-07T10:43:26","date_gmt":"2016-12-07T09:43:26","guid":{"rendered":"http:\/\/www.josemariatornay.com\/?page_id=8900"},"modified":"2016-12-07T10:43:43","modified_gmt":"2016-12-07T09:43:43","slug":"las-calles","status":"publish","type":"page","link":"http:\/\/www.josemariatornay.com\/index.php\/las-calles\/","title":{"rendered":"Las calles"},"content":{"rendered":"<p style=\"text-align: center;\">Un d\u00eda m\u00e1s que se esconde,<br \/>\nla tarde, lenta, se va despacio;<br \/>\nel sol se marcha a otras tierras,<br \/>\nla ocupaci\u00f3n se torna en descanso.<br \/>\nY con la noche vuelve a empezar<br \/>\nla cara alegre de la ciudad.<br \/>\nY cada uno a su sitio:<br \/>\nunos a casa, otros al bar;<br \/>\nlas discotecas se llenan,<br \/>\notros pasean sin m\u00e1s.<br \/>\nUnos ocultan su pena<br \/>\ntras una m\u00e1scara de cinismo<br \/>\ny otros muestran su alegr\u00eda,<br \/>\nlo que viene a ser lo mismo.<br \/>\nY nuestras calles los ven pasar<br \/>\ny se comentan sordas y mudas:<br \/>\nson los fantasmas de la ciudad<br \/>\nque van buscando otra vez la luna.<br \/>\nY otra noche que se rinde,<br \/>\nla aurora, lenta, se va acercando;<br \/>\nel sol se vuelve sirena<br \/>\ny el ocio deja el sitio al trabajo.<br \/>\nEl ciclo vuelve a recomenzar:<br \/>\nes la otra cara de la ciudad.<br \/>\nY cada uno a sus cosas:<br \/>\nunos despacho, otros cemento;<br \/>\naquel pretende ascender,<br \/>\n\u00e9ste, conservar su puesto<br \/>\nUnos que viven tirando,<br \/>\notros que tiran viviendo<br \/>\ny otros muchos esperando<br \/>\nque vengan mejores tiempos.<br \/>\nY nuestras calles los ven pasar<br \/>\ny se comentan, sordas y mudas:<br \/>\nson los fantasmas de la ciudad<br \/>\nque siguen sin encontrar la luna.<\/p>\n","protected":false},"excerpt":{"rendered":"<p>Un d\u00eda m\u00e1s que se esconde, la tarde, lenta, se va despacio; el sol se marcha a otras tierras, la ocupaci\u00f3n se torna en descanso. Y con la noche vuelve a empezar la cara alegre de la ciudad. Y cada uno a su sitio: unos a casa, otros al bar; las discotecas se llenan, otros [&hellip;]<\/p>\n","protected":false},"author":1,"featured_media":0,"parent":0,"menu_order":0,"comment_status":"closed","ping_status":"closed","template":"","meta":{"_aioseop_title":"","_aioseop_description":"","ngg_post_thumbnail":0,"footnotes":""},"_links":{"self":[{"href":"http:\/\/www.josemariatornay.com\/index.php\/wp-json\/wp\/v2\/pages\/8900"}],"collection":[{"href":"http:\/\/www.josemariatornay.com\/index.php\/wp-json\/wp\/v2\/pages"}],"about":[{"href":"http:\/\/www.josemariatornay.com\/index.php\/wp-json\/wp\/v2\/types\/page"}],"author":[{"embeddable":true,"href":"http:\/\/www.josemariatornay.com\/index.php\/wp-json\/wp\/v2\/users\/1"}],"replies":[{"embeddable":true,"href":"http:\/\/www.josemariatornay.com\/index.php\/wp-json\/wp\/v2\/comments?post=8900"}],"version-history":[{"count":0,"href":"http:\/\/www.josemariatornay.com\/index.php\/wp-json\/wp\/v2\/pages\/8900\/revisions"}],"wp:attachment":[{"href":"http:\/\/www.josemariatornay.com\/index.php\/wp-json\/wp\/v2\/media?parent=8900"}],"curies":[{"name":"wp","href":"https:\/\/api.w.org\/{rel}","templated":true}]}}