{"id":14703,"date":"2017-10-27T18:38:38","date_gmt":"2017-10-27T17:38:38","guid":{"rendered":"http:\/\/www.josemariatornay.com\/?page_id=14703"},"modified":"2017-10-29T20:01:15","modified_gmt":"2017-10-29T19:01:15","slug":"recital-arriate-canciones","status":"publish","type":"page","link":"https:\/\/www.josemariatornay.com\/index.php\/recital-arriate-canciones\/","title":{"rendered":"Recital po\u00e9tico en Arriate (Mis canciones)"},"content":{"rendered":"\t\t<div data-elementor-type=\"wp-page\" data-elementor-id=\"14703\" class=\"elementor elementor-14703 elementor-bc-flex-widget\">\n\t\t\t\t\t\t<section class=\"elementor-section elementor-top-section elementor-element elementor-element-vbodieg elementor-section-boxed elementor-section-height-default elementor-section-height-default\" data-id=\"vbodieg\" data-element_type=\"section\">\n\t\t\t\t\t\t<div class=\"elementor-container elementor-column-gap-default\">\n\t\t\t\t\t<div class=\"elementor-column elementor-col-50 elementor-top-column elementor-element elementor-element-16o2ms0\" data-id=\"16o2ms0\" data-element_type=\"column\">\n\t\t\t<div class=\"elementor-widget-wrap elementor-element-populated\">\n\t\t\t\t\t\t<div class=\"elementor-element elementor-element-swqblnf elementor-widget elementor-widget-heading\" data-id=\"swqblnf\" data-element_type=\"widget\" data-widget_type=\"heading.default\">\n\t\t\t\t<div class=\"elementor-widget-container\">\n\t\t\t<style>\/*! elementor - v3.20.0 - 20-03-2024 *\/\n.elementor-heading-title{padding:0;margin:0;line-height:1}.elementor-widget-heading .elementor-heading-title[class*=elementor-size-]>a{color:inherit;font-size:inherit;line-height:inherit}.elementor-widget-heading .elementor-heading-title.elementor-size-small{font-size:15px}.elementor-widget-heading .elementor-heading-title.elementor-size-medium{font-size:19px}.elementor-widget-heading .elementor-heading-title.elementor-size-large{font-size:29px}.elementor-widget-heading .elementor-heading-title.elementor-size-xl{font-size:39px}.elementor-widget-heading .elementor-heading-title.elementor-size-xxl{font-size:59px}<\/style><h2 class=\"elementor-heading-title elementor-size-small\">\"Mis canciones\"<\/h2>\t\t<\/div>\n\t\t\t\t<\/div>\n\t\t\t\t<div class=\"elementor-element elementor-element-xzf21zc elementor-widget elementor-widget-image\" data-id=\"xzf21zc\" data-element_type=\"widget\" data-widget_type=\"image.default\">\n\t\t\t\t<div class=\"elementor-widget-container\">\n\t\t\t<style>\/*! elementor - v3.20.0 - 20-03-2024 *\/\n.elementor-widget-image{text-align:center}.elementor-widget-image a{display:inline-block}.elementor-widget-image a img[src$=\".svg\"]{width:48px}.elementor-widget-image img{vertical-align:middle;display:inline-block}<\/style>\t\t\t\t\t\t\t\t\t\t<img decoding=\"async\" src=\"https:\/\/www.josemariatornay.com\/wp-content\/uploads\/2017\/10\/Arriate-5.jpg\" title=\"Arriate 5\" alt=\"Arriate 5\" loading=\"lazy\" \/>\t\t\t\t\t\t\t\t\t\t\t\t\t<\/div>\n\t\t\t\t<\/div>\n\t\t\t\t<div class=\"elementor-element elementor-element-pqovjh7 elementor-widget elementor-widget-text-editor\" data-id=\"pqovjh7\" data-element_type=\"widget\" data-widget_type=\"text-editor.default\">\n\t\t\t\t<div class=\"elementor-widget-container\">\n\t\t\t<style>\/*! elementor - v3.20.0 - 20-03-2024 *\/\n.elementor-widget-text-editor.elementor-drop-cap-view-stacked .elementor-drop-cap{background-color:#69727d;color:#fff}.elementor-widget-text-editor.elementor-drop-cap-view-framed .elementor-drop-cap{color:#69727d;border:3px solid;background-color:transparent}.elementor-widget-text-editor:not(.elementor-drop-cap-view-default) .elementor-drop-cap{margin-top:8px}.elementor-widget-text-editor:not(.elementor-drop-cap-view-default) .elementor-drop-cap-letter{width:1em;height:1em}.elementor-widget-text-editor .elementor-drop-cap{float:left;text-align:center;line-height:1;font-size:50px}.elementor-widget-text-editor .elementor-drop-cap-letter{display:inline-block}<\/style>\t\t\t\t<p>SAL\u00d3N DE PLENOS del AYUNTAMIENTO de ARRIATE (26 de octubre de 2017).<\/p>\t\t\t\t\t\t<\/div>\n\t\t\t\t<\/div>\n\t\t\t\t\t<\/div>\n\t\t<\/div>\n\t\t\t\t<div class=\"elementor-column elementor-col-50 elementor-top-column elementor-element elementor-element-nt7d9ov\" data-id=\"nt7d9ov\" data-element_type=\"column\">\n\t\t\t<div class=\"elementor-widget-wrap elementor-element-populated\">\n\t\t\t\t\t\t<div class=\"elementor-element elementor-element-zcvgdmy elementor-widget elementor-widget-image\" data-id=\"zcvgdmy\" data-element_type=\"widget\" data-widget_type=\"image.default\">\n\t\t\t\t<div class=\"elementor-widget-container\">\n\t\t\t\t\t\t\t\t\t\t\t\t\t<img fetchpriority=\"high\" decoding=\"async\" width=\"1024\" height=\"576\" src=\"https:\/\/www.josemariatornay.com\/wp-content\/uploads\/2016\/12\/Arriate-2-1024x576.jpg\" class=\"attachment-large size-large wp-image-14699\" alt=\"\" srcset=\"https:\/\/www.josemariatornay.com\/wp-content\/uploads\/2016\/12\/Arriate-2-1024x576.jpg 1024w, https:\/\/www.josemariatornay.com\/wp-content\/uploads\/2016\/12\/Arriate-2-300x169.jpg 300w, https:\/\/www.josemariatornay.com\/wp-content\/uploads\/2016\/12\/Arriate-2-768x432.jpg 768w\" sizes=\"(max-width: 1024px) 100vw, 1024px\" \/>\t\t\t\t\t\t\t\t\t\t\t\t\t<\/div>\n\t\t\t\t<\/div>\n\t\t\t\t\t<\/div>\n\t\t<\/div>\n\t\t\t\t\t<\/div>\n\t\t<\/section>\n\t\t\t\t<section class=\"elementor-section elementor-top-section elementor-element elementor-element-bnmfqr6 elementor-section-boxed elementor-section-height-default elementor-section-height-default\" data-id=\"bnmfqr6\" data-element_type=\"section\">\n\t\t\t\t\t\t<div class=\"elementor-container elementor-column-gap-default\">\n\t\t\t\t\t<div class=\"elementor-column elementor-col-100 elementor-top-column elementor-element elementor-element-kzl333a\" data-id=\"kzl333a\" data-element_type=\"column\">\n\t\t\t<div class=\"elementor-widget-wrap elementor-element-populated\">\n\t\t\t\t\t\t<div class=\"elementor-element elementor-element-gksbz0j elementor-widget elementor-widget-text-editor\" data-id=\"gksbz0j\" data-element_type=\"widget\" data-widget_type=\"text-editor.default\">\n\t\t\t\t<div class=\"elementor-widget-container\">\n\t\t\t\t\t\t\t<p>Primer recital po\u00e9tico y primer lleno. A rebosar estaba el sal\u00f3n de plaenos del Ayuntamiento de Arriate, con la delegada de cultura, Loredana Merico, una mujer encantadora y una pol\u00edtica eficaz, al frente. Fue una noche intensa y entra\u00f1able, llena de sentimientos a flor de piel.<\/p><p>Un lujo recitar y cantar para un p\u00fablico tan entendido y preparado. As\u00ed da gusto. Silencio religioso y respeto ejemplar. Alg\u00fan d\u00eda habr\u00e1 que volver.<\/p><p>Contar con Rafa G\u00aa Montes para estas cosas da tranquilidad y categor\u00eda. Pablo, como siempre, genial como m\u00fasico y como actor; Queco, impecable en la t\u00e9cnica y la irrupci\u00f3n de Cuqui puso el broche de oro de la noche.<\/p>\t\t\t\t\t\t<\/div>\n\t\t\t\t<\/div>\n\t\t\t\t\t<\/div>\n\t\t<\/div>\n\t\t\t\t\t<\/div>\n\t\t<\/section>\n\t\t\t\t<section class=\"elementor-section elementor-top-section elementor-element elementor-element-b7vf1fe elementor-section-boxed elementor-section-height-default elementor-section-height-default\" data-id=\"b7vf1fe\" data-element_type=\"section\">\n\t\t\t\t\t\t<div class=\"elementor-container elementor-column-gap-default\">\n\t\t\t\t\t<div class=\"elementor-column elementor-col-50 elementor-top-column elementor-element elementor-element-e0mfr0r\" data-id=\"e0mfr0r\" data-element_type=\"column\">\n\t\t\t<div class=\"elementor-widget-wrap elementor-element-populated\">\n\t\t\t\t\t\t<div class=\"elementor-element elementor-element-ij7wf4h elementor-widget elementor-widget-image\" data-id=\"ij7wf4h\" data-element_type=\"widget\" data-widget_type=\"image.default\">\n\t\t\t\t<div class=\"elementor-widget-container\">\n\t\t\t\t\t\t\t\t\t\t\t\t\t<img decoding=\"async\" width=\"1024\" height=\"576\" src=\"https:\/\/www.josemariatornay.com\/wp-content\/uploads\/2017\/10\/Arriate-1-1024x576.jpg\" class=\"attachment-large size-large wp-image-14707\" alt=\"\" srcset=\"https:\/\/www.josemariatornay.com\/wp-content\/uploads\/2017\/10\/Arriate-1-1024x576.jpg 1024w, https:\/\/www.josemariatornay.com\/wp-content\/uploads\/2017\/10\/Arriate-1-300x169.jpg 300w, https:\/\/www.josemariatornay.com\/wp-content\/uploads\/2017\/10\/Arriate-1-768x432.jpg 768w\" sizes=\"(max-width: 1024px) 100vw, 1024px\" \/>\t\t\t\t\t\t\t\t\t\t\t\t\t<\/div>\n\t\t\t\t<\/div>\n\t\t\t\t\t<\/div>\n\t\t<\/div>\n\t\t\t\t<div class=\"elementor-column elementor-col-50 elementor-top-column elementor-element elementor-element-4y1d4g3\" data-id=\"4y1d4g3\" data-element_type=\"column\">\n\t\t\t<div class=\"elementor-widget-wrap elementor-element-populated\">\n\t\t\t\t\t\t<div class=\"elementor-element elementor-element-kvxm52q elementor-widget elementor-widget-image\" data-id=\"kvxm52q\" data-element_type=\"widget\" data-widget_type=\"image.default\">\n\t\t\t\t<div class=\"elementor-widget-container\">\n\t\t\t\t\t\t\t\t\t\t\t\t\t<img decoding=\"async\" width=\"1024\" height=\"576\" src=\"https:\/\/www.josemariatornay.com\/wp-content\/uploads\/2017\/10\/Arriate-4-1024x576.jpg\" class=\"attachment-large size-large wp-image-14710\" alt=\"\" srcset=\"https:\/\/www.josemariatornay.com\/wp-content\/uploads\/2017\/10\/Arriate-4-1024x576.jpg 1024w, https:\/\/www.josemariatornay.com\/wp-content\/uploads\/2017\/10\/Arriate-4-300x169.jpg 300w, https:\/\/www.josemariatornay.com\/wp-content\/uploads\/2017\/10\/Arriate-4-768x432.jpg 768w\" sizes=\"(max-width: 1024px) 100vw, 1024px\" \/>\t\t\t\t\t\t\t\t\t\t\t\t\t<\/div>\n\t\t\t\t<\/div>\n\t\t\t\t\t<\/div>\n\t\t<\/div>\n\t\t\t\t\t<\/div>\n\t\t<\/section>\n\t\t\t\t<section class=\"elementor-section elementor-top-section elementor-element elementor-element-ygzruwh elementor-section-boxed elementor-section-height-default elementor-section-height-default\" data-id=\"ygzruwh\" data-element_type=\"section\">\n\t\t\t\t\t\t<div class=\"elementor-container elementor-column-gap-default\">\n\t\t\t\t\t<div class=\"elementor-column elementor-col-50 elementor-top-column elementor-element elementor-element-4hwkybd\" data-id=\"4hwkybd\" data-element_type=\"column\">\n\t\t\t<div class=\"elementor-widget-wrap elementor-element-populated\">\n\t\t\t\t\t\t<div class=\"elementor-element elementor-element-0mn3bl0 elementor-widget elementor-widget-image\" data-id=\"0mn3bl0\" data-element_type=\"widget\" data-widget_type=\"image.default\">\n\t\t\t\t<div class=\"elementor-widget-container\">\n\t\t\t\t\t\t\t\t\t\t\t\t\t<img loading=\"lazy\" decoding=\"async\" width=\"960\" height=\"716\" src=\"https:\/\/www.josemariatornay.com\/wp-content\/uploads\/2017\/10\/22780211_2014213358865933_3521486069213987974_n.jpg\" class=\"attachment-large size-large wp-image-14718\" alt=\"\" srcset=\"https:\/\/www.josemariatornay.com\/wp-content\/uploads\/2017\/10\/22780211_2014213358865933_3521486069213987974_n.jpg 960w, https:\/\/www.josemariatornay.com\/wp-content\/uploads\/2017\/10\/22780211_2014213358865933_3521486069213987974_n-300x224.jpg 300w, https:\/\/www.josemariatornay.com\/wp-content\/uploads\/2017\/10\/22780211_2014213358865933_3521486069213987974_n-768x573.jpg 768w\" sizes=\"(max-width: 960px) 100vw, 960px\" \/>\t\t\t\t\t\t\t\t\t\t\t\t\t<\/div>\n\t\t\t\t<\/div>\n\t\t\t\t\t<\/div>\n\t\t<\/div>\n\t\t\t\t<div class=\"elementor-column elementor-col-50 elementor-top-column elementor-element elementor-element-5fn6gxl\" data-id=\"5fn6gxl\" data-element_type=\"column\">\n\t\t\t<div class=\"elementor-widget-wrap elementor-element-populated\">\n\t\t\t\t\t\t<div class=\"elementor-element elementor-element-dwszij9 elementor-widget elementor-widget-image\" data-id=\"dwszij9\" data-element_type=\"widget\" data-widget_type=\"image.default\">\n\t\t\t\t<div class=\"elementor-widget-container\">\n\t\t\t\t\t\t\t\t\t\t\t\t\t<img loading=\"lazy\" decoding=\"async\" width=\"960\" height=\"720\" src=\"https:\/\/www.josemariatornay.com\/wp-content\/uploads\/2017\/10\/22780213_2014213355532600_4726150584069863885_n.jpg\" class=\"attachment-large size-large wp-image-14717\" alt=\"\" srcset=\"https:\/\/www.josemariatornay.com\/wp-content\/uploads\/2017\/10\/22780213_2014213355532600_4726150584069863885_n.jpg 960w, https:\/\/www.josemariatornay.com\/wp-content\/uploads\/2017\/10\/22780213_2014213355532600_4726150584069863885_n-300x225.jpg 300w, https:\/\/www.josemariatornay.com\/wp-content\/uploads\/2017\/10\/22780213_2014213355532600_4726150584069863885_n-768x576.jpg 768w\" sizes=\"(max-width: 960px) 100vw, 960px\" \/>\t\t\t\t\t\t\t\t\t\t\t\t\t<\/div>\n\t\t\t\t<\/div>\n\t\t\t\t\t<\/div>\n\t\t<\/div>\n\t\t\t\t\t<\/div>\n\t\t<\/section>\n\t\t\t\t<section class=\"elementor-section elementor-top-section elementor-element elementor-element-515zpg3 elementor-section-boxed elementor-section-height-default elementor-section-height-default\" data-id=\"515zpg3\" data-element_type=\"section\">\n\t\t\t\t\t\t<div class=\"elementor-container elementor-column-gap-default\">\n\t\t\t\t\t<div class=\"elementor-column elementor-col-50 elementor-top-column elementor-element elementor-element-6l0or6n\" data-id=\"6l0or6n\" data-element_type=\"column\">\n\t\t\t<div class=\"elementor-widget-wrap elementor-element-populated\">\n\t\t\t\t\t\t<div class=\"elementor-element elementor-element-f2yucd6 elementor-widget elementor-widget-image\" data-id=\"f2yucd6\" data-element_type=\"widget\" data-widget_type=\"image.default\">\n\t\t\t\t<div class=\"elementor-widget-container\">\n\t\t\t\t\t\t\t\t\t\t\t\t\t<img loading=\"lazy\" decoding=\"async\" width=\"720\" height=\"960\" src=\"https:\/\/www.josemariatornay.com\/wp-content\/uploads\/2017\/10\/22780486_2014213408865928_2229043566569707341_n.jpg\" class=\"attachment-large size-large wp-image-14719\" alt=\"\" srcset=\"https:\/\/www.josemariatornay.com\/wp-content\/uploads\/2017\/10\/22780486_2014213408865928_2229043566569707341_n.jpg 720w, https:\/\/www.josemariatornay.com\/wp-content\/uploads\/2017\/10\/22780486_2014213408865928_2229043566569707341_n-225x300.jpg 225w\" sizes=\"(max-width: 720px) 100vw, 720px\" \/>\t\t\t\t\t\t\t\t\t\t\t\t\t<\/div>\n\t\t\t\t<\/div>\n\t\t\t\t\t<\/div>\n\t\t<\/div>\n\t\t\t\t<div class=\"elementor-column elementor-col-50 elementor-top-column elementor-element elementor-element-usudtbo\" data-id=\"usudtbo\" data-element_type=\"column\">\n\t\t\t<div class=\"elementor-widget-wrap elementor-element-populated\">\n\t\t\t\t\t\t<div class=\"elementor-element elementor-element-ydb2u8e elementor-widget elementor-widget-image\" data-id=\"ydb2u8e\" data-element_type=\"widget\" data-widget_type=\"image.default\">\n\t\t\t\t<div class=\"elementor-widget-container\">\n\t\t\t\t\t\t\t\t\t\t\t\t\t<img loading=\"lazy\" decoding=\"async\" width=\"720\" height=\"960\" src=\"https:\/\/www.josemariatornay.com\/wp-content\/uploads\/2017\/10\/22851956_2014213395532596_6102647777245202403_n.jpg\" class=\"attachment-large size-large wp-image-14720\" alt=\"\" srcset=\"https:\/\/www.josemariatornay.com\/wp-content\/uploads\/2017\/10\/22851956_2014213395532596_6102647777245202403_n.jpg 720w, https:\/\/www.josemariatornay.com\/wp-content\/uploads\/2017\/10\/22851956_2014213395532596_6102647777245202403_n-225x300.jpg 225w\" sizes=\"(max-width: 720px) 100vw, 720px\" \/>\t\t\t\t\t\t\t\t\t\t\t\t\t<\/div>\n\t\t\t\t<\/div>\n\t\t\t\t\t<\/div>\n\t\t<\/div>\n\t\t\t\t\t<\/div>\n\t\t<\/section>\n\t\t\t\t<section class=\"elementor-section elementor-top-section elementor-element elementor-element-yfnc74f elementor-section-boxed elementor-section-height-default elementor-section-height-default\" data-id=\"yfnc74f\" data-element_type=\"section\">\n\t\t\t\t\t\t<div class=\"elementor-container elementor-column-gap-default\">\n\t\t\t\t\t<div class=\"elementor-column elementor-col-50 elementor-top-column elementor-element elementor-element-1xwhli1\" data-id=\"1xwhli1\" data-element_type=\"column\">\n\t\t\t<div class=\"elementor-widget-wrap elementor-element-populated\">\n\t\t\t\t\t\t<div class=\"elementor-element elementor-element-ykrr4z5 elementor-widget elementor-widget-image\" data-id=\"ykrr4z5\" data-element_type=\"widget\" data-widget_type=\"image.default\">\n\t\t\t\t<div class=\"elementor-widget-container\">\n\t\t\t\t\t\t\t\t\t\t\t\t\t<img loading=\"lazy\" decoding=\"async\" width=\"1024\" height=\"576\" src=\"https:\/\/www.josemariatornay.com\/wp-content\/uploads\/2017\/10\/IMG-20171028-WA0003-1024x576.jpg\" class=\"attachment-large size-large wp-image-14715\" alt=\"\" srcset=\"https:\/\/www.josemariatornay.com\/wp-content\/uploads\/2017\/10\/IMG-20171028-WA0003-1024x576.jpg 1024w, https:\/\/www.josemariatornay.com\/wp-content\/uploads\/2017\/10\/IMG-20171028-WA0003-300x169.jpg 300w, https:\/\/www.josemariatornay.com\/wp-content\/uploads\/2017\/10\/IMG-20171028-WA0003-768x432.jpg 768w, https:\/\/www.josemariatornay.com\/wp-content\/uploads\/2017\/10\/IMG-20171028-WA0003.jpg 1328w\" sizes=\"(max-width: 1024px) 100vw, 1024px\" \/>\t\t\t\t\t\t\t\t\t\t\t\t\t<\/div>\n\t\t\t\t<\/div>\n\t\t\t\t\t<\/div>\n\t\t<\/div>\n\t\t\t\t<div class=\"elementor-column elementor-col-50 elementor-top-column elementor-element elementor-element-v4yjewj\" data-id=\"v4yjewj\" data-element_type=\"column\">\n\t\t\t<div class=\"elementor-widget-wrap elementor-element-populated\">\n\t\t\t\t\t\t<div class=\"elementor-element elementor-element-sfnia96 elementor-widget elementor-widget-text-editor\" data-id=\"sfnia96\" data-element_type=\"widget\" data-widget_type=\"text-editor.default\">\n\t\t\t\t<div class=\"elementor-widget-container\">\n\t\t\t\t\t\t\t<p>SIGO\u00a0BUSCANDO<\/p>\t\t\t\t\t\t<\/div>\n\t\t\t\t<\/div>\n\t\t\t\t\t<\/div>\n\t\t<\/div>\n\t\t\t\t\t<\/div>\n\t\t<\/section>\n\t\t\t\t<\/div>\n\t\t","protected":false},"excerpt":{"rendered":"<p>\u00abMis canciones\u00bb SAL\u00d3N DE PLENOS del AYUNTAMIENTO de ARRIATE (26 de octubre de 2017). Primer recital po\u00e9tico y primer lleno. A rebosar estaba el sal\u00f3n de plaenos del Ayuntamiento de Arriate, con la delegada de cultura, Loredana Merico, una mujer encantadora y una pol\u00edtica eficaz, al frente. Fue una noche intensa y entra\u00f1able, llena de [&hellip;]<\/p>\n","protected":false},"author":1,"featured_media":0,"parent":0,"menu_order":0,"comment_status":"closed","ping_status":"closed","template":"","meta":{"_aioseop_title":"","_aioseop_description":"","ngg_post_thumbnail":0,"footnotes":""},"_links":{"self":[{"href":"https:\/\/www.josemariatornay.com\/index.php\/wp-json\/wp\/v2\/pages\/14703"}],"collection":[{"href":"https:\/\/www.josemariatornay.com\/index.php\/wp-json\/wp\/v2\/pages"}],"about":[{"href":"https:\/\/www.josemariatornay.com\/index.php\/wp-json\/wp\/v2\/types\/page"}],"author":[{"embeddable":true,"href":"https:\/\/www.josemariatornay.com\/index.php\/wp-json\/wp\/v2\/users\/1"}],"replies":[{"embeddable":true,"href":"https:\/\/www.josemariatornay.com\/index.php\/wp-json\/wp\/v2\/comments?post=14703"}],"version-history":[{"count":0,"href":"https:\/\/www.josemariatornay.com\/index.php\/wp-json\/wp\/v2\/pages\/14703\/revisions"}],"wp:attachment":[{"href":"https:\/\/www.josemariatornay.com\/index.php\/wp-json\/wp\/v2\/media?parent=14703"}],"curies":[{"name":"wp","href":"https:\/\/api.w.org\/{rel}","templated":true}]}}