{"id":18318,"date":"2019-07-14T10:22:44","date_gmt":"2019-07-14T09:22:44","guid":{"rendered":"http:\/\/www.josemariatornay.com\/?page_id=18318"},"modified":"2019-07-14T11:07:10","modified_gmt":"2019-07-14T10:07:10","slug":"recital-poetico-maruja","status":"publish","type":"page","link":"https:\/\/www.josemariatornay.com\/index.php\/recital-poetico-maruja\/","title":{"rendered":"Recital po\u00e9tico en \u00abMaruja Lim\u00f3n\u00bb"},"content":{"rendered":"\t\t<div data-elementor-type=\"wp-post\" data-elementor-id=\"18318\" class=\"elementor elementor-18318 elementor-bc-flex-widget\">\n\t\t\t\t\t\t<section class=\"elementor-section elementor-top-section elementor-element elementor-element-c60ad4b elementor-section-boxed elementor-section-height-default elementor-section-height-default\" data-id=\"c60ad4b\" data-element_type=\"section\">\n\t\t\t\t\t\t<div class=\"elementor-container elementor-column-gap-default\">\n\t\t\t\t\t<div class=\"elementor-column elementor-col-100 elementor-top-column elementor-element elementor-element-979f9db\" data-id=\"979f9db\" data-element_type=\"column\">\n\t\t\t<div class=\"elementor-widget-wrap elementor-element-populated\">\n\t\t\t\t\t\t<div class=\"elementor-element elementor-element-bd7979d elementor-widget elementor-widget-heading\" data-id=\"bd7979d\" data-element_type=\"widget\" data-widget_type=\"heading.default\">\n\t\t\t\t<div class=\"elementor-widget-container\">\n\t\t\t<style>\/*! elementor - v3.20.0 - 20-03-2024 *\/\n.elementor-heading-title{padding:0;margin:0;line-height:1}.elementor-widget-heading .elementor-heading-title[class*=elementor-size-]>a{color:inherit;font-size:inherit;line-height:inherit}.elementor-widget-heading .elementor-heading-title.elementor-size-small{font-size:15px}.elementor-widget-heading .elementor-heading-title.elementor-size-medium{font-size:19px}.elementor-widget-heading .elementor-heading-title.elementor-size-large{font-size:29px}.elementor-widget-heading .elementor-heading-title.elementor-size-xl{font-size:39px}.elementor-widget-heading .elementor-heading-title.elementor-size-xxl{font-size:59px}<\/style><h2 class=\"elementor-heading-title elementor-size-default\">RECITAL PO\u00c9TICO EN EL RESTAURANTE \"MARUJA LIM\u00d3N\"<\/h2>\t\t<\/div>\n\t\t\t\t<\/div>\n\t\t\t\t\t<\/div>\n\t\t<\/div>\n\t\t\t\t\t<\/div>\n\t\t<\/section>\n\t\t\t\t<section class=\"elementor-section elementor-top-section elementor-element elementor-element-0b18170 elementor-section-boxed elementor-section-height-default elementor-section-height-default\" data-id=\"0b18170\" data-element_type=\"section\">\n\t\t\t\t\t\t<div class=\"elementor-container elementor-column-gap-default\">\n\t\t\t\t\t<div class=\"elementor-column elementor-col-50 elementor-top-column elementor-element elementor-element-c9bd69b\" data-id=\"c9bd69b\" data-element_type=\"column\">\n\t\t\t<div class=\"elementor-widget-wrap elementor-element-populated\">\n\t\t\t\t\t\t<div class=\"elementor-element elementor-element-1d5d325 elementor-widget elementor-widget-image\" data-id=\"1d5d325\" data-element_type=\"widget\" data-widget_type=\"image.default\">\n\t\t\t\t<div class=\"elementor-widget-container\">\n\t\t\t<style>\/*! elementor - v3.20.0 - 20-03-2024 *\/\n.elementor-widget-image{text-align:center}.elementor-widget-image a{display:inline-block}.elementor-widget-image a img[src$=\".svg\"]{width:48px}.elementor-widget-image img{vertical-align:middle;display:inline-block}<\/style>\t\t\t\t\t\t\t\t\t\t<img fetchpriority=\"high\" decoding=\"async\" width=\"724\" height=\"1024\" src=\"https:\/\/www.josemariatornay.com\/wp-content\/uploads\/2019\/07\/IMG-20190628-WA0000-724x1024.jpg\" class=\"attachment-large size-large wp-image-18295\" alt=\"\" srcset=\"https:\/\/www.josemariatornay.com\/wp-content\/uploads\/2019\/07\/IMG-20190628-WA0000-724x1024.jpg 724w, https:\/\/www.josemariatornay.com\/wp-content\/uploads\/2019\/07\/IMG-20190628-WA0000-212x300.jpg 212w, https:\/\/www.josemariatornay.com\/wp-content\/uploads\/2019\/07\/IMG-20190628-WA0000-768x1086.jpg 768w, https:\/\/www.josemariatornay.com\/wp-content\/uploads\/2019\/07\/IMG-20190628-WA0000.jpg 1131w\" sizes=\"(max-width: 724px) 100vw, 724px\" \/>\t\t\t\t\t\t\t\t\t\t\t\t\t<\/div>\n\t\t\t\t<\/div>\n\t\t\t\t\t<\/div>\n\t\t<\/div>\n\t\t\t\t<div class=\"elementor-column elementor-col-50 elementor-top-column elementor-element elementor-element-432f002\" data-id=\"432f002\" data-element_type=\"column\">\n\t\t\t<div class=\"elementor-widget-wrap elementor-element-populated\">\n\t\t\t\t\t\t<div class=\"elementor-element elementor-element-15dc72b elementor-widget elementor-widget-image\" data-id=\"15dc72b\" data-element_type=\"widget\" data-widget_type=\"image.default\">\n\t\t\t\t<div class=\"elementor-widget-container\">\n\t\t\t\t\t\t\t\t\t\t\t\t\t<img decoding=\"async\" src=\"https:\/\/www.josemariatornay.com\/wp-content\/uploads\/2019\/07\/IMG_20190712_210046.jpg\" title=\"IMG_20190712_210046\" alt=\"IMG_20190712_210046\" loading=\"lazy\" \/>\t\t\t\t\t\t\t\t\t\t\t\t\t<\/div>\n\t\t\t\t<\/div>\n\t\t\t\t\t<\/div>\n\t\t<\/div>\n\t\t\t\t\t<\/div>\n\t\t<\/section>\n\t\t\t\t<section class=\"elementor-section elementor-top-section elementor-element elementor-element-991ddd3 elementor-section-boxed elementor-section-height-default elementor-section-height-default\" data-id=\"991ddd3\" data-element_type=\"section\">\n\t\t\t\t\t\t<div class=\"elementor-container elementor-column-gap-default\">\n\t\t\t\t\t<div class=\"elementor-column elementor-col-50 elementor-top-column elementor-element elementor-element-034e17f\" data-id=\"034e17f\" data-element_type=\"column\">\n\t\t\t<div class=\"elementor-widget-wrap elementor-element-populated\">\n\t\t\t\t\t\t<div class=\"elementor-element elementor-element-edea26e elementor-widget elementor-widget-image\" data-id=\"edea26e\" data-element_type=\"widget\" data-widget_type=\"image.default\">\n\t\t\t\t<div class=\"elementor-widget-container\">\n\t\t\t\t\t\t\t\t\t\t\t\t\t<img decoding=\"async\" width=\"1024\" height=\"578\" src=\"https:\/\/www.josemariatornay.com\/wp-content\/uploads\/2019\/07\/IMG_20190712_224839-1024x578.jpg\" class=\"attachment-large size-large wp-image-18314\" alt=\"\" srcset=\"https:\/\/www.josemariatornay.com\/wp-content\/uploads\/2019\/07\/IMG_20190712_224839-1024x578.jpg 1024w, https:\/\/www.josemariatornay.com\/wp-content\/uploads\/2019\/07\/IMG_20190712_224839-300x169.jpg 300w, https:\/\/www.josemariatornay.com\/wp-content\/uploads\/2019\/07\/IMG_20190712_224839-768x434.jpg 768w\" sizes=\"(max-width: 1024px) 100vw, 1024px\" \/>\t\t\t\t\t\t\t\t\t\t\t\t\t<\/div>\n\t\t\t\t<\/div>\n\t\t\t\t\t<\/div>\n\t\t<\/div>\n\t\t\t\t<div class=\"elementor-column elementor-col-50 elementor-top-column elementor-element elementor-element-0073033\" data-id=\"0073033\" data-element_type=\"column\">\n\t\t\t<div class=\"elementor-widget-wrap elementor-element-populated\">\n\t\t\t\t\t\t<div class=\"elementor-element elementor-element-c607353 elementor-widget elementor-widget-text-editor\" data-id=\"c607353\" data-element_type=\"widget\" data-widget_type=\"text-editor.default\">\n\t\t\t\t<div class=\"elementor-widget-container\">\n\t\t\t<style>\/*! elementor - v3.20.0 - 20-03-2024 *\/\n.elementor-widget-text-editor.elementor-drop-cap-view-stacked .elementor-drop-cap{background-color:#69727d;color:#fff}.elementor-widget-text-editor.elementor-drop-cap-view-framed .elementor-drop-cap{color:#69727d;border:3px solid;background-color:transparent}.elementor-widget-text-editor:not(.elementor-drop-cap-view-default) .elementor-drop-cap{margin-top:8px}.elementor-widget-text-editor:not(.elementor-drop-cap-view-default) .elementor-drop-cap-letter{width:1em;height:1em}.elementor-widget-text-editor .elementor-drop-cap{float:left;text-align:center;line-height:1;font-size:50px}.elementor-widget-text-editor .elementor-drop-cap-letter{display:inline-block}<\/style>\t\t\t\t<p>El jueves, en el Restaurante \u00abMaruja Lim\u00f3n\u00bb. Todo un lujo, un lugar espl\u00e9ndido y lleno a rebosar.<br \/>Present\u00e9 de nuevo el disco \u00abRonda, verdad imposible\u00bb. P\u00fablico ejemplar y compa\u00f1eros de reparto extraordinarios. All\u00ed estuvieron mis amigos Fali, Lina, Queco, Salvador Lobato, El Canijo&#8230;<\/p>\t\t\t\t\t\t<\/div>\n\t\t\t\t<\/div>\n\t\t\t\t\t<\/div>\n\t\t<\/div>\n\t\t\t\t\t<\/div>\n\t\t<\/section>\n\t\t\t\t<section class=\"elementor-section elementor-top-section elementor-element elementor-element-250ae52 elementor-section-boxed elementor-section-height-default elementor-section-height-default\" data-id=\"250ae52\" data-element_type=\"section\">\n\t\t\t\t\t\t<div class=\"elementor-container elementor-column-gap-default\">\n\t\t\t\t\t<div class=\"elementor-column elementor-col-50 elementor-top-column elementor-element elementor-element-64347bb\" data-id=\"64347bb\" data-element_type=\"column\">\n\t\t\t<div class=\"elementor-widget-wrap elementor-element-populated\">\n\t\t\t\t\t\t<div class=\"elementor-element elementor-element-861c1ce elementor-widget elementor-widget-image\" data-id=\"861c1ce\" data-element_type=\"widget\" data-widget_type=\"image.default\">\n\t\t\t\t<div class=\"elementor-widget-container\">\n\t\t\t\t\t\t\t\t\t\t\t\t\t<img decoding=\"async\" width=\"1024\" height=\"578\" src=\"https:\/\/www.josemariatornay.com\/wp-content\/uploads\/2019\/07\/IMG_20190712_225031-1024x578.jpg\" class=\"attachment-large size-large wp-image-18322\" alt=\"\" srcset=\"https:\/\/www.josemariatornay.com\/wp-content\/uploads\/2019\/07\/IMG_20190712_225031-1024x578.jpg 1024w, https:\/\/www.josemariatornay.com\/wp-content\/uploads\/2019\/07\/IMG_20190712_225031-300x169.jpg 300w, https:\/\/www.josemariatornay.com\/wp-content\/uploads\/2019\/07\/IMG_20190712_225031-768x434.jpg 768w\" sizes=\"(max-width: 1024px) 100vw, 1024px\" \/>\t\t\t\t\t\t\t\t\t\t\t\t\t<\/div>\n\t\t\t\t<\/div>\n\t\t\t\t\t<\/div>\n\t\t<\/div>\n\t\t\t\t<div class=\"elementor-column elementor-col-50 elementor-top-column elementor-element elementor-element-d1eaed6\" data-id=\"d1eaed6\" data-element_type=\"column\">\n\t\t\t<div class=\"elementor-widget-wrap elementor-element-populated\">\n\t\t\t\t\t\t<div class=\"elementor-element elementor-element-004d00a elementor-widget elementor-widget-image\" data-id=\"004d00a\" data-element_type=\"widget\" data-widget_type=\"image.default\">\n\t\t\t\t<div class=\"elementor-widget-container\">\n\t\t\t\t\t\t\t\t\t\t\t\t\t<img loading=\"lazy\" decoding=\"async\" width=\"1024\" height=\"578\" src=\"https:\/\/www.josemariatornay.com\/wp-content\/uploads\/2019\/07\/IMG_20190712_224833-1024x578.jpg\" class=\"attachment-large size-large wp-image-18323\" alt=\"\" srcset=\"https:\/\/www.josemariatornay.com\/wp-content\/uploads\/2019\/07\/IMG_20190712_224833-1024x578.jpg 1024w, https:\/\/www.josemariatornay.com\/wp-content\/uploads\/2019\/07\/IMG_20190712_224833-300x169.jpg 300w, https:\/\/www.josemariatornay.com\/wp-content\/uploads\/2019\/07\/IMG_20190712_224833-768x434.jpg 768w\" sizes=\"(max-width: 1024px) 100vw, 1024px\" \/>\t\t\t\t\t\t\t\t\t\t\t\t\t<\/div>\n\t\t\t\t<\/div>\n\t\t\t\t\t<\/div>\n\t\t<\/div>\n\t\t\t\t\t<\/div>\n\t\t<\/section>\n\t\t\t\t<section class=\"elementor-section elementor-top-section elementor-element elementor-element-9f02c56 elementor-section-boxed elementor-section-height-default elementor-section-height-default\" data-id=\"9f02c56\" data-element_type=\"section\">\n\t\t\t\t\t\t<div class=\"elementor-container elementor-column-gap-default\">\n\t\t\t\t\t<div class=\"elementor-column elementor-col-100 elementor-top-column elementor-element elementor-element-f445810\" data-id=\"f445810\" data-element_type=\"column\">\n\t\t\t<div class=\"elementor-widget-wrap elementor-element-populated\">\n\t\t\t\t\t\t<div class=\"elementor-element elementor-element-763b3cd elementor-widget elementor-widget-heading\" data-id=\"763b3cd\" data-element_type=\"widget\" data-widget_type=\"heading.default\">\n\t\t\t\t<div class=\"elementor-widget-container\">\n\t\t\t<h2 class=\"elementor-heading-title elementor-size-default\">Lo que yo dije (m\u00e1s o menos)<\/h2>\t\t<\/div>\n\t\t\t\t<\/div>\n\t\t\t\t<div class=\"elementor-element elementor-element-97c3a1f elementor-widget elementor-widget-text-editor\" data-id=\"97c3a1f\" data-element_type=\"widget\" data-widget_type=\"text-editor.default\">\n\t\t\t\t<div class=\"elementor-widget-container\">\n\t\t\t\t\t\t\t<p>RECITAL PO\u00c9TICO \u201cATARDECERES AL LIM\u00d3N\u201d<\/p><p>Como ca\u00edda del cielo<br \/>en medio de la monta\u00f1a<br \/>de una forma natural<br \/>lo mismo que cae el agua.<\/p><p>Ronda encima de su Tajo<br \/>por la roca se derrama,<br \/>sue\u00f1o de dioses que sue\u00f1an<br \/>una celestial morada.<\/p><p>Ronda de espaldas al tiempo<br \/>permanentemente cl\u00e1sica,<br \/>como una diosa de piedra,<br \/>de piedra con luz y alma.<\/p><p>As\u00ed empieza la primera canci\u00f3n que da nombre al disco \u201cRonda, verdad imposible\u201d. La compuse para el preg\u00f3n de Ronda Rom\u00e1ntica del a\u00f1o pasado. Como ya habr\u00e9is adivinado, yo vengo a hablar de Ronda, una de mis pasiones. Y del disco que, en compa\u00f1\u00eda de mis socios de ENTREAMIGOS sali\u00f3 hace un par de meses. Un trabajo minucioso y muy profesional, en el que muestro toda mi pasi\u00f3n por esta tierra entra\u00f1able.<\/p><p>Yo accedo a la poes\u00eda a trav\u00e9s de la m\u00fasica. Cierto que he le\u00eddo mucho, sobre todo ensayo y novela, al margen de mis estudios de Pedagog\u00eda, Psicolog\u00eda y Filosof\u00eda, pero mi llegada al mundo de los versos y de la l\u00edrica se produce a trav\u00e9s de la canci\u00f3n. Siempre ha habido m\u00fasica detr\u00e1s de lo que escribo, porque yo soy, sobre todas las cosas, m\u00fasico.<br \/>Por eso, un componente sustancial de lo que escribo es la armon\u00eda, la musicalidad, la cadencia. Y por eso utilizo la rima como el elemento b\u00e1sico para conseguirlas. Sin rimas no es posible construir una canci\u00f3n.<br \/>Al margen de la m\u00fasica que puedan llevar dentro, algunos de esos poemas van envueltos tambi\u00e9n en melod\u00edas, acordes, arreglos y orquestaciones. Pero todos llevan m\u00fasica, porque eso es lo que a m\u00ed me interesa. Y porque a trav\u00e9s de la m\u00fasica se pueden transmitir mejor lo que te propongas. La m\u00fasica es un veh\u00edculo esencial para eso.<br \/>Tambi\u00e9n beb\u00ed en las fuentes de Machado, Lorca, Miguel Hern\u00e1ndez y Juan Ram\u00f3n Jim\u00e9nez. Pero siempre he estado ajeno a los ismos y a las corrientes de moda.<br \/>Aqu\u00ed va otra de las canciones, en las que se recuerda al maestro Aldehuela.<\/p><p>RONDA, SU TAJO Y SU PUENTE<br \/>Como dos eternidades,<br \/>ah\u00ed siguen Ronda y su Tajo,<br \/>condenados a entenderse<br \/>como dos enamorados.<\/p><p>Su Tajo parte su alma,<br \/>su alma vive en su Tajo,<br \/>entregados a su suerte,<br \/>al abismo encadenados.<\/p><p>Ronda y su Puente embebidos,<br \/>un mismo sino en sus manos;<br \/>condenados a entenderse<br \/>como dos enamorados.<\/p><p>Ronda, su Tajo y su Puente,<br \/>la misma verdad grandiosa,<br \/>pese a ser tan diferentes<br \/>son los tres la misma cosa.<\/p><p>El Tajo mismo es el Puente,<br \/>el Puente es la misma roca, <br \/>como la boca es los labios<br \/>y los labios son la boca.<\/p><p>Hermosa locura<br \/>de un sabio valiente,<br \/>que regal\u00f3 a Ronda <br \/>su Plaza y su Puente.<\/p><p>Ronda se mira en su Tajo,<br \/>Ronda se extasia en su Puente,<br \/>con sus chumberas, sus grajos,<br \/>su Levante y su Poniente.<\/p><p>So\u00f1ador impenitente,<br \/>arquitecto sin escuela,<br \/>por los ojos de su Puente<br \/>sigue mirando Aldehuela.<\/p><p>Hermosa locura<br \/>de un sabio valiente,<br \/>que regal\u00f3 a Ronda <br \/>su Plaza y su Puente<br \/>y el agua bendita,<br \/>que riega las casas<br \/>y llena de vida<br \/>el cuerpo y el alma.<\/p><p>\u00a1Ay, amor!<br \/>Amor que teji\u00f3 su nido<br \/>en los pretiles del Puente<br \/>y con la puesta de sol<br \/>se lo llev\u00f3 la corriente.<br \/>Ay, amor!<\/p><p>Otra de las canciones del disco se llama directamente \u201cRonda\u201d, sin apellidos ni adjetivos.<\/p><p>RONDA<br \/>Ronda sabe a cal,<br \/>a miel y a aceituna,<br \/>a Sol y azahar,<br \/>a luz de la luna,<br \/>Ronda es emoci\u00f3n <br \/>intensa y profunda.<\/p><p>Ronda es ese lienzo<br \/>que pinta el Poniente,<br \/>es el Puente Viejo,<br \/>su cielo y su gente,<br \/>Ronda es ese bar,<br \/>que huele a aguardiente.<\/p><p>Ronda es esa amante,<br \/>que mata de amores<br \/>a los paseantes<br \/>y a los ruise\u00f1ores.<br \/>Ronda es la esperanza,<br \/>Ronda es el destino<br \/>de los caminantes<br \/>y los peregrinos.<\/p><p>Ronda es ese Puente,<br \/>es aquel rinc\u00f3n,<br \/>Ronda es ese Tajo<br \/>que la parte en dos.<br \/>Ronda es un arpegio<br \/>en el coraz\u00f3n.<\/p><p>Ronda es esa calle,<br \/>que sube y que baja,<br \/>Ronda es esa reja,<br \/>Ronda es esa plaza,<br \/>Ronda es esa luz<br \/>que despierta al alba.<\/p><p>Ronda es ese Puente,<br \/>Ronda es la Alameda, <br \/>Ronda es la monta\u00f1a,<br \/>Ronda es Aldehuela,<br \/>Ronde es ese polo<br \/>y es una ronde\u00f1a.<\/p><p>Ronda es esa torre,<br \/>Ronda es ese barrio,<br \/>Ronda es esa iglesia<br \/>y ese campanario,<br \/>Ronda es ese beso<br \/>que endulza los labios.<\/p><p>Ronda es el grajo que vuela,<br \/>es el furioso levante,<br \/>es su guitarra y su cante,<br \/>y el puchero de la abuela.<br \/>Ronda es la luz que te inunda,<br \/>Ronda es la Iglesia Mayor<br \/>y Ronda es la primavera<br \/>que brota en cada balc\u00f3n.<\/p><p>Mi memoria sentimental tiene un espacio sagrado en esta ciudad. Es la Alameda del Tajo. All\u00ed siguen echando sus buenos ratos el ni\u00f1o y el joven que llevo dentro. Y esta es la letra de la canci\u00f3n que le dedico en el disco.<\/p><p>AY, MI ALAMEDA<br \/>El ni\u00f1o que llevo dentro<br \/>sigue jugando en tu arena,<br \/>en tus calles y en tus fuentes <br \/>entre la risa y la pena.<\/p><p><br \/>El ni\u00f1o sue\u00f1a horizontes<br \/>y en tu regazo se queda,<br \/>mirando siempre hacia el monte<br \/>\u00a1ay, mi Alameda!<\/p><p>2<br \/>Mi ni\u00f1o sigue en su sue\u00f1o,<br \/>desde mis a\u00f1os lo miro,<br \/>mientras se ahoga un suspiro<br \/>en mi coraz\u00f3n ronde\u00f1o.<\/p><p>El ni\u00f1o del alma m\u00eda<br \/>en tu frescura se queda<br \/>retozando su alegr\u00eda,<br \/>\u00a1ay, mi Alameda!<\/p><p>3<br \/>El joven que llevo dentro<br \/>sigue so\u00f1ando contigo,<br \/>y entre tus \u00e1rboles viejos<br \/>cultiva nuevos amigos.<\/p><p>El fuego de mi memoria<br \/>entre tus flores se quema,<br \/>encadenado a tu historia,<br \/>\u00a1ay, mi alameda!<\/p><p>4<br \/>El joven que me acompa\u00f1a<br \/>sigue tejiendo ilusiones<br \/>y en un banco, tercamente,<br \/>sigue hilvanando canciones.<\/p><p>En el tropel de tus hojas<br \/>mis ilusiones se enredan,<br \/>mientras yo sue\u00f1o en tu sombra,<br \/>\u00a1ay, mi Alameda.<\/p><p>Mar\u00eda Villal\u00f3n tuvo la generosidad de participar en el disco. La canci\u00f3n que ella canta se llama \u201cMi tierra\u201d. No os la perd\u00e1is. La pod\u00e9is escuhar en las diferentes plataformas digitales o en formato f\u00edsico, en el disco que vende el Ayuntamiento en sus dependencias, al m\u00f3dico y simb\u00f3lico precio de 5 euros. El libro va acompa\u00f1ado de un libreto con los textos y los nombres de los participantes.<\/p><p>MI TIERRA<br \/>Mi tierra est\u00e1 al sur del Sur<br \/>entre barrancos y sierras,<br \/>escondida y olvidada,<br \/>la quiero, ella es mi tierra.<\/p><p>Mi tierra tiene la piel<br \/>engalanada de encinas,<br \/>de rastrojos y olivares, <br \/>jilgueros y golondrinas.<\/p><p>Mi tierra es parte de m\u00ed,<br \/>como yo de mis verdades; <br \/>no puedo reconocerme<br \/>sin mirarme en su paisaje.<\/p><p>Ronda tiene fronteras<br \/>que limitan con el cielo,<br \/>Ronda es pasi\u00f3n, es fuego.<br \/>Ronda, patria peque\u00f1a,<br \/>Ronda, bendita canci\u00f3n,<br \/>que acaricia el coraz\u00f3n<br \/>de esta ronde\u00f1a.<\/p><p>Mi tierra tiene el sabor<br \/>de los verdes olivares,<br \/>de su gente buena y sabia<br \/>y del calor de su sangre.<\/p><p>Mi tierra tiene ese Sol<br \/>que dibuja por la tarde <br \/>arreboles misteriosos<br \/>y tapices celestiales.<\/p><p>Mi tierra tiene una luz<br \/>que derrama por las calles<br \/>como un tesoro infinito<br \/>de todos, pero de nadie.<\/p><p>Ronda tiene fronteras<br \/>que limitan con el cielo,<br \/>Ronda es pasi\u00f3n, es fuego.<br \/>Ronda, patria peque\u00f1a,<br \/>Ronda, bendita canci\u00f3n,<br \/>que acaricia el coraz\u00f3n<br \/>de esta ronde\u00f1a.<\/p><p>A B\u00e1rbara, la due\u00f1a de este para\u00edso le gusta especialmente una canci\u00f3n del disco, que es una marcha f\u00fanebre, un r\u00e9quiem en honor de ese ser desgraciado abocado a la marginalidad y a la perdici\u00f3n, pero convertido en aut\u00e9ntico mito por la fantas\u00eda popular: el bandolero.<\/p><p>ALUMBRA LUNA, LUNERA<br \/>Alumbra luna, lunera,<br \/>alumbra luna, lunera,<br \/>alumbra luna, lunera,<br \/>alumbra a ese bandolero<br \/>que del amor prisionero<br \/>se transform\u00f3 en una fiera.<\/p><p>Con vocaci\u00f3n carcelera <br \/>entre los riscos se encierra<br \/>contra el mundo en feroz guerra<br \/>desigual y suicida.<\/p><p>Olvidado de la suerte<br \/>se alista en una part\u00eda<br \/>y jugando con la muerte<br \/>transita la Serran\u00eda,<br \/>en su pecho est\u00e1 su herida<br \/>y su esperanza en la sierra.<br \/>Alumbra luna, lunera\u2026<\/p><p>Dicen los que conocen mis canciones que esta que viene es la mejor letra que yo he escrito. Yo no estoy de acuerdo, pero si ellos lo dicen\u2026 Es una sevillana, que no es un g\u00e9nero en el que yo me prodigue.<\/p><p>CADA ATARDECER EN RONDA<br \/>1. El cielo azul de la tarde<br \/>en Ronda se hace poes\u00eda<br \/>cuando el pu\u00f1al de la noche<br \/>empieza a matar el d\u00eda,<br \/>mientras la luna se esconde<br \/>detr\u00e1s de la Serran\u00eda.<\/p><p>Y Ronda, siempre en el centro,<br \/>sue\u00f1a con el horizonte,<br \/>ataviada de encinares<br \/>y circundada de montes.<\/p><p>2. Cada atardecer en Ronda<br \/>deja un lienzo diferente<br \/>y como un juego de magia,<br \/>la magia se hace presente<br \/>y Ronda llora en silencio<br \/>extasiada en su poniente.<\/p><p>Y Ronda, siempre en el centro\u2026<\/p><p>3. Cuando va a acostarse el sol<br \/>una l\u00e1grima carm\u00edn<br \/>se derrama por su rostro<br \/>porque se tiene que ir.<br \/>en busca de otro horizonte,<br \/>que es lo mismo que morir.<\/p><p>Y Ronda, siempre en el centro\u2026<\/p><p>4. Cada atardecer en Ronda,<br \/>la voz se queda sin voz,<br \/>porque como si tal cosa<br \/>se hace un milagro de Dios.<br \/>\u00a1Silencio, mucho silencio!,<br \/>que se est\u00e1 poniendo el sol.<\/p><p>Y Ronda, siempre en el centro\u2026<\/p><p>Pero abandonemos un momento el tono grave y serio y ocup\u00e9monos de cosas ronde\u00f1as m\u00e1s l\u00fadicas; acudamos al humos, que es la cosa m\u00e1s seria que existe.<\/p><p>LA PICHA DEL MORO<br \/>Un cipote que brota de la tierra,<br \/>haciendo competencia al mismo Tajo;<br \/>intr\u00e9pido y fant\u00e1stico carajo<br \/>que apunta al limpio cielo de la sierra.<\/p><p>Pichorra que levanta su cabeza,<br \/>unida al esplendor de la muralla,<br \/>er\u00f3tica y fren\u00e9tica atalaya<br \/>que contempla impasible su grandeza.<\/p><p>Ronda entera se rinde a tus poderes,<br \/>eterno torbellino de pasiones,<br \/>visceral remolino de placeres,<\/p><p>que llena de ansiedad los corazones.<br \/>Por tu gracia suspiran las mujeres<br \/>y se mueren de envidia los varones.<\/p><p>RONDA Y SUS ROTONDAS<br \/>\u00a1Ay, Ronda, mi vieja Ronda,<br \/>encadenada a su Tajo,<br \/>con tan poquito trabajo<br \/>y tant\u00edsimas rotondas!<\/p><p>\u00a1Ay, Ronda, mi hermosa Ronda<br \/>flor de gloriosos pinceles,<br \/>dormidita en sus laureles<br \/>y pre\u00f1ada de rotondas.<\/p><p>Rotondas grandes, peque\u00f1as,<br \/>rotondas como estandartes,<br \/>rotondas con las que sue\u00f1as, <br \/>rotondas por todas partes.<\/p><p>Islas de asfalto que ocultan<br \/>la claridad de las v\u00edas,<br \/>atrocidades que insultan<br \/>la raz\u00f3n y la armon\u00eda.<\/p><p>Ronda, profundo misterio, <br \/>belleza profunda y honda,<br \/>pero a sus calles, en serio,<br \/>les sobra alguna rotonda.<\/p><p>Ciudad so\u00f1ada simpar<br \/>es Ronda, mi vieja Ronda,<br \/>capaz de hacerte so\u00f1ar<br \/>o perderte en sus rotondas.<\/p><p>Y ya para terminar una d\u00e9cima dedicada, como no, a esta joya serrana, tan hermosa como olvidada.<\/p><p>Ronda te invita a volar,<br \/>a trascender lo corriente,<br \/>a fundirte en la inconsciente<br \/>insensatez de so\u00f1ar.<br \/>Ronda es lo mismo que amar<br \/>lo inaudito, lo intangible; <br \/>igual que la imprescindible<br \/>aventura de sentir,<br \/>la locura de vivir<br \/>al filo de lo imposible.<\/p>\t\t\t\t\t\t<\/div>\n\t\t\t\t<\/div>\n\t\t\t\t\t<\/div>\n\t\t<\/div>\n\t\t\t\t\t<\/div>\n\t\t<\/section>\n\t\t\t\t<\/div>\n\t\t","protected":false},"excerpt":{"rendered":"<p>RECITAL PO\u00c9TICO EN EL RESTAURANTE \u00abMARUJA LIM\u00d3N\u00bb El jueves, en el Restaurante \u00abMaruja Lim\u00f3n\u00bb. Todo un lujo, un lugar espl\u00e9ndido y lleno a rebosar.Present\u00e9 de nuevo el disco \u00abRonda, verdad imposible\u00bb. P\u00fablico ejemplar y compa\u00f1eros de reparto extraordinarios. All\u00ed estuvieron mis amigos Fali, Lina, Queco, Salvador Lobato, El Canijo&#8230; Lo que yo dije (m\u00e1s o [&hellip;]<\/p>\n","protected":false},"author":1,"featured_media":0,"parent":0,"menu_order":0,"comment_status":"closed","ping_status":"closed","template":"","meta":{"_aioseop_title":"Recital po\u00e9tico en \"Maruja Lim\u00f3n\"","_aioseop_description":"","ngg_post_thumbnail":0,"footnotes":""},"_links":{"self":[{"href":"https:\/\/www.josemariatornay.com\/index.php\/wp-json\/wp\/v2\/pages\/18318"}],"collection":[{"href":"https:\/\/www.josemariatornay.com\/index.php\/wp-json\/wp\/v2\/pages"}],"about":[{"href":"https:\/\/www.josemariatornay.com\/index.php\/wp-json\/wp\/v2\/types\/page"}],"author":[{"embeddable":true,"href":"https:\/\/www.josemariatornay.com\/index.php\/wp-json\/wp\/v2\/users\/1"}],"replies":[{"embeddable":true,"href":"https:\/\/www.josemariatornay.com\/index.php\/wp-json\/wp\/v2\/comments?post=18318"}],"version-history":[{"count":0,"href":"https:\/\/www.josemariatornay.com\/index.php\/wp-json\/wp\/v2\/pages\/18318\/revisions"}],"wp:attachment":[{"href":"https:\/\/www.josemariatornay.com\/index.php\/wp-json\/wp\/v2\/media?parent=18318"}],"curies":[{"name":"wp","href":"https:\/\/api.w.org\/{rel}","templated":true}]}}