{"id":22393,"date":"2022-06-05T15:58:33","date_gmt":"2022-06-05T14:58:33","guid":{"rendered":"http:\/\/www.josemariatornay.com\/?page_id=22393"},"modified":"2022-06-05T16:35:54","modified_gmt":"2022-06-05T15:35:54","slug":"homenaje-cristina-junio","status":"publish","type":"page","link":"https:\/\/www.josemariatornay.com\/index.php\/homenaje-cristina-junio\/","title":{"rendered":"HOMENAJE A ANA CRISTINA (4\/junio\/2022)"},"content":{"rendered":"\t\t<div data-elementor-type=\"wp-page\" data-elementor-id=\"22393\" class=\"elementor elementor-22393\">\n\t\t\t\t\t\t<section class=\"elementor-section elementor-top-section elementor-element elementor-element-7875687 elementor-section-boxed elementor-section-height-default elementor-section-height-default\" data-id=\"7875687\" data-element_type=\"section\">\n\t\t\t\t\t\t<div class=\"elementor-container elementor-column-gap-default\">\n\t\t\t\t\t<div class=\"elementor-column elementor-col-100 elementor-top-column elementor-element elementor-element-fd55e3b\" data-id=\"fd55e3b\" data-element_type=\"column\">\n\t\t\t<div class=\"elementor-widget-wrap elementor-element-populated\">\n\t\t\t\t\t\t<div class=\"elementor-element elementor-element-c260c08 elementor-widget elementor-widget-heading\" data-id=\"c260c08\" data-element_type=\"widget\" data-widget_type=\"heading.default\">\n\t\t\t\t<div class=\"elementor-widget-container\">\n\t\t\t<style>\/*! elementor - v3.20.0 - 20-03-2024 *\/\n.elementor-heading-title{padding:0;margin:0;line-height:1}.elementor-widget-heading .elementor-heading-title[class*=elementor-size-]>a{color:inherit;font-size:inherit;line-height:inherit}.elementor-widget-heading .elementor-heading-title.elementor-size-small{font-size:15px}.elementor-widget-heading .elementor-heading-title.elementor-size-medium{font-size:19px}.elementor-widget-heading .elementor-heading-title.elementor-size-large{font-size:29px}.elementor-widget-heading .elementor-heading-title.elementor-size-xl{font-size:39px}.elementor-widget-heading .elementor-heading-title.elementor-size-xxl{font-size:59px}<\/style><h2 class=\"elementor-heading-title elementor-size-medium\">Comida peri\u00f3dica de ENTREAMIGOS y homenaje a nuestra estrella, ANA CRISTINA. Se ha afincado en Madrid, porque all\u00ed espera cumplir sus sue\u00f1os de actriz y cantante. Con ella estaremos siempre. Ella siempre formar\u00e1 parte de ENTREAMIGOS. En la imagen superior, interpretando \"Luc\u00eda\" a mi lado, acompa\u00f1ados por el maestro don Antonio G\u00aa Montes.<\/h2>\t\t<\/div>\n\t\t\t\t<\/div>\n\t\t\t\t\t<\/div>\n\t\t<\/div>\n\t\t\t\t\t<\/div>\n\t\t<\/section>\n\t\t\t\t<section class=\"elementor-section elementor-top-section elementor-element elementor-element-30074cd elementor-section-boxed elementor-section-height-default elementor-section-height-default\" data-id=\"30074cd\" data-element_type=\"section\">\n\t\t\t\t\t\t<div class=\"elementor-container elementor-column-gap-default\">\n\t\t\t\t\t<div class=\"elementor-column elementor-col-50 elementor-top-column elementor-element elementor-element-1e507f7\" data-id=\"1e507f7\" data-element_type=\"column\">\n\t\t\t<div class=\"elementor-widget-wrap elementor-element-populated\">\n\t\t\t\t\t\t<div class=\"elementor-element elementor-element-d48af7d elementor-widget elementor-widget-image\" data-id=\"d48af7d\" data-element_type=\"widget\" data-widget_type=\"image.default\">\n\t\t\t\t<div class=\"elementor-widget-container\">\n\t\t\t<style>\/*! elementor - v3.20.0 - 20-03-2024 *\/\n.elementor-widget-image{text-align:center}.elementor-widget-image a{display:inline-block}.elementor-widget-image a img[src$=\".svg\"]{width:48px}.elementor-widget-image img{vertical-align:middle;display:inline-block}<\/style>\t\t\t\t\t\t\t\t\t\t<img fetchpriority=\"high\" decoding=\"async\" width=\"768\" height=\"1024\" src=\"https:\/\/www.josemariatornay.com\/wp-content\/uploads\/2022\/06\/ANA-CRISTINA-01-768x1024.jpeg\" class=\"attachment-large size-large wp-image-22388\" alt=\"\" srcset=\"https:\/\/www.josemariatornay.com\/wp-content\/uploads\/2022\/06\/ANA-CRISTINA-01-768x1024.jpeg 768w, https:\/\/www.josemariatornay.com\/wp-content\/uploads\/2022\/06\/ANA-CRISTINA-01-225x300.jpeg 225w, https:\/\/www.josemariatornay.com\/wp-content\/uploads\/2022\/06\/ANA-CRISTINA-01-1152x1536.jpeg 1152w, https:\/\/www.josemariatornay.com\/wp-content\/uploads\/2022\/06\/ANA-CRISTINA-01.jpeg 1368w\" sizes=\"(max-width: 768px) 100vw, 768px\" \/>\t\t\t\t\t\t\t\t\t\t\t\t\t<\/div>\n\t\t\t\t<\/div>\n\t\t\t\t<div class=\"elementor-element elementor-element-2028761 elementor-widget elementor-widget-image\" data-id=\"2028761\" data-element_type=\"widget\" data-widget_type=\"image.default\">\n\t\t\t\t<div class=\"elementor-widget-container\">\n\t\t\t\t\t\t\t\t\t\t\t\t\t<img decoding=\"async\" width=\"1024\" height=\"768\" src=\"https:\/\/www.josemariatornay.com\/wp-content\/uploads\/2022\/06\/ANA-CRISTINA-04-1024x768.jpeg\" class=\"attachment-large size-large wp-image-22389\" alt=\"\" srcset=\"https:\/\/www.josemariatornay.com\/wp-content\/uploads\/2022\/06\/ANA-CRISTINA-04-1024x768.jpeg 1024w, https:\/\/www.josemariatornay.com\/wp-content\/uploads\/2022\/06\/ANA-CRISTINA-04-300x225.jpeg 300w, https:\/\/www.josemariatornay.com\/wp-content\/uploads\/2022\/06\/ANA-CRISTINA-04-768x576.jpeg 768w, https:\/\/www.josemariatornay.com\/wp-content\/uploads\/2022\/06\/ANA-CRISTINA-04-1536x1152.jpeg 1536w, https:\/\/www.josemariatornay.com\/wp-content\/uploads\/2022\/06\/ANA-CRISTINA-04.jpeg 1824w\" sizes=\"(max-width: 1024px) 100vw, 1024px\" \/>\t\t\t\t\t\t\t\t\t\t\t\t\t<\/div>\n\t\t\t\t<\/div>\n\t\t\t\t<div class=\"elementor-element elementor-element-264e5cd elementor-widget elementor-widget-video\" data-id=\"264e5cd\" data-element_type=\"widget\" data-settings=\"{&quot;youtube_url&quot;:&quot;https:\\\/\\\/www.youtube.com\\\/watch?v=pz0sVJyM0yM&quot;,&quot;video_type&quot;:&quot;youtube&quot;,&quot;controls&quot;:&quot;yes&quot;}\" data-widget_type=\"video.default\">\n\t\t\t\t<div class=\"elementor-widget-container\">\n\t\t\t<style>\/*! elementor - v3.20.0 - 20-03-2024 *\/\n.elementor-widget-video .elementor-widget-container{overflow:hidden;transform:translateZ(0)}.elementor-widget-video .elementor-wrapper{aspect-ratio:var(--video-aspect-ratio)}.elementor-widget-video .elementor-wrapper iframe,.elementor-widget-video .elementor-wrapper video{height:100%;width:100%;display:flex;border:none;background-color:#000}@supports not (aspect-ratio:1\/1){.elementor-widget-video .elementor-wrapper{position:relative;overflow:hidden;height:0;padding-bottom:calc(100% \/ var(--video-aspect-ratio))}.elementor-widget-video .elementor-wrapper iframe,.elementor-widget-video .elementor-wrapper video{position:absolute;top:0;right:0;bottom:0;left:0}}.elementor-widget-video .elementor-open-inline .elementor-custom-embed-image-overlay{position:absolute;top:0;right:0;bottom:0;left:0;background-size:cover;background-position:50%}.elementor-widget-video .elementor-custom-embed-image-overlay{cursor:pointer;text-align:center}.elementor-widget-video .elementor-custom-embed-image-overlay:hover .elementor-custom-embed-play i{opacity:1}.elementor-widget-video .elementor-custom-embed-image-overlay img{display:block;width:100%;aspect-ratio:var(--video-aspect-ratio);-o-object-fit:cover;object-fit:cover;-o-object-position:center center;object-position:center center}@supports not (aspect-ratio:1\/1){.elementor-widget-video .elementor-custom-embed-image-overlay{position:relative;overflow:hidden;height:0;padding-bottom:calc(100% \/ var(--video-aspect-ratio))}.elementor-widget-video .elementor-custom-embed-image-overlay img{position:absolute;top:0;right:0;bottom:0;left:0}}.elementor-widget-video .e-hosted-video .elementor-video{-o-object-fit:cover;object-fit:cover}.e-con-inner>.elementor-widget-video,.e-con>.elementor-widget-video{width:var(--container-widget-width);--flex-grow:var(--container-widget-flex-grow)}<\/style>\t\t<div class=\"elementor-wrapper elementor-open-inline\">\n\t\t\t<div class=\"elementor-video\"><\/div>\t\t<\/div>\n\t\t\t\t<\/div>\n\t\t\t\t<\/div>\n\t\t\t\t\t<\/div>\n\t\t<\/div>\n\t\t\t\t<div class=\"elementor-column elementor-col-50 elementor-top-column elementor-element elementor-element-5b6d66e\" data-id=\"5b6d66e\" data-element_type=\"column\">\n\t\t\t<div class=\"elementor-widget-wrap elementor-element-populated\">\n\t\t\t\t\t\t<div class=\"elementor-element elementor-element-bc3dcb2 elementor-widget elementor-widget-image\" data-id=\"bc3dcb2\" data-element_type=\"widget\" data-widget_type=\"image.default\">\n\t\t\t\t<div class=\"elementor-widget-container\">\n\t\t\t\t\t\t\t\t\t\t\t\t\t<img decoding=\"async\" width=\"768\" height=\"1024\" src=\"https:\/\/www.josemariatornay.com\/wp-content\/uploads\/2022\/06\/ANA-CRISTINA-02-1-768x1024.jpeg\" class=\"attachment-large size-large wp-image-22396\" alt=\"\" srcset=\"https:\/\/www.josemariatornay.com\/wp-content\/uploads\/2022\/06\/ANA-CRISTINA-02-1-768x1024.jpeg 768w, https:\/\/www.josemariatornay.com\/wp-content\/uploads\/2022\/06\/ANA-CRISTINA-02-1-225x300.jpeg 225w, https:\/\/www.josemariatornay.com\/wp-content\/uploads\/2022\/06\/ANA-CRISTINA-02-1-1152x1536.jpeg 1152w, https:\/\/www.josemariatornay.com\/wp-content\/uploads\/2022\/06\/ANA-CRISTINA-02-1.jpeg 1368w\" sizes=\"(max-width: 768px) 100vw, 768px\" \/>\t\t\t\t\t\t\t\t\t\t\t\t\t<\/div>\n\t\t\t\t<\/div>\n\t\t\t\t<div class=\"elementor-element elementor-element-b31ea2d elementor-widget elementor-widget-image\" data-id=\"b31ea2d\" data-element_type=\"widget\" data-widget_type=\"image.default\">\n\t\t\t\t<div class=\"elementor-widget-container\">\n\t\t\t\t\t\t\t\t\t\t\t\t\t<img fetchpriority=\"high\" decoding=\"async\" width=\"768\" height=\"1024\" src=\"https:\/\/www.josemariatornay.com\/wp-content\/uploads\/2022\/06\/ANA-CRISTINA-01-768x1024.jpeg\" class=\"attachment-large size-large wp-image-22388\" alt=\"\" srcset=\"https:\/\/www.josemariatornay.com\/wp-content\/uploads\/2022\/06\/ANA-CRISTINA-01-768x1024.jpeg 768w, https:\/\/www.josemariatornay.com\/wp-content\/uploads\/2022\/06\/ANA-CRISTINA-01-225x300.jpeg 225w, https:\/\/www.josemariatornay.com\/wp-content\/uploads\/2022\/06\/ANA-CRISTINA-01-1152x1536.jpeg 1152w, https:\/\/www.josemariatornay.com\/wp-content\/uploads\/2022\/06\/ANA-CRISTINA-01.jpeg 1368w\" sizes=\"(max-width: 768px) 100vw, 768px\" \/>\t\t\t\t\t\t\t\t\t\t\t\t\t<\/div>\n\t\t\t\t<\/div>\n\t\t\t\t\t<\/div>\n\t\t<\/div>\n\t\t\t\t\t<\/div>\n\t\t<\/section>\n\t\t\t\t<\/div>\n\t\t","protected":false},"excerpt":{"rendered":"<p>Comida peri\u00f3dica de ENTREAMIGOS y homenaje a nuestra estrella, ANA CRISTINA. Se ha afincado en Madrid, porque all\u00ed espera cumplir sus sue\u00f1os de actriz y cantante. Con ella estaremos siempre. Ella siempre formar\u00e1 parte de ENTREAMIGOS. En la imagen superior, interpretando \u00abLuc\u00eda\u00bb a mi lado, acompa\u00f1ados por el maestro don Antonio G\u00aa Montes.<\/p>\n","protected":false},"author":1,"featured_media":0,"parent":0,"menu_order":0,"comment_status":"closed","ping_status":"closed","template":"","meta":{"_aioseop_title":"","_aioseop_description":"","ngg_post_thumbnail":0,"footnotes":""},"_links":{"self":[{"href":"https:\/\/www.josemariatornay.com\/index.php\/wp-json\/wp\/v2\/pages\/22393"}],"collection":[{"href":"https:\/\/www.josemariatornay.com\/index.php\/wp-json\/wp\/v2\/pages"}],"about":[{"href":"https:\/\/www.josemariatornay.com\/index.php\/wp-json\/wp\/v2\/types\/page"}],"author":[{"embeddable":true,"href":"https:\/\/www.josemariatornay.com\/index.php\/wp-json\/wp\/v2\/users\/1"}],"replies":[{"embeddable":true,"href":"https:\/\/www.josemariatornay.com\/index.php\/wp-json\/wp\/v2\/comments?post=22393"}],"version-history":[{"count":4,"href":"https:\/\/www.josemariatornay.com\/index.php\/wp-json\/wp\/v2\/pages\/22393\/revisions"}],"predecessor-version":[{"id":22401,"href":"https:\/\/www.josemariatornay.com\/index.php\/wp-json\/wp\/v2\/pages\/22393\/revisions\/22401"}],"wp:attachment":[{"href":"https:\/\/www.josemariatornay.com\/index.php\/wp-json\/wp\/v2\/media?parent=22393"}],"curies":[{"name":"wp","href":"https:\/\/api.w.org\/{rel}","templated":true}]}}