{"id":5383,"date":"2016-11-21T22:24:07","date_gmt":"2016-11-21T21:24:07","guid":{"rendered":"http:\/\/www.josemariatornay.com\/index.php\/en-escena\/"},"modified":"2016-11-28T12:00:25","modified_gmt":"2016-11-28T11:00:25","slug":"en-escena","status":"publish","type":"page","link":"https:\/\/www.josemariatornay.com\/index.php\/en-escena\/","title":{"rendered":"En Escena"},"content":{"rendered":"<table style=\"height: 1292px;\" width=\"960\">\n<tbody>\n<tr>\n<td style=\"width: 245px; text-align: center;\"><img decoding=\"async\" class=\"alignnone wp-image-5952\" src=\"http:\/\/www.josemariatornay.com\/wp-content\/uploads\/2016\/11\/fotoportada-3.jpg\" alt=\"fotoportada\" width=\"174\" height=\"91\">&nbsp;<\/td>\n<td style=\"text-align: justify;\" colspan=\"3\">Recojo aqu\u00ed todas aquellas actuaciones y actos en los que he tenido participaci\u00f3n en los \u00faltimos tiempos y de los que dispongo de documentaci\u00f3n.<br \/>\nAlgunos de ellos no los coloco en esta secci\u00f3n, porque ya est\u00e1n recogidos en la secci\u00f3n ENTREAMIGOS, grupo musical y teatral al que pertenezco.<br \/>\nTampoco recojo aquellos actos y actuaciones en las que aparec\u00ed con el TES de Ronda, porque ya est\u00e1, en la secci\u00f3n correpondiente que dedico al entra\u00f1able grupo ronde\u00f1o.<br \/>\n&nbsp;&nbsp;&nbsp;<\/td>\n<\/tr>\n<tr>\n<td style=\"text-align: center; vertical-align: top;\">&nbsp;Preg\u00f3n \u00abRonda Rom\u00e1ntica\u00bb 2016<br \/>\n<a href=\"http:\/\/www.josemariatornay.com\/index.php\/pregon-de-ronda-romantica-2016\/\"><img decoding=\"async\" class=\"alignnone wp-image-6058\" src=\"http:\/\/www.josemariatornay.com\/wp-content\/uploads\/2016\/11\/smallpregon.jpg\" alt=\"smallpregon\" width=\"175\" height=\"131\"><\/a><\/td>\n<td style=\"text-align: center;\">Graduaci\u00f3n alumnos 4\u00ba<br \/>\n9 junio de 2016Pendiente&nbsp;<\/td>\n<td style=\"width: 245px; text-align: center;\">\n<p>&nbsp;BODA DE V\u00cdCTOR<\/p>\n<p>Pendiente<\/td>\n<td style=\"width: 245px; text-align: center;\">Seis octavas y una voz<br \/>\n&nbsp;<a href=\"http:\/\/www.josemariatornay.com\/index.php\/seis-octavas-y-una-voz\/\"><img decoding=\"async\" class=\"alignnone wp-image-6055\" src=\"http:\/\/www.josemariatornay.com\/wp-content\/uploads\/2016\/11\/Seis-octavas-y-una-voz.jpg\" alt=\"seis-octavas-y-una-voz\" width=\"180\" height=\"135\" srcset=\"https:\/\/www.josemariatornay.com\/wp-content\/uploads\/2016\/11\/Seis-octavas-y-una-voz.jpg 266w, https:\/\/www.josemariatornay.com\/wp-content\/uploads\/2016\/11\/elementor\/thumbs\/Seis-octavas-y-una-voz-opo63x5e69oicuhena110max86tvc8yso0mvxl8f6k.jpg 200w\" sizes=\"(max-width: 180px) 100vw, 180px\" \/><\/a><br \/>\nTuve el honor de cantar el \u00abRomance de Curro El Palmo\u00bb con Ana Cristina<\/td>\n<\/tr>\n<tr>\n<td style=\"text-align: center;\">Pongamos que hablo de Joaqu\u00edn&nbsp;<br \/>\n<a href=\"http:\/\/www.josemariatornay.com\/index.php\/pongamos-que-hablo-de-joaquin-arriate-2\/\"><img loading=\"lazy\" decoding=\"async\" class=\"alignnone wp-image-6086\" src=\"http:\/\/www.josemariatornay.com\/wp-content\/uploads\/2016\/11\/sabinaarriatesmall.jpg\" alt=\"sabinaarriatesmall\" width=\"208\" height=\"117\"><\/a><br \/>\nArriate, 20 de junio 2015<\/td>\n<td style=\"text-align: center; vertical-align: top;\">&nbsp;Sabina en la Pe\u00f1a<br \/>\n<a href=\"http:\/\/www.josemariatornay.com\/index.php\/pongamos-que-hablo-de-joaquin-pena-flamenca\/\"><img loading=\"lazy\" decoding=\"async\" class=\"alignnone wp-image-6276\" src=\"http:\/\/www.josemariatornay.com\/wp-content\/uploads\/2016\/11\/small-3.jpg\" alt=\"small\" width=\"208\" height=\"116\"><\/a><\/td>\n<td style=\"text-align: center;\">&nbsp;Con TARIFA PLANA (julio 2015)<br \/>\n<img loading=\"lazy\" decoding=\"async\" class=\"alignnone wp-image-7251\" src=\"http:\/\/www.josemariatornay.com\/wp-content\/uploads\/2016\/11\/small-14-168x300.jpg\" alt=\"small\" width=\"71\" height=\"127\" srcset=\"https:\/\/www.josemariatornay.com\/wp-content\/uploads\/2016\/11\/small-14-168x300.jpg 168w, https:\/\/www.josemariatornay.com\/wp-content\/uploads\/2016\/11\/small-14.jpg 179w\" sizes=\"(max-width: 71px) 100vw, 71px\" \/><\/td>\n<td style=\"text-align: center;\">&nbsp;II Gala de la Cruz Roja<br \/>\n&nbsp;<a href=\"http:\/\/www.josemariatornay.com\/index.php\/gala-d-e-la-cruz-roja\/\"><img loading=\"lazy\" decoding=\"async\" class=\"alignnone wp-image-7249\" src=\"http:\/\/www.josemariatornay.com\/wp-content\/uploads\/2016\/11\/small-13.jpg\" alt=\"small\" width=\"203\" height=\"114\"><\/a><\/td>\n<\/tr>\n<tr>\n<td style=\"text-align: center;\">&nbsp;Paella solidaria (Nerea y Javi)<br \/>\n<img loading=\"lazy\" decoding=\"async\" class=\"alignnone wp-image-7256\" src=\"http:\/\/www.josemariatornay.com\/wp-content\/uploads\/2016\/11\/voltasur.jpg\" alt=\"voltasur\" width=\"146\" height=\"106\"><br \/>\n(28 de febrero 2015)<\/td>\n<td style=\"text-align: center; vertical-align: top;\">&nbsp;Actuaci\u00f3n en \u00abTU VOZ\u00bb<br \/>\n<img loading=\"lazy\" decoding=\"async\" class=\"alignnone wp-image-7255\" src=\"http:\/\/www.josemariatornay.com\/wp-content\/uploads\/2016\/11\/small-15.jpg\" alt=\"small\" width=\"213\" height=\"120\"><br \/>\nMayo&nbsp;2015<\/td>\n<td style=\"text-align: center; vertical-align: top;\"><img loading=\"lazy\" decoding=\"async\" class=\"alignnone wp-image-6278\" src=\"http:\/\/www.josemariatornay.com\/wp-content\/uploads\/2016\/11\/carteohomenajeortegasmall.jpg\" alt=\"carteohomenajeortegasmall\" width=\"108\" height=\"155\"><br \/>\n(29 de mayo 2015)<\/td>\n<td style=\"text-align: center;\">&nbsp;Graduaci\u00f3n alumnos 4\u00ba<br \/>\n<img loading=\"lazy\" decoding=\"async\" class=\"alignnone wp-image-7253\" src=\"http:\/\/www.josemariatornay.com\/wp-content\/uploads\/2016\/11\/graduacionsmall-2015.jpg\" alt=\"graduacionsmall-2015\" width=\"200\" height=\"133\"><br \/>\n11 junio 2015<\/td>\n<\/tr>\n<tr>\n<td style=\"text-align: center;\">&nbsp;CONCIERTO en Las Murallas<br \/>\n<a href=\"http:\/\/www.josemariatornay.com\/index.php\/concierto-en-las-murallas\/\"><img loading=\"lazy\" decoding=\"async\" class=\"alignnone wp-image-7248\" src=\"http:\/\/www.josemariatornay.com\/wp-content\/uploads\/2016\/11\/small2-1.jpg\" alt=\"small2\" width=\"196\" height=\"148\"><\/a><br \/>\n(agosto 2014)<\/td>\n<td>\n<p style=\"text-align: center;\">&nbsp;Boda de Eva y Perico<br \/>\n<img loading=\"lazy\" decoding=\"async\" class=\"alignnone wp-image-7258\" src=\"http:\/\/www.josemariatornay.com\/wp-content\/uploads\/2016\/11\/bodaperico-300x225.jpg\" alt=\"bodaperico\" width=\"188\" height=\"141\" srcset=\"https:\/\/www.josemariatornay.com\/wp-content\/uploads\/2016\/11\/bodaperico-300x225.jpg 300w, https:\/\/www.josemariatornay.com\/wp-content\/uploads\/2016\/11\/bodaperico.jpg 320w\" sizes=\"(max-width: 188px) 100vw, 188px\" \/><br \/>\n(agosto 2014)<\/p>\n<\/td>\n<td style=\"text-align: center;\">&nbsp;Sabina<br \/>\n<a href=\"http:\/\/www.josemariatornay.com\/index.php\/pongamos-que-hablo-de-joaquin-en-el-teatro\/\"><img loading=\"lazy\" decoding=\"async\" class=\"alignnone wp-image-7259\" src=\"http:\/\/www.josemariatornay.com\/wp-content\/uploads\/2016\/11\/sabinasmall.jpg\" alt=\"sabinasmall\" width=\"180\" height=\"135\"><\/a><br \/>\n(marzo 2015)<\/td>\n<td style=\"text-align: center;\">&nbsp;Preg\u00f3n Santo Entierro<br \/>\n<img loading=\"lazy\" decoding=\"async\" class=\"alignnone wp-image-7261\" src=\"http:\/\/www.josemariatornay.com\/wp-content\/uploads\/2016\/11\/small-16.jpg\" alt=\"small\" width=\"174\" height=\"131\"><br \/>\n(abril 2015)<\/td>\n<\/tr>\n<tr>\n<td style=\"text-align: center;\">Cantares en la Pe\u00f1a Flamenca<br \/>\n<a href=\"http:\/\/www.josemariatornay.com\/index.php\/cantares-en-la-pena-flamenca\/\"><img loading=\"lazy\" decoding=\"async\" class=\"alignnone wp-image-6518\" src=\"http:\/\/www.josemariatornay.com\/wp-content\/uploads\/2016\/11\/small-7.jpg\" alt=\"small\" width=\"182\" height=\"137\"><\/a><br \/>\n(octubre 2013)<\/td>\n<td style=\"text-align: center;\">&nbsp;A m\u00ed me mat\u00f3 un bolero<\/td>\n<td style=\"text-align: center;\">&nbsp;Exaltaci\u00f3n de La Saeta<br \/>\n(Arriate 2014)<\/td>\n<td style=\"text-align: center;\">&nbsp;Homenaje a Salvador Conde<br \/>\n(mayo 2014)<\/td>\n<\/tr>\n<tr>\n<td style=\"text-align: center;\">La culpa fue de la copla<br \/>\n(octubre 2010)<\/td>\n<td style=\"text-align: center;\">La copla tuvo la culpa<br \/>\nEnero 2011)<\/td>\n<td style=\"text-align: center;\">Serrat en el coraz\u00f3n<br \/>\n(Pe\u00f1a Flamenca 2013)<\/td>\n<td style=\"text-align: center;\">Serrat en el coraz\u00f3n<br \/>\n(Sto Domingo, 2013)<\/td>\n<\/tr>\n<tr>\n<td style=\"text-align: center;\">Preg\u00f3n<\/td>\n<td style=\"text-align: center;\">&nbsp;<\/td>\n<td style=\"text-align: center;\">&nbsp;<\/td>\n<td style=\"text-align: center;\">&nbsp;<\/td>\n<\/tr>\n<\/tbody>\n<\/table>\n<p>&nbsp;<\/p>\n","protected":false},"excerpt":{"rendered":"<p>&nbsp; Recojo aqu\u00ed todas aquellas actuaciones y actos en los que he tenido participaci\u00f3n en los \u00faltimos tiempos y de los que dispongo de documentaci\u00f3n. Algunos de ellos no los coloco en esta secci\u00f3n, porque ya est\u00e1n recogidos en la secci\u00f3n ENTREAMIGOS, grupo musical y teatral al que pertenezco. Tampoco recojo aquellos actos y actuaciones [&hellip;]<\/p>\n","protected":false},"author":1,"featured_media":0,"parent":0,"menu_order":32,"comment_status":"closed","ping_status":"closed","template":"","meta":{"_aioseop_title":"","_aioseop_description":"","ngg_post_thumbnail":0,"footnotes":""},"_links":{"self":[{"href":"https:\/\/www.josemariatornay.com\/index.php\/wp-json\/wp\/v2\/pages\/5383"}],"collection":[{"href":"https:\/\/www.josemariatornay.com\/index.php\/wp-json\/wp\/v2\/pages"}],"about":[{"href":"https:\/\/www.josemariatornay.com\/index.php\/wp-json\/wp\/v2\/types\/page"}],"author":[{"embeddable":true,"href":"https:\/\/www.josemariatornay.com\/index.php\/wp-json\/wp\/v2\/users\/1"}],"replies":[{"embeddable":true,"href":"https:\/\/www.josemariatornay.com\/index.php\/wp-json\/wp\/v2\/comments?post=5383"}],"version-history":[{"count":0,"href":"https:\/\/www.josemariatornay.com\/index.php\/wp-json\/wp\/v2\/pages\/5383\/revisions"}],"wp:attachment":[{"href":"https:\/\/www.josemariatornay.com\/index.php\/wp-json\/wp\/v2\/media?parent=5383"}],"curies":[{"name":"wp","href":"https:\/\/api.w.org\/{rel}","templated":true}]}}