{"id":5387,"date":"2016-11-21T22:24:11","date_gmt":"2016-11-21T21:24:11","guid":{"rendered":"http:\/\/www.josemariatornay.com\/index.php\/mi-opinion\/a-vuelapluma\/"},"modified":"2020-04-18T11:35:10","modified_gmt":"2020-04-18T10:35:10","slug":"a-vuelapluma","status":"publish","type":"page","link":"https:\/\/www.josemariatornay.com\/index.php\/mi-opinion\/a-vuelapluma\/","title":{"rendered":"A vuelapluma"},"content":{"rendered":"\t\t<div data-elementor-type=\"wp-page\" data-elementor-id=\"5387\" class=\"elementor elementor-5387 elementor-bc-flex-widget\">\n\t\t\t\t\t\t<section class=\"elementor-section elementor-top-section elementor-element elementor-element-k6jcf95 elementor-section-boxed elementor-section-height-default elementor-section-height-default\" data-id=\"k6jcf95\" data-element_type=\"section\" data-settings=\"{&quot;background_background&quot;:&quot;classic&quot;}\">\n\t\t\t\t\t\t<div class=\"elementor-container elementor-column-gap-default\">\n\t\t\t\t\t<div class=\"elementor-column elementor-col-33 elementor-top-column elementor-element elementor-element-9wuf3yy\" data-id=\"9wuf3yy\" data-element_type=\"column\">\n\t\t\t<div class=\"elementor-widget-wrap elementor-element-populated\">\n\t\t\t\t\t\t<div class=\"elementor-element elementor-element-48ctvwv elementor-widget elementor-widget-image\" data-id=\"48ctvwv\" data-element_type=\"widget\" data-widget_type=\"image.default\">\n\t\t\t\t<div class=\"elementor-widget-container\">\n\t\t\t<style>\/*! elementor - v3.20.0 - 20-03-2024 *\/\n.elementor-widget-image{text-align:center}.elementor-widget-image a{display:inline-block}.elementor-widget-image a img[src$=\".svg\"]{width:48px}.elementor-widget-image img{vertical-align:middle;display:inline-block}<\/style>\t\t\t\t\t\t\t\t\t\t<img decoding=\"async\" src=\"https:\/\/www.josemariatornay.com\/wp-content\/uploads\/2016\/11\/a-vuelapluma-large.jpg\" title=\"a vuelapluma-large\" alt=\"a vuelapluma-large\" loading=\"lazy\" \/>\t\t\t\t\t\t\t\t\t\t\t\t\t<\/div>\n\t\t\t\t<\/div>\n\t\t\t\t\t<\/div>\n\t\t<\/div>\n\t\t\t\t<div class=\"elementor-column elementor-col-33 elementor-top-column elementor-element elementor-element-9tvdolo\" data-id=\"9tvdolo\" data-element_type=\"column\">\n\t\t\t<div class=\"elementor-widget-wrap elementor-element-populated\">\n\t\t\t\t\t\t<div class=\"elementor-element elementor-element-obsqzlq elementor-widget elementor-widget-text-editor\" data-id=\"obsqzlq\" data-element_type=\"widget\" data-widget_type=\"text-editor.default\">\n\t\t\t\t<div class=\"elementor-widget-container\">\n\t\t\t<style>\/*! elementor - v3.20.0 - 20-03-2024 *\/\n.elementor-widget-text-editor.elementor-drop-cap-view-stacked .elementor-drop-cap{background-color:#69727d;color:#fff}.elementor-widget-text-editor.elementor-drop-cap-view-framed .elementor-drop-cap{color:#69727d;border:3px solid;background-color:transparent}.elementor-widget-text-editor:not(.elementor-drop-cap-view-default) .elementor-drop-cap{margin-top:8px}.elementor-widget-text-editor:not(.elementor-drop-cap-view-default) .elementor-drop-cap-letter{width:1em;height:1em}.elementor-widget-text-editor .elementor-drop-cap{float:left;text-align:center;line-height:1;font-size:50px}.elementor-widget-text-editor .elementor-drop-cap-letter{display:inline-block}<\/style>\t\t\t\t<p>Pensamientos y reflexiones al hilo de la actualidad. A botepronto, tal como aparecen de forma espont\u00e1nea, tal como me abordan sin, casi nunca, pegar en la puerta. Llegan y salen; van y vienen y, a veces, los cazo al vuelo y los coloco aqu\u00ed.<\/p>\t\t\t\t\t\t<\/div>\n\t\t\t\t<\/div>\n\t\t\t\t\t<\/div>\n\t\t<\/div>\n\t\t\t\t<div class=\"elementor-column elementor-col-33 elementor-top-column elementor-element elementor-element-yf6g4vp\" data-id=\"yf6g4vp\" data-element_type=\"column\">\n\t\t\t<div class=\"elementor-widget-wrap elementor-element-populated\">\n\t\t\t\t\t\t<div class=\"elementor-element elementor-element-s0he3do elementor-widget elementor-widget-image\" data-id=\"s0he3do\" data-element_type=\"widget\" data-widget_type=\"image.default\">\n\t\t\t\t<div class=\"elementor-widget-container\">\n\t\t\t\t\t\t\t\t\t\t\t\t\t<img decoding=\"async\" src=\"https:\/\/www.josemariatornay.com\/wp-content\/uploads\/2016\/11\/avuelapluma01.jpg\" title=\"avuelapluma01\" alt=\"avuelapluma01\" loading=\"lazy\" \/>\t\t\t\t\t\t\t\t\t\t\t\t\t<\/div>\n\t\t\t\t<\/div>\n\t\t\t\t\t<\/div>\n\t\t<\/div>\n\t\t\t\t\t<\/div>\n\t\t<\/section>\n\t\t\t\t<section class=\"elementor-section elementor-top-section elementor-element elementor-element-c7gp9zn elementor-section-boxed elementor-section-height-default elementor-section-height-default\" data-id=\"c7gp9zn\" data-element_type=\"section\" data-settings=\"{&quot;background_background&quot;:&quot;classic&quot;}\">\n\t\t\t\t\t\t<div class=\"elementor-container elementor-column-gap-default\">\n\t\t\t\t\t<div class=\"elementor-column elementor-col-100 elementor-top-column elementor-element elementor-element-fffxji6\" data-id=\"fffxji6\" data-element_type=\"column\">\n\t\t\t<div class=\"elementor-widget-wrap elementor-element-populated\">\n\t\t\t\t\t\t<div class=\"elementor-element elementor-element-3f5586u elementor-widget-divider--view-line elementor-widget elementor-widget-divider\" data-id=\"3f5586u\" data-element_type=\"widget\" data-widget_type=\"divider.default\">\n\t\t\t\t<div class=\"elementor-widget-container\">\n\t\t\t<style>\/*! elementor - v3.20.0 - 20-03-2024 *\/\n.elementor-widget-divider{--divider-border-style:none;--divider-border-width:1px;--divider-color:#0c0d0e;--divider-icon-size:20px;--divider-element-spacing:10px;--divider-pattern-height:24px;--divider-pattern-size:20px;--divider-pattern-url:none;--divider-pattern-repeat:repeat-x}.elementor-widget-divider .elementor-divider{display:flex}.elementor-widget-divider .elementor-divider__text{font-size:15px;line-height:1;max-width:95%}.elementor-widget-divider .elementor-divider__element{margin:0 var(--divider-element-spacing);flex-shrink:0}.elementor-widget-divider .elementor-icon{font-size:var(--divider-icon-size)}.elementor-widget-divider .elementor-divider-separator{display:flex;margin:0;direction:ltr}.elementor-widget-divider--view-line_icon .elementor-divider-separator,.elementor-widget-divider--view-line_text .elementor-divider-separator{align-items:center}.elementor-widget-divider--view-line_icon .elementor-divider-separator:after,.elementor-widget-divider--view-line_icon .elementor-divider-separator:before,.elementor-widget-divider--view-line_text .elementor-divider-separator:after,.elementor-widget-divider--view-line_text .elementor-divider-separator:before{display:block;content:\"\";border-block-end:0;flex-grow:1;border-block-start:var(--divider-border-width) var(--divider-border-style) var(--divider-color)}.elementor-widget-divider--element-align-left .elementor-divider .elementor-divider-separator>.elementor-divider__svg:first-of-type{flex-grow:0;flex-shrink:100}.elementor-widget-divider--element-align-left .elementor-divider-separator:before{content:none}.elementor-widget-divider--element-align-left .elementor-divider__element{margin-left:0}.elementor-widget-divider--element-align-right .elementor-divider .elementor-divider-separator>.elementor-divider__svg:last-of-type{flex-grow:0;flex-shrink:100}.elementor-widget-divider--element-align-right .elementor-divider-separator:after{content:none}.elementor-widget-divider--element-align-right .elementor-divider__element{margin-right:0}.elementor-widget-divider--element-align-start .elementor-divider .elementor-divider-separator>.elementor-divider__svg:first-of-type{flex-grow:0;flex-shrink:100}.elementor-widget-divider--element-align-start .elementor-divider-separator:before{content:none}.elementor-widget-divider--element-align-start .elementor-divider__element{margin-inline-start:0}.elementor-widget-divider--element-align-end .elementor-divider .elementor-divider-separator>.elementor-divider__svg:last-of-type{flex-grow:0;flex-shrink:100}.elementor-widget-divider--element-align-end .elementor-divider-separator:after{content:none}.elementor-widget-divider--element-align-end .elementor-divider__element{margin-inline-end:0}.elementor-widget-divider:not(.elementor-widget-divider--view-line_text):not(.elementor-widget-divider--view-line_icon) .elementor-divider-separator{border-block-start:var(--divider-border-width) var(--divider-border-style) var(--divider-color)}.elementor-widget-divider--separator-type-pattern{--divider-border-style:none}.elementor-widget-divider--separator-type-pattern.elementor-widget-divider--view-line .elementor-divider-separator,.elementor-widget-divider--separator-type-pattern:not(.elementor-widget-divider--view-line) .elementor-divider-separator:after,.elementor-widget-divider--separator-type-pattern:not(.elementor-widget-divider--view-line) .elementor-divider-separator:before,.elementor-widget-divider--separator-type-pattern:not([class*=elementor-widget-divider--view]) .elementor-divider-separator{width:100%;min-height:var(--divider-pattern-height);-webkit-mask-size:var(--divider-pattern-size) 100%;mask-size:var(--divider-pattern-size) 100%;-webkit-mask-repeat:var(--divider-pattern-repeat);mask-repeat:var(--divider-pattern-repeat);background-color:var(--divider-color);-webkit-mask-image:var(--divider-pattern-url);mask-image:var(--divider-pattern-url)}.elementor-widget-divider--no-spacing{--divider-pattern-size:auto}.elementor-widget-divider--bg-round{--divider-pattern-repeat:round}.rtl .elementor-widget-divider .elementor-divider__text{direction:rtl}.e-con-inner>.elementor-widget-divider,.e-con>.elementor-widget-divider{width:var(--container-widget-width,100%);--flex-grow:var(--container-widget-flex-grow)}<\/style>\t\t<div class=\"elementor-divider\">\n\t\t\t<span class=\"elementor-divider-separator\">\n\t\t\t\t\t\t<\/span>\n\t\t<\/div>\n\t\t\t\t<\/div>\n\t\t\t\t<\/div>\n\t\t\t\t\t<\/div>\n\t\t<\/div>\n\t\t\t\t\t<\/div>\n\t\t<\/section>\n\t\t\t\t<section class=\"elementor-section elementor-top-section elementor-element elementor-element-5exb46r elementor-section-boxed elementor-section-height-default elementor-section-height-default\" data-id=\"5exb46r\" data-element_type=\"section\" data-settings=\"{&quot;background_background&quot;:&quot;classic&quot;}\">\n\t\t\t\t\t\t<div class=\"elementor-container elementor-column-gap-default\">\n\t\t\t\t\t<div class=\"elementor-column elementor-col-100 elementor-top-column elementor-element elementor-element-jw1h9f2\" data-id=\"jw1h9f2\" data-element_type=\"column\">\n\t\t\t<div class=\"elementor-widget-wrap elementor-element-populated\">\n\t\t\t\t\t\t<div class=\"elementor-element elementor-element-keiyvaw elementor-widget elementor-widget-text-editor\" data-id=\"keiyvaw\" data-element_type=\"widget\" data-widget_type=\"text-editor.default\">\n\t\t\t\t<div class=\"elementor-widget-container\">\n\t\t\t\t\t\t\t<p>26. La verdad solo est\u00e1 alcance de los que son espiritualmente libres.<\/p><p>25. Todos piensan que los otros manipulan la informaci\u00f3n. \u00a1Qu\u00e9 mundo \u00e9ste!<\/p><p>24. Hay que perdonar los agravios siempre, pero nunca m\u00e1s hay que ponerse en el camino de quienes de los han infringido.<\/p><p>23. Aprender a vivir consiste en aprender a refugiarse.<\/p><p>22. El poder financiero se ha adue\u00f1ado tambi\u00e9n de la democracia. La libertad est\u00e1 absolutamente condicionada por ellos. Esta es una verdad incuestionable, aunque casi nadie se la crea o le interese decirla.<\/p><p>21. La verdad siempre anda desnuda. No es posible identificarla por \u00e9sta o aqu\u00e9lla prenda; por \u00e9sta o aqu\u00e9lla forma de vestir. Por ah\u00ed no hay forma de descubrirla.<\/p><p>20. Hay que resistir sin levantar la voz. Los hechos, vayamos a los hechos.<\/p><p>19. Los pol\u00edticos le han quitado el contenido a las palabras. Vamos a devolv\u00e9rselo. Esa es nuestra obligaci\u00f3n como ciudadanos.<\/p><p>18. La vida duele. Si no te duele la vida es que no la est\u00e1s viviendo de verdad. No es una vida aut\u00e9ntica.<\/p><p>17. Frente al desierto, la mejor soluci\u00f3n es crear tu propio oasis.<\/p><p>16. Escapar de los problemas no es jam\u00e1s la manera adecuada de abordarlos. Por mucho que te escondas siempre terminar\u00e1n por encontrarte.<\/p><p>15. La valent\u00eda no tiene nada que ver con la temeridad. Exponerse a un riesgo absurdo no es de valientes, sino de imb\u00e9ciles. Es lo que ocurre cuando te expones al terror de los fan\u00e1ticos.<\/p><p>14. Una sociedad enferma es aquella que tolera y respalda la corrupci\u00f3n y la contempla como un mal inevitable. Es decir, la nuestra, la espa\u00f1ola.<\/p><p>13. La vida de cada ser humano es una mezcla de raz\u00f3n y sinraz\u00f3n; de conciencia e inconsciencia; de previsi\u00f3n y de azar. As\u00ed hay que aceptarla.<\/p><p>12. La riqueza no corrompe; lo que corrompe es el ansia desmesurada de tener, de poseer, incluso, m\u00e1s all\u00e1 de toda l\u00f3gica, de toda decencia, de toda honestidad.<\/p><p>11. El humano es un ser sustancialmente insatisfecho. Siempre anda buscando algo que no sabe lo que es y que, lo que es peor, nunca podr\u00e1 encontrar.<\/p><p>10. No basta la raz\u00f3n para aprehender la vida; no es suficiente. Ni siquiera es la herramienta m\u00e1s eficaz. La vida es poli\u00e9drica y necesita, quiz\u00e1, tan solo, dejarla vivir.<\/p><p>9. Si de tu grupo te marchas ofendido, los causantes de la ofensa dir\u00e1n y pensar\u00e1n siempre y a todos que te fuiste por orgullo, por soberbia o porque ya no quer\u00edas estar all\u00ed. A pesar de ese riesgo, hay que irse si te ofenden.<\/p><p>8. Hay varias formas de fabricar la verdad. Una de ellas consiste en repetir muchas veces la misma mentira. As\u00ed se construyen, por ejemplo, los t\u00f3picos; y los t\u00f3picos son la materia b\u00e1sica que utiliza el pensamiento de la mayor\u00eda de los mortales. La conclusi\u00f3n es aterradora y explica muchas, muchas cosas\u2026<\/p><p>7. Las religiones no buscan la verdad; ya la tienen en propiedad. Su verdad es divina, es decir, indiscutible; lo que no significa que sea verdadera. A sus sacerdotes no les gusta la verdad; a sus fieles ni siquiera les interesa.<\/p><p>6. La pol\u00edtica debe ser el arte de administrar con honestidad y eficacia el patrimonio com\u00fan. La pol\u00edtica que nos rodea, en cambio, es la t\u00e9cnica que consiste en utilizar ese patrimonio en beneficio propio. Todos los pol\u00edticos dominan esa t\u00e9cnica. Ninguno, aquel arte.<\/p><p>5. La libertad de expresi\u00f3n es una manifestaci\u00f3n de la libertad general y, como tal, no existe de manera absoluta y como toda libertad est\u00e1 condicionada. Es decir, la libertad de expresi\u00f3n es relativa, como casi todo en este mundo.<\/p><p>4. La verdad no es incompatible con el silencio; es m\u00e1s, su persecuci\u00f3n casi lo exige. Callar es patrimonio exclusivo de las almas fuertes y dispuestas a alcanzarla.<\/p><p>3. \u00a1Madre m\u00eda! \u00a1Qu\u00e9 esfuerzo hay que hacer cada d\u00eda para no indignarse! Si lo haces y lo dices, te conviertes inmediatamente en culpable, incluso, del propio motivo de tu indignaci\u00f3n.<\/p><p>2. Las cosas existen porque hay unos ojos que las miran, unas miradas que las construyen. Sin mirada no hay mundo.<\/p><p>1. Hay mucha gente que se ufana de no haber abierto en su vida un libro. No hay ni un solo est\u00fapido que sea capaz de reconocer su estupidez.<\/p>\t\t\t\t\t\t<\/div>\n\t\t\t\t<\/div>\n\t\t\t\t\t<\/div>\n\t\t<\/div>\n\t\t\t\t\t<\/div>\n\t\t<\/section>\n\t\t\t\t<\/div>\n\t\t","protected":false},"excerpt":{"rendered":"<p>Pensamientos y reflexiones al hilo de la actualidad. A botepronto, tal como aparecen de forma espont\u00e1nea, tal como me abordan sin, casi nunca, pegar en la puerta. Llegan y salen; van y vienen y, a veces, los cazo al vuelo y los coloco aqu\u00ed. 26. La verdad solo est\u00e1 alcance de los que son espiritualmente [&hellip;]<\/p>\n","protected":false},"author":1,"featured_media":0,"parent":5384,"menu_order":36,"comment_status":"closed","ping_status":"closed","template":"","meta":{"_aioseop_title":"","_aioseop_description":"","ngg_post_thumbnail":0,"footnotes":""},"_links":{"self":[{"href":"https:\/\/www.josemariatornay.com\/index.php\/wp-json\/wp\/v2\/pages\/5387"}],"collection":[{"href":"https:\/\/www.josemariatornay.com\/index.php\/wp-json\/wp\/v2\/pages"}],"about":[{"href":"https:\/\/www.josemariatornay.com\/index.php\/wp-json\/wp\/v2\/types\/page"}],"author":[{"embeddable":true,"href":"https:\/\/www.josemariatornay.com\/index.php\/wp-json\/wp\/v2\/users\/1"}],"replies":[{"embeddable":true,"href":"https:\/\/www.josemariatornay.com\/index.php\/wp-json\/wp\/v2\/comments?post=5387"}],"version-history":[{"count":0,"href":"https:\/\/www.josemariatornay.com\/index.php\/wp-json\/wp\/v2\/pages\/5387\/revisions"}],"up":[{"embeddable":true,"href":"https:\/\/www.josemariatornay.com\/index.php\/wp-json\/wp\/v2\/pages\/5384"}],"wp:attachment":[{"href":"https:\/\/www.josemariatornay.com\/index.php\/wp-json\/wp\/v2\/media?parent=5387"}],"curies":[{"name":"wp","href":"https:\/\/api.w.org\/{rel}","templated":true}]}}