{"id":5402,"date":"2016-11-21T22:24:26","date_gmt":"2016-11-21T21:24:26","guid":{"rendered":"http:\/\/www.josemariatornay.com\/index.php\/cajon-de-sastre\/fotos-de-la-semana-200405\/"},"modified":"2016-12-27T21:14:57","modified_gmt":"2016-12-27T20:14:57","slug":"fotos-de-la-semana-200405","status":"publish","type":"page","link":"https:\/\/www.josemariatornay.com\/index.php\/cajon-de-sastre\/fotos-de-la-semana-200405\/","title":{"rendered":"2004\/05"},"content":{"rendered":"<div class=\"art-content-layout\">\n<div class=\"art-content-layout-row\">\n<div class=\"art-layout-cell\" style=\"width: 100%;\">\n<p>Desde 2014 hasta 2009, cada semana, como un reflejo de la actualiidad, mantuve esta secci\u00f3n en mi web. Fielmente, cada semana incorporaba aquello que a m\u00ed me parec\u00eda relevante incluir como destacable o sobresaliente delo que ocurr\u00eda en el mundo, en Espa\u00f1a, en mi ciudad, Ronda, o en mi trabajo. Aqu\u00ed est\u00e1 ordenadas desde las m\u00e1s antigual a las m\u00e1s modernas.<\/p>\n<\/div>\n<\/div>\n<\/div>\n<div class=\"art-content-layout\">\n<div class=\"art-content-layout-row\">\n<div class=\"art-layout-cell\" style=\"width: 50%;\">\n<p style=\"text-align: center;\"><img fetchpriority=\"high\" decoding=\"async\" class=\"alignnone wp-image-7985\" src=\"http:\/\/www.josemariatornay.com\/wp-content\/uploads\/2016\/11\/pregon-auxi.jpg\" alt=\"pregon-auxi\" width=\"324\" height=\"242\"><br \/>\nTodo delicadeza. todo sensibilidad, todo buen gusto&#8230;Todo poes\u00eda. As\u00ed fue el preg\u00f3n que mi amiga Auxiliadora Madrid ley\u00f3 en Santa Mar\u00eda la Mayor para el Cristo de la Sangre. Adem\u00e1s, esta mujer domina cada vez m\u00e1s la puesta en escena y, en este caso, result\u00f3 sencillamente magistral. Su presentador, Antonio Becerra, nunca me cansar\u00e9 de decirlo, es un poeta, el m\u00e1s grande de los que yo he tenido la fortuna de conocer en persona y de disfrutar. Todo lo que toca lo convierte en la mejor l\u00edrica.<\/p>\n<\/div>\n<div class=\"art-layout-cell\" style=\"width: 50%;\">\n<p style=\"text-align: center;\"><img decoding=\"async\" class=\"art-lightbox\" src=\"http:\/\/www.josemariatornay.com\/wp-content\/uploads\/2016\/11\/ppc1.jpg\" alt=\"\" width=\"200\" height=\"305\"><img decoding=\"async\" class=\"art-lightbox\" src=\"http:\/\/www.josemariatornay.com\/wp-content\/uploads\/2016\/11\/ppc2.jpg\" alt=\"\" width=\"200\" height=\"296\"><br \/>\nEstas son las portadas de los dos libros que componen la obra completa de Pedro P\u00e9rez Clotet que, por fin, se presenta esta pr\u00f3xima semana.<br \/>\nSer\u00e1 el pr\u00f3ximo viernes, en el Palacio de Mondrag\u00f3n. Los detalles los ir\u00e9 dando a lo largo de la semana cuando los vaya teniendo. Enhorabuena a sus hijos y a todos los que han empujado para que esta empresa fuera posible.<\/p>\n<\/div>\n<\/div>\n<\/div>\n<div class=\"art-content-layout\">\n<div class=\"art-content-layout-row\">\n<div class=\"art-layout-cell\" style=\"width: 50%;\">\n<p style=\"text-align: center;\"><img loading=\"lazy\" decoding=\"async\" class=\"art-lightbox\" src=\"http:\/\/www.josemariatornay.com\/wp-content\/uploads\/2016\/11\/discometalize.jpg\" alt=\"\" width=\"300\" height=\"297\"><br \/>\nEste es el nuevo disco de la banda de mi hijo, Jos\u00e9 Mar\u00eda. Ya es el segundo y todos los temas son originales. Acaba de salir del horno y ya est\u00e1 a la venta en DISC\u00d3BOLO. Se puede adquirir all\u00ed por 5 euros. Se compone de 5 canciones y su duraci\u00f3n es de 30 minutos. Siguen firmes y constantes en su ambici\u00f3n de construirse una carrera musical. La suerte es fundamental, pero sin trabajo todo es imposible. As\u00ed que \u00a1\u00c1NIMO! CONTRAPORTADA<\/p>\n<\/div>\n<div class=\"art-layout-cell\" style=\"width: 50%;\">\n<p style=\"text-align: center;\"><img loading=\"lazy\" decoding=\"async\" class=\"art-lightbox\" src=\"http:\/\/www.josemariatornay.com\/wp-content\/uploads\/2016\/11\/comparsaflores.jpg\" alt=\"\" width=\"389\" height=\"290\"><br \/>\nEstos se\u00f1ores, despu\u00e9s de \u00a125 a\u00f1os! nos hicieron vibrar. Fue en una tertulia po\u00e9tica. Despu\u00e9s, en la gala del preg\u00f3n de los carnavales siguieron demostrando que, no s\u00f3lo han marcado toda una \u00e9poca, sino que no han sido a\u00fan superados. Mal asunto para la salud de nuestro carnaval. Sencillamente espl\u00e9ndidos; en las letras y en la puesta en escena: finura y conjunci\u00f3 de voces. Un regalo para el alma y el oido. Este es el camino. Gracias, Andr\u00e9s, Abraham, Jes\u00fas, Daniel, Fernando&#8230;<\/p>\n<\/div>\n<\/div>\n<\/div>\n<div class=\"art-content-layout\">\n<div class=\"art-content-layout-row\">\n<div class=\"art-layout-cell\" style=\"width: 50%;\">\n<p style=\"text-align: center;\"><img loading=\"lazy\" decoding=\"async\" class=\"art-lightbox\" src=\"http:\/\/www.josemariatornay.com\/wp-content\/uploads\/2016\/11\/librocarnavallargo.jpg\" alt=\"\" width=\"200\" height=\"294\"><br \/>\nEn el Casino se acaba de presentar esta recopilaci\u00f3n de letras carnavalescas que, con toda la paciencia, sabidur\u00eda y pasi\u00f3n ha realizado mi amigo Jos\u00e9 Luis. Un personaje imprescindible de nuestro carnaval: \u00e9l fue uno de los recuperadores de esta fiesta hace 25 a\u00f1os y a lo largo de ellos lo ha sido todo: dios momo, letrista, pregonero, etc. Enhorabuena. Perdona que me atreva a imitarte con estas letrillas improvisadas. T\u00f3malas como un homenaje.<\/p>\n<\/div>\n<div class=\"art-layout-cell\" style=\"width: 50%;\">\n<p style=\"text-align: center;\"><img loading=\"lazy\" decoding=\"async\" class=\"art-lightbox\" src=\"http:\/\/www.josemariatornay.com\/wp-content\/uploads\/2016\/11\/ortegajantonio.jpg\" alt=\"\" width=\"384\" height=\"288\"><br \/>\nPor m\u00e9ritos propios est\u00e1n honrando este espacio que dedico a la imagen de la semana. \u00a1Qu\u00e9 actuaci\u00f3n m\u00e1s enorme! La que merec\u00eda una obra espl\u00e9ndida, de las que hacen grande al teatro. L\u00e1stima que todo se quedara en el estreno. Ellos y la obra merecen m\u00e1s salidas a escena. Buen di\u00e1logo, intriga, emoci\u00f3n. Ellos pusieron el resto: talento, entrega, concentraci\u00f3n y maestr\u00eda. Y eso que, pr\u00e1cticamente, los dos debutaban. Ehorabuena, de las de verdad.<\/p>\n<\/div>\n<\/div>\n<\/div>\n<div class=\"art-content-layout\">\n<div class=\"art-content-layout-row\">\n<div class=\"art-layout-cell\" style=\"width: 50%;\">\n<p style=\"text-align: center;\"><img loading=\"lazy\" decoding=\"async\" class=\"art-lightbox\" src=\"http:\/\/www.josemariatornay.com\/wp-content\/uploads\/2016\/11\/elvenenodelteatro.jpg\" alt=\"\" width=\"160\" height=\"320\"><br \/>\nLleg\u00f3 el d\u00eda. El d\u00eda grande del estreno. La grandeza del teatro que irradia su magia y acelera el pulso de un mont\u00f3n de gente que espera anhelante el momento en que se levanta el tel\u00f3n. Un nuevo estreno del TES. Un estreno especial, porque su direcctor se suba a las tablas y rinde homenaje a sus actores, a sus queridos c\u00f3micos. NO FALT\u00c9IS A EST<\/p>\n<\/div>\n<div class=\"art-layout-cell\" style=\"width: 50%;\">\n<p style=\"text-align: center;\"><img loading=\"lazy\" decoding=\"async\" class=\"art-lightbox\" src=\"http:\/\/www.josemariatornay.com\/wp-content\/uploads\/2016\/11\/Pablo.jpg\" alt=\"\" width=\"319\" height=\"312\"><br \/>\nMi agradecimiento a tanta gente (ya lo he hecho con todos de forma personal) lo personifico en el\u00bb elemento\u00bb que aparece en la imagen. A nadie ha dejado indiferente su presentaci\u00f3n: llena de originalidad en la puesta en escena, de calidad en el texto y de elocuencia en la expresi\u00f3n. De \u00e9l no se pod\u00eda esperar menos, porque atesora personalidad y arte.<\/p>\n<\/div>\n<\/div>\n<\/div>\n<div class=\"art-content-layout\">\n<div class=\"art-content-layout-row\">\n<div class=\"art-layout-cell\" style=\"width: 50%;\">\n<p style=\"text-align: center;\"><img loading=\"lazy\" decoding=\"async\" class=\"art-lightbox\" src=\"http:\/\/www.josemariatornay.com\/wp-content\/uploads\/2016\/11\/milibrosmall.jpg\" alt=\"\" width=\"149\" height=\"219\"><br \/>\nEsta semana es especial: pondr\u00e9 aqu\u00ed m\u00e1s cosas de las habituales. Este viernes, d\u00eda 14 de enero, hemos presentado al p\u00fablico este ensayo. \u00a1Qu\u00e9 lujo de presentaci\u00f3n la que hizo Pablo! Fue mucho m\u00e1s all\u00e1 de lo que suele ser la presentaci\u00f3n de un libro: sin duda, estaba guiado por el afecto y porque los artistas son indomables y no se someten nunca a lo convencional. A medida que vaya recibiendo las fotos (yo no pude hacerlas, como es obvio) las ir\u00e9 colocando aqu\u00ed mismo.<\/p>\n<\/div>\n<div class=\"art-layout-cell\" style=\"width: 50%;\">\n<p style=\"text-align: center;\"><img loading=\"lazy\" decoding=\"async\" class=\"art-lightbox\" src=\"http:\/\/www.josemariatornay.com\/wp-content\/uploads\/2016\/11\/reyesmagos.jpg\" alt=\"\" width=\"319\" height=\"215\"><br \/>\nCon ellos, se van las vacaciones, los regalos, el tiempo m\u00e1gico que nos reclama la familia y nuestra condici\u00f3n de seres ilusionados. Tras ellos, vuelve la normalidad, la rutina, el retorno a la vulgar realidad&#8230;a la vida. Pero aqu\u00ed estamos para hacerle frente, para alimentarla de aqu\u00e9llo que estos tres se llevan: \u00a1magia!<\/p>\n<\/div>\n<\/div>\n<\/div>\n<div class=\"art-content-layout\">\n<div class=\"art-content-layout-row\">\n<div class=\"art-layout-cell\" style=\"width: 50%;\">\n<p style=\"text-align: center;\"><img loading=\"lazy\" decoding=\"async\" class=\"art-lightbox\" src=\"http:\/\/www.josemariatornay.com\/wp-content\/uploads\/2016\/11\/Colegio.jpg\" alt=\"\" width=\"400\" height=\"320\"><\/p>\n<\/div>\n<div class=\"art-layout-cell\" style=\"width: 50%;\">\n<p style=\"text-align: center;\"><img loading=\"lazy\" decoding=\"async\" class=\"art-lightbox\" src=\"http:\/\/www.josemariatornay.com\/wp-content\/uploads\/2016\/11\/Placa-Boomberg.jpg\" alt=\"\" width=\"250\" height=\"188\"><br \/>\nResulta que durante dos etapas de su vida, uno de los pintores m\u00e1s importantes de toda la historia de Inglaterra, David BOMBERG, vivi\u00f3 y pint\u00f3 en Ronda. Durante su primera estancia, residi\u00f3 en la casa donde yo ahora vivo. Por ello, han colocada en la fachada una placa al estilo ingl\u00e9s, es decir, redonda y azul. Con este motivo est\u00e1 abierta en el Museo Peinado (antiguo Colegio de Santa Teresa) una exposici\u00f3n sobre este genial paisajista. Vis\u00edtala que merece la pena.<\/p>\n<\/div>\n<\/div>\n<\/div>\n<div class=\"art-content-layout\">\n<div class=\"art-content-layout-row\">\n<div class=\"art-layout-cell\" style=\"width: 50%;\">\n<p style=\"text-align: center;\"><img loading=\"lazy\" decoding=\"async\" class=\"art-lightbox\" src=\"http:\/\/www.josemariatornay.com\/wp-content\/uploads\/2016\/11\/Paquillo.jpg\" alt=\"\" width=\"275\" height=\"206\"><br \/>\nHoy estoy de fiesta; de la misma forma que tienen que estarlo todos aquellos que admiran a la gente natural, a la gente que, sin literatura ni sofisticaciones, sin presunciones y sin tonter\u00edas, convierten su vida en una acto de servivio hacia los dem\u00e1s. El Barrio de San Francisco (mi barrio de adopci\u00f3n) ha hecho justicia a uno de sus ilustres vecinos. Ha declarado a Paco \u00abel pujarre\u00f1o\u00bb, personaje del a\u00f1o. \u00a1Qu\u00e9 acierto! \u00a1Cu\u00e1nto lamento no haber estado en su homenaje! Una correcci\u00f3n quiero hacer: Paco no es personaje del a\u00f1o; es personaje desde siempre y para siempre. El orgullo que \u00e9l siente en estos momentos es el misnmo que yo siento al tener la inmensa fortuna de encontrarme entre sus amigos.<\/p>\n<\/div>\n<div class=\"art-layout-cell\" style=\"width: 50%;\">\n<p style=\"text-align: center;\"><img loading=\"lazy\" decoding=\"async\" class=\"art-lightbox\" src=\"http:\/\/www.josemariatornay.com\/wp-content\/uploads\/2016\/11\/mariamoreno.jpg\" alt=\"\" width=\"314\" height=\"193\"><br \/>\nMar\u00eda Moreno C\u00f3zar, por si alguuien no la conoce, es una alumna de 2\u00ba de ESO de nuestro Colegio. Ella es campeona de Espa\u00f1a de Karate. Eso seguro que no lo sab\u00eda casi nadie porque es muy discreta y no habla de sus \u00e9xitos (seguro que se enfada cuando vea esto aqu\u00ed publicado). Esta semana se va a Alemania a representar a nuestro pa\u00eds en el Campeonato del Mundo. Le deseamos toda la suerte y que est\u00e9 concentrada y fina para que nos de una nueva alegr\u00eda. Si no es as\u00ed, tambi\u00e9n la recibiremos como ella se merece. La foto no tiene mucha calidad porque est\u00e1 tomada de un peri\u00f3dico. Pero, \u00a1vaya estilo! Por cierto, \u00a1enhorabuena al gimnasio BUSHIDO y a su director A. Bravo porque es una aut\u00e9ntica f\u00e1brica de campeones!<\/p>\n<\/div>\n<\/div>\n<\/div>\n<div class=\"art-content-layout\">\n<div class=\"art-content-layout-row\">\n<div class=\"art-layout-cell\" style=\"width: 50%;\">\n<table class=\"art-article\" style=\"width: 100%;\">\n<tbody>\n<tr>\n<td style=\"width: 50%; text-align: center;\"><img loading=\"lazy\" decoding=\"async\" class=\"art-lightbox\" src=\"http:\/\/www.josemariatornay.com\/wp-content\/uploads\/2016\/11\/isabela02.jpg\" alt=\"\" width=\"250\" height=\"333\"><\/td>\n<td style=\"width: 50%; text-align: justify;\">Mi amiga Isabel Mart\u00edn S\u00e1nchez acaba de presentar un libro de poemas (la foto corresponde al acto). Esta mujer, polifac\u00e9tica y artista, pone el alma entera, sin guardarse nada, en toda aquella actividad que desarrolla. Su libro, Sue\u00f1os y silencio, es una b\u00e1lsamo para el esp\u00edritu , una manera desinteresada de acercarse a las cosas, como s\u00f3lo los poetas lo saben hacer. Su alma limpia a\u00fan es capaz de vislumbrar purezas en los paisajes y humnaidad en las gentes; todo lo dem\u00e1s, lo mezquino y chabacano del hombre, no aparece en sus p\u00e1ginas. Si necesitas consuelo, no dejes de sumergirte en ellas, porque son todo un canto a la esperanza y a la alegr\u00eda de vivir.<\/p>\n<p>Hilos de seda en tu pluma,<br \/>\nalma viva en un papel,<br \/>\nas\u00ed es tu verso que vuela.<br \/>\n\u00a1Muchas gracias, Isabel!<\/td>\n<\/tr>\n<\/tbody>\n<\/table>\n<\/div>\n<div class=\"art-layout-cell\" style=\"width: 50%;\">\n<table class=\"art-article\" style=\"width: 100%;\">\n<tbody>\n<tr>\n<td style=\"width: 50%;\"><img loading=\"lazy\" decoding=\"async\" class=\"art-lightbox\" src=\"http:\/\/www.josemariatornay.com\/wp-content\/uploads\/2016\/11\/donantonio01.jpg\" alt=\"\" width=\"285\" height=\"329\"><\/td>\n<td style=\"width: 50%;\">En una mano, la cruz,<br \/>\nen la otra, el evangelio;<br \/>\nen el coraz\u00f3n, los pobres,<br \/>\nen la palabra, el consuelo.<br \/>\nEn los ojos, una luz<br \/>\napuntando all\u00e1 a lo lejos,<br \/>\nal horizonte infinito,<br \/>\nmeta de todos sus sue\u00f1os.<br \/>\nAs\u00ed pas\u00f3 Don Antonio<br \/>\npor este triste sendero,<br \/>\ndando calor al que sufre<br \/>\ny dando agua al sediento.<br \/>\nEntre \u00e9l y lo dem\u00e1s,<br \/>\nlo dem\u00e1s fue lo primero,<br \/>\ngracias, hermano, mil gracias<br \/>\npor tu luminoso ejemploAyer su alma de nieve<br \/>\nemprendi\u00f3 el \u00faltimo vuelo;<br \/>\nse fue a cuidar con Vicente<br \/>\nlas catacumbas del cielo.<\/td>\n<\/tr>\n<\/tbody>\n<\/table>\n<\/div>\n<\/div>\n<\/div>\n<div class=\"art-content-layout\">\n<div class=\"art-content-layout-row\">\n<div class=\"art-layout-cell\" style=\"width: 50%;\">\n<p style=\"text-align: center;\"><img loading=\"lazy\" decoding=\"async\" class=\"art-lightbox\" src=\"http:\/\/www.josemariatornay.com\/wp-content\/uploads\/2016\/11\/libroortega.jpg\" alt=\"\" width=\"300\" height=\"225\"><br \/>\nEl viernes, d\u00eda 5 de noviembre hemos asistido a la presentaci\u00f3n de la obra de teatro escrita por mi amigo Jos\u00e9 Mar\u00eda Ortega de la Cruz, \u00abLa vida sigue\u00bb. Jos\u00e9 Mar\u00eda conoce el teatro por dentro como nadie y ha sido desde hace varias d\u00e9cadas el impulsor del mismo en nuestra comarca. Es, adem\u00e1s de un gran director de obras de \u00e9xito, un magn\u00edfico actor, pese a que esta faceta es la que menos ha cultivado. Ahora, coge la pluma para dejarnos impresa una parte importante de su vida en esta obra. A la presentaci\u00f3n, que tuvo lugar en el Centro Obrero, adem\u00e1s del alcande, acudimos todos sua amigos y amigas. \u00a1Enhorabuena, maestro! \u00c9ste es el pr\u00f3logo que yo le he escrito.<\/p>\n<\/div>\n<div class=\"art-layout-cell\" style=\"width: 50%;\">\n<p style=\"text-align: center;\"><img loading=\"lazy\" decoding=\"async\" class=\"art-lightbox\" src=\"http:\/\/www.josemariatornay.com\/wp-content\/uploads\/2016\/11\/amoreno.jpg\" alt=\"\" width=\"210\" height=\"305\"><br \/>\nEste se\u00f1or que aqu\u00ed vemos es, nada menos, campe\u00f3n del mundo en su es\u00e8cialidad de k\u00e1rate. Se llama Antonio Moreno C\u00f3zar , estudia en mi Colegio y todos los miembros del mismo (padres, profesores, alunos, personal de servicio y la entidad Titular, Unicaja), esamos muy orgullosos de su reciente \u00e9xito logrado en Alemania. Su hermana, Mar\u00eda, logr\u00f3 la medalla de bronce. \u00a1Enhorabuena a ambos!<\/p>\n<\/div>\n<\/div>\n<\/div>\n<div class=\"art-content-layout\">\n<div class=\"art-content-layout-row\">\n<div class=\"art-layout-cell\" style=\"width: 50%;\">\n<p style=\"text-align: center;\"><img loading=\"lazy\" decoding=\"async\" class=\"art-lightbox\" src=\"http:\/\/www.josemariatornay.com\/wp-content\/uploads\/2016\/11\/ucertamen-nicaja.jpg\" alt=\"\" width=\"209\" height=\"289\"><br \/>\nEstos personajes sublimes, en este cartel, marcan la actualidad de la semana en mi ciudad. Unicaja organiza, como es tradicional, la semana de cine cient\u00edfico de Ronda, este a\u00f1o dedicada al 400 aniversario de la publicaci\u00f3n de la primera parte del Quijote. Con ese motivo, andamos todos los que trabajamos en nuestro Colegio, comprometidos en la tarea de sacar adelante de la mejor manera posible esta semana y encantados de colaborar en su exitoso dearrollo. \u00a1Enhorabuena a todos los que est\u00e1n poniendo toda su ilusi\u00f3n en este acontecimiento!<\/p>\n<\/div>\n<div class=\"art-layout-cell\" style=\"width: 50%;\">\n<p style=\"text-align: center;\"><img loading=\"lazy\" decoding=\"async\" class=\"art-lightbox\" src=\"http:\/\/www.josemariatornay.com\/wp-content\/uploads\/2016\/11\/Bienal.jpg\" alt=\"\" width=\"330\" height=\"247\"><br \/>\nEsta es una muestra, un ejemplo del maravilloso entusiasmo que han puesto mis compa\u00f1eros para darle realce a la bienal de cine cient\u00edfico que, en Ronda, organiza Unicaja. No se puede poner m\u00e1s inter\u00e9s, dedicar m\u00e1s horas y destilar m\u00e1s cari\u00f1o. Para todos mis compa\u00f1eros, mi emocionado abrazo y felicitaci\u00f3n. Seguramente es lo \u00fanico que van a recibir, porque de otro sito seguramente no les va a llegar nada. Tal vez decepci\u00f3n; quiz\u00e1s frustraci\u00f3n; a lo mejor la amarga sensaci\u00f3n del trabajo in\u00fatil. Hasta que comprendan que de arriba, de nuestros jefes no cabe esperar mucho. Por eso, la postura m\u00e1s inteligente es no esperar absolutamente nada. As\u00ed, nada se pierde. Los jefes siempre han estado y estar\u00e1n en la calle Jerez (es una met\u00e1fora). \u00a1El sur tambi\u00e9n existe!<\/p>\n<\/div>\n<\/div>\n<\/div>\n<div class=\"art-content-layout\">\n<div class=\"art-content-layout-row\">\n<div class=\"art-layout-cell\" style=\"width: 50%;\">\n<p style=\"text-align: center;\"><img loading=\"lazy\" decoding=\"async\" class=\"art-lightbox\" src=\"http:\/\/www.josemariatornay.com\/wp-content\/uploads\/2016\/11\/quipablortega.jpg\" alt=\"\" width=\"319\" height=\"239\"><br \/>\nEl Quijote remata el ciclo de la antigua novela de aventuras e inaugura el de la novela realista moderna. A\u00fan subsiste el mundo ideal, pero s\u00f3lo en la imaginaci\u00f3n de un insensato que vive en un lugar de la Mancha y tiene por amigos a un cura, un barbero y un bachiller, como los que podr\u00edan encontrarse en cualquier villorrio.<br \/>\nEl choque entre lo imaginado por Don Quijote (Dulcinea, castillos, gigantes, princesas, ej\u00e9rcitos) y la vulgar realidad (la r\u00fastica Aldonza Lorenzo, ventas, molinos, Maritornes, reba\u00f1os) sit\u00faa al caballero en el plano de lo rid\u00edculo.<br \/>\nPero su empresa de implantar en el mundo el reino de la justicia es la m\u00e1s noble que puede concebir mente humana, y la iron\u00eda de Cervantes al pintarla fracasada, esconde la amargura del desenga\u00f1o. Imagen de su lectura.<\/p>\n<\/div>\n<div class=\"art-layout-cell\" style=\"width: 50%;\">\n<p style=\"text-align: center;\"><img loading=\"lazy\" decoding=\"async\" class=\"art-lightbox\" src=\"http:\/\/www.josemariatornay.com\/wp-content\/uploads\/2016\/11\/totalpapanoel.jpg\" alt=\"\" width=\"189\" height=\"266\"><br \/>\nYa est\u00e1 aqu\u00ed el primer personaje que anuncia la Navidad. Luego tenemos nuestros entra\u00f1ables BELENES y nuestros queridos Reyes Magos (la primera obra significativa del Teatro espa\u00f1ol es una representaci\u00f3n sobre ellos ), plenamente insertados en nuestra tradici\u00f3n. \u00c9ste es m\u00e1s bien un invento americano, pero, tal vez por eso, ha desplazado un poco a los otros s\u00edmbolos navide\u00f1os. Que se quede entre nosotros si quiere, pero, al menos, que sepa que conocemos su historia y su af\u00e1n de protagonismo. Si viene a consolidar los buenos deseos que todos mostramos en estas fechas (y que, en general, no suelen ir m\u00e1s all\u00e1 de ellas) que se quede para siempre entre nosotros.<\/p>\n<\/div>\n<\/div>\n<\/div>\n<div class=\"art-content-layout\">\n<div class=\"art-content-layout-row\">\n<div class=\"art-layout-cell\" style=\"width: 50%;\">\n<p style=\"text-align: center;\"><img loading=\"lazy\" decoding=\"async\" class=\"art-lightbox\" src=\"http:\/\/www.josemariatornay.com\/wp-content\/uploads\/2016\/11\/pmanjon-1.jpg\" alt=\"\" width=\"300\" height=\"212\"><br \/>\nNo he sentido m\u00e1s emoci\u00f3n en los \u00faltimos a\u00f1os. Nadie me ha conmovido m\u00e1s que esta extraordinaria mujer y todo el colectivo que representa. Desde el inmenso dolor, desde la angustia sin l\u00edmites de un hijo perdido absurdamente, ha sido capaz de tender una mano maravillosa a la comprensi\u00f3n entre las culturas y los pueblos, adem\u00e1s de lanzar un desgarrador grito de protesta contra toda la terrible raz\u00f3n pragm\u00e1tica y economicista que nos controla y nos anula como personas. \u00a1Qu\u00e9 hermosa lecci\u00f3n para los que no saben m\u00e1s que negarlo todo, todo, todo, bajo el eslogan de los in\u00fatiles pol\u00edticos postmodernos: \u00abAl enemigo ni agua\u00bb. \u00a1Qu\u00e9 hermosa lecci\u00f3n si fueran capaces de comprenderla! A\u00fan queda grandeza en este mundo y su grito nos ayuda y nos obliga a luchar y a levantar nuestra cada vez m\u00e1s arrastrada capacidad de cr\u00edtica y de independencia de juicio.<\/p>\n<\/div>\n<div class=\"art-layout-cell\" style=\"width: 50%;\">\n<p style=\"text-align: center;\"><img loading=\"lazy\" decoding=\"async\" class=\"art-lightbox\" src=\"http:\/\/www.josemariatornay.com\/wp-content\/uploads\/2016\/11\/disco1.jpg\" alt=\"\" width=\"340\" height=\"336\"><br \/>\nUn homenaje al maestro.<\/p>\n<\/div>\n<\/div>\n<\/div>\n<div class=\"art-content-layout\">\n<div class=\"art-content-layout-row\">\n<div class=\"art-layout-cell\" style=\"width: 50%;\">\n<p style=\"text-align: center;\"><img loading=\"lazy\" decoding=\"async\" class=\"art-lightbox\" src=\"http:\/\/www.josemariatornay.com\/wp-content\/uploads\/2016\/11\/Vicente1.jpg\" alt=\"\" width=\"300\" height=\"412\"><br \/>\nEsta es la preciosa carta que me ha enviado mi amigo Vicente con motivo del disco. Esto es suficiente y me compensa de sobra de todo el tiempo y el esfuerzo que hemos tenido que echarle. No necesito nada m\u00e1s. Esto es lo que yo pretend\u00eda y Vicente lo ha captado maravillosamente: remover dormidos afectos y recuperar la memoria de momentos inolvidables. Gracias, Vicente. Ha merecido la pena.<\/p>\n<\/div>\n<div class=\"art-layout-cell\" style=\"width: 50%;\">\n<p style=\"text-align: center;\"><img loading=\"lazy\" decoding=\"async\" class=\"art-lightbox\" src=\"http:\/\/www.josemariatornay.com\/wp-content\/uploads\/2016\/11\/Vicente2.jpg\" alt=\"\" width=\"360\" height=\"495\"><\/p>\n<\/div>\n<\/div>\n<\/div>\n<div class=\"art-content-layout\">&nbsp;<\/div>\n<div class=\"art-content-layout\">&nbsp;<\/div>\n<div class=\"art-content-layout\">&nbsp;<\/div>\n<div class=\"art-content-layout\">&nbsp;<\/div>\n<div class=\"art-content-layout\">&nbsp;<\/div>\n<div class=\"art-content-layout-br layout-item-0\">&nbsp;<\/div>\n","protected":false},"excerpt":{"rendered":"<p>Desde 2014 hasta 2009, cada semana, como un reflejo de la actualiidad, mantuve esta secci\u00f3n en mi web. Fielmente, cada semana incorporaba aquello que a m\u00ed me parec\u00eda relevante incluir como destacable o sobresaliente delo que ocurr\u00eda en el mundo, en Espa\u00f1a, en mi ciudad, Ronda, o en mi trabajo. Aqu\u00ed est\u00e1 ordenadas desde las [&hellip;]<\/p>\n","protected":false},"author":1,"featured_media":0,"parent":5394,"menu_order":51,"comment_status":"closed","ping_status":"closed","template":"","meta":{"_aioseop_title":"","_aioseop_description":"","ngg_post_thumbnail":0,"footnotes":""},"_links":{"self":[{"href":"https:\/\/www.josemariatornay.com\/index.php\/wp-json\/wp\/v2\/pages\/5402"}],"collection":[{"href":"https:\/\/www.josemariatornay.com\/index.php\/wp-json\/wp\/v2\/pages"}],"about":[{"href":"https:\/\/www.josemariatornay.com\/index.php\/wp-json\/wp\/v2\/types\/page"}],"author":[{"embeddable":true,"href":"https:\/\/www.josemariatornay.com\/index.php\/wp-json\/wp\/v2\/users\/1"}],"replies":[{"embeddable":true,"href":"https:\/\/www.josemariatornay.com\/index.php\/wp-json\/wp\/v2\/comments?post=5402"}],"version-history":[{"count":0,"href":"https:\/\/www.josemariatornay.com\/index.php\/wp-json\/wp\/v2\/pages\/5402\/revisions"}],"up":[{"embeddable":true,"href":"https:\/\/www.josemariatornay.com\/index.php\/wp-json\/wp\/v2\/pages\/5394"}],"wp:attachment":[{"href":"https:\/\/www.josemariatornay.com\/index.php\/wp-json\/wp\/v2\/media?parent=5402"}],"curies":[{"name":"wp","href":"https:\/\/api.w.org\/{rel}","templated":true}]}}