{"id":5404,"date":"2016-11-21T22:24:28","date_gmt":"2016-11-21T21:24:28","guid":{"rendered":"http:\/\/www.josemariatornay.com\/index.php\/cajon-de-sastre\/fotos-de-la-semana-200405\/fotos-de-la-semana\/"},"modified":"2016-12-27T21:15:25","modified_gmt":"2016-12-27T20:15:25","slug":"fotos-de-la-semana","status":"publish","type":"page","link":"https:\/\/www.josemariatornay.com\/index.php\/cajon-de-sastre\/fotos-de-la-semana-200405\/fotos-de-la-semana\/","title":{"rendered":"2005\/06"},"content":{"rendered":"<div class=\"art-content-layout\">\n<div class=\"art-content-layout-row\">\n<div class=\"art-layout-cell\" style=\"width: 100%;\">\n<p>Desde 2014 hasta 2009, cada semana, como un reflejo de la actualiidad, mantuve esta secci\u00f3n en mi web. Fielmente, cada semana incorporaba aquello que a m\u00ed me parec\u00eda relevante incluir como destacable o sobresaliente de lo que ocurr\u00eda en el mundo, en Espa\u00f1a, en mi ciudad, Ronda, o en mi trabajo. Aqu\u00ed est\u00e1 ordenadas desde las m\u00e1s antigual a las m\u00e1s modernas.<\/p>\n<\/div>\n<\/div>\n<\/div>\n<div class=\"art-content-layout\">\n<div class=\"art-content-layout-row\">\n<div class=\"art-layout-cell\" style=\"width: 50%;\">\n<p style=\"text-align: center;\"><img fetchpriority=\"high\" decoding=\"async\" class=\"art-lightbox\" src=\"http:\/\/www.josemariatornay.com\/wp-content\/uploads\/2016\/11\/Sevillacf.gif\" alt=\"\" width=\"220\" height=\"327\"><br \/>\nDurante esta semana, el Sevilla F.C. ha elegiso nuestra ciudad para preparar su parido frente al eterno rival, el Betis, que se jugar\u00e1 ma\u00f1ana en el Ram\u00f3n S\u00e1nchez Pizju\u00e1n. Han elegido Ronda para alejarse de la tensi\u00f3n que conlleva este tipo de enfrentamientos viviendo los d\u00edas previos enm la propia ciudad. 18 noviembre 2005.<\/p>\n<\/div>\n<div class=\"art-layout-cell\" style=\"width: 50%;\">\n<p style=\"text-align: center;\"><img decoding=\"async\" class=\"art-lightbox\" src=\"http:\/\/www.josemariatornay.com\/wp-content\/uploads\/2016\/11\/padle.jpg\" alt=\"\" width=\"240\" height=\"307\"><br \/>\nDurante el pasado fin de semana hemos tenido el privilegio de contemplar en Ronda las habilidades de los mejores jugadores del mundo de paddle. Esperemos que la experiencia se repita y que nos aficionemos muchos a este deporte din\u00e1mico y est\u00e9tico (esto \u00faltimo se aprecia bien en las im\u00e1genes tomadas durante el torneo -poner el rat\u00f3n encima de la imagen-). 25 noviembre 2005.<\/p>\n<\/div>\n<\/div>\n<\/div>\n<div class=\"art-content-layout\">\n<div class=\"art-content-layout-row\">\n<div class=\"art-layout-cell\" style=\"width: 50%;\">\n<p style=\"text-align: center;\"><img decoding=\"async\" class=\"art-lightbox\" src=\"http:\/\/www.josemariatornay.com\/wp-content\/uploads\/2016\/11\/cartelubedabaeza.jpg\" alt=\"\" width=\"250\" height=\"291\"><br \/>\nDurante el pasado fin de semana hemos estado en dos lugares donde el patrimonio art\u00edstico rebosa por todos sus rincones. \u00dabeda y Baeza merecen la pena. Son patrimonio de la humanidad por derecho propio. No os las perd\u00e1is, pero visitadlas en primavera o en verano; en este tiempo, el resfiado es seguro.<\/p>\n<\/div>\n<div class=\"art-layout-cell\" style=\"width: 50%;\">\n<p style=\"text-align: center;\"><img loading=\"lazy\" decoding=\"async\" class=\"art-lightbox\" src=\"http:\/\/www.josemariatornay.com\/wp-content\/uploads\/2016\/11\/josemanuel.jpg\" alt=\"\" width=\"400\" height=\"300\"><br \/>\nEste se\u00f1or de la izquierda nos tiene encantados a todos los que lo queremos: acaba de salir de una operaci\u00f3n delicada como si tal cosa. Su fuerza y su categor\u00eda personal y profesional son un ejemplo para todos. Es un fen\u00f3menos; si pasa por tu lado, no pierdas la oportunidad de hacerte su amigo; no te arrepentir\u00e1s. 9 diciembre 2005<\/p>\n<\/div>\n<\/div>\n<\/div>\n<div class=\"art-content-layout\">\n<div class=\"art-content-layout-row\">\n<div class=\"art-layout-cell\" style=\"width: 50%;\">\n<p style=\"text-align: center;\"><img loading=\"lazy\" decoding=\"async\" class=\"art-lightbox\" src=\"http:\/\/www.josemariatornay.com\/wp-content\/uploads\/2016\/11\/cochecaballos.jpg\" alt=\"\" width=\"300\" height=\"196\"><br \/>\nSin \u00e1nimo de perjudicar a nadie, hay que decir que este veh\u00edculo y su pareja crean unos problemas de circulaci\u00f3n que Ronda no se puede permitir, porque esta ciudad est\u00e1 al borde del colapso. \u00bfSoluci\u00f3n? Que la busquen los que cobran y viven de darlas&#8230;nosotros ya hacemos bastante con pagarles entre todos. 16 diciembre 2005<\/p>\n<\/div>\n<div class=\"art-layout-cell\" style=\"width: 50%;\">\n<p style=\"text-align: center;\"><img loading=\"lazy\" decoding=\"async\" class=\"art-lightbox\" src=\"http:\/\/www.josemariatornay.com\/wp-content\/uploads\/2016\/11\/belenviviente.jpg\" alt=\"\" width=\"259\" height=\"194\"><br \/>\nTengo que confesar que me he quedado alucinado con el espect\u00e1culo que el Ayuntamiento y la Asociaci\u00f3n de Vecinos de \u00abLa Ciudad\u00bb han preparado en las murallas. Realmente impresionante de contenido y magn\u00edfica la respuesta de la gente. Aquello parec\u00eda el Corpues Chiquito. Enhorabuena a los organizadores. Por ciero, todos los actos programados con motivo del \u00abBel\u00e9n viviente\u00bb han sido coordinados y presentados por Jos\u00e9 M\u00aa Otega con su maestr\u00eda habitual.<\/p>\n<\/div>\n<\/div>\n<\/div>\n<div class=\"art-content-layout\">\n<div class=\"art-content-layout-row\">\n<div class=\"art-layout-cell\" style=\"width: 50%;\">\n<p style=\"text-align: center;\"><img loading=\"lazy\" decoding=\"async\" class=\"art-lightbox\" src=\"http:\/\/www.josemariatornay.com\/wp-content\/uploads\/2016\/11\/mozart.jpg\" alt=\"\" width=\"1\" height=\"1\"><img loading=\"lazy\" decoding=\"async\" class=\"art-lightbox\" src=\"http:\/\/www.josemariatornay.com\/wp-content\/uploads\/2016\/11\/metalizeteatro.jpg\" alt=\"\" width=\"349\" height=\"262\"><br \/>\nEl mi\u00e9rcoles actu\u00f3 Metalize en el Teatro Vicente Espinel. 3\/4 de entrada dieron al espect\u00e1culo un estupendo ambiente. \u00c9xito de p\u00fablico y del grupo, que tuvo un sonido compacto y redondo; su mejor actuaci\u00f3n hasta la fecha. Magn\u00edfica puesta en escena. 30 diciembre 2005.<\/p>\n<\/div>\n<div class=\"art-layout-cell\" style=\"width: 50%;\">\n<p style=\"text-align: center;\"><img loading=\"lazy\" decoding=\"async\" class=\"art-lightbox\" src=\"http:\/\/www.josemariatornay.com\/wp-content\/uploads\/2016\/11\/mozart-2.jpg\" alt=\"\" width=\"1\" height=\"1\"><\/p>\n<table class=\"art-article\" style=\"width: 100%;\">\n<tbody>\n<tr>\n<td style=\"width: 50%; text-align: center;\"><img loading=\"lazy\" decoding=\"async\" class=\"art-lightbox\" src=\"http:\/\/www.josemariatornay.com\/wp-content\/uploads\/2016\/11\/mozart-3.jpg\" alt=\"\" width=\"171\" height=\"300\"><\/td>\n<td style=\"width: 50%; text-align: center;\">\u00c9ste, por lo visto, es el a\u00f1o de Mozart. Confieso que no me gustan estas celebraciones, que s\u00f3lo esconden mercantilismo y abandono del tema durante el resto de los a\u00f1os. Pero, me parece que supone una buena ocasi\u00f3n de engancharse para siempre a su m\u00fasica. Alguien dijo que en Mozart se encarn\u00f3 la m\u00fasica misma en forma humana. Mozart es la m\u00fasica. 6 enero 2006.<\/td>\n<\/tr>\n<\/tbody>\n<\/table>\n<\/div>\n<\/div>\n<\/div>\n<div class=\"art-content-layout\">\n<div class=\"art-content-layout-row\">\n<div class=\"art-layout-cell\" style=\"width: 50%;\">\n<p style=\"text-align: center;\"><img loading=\"lazy\" decoding=\"async\" class=\"alignnone wp-image-11818\" src=\"http:\/\/www.josemariatornay.com\/wp-content\/uploads\/2016\/11\/small-23.jpg\" alt=\"small\" width=\"297\" height=\"224\"><br \/>\nAqu\u00ed est\u00e1 Pablo, con parte del grupo de artistas que est\u00e1n<br \/>\nmontando un disco precioso. A\u00fan no conozco el t\u00edtulo. S\u00e9 que las m\u00fasicas est\u00e1n muy avanzadas en el proceso de producci\u00f3n y que pronto se empezar\u00e1n a grabar las voces. Es de esperar que est\u00e9 para primavera. Pablo es el autor de la idea y de haber vestido musicalmente 10 poemas de otros tantos poetas castellanos. 13 enero 2006<\/p>\n<\/div>\n<div class=\"art-layout-cell\" style=\"width: 50%;\">\n<p style=\"text-align: center;\"><img loading=\"lazy\" decoding=\"async\" class=\"art-lightbox\" src=\"http:\/\/www.josemariatornay.com\/wp-content\/uploads\/2016\/11\/murallasoeste.jpg\" alt=\"\" width=\"300\" height=\"225\"><br \/>\n\u00c9sta creo que es una buena noticia. Acabo de pasar por all\u00ed y me he encontrado estos carteles que anuncian la inminente recuperaci\u00f3n de estas murallas, hasta ahora absolutamente abandonadas. Ya est\u00e1n colocando los andamios y, seg\u00fan el texto, en 12 meses podremos disfrutarlas terminadas. Que sea verdad. La \u00abpicha del moro\u00bb ser\u00e1 testigo mudo de estas obras. 20 emero 2006<\/p>\n<\/div>\n<\/div>\n<\/div>\n<div class=\"art-content-layout\">\n<div class=\"art-content-layout-row\">\n<div class=\"art-layout-cell\" style=\"width: 50%;\">\n<p style=\"text-align: center;\"><img loading=\"lazy\" decoding=\"async\" class=\"art-lightbox\" src=\"http:\/\/www.josemariatornay.com\/wp-content\/uploads\/2016\/11\/lluvia.jpg\" alt=\"\" width=\"300\" height=\"225\"><br \/>\nEsta s\u00ed que es una buena noticia, en un a\u00f1o en el que las borrascas pasan y pasan sin apenas dejar una l\u00e1grima. Hoy llueve y parece que lo har\u00e1 en los pr\u00f3ximos d\u00edas. A ver si no hace lo que suele ser habitual: que todo se queda en chubascos de poca monta y, por fin, recuperamos unos niveles aceptables de lluvia.<\/p>\n<\/div>\n<div class=\"art-layout-cell\" style=\"width: 50%;\">\n<p style=\"text-align: center;\"><img loading=\"lazy\" decoding=\"async\" class=\"art-lightbox\" src=\"http:\/\/www.josemariatornay.com\/wp-content\/uploads\/2016\/11\/nieve.jpg\" alt=\"\" width=\"300\" height=\"225\"><\/p>\n<p>Y la misma foto, 24 horas despu\u00e9s.<\/p>\n<\/div>\n<\/div>\n<\/div>\n<div class=\"art-content-layout\">\n<div class=\"art-content-layout-row\">\n<div class=\"art-layout-cell\" style=\"width: 50%;\">\n<p style=\"text-align: center;\"><img loading=\"lazy\" decoding=\"async\" class=\"art-lightbox\" src=\"http:\/\/www.josemariatornay.com\/wp-content\/uploads\/2016\/11\/auxi01.jpg\" alt=\"\" width=\"200\" height=\"289\"><br \/>\nMi amiga Auxi Jim\u00e9nez acaba de ser declarada la mejor futbolista andaluza de todos los tiempos. Ella ha jugado en todos los estadios, ha ganado todos los trofeos, ha sido multitud de veces internacional, pero, por si fuera poco, cuando la conoces, tanto como su palmar\u00e9s impresiona su personalidad: es una mujer madura, equilibrada, a la que da gusto escuchar hablar de f\u00fatbol y de la vida. Felicidades,<\/p>\n<\/div>\n<div class=\"art-layout-cell\" style=\"width: 50%;\">\n<p style=\"text-align: center;\"><img loading=\"lazy\" decoding=\"async\" class=\"art-lightbox\" src=\"http:\/\/www.josemariatornay.com\/wp-content\/uploads\/2016\/11\/culonieve.jpg\" alt=\"\" width=\"384\" height=\"288\"><br \/>\nEsta es una de las curiosas im\u00e1genes que ha dejado el temporal d enieve de hace unos d\u00edas en Ronda: la n\u00edvea blancura del paisaje, unido y en competencia con la hermosa blancura \u00edntima que la muchacha, sin miedo al fr\u00edo que yo tanto temo, nos ofrece con generosidad. 10 febrero 2006.<\/p>\n<\/div>\n<\/div>\n<\/div>\n<div class=\"art-content-layout\">\n<div class=\"art-content-layout-row\">\n<div class=\"art-layout-cell\" style=\"width: 50%;\">\n<p style=\"text-align: center;\"><img loading=\"lazy\" decoding=\"async\" class=\"art-lightbox\" src=\"http:\/\/www.josemariatornay.com\/wp-content\/uploads\/2016\/11\/cartelabogado.jpg\" alt=\"\" width=\"220\" height=\"335\"><br \/>\nEste es el cartel de la nueva obra que va a poner en escena el TES de Ronda. La fecha y la hora aparecen en el msimo. Espero que la apoy\u00e9is asistiendo y que os guste. 17 febreo 2006<\/p>\n<\/div>\n<div class=\"art-layout-cell\" style=\"width: 50%;\">\n<p style=\"text-align: center;\"><img loading=\"lazy\" decoding=\"async\" class=\"art-lightbox\" src=\"http:\/\/www.josemariatornay.com\/wp-content\/uploads\/2016\/11\/selloronda.jpg\" alt=\"\" width=\"275\" height=\"320\"><\/p>\n<p>Aqu\u00ed ten\u00e9is una imagen inaudita, al menos para m\u00ed. Yo no conoc\u00eda su existencia. Mi amigo Jose me la ha hecho llegar. No precisa m\u00e1s comentarios, pero me parece muy interesante para exponerla aqu\u00ed. 24 febrero 2006<\/p>\n<\/div>\n<\/div>\n<\/div>\n<div class=\"art-content-layout\">\n<div class=\"art-content-layout-row\">\n<div class=\"art-layout-cell\" style=\"width: 50%;\">\n<p style=\"text-align: center;\"><img loading=\"lazy\" decoding=\"async\" class=\"art-lightbox\" src=\"http:\/\/www.josemariatornay.com\/wp-content\/uploads\/2016\/11\/anilla.jpg\" alt=\"\" width=\"300\" height=\"225\"><br \/>\nEn la bajada hacia Padre Jes\u00fas, justo antes de iglesia, han colocado este monumento dedicado a Anilla la Gitana. Merecido reconocimiento a este personaje m\u00edtico de nuestra ciudad. 3 marzo 2006.<\/p>\n<\/div>\n<div class=\"art-layout-cell\" style=\"width: 50%;\">\n<p style=\"text-align: center;\"><img loading=\"lazy\" decoding=\"async\" class=\"art-lightbox\" src=\"http:\/\/www.josemariatornay.com\/wp-content\/uploads\/2016\/11\/estrenoabogado.jpg\" alt=\"\" width=\"300\" height=\"225\"><br \/>\nHoy es el d\u00eda del estreno de \u00abEl abogado del diablo\u00bb, la obra que este a\u00f1o el T.E.S. ofrece a su p\u00fablico de Ronda y la Serran\u00eda. Esperemos que sea todo un \u00e9xito. Yo os contar\u00e9 c\u00f3mo ha ido todo. 10 marzo 2006<\/p>\n<\/div>\n<\/div>\n<\/div>\n<div class=\"art-content-layout\">\n<div class=\"art-content-layout-row\">\n<div class=\"art-layout-cell\" style=\"width: 50%;\">\n<p style=\"text-align: center;\"><img loading=\"lazy\" decoding=\"async\" class=\"art-lightbox\" src=\"http:\/\/www.josemariatornay.com\/wp-content\/uploads\/2016\/11\/pichaelmoro.jpg\" alt=\"\" width=\"300\" height=\"225\"><br \/>\nAs\u00ed va el trabajo de reconstrucci\u00f3n de las murallas de la parte occidental (la bajada del Campillo). Ahora andan con el arco que hay debajo de \u00abla Picha del Moro\u00bb. La verdad es que se lo est\u00e1n tomando con calma y lo peor es que no se puede pasar y as\u00ed llevamos m\u00e1s de tres meses. 17 marzo 2006<\/p>\n<\/div>\n<div class=\"art-layout-cell\" style=\"width: 50%;\">\n<p style=\"text-align: center;\"><img loading=\"lazy\" decoding=\"async\" class=\"art-lightbox\" src=\"http:\/\/www.josemariatornay.com\/wp-content\/uploads\/2016\/11\/paz.jpg\" alt=\"\" width=\"300\" height=\"193\"><br \/>\nETA tiene pr\u00e1cticamente mi edad. A lo largo de los a\u00f1os me ha acompa\u00f1ado su siniestra sombra como una terrible pesadilla. El alto el fuego de hoy lo recibo como la mejor noticia pol\u00edtica de mi vida. \u00a1Cu\u00e1ntas personas van a empezar a poder vivir de una pu\u00f1etera vez sin esa sensaci\u00f3n horrorosa de tener un ca\u00f1\u00f3n esper\u00e1ndoles en cualquier esquina! Me da igual qui\u00e9n se apunte el tanto y qui\u00e9n se sienta perjudicado. Eso es una insignificancia al lado del anuncio esperanzador. Y, por favor, que paren ya los comentaristas pol\u00edticos. \u00a1Qu\u00e9 horror! 24 marzo 2006<\/p>\n<\/div>\n<\/div>\n<\/div>\n<div class=\"art-content-layout\">\n<div class=\"art-content-layout-row\">\n<div class=\"art-layout-cell\" style=\"width: 50%;\">\n<p style=\"text-align: center;\"><img loading=\"lazy\" decoding=\"async\" class=\"art-lightbox\" src=\"http:\/\/www.josemariatornay.com\/wp-content\/uploads\/2016\/11\/Marbella.jpg\" alt=\"\" width=\"300\" height=\"235\"><br \/>\nEsta es una magn\u00edfica vista de Marbella, esa tierra que es tambi\u00e9n nuestra, que es de todos. \u00bfQui\u00e9n no tiene alguna bonita experiencia en Marbella guardada en su coraz\u00f3n? Por eso nos duele a todos comprobar c\u00f3mo desde hace un mont\u00f3n de a\u00f1os, esta tierra es expoliada, arrasada por esa cueva de Al\u00ed Bab\u00e1 que es su Ayuntamiento, por aqu\u00e9llos que m\u00e1s debieran cuidarla y defenderla. \u00a1Miserables! Y la gente a pagar impuestos! y lo que es peor&#8230;a votarlos. 31 de marzo de 2006.<\/p>\n<\/div>\n<div class=\"art-layout-cell\" style=\"width: 50%;\">\n<p style=\"text-align: center;\"><img loading=\"lazy\" decoding=\"async\" class=\"art-lightbox\" src=\"http:\/\/www.josemariatornay.com\/wp-content\/uploads\/2016\/11\/jaramgimayor.jpg\" alt=\"\" width=\"310\" height=\"232\"><br \/>\nEsta es, como todo el mundo sabe, la torre de la Iglesia Mayor, uno de los edificios que m\u00e1s ingresos generan por visitas tur\u00edsticas en toda Andaluc\u00eda. No s\u00e9 en qu\u00e9 se emplea el dineral que produce a chorros; desde luego, en limpiarla y adecentarla, no. Adem\u00e1s, las ra\u00edces de esas hierbas deterioran la piedra. Pero es m\u00e1s eficaz la foto inaugurando las nuevas campanas, que est\u00e1n justo debajo, por valor de doscientos mil euros. \u00a1Cosas de la Iglesia! 7 de abril de 2006<\/p>\n<\/div>\n<\/div>\n<\/div>\n<div class=\"art-content-layout\">\n<div class=\"art-content-layout-row\">\n<div class=\"art-layout-cell\" style=\"width: 50%;\">\n<p style=\"text-align: center;\"><img loading=\"lazy\" decoding=\"async\" class=\"art-lightbox\" src=\"http:\/\/www.josemariatornay.com\/wp-content\/uploads\/2016\/11\/semanasanta.jpg\" alt=\"\" width=\"300\" height=\"225\"><br \/>\nCon m\u00e1s pompa que fervor y con m\u00e1s ostentaci\u00f3n y boato que religiosidad, la Semana Santa de Ronda tiene la peculiaridad del rigor y la seriedad de sus desfiles procesionales. Cada a\u00f1o mejora su puesta en escena, pese a la falta de entendimiento entre algunas cofrad\u00edas y su incapacidad para hacer m\u00e1s racionales los horarios y los itinerarios. El lunes pondr\u00e9 un especial fotogr\u00e1fico en la secci\u00f3n de ACTUALIDAD titulada REPORTAJES ESPECIALES. 14 de abril de 2006<\/p>\n<\/div>\n<div class=\"art-layout-cell\" style=\"width: 50%;\">\n<p style=\"text-align: center;\"><img loading=\"lazy\" decoding=\"async\" class=\"art-lightbox\" src=\"http:\/\/www.josemariatornay.com\/wp-content\/uploads\/2016\/11\/balcon.jpg\" alt=\"\" width=\"300\" height=\"225\"><br \/>\nRonda ofrece im\u00e1genes tan alucinantes y espectaculares como \u00e9sta. Un balc\u00f3n suspendido a m\u00e1s de cien metros sobre el fondo del Tajo. Al fondo puede verse la carretera de S+evilla, por la zona que lleva a El Cupil. Pero Ronda tambi\u00e9n ofrece otro tipo de rincones, po\u00e9ticos, rom\u00e1nticos, rec\u00f3nditos&#8230;que justifican el especial atractivo tur\u00edstico de que goza. 21 de abril de 2006<\/p>\n<\/div>\n<\/div>\n<\/div>\n<div class=\"art-content-layout\">\n<div class=\"art-content-layout-row\">\n<div class=\"art-layout-cell\" style=\"width: 50%;\">\n<p style=\"text-align: center;\"><img loading=\"lazy\" decoding=\"async\" class=\"art-lightbox\" src=\"http:\/\/www.josemariatornay.com\/wp-content\/uploads\/2016\/11\/LoliRivero.jpg\" alt=\"\" width=\"230\" height=\"306\"><br \/>\nEsta es mi amiga Loli Rivero, a la que el peri\u00f3dico Ronda Semanal, en su \u00faltimo n\u00famero, ha dedicado, nada menos, que su contraportada a todo color. Sus amigos estamos muy satisfechos de este reconocimiento a su creatividad y a su incansable actividad y a su desbordante vitalidad. Poetaa, compositora, escritora&#8230;todo un lujo para esta p\u00e1gina de la que es una fiel y brillante colaboradora. 28 de abril de 2006.<\/p>\n<\/div>\n<div class=\"art-layout-cell\" style=\"width: 50%;\">\n<p style=\"text-align: center;\"><img loading=\"lazy\" decoding=\"async\" class=\"art-lightbox\" src=\"http:\/\/www.josemariatornay.com\/wp-content\/uploads\/2016\/11\/santodomingo.jpg\" alt=\"\" width=\"400\" height=\"300\"><br \/>\nEsta es una imagen del espectacular p\u00f3rtico que hay a la entrada del restaurado (por fin) convento de Santo Domingo. La espera ha sido larga, pero el resultado es espl\u00e9ndido. Si ten\u00e9is ocasi\u00f3n, no olvid\u00e9is visitarlo. Merece la pena. 5 de mayo de 2006.<\/p>\n<\/div>\n<\/div>\n<\/div>\n<div class=\"art-content-layout\">\n<div class=\"art-content-layout-row\">\n<div class=\"art-layout-cell\" style=\"width: 50%;\">\n<p style=\"text-align: center;\"><img loading=\"lazy\" decoding=\"async\" class=\"art-lightbox\" src=\"http:\/\/www.josemariatornay.com\/wp-content\/uploads\/2016\/11\/metalizegaucin.jpg\" alt=\"\" width=\"300\" height=\"225\"><br \/>\nMetalize sigue creciendo. Esta es una imagen de su \u00faltimo concierto. Fue en Gauc\u00edn y sonaron compactos presentando las canciones de su \u00faltimo disco. En su p\u00e1gina web hay m\u00e1s im\u00e1genes. Se puede entrar desde el enlace de esta web titulado MIA P\u00c1GINAS. 12 de mayo de 2006.<\/p>\n<\/div>\n<div class=\"art-layout-cell\" style=\"width: 50%;\">\n<p style=\"text-align: center;\"><img loading=\"lazy\" decoding=\"async\" class=\"art-lightbox\" src=\"http:\/\/www.josemariatornay.com\/wp-content\/uploads\/2016\/11\/feriamayo.jpg\" alt=\"\" width=\"300\" height=\"200\"><br \/>\nEsta es una imagen entra\u00f1able que recuerda tiempos ya superados, donde la palabra era un sello invulnerable. A\u00fan se conserva algo de la feria del ganado, pero como algo tradicional y pintoresco, pero hoy, la feria de mayo de Ronda ya hace unos a\u00f1os que se convirti\u00f3 en una feria de muestrasy, con el correr del tiempo, en un enorme stand comercial donde te venden lo mismo que en las tiendas pero un poco o bastante m\u00e1s caro. Es curioso y triste comprobar con que rapidez y facilidad se prostituyen todas las cosas. 19 de mayo de 2006<\/p>\n<\/div>\n<\/div>\n<\/div>\n<div class=\"art-content-layout\">\n<div class=\"art-content-layout-row\">\n<div class=\"art-layout-cell\" style=\"width: 50%;\">\n<p style=\"text-align: center;\"><img loading=\"lazy\" decoding=\"async\" class=\"art-lightbox\" src=\"http:\/\/www.josemariatornay.com\/wp-content\/uploads\/2016\/11\/puenting.jpg\" alt=\"\" width=\"300\" height=\"225\"><br \/>\nPsaba esta tarde por el puente de Ronda cuando, alertado por una gran expectaci\u00f3n de la gente que atestaba los balcones y pretiles, pude captar esta imagen espectacular. \u00a1Qu\u00e9 valor! Creo que tiene que ver con una acto que hay este s\u00e1bado con motivo de la concesi\u00f3n por parte del Ayuntamiento de una distinci\u00f3n a la Legi\u00f3n. 26 de mayo de 2006<\/p>\n<\/div>\n<div class=\"art-layout-cell\" style=\"width: 50%;\">\n<p style=\"text-align: center;\"><img loading=\"lazy\" decoding=\"async\" class=\"art-lightbox\" src=\"http:\/\/www.josemariatornay.com\/wp-content\/uploads\/2016\/11\/nuevomirador.jpg\" alt=\"\" width=\"300\" height=\"225\"><br \/>\nHe aqu\u00ed el nuevo mirador que disfrutamos los habitantes y visitantes de esta espectacular tierra nuestra. Se halla junto al convento de Santo Domingo. Verlo as\u00ed, casi sin gente, es un aut\u00e9ntico milagro; lo normal es que est\u00e9 atestado. Las vistas que pueden observarse desde \u00e9l son magn\u00edficas y, sobre todo, no vistas con anterioridad, pues ofrece nuevos \u00e1ngulos y perspectivas. 2 de junio de 2006.<\/p>\n<\/div>\n<\/div>\n<\/div>\n","protected":false},"excerpt":{"rendered":"<p>Desde 2014 hasta 2009, cada semana, como un reflejo de la actualiidad, mantuve esta secci\u00f3n en mi web. Fielmente, cada semana incorporaba aquello que a m\u00ed me parec\u00eda relevante incluir como destacable o sobresaliente de lo que ocurr\u00eda en el mundo, en Espa\u00f1a, en mi ciudad, Ronda, o en mi trabajo. Aqu\u00ed est\u00e1 ordenadas desde [&hellip;]<\/p>\n","protected":false},"author":1,"featured_media":0,"parent":5402,"menu_order":53,"comment_status":"closed","ping_status":"closed","template":"","meta":{"_aioseop_title":"","_aioseop_description":"","ngg_post_thumbnail":0,"footnotes":""},"_links":{"self":[{"href":"https:\/\/www.josemariatornay.com\/index.php\/wp-json\/wp\/v2\/pages\/5404"}],"collection":[{"href":"https:\/\/www.josemariatornay.com\/index.php\/wp-json\/wp\/v2\/pages"}],"about":[{"href":"https:\/\/www.josemariatornay.com\/index.php\/wp-json\/wp\/v2\/types\/page"}],"author":[{"embeddable":true,"href":"https:\/\/www.josemariatornay.com\/index.php\/wp-json\/wp\/v2\/users\/1"}],"replies":[{"embeddable":true,"href":"https:\/\/www.josemariatornay.com\/index.php\/wp-json\/wp\/v2\/comments?post=5404"}],"version-history":[{"count":0,"href":"https:\/\/www.josemariatornay.com\/index.php\/wp-json\/wp\/v2\/pages\/5404\/revisions"}],"up":[{"embeddable":true,"href":"https:\/\/www.josemariatornay.com\/index.php\/wp-json\/wp\/v2\/pages\/5402"}],"wp:attachment":[{"href":"https:\/\/www.josemariatornay.com\/index.php\/wp-json\/wp\/v2\/media?parent=5404"}],"curies":[{"name":"wp","href":"https:\/\/api.w.org\/{rel}","templated":true}]}}