{"id":5407,"date":"2016-11-21T22:24:31","date_gmt":"2016-11-21T21:24:31","guid":{"rendered":"http:\/\/www.josemariatornay.com\/index.php\/algo-personal\/"},"modified":"2016-12-08T23:24:52","modified_gmt":"2016-12-08T22:24:52","slug":"algo-personal","status":"publish","type":"page","link":"https:\/\/www.josemariatornay.com\/index.php\/algo-personal\/","title":{"rendered":"Algo personal"},"content":{"rendered":"<div class=\"art-content-layout\">\n<div class=\"art-content-layout-row\">\n<div class=\"art-layout-cell\" style=\"width: 20%;\">\n<p style=\"text-align: center;\"><a href=\"http:\/\/www.josemariatornay.com\/index.php\/mi-ronda-sentimental\/\"><img decoding=\"async\" class=\"art-lightbox\" src=\"http:\/\/www.josemariatornay.com\/wp-content\/uploads\/2016\/11\/puente-3.jpg\" alt=\"\" width=\"146\" height=\"110\"><\/a><br \/>\nMI RONDA SENTIMENTAL<\/p>\n<\/div>\n<div class=\"art-layout-cell\" style=\"width: 20%;\">\n<p style=\"text-align: center;\"><a href=\"http:\/\/www.josemariatornay.com\/index.php\/epistolas-irreverentes\/\"><img decoding=\"async\" class=\"art-lightbox\" src=\"http:\/\/www.josemariatornay.com\/wp-content\/uploads\/2016\/11\/dios-3.jpg\" alt=\"\" width=\"147\" height=\"110\"><\/a><br \/>\nEP\u00cdSTOLAS IRREVERENTES<\/p>\n<\/div>\n<div class=\"art-layout-cell\" style=\"width: 20%;\">\n<p style=\"text-align: center;\"><a href=\"http:\/\/www.josemariatornay.com\/index.php\/cicerone-y-trovador\/\"><img decoding=\"async\" class=\"art-lightbox\" src=\"http:\/\/www.josemariatornay.com\/wp-content\/uploads\/2016\/11\/1-1-11-1.jpg\" alt=\"\" width=\"147\" height=\"110\"><\/a><br \/>\nCICERONE Y TROVADOR<\/p>\n<\/div>\n<div class=\"art-layout-cell\" style=\"width: 20%;\">\n<p style=\"text-align: center;\"><img loading=\"lazy\" decoding=\"async\" class=\"art-lightbox\" src=\"http:\/\/www.josemariatornay.com\/wp-content\/uploads\/2016\/11\/Mensajes.jpg\" alt=\"\" width=\"155\" height=\"103\"><br \/>\nMENSAJES<\/p>\n<\/div>\n<div class=\"art-layout-cell\" style=\"width: 20%;\">\n<p style=\"text-align: center;\"><img loading=\"lazy\" decoding=\"async\" class=\"art-lightbox\" src=\"http:\/\/www.josemariatornay.com\/wp-content\/uploads\/2016\/11\/Serrat-3.jpg\" alt=\"\" width=\"107\" height=\"100\"><br \/>\nPERSONAJES<\/p>\n<\/div>\n<\/div>\n<\/div>\n<div class=\"art-content-layout\">\n<div class=\"art-content-layout-row\">\n<div class=\"art-layout-cell\" style=\"width: 100%;\">\n<p style=\"text-align: center;\"><span style=\"font-size: 18px;\">I M \u00c1 G E N E S<\/span><\/p>\n<\/div>\n<\/div>\n<\/div>\n<div class=\"art-content-layout\">\n<div class=\"art-content-layout-row\">\n<div class=\"art-layout-cell\" style=\"width: 25%;\">\n<p style=\"text-align: center;\">RONDA<br \/>\n<img loading=\"lazy\" decoding=\"async\" class=\"art-lightbox\" src=\"http:\/\/www.josemariatornay.com\/wp-content\/uploads\/2016\/11\/Ronda-2.jpg\" alt=\"\" width=\"156\" height=\"103\"><\/p>\n<\/div>\n<div class=\"art-layout-cell\" style=\"width: 25%;\">\n<p style=\"text-align: center;\">PERSONALES<br \/>\n<img loading=\"lazy\" decoding=\"async\" class=\"art-lightbox\" src=\"http:\/\/www.josemariatornay.com\/wp-content\/uploads\/2016\/11\/Personales.jpg\" alt=\"\" width=\"151\" height=\"114\"><\/p>\n<\/div>\n<div class=\"art-layout-cell\" style=\"width: 25%;\">\n<p style=\"text-align: center;\">ESPECIALES<br \/>\n<img loading=\"lazy\" decoding=\"async\" class=\"art-lightbox\" src=\"http:\/\/www.josemariatornay.com\/wp-content\/uploads\/2016\/11\/Especiales.jpg\" alt=\"\" width=\"150\" height=\"113\"><\/p>\n<\/div>\n<div class=\"art-layout-cell\" style=\"width: 25%;\">\n<p style=\"text-align: center;\">&nbsp;<\/p>\n<p style=\"text-align: center;\">PANOR\u00c1MICAS<\/p>\n<p style=\"text-align: center;\">Esta secci\u00f3n est\u00e1 pendiente de una absoluta reconstrucci\u00f3n.<\/p>\n<\/div>\n<\/div>\n<\/div>\n","protected":false},"excerpt":{"rendered":"<p>MI RONDA SENTIMENTAL EP\u00cdSTOLAS IRREVERENTES CICERONE Y TROVADOR MENSAJES PERSONAJES I M \u00c1 G E N E S RONDA PERSONALES ESPECIALES &nbsp; PANOR\u00c1MICAS Esta secci\u00f3n est\u00e1 pendiente de una absoluta reconstrucci\u00f3n.<\/p>\n","protected":false},"author":1,"featured_media":0,"parent":0,"menu_order":56,"comment_status":"closed","ping_status":"closed","template":"","meta":{"_aioseop_title":"","_aioseop_description":"","ngg_post_thumbnail":0,"footnotes":""},"_links":{"self":[{"href":"https:\/\/www.josemariatornay.com\/index.php\/wp-json\/wp\/v2\/pages\/5407"}],"collection":[{"href":"https:\/\/www.josemariatornay.com\/index.php\/wp-json\/wp\/v2\/pages"}],"about":[{"href":"https:\/\/www.josemariatornay.com\/index.php\/wp-json\/wp\/v2\/types\/page"}],"author":[{"embeddable":true,"href":"https:\/\/www.josemariatornay.com\/index.php\/wp-json\/wp\/v2\/users\/1"}],"replies":[{"embeddable":true,"href":"https:\/\/www.josemariatornay.com\/index.php\/wp-json\/wp\/v2\/comments?post=5407"}],"version-history":[{"count":0,"href":"https:\/\/www.josemariatornay.com\/index.php\/wp-json\/wp\/v2\/pages\/5407\/revisions"}],"wp:attachment":[{"href":"https:\/\/www.josemariatornay.com\/index.php\/wp-json\/wp\/v2\/media?parent=5407"}],"curies":[{"name":"wp","href":"https:\/\/api.w.org\/{rel}","templated":true}]}}