{"id":8772,"date":"2016-12-06T16:17:39","date_gmt":"2016-12-06T15:17:39","guid":{"rendered":"http:\/\/www.josemariatornay.com\/?page_id=8772"},"modified":"2016-12-06T16:20:39","modified_gmt":"2016-12-06T15:20:39","slug":"canciones-la-plaza-del-amor","status":"publish","type":"page","link":"https:\/\/www.josemariatornay.com\/index.php\/canciones-la-plaza-del-amor\/","title":{"rendered":"Canciones: La Plaza del Amor"},"content":{"rendered":"<p style=\"text-align: center;\">RECITADO Y LENTO<br \/>\nEn la plaza donde yo<br \/>\ncolecciono los recuerdos<br \/>\nde un tiempo que ya pas\u00f3,<br \/>\nsigue viva mi inocencia,<br \/>\nmi infancia, mi adolescencia,<br \/>\nes la Plaza del Amor.<br \/>\nARRANCA EL RITMO R\u00c1PIDO<br \/>\nNi\u00f1os, viejos, inocentes<br \/>\ncuando beben de su fuente<br \/>\nsienten un fuego interior,<br \/>\nque los vuelve diferentes,<br \/>\ngenerosos y valientes,<br \/>\nes la Plaza del Amor.<\/p>\n<p style=\"text-align: center;\">Tiene una fuente encantada<br \/>\nprodigiosa, iluminada<br \/>\npor la luz de la pasi\u00f3n<br \/>\ny en su templete sagrado,<br \/>\ncomo un dios enamorado<br \/>\nsolo manda el coraz\u00f3n.<\/p>\n<p style=\"text-align: center;\">Los mayores se enamoran<br \/>\ny los ni\u00f1os ganan buena educaci\u00f3n<br \/>\ny a quien bebe de esta fuente<br \/>\nse lo lleva la corriente del amor.<\/p>\n","protected":false},"excerpt":{"rendered":"<p>RECITADO Y LENTO En la plaza donde yo colecciono los recuerdos de un tiempo que ya pas\u00f3, sigue viva mi inocencia, mi infancia, mi adolescencia, es la Plaza del Amor. ARRANCA EL RITMO R\u00c1PIDO Ni\u00f1os, viejos, inocentes cuando beben de su fuente sienten un fuego interior, que los vuelve diferentes, generosos y valientes, es la [&hellip;]<\/p>\n","protected":false},"author":1,"featured_media":0,"parent":0,"menu_order":0,"comment_status":"closed","ping_status":"closed","template":"","meta":{"_aioseop_title":"","_aioseop_description":"","ngg_post_thumbnail":0,"footnotes":""},"_links":{"self":[{"href":"https:\/\/www.josemariatornay.com\/index.php\/wp-json\/wp\/v2\/pages\/8772"}],"collection":[{"href":"https:\/\/www.josemariatornay.com\/index.php\/wp-json\/wp\/v2\/pages"}],"about":[{"href":"https:\/\/www.josemariatornay.com\/index.php\/wp-json\/wp\/v2\/types\/page"}],"author":[{"embeddable":true,"href":"https:\/\/www.josemariatornay.com\/index.php\/wp-json\/wp\/v2\/users\/1"}],"replies":[{"embeddable":true,"href":"https:\/\/www.josemariatornay.com\/index.php\/wp-json\/wp\/v2\/comments?post=8772"}],"version-history":[{"count":0,"href":"https:\/\/www.josemariatornay.com\/index.php\/wp-json\/wp\/v2\/pages\/8772\/revisions"}],"wp:attachment":[{"href":"https:\/\/www.josemariatornay.com\/index.php\/wp-json\/wp\/v2\/media?parent=8772"}],"curies":[{"name":"wp","href":"https:\/\/api.w.org\/{rel}","templated":true}]}}