{"id":8775,"date":"2016-12-06T16:21:09","date_gmt":"2016-12-06T15:21:09","guid":{"rendered":"http:\/\/www.josemariatornay.com\/?page_id=8775"},"modified":"2016-12-06T16:22:41","modified_gmt":"2016-12-06T15:22:41","slug":"cancion-asi-es-maria","status":"publish","type":"page","link":"https:\/\/www.josemariatornay.com\/index.php\/cancion-asi-es-maria\/","title":{"rendered":"Canci\u00f3n: As\u00ed es Mar\u00eda"},"content":{"rendered":"<p style=\"text-align: center;\">Una estrella que alumbra el escenario,<br \/>\nunas manos vibrando tras un chelo<br \/>\nuna voz que acaricia, y un consuelo,<br \/>\nun sol que no precisa comentarios.<\/p>\n<p style=\"text-align: center;\">Una \u201cag\u00fcita de abril\u201d que empapa entero<br \/>\na cualquier coraz\u00f3n enamorado,<br \/>\nuna nana que mece, un dulce fado,<br \/>\nuna pasi\u00f3n que grita \u201caqu\u00ed te espero\u201d.<\/p>\n<p style=\"text-align: center;\">Un pincel en la boca, una acuarela,<br \/>\nuna explosi\u00f3n de luz y de armon\u00eda<br \/>\nprendida a sus ra\u00edces y a su abuela.<\/p>\n<p style=\"text-align: center;\">Una c\u00e1lida y suave melod\u00eda,<br \/>\nuna emoci\u00f3n traviesa que se cuela.<br \/>\nTodo eso y mucho m\u00e1s: as\u00ed es Mar\u00eda.<\/p>\n","protected":false},"excerpt":{"rendered":"<p>Una estrella que alumbra el escenario, unas manos vibrando tras un chelo una voz que acaricia, y un consuelo, un sol que no precisa comentarios. Una \u201cag\u00fcita de abril\u201d que empapa entero a cualquier coraz\u00f3n enamorado, una nana que mece, un dulce fado, una pasi\u00f3n que grita \u201caqu\u00ed te espero\u201d. Un pincel en la boca, [&hellip;]<\/p>\n","protected":false},"author":1,"featured_media":0,"parent":0,"menu_order":0,"comment_status":"closed","ping_status":"closed","template":"","meta":{"_aioseop_title":"","_aioseop_description":"","ngg_post_thumbnail":0,"footnotes":""},"_links":{"self":[{"href":"https:\/\/www.josemariatornay.com\/index.php\/wp-json\/wp\/v2\/pages\/8775"}],"collection":[{"href":"https:\/\/www.josemariatornay.com\/index.php\/wp-json\/wp\/v2\/pages"}],"about":[{"href":"https:\/\/www.josemariatornay.com\/index.php\/wp-json\/wp\/v2\/types\/page"}],"author":[{"embeddable":true,"href":"https:\/\/www.josemariatornay.com\/index.php\/wp-json\/wp\/v2\/users\/1"}],"replies":[{"embeddable":true,"href":"https:\/\/www.josemariatornay.com\/index.php\/wp-json\/wp\/v2\/comments?post=8775"}],"version-history":[{"count":0,"href":"https:\/\/www.josemariatornay.com\/index.php\/wp-json\/wp\/v2\/pages\/8775\/revisions"}],"wp:attachment":[{"href":"https:\/\/www.josemariatornay.com\/index.php\/wp-json\/wp\/v2\/media?parent=8775"}],"curies":[{"name":"wp","href":"https:\/\/api.w.org\/{rel}","templated":true}]}}