{"id":8940,"date":"2016-12-07T11:25:05","date_gmt":"2016-12-07T10:25:05","guid":{"rendered":"http:\/\/www.josemariatornay.com\/?page_id=8940"},"modified":"2016-12-07T11:25:27","modified_gmt":"2016-12-07T10:25:27","slug":"ese-amor","status":"publish","type":"page","link":"https:\/\/www.josemariatornay.com\/index.php\/ese-amor\/","title":{"rendered":"Ese amor"},"content":{"rendered":"<p style=\"text-align: center;\">1. Ese amor,&nbsp; ese amor,&nbsp;&nbsp;&nbsp;&nbsp;&nbsp;&nbsp;&nbsp;&nbsp;&nbsp;&nbsp;&nbsp;&nbsp;<br \/>\nque te llega en un momento<br \/>\ny sin darte apenas tiempo<br \/>\nte destroza la raz\u00f3n.<br \/>\nEse amor, ese amor, ese amor,<br \/>\nque te tiene acorralado,<br \/>\nque sin estar a tu lado<br \/>\nsiempre est\u00e1 en tu coraz\u00f3n.<br \/>\nEse amor, ese amor, ese amor.<br \/>\nQu\u00e9 cerca est\u00e1s de mi pecho (bis),&nbsp;&nbsp;&nbsp;&nbsp;&nbsp;&nbsp;&nbsp;<br \/>\nqu\u00e9 lejos de mi pasi\u00f3n;<br \/>\ndeja de jugar conmigo<br \/>\ny ll\u00e9vate este dolor.<br \/>\n2. Ese amor, ese amor,<br \/>\nque te coge por sorpresa,<br \/>\nque te convierte en su presa<br \/>\ny no (te) deja respirar.<br \/>\nEse amor, ese amor, amor, ese amor,<br \/>\nque siempre te da la espalda<br \/>\ny que te engancha en su falda<br \/>\npara no soltarte m\u00e1s.<br \/>\nEse amor, ese amor, ese amor.<br \/>\nQu\u00e9 cerca est\u00e1s de mi pecho.<\/p>\n<p style=\"text-align: center;\">3. Ese amor, ese amor,<br \/>\nese amor de terciopelo<br \/>\nque te envuelve con su velo<br \/>\ny no te deja escapar.<br \/>\nEse amor, ese amor, ese amor,<br \/>\nque no quiere estar contigo,<br \/>\nque no quiere ser tu amigo<br \/>\nni que le des tu amistad.<br \/>\nEse amor, ese amor, ese amor.<br \/>\nQu\u00e9 cerca est\u00e1s de mi pecho&#8230;<br \/>\n4. Ese amor, ese amor,<br \/>\nese amor que no se entera,<br \/>\nque no quiere que lo quieras<br \/>\nque est\u00e1 entregado a otro amor.<br \/>\nese amor, ese amor, ese amor,<br \/>\nque no conoce tu pena,<br \/>\nque te corre por las venas<br \/>\nsin saber qu\u00e9 es el amor.<br \/>\nEse amor, ese amor, ese amor.<br \/>\nQu\u00e9 cerca est\u00e1s de mi pecho&#8230;<\/p>\n","protected":false},"excerpt":{"rendered":"<p>1. Ese amor,&nbsp; ese amor,&nbsp;&nbsp;&nbsp;&nbsp;&nbsp;&nbsp;&nbsp;&nbsp;&nbsp;&nbsp;&nbsp;&nbsp; que te llega en un momento y sin darte apenas tiempo te destroza la raz\u00f3n. Ese amor, ese amor, ese amor, que te tiene acorralado, que sin estar a tu lado siempre est\u00e1 en tu coraz\u00f3n. Ese amor, ese amor, ese amor. Qu\u00e9 cerca est\u00e1s de mi pecho (bis),&nbsp;&nbsp;&nbsp;&nbsp;&nbsp;&nbsp;&nbsp; qu\u00e9 [&hellip;]<\/p>\n","protected":false},"author":1,"featured_media":0,"parent":0,"menu_order":0,"comment_status":"closed","ping_status":"closed","template":"","meta":{"_aioseop_title":"","_aioseop_description":"","ngg_post_thumbnail":0,"footnotes":""},"_links":{"self":[{"href":"https:\/\/www.josemariatornay.com\/index.php\/wp-json\/wp\/v2\/pages\/8940"}],"collection":[{"href":"https:\/\/www.josemariatornay.com\/index.php\/wp-json\/wp\/v2\/pages"}],"about":[{"href":"https:\/\/www.josemariatornay.com\/index.php\/wp-json\/wp\/v2\/types\/page"}],"author":[{"embeddable":true,"href":"https:\/\/www.josemariatornay.com\/index.php\/wp-json\/wp\/v2\/users\/1"}],"replies":[{"embeddable":true,"href":"https:\/\/www.josemariatornay.com\/index.php\/wp-json\/wp\/v2\/comments?post=8940"}],"version-history":[{"count":0,"href":"https:\/\/www.josemariatornay.com\/index.php\/wp-json\/wp\/v2\/pages\/8940\/revisions"}],"wp:attachment":[{"href":"https:\/\/www.josemariatornay.com\/index.php\/wp-json\/wp\/v2\/media?parent=8940"}],"curies":[{"name":"wp","href":"https:\/\/api.w.org\/{rel}","templated":true}]}}