{"id":8995,"date":"2016-12-08T13:12:55","date_gmt":"2016-12-08T12:12:55","guid":{"rendered":"http:\/\/www.josemariatornay.com\/?page_id=8995"},"modified":"2024-03-24T22:30:47","modified_gmt":"2024-03-24T21:30:47","slug":"pregones","status":"publish","type":"page","link":"https:\/\/www.josemariatornay.com\/index.php\/pregones\/","title":{"rendered":"Pregones"},"content":{"rendered":"\t\t<div data-elementor-type=\"wp-post\" data-elementor-id=\"8995\" class=\"elementor elementor-8995\">\n\t\t\t\t<div class=\"elementor-element elementor-element-073829e e-flex e-con-boxed e-con e-parent\" data-id=\"073829e\" data-element_type=\"container\" data-core-v316-plus=\"true\">\n\t\t\t\t\t<div class=\"e-con-inner\">\n\t\t<div class=\"elementor-element elementor-element-9b0b6f4 e-con-full e-flex e-con e-child\" data-id=\"9b0b6f4\" data-element_type=\"container\">\n\t\t\t\t<div class=\"elementor-element elementor-element-bc31b64 elementor-widget elementor-widget-heading\" data-id=\"bc31b64\" data-element_type=\"widget\" data-widget_type=\"heading.default\">\n\t\t\t\t<div class=\"elementor-widget-container\">\n\t\t\t<style>\/*! elementor - v3.20.0 - 20-03-2024 *\/\n.elementor-heading-title{padding:0;margin:0;line-height:1}.elementor-widget-heading .elementor-heading-title[class*=elementor-size-]>a{color:inherit;font-size:inherit;line-height:inherit}.elementor-widget-heading .elementor-heading-title.elementor-size-small{font-size:15px}.elementor-widget-heading .elementor-heading-title.elementor-size-medium{font-size:19px}.elementor-widget-heading .elementor-heading-title.elementor-size-large{font-size:29px}.elementor-widget-heading .elementor-heading-title.elementor-size-xl{font-size:39px}.elementor-widget-heading .elementor-heading-title.elementor-size-xxl{font-size:59px}<\/style><h2 class=\"elementor-heading-title elementor-size-default\">DE LA FERIA DE RONDA<\/h2>\t\t<\/div>\n\t\t\t\t<\/div>\n\t\t\t\t<div class=\"elementor-element elementor-element-6791907 elementor-widget elementor-widget-image\" data-id=\"6791907\" data-element_type=\"widget\" data-widget_type=\"image.default\">\n\t\t\t\t<div class=\"elementor-widget-container\">\n\t\t\t<style>\/*! elementor - v3.20.0 - 20-03-2024 *\/\n.elementor-widget-image{text-align:center}.elementor-widget-image a{display:inline-block}.elementor-widget-image a img[src$=\".svg\"]{width:48px}.elementor-widget-image img{vertical-align:middle;display:inline-block}<\/style>\t\t\t\t\t\t\t\t\t\t\t<a href=\"http:\/\/www.josemariatornay.com\/index.php\/pregon-de-la-feria-de-pedro-romero-2019\/\">\n\t\t\t\t\t\t\t<img decoding=\"async\" src=\"https:\/\/www.josemariatornay.com\/wp-content\/uploads\/2024\/03\/pregon-feria.png\" title=\"pregon feria\" alt=\"pregon feria\" loading=\"lazy\" \/>\t\t\t\t\t\t\t\t<\/a>\n\t\t\t\t\t\t\t\t\t\t\t\t\t<\/div>\n\t\t\t\t<\/div>\n\t\t\t\t<\/div>\n\t\t<div class=\"elementor-element elementor-element-a0aa907 e-con-full e-flex e-con e-child\" data-id=\"a0aa907\" data-element_type=\"container\">\n\t\t\t\t<div class=\"elementor-element elementor-element-857d7d8 elementor-widget elementor-widget-heading\" data-id=\"857d7d8\" data-element_type=\"widget\" data-widget_type=\"heading.default\">\n\t\t\t\t<div class=\"elementor-widget-container\">\n\t\t\t<h2 class=\"elementor-heading-title elementor-size-default\">DE LA SAETA EN LA PE\u00d1A<\/h2>\t\t<\/div>\n\t\t\t\t<\/div>\n\t\t\t\t<div class=\"elementor-element elementor-element-ce5272a elementor-widget elementor-widget-image\" data-id=\"ce5272a\" data-element_type=\"widget\" data-widget_type=\"image.default\">\n\t\t\t\t<div class=\"elementor-widget-container\">\n\t\t\t\t\t\t\t\t\t\t\t\t\t\t<a href=\"http:\/\/www.josemariatornay.com\/index.php\/exaltacion-de-la-saeta-pena-flamenca\/\">\n\t\t\t\t\t\t\t<img decoding=\"async\" src=\"https:\/\/www.josemariatornay.com\/wp-content\/uploads\/2016\/12\/smallsaeta.jpg\" title=\"smallsaeta\" alt=\"smallsaeta\" loading=\"lazy\" \/>\t\t\t\t\t\t\t\t<\/a>\n\t\t\t\t\t\t\t\t\t\t\t\t\t<\/div>\n\t\t\t\t<\/div>\n\t\t\t\t<\/div>\n\t\t<div class=\"elementor-element elementor-element-8ce0816 e-con-full e-flex e-con e-child\" data-id=\"8ce0816\" data-element_type=\"container\">\n\t\t\t\t<div class=\"elementor-element elementor-element-e1413bf elementor-widget elementor-widget-heading\" data-id=\"e1413bf\" data-element_type=\"widget\" data-widget_type=\"heading.default\">\n\t\t\t\t<div class=\"elementor-widget-container\">\n\t\t\t<h2 class=\"elementor-heading-title elementor-size-default\">DE LA SAETA EN ARRIATE<\/h2>\t\t<\/div>\n\t\t\t\t<\/div>\n\t\t\t\t<div class=\"elementor-element elementor-element-e812a47 elementor-widget elementor-widget-image\" data-id=\"e812a47\" data-element_type=\"widget\" data-widget_type=\"image.default\">\n\t\t\t\t<div class=\"elementor-widget-container\">\n\t\t\t\t\t\t\t\t\t\t\t\t\t\t<a href=\"http:\/\/www.josemariatornay.com\/index.php\/exaltacion-de-la-saeta-para-los-cristinos-en-arriate\/\">\n\t\t\t\t\t\t\t<img fetchpriority=\"high\" decoding=\"async\" width=\"1024\" height=\"617\" src=\"https:\/\/www.josemariatornay.com\/wp-content\/uploads\/2024\/03\/saeta-arriate-1024x617.jpg\" class=\"attachment-large size-large wp-image-22991\" alt=\"\" srcset=\"https:\/\/www.josemariatornay.com\/wp-content\/uploads\/2024\/03\/saeta-arriate-1024x617.jpg 1024w, https:\/\/www.josemariatornay.com\/wp-content\/uploads\/2024\/03\/saeta-arriate-300x181.jpg 300w, https:\/\/www.josemariatornay.com\/wp-content\/uploads\/2024\/03\/saeta-arriate-768x463.jpg 768w, https:\/\/www.josemariatornay.com\/wp-content\/uploads\/2024\/03\/saeta-arriate-1536x926.jpg 1536w, https:\/\/www.josemariatornay.com\/wp-content\/uploads\/2024\/03\/saeta-arriate-2048x1235.jpg 2048w\" sizes=\"(max-width: 1024px) 100vw, 1024px\" \/>\t\t\t\t\t\t\t\t<\/a>\n\t\t\t\t\t\t\t\t\t\t\t\t\t<\/div>\n\t\t\t\t<\/div>\n\t\t\t\t<\/div>\n\t\t<div class=\"elementor-element elementor-element-25ca281 e-con-full e-flex e-con e-child\" data-id=\"25ca281\" data-element_type=\"container\">\n\t\t\t\t<div class=\"elementor-element elementor-element-83b1f48 elementor-widget elementor-widget-heading\" data-id=\"83b1f48\" data-element_type=\"widget\" data-widget_type=\"heading.default\">\n\t\t\t\t<div class=\"elementor-widget-container\">\n\t\t\t<h2 class=\"elementor-heading-title elementor-size-default\">DEL SANTO ENTIERRO<\/h2>\t\t<\/div>\n\t\t\t\t<\/div>\n\t\t\t\t<div class=\"elementor-element elementor-element-05578a4 elementor-widget elementor-widget-image\" data-id=\"05578a4\" data-element_type=\"widget\" data-widget_type=\"image.default\">\n\t\t\t\t<div class=\"elementor-widget-container\">\n\t\t\t\t\t\t\t\t\t\t\t\t\t\t<a href=\"http:\/\/www.josemariatornay.com\/index.php\/pregon-del-santo-entierro-2015-2\/\">\n\t\t\t\t\t\t\t<img decoding=\"async\" width=\"1024\" height=\"576\" src=\"https:\/\/www.josemariatornay.com\/wp-content\/uploads\/2024\/03\/Santo-Entierro-1024x576.jpg\" class=\"attachment-large size-large wp-image-22986\" alt=\"\" srcset=\"https:\/\/www.josemariatornay.com\/wp-content\/uploads\/2024\/03\/Santo-Entierro-1024x576.jpg 1024w, https:\/\/www.josemariatornay.com\/wp-content\/uploads\/2024\/03\/Santo-Entierro-300x169.jpg 300w, https:\/\/www.josemariatornay.com\/wp-content\/uploads\/2024\/03\/Santo-Entierro-768x432.jpg 768w, https:\/\/www.josemariatornay.com\/wp-content\/uploads\/2024\/03\/Santo-Entierro.jpg 1280w\" sizes=\"(max-width: 1024px) 100vw, 1024px\" \/>\t\t\t\t\t\t\t\t<\/a>\n\t\t\t\t\t\t\t\t\t\t\t\t\t<\/div>\n\t\t\t\t<\/div>\n\t\t\t\t<\/div>\n\t\t\t\t\t<\/div>\n\t\t\t\t<\/div>\n\t\t<div class=\"elementor-element elementor-element-f78cee0 e-flex e-con-boxed e-con e-parent\" data-id=\"f78cee0\" data-element_type=\"container\" data-core-v316-plus=\"true\">\n\t\t\t\t\t<div class=\"e-con-inner\">\n\t\t<div class=\"elementor-element elementor-element-0af13b2 e-con-full e-flex e-con e-child\" data-id=\"0af13b2\" data-element_type=\"container\">\n\t\t\t\t<div class=\"elementor-element elementor-element-f3e6b48 elementor-widget elementor-widget-heading\" data-id=\"f3e6b48\" data-element_type=\"widget\" data-widget_type=\"heading.default\">\n\t\t\t\t<div class=\"elementor-widget-container\">\n\t\t\t<h2 class=\"elementor-heading-title elementor-size-default\">DE RONDA ROM\u00c1NTICA<\/h2>\t\t<\/div>\n\t\t\t\t<\/div>\n\t\t\t\t<div class=\"elementor-element elementor-element-18ff59d elementor-widget elementor-widget-image\" data-id=\"18ff59d\" data-element_type=\"widget\" data-widget_type=\"image.default\">\n\t\t\t\t<div class=\"elementor-widget-container\">\n\t\t\t\t\t\t\t\t\t\t\t\t\t\t<a href=\"http:\/\/www.josemariatornay.com\/index.php\/pregon-ronda-romantica\/\">\n\t\t\t\t\t\t\t<img decoding=\"async\" src=\"https:\/\/www.josemariatornay.com\/wp-content\/uploads\/2020\/04\/pregon-ronda-romantica.jpg\" title=\"pregon ronda romantica\" alt=\"pregon ronda romantica\" loading=\"lazy\" \/>\t\t\t\t\t\t\t\t<\/a>\n\t\t\t\t\t\t\t\t\t\t\t\t\t<\/div>\n\t\t\t\t<\/div>\n\t\t\t\t<\/div>\n\t\t<div class=\"elementor-element elementor-element-67e0a73 e-con-full e-flex e-con e-child\" data-id=\"67e0a73\" data-element_type=\"container\">\n\t\t\t\t<div class=\"elementor-element elementor-element-61982af elementor-widget elementor-widget-heading\" data-id=\"61982af\" data-element_type=\"widget\" data-widget_type=\"heading.default\">\n\t\t\t\t<div class=\"elementor-widget-container\">\n\t\t\t<h2 class=\"elementor-heading-title elementor-size-default\">EXATACI\u00d3N DE RONDA<\/h2>\t\t<\/div>\n\t\t\t\t<\/div>\n\t\t\t\t<div class=\"elementor-element elementor-element-de42844 elementor-widget elementor-widget-video\" data-id=\"de42844\" data-element_type=\"widget\" data-settings=\"{&quot;youtube_url&quot;:&quot;https:\\\/\\\/www.youtube.com\\\/watch?v=SgT3DQNme78&quot;,&quot;video_type&quot;:&quot;youtube&quot;,&quot;controls&quot;:&quot;yes&quot;}\" data-widget_type=\"video.default\">\n\t\t\t\t<div class=\"elementor-widget-container\">\n\t\t\t<style>\/*! elementor - v3.20.0 - 20-03-2024 *\/\n.elementor-widget-video .elementor-widget-container{overflow:hidden;transform:translateZ(0)}.elementor-widget-video .elementor-wrapper{aspect-ratio:var(--video-aspect-ratio)}.elementor-widget-video .elementor-wrapper iframe,.elementor-widget-video .elementor-wrapper video{height:100%;width:100%;display:flex;border:none;background-color:#000}@supports not (aspect-ratio:1\/1){.elementor-widget-video .elementor-wrapper{position:relative;overflow:hidden;height:0;padding-bottom:calc(100% \/ var(--video-aspect-ratio))}.elementor-widget-video .elementor-wrapper iframe,.elementor-widget-video .elementor-wrapper video{position:absolute;top:0;right:0;bottom:0;left:0}}.elementor-widget-video .elementor-open-inline .elementor-custom-embed-image-overlay{position:absolute;top:0;right:0;bottom:0;left:0;background-size:cover;background-position:50%}.elementor-widget-video .elementor-custom-embed-image-overlay{cursor:pointer;text-align:center}.elementor-widget-video .elementor-custom-embed-image-overlay:hover .elementor-custom-embed-play i{opacity:1}.elementor-widget-video .elementor-custom-embed-image-overlay img{display:block;width:100%;aspect-ratio:var(--video-aspect-ratio);-o-object-fit:cover;object-fit:cover;-o-object-position:center center;object-position:center center}@supports not (aspect-ratio:1\/1){.elementor-widget-video .elementor-custom-embed-image-overlay{position:relative;overflow:hidden;height:0;padding-bottom:calc(100% \/ var(--video-aspect-ratio))}.elementor-widget-video .elementor-custom-embed-image-overlay img{position:absolute;top:0;right:0;bottom:0;left:0}}.elementor-widget-video .e-hosted-video .elementor-video{-o-object-fit:cover;object-fit:cover}.e-con-inner>.elementor-widget-video,.e-con>.elementor-widget-video{width:var(--container-widget-width);--flex-grow:var(--container-widget-flex-grow)}<\/style>\t\t<div class=\"elementor-wrapper elementor-open-inline\">\n\t\t\t<div class=\"elementor-video\"><\/div>\t\t<\/div>\n\t\t\t\t<\/div>\n\t\t\t\t<\/div>\n\t\t\t\t<\/div>\n\t\t<div class=\"elementor-element elementor-element-3e5e6ca e-con-full e-flex e-con e-child\" data-id=\"3e5e6ca\" data-element_type=\"container\">\n\t\t\t\t<div class=\"elementor-element elementor-element-8dfe912 elementor-widget elementor-widget-heading\" data-id=\"8dfe912\" data-element_type=\"widget\" data-widget_type=\"heading.default\">\n\t\t\t\t<div class=\"elementor-widget-container\">\n\t\t\t<h2 class=\"elementor-heading-title elementor-size-default\">DEL CARNAVAL DE RONDA<\/h2>\t\t<\/div>\n\t\t\t\t<\/div>\n\t\t\t\t<div class=\"elementor-element elementor-element-58a68b2 elementor-widget elementor-widget-video\" data-id=\"58a68b2\" data-element_type=\"widget\" data-settings=\"{&quot;youtube_url&quot;:&quot;https:\\\/\\\/www.youtube.com\\\/watch?v=0l0SUjxakxE&amp;t=3636s&quot;,&quot;video_type&quot;:&quot;youtube&quot;,&quot;controls&quot;:&quot;yes&quot;}\" data-widget_type=\"video.default\">\n\t\t\t\t<div class=\"elementor-widget-container\">\n\t\t\t\t\t<div class=\"elementor-wrapper elementor-open-inline\">\n\t\t\t<div class=\"elementor-video\"><\/div>\t\t<\/div>\n\t\t\t\t<\/div>\n\t\t\t\t<\/div>\n\t\t\t\t<\/div>\n\t\t<div class=\"elementor-element elementor-element-1af3b08 e-con-full e-flex e-con e-child\" data-id=\"1af3b08\" data-element_type=\"container\">\n\t\t\t\t<div class=\"elementor-element elementor-element-f3db811 elementor-widget elementor-widget-heading\" data-id=\"f3db811\" data-element_type=\"widget\" data-widget_type=\"heading.default\">\n\t\t\t\t<div class=\"elementor-widget-container\">\n\t\t\t<h2 class=\"elementor-heading-title elementor-size-default\">DE LA V.  DE LA CABEZA<\/h2>\t\t<\/div>\n\t\t\t\t<\/div>\n\t\t\t\t<div class=\"elementor-element elementor-element-29699a5 elementor-widget elementor-widget-image\" data-id=\"29699a5\" data-element_type=\"widget\" data-widget_type=\"image.default\">\n\t\t\t\t<div class=\"elementor-widget-container\">\n\t\t\t\t\t\t\t\t\t\t\t\t\t<img decoding=\"async\" src=\"https:\/\/www.josemariatornay.com\/wp-content\/uploads\/2024\/03\/virge-de-la-cabeza.jpg\" title=\"virge de la cabeza\" alt=\"virge de la cabeza\" loading=\"lazy\" \/>\t\t\t\t\t\t\t\t\t\t\t\t\t<\/div>\n\t\t\t\t<\/div>\n\t\t\t\t<\/div>\n\t\t\t\t\t<\/div>\n\t\t\t\t<\/div>\n\t\t<div class=\"elementor-element elementor-element-772041a e-flex e-con-boxed e-con e-parent\" data-id=\"772041a\" data-element_type=\"container\" data-core-v316-plus=\"true\">\n\t\t\t\t\t<div class=\"e-con-inner\">\n\t\t\t\t<div class=\"elementor-element elementor-element-863449d elementor-widget elementor-widget-text-editor\" data-id=\"863449d\" data-element_type=\"widget\" data-widget_type=\"text-editor.default\">\n\t\t\t\t<div class=\"elementor-widget-container\">\n\t\t\t<style>\/*! elementor - v3.20.0 - 20-03-2024 *\/\n.elementor-widget-text-editor.elementor-drop-cap-view-stacked .elementor-drop-cap{background-color:#69727d;color:#fff}.elementor-widget-text-editor.elementor-drop-cap-view-framed .elementor-drop-cap{color:#69727d;border:3px solid;background-color:transparent}.elementor-widget-text-editor:not(.elementor-drop-cap-view-default) .elementor-drop-cap{margin-top:8px}.elementor-widget-text-editor:not(.elementor-drop-cap-view-default) .elementor-drop-cap-letter{width:1em;height:1em}.elementor-widget-text-editor .elementor-drop-cap{float:left;text-align:center;line-height:1;font-size:50px}.elementor-widget-text-editor .elementor-drop-cap-letter{display:inline-block}<\/style>\t\t\t\t<p>Ya no hay nada m\u00e1s que pregonar. A no ser el placer de vivir, de compartir, de ayudar, de colaborar, de sentirse vivo. Eso es lo que suelo pregonar y lo que pregonar\u00e9 siempre. Del resto de pregones, creo que ya est\u00e1n pregonados todos. Espero que no haya quedado ninguno por hacer. Si no fuera as\u00ed me apresurar\u00eda r\u00e1pidamente a hacerlo.<\/p>\t\t\t\t\t\t<\/div>\n\t\t\t\t<\/div>\n\t\t\t\t\t<\/div>\n\t\t\t\t<\/div>\n\t\t\t\t<\/div>\n\t\t","protected":false},"excerpt":{"rendered":"<p>DE LA FERIA DE RONDA DE LA SAETA EN LA PE\u00d1A DE LA SAETA EN ARRIATE DEL SANTO ENTIERRO DE RONDA ROM\u00c1NTICA EXATACI\u00d3N DE RONDA DEL CARNAVAL DE RONDA DE LA V. DE LA CABEZA Ya no hay nada m\u00e1s que pregonar. A no ser el placer de vivir, de compartir, de ayudar, de colaborar, [&hellip;]<\/p>\n","protected":false},"author":1,"featured_media":0,"parent":0,"menu_order":0,"comment_status":"closed","ping_status":"closed","template":"","meta":{"_aioseop_title":"","_aioseop_description":"","ngg_post_thumbnail":0,"footnotes":""},"_links":{"self":[{"href":"https:\/\/www.josemariatornay.com\/index.php\/wp-json\/wp\/v2\/pages\/8995"}],"collection":[{"href":"https:\/\/www.josemariatornay.com\/index.php\/wp-json\/wp\/v2\/pages"}],"about":[{"href":"https:\/\/www.josemariatornay.com\/index.php\/wp-json\/wp\/v2\/types\/page"}],"author":[{"embeddable":true,"href":"https:\/\/www.josemariatornay.com\/index.php\/wp-json\/wp\/v2\/users\/1"}],"replies":[{"embeddable":true,"href":"https:\/\/www.josemariatornay.com\/index.php\/wp-json\/wp\/v2\/comments?post=8995"}],"version-history":[{"count":27,"href":"https:\/\/www.josemariatornay.com\/index.php\/wp-json\/wp\/v2\/pages\/8995\/revisions"}],"predecessor-version":[{"id":23008,"href":"https:\/\/www.josemariatornay.com\/index.php\/wp-json\/wp\/v2\/pages\/8995\/revisions\/23008"}],"wp:attachment":[{"href":"https:\/\/www.josemariatornay.com\/index.php\/wp-json\/wp\/v2\/media?parent=8995"}],"curies":[{"name":"wp","href":"https:\/\/api.w.org\/{rel}","templated":true}]}}